{"id":46843,"date":"2024-08-21T10:22:13","date_gmt":"2024-08-21T03:22:13","guid":{"rendered":"https:\/\/www.ifi-id.com\/form-ma-these-en-180-secondes-2024\/"},"modified":"2024-10-02T11:09:15","modified_gmt":"2024-10-02T04:09:15","slug":"form-ma-these-en-180-secondes-2024","status":"publish","type":"page","link":"https:\/\/www.ifi-id.com\/fr\/form-ma-these-en-180-secondes-2024\/","title":{"rendered":"Form Ma Th\u00e8se en 180 secondes 2024"},"content":{"rendered":"\t\t<div data-elementor-type=\"wp-page\" data-elementor-id=\"46843\" class=\"elementor elementor-46843 elementor-45749\" data-elementor-post-type=\"page\">\n\t\t\t\t\t\t<section class=\"elementor-section elementor-top-section elementor-element elementor-element-12518ac9 elementor-section-boxed elementor-section-height-default elementor-section-height-default\" data-id=\"12518ac9\" data-element_type=\"section\">\n\t\t\t\t\t\t<div class=\"elementor-container elementor-column-gap-default\">\n\t\t\t\t\t<div class=\"elementor-column elementor-col-100 elementor-top-column elementor-element elementor-element-88df649\" data-id=\"88df649\" data-element_type=\"column\">\n\t\t\t<div class=\"elementor-widget-wrap elementor-element-populated\">\n\t\t\t\t\t\t<div class=\"elementor-element elementor-element-5ef2d9dc elementor-widget elementor-widget-heading\" data-id=\"5ef2d9dc\" data-element_type=\"widget\" data-widget_type=\"heading.default\">\n\t\t\t\t<div class=\"elementor-widget-container\">\n\t\t\t<h2 class=\"elementor-heading-title elementor-size-default\">Ma Th\u00e8se en 180 secondes \u2013 Indonesia 2024 Fiche de Candidature<\/h2>\t\t<\/div>\n\t\t\t\t<\/div>\n\t\t\t\t\t<\/div>\n\t\t<\/div>\n\t\t\t\t\t<\/div>\n\t\t<\/section>\n\t\t\t\t<section class=\"elementor-section elementor-top-section elementor-element elementor-element-7883b715 elementor-section-boxed elementor-section-height-default elementor-section-height-default\" data-id=\"7883b715\" data-element_type=\"section\">\n\t\t\t\t\t\t<div class=\"elementor-container elementor-column-gap-default\">\n\t\t\t\t\t<div class=\"elementor-column elementor-col-100 elementor-top-column elementor-element elementor-element-4ee22797\" data-id=\"4ee22797\" data-element_type=\"column\">\n\t\t\t<div class=\"elementor-widget-wrap elementor-element-populated\">\n\t\t\t\t\t\t<div class=\"elementor-element elementor-element-508af672 elementor-button-align-stretch elementor-widget elementor-widget-form\" data-id=\"508af672\" data-element_type=\"widget\" data-settings=\"{&quot;step_next_label&quot;:&quot;Prochaine&quot;,&quot;step_previous_label&quot;:&quot;Retour&quot;,&quot;button_width&quot;:&quot;100&quot;,&quot;step_type&quot;:&quot;number_text&quot;,&quot;step_icon_shape&quot;:&quot;circle&quot;}\" data-widget_type=\"form.default\">\n\t\t\t\t<div class=\"elementor-widget-container\">\n\t\t\t\t\t<form class=\"elementor-form\" method=\"post\" name=\"Fiche de candidature MT180 2024\">\n\t\t\t<input type=\"hidden\" name=\"post_id\" value=\"46843\"\/>\n\t\t\t<input type=\"hidden\" name=\"form_id\" value=\"508af672\"\/>\n\t\t\t<input type=\"hidden\" name=\"referer_title\" value=\"Institut fran\u00e7ais Indon\u00e9sie\" \/>\n\n\t\t\t\n\t\t\t<div class=\"elementor-form-fields-wrapper elementor-labels-above\">\n\t\t\t\t\t\t\t\t<div class=\"elementor-field-type-html elementor-field-group elementor-column elementor-field-group-field_ce5bff6 elementor-col-100\">\n\t\t\t\t\tA.\tCANDIDAT\t\t\t\t<\/div>\n\t\t\t\t\t\t\t\t<div class=\"elementor-field-type-text elementor-field-group elementor-column elementor-field-group-field_b732765 elementor-col-100 elementor-field-required elementor-mark-required\">\n\t\t\t\t\t\t\t\t\t\t\t\t<label for=\"form-field-field_b732765\" class=\"elementor-field-label\">\n\t\t\t\t\t\t\t\t<b>Nom complet<\/b> \t\t\t\t\t\t\t<\/label>\n\t\t\t\t\t\t\t\t\t\t\t\t\t\t<input size=\"1\" type=\"text\" name=\"form_fields[field_b732765]\" id=\"form-field-field_b732765\" class=\"elementor-field elementor-size-sm  elementor-field-textual\" placeholder=\"Jawaban pendek\" required=\"required\" aria-required=\"true\">\n\t\t\t\t\t\t\t\t\t\t\t<\/div>\n\t\t\t\t\t\t\t\t<div class=\"elementor-field-type-text elementor-field-group elementor-column elementor-field-group-field_16824b7 elementor-col-100 elementor-field-required elementor-mark-required\">\n\t\t\t\t\t\t\t\t\t\t\t\t<label for=\"form-field-field_16824b7\" class=\"elementor-field-label\">\n\t\t\t\t\t\t\t\t<b>Nationalit\u00e9<\/b>\t\t\t\t\t\t\t<\/label>\n\t\t\t\t\t\t\t\t\t\t\t\t\t\t<input size=\"1\" type=\"text\" name=\"form_fields[field_16824b7]\" id=\"form-field-field_16824b7\" class=\"elementor-field elementor-size-sm  elementor-field-textual\" placeholder=\"Jawaban pendek\" required=\"required\" aria-required=\"true\">\n\t\t\t\t\t\t\t\t\t\t\t<\/div>\n\t\t\t\t\t\t\t\t<div class=\"elementor-field-type-email elementor-field-group elementor-column elementor-field-group-email elementor-col-100 elementor-field-required elementor-mark-required\">\n\t\t\t\t\t\t\t\t\t\t\t\t<label for=\"form-field-email\" class=\"elementor-field-label\">\n\t\t\t\t\t\t\t\t<b>Courriel<\/b>\t\t\t\t\t\t\t<\/label>\n\t\t\t\t\t\t\t\t\t\t\t\t\t\t<input size=\"1\" type=\"email\" name=\"form_fields[email]\" id=\"form-field-email\" class=\"elementor-field elementor-size-sm  elementor-field-textual\" placeholder=\"Jawaban pendek\" required=\"required\" aria-required=\"true\">\n\t\t\t\t\t\t\t\t\t\t\t<\/div>\n\t\t\t\t\t\t\t\t<div class=\"elementor-field-type-tel elementor-field-group elementor-column elementor-field-group-field_88298ee elementor-col-100 elementor-field-required elementor-mark-required\">\n\t\t\t\t\t\t\t\t\t\t\t\t<label for=\"form-field-field_88298ee\" class=\"elementor-field-label\">\n\t\t\t\t\t\t\t\t<b>T\u00e9l\u00e9phone<\/b>\t\t\t\t\t\t\t<\/label>\n\t\t\t\t\t\t\t\t<input size=\"1\" type=\"tel\" name=\"form_fields[field_88298ee]\" id=\"form-field-field_88298ee\" class=\"elementor-field elementor-size-sm  elementor-field-textual\" placeholder=\"Jawaban pendek\" required=\"required\" aria-required=\"true\" pattern=\"[0-9()#&amp;+*-=.]+\" title=\"Seuls les caract\u00e8res de num\u00e9ros de t\u00e9l\u00e9phone (#, -, *, etc.) sont accept\u00e9s.\">\n\n\t\t\t\t\t\t<\/div>\n\t\t\t\t\t\t\t\t<div class=\"elementor-field-type-number elementor-field-group elementor-column elementor-field-group-field_13a08c8 elementor-col-100 elementor-field-required elementor-mark-required\">\n\t\t\t\t\t\t\t\t\t\t\t\t<label for=\"form-field-field_13a08c8\" class=\"elementor-field-label\">\n\t\t\t\t\t\t\t\t<b>Adresse Postale <\/b>\t\t\t\t\t\t\t<\/label>\n\t\t\t\t\t\t\t\t\t<input type=\"number\" name=\"form_fields[field_13a08c8]\" id=\"form-field-field_13a08c8\" class=\"elementor-field elementor-size-sm  elementor-field-textual\" placeholder=\"Jawaban pendek\" required=\"required\" aria-required=\"true\" min=\"\" max=\"\" >\n\t\t\t\t\t\t<\/div>\n\t\t\t\t\t\t\t\t<div class=\"elementor-field-type-date elementor-field-group elementor-column elementor-field-group-field_b3e5950 elementor-col-100 elementor-field-required elementor-mark-required\">\n\t\t\t\t\t\t\t\t\t\t\t\t<label for=\"form-field-field_b3e5950\" class=\"elementor-field-label\">\n\t\t\t\t\t\t\t\t<b>Date de d\u00e9but de th\u00e8se<\/b>\t\t\t\t\t\t\t<\/label>\n\t\t\t\t\t\t\n\t\t<input type=\"date\" name=\"form_fields[field_b3e5950]\" id=\"form-field-field_b3e5950\" class=\"elementor-field elementor-size-sm  elementor-field-textual elementor-date-field\" placeholder=\"Jawaban pendek\" required=\"required\" aria-required=\"true\" pattern=\"[0-9]{4}-[0-9]{2}-[0-9]{2}\">\n\t\t\t\t\t\t<\/div>\n\t\t\t\t\t\t\t\t<div class=\"elementor-field-type-date elementor-field-group elementor-column elementor-field-group-field_b5ccef1 elementor-col-100\">\n\t\t\t\t\t\t\t\t\t\t\t\t<label for=\"form-field-field_b5ccef1\" class=\"elementor-field-label\">\n\t\t\t\t\t\t\t\t<b>Date d\u2019obtention de th\u00e8se (si pertinent)<\/b>\t\t\t\t\t\t\t<\/label>\n\t\t\t\t\t\t\n\t\t<input type=\"date\" name=\"form_fields[field_b5ccef1]\" id=\"form-field-field_b5ccef1\" class=\"elementor-field elementor-size-sm  elementor-field-textual elementor-date-field\" placeholder=\"Jawaban pendek\" pattern=\"[0-9]{4}-[0-9]{2}-[0-9]{2}\">\n\t\t\t\t\t\t<\/div>\n\t\t\t\t\t\t\t\t<div class=\"elementor-field-type-html elementor-field-group elementor-column elementor-field-group-field_7d18165 elementor-col-100\">\n\t\t\t\t\t<br>\t\t\t\t<\/div>\n\t\t\t\t\t\t\t\t<div class=\"elementor-field-type-html elementor-field-group elementor-column elementor-field-group-field_4626bfc elementor-col-100\">\n\t\t\t\t\t<b>B. TITRE DE TH\u00c8SE<\/b>\t\t\t\t<\/div>\n\t\t\t\t\t\t\t\t<div class=\"elementor-field-type-textarea elementor-field-group elementor-column elementor-field-group-field_5b82e06 elementor-col-100 elementor-field-required elementor-mark-required\">\n\t\t\t\t\t\t\t\t\t\t\t\t<label for=\"form-field-field_5b82e06\" class=\"elementor-field-label\">\n\t\t\t\t\t\t\t\tTitre en fran\u00e7ais\t\t\t\t\t\t\t<\/label>\n\t\t\t\t\t\t<textarea class=\"elementor-field-textual elementor-field  elementor-size-sm\" name=\"form_fields[field_5b82e06]\" id=\"form-field-field_5b82e06\" rows=\"2\" placeholder=\"Jawaban pendek\" required=\"required\" aria-required=\"true\"><\/textarea>\t\t\t\t<\/div>\n\t\t\t\t\t\t\t\t<div class=\"elementor-field-type-textarea elementor-field-group elementor-column elementor-field-group-field_a7e1113 elementor-col-100 elementor-field-required elementor-mark-required\">\n\t\t\t\t\t\t\t\t\t\t\t\t<label for=\"form-field-field_a7e1113\" class=\"elementor-field-label\">\n\t\t\t\t\t\t\t\tTitre en indon\u00e9sien\t\t\t\t\t\t\t<\/label>\n\t\t\t\t\t\t<textarea class=\"elementor-field-textual elementor-field  elementor-size-sm\" name=\"form_fields[field_a7e1113]\" id=\"form-field-field_a7e1113\" rows=\"2\" placeholder=\"Jawaban pendek\" required=\"required\" aria-required=\"true\"><\/textarea>\t\t\t\t<\/div>\n\t\t\t\t\t\t\t\t<div class=\"elementor-field-type-text elementor-field-group elementor-column elementor-field-group-field_df8c94a elementor-col-100 elementor-field-required elementor-mark-required\">\n\t\t\t\t\t\t\t\t\t\t\t\t<label for=\"form-field-field_df8c94a\" class=\"elementor-field-label\">\n\t\t\t\t\t\t\t\t<b>Laboratoire, Universit\u00e9<\/b>\t\t\t\t\t\t\t<\/label>\n\t\t\t\t\t\t\t\t\t\t\t\t\t\t<input size=\"1\" type=\"text\" name=\"form_fields[field_df8c94a]\" id=\"form-field-field_df8c94a\" class=\"elementor-field elementor-size-sm  elementor-field-textual\" placeholder=\"Jawaban pendek\" required=\"required\" aria-required=\"true\">\n\t\t\t\t\t\t\t\t\t\t\t<\/div>\n\t\t\t\t\t\t\t\t<div class=\"elementor-field-type-text elementor-field-group elementor-column elementor-field-group-field_01c8589 elementor-col-100 elementor-field-required elementor-mark-required\">\n\t\t\t\t\t\t\t\t\t\t\t\t<label for=\"form-field-field_01c8589\" class=\"elementor-field-label\">\n\t\t\t\t\t\t\t\t<b>Ville de r\u00e9sidence (Indon\u00e9sie)<\/b>\t\t\t\t\t\t\t<\/label>\n\t\t\t\t\t\t\t\t\t\t\t\t\t\t<input size=\"1\" type=\"text\" name=\"form_fields[field_01c8589]\" id=\"form-field-field_01c8589\" class=\"elementor-field elementor-size-sm  elementor-field-textual\" placeholder=\"Jawaban pendek\" required=\"required\" aria-required=\"true\">\n\t\t\t\t\t\t\t\t\t\t\t<\/div>\n\t\t\t\t\t\t\t\t<div class=\"elementor-field-type-text elementor-field-group elementor-column elementor-field-group-field_cf1745d elementor-col-100\">\n\t\t\t\t\t\t\t\t\t\t\t\t<label for=\"form-field-field_cf1745d\" class=\"elementor-field-label\">\n\t\t\t\t\t\t\t\t<b>Ville de r\u00e9sidence (France\/si pertinent)<\/b>\t\t\t\t\t\t\t<\/label>\n\t\t\t\t\t\t\t\t\t\t\t\t\t\t<input size=\"1\" type=\"text\" name=\"form_fields[field_cf1745d]\" id=\"form-field-field_cf1745d\" class=\"elementor-field elementor-size-sm  elementor-field-textual\" placeholder=\"Jawaban pendek\">\n\t\t\t\t\t\t\t\t\t\t\t<\/div>\n\t\t\t\t\t\t\t\t<div class=\"elementor-field-type-textarea elementor-field-group elementor-column elementor-field-group-field_e46c6c0 elementor-col-100 elementor-field-required elementor-mark-required\">\n\t\t\t\t\t\t\t\t\t\t\t\t<label for=\"form-field-field_e46c6c0\" class=\"elementor-field-label\">\n\t\t\t\t\t\t\t\t<b>R\u00e9sum\u00e9 de la th\u00e8se en fran\u00e7ais ou en anglais<\/b>\t\t\t\t\t\t\t<\/label>\n\t\t\t\t\t\t<textarea class=\"elementor-field-textual elementor-field  elementor-size-sm\" name=\"form_fields[field_e46c6c0]\" id=\"form-field-field_e46c6c0\" rows=\"10\" required=\"required\" aria-required=\"true\"><\/textarea>\t\t\t\t<\/div>\n\t\t\t\t\t\t\t\t<div class=\"elementor-field-type-html elementor-field-group elementor-column elementor-field-group-field_e2d0a8c elementor-col-100\">\n\t\t\t\t\t<br>\t\t\t\t<\/div>\n\t\t\t\t\t\t\t\t<div class=\"elementor-field-type-html elementor-field-group elementor-column elementor-field-group-field_edbc92d elementor-col-100\">\n\t\t\t\t\t<b>C.\tDIRECTEUR DE THESE<\/b>\t\t\t\t<\/div>\n\t\t\t\t\t\t\t\t<div class=\"elementor-field-type-text elementor-field-group elementor-column elementor-field-group-field_ff37c16 elementor-col-100 elementor-field-required elementor-mark-required\">\n\t\t\t\t\t\t\t\t\t\t\t\t<label for=\"form-field-field_ff37c16\" class=\"elementor-field-label\">\n\t\t\t\t\t\t\t\tNOM, Pr\u00e9nom de directeur de th\u00e8se\t\t\t\t\t\t\t<\/label>\n\t\t\t\t\t\t\t\t\t\t\t\t\t\t<input size=\"1\" type=\"text\" name=\"form_fields[field_ff37c16]\" id=\"form-field-field_ff37c16\" class=\"elementor-field elementor-size-sm  elementor-field-textual\" placeholder=\"Jawaban Pendek\" required=\"required\" aria-required=\"true\">\n\t\t\t\t\t\t\t\t\t\t\t<\/div>\n\t\t\t\t\t\t\t\t<div class=\"elementor-field-type-text elementor-field-group elementor-column elementor-field-group-field_66c1851 elementor-col-100 elementor-field-required elementor-mark-required\">\n\t\t\t\t\t\t\t\t\t\t\t\t<label for=\"form-field-field_66c1851\" class=\"elementor-field-label\">\n\t\t\t\t\t\t\t\tTitre(s) et Fonction(s) \t\t\t\t\t\t\t<\/label>\n\t\t\t\t\t\t\t\t\t\t\t\t\t\t<input size=\"1\" type=\"text\" name=\"form_fields[field_66c1851]\" id=\"form-field-field_66c1851\" class=\"elementor-field elementor-size-sm  elementor-field-textual\" required=\"required\" aria-required=\"true\">\n\t\t\t\t\t\t\t\t\t\t\t<\/div>\n\t\t\t\t\t\t\t\t<div class=\"elementor-field-type-text elementor-field-group elementor-column elementor-field-group-field_f1655b6 elementor-col-100 elementor-field-required elementor-mark-required\">\n\t\t\t\t\t\t\t\t\t\t\t\t<label for=\"form-field-field_f1655b6\" class=\"elementor-field-label\">\n\t\t\t\t\t\t\t\tInstitution\t\t\t\t\t\t\t<\/label>\n\t\t\t\t\t\t\t\t\t\t\t\t\t\t<input size=\"1\" type=\"text\" name=\"form_fields[field_f1655b6]\" id=\"form-field-field_f1655b6\" class=\"elementor-field elementor-size-sm  elementor-field-textual\" placeholder=\"Jawaban Pendek\" required=\"required\" aria-required=\"true\">\n\t\t\t\t\t\t\t\t\t\t\t<\/div>\n\t\t\t\t\t\t\t\t<div class=\"elementor-field-type-email elementor-field-group elementor-column elementor-field-group-field_c2051e2 elementor-col-100 elementor-field-required elementor-mark-required\">\n\t\t\t\t\t\t\t\t\t\t\t\t<label for=\"form-field-field_c2051e2\" class=\"elementor-field-label\">\n\t\t\t\t\t\t\t\tCourriel\t\t\t\t\t\t\t<\/label>\n\t\t\t\t\t\t\t\t\t\t\t\t\t\t<input size=\"1\" type=\"email\" name=\"form_fields[field_c2051e2]\" id=\"form-field-field_c2051e2\" class=\"elementor-field elementor-size-sm  elementor-field-textual\" placeholder=\"Jawaban Pendek\" required=\"required\" aria-required=\"true\">\n\t\t\t\t\t\t\t\t\t\t\t<\/div>\n\t\t\t\t\t\t\t\t<div class=\"elementor-field-type-html elementor-field-group elementor-column elementor-field-group-field_e0e682f elementor-col-100\">\n\t\t\t\t\t<br>\t\t\t\t<\/div>\n\t\t\t\t\t\t\t\t<div class=\"elementor-field-type-html elementor-field-group elementor-column elementor-field-group-field_3d4f0d0 elementor-col-100\">\n\t\t\t\t\t<b>D. PARTICIPATION<\/b>\t\t\t\t<\/div>\n\t\t\t\t\t\t\t\t<div class=\"elementor-field-type-radio elementor-field-group elementor-column elementor-field-group-field_779c7d0 elementor-col-100\">\n\t\t\t\t\t\t\t\t\t\t\t\t<label for=\"form-field-field_779c7d0\" class=\"elementor-field-label\">\n\t\t\t\t\t\t\t\tLe jour de la finale (vendredi, 27 septembre 2024), serez-vous disponible ?\t\t\t\t\t\t\t<\/label>\n\t\t\t\t\t\t<div class=\"elementor-field-subgroup  \"><span class=\"elementor-field-option\"><input type=\"radio\" value=\"Oui, en pr\u00e9sentiel\" id=\"form-field-field_779c7d0-0\" name=\"form_fields[field_779c7d0]\"> <label for=\"form-field-field_779c7d0-0\">Oui, en pr\u00e9sentiel<\/label><\/span><span class=\"elementor-field-option\"><input type=\"radio\" value=\"Oui, en hybride\" id=\"form-field-field_779c7d0-1\" name=\"form_fields[field_779c7d0]\"> <label for=\"form-field-field_779c7d0-1\">Oui, en hybride<\/label><\/span><\/div>\t\t\t\t<\/div>\n\t\t\t\t\t\t\t\t<div class=\"elementor-field-type-html elementor-field-group elementor-column elementor-field-group-field_c592993 elementor-col-100\">\n\t\t\t\t\t<br>\t\t\t\t<\/div>\n\t\t\t\t\t\t\t\t<div class=\"elementor-field-type-html elementor-field-group elementor-column elementor-field-group-field_dfe38db elementor-col-100\">\n\t\t\t\t\t<b>Lorsque votre formulaire est complet, cliquez ici :<\/b> \t\t\t\t<\/div>\n\t\t\t\t\t\t\t\t<div class=\"elementor-field-group elementor-column elementor-field-type-submit elementor-col-100 e-form__buttons\">\n\t\t\t\t\t<button class=\"elementor-button elementor-size-sm\" type=\"submit\">\n\t\t\t\t\t\t<span class=\"elementor-button-content-wrapper\">\n\t\t\t\t\t\t\t\t\t\t\t\t\t\t\t\t\t\t\t\t\t\t<span class=\"elementor-button-text\"><b>Soumettre<\/b><\/span>\n\t\t\t\t\t\t\t\t\t\t\t\t\t<\/span>\n\t\t\t\t\t<\/button>\n\t\t\t\t<\/div>\n\t\t\t<\/div>\n\t\t<\/form>\n\t\t\t\t<\/div>\n\t\t\t\t<\/div>\n\t\t\t\t\t<\/div>\n\t\t<\/div>\n\t\t\t\t\t<\/div>\n\t\t<\/section>\n\t\t\t\t<\/div>\n\t\t","protected":false},"excerpt":{"rendered":"<p>Ma Th\u00e8se en 180 secondes \u2013 Indonesia 2024 Fiche de Candidature<\/p>\n","protected":false},"author":17,"featured_media":0,"parent":0,"menu_order":0,"comment_status":"closed","ping_status":"closed","template":"elementor_header_footer","meta":{"footnotes":""},"class_list":["post-46843","page","type-page","status-publish","hentry"],"yoast_head":"<!-- This site is optimized with the Yoast SEO plugin v23.5 - https:\/\/yoast.com\/wordpress\/plugins\/seo\/ -->\n<title>Form Ma Th\u00e8se en 180 secondes 2024 - Institut fran\u00e7ais Indon\u00e9sie<\/title>\n<meta name=\"robots\" content=\"index, follow, max-snippet:-1, max-image-preview:large, max-video-preview:-1\" \/>\n<link rel=\"canonical\" href=\"https:\/\/www.ifi-id.com\/form-ma-these-en-180-secondes-2024\/\" \/>\n<meta property=\"og:locale\" content=\"fr_FR\" \/>\n<meta property=\"og:type\" content=\"article\" \/>\n<meta property=\"og:title\" content=\"Form Ma Th\u00e8se en 180 secondes 2024 - Institut fran\u00e7ais Indon\u00e9sie\" \/>\n<meta property=\"og:description\" content=\"Ma Th\u00e8se en 180 secondes \u2013 Indonesia 2024 Fiche de Candidature\" \/>\n<meta property=\"og:url\" content=\"https:\/\/www.ifi-id.com\/form-ma-these-en-180-secondes-2024\/\" \/>\n<meta property=\"og:site_name\" content=\"Institut fran\u00e7ais Indon\u00e9sie\" \/>\n<meta property=\"article:modified_time\" content=\"2024-10-02T04:09:15+00:00\" \/>\n<meta name=\"twitter:card\" content=\"summary_large_image\" \/>\n<script type=\"application\/ld+json\" class=\"yoast-schema-graph\">{\"@context\":\"https:\/\/schema.org\",\"@graph\":[{\"@type\":\"WebPage\",\"@id\":\"https:\/\/www.ifi-id.com\/form-ma-these-en-180-secondes-2024\/\",\"url\":\"https:\/\/www.ifi-id.com\/form-ma-these-en-180-secondes-2024\/\",\"name\":\"Form Ma Th\u00e8se en 180 secondes 2024 - Institut fran\u00e7ais Indon\u00e9sie\",\"isPartOf\":{\"@id\":\"https:\/\/www.ifi-id.com\/#website\"},\"datePublished\":\"2024-08-21T03:22:13+00:00\",\"dateModified\":\"2024-10-02T04:09:15+00:00\",\"breadcrumb\":{\"@id\":\"https:\/\/www.ifi-id.com\/form-ma-these-en-180-secondes-2024\/#breadcrumb\"},\"inLanguage\":\"fr-FR\",\"potentialAction\":[{\"@type\":\"ReadAction\",\"target\":[\"https:\/\/www.ifi-id.com\/form-ma-these-en-180-secondes-2024\/\"]}]},{\"@type\":\"BreadcrumbList\",\"@id\":\"https:\/\/www.ifi-id.com\/form-ma-these-en-180-secondes-2024\/#breadcrumb\",\"itemListElement\":[{\"@type\":\"ListItem\",\"position\":1,\"name\":\"Home\",\"item\":\"https:\/\/www.ifi-id.com\/\"},{\"@type\":\"ListItem\",\"position\":2,\"name\":\"Form Ma Th\u00e8se en 180 secondes 2024\"}]},{\"@type\":\"WebSite\",\"@id\":\"https:\/\/www.ifi-id.com\/#website\",\"url\":\"https:\/\/www.ifi-id.com\/\",\"name\":\"Institut fran\u00e7ais Indon\u00e9sie\",\"description\":\"\",\"publisher\":{\"@id\":\"https:\/\/www.ifi-id.com\/#organization\"},\"potentialAction\":[{\"@type\":\"SearchAction\",\"target\":{\"@type\":\"EntryPoint\",\"urlTemplate\":\"https:\/\/www.ifi-id.com\/?s={search_term_string}\"},\"query-input\":{\"@type\":\"PropertyValueSpecification\",\"valueRequired\":true,\"valueName\":\"search_term_string\"}}],\"inLanguage\":\"fr-FR\"},{\"@type\":\"Organization\",\"@id\":\"https:\/\/www.ifi-id.com\/#organization\",\"name\":\"Institut fran\u00e7ais Indon\u00e9sie\",\"url\":\"https:\/\/www.ifi-id.com\/\",\"logo\":{\"@type\":\"ImageObject\",\"inLanguage\":\"fr-FR\",\"@id\":\"https:\/\/www.ifi-id.com\/#\/schema\/logo\/image\/\",\"url\":\"https:\/\/www.ifi-id.com\/wp-content\/uploads\/2022\/12\/IFI_New_Logo.jpg\",\"contentUrl\":\"https:\/\/www.ifi-id.com\/wp-content\/uploads\/2022\/12\/IFI_New_Logo.jpg\",\"width\":666,\"height\":444,\"caption\":\"Institut fran\u00e7ais Indon\u00e9sie\"},\"image\":{\"@id\":\"https:\/\/www.ifi-id.com\/#\/schema\/logo\/image\/\"}}]}<\/script>\n<!-- \/ Yoast SEO plugin. -->","yoast_head_json":{"title":"Form Ma Th\u00e8se en 180 secondes 2024 - Institut fran\u00e7ais Indon\u00e9sie","robots":{"index":"index","follow":"follow","max-snippet":"max-snippet:-1","max-image-preview":"max-image-preview:large","max-video-preview":"max-video-preview:-1"},"canonical":"https:\/\/www.ifi-id.com\/form-ma-these-en-180-secondes-2024\/","og_locale":"fr_FR","og_type":"article","og_title":"Form Ma Th\u00e8se en 180 secondes 2024 - Institut fran\u00e7ais Indon\u00e9sie","og_description":"Ma Th\u00e8se en 180 secondes \u2013 Indonesia 2024 Fiche de Candidature","og_url":"https:\/\/www.ifi-id.com\/form-ma-these-en-180-secondes-2024\/","og_site_name":"Institut fran\u00e7ais Indon\u00e9sie","article_modified_time":"2024-10-02T04:09:15+00:00","twitter_card":"summary_large_image","schema":{"@context":"https:\/\/schema.org","@graph":[{"@type":"WebPage","@id":"https:\/\/www.ifi-id.com\/form-ma-these-en-180-secondes-2024\/","url":"https:\/\/www.ifi-id.com\/form-ma-these-en-180-secondes-2024\/","name":"Form Ma Th\u00e8se en 180 secondes 2024 - Institut fran\u00e7ais Indon\u00e9sie","isPartOf":{"@id":"https:\/\/www.ifi-id.com\/#website"},"datePublished":"2024-08-21T03:22:13+00:00","dateModified":"2024-10-02T04:09:15+00:00","breadcrumb":{"@id":"https:\/\/www.ifi-id.com\/form-ma-these-en-180-secondes-2024\/#breadcrumb"},"inLanguage":"fr-FR","potentialAction":[{"@type":"ReadAction","target":["https:\/\/www.ifi-id.com\/form-ma-these-en-180-secondes-2024\/"]}]},{"@type":"BreadcrumbList","@id":"https:\/\/www.ifi-id.com\/form-ma-these-en-180-secondes-2024\/#breadcrumb","itemListElement":[{"@type":"ListItem","position":1,"name":"Home","item":"https:\/\/www.ifi-id.com\/"},{"@type":"ListItem","position":2,"name":"Form Ma Th\u00e8se en 180 secondes 2024"}]},{"@type":"WebSite","@id":"https:\/\/www.ifi-id.com\/#website","url":"https:\/\/www.ifi-id.com\/","name":"Institut fran\u00e7ais Indon\u00e9sie","description":"","publisher":{"@id":"https:\/\/www.ifi-id.com\/#organization"},"potentialAction":[{"@type":"SearchAction","target":{"@type":"EntryPoint","urlTemplate":"https:\/\/www.ifi-id.com\/?s={search_term_string}"},"query-input":{"@type":"PropertyValueSpecification","valueRequired":true,"valueName":"search_term_string"}}],"inLanguage":"fr-FR"},{"@type":"Organization","@id":"https:\/\/www.ifi-id.com\/#organization","name":"Institut fran\u00e7ais Indon\u00e9sie","url":"https:\/\/www.ifi-id.com\/","logo":{"@type":"ImageObject","inLanguage":"fr-FR","@id":"https:\/\/www.ifi-id.com\/#\/schema\/logo\/image\/","url":"https:\/\/www.ifi-id.com\/wp-content\/uploads\/2022\/12\/IFI_New_Logo.jpg","contentUrl":"https:\/\/www.ifi-id.com\/wp-content\/uploads\/2022\/12\/IFI_New_Logo.jpg","width":666,"height":444,"caption":"Institut fran\u00e7ais Indon\u00e9sie"},"image":{"@id":"https:\/\/www.ifi-id.com\/#\/schema\/logo\/image\/"}}]}},"post_mailing_queue_ids":[],"_links":{"self":[{"href":"https:\/\/www.ifi-id.com\/fr\/wp-json\/wp\/v2\/pages\/46843"}],"collection":[{"href":"https:\/\/www.ifi-id.com\/fr\/wp-json\/wp\/v2\/pages"}],"about":[{"href":"https:\/\/www.ifi-id.com\/fr\/wp-json\/wp\/v2\/types\/page"}],"author":[{"embeddable":true,"href":"https:\/\/www.ifi-id.com\/fr\/wp-json\/wp\/v2\/users\/17"}],"replies":[{"embeddable":true,"href":"https:\/\/www.ifi-id.com\/fr\/wp-json\/wp\/v2\/comments?post=46843"}],"version-history":[{"count":1,"href":"https:\/\/www.ifi-id.com\/fr\/wp-json\/wp\/v2\/pages\/46843\/revisions"}],"predecessor-version":[{"id":46844,"href":"https:\/\/www.ifi-id.com\/fr\/wp-json\/wp\/v2\/pages\/46843\/revisions\/46844"}],"wp:attachment":[{"href":"https:\/\/www.ifi-id.com\/fr\/wp-json\/wp\/v2\/media?parent=46843"}],"curies":[{"name":"wp","href":"https:\/\/api.w.org\/{rel}","templated":true}]}}