{"id":46381,"date":"2024-07-31T17:28:19","date_gmt":"2024-07-31T10:28:19","guid":{"rendered":"https:\/\/www.ifi-id.com\/ifi-surabaya-auditorium\/"},"modified":"2024-08-01T10:41:09","modified_gmt":"2024-08-01T03:41:09","slug":"ifi-surabaya-auditorium","status":"publish","type":"page","link":"https:\/\/www.ifi-id.com\/fr\/ifi-surabaya-auditorium\/","title":{"rendered":"IFI Surabaya &#8211; Auditorium"},"content":{"rendered":"\t\t<div data-elementor-type=\"wp-page\" data-elementor-id=\"46381\" class=\"elementor elementor-46381 elementor-46340\" data-elementor-post-type=\"page\">\n\t\t\t\t\t\t<section class=\"elementor-section elementor-top-section elementor-element elementor-element-33b171a elementor-section-boxed elementor-section-height-default elementor-section-height-default\" data-id=\"33b171a\" data-element_type=\"section\">\n\t\t\t\t\t\t<div class=\"elementor-container elementor-column-gap-default\">\n\t\t\t\t\t<div class=\"elementor-column elementor-col-100 elementor-top-column elementor-element elementor-element-9972cdc\" data-id=\"9972cdc\" data-element_type=\"column\">\n\t\t\t<div class=\"elementor-widget-wrap elementor-element-populated\">\n\t\t\t\t\t\t<div class=\"elementor-element elementor-element-a43fae3 elementor-widget elementor-widget-heading\" data-id=\"a43fae3\" data-element_type=\"widget\" data-widget_type=\"heading.default\">\n\t\t\t\t<div class=\"elementor-widget-container\">\n\t\t\t<h2 class=\"elementor-heading-title elementor-size-default\">Auditorium et salles de cours - Surabaya<\/h2>\t\t<\/div>\n\t\t\t\t<\/div>\n\t\t\t\t\t<\/div>\n\t\t<\/div>\n\t\t\t\t\t<\/div>\n\t\t<\/section>\n\t\t\t\t<section class=\"elementor-section elementor-top-section elementor-element elementor-element-6355074 elementor-section-boxed elementor-section-height-default elementor-section-height-default\" data-id=\"6355074\" data-element_type=\"section\">\n\t\t\t\t\t\t<div class=\"elementor-container elementor-column-gap-default\">\n\t\t\t\t\t<div class=\"elementor-column elementor-col-100 elementor-top-column elementor-element elementor-element-0e4c46b\" data-id=\"0e4c46b\" data-element_type=\"column\">\n\t\t\t<div class=\"elementor-widget-wrap elementor-element-populated\">\n\t\t\t\t\t\t<div class=\"elementor-element elementor-element-a60e68b elementor-hidden-phone elementor-widget elementor-widget-heading\" data-id=\"a60e68b\" data-element_type=\"widget\" data-widget_type=\"heading.default\">\n\t\t\t\t<div class=\"elementor-widget-container\">\n\t\t\t<h2 class=\"elementor-heading-title elementor-size-default\">Auditorium et salles de cours - Surabaya<\/h2>\t\t<\/div>\n\t\t\t\t<\/div>\n\t\t\t\t\t<\/div>\n\t\t<\/div>\n\t\t\t\t\t<\/div>\n\t\t<\/section>\n\t\t\t\t<section class=\"elementor-section elementor-top-section elementor-element elementor-element-e134ec1 elementor-section-boxed elementor-section-height-default elementor-section-height-default\" data-id=\"e134ec1\" data-element_type=\"section\">\n\t\t\t\t\t\t<div class=\"elementor-container elementor-column-gap-default\">\n\t\t\t\t\t<div class=\"elementor-column elementor-col-100 elementor-top-column elementor-element elementor-element-7a73580\" data-id=\"7a73580\" data-element_type=\"column\">\n\t\t\t<div class=\"elementor-widget-wrap elementor-element-populated\">\n\t\t\t\t\t\t<div class=\"elementor-element elementor-element-b6f225e elementor-hidden-desktop elementor-hidden-tablet elementor-widget elementor-widget-heading\" data-id=\"b6f225e\" data-element_type=\"widget\" data-widget_type=\"heading.default\">\n\t\t\t\t<div class=\"elementor-widget-container\">\n\t\t\t<h2 class=\"elementor-heading-title elementor-size-default\">Auditorium et salles de cours - Surabaya<\/h2>\t\t<\/div>\n\t\t\t\t<\/div>\n\t\t\t\t\t<\/div>\n\t\t<\/div>\n\t\t\t\t\t<\/div>\n\t\t<\/section>\n\t\t\t\t<section class=\"elementor-section elementor-top-section elementor-element elementor-element-3903a81 elementor-section-boxed elementor-section-height-default elementor-section-height-default\" data-id=\"3903a81\" data-element_type=\"section\">\n\t\t\t\t\t\t<div class=\"elementor-container elementor-column-gap-default\">\n\t\t\t\t\t<div class=\"elementor-column elementor-col-100 elementor-top-column elementor-element elementor-element-05fd8ce\" data-id=\"05fd8ce\" data-element_type=\"column\">\n\t\t\t<div class=\"elementor-widget-wrap elementor-element-populated\">\n\t\t\t\t\t\t<div class=\"elementor-element elementor-element-0d049dc elementor-arrows-position-inside elementor-pagination-position-outside elementor-widget elementor-widget-image-carousel\" data-id=\"0d049dc\" data-element_type=\"widget\" data-settings=\"{&quot;slides_to_show&quot;:&quot;1&quot;,&quot;navigation&quot;:&quot;both&quot;,&quot;autoplay&quot;:&quot;yes&quot;,&quot;pause_on_hover&quot;:&quot;yes&quot;,&quot;pause_on_interaction&quot;:&quot;yes&quot;,&quot;autoplay_speed&quot;:5000,&quot;infinite&quot;:&quot;yes&quot;,&quot;effect&quot;:&quot;slide&quot;,&quot;speed&quot;:500}\" data-widget_type=\"image-carousel.default\">\n\t\t\t\t<div class=\"elementor-widget-container\">\n\t\t\t\t\t<div class=\"elementor-image-carousel-wrapper swiper\" dir=\"ltr\">\n\t\t\t<div class=\"elementor-image-carousel swiper-wrapper\" aria-live=\"off\">\n\t\t\t\t\t\t\t\t<div class=\"swiper-slide\" role=\"group\" aria-roledescription=\"slide\" aria-label=\"1 sur 7\"><figure class=\"swiper-slide-inner\"><img decoding=\"async\" class=\"swiper-slide-image\" src=\"https:\/\/www.ifi-id.com\/wp-content\/uploads\/2024\/07\/02.jpg\" alt=\"02\" \/><\/figure><\/div><div class=\"swiper-slide\" role=\"group\" aria-roledescription=\"slide\" aria-label=\"2 sur 7\"><figure class=\"swiper-slide-inner\"><img decoding=\"async\" class=\"swiper-slide-image\" src=\"https:\/\/www.ifi-id.com\/wp-content\/uploads\/2024\/07\/07.jpg\" alt=\"07\" \/><\/figure><\/div><div class=\"swiper-slide\" role=\"group\" aria-roledescription=\"slide\" aria-label=\"3 sur 7\"><figure class=\"swiper-slide-inner\"><img decoding=\"async\" class=\"swiper-slide-image\" src=\"https:\/\/www.ifi-id.com\/wp-content\/uploads\/2024\/07\/08.jpg\" alt=\"08\" \/><\/figure><\/div><div class=\"swiper-slide\" role=\"group\" aria-roledescription=\"slide\" aria-label=\"4 sur 7\"><figure class=\"swiper-slide-inner\"><img decoding=\"async\" class=\"swiper-slide-image\" src=\"https:\/\/www.ifi-id.com\/wp-content\/uploads\/2024\/07\/03.jpg\" alt=\"03\" \/><\/figure><\/div><div class=\"swiper-slide\" role=\"group\" aria-roledescription=\"slide\" aria-label=\"5 sur 7\"><figure class=\"swiper-slide-inner\"><img decoding=\"async\" class=\"swiper-slide-image\" src=\"https:\/\/www.ifi-id.com\/wp-content\/uploads\/2024\/07\/05.jpg\" alt=\"05\" \/><\/figure><\/div><div class=\"swiper-slide\" role=\"group\" aria-roledescription=\"slide\" aria-label=\"6 sur 7\"><figure class=\"swiper-slide-inner\"><img decoding=\"async\" class=\"swiper-slide-image\" src=\"https:\/\/www.ifi-id.com\/wp-content\/uploads\/2024\/07\/06.jpg\" alt=\"06\" \/><\/figure><\/div><div class=\"swiper-slide\" role=\"group\" aria-roledescription=\"slide\" aria-label=\"7 sur 7\"><figure class=\"swiper-slide-inner\"><img decoding=\"async\" class=\"swiper-slide-image\" src=\"https:\/\/www.ifi-id.com\/wp-content\/uploads\/2024\/07\/01.jpg\" alt=\"01\" \/><\/figure><\/div>\t\t\t<\/div>\n\t\t\t\t\t\t\t\t\t\t\t\t<div class=\"elementor-swiper-button elementor-swiper-button-prev\" role=\"button\" tabindex=\"0\">\n\t\t\t\t\t\t<i aria-hidden=\"true\" class=\"eicon-chevron-left\"><\/i>\t\t\t\t\t<\/div>\n\t\t\t\t\t<div class=\"elementor-swiper-button elementor-swiper-button-next\" role=\"button\" tabindex=\"0\">\n\t\t\t\t\t\t<i aria-hidden=\"true\" class=\"eicon-chevron-right\"><\/i>\t\t\t\t\t<\/div>\n\t\t\t\t\n\t\t\t\t\t\t\t\t\t<div class=\"swiper-pagination\"><\/div>\n\t\t\t\t\t\t\t\t\t<\/div>\n\t\t\t\t<\/div>\n\t\t\t\t<\/div>\n\t\t\t\t\t<\/div>\n\t\t<\/div>\n\t\t\t\t\t<\/div>\n\t\t<\/section>\n\t\t\t\t<section class=\"elementor-section elementor-top-section elementor-element elementor-element-c26db85 elementor-section-boxed elementor-section-height-default elementor-section-height-default\" data-id=\"c26db85\" data-element_type=\"section\">\n\t\t\t\t\t\t<div class=\"elementor-container elementor-column-gap-default\">\n\t\t\t\t\t<div class=\"elementor-column elementor-col-100 elementor-top-column elementor-element elementor-element-1548ce4\" data-id=\"1548ce4\" data-element_type=\"column\">\n\t\t\t<div class=\"elementor-widget-wrap elementor-element-populated\">\n\t\t\t\t\t\t<div class=\"elementor-element elementor-element-e6607ef elementor-widget elementor-widget-text-editor\" data-id=\"e6607ef\" data-element_type=\"widget\" data-widget_type=\"text-editor.default\">\n\t\t\t\t<div class=\"elementor-widget-container\">\n\t\t\t\t\t\t\t<p>L&rsquo;Institut fran\u00e7ais d&rsquo;Indon\u00e9sie (IFI), est une institution \u00e0 but non lucratif plac\u00e9e sous l&rsquo;autorit\u00e9 de l&rsquo;Ambassade de France qui m\u00e8ne toutes les actions de coop\u00e9ration culturelle entre la France et l&rsquo;Indon\u00e9sie. Pr\u00e9sent \u00e0 Surabaya depuis 1967 et install\u00e9 dans les locaux Kompleks AJBS depuis 2012. IFI est un centre linguistique et culturel dont la mission est de promouvoir les \u00e9changes \u00e9ducatifs et culturels entre la France et l&rsquo;Indon\u00e9sie. IFI travaille en \u00e9troite relation avec les institutions, les \u00e9coles et universit\u00e9s, communaut\u00e9s sociales et culturelles et entreprises de Surabaya. Nous vous proposons d\u2019accueillir vos activit\u00e9s dans nos locaux de 842m2 qui ait fait d\u2019objet d\u2019une r\u00e9novation en 2022-2023.<\/p>\n<p>Nous proposons des auditoriums, des salles de classe et M\u00e9diath\u00e8que \u00e0 des tarifs flexibles. Les membres de l&rsquo;IFI Surabaya peuvent b\u00e9n\u00e9ficier de r\u00e9ductions sp\u00e9ciales et nous proposons \u00e9galement des tarifs sp\u00e9ciaux aux partenaires de l&rsquo;IFI Surabaya. Le service de location de salle comprend les techniciens, les agents de s\u00e9curit\u00e9 et le m\u00e9nage. Disponible tous les jours, y compris les dimanches et jours f\u00e9ri\u00e9s.<\/p>\n\t\t\t\t\t\t<\/div>\n\t\t\t\t<\/div>\n\t\t\t\t\t<\/div>\n\t\t<\/div>\n\t\t\t\t\t<\/div>\n\t\t<\/section>\n\t\t\t\t<section class=\"elementor-section elementor-top-section elementor-element elementor-element-5af75f5 elementor-section-boxed elementor-section-height-default elementor-section-height-default\" data-id=\"5af75f5\" data-element_type=\"section\">\n\t\t\t\t\t\t<div class=\"elementor-container elementor-column-gap-default\">\n\t\t\t\t\t<div class=\"elementor-column elementor-col-100 elementor-top-column elementor-element elementor-element-d8e8c40\" data-id=\"d8e8c40\" data-element_type=\"column\">\n\t\t\t<div class=\"elementor-widget-wrap elementor-element-populated\">\n\t\t\t\t\t\t<div class=\"elementor-element elementor-element-2036a60 elementor-widget elementor-widget-heading\" data-id=\"2036a60\" data-element_type=\"widget\" data-widget_type=\"heading.default\">\n\t\t\t\t<div class=\"elementor-widget-container\">\n\t\t\t<h2 class=\"elementor-heading-title elementor-size-default\">Contact<\/h2>\t\t<\/div>\n\t\t\t\t<\/div>\n\t\t\t\t<div class=\"elementor-element elementor-element-e03f243 elementor-icon-list--layout-traditional elementor-list-item-link-full_width elementor-widget elementor-widget-icon-list\" data-id=\"e03f243\" data-element_type=\"widget\" data-widget_type=\"icon-list.default\">\n\t\t\t\t<div class=\"elementor-widget-container\">\n\t\t\t\t\t<ul class=\"elementor-icon-list-items\">\n\t\t\t\t\t\t\t<li class=\"elementor-icon-list-item\">\n\t\t\t\t\t\t\t\t\t\t\t<span class=\"elementor-icon-list-icon\">\n\t\t\t\t\t\t\t<i aria-hidden=\"true\" class=\"far fa-address-card\"><\/i>\t\t\t\t\t\t<\/span>\n\t\t\t\t\t\t\t\t\t\t<span class=\"elementor-icon-list-text\">Noviana (Assistante de Direction de l'IFI Surabaya)<\/span>\n\t\t\t\t\t\t\t\t\t<\/li>\n\t\t\t\t\t\t\t\t<li class=\"elementor-icon-list-item\">\n\t\t\t\t\t\t\t\t\t\t\t<span class=\"elementor-icon-list-icon\">\n\t\t\t\t\t\t\t<i aria-hidden=\"true\" class=\"fas fa-building\"><\/i>\t\t\t\t\t\t<\/span>\n\t\t\t\t\t\t\t\t\t\t<span class=\"elementor-icon-list-text\">Jl. Ratna no.14, Kompleks AJBS, Surabaya 60246 <\/span>\n\t\t\t\t\t\t\t\t\t<\/li>\n\t\t\t\t\t\t\t\t<li class=\"elementor-icon-list-item\">\n\t\t\t\t\t\t\t\t\t\t\t<span class=\"elementor-icon-list-icon\">\n\t\t\t\t\t\t\t<i aria-hidden=\"true\" class=\"fas fa-phone-square-alt\"><\/i>\t\t\t\t\t\t<\/span>\n\t\t\t\t\t\t\t\t\t\t<span class=\"elementor-icon-list-text\">(031) 5035035 <\/span>\n\t\t\t\t\t\t\t\t\t<\/li>\n\t\t\t\t\t\t\t\t<li class=\"elementor-icon-list-item\">\n\t\t\t\t\t\t\t\t\t\t\t<a href=\"mailto:noviana@ifi-id.com\" target=\"_blank\">\n\n\t\t\t\t\t\t\t\t\t\t\t\t<span class=\"elementor-icon-list-icon\">\n\t\t\t\t\t\t\t<i aria-hidden=\"true\" class=\"fas fa-envelope\"><\/i>\t\t\t\t\t\t<\/span>\n\t\t\t\t\t\t\t\t\t\t<span class=\"elementor-icon-list-text\">noviana@ifi-id.com<\/span>\n\t\t\t\t\t\t\t\t\t\t\t<\/a>\n\t\t\t\t\t\t\t\t\t<\/li>\n\t\t\t\t\t\t<\/ul>\n\t\t\t\t<\/div>\n\t\t\t\t<\/div>\n\t\t\t\t\t<\/div>\n\t\t<\/div>\n\t\t\t\t\t<\/div>\n\t\t<\/section>\n\t\t\t\t<section class=\"elementor-section elementor-top-section elementor-element elementor-element-02a6a64 elementor-section-boxed elementor-section-height-default elementor-section-height-default\" data-id=\"02a6a64\" data-element_type=\"section\">\n\t\t\t\t\t\t<div class=\"elementor-container elementor-column-gap-default\">\n\t\t\t\t\t<div class=\"elementor-column elementor-col-100 elementor-top-column elementor-element elementor-element-ba237bb\" data-id=\"ba237bb\" data-element_type=\"column\">\n\t\t\t<div class=\"elementor-widget-wrap elementor-element-populated\">\n\t\t\t\t\t\t<div class=\"elementor-element elementor-element-83eff62 elementor-widget elementor-widget-pdfjs_viewer\" data-id=\"83eff62\" data-element_type=\"widget\" data-widget_type=\"pdfjs_viewer.default\">\n\t\t\t\t<div class=\"elementor-widget-container\">\n\t\t\t<iframe src=\"https:\/\/www.ifi-id.com\/wp-content\/plugins\/pdf-viewer-for-elementor\/assets\/pdfjs\/web\/viewer.html?file=https:\/\/www.ifi-id.com\/wp-content\/uploads\/2024\/07\/Auditorium-Booklet-m-a-j-31072024.pdf&amp;embedded=true\" style=\"display: block; margin-left: auto; margin-right: auto; width: 640px; height: 1020px;\" frameborder=\"1\" marginheight=\"0px\" marginwidth=\"0px\" allowfullscreen><\/iframe>\t\t<\/div>\n\t\t\t\t<\/div>\n\t\t\t\t\t<\/div>\n\t\t<\/div>\n\t\t\t\t\t<\/div>\n\t\t<\/section>\n\t\t\t\t<\/div>\n\t\t","protected":false},"excerpt":{"rendered":"<p>Auditorium et salles de cours &#8211; Surabaya Auditorium et salles de cours &#8211; Surabaya Auditorium et salles de cours &#8211; Surabaya L&rsquo;Institut fran\u00e7ais d&rsquo;Indon\u00e9sie (IFI), est une institution \u00e0 but non lucratif plac\u00e9e sous l&rsquo;autorit\u00e9 de l&rsquo;Ambassade de France qui m\u00e8ne toutes les actions de coop\u00e9ration culturelle entre la France et l&rsquo;Indon\u00e9sie. Pr\u00e9sent \u00e0 Surabaya &hellip; <\/p>\n<p class=\"link-more\"><a href=\"https:\/\/www.ifi-id.com\/fr\/ifi-surabaya-auditorium\/\" class=\"more-link\">Continuer la lecture<span class=\"screen-reader-text\"> de &laquo;&nbsp;IFI Surabaya &#8211; Auditorium&nbsp;&raquo;<\/span><\/a><\/p>\n","protected":false},"author":5,"featured_media":0,"parent":0,"menu_order":0,"comment_status":"closed","ping_status":"closed","template":"elementor_header_footer","meta":{"footnotes":""},"class_list":["post-46381","page","type-page","status-publish","hentry"],"yoast_head":"<!-- This site is optimized with the Yoast SEO plugin v23.5 - https:\/\/yoast.com\/wordpress\/plugins\/seo\/ -->\n<title>IFI Surabaya - Auditorium - Institut fran\u00e7ais Indon\u00e9sie<\/title>\n<meta name=\"description\" content=\"Nous proposons des auditoriums, des salles de classe et M\u00e9diath\u00e8que \u00e0 des tarifs flexibles. Les membres de l&#039;IFI Surabaya peuvent b\u00e9n\u00e9ficier de r\u00e9ductions sp\u00e9ciales et nous proposons \u00e9galement des tarifs sp\u00e9ciaux aux partenaires de l&#039;IFI Surabaya. Le service de location de salle comprend les techniciens, les agents de s\u00e9curit\u00e9 et le m\u00e9nage. Disponible tous les jours, y compris les dimanches et jours f\u00e9ri\u00e9s.\" \/>\n<meta name=\"robots\" content=\"index, follow, max-snippet:-1, max-image-preview:large, max-video-preview:-1\" \/>\n<link rel=\"canonical\" href=\"https:\/\/www.ifi-id.com\/ifi-surabaya-auditorium\/\" \/>\n<meta property=\"og:locale\" content=\"fr_FR\" \/>\n<meta property=\"og:type\" content=\"article\" \/>\n<meta property=\"og:title\" content=\"IFI Surabaya - Auditorium - Institut fran\u00e7ais Indon\u00e9sie\" \/>\n<meta property=\"og:description\" content=\"Nous proposons des auditoriums, des salles de classe et M\u00e9diath\u00e8que \u00e0 des tarifs flexibles. Les membres de l&#039;IFI Surabaya peuvent b\u00e9n\u00e9ficier de r\u00e9ductions sp\u00e9ciales et nous proposons \u00e9galement des tarifs sp\u00e9ciaux aux partenaires de l&#039;IFI Surabaya. Le service de location de salle comprend les techniciens, les agents de s\u00e9curit\u00e9 et le m\u00e9nage. Disponible tous les jours, y compris les dimanches et jours f\u00e9ri\u00e9s.\" \/>\n<meta property=\"og:url\" content=\"https:\/\/www.ifi-id.com\/ifi-surabaya-auditorium\/\" \/>\n<meta property=\"og:site_name\" content=\"Institut fran\u00e7ais Indon\u00e9sie\" \/>\n<meta property=\"article:modified_time\" content=\"2024-08-01T03:41:09+00:00\" \/>\n<meta property=\"og:image\" content=\"https:\/\/www.ifi-id.com\/wp-content\/uploads\/2024\/07\/02.jpg\" \/>\n<meta name=\"twitter:card\" content=\"summary_large_image\" \/>\n<meta name=\"twitter:label1\" content=\"Dur\u00e9e de lecture estim\u00e9e\" \/>\n\t<meta name=\"twitter:data1\" content=\"1 minute\" \/>\n<script type=\"application\/ld+json\" class=\"yoast-schema-graph\">{\"@context\":\"https:\/\/schema.org\",\"@graph\":[{\"@type\":\"WebPage\",\"@id\":\"https:\/\/www.ifi-id.com\/ifi-surabaya-auditorium\/\",\"url\":\"https:\/\/www.ifi-id.com\/ifi-surabaya-auditorium\/\",\"name\":\"IFI Surabaya - Auditorium - Institut fran\u00e7ais Indon\u00e9sie\",\"isPartOf\":{\"@id\":\"https:\/\/www.ifi-id.com\/#website\"},\"primaryImageOfPage\":{\"@id\":\"https:\/\/www.ifi-id.com\/ifi-surabaya-auditorium\/#primaryimage\"},\"image\":{\"@id\":\"https:\/\/www.ifi-id.com\/ifi-surabaya-auditorium\/#primaryimage\"},\"thumbnailUrl\":\"https:\/\/www.ifi-id.com\/wp-content\/uploads\/2024\/07\/02.jpg\",\"datePublished\":\"2024-07-31T10:28:19+00:00\",\"dateModified\":\"2024-08-01T03:41:09+00:00\",\"description\":\"Nous proposons des auditoriums, des salles de classe et M\u00e9diath\u00e8que \u00e0 des tarifs flexibles. Les membres de l'IFI Surabaya peuvent b\u00e9n\u00e9ficier de r\u00e9ductions sp\u00e9ciales et nous proposons \u00e9galement des tarifs sp\u00e9ciaux aux partenaires de l'IFI Surabaya. Le service de location de salle comprend les techniciens, les agents de s\u00e9curit\u00e9 et le m\u00e9nage. Disponible tous les jours, y compris les dimanches et jours f\u00e9ri\u00e9s.\",\"breadcrumb\":{\"@id\":\"https:\/\/www.ifi-id.com\/ifi-surabaya-auditorium\/#breadcrumb\"},\"inLanguage\":\"fr-FR\",\"potentialAction\":[{\"@type\":\"ReadAction\",\"target\":[\"https:\/\/www.ifi-id.com\/ifi-surabaya-auditorium\/\"]}]},{\"@type\":\"ImageObject\",\"inLanguage\":\"fr-FR\",\"@id\":\"https:\/\/www.ifi-id.com\/ifi-surabaya-auditorium\/#primaryimage\",\"url\":\"https:\/\/www.ifi-id.com\/wp-content\/uploads\/2024\/07\/02.jpg\",\"contentUrl\":\"https:\/\/www.ifi-id.com\/wp-content\/uploads\/2024\/07\/02.jpg\"},{\"@type\":\"BreadcrumbList\",\"@id\":\"https:\/\/www.ifi-id.com\/ifi-surabaya-auditorium\/#breadcrumb\",\"itemListElement\":[{\"@type\":\"ListItem\",\"position\":1,\"name\":\"Home\",\"item\":\"https:\/\/www.ifi-id.com\/\"},{\"@type\":\"ListItem\",\"position\":2,\"name\":\"IFI Surabaya &#8211; Auditorium\"}]},{\"@type\":\"WebSite\",\"@id\":\"https:\/\/www.ifi-id.com\/#website\",\"url\":\"https:\/\/www.ifi-id.com\/\",\"name\":\"Institut fran\u00e7ais Indon\u00e9sie\",\"description\":\"\",\"publisher\":{\"@id\":\"https:\/\/www.ifi-id.com\/#organization\"},\"potentialAction\":[{\"@type\":\"SearchAction\",\"target\":{\"@type\":\"EntryPoint\",\"urlTemplate\":\"https:\/\/www.ifi-id.com\/?s={search_term_string}\"},\"query-input\":{\"@type\":\"PropertyValueSpecification\",\"valueRequired\":true,\"valueName\":\"search_term_string\"}}],\"inLanguage\":\"fr-FR\"},{\"@type\":\"Organization\",\"@id\":\"https:\/\/www.ifi-id.com\/#organization\",\"name\":\"Institut fran\u00e7ais Indon\u00e9sie\",\"url\":\"https:\/\/www.ifi-id.com\/\",\"logo\":{\"@type\":\"ImageObject\",\"inLanguage\":\"fr-FR\",\"@id\":\"https:\/\/www.ifi-id.com\/#\/schema\/logo\/image\/\",\"url\":\"https:\/\/www.ifi-id.com\/wp-content\/uploads\/2022\/12\/IFI_New_Logo.jpg\",\"contentUrl\":\"https:\/\/www.ifi-id.com\/wp-content\/uploads\/2022\/12\/IFI_New_Logo.jpg\",\"width\":666,\"height\":444,\"caption\":\"Institut fran\u00e7ais Indon\u00e9sie\"},\"image\":{\"@id\":\"https:\/\/www.ifi-id.com\/#\/schema\/logo\/image\/\"}}]}<\/script>\n<!-- \/ Yoast SEO plugin. -->","yoast_head_json":{"title":"IFI Surabaya - Auditorium - Institut fran\u00e7ais Indon\u00e9sie","description":"Nous proposons des auditoriums, des salles de classe et M\u00e9diath\u00e8que \u00e0 des tarifs flexibles. Les membres de l'IFI Surabaya peuvent b\u00e9n\u00e9ficier de r\u00e9ductions sp\u00e9ciales et nous proposons \u00e9galement des tarifs sp\u00e9ciaux aux partenaires de l'IFI Surabaya. Le service de location de salle comprend les techniciens, les agents de s\u00e9curit\u00e9 et le m\u00e9nage. Disponible tous les jours, y compris les dimanches et jours f\u00e9ri\u00e9s.","robots":{"index":"index","follow":"follow","max-snippet":"max-snippet:-1","max-image-preview":"max-image-preview:large","max-video-preview":"max-video-preview:-1"},"canonical":"https:\/\/www.ifi-id.com\/ifi-surabaya-auditorium\/","og_locale":"fr_FR","og_type":"article","og_title":"IFI Surabaya - Auditorium - Institut fran\u00e7ais Indon\u00e9sie","og_description":"Nous proposons des auditoriums, des salles de classe et M\u00e9diath\u00e8que \u00e0 des tarifs flexibles. Les membres de l'IFI Surabaya peuvent b\u00e9n\u00e9ficier de r\u00e9ductions sp\u00e9ciales et nous proposons \u00e9galement des tarifs sp\u00e9ciaux aux partenaires de l'IFI Surabaya. Le service de location de salle comprend les techniciens, les agents de s\u00e9curit\u00e9 et le m\u00e9nage. Disponible tous les jours, y compris les dimanches et jours f\u00e9ri\u00e9s.","og_url":"https:\/\/www.ifi-id.com\/ifi-surabaya-auditorium\/","og_site_name":"Institut fran\u00e7ais Indon\u00e9sie","article_modified_time":"2024-08-01T03:41:09+00:00","og_image":[{"url":"https:\/\/www.ifi-id.com\/wp-content\/uploads\/2024\/07\/02.jpg"}],"twitter_card":"summary_large_image","twitter_misc":{"Dur\u00e9e de lecture estim\u00e9e":"1 minute"},"schema":{"@context":"https:\/\/schema.org","@graph":[{"@type":"WebPage","@id":"https:\/\/www.ifi-id.com\/ifi-surabaya-auditorium\/","url":"https:\/\/www.ifi-id.com\/ifi-surabaya-auditorium\/","name":"IFI Surabaya - Auditorium - Institut fran\u00e7ais Indon\u00e9sie","isPartOf":{"@id":"https:\/\/www.ifi-id.com\/#website"},"primaryImageOfPage":{"@id":"https:\/\/www.ifi-id.com\/ifi-surabaya-auditorium\/#primaryimage"},"image":{"@id":"https:\/\/www.ifi-id.com\/ifi-surabaya-auditorium\/#primaryimage"},"thumbnailUrl":"https:\/\/www.ifi-id.com\/wp-content\/uploads\/2024\/07\/02.jpg","datePublished":"2024-07-31T10:28:19+00:00","dateModified":"2024-08-01T03:41:09+00:00","description":"Nous proposons des auditoriums, des salles de classe et M\u00e9diath\u00e8que \u00e0 des tarifs flexibles. Les membres de l'IFI Surabaya peuvent b\u00e9n\u00e9ficier de r\u00e9ductions sp\u00e9ciales et nous proposons \u00e9galement des tarifs sp\u00e9ciaux aux partenaires de l'IFI Surabaya. Le service de location de salle comprend les techniciens, les agents de s\u00e9curit\u00e9 et le m\u00e9nage. Disponible tous les jours, y compris les dimanches et jours f\u00e9ri\u00e9s.","breadcrumb":{"@id":"https:\/\/www.ifi-id.com\/ifi-surabaya-auditorium\/#breadcrumb"},"inLanguage":"fr-FR","potentialAction":[{"@type":"ReadAction","target":["https:\/\/www.ifi-id.com\/ifi-surabaya-auditorium\/"]}]},{"@type":"ImageObject","inLanguage":"fr-FR","@id":"https:\/\/www.ifi-id.com\/ifi-surabaya-auditorium\/#primaryimage","url":"https:\/\/www.ifi-id.com\/wp-content\/uploads\/2024\/07\/02.jpg","contentUrl":"https:\/\/www.ifi-id.com\/wp-content\/uploads\/2024\/07\/02.jpg"},{"@type":"BreadcrumbList","@id":"https:\/\/www.ifi-id.com\/ifi-surabaya-auditorium\/#breadcrumb","itemListElement":[{"@type":"ListItem","position":1,"name":"Home","item":"https:\/\/www.ifi-id.com\/"},{"@type":"ListItem","position":2,"name":"IFI Surabaya &#8211; Auditorium"}]},{"@type":"WebSite","@id":"https:\/\/www.ifi-id.com\/#website","url":"https:\/\/www.ifi-id.com\/","name":"Institut fran\u00e7ais Indon\u00e9sie","description":"","publisher":{"@id":"https:\/\/www.ifi-id.com\/#organization"},"potentialAction":[{"@type":"SearchAction","target":{"@type":"EntryPoint","urlTemplate":"https:\/\/www.ifi-id.com\/?s={search_term_string}"},"query-input":{"@type":"PropertyValueSpecification","valueRequired":true,"valueName":"search_term_string"}}],"inLanguage":"fr-FR"},{"@type":"Organization","@id":"https:\/\/www.ifi-id.com\/#organization","name":"Institut fran\u00e7ais Indon\u00e9sie","url":"https:\/\/www.ifi-id.com\/","logo":{"@type":"ImageObject","inLanguage":"fr-FR","@id":"https:\/\/www.ifi-id.com\/#\/schema\/logo\/image\/","url":"https:\/\/www.ifi-id.com\/wp-content\/uploads\/2022\/12\/IFI_New_Logo.jpg","contentUrl":"https:\/\/www.ifi-id.com\/wp-content\/uploads\/2022\/12\/IFI_New_Logo.jpg","width":666,"height":444,"caption":"Institut fran\u00e7ais Indon\u00e9sie"},"image":{"@id":"https:\/\/www.ifi-id.com\/#\/schema\/logo\/image\/"}}]}},"post_mailing_queue_ids":[],"_links":{"self":[{"href":"https:\/\/www.ifi-id.com\/fr\/wp-json\/wp\/v2\/pages\/46381"}],"collection":[{"href":"https:\/\/www.ifi-id.com\/fr\/wp-json\/wp\/v2\/pages"}],"about":[{"href":"https:\/\/www.ifi-id.com\/fr\/wp-json\/wp\/v2\/types\/page"}],"author":[{"embeddable":true,"href":"https:\/\/www.ifi-id.com\/fr\/wp-json\/wp\/v2\/users\/5"}],"replies":[{"embeddable":true,"href":"https:\/\/www.ifi-id.com\/fr\/wp-json\/wp\/v2\/comments?post=46381"}],"version-history":[{"count":6,"href":"https:\/\/www.ifi-id.com\/fr\/wp-json\/wp\/v2\/pages\/46381\/revisions"}],"predecessor-version":[{"id":46445,"href":"https:\/\/www.ifi-id.com\/fr\/wp-json\/wp\/v2\/pages\/46381\/revisions\/46445"}],"wp:attachment":[{"href":"https:\/\/www.ifi-id.com\/fr\/wp-json\/wp\/v2\/media?parent=46381"}],"curies":[{"name":"wp","href":"https:\/\/api.w.org\/{rel}","templated":true}]}}