{"id":44442,"date":"2024-05-06T16:06:34","date_gmt":"2024-05-06T09:06:34","guid":{"rendered":"https:\/\/www.ifi-id.com\/nurul-novelia-fuandila\/"},"modified":"2024-12-02T17:30:26","modified_gmt":"2024-12-02T10:30:26","slug":"nurul-novelia-fuandila","status":"publish","type":"page","link":"https:\/\/www.ifi-id.com\/fr\/nurul-novelia-fuandila\/","title":{"rendered":"Nurul Novelia Fuandila"},"content":{"rendered":"\t\t<div data-elementor-type=\"wp-page\" data-elementor-id=\"44442\" class=\"elementor elementor-44442 elementor-44433\" data-elementor-post-type=\"page\">\n\t\t\t\t\t\t<section class=\"elementor-section elementor-top-section elementor-element elementor-element-600ba003 elementor-section-boxed elementor-section-height-default elementor-section-height-default\" data-id=\"600ba003\" data-element_type=\"section\">\n\t\t\t\t\t\t<div class=\"elementor-container elementor-column-gap-default\">\n\t\t\t\t\t<div class=\"elementor-column elementor-col-100 elementor-top-column elementor-element elementor-element-ef50839\" data-id=\"ef50839\" data-element_type=\"column\">\n\t\t\t<div class=\"elementor-widget-wrap elementor-element-populated\">\n\t\t\t\t\t\t<div class=\"elementor-element elementor-element-4cab9f29 elementor-widget elementor-widget-heading\" data-id=\"4cab9f29\" data-element_type=\"widget\" data-widget_type=\"heading.default\">\n\t\t\t\t<div class=\"elementor-widget-container\">\n\t\t\t<h2 class=\"elementor-heading-title elementor-size-default\">T\u00e9moignage : Nurul Novelia Fuandila<\/h2>\t\t<\/div>\n\t\t\t\t<\/div>\n\t\t\t\t\t<\/div>\n\t\t<\/div>\n\t\t\t\t\t<\/div>\n\t\t<\/section>\n\t\t\t\t<section class=\"elementor-section elementor-top-section elementor-element elementor-element-2115bad elementor-section-boxed elementor-section-height-default elementor-section-height-default\" data-id=\"2115bad\" data-element_type=\"section\">\n\t\t\t\t\t\t<div class=\"elementor-container elementor-column-gap-default\">\n\t\t\t\t\t<div class=\"elementor-column elementor-col-100 elementor-top-column elementor-element elementor-element-eedf175\" data-id=\"eedf175\" data-element_type=\"column\">\n\t\t\t<div class=\"elementor-widget-wrap elementor-element-populated\">\n\t\t\t\t\t\t<div class=\"elementor-element elementor-element-01c1b59 elementor-widget elementor-widget-image\" data-id=\"01c1b59\" data-element_type=\"widget\" data-widget_type=\"image.default\">\n\t\t\t\t<div class=\"elementor-widget-container\">\n\t\t\t\t\t\t\t\t\t\t\t\t\t<img fetchpriority=\"high\" decoding=\"async\" width=\"525\" height=\"295\" src=\"https:\/\/www.ifi-id.com\/wp-content\/uploads\/2024\/05\/Nurul-Testimoni-France-Excellence-S3-1024x576.png\" class=\"attachment-large size-large wp-image-44436\" alt=\"\" srcset=\"https:\/\/www.ifi-id.com\/wp-content\/uploads\/2024\/05\/Nurul-Testimoni-France-Excellence-S3-1024x576.png 1024w, https:\/\/www.ifi-id.com\/wp-content\/uploads\/2024\/05\/Nurul-Testimoni-France-Excellence-S3-300x169.png 300w, https:\/\/www.ifi-id.com\/wp-content\/uploads\/2024\/05\/Nurul-Testimoni-France-Excellence-S3-768x432.png 768w, https:\/\/www.ifi-id.com\/wp-content\/uploads\/2024\/05\/Nurul-Testimoni-France-Excellence-S3.png 1280w\" sizes=\"100vw\" \/>\t\t\t\t\t\t\t\t\t\t\t\t\t<\/div>\n\t\t\t\t<\/div>\n\t\t\t\t\t<\/div>\n\t\t<\/div>\n\t\t\t\t\t<\/div>\n\t\t<\/section>\n\t\t\t\t<section class=\"elementor-section elementor-top-section elementor-element elementor-element-c3353fc elementor-section-boxed elementor-section-height-default elementor-section-height-default\" data-id=\"c3353fc\" data-element_type=\"section\">\n\t\t\t\t\t\t<div class=\"elementor-container elementor-column-gap-default\">\n\t\t\t\t\t<div class=\"elementor-column elementor-col-100 elementor-top-column elementor-element elementor-element-4a40e1f\" data-id=\"4a40e1f\" data-element_type=\"column\">\n\t\t\t<div class=\"elementor-widget-wrap elementor-element-populated\">\n\t\t\t\t\t\t<div class=\"elementor-element elementor-element-c9515e8 elementor-widget elementor-widget-text-editor\" data-id=\"c9515e8\" data-element_type=\"widget\" data-widget_type=\"text-editor.default\">\n\t\t\t\t<div class=\"elementor-widget-container\">\n\t\t\t\t\t\t\t<h4>Qu\u2019avez-vous \u00e9tudi\u00e9 lors de votre th\u00e8se\u00a0?<\/h4>\n<p>Titre\u00a0: R\u00f4le des variations structurelles dans la diversit\u00e9 g\u00e9n\u00e9tique et l\u2019\u00e9volution de <em>l\u2019herp\u00e8svirus cyprin 3<\/em><br \/>\nL\u2019<em>herp\u00e8svirus cyprin 3<\/em> (CyHV-3) est l\u2019un des virus les plus pathog\u00e8nes infectant les carpes communes et ko\u00efs. Les haplotypes vari\u00e9s de ce virus posent des d\u00e9fis pour les th\u00e9rapies antivirales et les strat\u00e9gies de vaccination. L\u2019\u00e9tude a examin\u00e9 les changements dans les variations structurelles (VS) et la dynamique d\u2019accumulation de polymorphisme mononucl\u00e9otidique (SNP) dans le g\u00e9nome CyHV-3 par de multiples cycles de passages en s\u00e9rie dans des cultures cellulaires et apr\u00e8s exposition au stress thermique. Les r\u00e9sultats ont d\u00e9montr\u00e9 que les VS peuvent \u00eatre des facteurs significatifs dans l\u2019\u00e9volution <em>in vitro<\/em> du CyHV-3 et l\u2019\u00e9tude <em>in vivo<\/em> a montr\u00e9 une diversit\u00e9 virale r\u00e9duite dans ORF150.<\/p>\n<h4>Que faites-vous \u00e0 l\u2019heure actuelle, et comment votre th\u00e8se a-t-elle contribu\u00e9 \u00e0 cela ?<strong><br \/>\n<\/strong><\/h4>\n<p>Dans les prochains mois, je continuerai \u00e0 travailler sur les exp\u00e9rimentations avec mon superviseur \u00e0 l\u2019IRD Montpellier. Cette exp\u00e9rience est une continuation de ma th\u00e8se, qui \u00e9value le potentiel des g\u00e8nes pour une utilisation dans la pr\u00e9vention des maladies, telles que les applications pratiques sur l\u2019att\u00e9nuation de la virulence et les strat\u00e9gies de vaccination.<\/p>\n<h4>Pourquoi avez-vous fait appel \u00e0 France Excellence ?<\/h4>\n<p>France Excellence est l\u2019une des meilleures bourses d\u2019\u00e9tudes en France et offre une allocation de subsistance suffisante pour un \u00e9tudiant. Une autre raison est qu\u2019elle offre une atmosph\u00e8re acad\u00e9mique internationale et la connaissance de nombreux centres de recherche aquacole les plus avanc\u00e9s.<\/p>\n<h4>Comment avez-vous trouv\u00e9 votre sujet de th\u00e8se et votre directeur de th\u00e8se ?<\/h4>\n<p>Mon superviseur indon\u00e9sien m\u2019a montr\u00e9 ce programme de bourses et m\u2019a aid\u00e9 \u00e0 contacter mon superviseur fran\u00e7ais. Par chance, mon superviseur fran\u00e7ais avait d\u00e9j\u00e0 un projet de collaboration avec le gouvernement indon\u00e9sien.<\/p>\n<h4>Comment avez-vous v\u00e9cu votre exp\u00e9rience en France et au laboratoire ? Qu\u2019est-ce qui vous a le plus marqu\u00e9 ?<\/h4>\n<p>J\u2019ai plusieurs \u00e9tudiants qui m\u2019aident et me soutiennent. De plus, j\u2019ai des membres de l\u2019unit\u00e9 de laboratoire qui me soutiennent beaucoup et qui sont tr\u00e8s gentils. J\u2019appr\u00e9cie sinc\u00e8rement le soutien \u00e9motionnel de mes superviseurs et de mes coll\u00e8gues de laboratoire tout au long de mon \u00e9tude. Leurs contributions sont pr\u00e9cieuses et grandement appr\u00e9ci\u00e9es ; merci encore pour le soutien et les conseils patients. Je suis sinc\u00e8rement reconnaissante envers les membres de l\u2019ISEM (Institut des Sciences de l\u2019\u00c9volution, Montpellier) et de la DGIMI (Institut de G\u00e9n\u00e9tique, des Microbes et de l\u2019\u00c9volution) pour leur accueil chaleureux et l\u2019environnement acad\u00e9mique amusant.<\/p>\n<h4>Quelle a \u00e9t\u00e9 votre exp\u00e9rience avec France Excellence et comment FE a pu aider votre recherche en elle-m\u00eame ?<\/h4>\n<p>Je remercie toutes les \u00e9quipes FE en France (Campus France) et en Indon\u00e9sie (IFI\/CST) pour leur aide. Elles m\u2019ont donn\u00e9 de pr\u00e9cieux conseils tout en pr\u00e9parant toutes les proc\u00e9dures administratives pendant mon \u00e9tude. En ce qui concerne le soutien financier pendant mes \u00e9tudes, FE a prolong\u00e9 ma bourse en raison de plusieurs retards dans le calendrier de recherche. Ils organisent tous les documents rapidement et de mani\u00e8re ordonn\u00e9e. De plus, les \u00e9quipes FE m\u2019ont \u00e9galement aid\u00e9 \u00e0 trouver un logement, ce qui \u00e9tait \u00e0 un emplacement tr\u00e8s strat\u00e9gique pour moi dans l\u2019acc\u00e8s au laboratoire. Merci beaucoup \u00e0 toutes les parties de FE qui \u00e9taient r\u00e9actives et ont r\u00e9pondu \u00e0 toutes mes questions.<\/p>\n<h4>Qu\u2019est-ce que France Excellence vous a apport\u00e9 comme comp\u00e9tences techniques ?<\/h4>\n<p>Gr\u00e2ce \u00e0 leur soutien dans mon financement de recherche, j\u2019ai des comp\u00e9tences en biologie mol\u00e9culaire et en techniques de s\u00e9quen\u00e7age. J\u2019ai de l\u2019exp\u00e9rience avec les m\u00e9thodes de recherche, les m\u00e9thodes qualitatives, l\u2019analyse des donn\u00e9es et la visualisation.<\/p>\n<h4>Qu\u2019est-ce que France Excellence vous a apport\u00e9 en termes de soft skills ?<\/h4>\n<p>J\u2019ai combin\u00e9 des connaissances de divers domaines \u00e9troitement li\u00e9s pour r\u00e9pondre efficacement \u00e0 mes questions de recherche. Cette exp\u00e9rience m\u2019a appris \u00e0 diriger l\u2019information \u00e0 partir de multiples r\u00e9f\u00e9rences, le processus de conception d\u2019exp\u00e9riences ou d\u2019\u00e9tudes, la conclusion de la pens\u00e9e critique et les comp\u00e9tences de r\u00e9solution de probl\u00e8mes. De plus, la pr\u00e9sentation de projets scientifiques \u00e0 divers publics a permis \u00e0 mes comp\u00e9tences en communication de transmettre efficacement des id\u00e9es complexes.<\/p>\n<h4>Quelles perspectives d\u2019avenir s\u2019offrent \u00e0 vous et comment France Excellence a-t-elle pu y contribuer ?<\/h4>\n<p>Je veux \u00e9largir ma carri\u00e8re dans la sant\u00e9 et la nutrition du poisson. Je suis ravie de l\u2019opportunit\u00e9 de contribuer au groupe de recherche ou en tant que postdoc. FE a organis\u00e9 un rassemblement pour les \u00e9tudiants afin d\u2019\u00e9changer des informations sur les offres d\u2019emploi et d\u2019\u00e9changer des id\u00e9es. Je peux \u00e9galement \u00e9largir mes possibilit\u00e9s d\u2019obtenir des emplois plus prometteurs gr\u00e2ce \u00e0 ces partis.<\/p>\n<h4>Comment avez-vous contribu\u00e9 \u00e0 faire progresser la science ?<strong><br \/>\n<\/strong><\/h4>\n<p>J\u2019ai essay\u00e9 d\u2019encourager les pisciculteurs indon\u00e9siens \u00e0 se soucier davantage de leur int\u00e9r\u00eat pour l\u2019aquaculture en mettant en \u0153uvre des m\u00e9thodes de culture raisonnables et respectueuses de l\u2019environnement. Les \u00e9pid\u00e9mies en Indon\u00e9sie ne sont plus limit\u00e9es par la temp\u00e9rature, et la gravit\u00e9 de la maladie est fortement li\u00e9e \u00e0 la densit\u00e9. Par cons\u00e9quent, une densit\u00e9 optimale et de bonnes pratiques aquacoles doivent \u00eatre prises en compte pour contr\u00f4ler les \u00e9pid\u00e9mies.<\/p>\n<h4>Recommanderiez-vous France Excellence et \u00e0 quel type de candidat exactement ?<\/h4>\n<p>Je recommande vivement France Excellence aux candidats passionn\u00e9s de recherche et d\u00e9sireux d\u2019apprendre de nouvelles choses. En outre, \u00e0 des candidats qui sont des apprenants rapides et ont un caract\u00e8re facile \u00e0 vivre, ce qui leur permet de s\u2019adapter \u00e0 un nouvel environnement.<\/p>\n<h4>Votre conclusion<\/h4>\n<p>France Excellence m\u2019a offert une excellente occasion de parfaire mes connaissances. J\u2019assure aux futurs candidats qu\u2019\u00e9tudier en France sera le meilleur choix pour leur carri\u00e8re et leur d\u00e9veloppement personnel.<\/p>\n\t\t\t\t\t\t<\/div>\n\t\t\t\t<\/div>\n\t\t\t\t\t<\/div>\n\t\t<\/div>\n\t\t\t\t\t<\/div>\n\t\t<\/section>\n\t\t\t\t<\/div>\n\t\t","protected":false},"excerpt":{"rendered":"<p>T\u00e9moignage : Nurul Novelia Fuandila Qu\u2019avez-vous \u00e9tudi\u00e9 lors de votre th\u00e8se\u00a0? Titre\u00a0: R\u00f4le des variations structurelles dans la diversit\u00e9 g\u00e9n\u00e9tique et l\u2019\u00e9volution de l\u2019herp\u00e8svirus cyprin 3 L\u2019herp\u00e8svirus cyprin 3 (CyHV-3) est l\u2019un des virus les plus pathog\u00e8nes infectant les carpes communes et ko\u00efs. Les haplotypes vari\u00e9s de ce virus posent des d\u00e9fis pour les th\u00e9rapies &hellip; <\/p>\n<p class=\"link-more\"><a href=\"https:\/\/www.ifi-id.com\/fr\/nurul-novelia-fuandila\/\" class=\"more-link\">Continuer la lecture<span class=\"screen-reader-text\"> de &laquo;&nbsp;Nurul Novelia Fuandila&nbsp;&raquo;<\/span><\/a><\/p>\n","protected":false},"author":17,"featured_media":44436,"parent":0,"menu_order":0,"comment_status":"closed","ping_status":"closed","template":"elementor_header_footer","meta":{"footnotes":""},"class_list":["post-44442","page","type-page","status-publish","has-post-thumbnail","hentry"],"yoast_head":"<!-- This site is optimized with the Yoast SEO plugin v23.5 - https:\/\/yoast.com\/wordpress\/plugins\/seo\/ -->\n<title>Nurul Novelia Fuandila - Institut fran\u00e7ais Indon\u00e9sie<\/title>\n<meta name=\"robots\" content=\"index, follow, max-snippet:-1, max-image-preview:large, max-video-preview:-1\" \/>\n<link rel=\"canonical\" href=\"https:\/\/www.ifi-id.com\/nurul-novelia-fuandila\/\" \/>\n<meta property=\"og:locale\" content=\"fr_FR\" \/>\n<meta property=\"og:type\" content=\"article\" \/>\n<meta property=\"og:title\" content=\"Nurul Novelia Fuandila - Institut fran\u00e7ais Indon\u00e9sie\" \/>\n<meta property=\"og:description\" content=\"T\u00e9moignage : Nurul Novelia Fuandila Qu\u2019avez-vous \u00e9tudi\u00e9 lors de votre th\u00e8se\u00a0? Titre\u00a0: R\u00f4le des variations structurelles dans la diversit\u00e9 g\u00e9n\u00e9tique et l\u2019\u00e9volution de l\u2019herp\u00e8svirus cyprin 3 L\u2019herp\u00e8svirus cyprin 3 (CyHV-3) est l\u2019un des virus les plus pathog\u00e8nes infectant les carpes communes et ko\u00efs. Les haplotypes vari\u00e9s de ce virus posent des d\u00e9fis pour les th\u00e9rapies &hellip; Continuer la lecture de &laquo;&nbsp;Nurul Novelia Fuandila&nbsp;&raquo;\" \/>\n<meta property=\"og:url\" content=\"https:\/\/www.ifi-id.com\/nurul-novelia-fuandila\/\" \/>\n<meta property=\"og:site_name\" content=\"Institut fran\u00e7ais Indon\u00e9sie\" \/>\n<meta property=\"article:modified_time\" content=\"2024-12-02T10:30:26+00:00\" \/>\n<meta property=\"og:image\" content=\"https:\/\/www.ifi-id.com\/wp-content\/uploads\/2024\/05\/Nurul-Testimoni-France-Excellence-S3.png\" \/>\n\t<meta property=\"og:image:width\" content=\"1280\" \/>\n\t<meta property=\"og:image:height\" content=\"720\" \/>\n\t<meta property=\"og:image:type\" content=\"image\/png\" \/>\n<meta name=\"twitter:card\" content=\"summary_large_image\" \/>\n<meta name=\"twitter:label1\" content=\"Dur\u00e9e de lecture estim\u00e9e\" \/>\n\t<meta name=\"twitter:data1\" content=\"5 minutes\" \/>\n<script type=\"application\/ld+json\" class=\"yoast-schema-graph\">{\"@context\":\"https:\/\/schema.org\",\"@graph\":[{\"@type\":\"WebPage\",\"@id\":\"https:\/\/www.ifi-id.com\/nurul-novelia-fuandila\/\",\"url\":\"https:\/\/www.ifi-id.com\/nurul-novelia-fuandila\/\",\"name\":\"Nurul Novelia Fuandila - Institut fran\u00e7ais Indon\u00e9sie\",\"isPartOf\":{\"@id\":\"https:\/\/www.ifi-id.com\/#website\"},\"primaryImageOfPage\":{\"@id\":\"https:\/\/www.ifi-id.com\/nurul-novelia-fuandila\/#primaryimage\"},\"image\":{\"@id\":\"https:\/\/www.ifi-id.com\/nurul-novelia-fuandila\/#primaryimage\"},\"thumbnailUrl\":\"https:\/\/www.ifi-id.com\/wp-content\/uploads\/2024\/05\/Nurul-Testimoni-France-Excellence-S3.png\",\"datePublished\":\"2024-05-06T09:06:34+00:00\",\"dateModified\":\"2024-12-02T10:30:26+00:00\",\"breadcrumb\":{\"@id\":\"https:\/\/www.ifi-id.com\/nurul-novelia-fuandila\/#breadcrumb\"},\"inLanguage\":\"fr-FR\",\"potentialAction\":[{\"@type\":\"ReadAction\",\"target\":[\"https:\/\/www.ifi-id.com\/nurul-novelia-fuandila\/\"]}]},{\"@type\":\"ImageObject\",\"inLanguage\":\"fr-FR\",\"@id\":\"https:\/\/www.ifi-id.com\/nurul-novelia-fuandila\/#primaryimage\",\"url\":\"https:\/\/www.ifi-id.com\/wp-content\/uploads\/2024\/05\/Nurul-Testimoni-France-Excellence-S3.png\",\"contentUrl\":\"https:\/\/www.ifi-id.com\/wp-content\/uploads\/2024\/05\/Nurul-Testimoni-France-Excellence-S3.png\",\"width\":1280,\"height\":720},{\"@type\":\"BreadcrumbList\",\"@id\":\"https:\/\/www.ifi-id.com\/nurul-novelia-fuandila\/#breadcrumb\",\"itemListElement\":[{\"@type\":\"ListItem\",\"position\":1,\"name\":\"Home\",\"item\":\"https:\/\/www.ifi-id.com\/\"},{\"@type\":\"ListItem\",\"position\":2,\"name\":\"Nurul Novelia Fuandila\"}]},{\"@type\":\"WebSite\",\"@id\":\"https:\/\/www.ifi-id.com\/#website\",\"url\":\"https:\/\/www.ifi-id.com\/\",\"name\":\"Institut fran\u00e7ais Indon\u00e9sie\",\"description\":\"\",\"publisher\":{\"@id\":\"https:\/\/www.ifi-id.com\/#organization\"},\"potentialAction\":[{\"@type\":\"SearchAction\",\"target\":{\"@type\":\"EntryPoint\",\"urlTemplate\":\"https:\/\/www.ifi-id.com\/?s={search_term_string}\"},\"query-input\":{\"@type\":\"PropertyValueSpecification\",\"valueRequired\":true,\"valueName\":\"search_term_string\"}}],\"inLanguage\":\"fr-FR\"},{\"@type\":\"Organization\",\"@id\":\"https:\/\/www.ifi-id.com\/#organization\",\"name\":\"Institut fran\u00e7ais Indon\u00e9sie\",\"url\":\"https:\/\/www.ifi-id.com\/\",\"logo\":{\"@type\":\"ImageObject\",\"inLanguage\":\"fr-FR\",\"@id\":\"https:\/\/www.ifi-id.com\/#\/schema\/logo\/image\/\",\"url\":\"https:\/\/www.ifi-id.com\/wp-content\/uploads\/2022\/12\/IFI_New_Logo.jpg\",\"contentUrl\":\"https:\/\/www.ifi-id.com\/wp-content\/uploads\/2022\/12\/IFI_New_Logo.jpg\",\"width\":666,\"height\":444,\"caption\":\"Institut fran\u00e7ais Indon\u00e9sie\"},\"image\":{\"@id\":\"https:\/\/www.ifi-id.com\/#\/schema\/logo\/image\/\"}}]}<\/script>\n<!-- \/ Yoast SEO plugin. -->","yoast_head_json":{"title":"Nurul Novelia Fuandila - Institut fran\u00e7ais Indon\u00e9sie","robots":{"index":"index","follow":"follow","max-snippet":"max-snippet:-1","max-image-preview":"max-image-preview:large","max-video-preview":"max-video-preview:-1"},"canonical":"https:\/\/www.ifi-id.com\/nurul-novelia-fuandila\/","og_locale":"fr_FR","og_type":"article","og_title":"Nurul Novelia Fuandila - Institut fran\u00e7ais Indon\u00e9sie","og_description":"T\u00e9moignage : Nurul Novelia Fuandila Qu\u2019avez-vous \u00e9tudi\u00e9 lors de votre th\u00e8se\u00a0? Titre\u00a0: R\u00f4le des variations structurelles dans la diversit\u00e9 g\u00e9n\u00e9tique et l\u2019\u00e9volution de l\u2019herp\u00e8svirus cyprin 3 L\u2019herp\u00e8svirus cyprin 3 (CyHV-3) est l\u2019un des virus les plus pathog\u00e8nes infectant les carpes communes et ko\u00efs. Les haplotypes vari\u00e9s de ce virus posent des d\u00e9fis pour les th\u00e9rapies &hellip; Continuer la lecture de &laquo;&nbsp;Nurul Novelia Fuandila&nbsp;&raquo;","og_url":"https:\/\/www.ifi-id.com\/nurul-novelia-fuandila\/","og_site_name":"Institut fran\u00e7ais Indon\u00e9sie","article_modified_time":"2024-12-02T10:30:26+00:00","og_image":[{"width":1280,"height":720,"url":"https:\/\/www.ifi-id.com\/wp-content\/uploads\/2024\/05\/Nurul-Testimoni-France-Excellence-S3.png","type":"image\/png"}],"twitter_card":"summary_large_image","twitter_misc":{"Dur\u00e9e de lecture estim\u00e9e":"5 minutes"},"schema":{"@context":"https:\/\/schema.org","@graph":[{"@type":"WebPage","@id":"https:\/\/www.ifi-id.com\/nurul-novelia-fuandila\/","url":"https:\/\/www.ifi-id.com\/nurul-novelia-fuandila\/","name":"Nurul Novelia Fuandila - Institut fran\u00e7ais Indon\u00e9sie","isPartOf":{"@id":"https:\/\/www.ifi-id.com\/#website"},"primaryImageOfPage":{"@id":"https:\/\/www.ifi-id.com\/nurul-novelia-fuandila\/#primaryimage"},"image":{"@id":"https:\/\/www.ifi-id.com\/nurul-novelia-fuandila\/#primaryimage"},"thumbnailUrl":"https:\/\/www.ifi-id.com\/wp-content\/uploads\/2024\/05\/Nurul-Testimoni-France-Excellence-S3.png","datePublished":"2024-05-06T09:06:34+00:00","dateModified":"2024-12-02T10:30:26+00:00","breadcrumb":{"@id":"https:\/\/www.ifi-id.com\/nurul-novelia-fuandila\/#breadcrumb"},"inLanguage":"fr-FR","potentialAction":[{"@type":"ReadAction","target":["https:\/\/www.ifi-id.com\/nurul-novelia-fuandila\/"]}]},{"@type":"ImageObject","inLanguage":"fr-FR","@id":"https:\/\/www.ifi-id.com\/nurul-novelia-fuandila\/#primaryimage","url":"https:\/\/www.ifi-id.com\/wp-content\/uploads\/2024\/05\/Nurul-Testimoni-France-Excellence-S3.png","contentUrl":"https:\/\/www.ifi-id.com\/wp-content\/uploads\/2024\/05\/Nurul-Testimoni-France-Excellence-S3.png","width":1280,"height":720},{"@type":"BreadcrumbList","@id":"https:\/\/www.ifi-id.com\/nurul-novelia-fuandila\/#breadcrumb","itemListElement":[{"@type":"ListItem","position":1,"name":"Home","item":"https:\/\/www.ifi-id.com\/"},{"@type":"ListItem","position":2,"name":"Nurul Novelia Fuandila"}]},{"@type":"WebSite","@id":"https:\/\/www.ifi-id.com\/#website","url":"https:\/\/www.ifi-id.com\/","name":"Institut fran\u00e7ais Indon\u00e9sie","description":"","publisher":{"@id":"https:\/\/www.ifi-id.com\/#organization"},"potentialAction":[{"@type":"SearchAction","target":{"@type":"EntryPoint","urlTemplate":"https:\/\/www.ifi-id.com\/?s={search_term_string}"},"query-input":{"@type":"PropertyValueSpecification","valueRequired":true,"valueName":"search_term_string"}}],"inLanguage":"fr-FR"},{"@type":"Organization","@id":"https:\/\/www.ifi-id.com\/#organization","name":"Institut fran\u00e7ais Indon\u00e9sie","url":"https:\/\/www.ifi-id.com\/","logo":{"@type":"ImageObject","inLanguage":"fr-FR","@id":"https:\/\/www.ifi-id.com\/#\/schema\/logo\/image\/","url":"https:\/\/www.ifi-id.com\/wp-content\/uploads\/2022\/12\/IFI_New_Logo.jpg","contentUrl":"https:\/\/www.ifi-id.com\/wp-content\/uploads\/2022\/12\/IFI_New_Logo.jpg","width":666,"height":444,"caption":"Institut fran\u00e7ais Indon\u00e9sie"},"image":{"@id":"https:\/\/www.ifi-id.com\/#\/schema\/logo\/image\/"}}]}},"post_mailing_queue_ids":[],"_links":{"self":[{"href":"https:\/\/www.ifi-id.com\/fr\/wp-json\/wp\/v2\/pages\/44442"}],"collection":[{"href":"https:\/\/www.ifi-id.com\/fr\/wp-json\/wp\/v2\/pages"}],"about":[{"href":"https:\/\/www.ifi-id.com\/fr\/wp-json\/wp\/v2\/types\/page"}],"author":[{"embeddable":true,"href":"https:\/\/www.ifi-id.com\/fr\/wp-json\/wp\/v2\/users\/17"}],"replies":[{"embeddable":true,"href":"https:\/\/www.ifi-id.com\/fr\/wp-json\/wp\/v2\/comments?post=44442"}],"version-history":[{"count":2,"href":"https:\/\/www.ifi-id.com\/fr\/wp-json\/wp\/v2\/pages\/44442\/revisions"}],"predecessor-version":[{"id":50712,"href":"https:\/\/www.ifi-id.com\/fr\/wp-json\/wp\/v2\/pages\/44442\/revisions\/50712"}],"wp:featuredmedia":[{"embeddable":true,"href":"https:\/\/www.ifi-id.com\/fr\/wp-json\/wp\/v2\/media\/44436"}],"wp:attachment":[{"href":"https:\/\/www.ifi-id.com\/fr\/wp-json\/wp\/v2\/media?parent=44442"}],"curies":[{"name":"wp","href":"https:\/\/api.w.org\/{rel}","templated":true}]}}