{"id":42943,"date":"2024-02-28T15:12:11","date_gmt":"2024-02-28T08:12:11","guid":{"rendered":"https:\/\/www.ifi-id.com\/lazy-lundi\/"},"modified":"2024-03-13T11:16:37","modified_gmt":"2024-03-13T04:16:37","slug":"the-lazy-lundi","status":"publish","type":"page","link":"https:\/\/www.ifi-id.com\/fr\/the-lazy-lundi\/","title":{"rendered":"The Lazy Lundi"},"content":{"rendered":"\t\t<div data-elementor-type=\"wp-page\" data-elementor-id=\"42943\" class=\"elementor elementor-42943 elementor-42936\" data-elementor-post-type=\"page\">\n\t\t\t\t\t\t<section class=\"elementor-section elementor-top-section elementor-element elementor-element-4855868 elementor-section-boxed elementor-section-height-default elementor-section-height-default\" data-id=\"4855868\" data-element_type=\"section\">\n\t\t\t\t\t\t<div class=\"elementor-container elementor-column-gap-default\">\n\t\t\t\t\t<div class=\"elementor-column elementor-col-100 elementor-top-column elementor-element elementor-element-9d63bf1\" data-id=\"9d63bf1\" data-element_type=\"column\">\n\t\t\t<div class=\"elementor-widget-wrap elementor-element-populated\">\n\t\t\t\t\t\t<div class=\"elementor-element elementor-element-32203fc elementor-hidden-phone elementor-widget elementor-widget-heading\" data-id=\"32203fc\" data-element_type=\"widget\" data-widget_type=\"heading.default\">\n\t\t\t\t<div class=\"elementor-widget-container\">\n\t\t\t<h2 class=\"elementor-heading-title elementor-size-default\">The Lazy Lundi<\/h2>\t\t<\/div>\n\t\t\t\t<\/div>\n\t\t\t\t\t<\/div>\n\t\t<\/div>\n\t\t\t\t\t<\/div>\n\t\t<\/section>\n\t\t\t\t<section class=\"elementor-section elementor-top-section elementor-element elementor-element-4a584e8 elementor-section-boxed elementor-section-height-default elementor-section-height-default\" data-id=\"4a584e8\" data-element_type=\"section\">\n\t\t\t\t\t\t<div class=\"elementor-container elementor-column-gap-default\">\n\t\t\t\t\t<div class=\"elementor-column elementor-col-100 elementor-top-column elementor-element elementor-element-f44a890\" data-id=\"f44a890\" data-element_type=\"column\">\n\t\t\t<div class=\"elementor-widget-wrap elementor-element-populated\">\n\t\t\t\t\t\t<div class=\"elementor-element elementor-element-17ee6d5 elementor-hidden-desktop elementor-hidden-tablet elementor-widget elementor-widget-heading\" data-id=\"17ee6d5\" data-element_type=\"widget\" data-widget_type=\"heading.default\">\n\t\t\t\t<div class=\"elementor-widget-container\">\n\t\t\t<h2 class=\"elementor-heading-title elementor-size-default\">The Lazy Lundi<\/h2>\t\t<\/div>\n\t\t\t\t<\/div>\n\t\t\t\t\t<\/div>\n\t\t<\/div>\n\t\t\t\t\t<\/div>\n\t\t<\/section>\n\t\t\t\t<section class=\"elementor-section elementor-top-section elementor-element elementor-element-73165f4 elementor-section-boxed elementor-section-height-default elementor-section-height-default\" data-id=\"73165f4\" data-element_type=\"section\">\n\t\t\t\t\t\t<div class=\"elementor-container elementor-column-gap-default\">\n\t\t\t\t\t<div class=\"elementor-column elementor-col-100 elementor-top-column elementor-element elementor-element-21b1152\" data-id=\"21b1152\" data-element_type=\"column\">\n\t\t\t<div class=\"elementor-widget-wrap elementor-element-populated\">\n\t\t\t\t\t\t<div class=\"elementor-element elementor-element-60d0c66 elementor-grid-4 elementor-grid-tablet-2 elementor-grid-mobile-1 elementor-posts--thumbnail-top elementor-card-shadow-yes elementor-posts__hover-gradient elementor-widget elementor-widget-posts\" data-id=\"60d0c66\" data-element_type=\"widget\" data-settings=\"{&quot;pagination_type&quot;:&quot;numbers_and_prev_next&quot;,&quot;cards_row_gap&quot;:{&quot;unit&quot;:&quot;px&quot;,&quot;size&quot;:17,&quot;sizes&quot;:[]},&quot;cards_columns&quot;:&quot;4&quot;,&quot;cards_columns_tablet&quot;:&quot;2&quot;,&quot;cards_columns_mobile&quot;:&quot;1&quot;,&quot;cards_row_gap_tablet&quot;:{&quot;unit&quot;:&quot;px&quot;,&quot;size&quot;:&quot;&quot;,&quot;sizes&quot;:[]},&quot;cards_row_gap_mobile&quot;:{&quot;unit&quot;:&quot;px&quot;,&quot;size&quot;:&quot;&quot;,&quot;sizes&quot;:[]}}\" data-widget_type=\"posts.cards\">\n\t\t\t\t<div class=\"elementor-widget-container\">\n\t\t\t\t\t<div class=\"elementor-posts-container elementor-posts elementor-posts--skin-cards elementor-grid\">\n\t\t\t\t<article class=\"elementor-post elementor-grid-item post-47950 post type-post status-publish format-standard has-post-thumbnail hentry category-uncategorized tag-culture tag-jeu-video tag-lazy-lundi-fr tag-national\">\n\t\t\t<div class=\"elementor-post__card\">\n\t\t\t\t<a class=\"elementor-post__thumbnail__link\" href=\"https:\/\/www.ifi-id.com\/fr\/video-14-sur-lactualite-des-jeux-video-francais-embarquez-pour-baladins-du-studio-seed-by-seed\/\" tabindex=\"-1\" ><div class=\"elementor-post__thumbnail\"><img fetchpriority=\"high\" decoding=\"async\" width=\"1280\" height=\"720\" src=\"https:\/\/www.ifi-id.com\/wp-content\/uploads\/2024\/10\/WB-TLM-OCTOBRE.jpg\" class=\"attachment-full size-full wp-image-47934\" alt=\"\" srcset=\"https:\/\/www.ifi-id.com\/wp-content\/uploads\/2024\/10\/WB-TLM-OCTOBRE.jpg 1280w, https:\/\/www.ifi-id.com\/wp-content\/uploads\/2024\/10\/WB-TLM-OCTOBRE-300x169.jpg 300w, https:\/\/www.ifi-id.com\/wp-content\/uploads\/2024\/10\/WB-TLM-OCTOBRE-1024x576.jpg 1024w, https:\/\/www.ifi-id.com\/wp-content\/uploads\/2024\/10\/WB-TLM-OCTOBRE-768x432.jpg 768w\" sizes=\"100vw\" \/><\/div><\/a>\n\t\t\t\t<div class=\"elementor-post__text\">\n\t\t\t\t<h3 class=\"elementor-post__title\">\n\t\t\t<a href=\"https:\/\/www.ifi-id.com\/fr\/video-14-sur-lactualite-des-jeux-video-francais-embarquez-pour-baladins-du-studio-seed-by-seed\/\" >\n\t\t\t\tVid\u00e9o #14 sur l\u2019actualit\u00e9 des jeux vid\u00e9o fran\u00e7ais : embarquez pour \u00ab Baladins \u00bb du studio Seed by Seed\t\t\t<\/a>\n\t\t<\/h3>\n\t\t\t\t<\/div>\n\t\t\t\t\t<\/div>\n\t\t<\/article>\n\t\t\t\t<article class=\"elementor-post elementor-grid-item post-42732 post type-post status-publish format-standard has-post-thumbnail hentry category-uncategorized tag-culture tag-jeu-video tag-lazy-lundi-fr tag-national\">\n\t\t\t<div class=\"elementor-post__card\">\n\t\t\t\t<a class=\"elementor-post__thumbnail__link\" href=\"https:\/\/www.ifi-id.com\/fr\/video-13-sur-lactualite-des-jeux-video-francais-plongee-dans-banishers-ghosts-of-new-eden-du-studio-dont-nod\/\" tabindex=\"-1\" ><div class=\"elementor-post__thumbnail\"><img decoding=\"async\" width=\"1280\" height=\"720\" src=\"https:\/\/www.ifi-id.com\/wp-content\/uploads\/2024\/02\/WhatsApp-Image-2024-02-21-at-18.28.07_2dddb182.jpg\" class=\"attachment-full size-full wp-image-42727\" alt=\"\" srcset=\"https:\/\/www.ifi-id.com\/wp-content\/uploads\/2024\/02\/WhatsApp-Image-2024-02-21-at-18.28.07_2dddb182.jpg 1280w, https:\/\/www.ifi-id.com\/wp-content\/uploads\/2024\/02\/WhatsApp-Image-2024-02-21-at-18.28.07_2dddb182-300x169.jpg 300w, https:\/\/www.ifi-id.com\/wp-content\/uploads\/2024\/02\/WhatsApp-Image-2024-02-21-at-18.28.07_2dddb182-1024x576.jpg 1024w, https:\/\/www.ifi-id.com\/wp-content\/uploads\/2024\/02\/WhatsApp-Image-2024-02-21-at-18.28.07_2dddb182-768x432.jpg 768w\" sizes=\"100vw\" \/><\/div><\/a>\n\t\t\t\t<div class=\"elementor-post__text\">\n\t\t\t\t<h3 class=\"elementor-post__title\">\n\t\t\t<a href=\"https:\/\/www.ifi-id.com\/fr\/video-13-sur-lactualite-des-jeux-video-francais-plongee-dans-banishers-ghosts-of-new-eden-du-studio-dont-nod\/\" >\n\t\t\t\tVid\u00e9o #13 sur l\u2019actualit\u00e9 des jeux vid\u00e9o fran\u00e7ais : plong\u00e9e dans \u00ab Banishers: Ghosts of New Eden \u00bb du studio Don\u2019t Nod\t\t\t<\/a>\n\t\t<\/h3>\n\t\t\t\t<\/div>\n\t\t\t\t\t<\/div>\n\t\t<\/article>\n\t\t\t\t<article class=\"elementor-post elementor-grid-item post-38858 post type-post status-publish format-standard has-post-thumbnail hentry category-uncategorized tag-culture tag-jeu-video tag-lazy-lundi-fr tag-national\">\n\t\t\t<div class=\"elementor-post__card\">\n\t\t\t\t<a class=\"elementor-post__thumbnail__link\" href=\"https:\/\/www.ifi-id.com\/fr\/video-12-sur-lactualite-des-jeux-video-francais-plongee-dans-under-the-waves-de-parallel-studio\/\" tabindex=\"-1\" ><div class=\"elementor-post__thumbnail\"><img decoding=\"async\" width=\"1280\" height=\"720\" src=\"https:\/\/www.ifi-id.com\/wp-content\/uploads\/2023\/10\/WhatsApp-Image-2023-10-13-at-11.52.23_df8086c9.jpg\" class=\"attachment-full size-full wp-image-38837\" alt=\"\" srcset=\"https:\/\/www.ifi-id.com\/wp-content\/uploads\/2023\/10\/WhatsApp-Image-2023-10-13-at-11.52.23_df8086c9.jpg 1280w, https:\/\/www.ifi-id.com\/wp-content\/uploads\/2023\/10\/WhatsApp-Image-2023-10-13-at-11.52.23_df8086c9-300x169.jpg 300w, https:\/\/www.ifi-id.com\/wp-content\/uploads\/2023\/10\/WhatsApp-Image-2023-10-13-at-11.52.23_df8086c9-1024x576.jpg 1024w, https:\/\/www.ifi-id.com\/wp-content\/uploads\/2023\/10\/WhatsApp-Image-2023-10-13-at-11.52.23_df8086c9-768x432.jpg 768w\" sizes=\"100vw\" \/><\/div><\/a>\n\t\t\t\t<div class=\"elementor-post__text\">\n\t\t\t\t<h3 class=\"elementor-post__title\">\n\t\t\t<a href=\"https:\/\/www.ifi-id.com\/fr\/video-12-sur-lactualite-des-jeux-video-francais-plongee-dans-under-the-waves-de-parallel-studio\/\" >\n\t\t\t\tVid\u00e9o #12 sur l\u2019actualit\u00e9 des jeux vid\u00e9o fran\u00e7ais : plong\u00e9e dans \u00ab Under The Waves \u00bb de Parallel Studio\t\t\t<\/a>\n\t\t<\/h3>\n\t\t\t\t<\/div>\n\t\t\t\t\t<\/div>\n\t\t<\/article>\n\t\t\t\t<article class=\"elementor-post elementor-grid-item post-36688 post type-post status-publish format-standard has-post-thumbnail hentry category-uncategorized tag-culture tag-jeu-video tag-lazy-lundi-fr tag-national\">\n\t\t\t<div class=\"elementor-post__card\">\n\t\t\t\t<a class=\"elementor-post__thumbnail__link\" href=\"https:\/\/www.ifi-id.com\/fr\/video-11-sur-lactualite-des-jeux-video-francais-avec-notre-partenaire-the-lazy-monday-la-serie-dhorreur-a-plague-tale\/\" tabindex=\"-1\" ><div class=\"elementor-post__thumbnail\"><img loading=\"lazy\" decoding=\"async\" width=\"1280\" height=\"720\" src=\"https:\/\/www.ifi-id.com\/wp-content\/uploads\/2023\/07\/wb-tlm-juli-copy.jpg\" class=\"attachment-full size-full wp-image-36683\" alt=\"\" srcset=\"https:\/\/www.ifi-id.com\/wp-content\/uploads\/2023\/07\/wb-tlm-juli-copy.jpg 1280w, https:\/\/www.ifi-id.com\/wp-content\/uploads\/2023\/07\/wb-tlm-juli-copy-300x169.jpg 300w, https:\/\/www.ifi-id.com\/wp-content\/uploads\/2023\/07\/wb-tlm-juli-copy-1024x576.jpg 1024w, https:\/\/www.ifi-id.com\/wp-content\/uploads\/2023\/07\/wb-tlm-juli-copy-768x432.jpg 768w\" sizes=\"100vw\" \/><\/div><\/a>\n\t\t\t\t<div class=\"elementor-post__text\">\n\t\t\t\t<h3 class=\"elementor-post__title\">\n\t\t\t<a href=\"https:\/\/www.ifi-id.com\/fr\/video-11-sur-lactualite-des-jeux-video-francais-avec-notre-partenaire-the-lazy-monday-la-serie-dhorreur-a-plague-tale\/\" >\n\t\t\t\tVid\u00e9o #11 sur l\u2019actualit\u00e9 des jeux vid\u00e9o fran\u00e7ais avec notre partenaire The Lazy Monday : la s\u00e9rie d\u2019horreur \u00ab A Plague Tale \u00bb\t\t\t<\/a>\n\t\t<\/h3>\n\t\t\t\t<\/div>\n\t\t\t\t\t<\/div>\n\t\t<\/article>\n\t\t\t\t<\/div>\n\t\t\n\t\t\t\t<div class=\"e-load-more-anchor\" data-page=\"1\" data-max-page=\"2\" data-next-page=\"https:\/\/www.ifi-id.com\/fr\/wp-json\/wp\/v2\/pages\/42943\/page\/2\/\"><\/div>\n\t\t\t\t<nav class=\"elementor-pagination\" aria-label=\"Pagination\">\n\t\t\t<span class=\"page-numbers prev\"><i class=\"fas fa-less-than\"> <\/i><\/span>\n<span aria-current=\"page\" class=\"page-numbers current\"><span class=\"elementor-screen-only\">Page<\/span>1<\/span>\n<a class=\"page-numbers\" href=\"https:\/\/www.ifi-id.com\/fr\/wp-json\/wp\/v2\/pages\/42943\/page\/2\/\"><span class=\"elementor-screen-only\">Page<\/span>2<\/a>\n<a class=\"page-numbers next\" href=\"https:\/\/www.ifi-id.com\/fr\/wp-json\/wp\/v2\/pages\/42943\/page\/2\/\"><i class=\"fas fa-greater-than\"> <\/i><\/a>\t\t<\/nav>\n\t\t\t\t<\/div>\n\t\t\t\t<\/div>\n\t\t\t\t\t<\/div>\n\t\t<\/div>\n\t\t\t\t\t<\/div>\n\t\t<\/section>\n\t\t\t\t<\/div>\n\t\t","protected":false},"excerpt":{"rendered":"<p>The Lazy Lundi The Lazy Lundi<\/p>\n","protected":false},"author":8,"featured_media":0,"parent":0,"menu_order":0,"comment_status":"closed","ping_status":"closed","template":"elementor_header_footer","meta":{"footnotes":""},"class_list":["post-42943","page","type-page","status-publish","hentry"],"yoast_head":"<!-- This site is optimized with the Yoast SEO plugin v23.5 - https:\/\/yoast.com\/wordpress\/plugins\/seo\/ -->\n<title>The Lazy Lundi - Institut fran\u00e7ais Indon\u00e9sie<\/title>\n<meta name=\"robots\" content=\"index, follow, max-snippet:-1, max-image-preview:large, max-video-preview:-1\" \/>\n<link rel=\"canonical\" href=\"https:\/\/www.ifi-id.com\/the-lazy-lundi\/\" \/>\n<meta property=\"og:locale\" content=\"fr_FR\" \/>\n<meta property=\"og:type\" content=\"article\" \/>\n<meta property=\"og:title\" content=\"The Lazy Lundi - Institut fran\u00e7ais Indon\u00e9sie\" \/>\n<meta property=\"og:description\" content=\"The Lazy Lundi The Lazy Lundi\" \/>\n<meta property=\"og:url\" content=\"https:\/\/www.ifi-id.com\/the-lazy-lundi\/\" \/>\n<meta property=\"og:site_name\" content=\"Institut fran\u00e7ais Indon\u00e9sie\" \/>\n<meta property=\"article:modified_time\" content=\"2024-03-13T04:16:37+00:00\" \/>\n<meta name=\"twitter:card\" content=\"summary_large_image\" \/>\n<script type=\"application\/ld+json\" class=\"yoast-schema-graph\">{\"@context\":\"https:\/\/schema.org\",\"@graph\":[{\"@type\":\"WebPage\",\"@id\":\"https:\/\/www.ifi-id.com\/the-lazy-lundi\/\",\"url\":\"https:\/\/www.ifi-id.com\/the-lazy-lundi\/\",\"name\":\"The Lazy Lundi - Institut fran\u00e7ais Indon\u00e9sie\",\"isPartOf\":{\"@id\":\"https:\/\/www.ifi-id.com\/#website\"},\"datePublished\":\"2024-02-28T08:12:11+00:00\",\"dateModified\":\"2024-03-13T04:16:37+00:00\",\"breadcrumb\":{\"@id\":\"https:\/\/www.ifi-id.com\/the-lazy-lundi\/#breadcrumb\"},\"inLanguage\":\"fr-FR\",\"potentialAction\":[{\"@type\":\"ReadAction\",\"target\":[\"https:\/\/www.ifi-id.com\/the-lazy-lundi\/\"]}]},{\"@type\":\"BreadcrumbList\",\"@id\":\"https:\/\/www.ifi-id.com\/the-lazy-lundi\/#breadcrumb\",\"itemListElement\":[{\"@type\":\"ListItem\",\"position\":1,\"name\":\"Home\",\"item\":\"https:\/\/www.ifi-id.com\/\"},{\"@type\":\"ListItem\",\"position\":2,\"name\":\"The Lazy Lundi\"}]},{\"@type\":\"WebSite\",\"@id\":\"https:\/\/www.ifi-id.com\/#website\",\"url\":\"https:\/\/www.ifi-id.com\/\",\"name\":\"Institut fran\u00e7ais Indon\u00e9sie\",\"description\":\"\",\"publisher\":{\"@id\":\"https:\/\/www.ifi-id.com\/#organization\"},\"potentialAction\":[{\"@type\":\"SearchAction\",\"target\":{\"@type\":\"EntryPoint\",\"urlTemplate\":\"https:\/\/www.ifi-id.com\/?s={search_term_string}\"},\"query-input\":{\"@type\":\"PropertyValueSpecification\",\"valueRequired\":true,\"valueName\":\"search_term_string\"}}],\"inLanguage\":\"fr-FR\"},{\"@type\":\"Organization\",\"@id\":\"https:\/\/www.ifi-id.com\/#organization\",\"name\":\"Institut fran\u00e7ais Indon\u00e9sie\",\"url\":\"https:\/\/www.ifi-id.com\/\",\"logo\":{\"@type\":\"ImageObject\",\"inLanguage\":\"fr-FR\",\"@id\":\"https:\/\/www.ifi-id.com\/#\/schema\/logo\/image\/\",\"url\":\"https:\/\/www.ifi-id.com\/wp-content\/uploads\/2022\/12\/IFI_New_Logo.jpg\",\"contentUrl\":\"https:\/\/www.ifi-id.com\/wp-content\/uploads\/2022\/12\/IFI_New_Logo.jpg\",\"width\":666,\"height\":444,\"caption\":\"Institut fran\u00e7ais Indon\u00e9sie\"},\"image\":{\"@id\":\"https:\/\/www.ifi-id.com\/#\/schema\/logo\/image\/\"}}]}<\/script>\n<!-- \/ Yoast SEO plugin. -->","yoast_head_json":{"title":"The Lazy Lundi - Institut fran\u00e7ais Indon\u00e9sie","robots":{"index":"index","follow":"follow","max-snippet":"max-snippet:-1","max-image-preview":"max-image-preview:large","max-video-preview":"max-video-preview:-1"},"canonical":"https:\/\/www.ifi-id.com\/the-lazy-lundi\/","og_locale":"fr_FR","og_type":"article","og_title":"The Lazy Lundi - Institut fran\u00e7ais Indon\u00e9sie","og_description":"The Lazy Lundi The Lazy Lundi","og_url":"https:\/\/www.ifi-id.com\/the-lazy-lundi\/","og_site_name":"Institut fran\u00e7ais Indon\u00e9sie","article_modified_time":"2024-03-13T04:16:37+00:00","twitter_card":"summary_large_image","schema":{"@context":"https:\/\/schema.org","@graph":[{"@type":"WebPage","@id":"https:\/\/www.ifi-id.com\/the-lazy-lundi\/","url":"https:\/\/www.ifi-id.com\/the-lazy-lundi\/","name":"The Lazy Lundi - Institut fran\u00e7ais Indon\u00e9sie","isPartOf":{"@id":"https:\/\/www.ifi-id.com\/#website"},"datePublished":"2024-02-28T08:12:11+00:00","dateModified":"2024-03-13T04:16:37+00:00","breadcrumb":{"@id":"https:\/\/www.ifi-id.com\/the-lazy-lundi\/#breadcrumb"},"inLanguage":"fr-FR","potentialAction":[{"@type":"ReadAction","target":["https:\/\/www.ifi-id.com\/the-lazy-lundi\/"]}]},{"@type":"BreadcrumbList","@id":"https:\/\/www.ifi-id.com\/the-lazy-lundi\/#breadcrumb","itemListElement":[{"@type":"ListItem","position":1,"name":"Home","item":"https:\/\/www.ifi-id.com\/"},{"@type":"ListItem","position":2,"name":"The Lazy Lundi"}]},{"@type":"WebSite","@id":"https:\/\/www.ifi-id.com\/#website","url":"https:\/\/www.ifi-id.com\/","name":"Institut fran\u00e7ais Indon\u00e9sie","description":"","publisher":{"@id":"https:\/\/www.ifi-id.com\/#organization"},"potentialAction":[{"@type":"SearchAction","target":{"@type":"EntryPoint","urlTemplate":"https:\/\/www.ifi-id.com\/?s={search_term_string}"},"query-input":{"@type":"PropertyValueSpecification","valueRequired":true,"valueName":"search_term_string"}}],"inLanguage":"fr-FR"},{"@type":"Organization","@id":"https:\/\/www.ifi-id.com\/#organization","name":"Institut fran\u00e7ais Indon\u00e9sie","url":"https:\/\/www.ifi-id.com\/","logo":{"@type":"ImageObject","inLanguage":"fr-FR","@id":"https:\/\/www.ifi-id.com\/#\/schema\/logo\/image\/","url":"https:\/\/www.ifi-id.com\/wp-content\/uploads\/2022\/12\/IFI_New_Logo.jpg","contentUrl":"https:\/\/www.ifi-id.com\/wp-content\/uploads\/2022\/12\/IFI_New_Logo.jpg","width":666,"height":444,"caption":"Institut fran\u00e7ais Indon\u00e9sie"},"image":{"@id":"https:\/\/www.ifi-id.com\/#\/schema\/logo\/image\/"}}]}},"post_mailing_queue_ids":[],"_links":{"self":[{"href":"https:\/\/www.ifi-id.com\/fr\/wp-json\/wp\/v2\/pages\/42943"}],"collection":[{"href":"https:\/\/www.ifi-id.com\/fr\/wp-json\/wp\/v2\/pages"}],"about":[{"href":"https:\/\/www.ifi-id.com\/fr\/wp-json\/wp\/v2\/types\/page"}],"author":[{"embeddable":true,"href":"https:\/\/www.ifi-id.com\/fr\/wp-json\/wp\/v2\/users\/8"}],"replies":[{"embeddable":true,"href":"https:\/\/www.ifi-id.com\/fr\/wp-json\/wp\/v2\/comments?post=42943"}],"version-history":[{"count":4,"href":"https:\/\/www.ifi-id.com\/fr\/wp-json\/wp\/v2\/pages\/42943\/revisions"}],"predecessor-version":[{"id":43581,"href":"https:\/\/www.ifi-id.com\/fr\/wp-json\/wp\/v2\/pages\/42943\/revisions\/43581"}],"wp:attachment":[{"href":"https:\/\/www.ifi-id.com\/fr\/wp-json\/wp\/v2\/media?parent=42943"}],"curies":[{"name":"wp","href":"https:\/\/api.w.org\/{rel}","templated":true}]}}