{"id":41209,"date":"2023-11-20T11:00:44","date_gmt":"2023-11-20T04:00:44","guid":{"rendered":"https:\/\/www.ifi-id.com\/discussion-animation\/"},"modified":"2023-11-20T11:00:44","modified_gmt":"2023-11-20T04:00:44","slug":"discussion-animation","status":"publish","type":"page","link":"https:\/\/www.ifi-id.com\/fr\/discussion-animation\/","title":{"rendered":"Discussion \u201cLights, Camera, Animation: Exploring the Production, storytelling and the Future of Animation\u201d"},"content":{"rendered":"\t\t<div data-elementor-type=\"wp-page\" data-elementor-id=\"41209\" class=\"elementor elementor-41209 elementor-40578\" data-elementor-post-type=\"page\">\n\t\t\t\t\t\t<section class=\"elementor-section elementor-top-section elementor-element elementor-element-14ef54f9 elementor-section-boxed elementor-section-height-default elementor-section-height-default\" data-id=\"14ef54f9\" data-element_type=\"section\">\n\t\t\t\t\t\t<div class=\"elementor-container elementor-column-gap-default\">\n\t\t\t\t\t<div class=\"elementor-column elementor-col-100 elementor-top-column elementor-element elementor-element-f02065\" data-id=\"f02065\" data-element_type=\"column\">\n\t\t\t<div class=\"elementor-widget-wrap elementor-element-populated\">\n\t\t\t\t\t\t<div class=\"elementor-element elementor-element-3999a941 elementor-hidden-phone elementor-widget elementor-widget-heading\" data-id=\"3999a941\" data-element_type=\"widget\" data-widget_type=\"heading.default\">\n\t\t\t\t<div class=\"elementor-widget-container\">\n\t\t\t<h2 class=\"elementor-heading-title elementor-size-default\">Discussion \u201cLights, Camera, Animation: Exploring the Production, storytelling and the Future of Animation\u201d <\/h2>\t\t<\/div>\n\t\t\t\t<\/div>\n\t\t\t\t\t<\/div>\n\t\t<\/div>\n\t\t\t\t\t<\/div>\n\t\t<\/section>\n\t\t\t\t<section class=\"elementor-section elementor-top-section elementor-element elementor-element-56ce5924 elementor-section-boxed elementor-section-height-default elementor-section-height-default\" data-id=\"56ce5924\" data-element_type=\"section\">\n\t\t\t\t\t\t<div class=\"elementor-container elementor-column-gap-default\">\n\t\t\t\t\t<div class=\"elementor-column elementor-col-100 elementor-top-column elementor-element elementor-element-595e6a89\" data-id=\"595e6a89\" data-element_type=\"column\">\n\t\t\t<div class=\"elementor-widget-wrap elementor-element-populated\">\n\t\t\t\t\t\t<div class=\"elementor-element elementor-element-74ad2e85 elementor-hidden-desktop elementor-hidden-tablet elementor-widget elementor-widget-heading\" data-id=\"74ad2e85\" data-element_type=\"widget\" data-widget_type=\"heading.default\">\n\t\t\t\t<div class=\"elementor-widget-container\">\n\t\t\t<h1 class=\"elementor-heading-title elementor-size-default\">Discussion \u201cLights, Camera, Animation: Exploring the Production, storytelling and the Future of Animation\u201d <\/h1>\t\t<\/div>\n\t\t\t\t<\/div>\n\t\t\t\t\t<\/div>\n\t\t<\/div>\n\t\t\t\t\t<\/div>\n\t\t<\/section>\n\t\t\t\t<section class=\"elementor-section elementor-top-section elementor-element elementor-element-1beaa4ff elementor-section-boxed elementor-section-height-default elementor-section-height-default\" data-id=\"1beaa4ff\" data-element_type=\"section\">\n\t\t\t\t\t\t<div class=\"elementor-container elementor-column-gap-default\">\n\t\t\t\t\t<div class=\"elementor-column elementor-col-100 elementor-top-column elementor-element elementor-element-3457059f\" data-id=\"3457059f\" data-element_type=\"column\">\n\t\t\t<div class=\"elementor-widget-wrap elementor-element-populated\">\n\t\t\t\t\t\t<div class=\"elementor-element elementor-element-3a3e430 elementor-widget elementor-widget-image\" data-id=\"3a3e430\" data-element_type=\"widget\" data-widget_type=\"image.default\">\n\t\t\t\t<div class=\"elementor-widget-container\">\n\t\t\t\t\t\t\t\t\t\t\t\t\t<img fetchpriority=\"high\" decoding=\"async\" width=\"1080\" height=\"1080\" src=\"https:\/\/www.ifi-id.com\/wp-content\/uploads\/2023\/11\/WhatsApp-Image-2023-11-17-at-10.10.31-AM-2.jpeg\" class=\"attachment-1536x1536 size-1536x1536 wp-image-41042\" alt=\"\" srcset=\"https:\/\/www.ifi-id.com\/wp-content\/uploads\/2023\/11\/WhatsApp-Image-2023-11-17-at-10.10.31-AM-2.jpeg 1080w, https:\/\/www.ifi-id.com\/wp-content\/uploads\/2023\/11\/WhatsApp-Image-2023-11-17-at-10.10.31-AM-2-300x300.jpeg 300w, https:\/\/www.ifi-id.com\/wp-content\/uploads\/2023\/11\/WhatsApp-Image-2023-11-17-at-10.10.31-AM-2-1024x1024.jpeg 1024w, https:\/\/www.ifi-id.com\/wp-content\/uploads\/2023\/11\/WhatsApp-Image-2023-11-17-at-10.10.31-AM-2-150x150.jpeg 150w, https:\/\/www.ifi-id.com\/wp-content\/uploads\/2023\/11\/WhatsApp-Image-2023-11-17-at-10.10.31-AM-2-768x768.jpeg 768w, https:\/\/www.ifi-id.com\/wp-content\/uploads\/2023\/11\/WhatsApp-Image-2023-11-17-at-10.10.31-AM-2-100x100.jpeg 100w\" sizes=\"100vw\" \/>\t\t\t\t\t\t\t\t\t\t\t\t\t<\/div>\n\t\t\t\t<\/div>\n\t\t\t\t<div class=\"elementor-element elementor-element-e1a59ee elementor-widget elementor-widget-text-editor\" data-id=\"e1a59ee\" data-element_type=\"widget\" data-widget_type=\"text-editor.default\">\n\t\t\t\t<div class=\"elementor-widget-container\">\n\t\t\t\t\t\t\t<h4><b>dimanche, 19 novembre | 13h<br \/>\n<\/b><b><span style=\"color: var( --e-global-color-text ); font-size: 1rem;\">IFI Thamrin<\/span><\/b><\/h4>\n<h4><span style=\"color: #5d5d5d;\"><span style=\"font-size: 16px;\">https:\/\/bit.ly\/FSP23_CreativeTalksAnimation<\/span><\/span><br \/>\n<b><span style=\"color: var( --e-global-color-text ); font-size: 1rem;\">Gratuit<\/span><\/b><\/h4>\n<p><span style=\"color: var( --e-global-color-text ); font-weight: var( --e-global-typography-text-font-weight ); font-size: 1rem;\">L&rsquo;animation offre un vaste univers cr\u00e9atif qu&rsquo;il est difficile de reproduire pour les films en prises de vues r\u00e9elles. Cette diversit\u00e9 favorise une narration imaginative, ce qui la rend attrayante pour un public plus large. En outre, l&rsquo;industrie de l&rsquo;animation est constamment \u00e0 l&rsquo;avant-garde de nouvelles technologies et techniques qui s&rsquo;int\u00e8grent dans la r\u00e9alisation de films en prises de vues r\u00e9elles. Cette interaction souligne l&rsquo;importance de l&rsquo;animation dans l&rsquo;industrie cin\u00e9matographique, car elle excelle \u00e0 captiver, divertir, \u00e9duquer et repousser les limites de la narration et de l&rsquo;art visuel.<\/span><b><\/b><\/p>\n<p><strong>L&rsquo;art de la production d&rsquo;animation<\/strong> : Plongez dans le processus complexe de cr\u00e9ation d&rsquo;un film d&rsquo;animation, de la conceptualisation et du story-board \u00e0 l&rsquo;interpr\u00e9tation vocale, \u00e0 la conception sonore et \u00e0 la post-production. Soulignez la nature collaborative de la production de films d&rsquo;animation, en montrant comment diff\u00e9rents talents s&rsquo;unissent pour cr\u00e9er des chefs-d&rsquo;\u0153uvre visuels.<\/p>\n<p><strong>L&rsquo;animation, un moyen unique de raconter des histoires<\/strong> : Explorer comment la nature distincte de l&rsquo;animation offre des possibilit\u00e9s de narration in\u00e9gal\u00e9es. L&rsquo;animation offre une toile ouverte aux mondes fantastiques, aux personnages anthropomorphes et aux r\u00e9cits imaginatifs. Discutez de la mani\u00e8re dont l&rsquo;animation peut transmettre efficacement des \u00e9motions et des r\u00e9cits complexes, ce qui peut s&rsquo;av\u00e9rer difficile dans le cin\u00e9ma en prises de vues r\u00e9elles.<\/p>\n<p><strong>L&rsquo;avenir de l&rsquo;animation<\/strong> : Pr\u00e9voir et discuter des tendances \u00e0 venir dans l&rsquo;industrie de l&rsquo;animation, y compris l&rsquo;essor de l&rsquo;animation en r\u00e9alit\u00e9 virtuelle (VR), la croissance de la narration interactive et l&rsquo;int\u00e9gration de l&rsquo;intelligence artificielle (IA) dans la production d&rsquo;animation. Analysez comment ces innovations vont remodeler le paysage de l&rsquo;animation et avoir un impact sur l&rsquo;industrie cin\u00e9matographique dans son ensemble.<b><\/b><\/p>\n<p>L&rsquo;\u00e9v\u00e9nement d\u00e9butera par la projection de The Crossing (2021) et sera suivi d&rsquo;une discussion avec les r\u00e9alisateurs Andra Fembriarto, Florence Miailhe et Gentha Yoma \u00e0 l&rsquo;IFI Thamrin le dimanche 19 novembre 2023.<\/p>\n\t\t\t\t\t\t<\/div>\n\t\t\t\t<\/div>\n\t\t\t\t\t<\/div>\n\t\t<\/div>\n\t\t\t\t\t<\/div>\n\t\t<\/section>\n\t\t\t\t<section class=\"elementor-section elementor-top-section elementor-element elementor-element-7318bcbc elementor-section-boxed elementor-section-height-default elementor-section-height-default\" data-id=\"7318bcbc\" data-element_type=\"section\">\n\t\t\t\t\t\t<div class=\"elementor-container elementor-column-gap-default\">\n\t\t\t\t\t<div class=\"elementor-column elementor-col-100 elementor-top-column elementor-element elementor-element-1738032e\" data-id=\"1738032e\" data-element_type=\"column\">\n\t\t\t<div class=\"elementor-widget-wrap elementor-element-populated\">\n\t\t\t\t\t\t<div class=\"elementor-element elementor-element-26848429 elementor-align-center elementor-widget elementor-widget-button\" data-id=\"26848429\" data-element_type=\"widget\" data-widget_type=\"button.default\">\n\t\t\t\t<div class=\"elementor-widget-container\">\n\t\t\t\t\t<div class=\"elementor-button-wrapper\">\n\t\t\t<a class=\"elementor-button elementor-button-link elementor-size-sm\" href=\"https:\/\/www.ifi-id.com\/festival-sinema-prancis-2023-acara\/\">\n\t\t\t\t\t\t<span class=\"elementor-button-content-wrapper\">\n\t\t\t\t\t\t<span class=\"elementor-button-icon\">\n\t\t\t\t<i aria-hidden=\"true\" class=\"fas fa-backward\"><\/i>\t\t\t<\/span>\n\t\t\t\t\t\t\t\t\t<span class=\"elementor-button-text\">Retour \u00e0 la liste d'\u00e9v\u00e9nements<\/span>\n\t\t\t\t\t<\/span>\n\t\t\t\t\t<\/a>\n\t\t<\/div>\n\t\t\t\t<\/div>\n\t\t\t\t<\/div>\n\t\t\t\t\t<\/div>\n\t\t<\/div>\n\t\t\t\t\t<\/div>\n\t\t<\/section>\n\t\t\t\t<section class=\"elementor-section elementor-top-section elementor-element elementor-element-f72e5d8 elementor-section-boxed elementor-section-height-default elementor-section-height-default\" data-id=\"f72e5d8\" data-element_type=\"section\">\n\t\t\t\t\t\t<div class=\"elementor-container elementor-column-gap-default\">\n\t\t\t\t\t<div class=\"elementor-column elementor-col-100 elementor-top-column elementor-element elementor-element-4d2d2df\" data-id=\"4d2d2df\" data-element_type=\"column\">\n\t\t\t<div class=\"elementor-widget-wrap\">\n\t\t\t\t\t\t\t<\/div>\n\t\t<\/div>\n\t\t\t\t\t<\/div>\n\t\t<\/section>\n\t\t\t\t<\/div>\n\t\t","protected":false},"excerpt":{"rendered":"<p>Discussion \u201cLights, Camera, Animation: Exploring the Production, storytelling and the Future of Animation\u201d Discussion \u201cLights, Camera, Animation: Exploring the Production, storytelling and the Future of Animation\u201d dimanche, 19 novembre | 13h IFI Thamrin https:\/\/bit.ly\/FSP23_CreativeTalksAnimation Gratuit L&rsquo;animation offre un vaste univers cr\u00e9atif qu&rsquo;il est difficile de reproduire pour les films en prises de vues r\u00e9elles. Cette &hellip; <\/p>\n<p class=\"link-more\"><a href=\"https:\/\/www.ifi-id.com\/fr\/discussion-animation\/\" class=\"more-link\">Continuer la lecture<span class=\"screen-reader-text\"> de &laquo;&nbsp;Discussion \u201cLights, Camera, Animation: Exploring the Production, storytelling and the Future of Animation\u201d&nbsp;&raquo;<\/span><\/a><\/p>\n","protected":false},"author":8,"featured_media":41042,"parent":0,"menu_order":4,"comment_status":"closed","ping_status":"closed","template":"elementor_header_footer","meta":{"footnotes":""},"class_list":["post-41209","page","type-page","status-publish","has-post-thumbnail","hentry"],"yoast_head":"<!-- This site is optimized with the Yoast SEO plugin v23.5 - https:\/\/yoast.com\/wordpress\/plugins\/seo\/ -->\n<title>Discussion \u201cLights, Camera, Animation: Exploring the Production, storytelling and the Future of Animation\u201d - Institut fran\u00e7ais Indon\u00e9sie<\/title>\n<meta name=\"description\" content=\"Le Festival du cin\u00e9ma fran\u00e7ais 2023 a pr\u00e9sent\u00e9 une discussion intitul\u00e9e &quot;Lights, Camera, Animation&quot; avec Andra Fembriarto et Maulana Aziz.\" \/>\n<meta name=\"robots\" content=\"index, follow, max-snippet:-1, max-image-preview:large, max-video-preview:-1\" \/>\n<link rel=\"canonical\" href=\"https:\/\/www.ifi-id.com\/festival-sinema-prancis-2023-acara\/creative-talks-animasi\/\" \/>\n<meta property=\"og:locale\" content=\"fr_FR\" \/>\n<meta property=\"og:type\" content=\"article\" \/>\n<meta property=\"og:title\" content=\"Discussion \u201cLights, Camera, Animation: Exploring the Production, storytelling and the Future of Animation\u201d - Institut fran\u00e7ais Indon\u00e9sie\" \/>\n<meta property=\"og:description\" content=\"Le Festival du cin\u00e9ma fran\u00e7ais 2023 a pr\u00e9sent\u00e9 une discussion intitul\u00e9e &quot;Lights, Camera, Animation&quot; avec Andra Fembriarto et Maulana Aziz.\" \/>\n<meta property=\"og:url\" content=\"https:\/\/www.ifi-id.com\/festival-sinema-prancis-2023-acara\/creative-talks-animasi\/\" \/>\n<meta property=\"og:site_name\" content=\"Institut fran\u00e7ais Indon\u00e9sie\" \/>\n<meta property=\"og:image\" content=\"https:\/\/www.ifi-id.com\/wp-content\/uploads\/2023\/11\/WhatsApp-Image-2023-11-17-at-10.10.31-AM-2.jpeg\" \/>\n\t<meta property=\"og:image:width\" content=\"1080\" \/>\n\t<meta property=\"og:image:height\" content=\"1080\" \/>\n\t<meta property=\"og:image:type\" content=\"image\/jpeg\" \/>\n<meta name=\"twitter:card\" content=\"summary_large_image\" \/>\n<meta name=\"twitter:label1\" content=\"Dur\u00e9e de lecture estim\u00e9e\" \/>\n\t<meta name=\"twitter:data1\" content=\"2 minutes\" \/>\n<script type=\"application\/ld+json\" class=\"yoast-schema-graph\">{\"@context\":\"https:\/\/schema.org\",\"@graph\":[{\"@type\":\"WebPage\",\"@id\":\"https:\/\/www.ifi-id.com\/festival-sinema-prancis-2023-acara\/creative-talks-animasi\/\",\"url\":\"https:\/\/www.ifi-id.com\/festival-sinema-prancis-2023-acara\/creative-talks-animasi\/\",\"name\":\"Discussion \u201cLights, Camera, Animation: Exploring the Production, storytelling and the Future of Animation\u201d - Institut fran\u00e7ais Indon\u00e9sie\",\"isPartOf\":{\"@id\":\"https:\/\/www.ifi-id.com\/#website\"},\"primaryImageOfPage\":{\"@id\":\"https:\/\/www.ifi-id.com\/festival-sinema-prancis-2023-acara\/creative-talks-animasi\/#primaryimage\"},\"image\":{\"@id\":\"https:\/\/www.ifi-id.com\/festival-sinema-prancis-2023-acara\/creative-talks-animasi\/#primaryimage\"},\"thumbnailUrl\":\"https:\/\/www.ifi-id.com\/wp-content\/uploads\/2023\/11\/WhatsApp-Image-2023-11-17-at-10.10.31-AM-2.jpeg\",\"datePublished\":\"2023-11-20T04:00:44+00:00\",\"dateModified\":\"2023-11-20T04:00:44+00:00\",\"description\":\"Le Festival du cin\u00e9ma fran\u00e7ais 2023 a pr\u00e9sent\u00e9 une discussion intitul\u00e9e \\\"Lights, Camera, Animation\\\" avec Andra Fembriarto et Maulana Aziz.\",\"breadcrumb\":{\"@id\":\"https:\/\/www.ifi-id.com\/festival-sinema-prancis-2023-acara\/creative-talks-animasi\/#breadcrumb\"},\"inLanguage\":\"fr-FR\",\"potentialAction\":[{\"@type\":\"ReadAction\",\"target\":[\"https:\/\/www.ifi-id.com\/festival-sinema-prancis-2023-acara\/creative-talks-animasi\/\"]}]},{\"@type\":\"ImageObject\",\"inLanguage\":\"fr-FR\",\"@id\":\"https:\/\/www.ifi-id.com\/festival-sinema-prancis-2023-acara\/creative-talks-animasi\/#primaryimage\",\"url\":\"https:\/\/www.ifi-id.com\/wp-content\/uploads\/2023\/11\/WhatsApp-Image-2023-11-17-at-10.10.31-AM-2.jpeg\",\"contentUrl\":\"https:\/\/www.ifi-id.com\/wp-content\/uploads\/2023\/11\/WhatsApp-Image-2023-11-17-at-10.10.31-AM-2.jpeg\",\"width\":1080,\"height\":1080},{\"@type\":\"BreadcrumbList\",\"@id\":\"https:\/\/www.ifi-id.com\/festival-sinema-prancis-2023-acara\/creative-talks-animasi\/#breadcrumb\",\"itemListElement\":[{\"@type\":\"ListItem\",\"position\":1,\"name\":\"Home\",\"item\":\"https:\/\/www.ifi-id.com\/\"},{\"@type\":\"ListItem\",\"position\":2,\"name\":\"Discussion \u201cLights, Camera, Animation: Exploring the Production, storytelling and the Future of Animation\u201d\"}]},{\"@type\":\"WebSite\",\"@id\":\"https:\/\/www.ifi-id.com\/#website\",\"url\":\"https:\/\/www.ifi-id.com\/\",\"name\":\"Institut fran\u00e7ais Indon\u00e9sie\",\"description\":\"\",\"publisher\":{\"@id\":\"https:\/\/www.ifi-id.com\/#organization\"},\"potentialAction\":[{\"@type\":\"SearchAction\",\"target\":{\"@type\":\"EntryPoint\",\"urlTemplate\":\"https:\/\/www.ifi-id.com\/?s={search_term_string}\"},\"query-input\":{\"@type\":\"PropertyValueSpecification\",\"valueRequired\":true,\"valueName\":\"search_term_string\"}}],\"inLanguage\":\"fr-FR\"},{\"@type\":\"Organization\",\"@id\":\"https:\/\/www.ifi-id.com\/#organization\",\"name\":\"Institut fran\u00e7ais Indon\u00e9sie\",\"url\":\"https:\/\/www.ifi-id.com\/\",\"logo\":{\"@type\":\"ImageObject\",\"inLanguage\":\"fr-FR\",\"@id\":\"https:\/\/www.ifi-id.com\/#\/schema\/logo\/image\/\",\"url\":\"https:\/\/www.ifi-id.com\/wp-content\/uploads\/2022\/12\/IFI_New_Logo.jpg\",\"contentUrl\":\"https:\/\/www.ifi-id.com\/wp-content\/uploads\/2022\/12\/IFI_New_Logo.jpg\",\"width\":666,\"height\":444,\"caption\":\"Institut fran\u00e7ais Indon\u00e9sie\"},\"image\":{\"@id\":\"https:\/\/www.ifi-id.com\/#\/schema\/logo\/image\/\"}}]}<\/script>\n<!-- \/ Yoast SEO plugin. -->","yoast_head_json":{"title":"Discussion \u201cLights, Camera, Animation: Exploring the Production, storytelling and the Future of Animation\u201d - Institut fran\u00e7ais Indon\u00e9sie","description":"Le Festival du cin\u00e9ma fran\u00e7ais 2023 a pr\u00e9sent\u00e9 une discussion intitul\u00e9e \"Lights, Camera, Animation\" avec Andra Fembriarto et Maulana Aziz.","robots":{"index":"index","follow":"follow","max-snippet":"max-snippet:-1","max-image-preview":"max-image-preview:large","max-video-preview":"max-video-preview:-1"},"canonical":"https:\/\/www.ifi-id.com\/festival-sinema-prancis-2023-acara\/creative-talks-animasi\/","og_locale":"fr_FR","og_type":"article","og_title":"Discussion \u201cLights, Camera, Animation: Exploring the Production, storytelling and the Future of Animation\u201d - Institut fran\u00e7ais Indon\u00e9sie","og_description":"Le Festival du cin\u00e9ma fran\u00e7ais 2023 a pr\u00e9sent\u00e9 une discussion intitul\u00e9e \"Lights, Camera, Animation\" avec Andra Fembriarto et Maulana Aziz.","og_url":"https:\/\/www.ifi-id.com\/festival-sinema-prancis-2023-acara\/creative-talks-animasi\/","og_site_name":"Institut fran\u00e7ais Indon\u00e9sie","og_image":[{"width":1080,"height":1080,"url":"https:\/\/www.ifi-id.com\/wp-content\/uploads\/2023\/11\/WhatsApp-Image-2023-11-17-at-10.10.31-AM-2.jpeg","type":"image\/jpeg"}],"twitter_card":"summary_large_image","twitter_misc":{"Dur\u00e9e de lecture estim\u00e9e":"2 minutes"},"schema":{"@context":"https:\/\/schema.org","@graph":[{"@type":"WebPage","@id":"https:\/\/www.ifi-id.com\/festival-sinema-prancis-2023-acara\/creative-talks-animasi\/","url":"https:\/\/www.ifi-id.com\/festival-sinema-prancis-2023-acara\/creative-talks-animasi\/","name":"Discussion \u201cLights, Camera, Animation: Exploring the Production, storytelling and the Future of Animation\u201d - Institut fran\u00e7ais Indon\u00e9sie","isPartOf":{"@id":"https:\/\/www.ifi-id.com\/#website"},"primaryImageOfPage":{"@id":"https:\/\/www.ifi-id.com\/festival-sinema-prancis-2023-acara\/creative-talks-animasi\/#primaryimage"},"image":{"@id":"https:\/\/www.ifi-id.com\/festival-sinema-prancis-2023-acara\/creative-talks-animasi\/#primaryimage"},"thumbnailUrl":"https:\/\/www.ifi-id.com\/wp-content\/uploads\/2023\/11\/WhatsApp-Image-2023-11-17-at-10.10.31-AM-2.jpeg","datePublished":"2023-11-20T04:00:44+00:00","dateModified":"2023-11-20T04:00:44+00:00","description":"Le Festival du cin\u00e9ma fran\u00e7ais 2023 a pr\u00e9sent\u00e9 une discussion intitul\u00e9e \"Lights, Camera, Animation\" avec Andra Fembriarto et Maulana Aziz.","breadcrumb":{"@id":"https:\/\/www.ifi-id.com\/festival-sinema-prancis-2023-acara\/creative-talks-animasi\/#breadcrumb"},"inLanguage":"fr-FR","potentialAction":[{"@type":"ReadAction","target":["https:\/\/www.ifi-id.com\/festival-sinema-prancis-2023-acara\/creative-talks-animasi\/"]}]},{"@type":"ImageObject","inLanguage":"fr-FR","@id":"https:\/\/www.ifi-id.com\/festival-sinema-prancis-2023-acara\/creative-talks-animasi\/#primaryimage","url":"https:\/\/www.ifi-id.com\/wp-content\/uploads\/2023\/11\/WhatsApp-Image-2023-11-17-at-10.10.31-AM-2.jpeg","contentUrl":"https:\/\/www.ifi-id.com\/wp-content\/uploads\/2023\/11\/WhatsApp-Image-2023-11-17-at-10.10.31-AM-2.jpeg","width":1080,"height":1080},{"@type":"BreadcrumbList","@id":"https:\/\/www.ifi-id.com\/festival-sinema-prancis-2023-acara\/creative-talks-animasi\/#breadcrumb","itemListElement":[{"@type":"ListItem","position":1,"name":"Home","item":"https:\/\/www.ifi-id.com\/"},{"@type":"ListItem","position":2,"name":"Discussion \u201cLights, Camera, Animation: Exploring the Production, storytelling and the Future of Animation\u201d"}]},{"@type":"WebSite","@id":"https:\/\/www.ifi-id.com\/#website","url":"https:\/\/www.ifi-id.com\/","name":"Institut fran\u00e7ais Indon\u00e9sie","description":"","publisher":{"@id":"https:\/\/www.ifi-id.com\/#organization"},"potentialAction":[{"@type":"SearchAction","target":{"@type":"EntryPoint","urlTemplate":"https:\/\/www.ifi-id.com\/?s={search_term_string}"},"query-input":{"@type":"PropertyValueSpecification","valueRequired":true,"valueName":"search_term_string"}}],"inLanguage":"fr-FR"},{"@type":"Organization","@id":"https:\/\/www.ifi-id.com\/#organization","name":"Institut fran\u00e7ais Indon\u00e9sie","url":"https:\/\/www.ifi-id.com\/","logo":{"@type":"ImageObject","inLanguage":"fr-FR","@id":"https:\/\/www.ifi-id.com\/#\/schema\/logo\/image\/","url":"https:\/\/www.ifi-id.com\/wp-content\/uploads\/2022\/12\/IFI_New_Logo.jpg","contentUrl":"https:\/\/www.ifi-id.com\/wp-content\/uploads\/2022\/12\/IFI_New_Logo.jpg","width":666,"height":444,"caption":"Institut fran\u00e7ais Indon\u00e9sie"},"image":{"@id":"https:\/\/www.ifi-id.com\/#\/schema\/logo\/image\/"}}]}},"post_mailing_queue_ids":[],"_links":{"self":[{"href":"https:\/\/www.ifi-id.com\/fr\/wp-json\/wp\/v2\/pages\/41209"}],"collection":[{"href":"https:\/\/www.ifi-id.com\/fr\/wp-json\/wp\/v2\/pages"}],"about":[{"href":"https:\/\/www.ifi-id.com\/fr\/wp-json\/wp\/v2\/types\/page"}],"author":[{"embeddable":true,"href":"https:\/\/www.ifi-id.com\/fr\/wp-json\/wp\/v2\/users\/8"}],"replies":[{"embeddable":true,"href":"https:\/\/www.ifi-id.com\/fr\/wp-json\/wp\/v2\/comments?post=41209"}],"version-history":[{"count":1,"href":"https:\/\/www.ifi-id.com\/fr\/wp-json\/wp\/v2\/pages\/41209\/revisions"}],"predecessor-version":[{"id":41210,"href":"https:\/\/www.ifi-id.com\/fr\/wp-json\/wp\/v2\/pages\/41209\/revisions\/41210"}],"wp:featuredmedia":[{"embeddable":true,"href":"https:\/\/www.ifi-id.com\/fr\/wp-json\/wp\/v2\/media\/41042"}],"wp:attachment":[{"href":"https:\/\/www.ifi-id.com\/fr\/wp-json\/wp\/v2\/media?parent=41209"}],"curies":[{"name":"wp","href":"https:\/\/api.w.org\/{rel}","templated":true}]}}