{"id":41204,"date":"2023-11-20T10:38:01","date_gmt":"2023-11-20T03:38:01","guid":{"rendered":"https:\/\/www.ifi-id.com\/discussion-co-production\/"},"modified":"2023-11-20T10:38:01","modified_gmt":"2023-11-20T03:38:01","slug":"discussion-co-production","status":"publish","type":"page","link":"https:\/\/www.ifi-id.com\/fr\/discussion-co-production\/","title":{"rendered":"Discussion \u00ab\u00a0Exploring Film Co-Production: Unveiling the Funding Challenges in Filmmaking\u00a0\u00bb"},"content":{"rendered":"\t\t<div data-elementor-type=\"wp-page\" data-elementor-id=\"41204\" class=\"elementor elementor-41204 elementor-40759\" data-elementor-post-type=\"page\">\n\t\t\t\t\t\t<section class=\"elementor-section elementor-top-section elementor-element elementor-element-4af7434a elementor-section-boxed elementor-section-height-default elementor-section-height-default\" data-id=\"4af7434a\" data-element_type=\"section\">\n\t\t\t\t\t\t<div class=\"elementor-container elementor-column-gap-default\">\n\t\t\t\t\t<div class=\"elementor-column elementor-col-100 elementor-top-column elementor-element elementor-element-7c744c2c\" data-id=\"7c744c2c\" data-element_type=\"column\">\n\t\t\t<div class=\"elementor-widget-wrap elementor-element-populated\">\n\t\t\t\t\t\t<div class=\"elementor-element elementor-element-1751a2b6 elementor-hidden-phone elementor-widget elementor-widget-heading\" data-id=\"1751a2b6\" data-element_type=\"widget\" data-widget_type=\"heading.default\">\n\t\t\t\t<div class=\"elementor-widget-container\">\n\t\t\t<h2 class=\"elementor-heading-title elementor-size-default\">Discussion \"Exploring Film Co-Production: Unveiling the Funding Challenges in Filmmaking\"<\/h2>\t\t<\/div>\n\t\t\t\t<\/div>\n\t\t\t\t\t<\/div>\n\t\t<\/div>\n\t\t\t\t\t<\/div>\n\t\t<\/section>\n\t\t\t\t<section class=\"elementor-section elementor-top-section elementor-element elementor-element-1d6d535b elementor-section-boxed elementor-section-height-default elementor-section-height-default\" data-id=\"1d6d535b\" data-element_type=\"section\">\n\t\t\t\t\t\t<div class=\"elementor-container elementor-column-gap-default\">\n\t\t\t\t\t<div class=\"elementor-column elementor-col-100 elementor-top-column elementor-element elementor-element-c604045\" data-id=\"c604045\" data-element_type=\"column\">\n\t\t\t<div class=\"elementor-widget-wrap elementor-element-populated\">\n\t\t\t\t\t\t<div class=\"elementor-element elementor-element-7cbe55b3 elementor-hidden-desktop elementor-hidden-tablet elementor-widget elementor-widget-heading\" data-id=\"7cbe55b3\" data-element_type=\"widget\" data-widget_type=\"heading.default\">\n\t\t\t\t<div class=\"elementor-widget-container\">\n\t\t\t<h1 class=\"elementor-heading-title elementor-size-default\">Discussion \"Exploring Film Co-Production: Unveiling the Funding Challenges in Filmmaking\"<\/h1>\t\t<\/div>\n\t\t\t\t<\/div>\n\t\t\t\t\t<\/div>\n\t\t<\/div>\n\t\t\t\t\t<\/div>\n\t\t<\/section>\n\t\t\t\t<section class=\"elementor-section elementor-top-section elementor-element elementor-element-37fddfde elementor-section-boxed elementor-section-height-default elementor-section-height-default\" data-id=\"37fddfde\" data-element_type=\"section\">\n\t\t\t\t\t\t<div class=\"elementor-container elementor-column-gap-default\">\n\t\t\t\t\t<div class=\"elementor-column elementor-col-100 elementor-top-column elementor-element elementor-element-78ab4596\" data-id=\"78ab4596\" data-element_type=\"column\">\n\t\t\t<div class=\"elementor-widget-wrap elementor-element-populated\">\n\t\t\t\t\t\t<div class=\"elementor-element elementor-element-f1d2287 elementor-widget elementor-widget-image\" data-id=\"f1d2287\" data-element_type=\"widget\" data-widget_type=\"image.default\">\n\t\t\t\t<div class=\"elementor-widget-container\">\n\t\t\t\t\t\t\t\t\t\t\t\t\t<img fetchpriority=\"high\" decoding=\"async\" width=\"1080\" height=\"1080\" src=\"https:\/\/www.ifi-id.com\/wp-content\/uploads\/2023\/11\/WhatsApp-Image-2023-11-17-at-10.10.31-AM.jpeg\" class=\"attachment-1536x1536 size-1536x1536 wp-image-41088\" alt=\"\" srcset=\"https:\/\/www.ifi-id.com\/wp-content\/uploads\/2023\/11\/WhatsApp-Image-2023-11-17-at-10.10.31-AM.jpeg 1080w, https:\/\/www.ifi-id.com\/wp-content\/uploads\/2023\/11\/WhatsApp-Image-2023-11-17-at-10.10.31-AM-300x300.jpeg 300w, https:\/\/www.ifi-id.com\/wp-content\/uploads\/2023\/11\/WhatsApp-Image-2023-11-17-at-10.10.31-AM-1024x1024.jpeg 1024w, https:\/\/www.ifi-id.com\/wp-content\/uploads\/2023\/11\/WhatsApp-Image-2023-11-17-at-10.10.31-AM-150x150.jpeg 150w, https:\/\/www.ifi-id.com\/wp-content\/uploads\/2023\/11\/WhatsApp-Image-2023-11-17-at-10.10.31-AM-768x768.jpeg 768w, https:\/\/www.ifi-id.com\/wp-content\/uploads\/2023\/11\/WhatsApp-Image-2023-11-17-at-10.10.31-AM-100x100.jpeg 100w\" sizes=\"100vw\" \/>\t\t\t\t\t\t\t\t\t\t\t\t\t<\/div>\n\t\t\t\t<\/div>\n\t\t\t\t<div class=\"elementor-element elementor-element-122f5edd elementor-widget elementor-widget-text-editor\" data-id=\"122f5edd\" data-element_type=\"widget\" data-widget_type=\"text-editor.default\">\n\t\t\t\t<div class=\"elementor-widget-container\">\n\t\t\t\t\t\t\t<h4><b>samedi, 18 novembre 2023 | 14h 30<br \/>\n<\/b><b><span style=\"color: var( --e-global-color-text ); font-size: 1rem;\">IFI Thamrin<\/span><\/b><\/h4>\n<h4><span style=\"color: #5d5d5d;\"><span style=\"font-size: 16px;\">https:\/\/bit.ly\/FSP23_Coproduction<\/span><\/span><br \/>\n<b><span style=\"color: var( --e-global-color-text ); font-size: 1rem;\">Gratuit<\/span><\/b><\/h4>\n<p>La production d&rsquo;un film implique la recherche de financements, depuis le d\u00e9veloppement du projet jusqu&rsquo;\u00e0 sa commercialisation. Il s&rsquo;agit notamment de trouver des investisseurs, des incitations gouvernementales et des lieux de tournage rentables. La collaboration est essentielle, souvent par le biais de coproductions entre diff\u00e9rents pays, langues et acteurs.<\/p>\n<p><strong>Comment fonctionne la coproduction internationale<\/strong> ? Explorez les m\u00e9canismes de la coproduction internationale, en abordant les aspects juridiques, financiers et cr\u00e9atifs d&rsquo;une collaboration efficace.<\/p>\n<p><strong>De quoi avez-vous besoin pour une coproduction<\/strong> ? D\u00e9couvrez les exigences et les r\u00e8gles essentielles que les cin\u00e9astes doivent respecter lorsqu&rsquo;ils concluent un accord de coproduction.<\/p>\n<p><strong>Comment choisir un partenaire de coproduction<\/strong> ? Discutez des crit\u00e8res de s\u00e9lection d&rsquo;un partenaire de coproduction, en tenant compte de l&rsquo;alignement cr\u00e9atif, du soutien financier et des objectifs communs.<\/p>\n<p>L&rsquo;\u00e9v\u00e9nement d\u00e9butera par une projection de L&rsquo;Autobiographie (2022) et sera suivi d&rsquo;une discussion avec la productrice Yulia Evina Bhara, coproductrice de L&rsquo;Autobiographie depuis la France, et Claire Charles Gervais \u00e0 l&rsquo;IFI Thamrin le samedi 18 novembre 2023.<\/p>\n\t\t\t\t\t\t<\/div>\n\t\t\t\t<\/div>\n\t\t\t\t\t<\/div>\n\t\t<\/div>\n\t\t\t\t\t<\/div>\n\t\t<\/section>\n\t\t\t\t<section class=\"elementor-section elementor-top-section elementor-element elementor-element-2f4973fc elementor-section-boxed elementor-section-height-default elementor-section-height-default\" data-id=\"2f4973fc\" data-element_type=\"section\">\n\t\t\t\t\t\t<div class=\"elementor-container elementor-column-gap-default\">\n\t\t\t\t\t<div class=\"elementor-column elementor-col-100 elementor-top-column elementor-element elementor-element-8f7e88e\" data-id=\"8f7e88e\" data-element_type=\"column\">\n\t\t\t<div class=\"elementor-widget-wrap elementor-element-populated\">\n\t\t\t\t\t\t<div class=\"elementor-element elementor-element-10b36b39 elementor-align-center elementor-widget elementor-widget-button\" data-id=\"10b36b39\" data-element_type=\"widget\" data-widget_type=\"button.default\">\n\t\t\t\t<div class=\"elementor-widget-container\">\n\t\t\t\t\t<div class=\"elementor-button-wrapper\">\n\t\t\t<a class=\"elementor-button elementor-button-link elementor-size-sm\" href=\"https:\/\/www.ifi-id.com\/festival-sinema-prancis-2023-acara\/\">\n\t\t\t\t\t\t<span class=\"elementor-button-content-wrapper\">\n\t\t\t\t\t\t<span class=\"elementor-button-icon\">\n\t\t\t\t<i aria-hidden=\"true\" class=\"fas fa-backward\"><\/i>\t\t\t<\/span>\n\t\t\t\t\t\t\t\t\t<span class=\"elementor-button-text\">Retour \u00e0 la liste d'\u00e9v\u00e9nements<\/span>\n\t\t\t\t\t<\/span>\n\t\t\t\t\t<\/a>\n\t\t<\/div>\n\t\t\t\t<\/div>\n\t\t\t\t<\/div>\n\t\t\t\t\t<\/div>\n\t\t<\/div>\n\t\t\t\t\t<\/div>\n\t\t<\/section>\n\t\t\t\t<section class=\"elementor-section elementor-top-section elementor-element elementor-element-7f81b98 elementor-section-boxed elementor-section-height-default elementor-section-height-default\" data-id=\"7f81b98\" data-element_type=\"section\">\n\t\t\t\t\t\t<div class=\"elementor-container elementor-column-gap-default\">\n\t\t\t\t\t<div class=\"elementor-column elementor-col-100 elementor-top-column elementor-element elementor-element-b543d29\" data-id=\"b543d29\" data-element_type=\"column\">\n\t\t\t<div class=\"elementor-widget-wrap\">\n\t\t\t\t\t\t\t<\/div>\n\t\t<\/div>\n\t\t\t\t\t<\/div>\n\t\t<\/section>\n\t\t\t\t<\/div>\n\t\t","protected":false},"excerpt":{"rendered":"<p>Discussion \u00ab\u00a0Exploring Film Co-Production: Unveiling the Funding Challenges in Filmmaking\u00a0\u00bb Discussion \u00ab\u00a0Exploring Film Co-Production: Unveiling the Funding Challenges in Filmmaking\u00a0\u00bb samedi, 18 novembre 2023 | 14h 30 IFI Thamrin https:\/\/bit.ly\/FSP23_Coproduction Gratuit La production d&rsquo;un film implique la recherche de financements, depuis le d\u00e9veloppement du projet jusqu&rsquo;\u00e0 sa commercialisation. Il s&rsquo;agit notamment de trouver des investisseurs, &hellip; <\/p>\n<p class=\"link-more\"><a href=\"https:\/\/www.ifi-id.com\/fr\/discussion-co-production\/\" class=\"more-link\">Continuer la lecture<span class=\"screen-reader-text\"> de &laquo;&nbsp;Discussion \u00ab\u00a0Exploring Film Co-Production: Unveiling the Funding Challenges in Filmmaking\u00a0\u00bb&nbsp;&raquo;<\/span><\/a><\/p>\n","protected":false},"author":8,"featured_media":41088,"parent":0,"menu_order":2,"comment_status":"closed","ping_status":"closed","template":"elementor_header_footer","meta":{"footnotes":""},"class_list":["post-41204","page","type-page","status-publish","has-post-thumbnail","hentry"],"yoast_head":"<!-- This site is optimized with the Yoast SEO plugin v23.5 - https:\/\/yoast.com\/wordpress\/plugins\/seo\/ -->\n<title>Discussion &quot;Exploring Film Co-Production: Unveiling the Funding Challenges in Filmmaking&quot; - Institut fran\u00e7ais Indon\u00e9sie<\/title>\n<meta name=\"description\" content=\"Le Festival du cin\u00e9ma fran\u00e7ais 2023 a pr\u00e9sent\u00e9 une discussion intitul\u00e9e &quot;Explorer la coproduction cin\u00e9matographique&quot; avec Yulia Evina Bhara et Vivian Idris.\" \/>\n<meta name=\"robots\" content=\"index, follow, max-snippet:-1, max-image-preview:large, max-video-preview:-1\" \/>\n<link rel=\"canonical\" href=\"https:\/\/www.ifi-id.com\/festival-sinema-prancis-2023-acara\/creative-talks-co-production\/\" \/>\n<meta property=\"og:locale\" content=\"fr_FR\" \/>\n<meta property=\"og:type\" content=\"article\" \/>\n<meta property=\"og:title\" content=\"Discussion &quot;Exploring Film Co-Production: Unveiling the Funding Challenges in Filmmaking&quot; - Institut fran\u00e7ais Indon\u00e9sie\" \/>\n<meta property=\"og:description\" content=\"Le Festival du cin\u00e9ma fran\u00e7ais 2023 a pr\u00e9sent\u00e9 une discussion intitul\u00e9e &quot;Explorer la coproduction cin\u00e9matographique&quot; avec Yulia Evina Bhara et Vivian Idris.\" \/>\n<meta property=\"og:url\" content=\"https:\/\/www.ifi-id.com\/festival-sinema-prancis-2023-acara\/creative-talks-co-production\/\" \/>\n<meta property=\"og:site_name\" content=\"Institut fran\u00e7ais Indon\u00e9sie\" \/>\n<meta property=\"og:image\" content=\"https:\/\/www.ifi-id.com\/wp-content\/uploads\/2023\/11\/WhatsApp-Image-2023-11-17-at-10.10.31-AM.jpeg\" \/>\n\t<meta property=\"og:image:width\" content=\"1080\" \/>\n\t<meta property=\"og:image:height\" content=\"1080\" \/>\n\t<meta property=\"og:image:type\" content=\"image\/jpeg\" \/>\n<meta name=\"twitter:card\" content=\"summary_large_image\" \/>\n<meta name=\"twitter:label1\" content=\"Dur\u00e9e de lecture estim\u00e9e\" \/>\n\t<meta name=\"twitter:data1\" content=\"1 minute\" \/>\n<script type=\"application\/ld+json\" class=\"yoast-schema-graph\">{\"@context\":\"https:\/\/schema.org\",\"@graph\":[{\"@type\":\"WebPage\",\"@id\":\"https:\/\/www.ifi-id.com\/festival-sinema-prancis-2023-acara\/creative-talks-co-production\/\",\"url\":\"https:\/\/www.ifi-id.com\/festival-sinema-prancis-2023-acara\/creative-talks-co-production\/\",\"name\":\"Discussion \\\"Exploring Film Co-Production: Unveiling the Funding Challenges in Filmmaking\\\" - Institut fran\u00e7ais Indon\u00e9sie\",\"isPartOf\":{\"@id\":\"https:\/\/www.ifi-id.com\/#website\"},\"primaryImageOfPage\":{\"@id\":\"https:\/\/www.ifi-id.com\/festival-sinema-prancis-2023-acara\/creative-talks-co-production\/#primaryimage\"},\"image\":{\"@id\":\"https:\/\/www.ifi-id.com\/festival-sinema-prancis-2023-acara\/creative-talks-co-production\/#primaryimage\"},\"thumbnailUrl\":\"https:\/\/www.ifi-id.com\/wp-content\/uploads\/2023\/11\/WhatsApp-Image-2023-11-17-at-10.10.31-AM.jpeg\",\"datePublished\":\"2023-11-20T03:38:01+00:00\",\"dateModified\":\"2023-11-20T03:38:01+00:00\",\"description\":\"Le Festival du cin\u00e9ma fran\u00e7ais 2023 a pr\u00e9sent\u00e9 une discussion intitul\u00e9e \\\"Explorer la coproduction cin\u00e9matographique\\\" avec Yulia Evina Bhara et Vivian Idris.\",\"breadcrumb\":{\"@id\":\"https:\/\/www.ifi-id.com\/festival-sinema-prancis-2023-acara\/creative-talks-co-production\/#breadcrumb\"},\"inLanguage\":\"fr-FR\",\"potentialAction\":[{\"@type\":\"ReadAction\",\"target\":[\"https:\/\/www.ifi-id.com\/festival-sinema-prancis-2023-acara\/creative-talks-co-production\/\"]}]},{\"@type\":\"ImageObject\",\"inLanguage\":\"fr-FR\",\"@id\":\"https:\/\/www.ifi-id.com\/festival-sinema-prancis-2023-acara\/creative-talks-co-production\/#primaryimage\",\"url\":\"https:\/\/www.ifi-id.com\/wp-content\/uploads\/2023\/11\/WhatsApp-Image-2023-11-17-at-10.10.31-AM.jpeg\",\"contentUrl\":\"https:\/\/www.ifi-id.com\/wp-content\/uploads\/2023\/11\/WhatsApp-Image-2023-11-17-at-10.10.31-AM.jpeg\",\"width\":1080,\"height\":1080},{\"@type\":\"BreadcrumbList\",\"@id\":\"https:\/\/www.ifi-id.com\/festival-sinema-prancis-2023-acara\/creative-talks-co-production\/#breadcrumb\",\"itemListElement\":[{\"@type\":\"ListItem\",\"position\":1,\"name\":\"Home\",\"item\":\"https:\/\/www.ifi-id.com\/\"},{\"@type\":\"ListItem\",\"position\":2,\"name\":\"Discussion \u00ab\u00a0Exploring Film Co-Production: Unveiling the Funding Challenges in Filmmaking\u00a0\u00bb\"}]},{\"@type\":\"WebSite\",\"@id\":\"https:\/\/www.ifi-id.com\/#website\",\"url\":\"https:\/\/www.ifi-id.com\/\",\"name\":\"Institut fran\u00e7ais Indon\u00e9sie\",\"description\":\"\",\"publisher\":{\"@id\":\"https:\/\/www.ifi-id.com\/#organization\"},\"potentialAction\":[{\"@type\":\"SearchAction\",\"target\":{\"@type\":\"EntryPoint\",\"urlTemplate\":\"https:\/\/www.ifi-id.com\/?s={search_term_string}\"},\"query-input\":{\"@type\":\"PropertyValueSpecification\",\"valueRequired\":true,\"valueName\":\"search_term_string\"}}],\"inLanguage\":\"fr-FR\"},{\"@type\":\"Organization\",\"@id\":\"https:\/\/www.ifi-id.com\/#organization\",\"name\":\"Institut fran\u00e7ais Indon\u00e9sie\",\"url\":\"https:\/\/www.ifi-id.com\/\",\"logo\":{\"@type\":\"ImageObject\",\"inLanguage\":\"fr-FR\",\"@id\":\"https:\/\/www.ifi-id.com\/#\/schema\/logo\/image\/\",\"url\":\"https:\/\/www.ifi-id.com\/wp-content\/uploads\/2022\/12\/IFI_New_Logo.jpg\",\"contentUrl\":\"https:\/\/www.ifi-id.com\/wp-content\/uploads\/2022\/12\/IFI_New_Logo.jpg\",\"width\":666,\"height\":444,\"caption\":\"Institut fran\u00e7ais Indon\u00e9sie\"},\"image\":{\"@id\":\"https:\/\/www.ifi-id.com\/#\/schema\/logo\/image\/\"}}]}<\/script>\n<!-- \/ Yoast SEO plugin. -->","yoast_head_json":{"title":"Discussion \"Exploring Film Co-Production: Unveiling the Funding Challenges in Filmmaking\" - Institut fran\u00e7ais Indon\u00e9sie","description":"Le Festival du cin\u00e9ma fran\u00e7ais 2023 a pr\u00e9sent\u00e9 une discussion intitul\u00e9e \"Explorer la coproduction cin\u00e9matographique\" avec Yulia Evina Bhara et Vivian Idris.","robots":{"index":"index","follow":"follow","max-snippet":"max-snippet:-1","max-image-preview":"max-image-preview:large","max-video-preview":"max-video-preview:-1"},"canonical":"https:\/\/www.ifi-id.com\/festival-sinema-prancis-2023-acara\/creative-talks-co-production\/","og_locale":"fr_FR","og_type":"article","og_title":"Discussion \"Exploring Film Co-Production: Unveiling the Funding Challenges in Filmmaking\" - Institut fran\u00e7ais Indon\u00e9sie","og_description":"Le Festival du cin\u00e9ma fran\u00e7ais 2023 a pr\u00e9sent\u00e9 une discussion intitul\u00e9e \"Explorer la coproduction cin\u00e9matographique\" avec Yulia Evina Bhara et Vivian Idris.","og_url":"https:\/\/www.ifi-id.com\/festival-sinema-prancis-2023-acara\/creative-talks-co-production\/","og_site_name":"Institut fran\u00e7ais Indon\u00e9sie","og_image":[{"width":1080,"height":1080,"url":"https:\/\/www.ifi-id.com\/wp-content\/uploads\/2023\/11\/WhatsApp-Image-2023-11-17-at-10.10.31-AM.jpeg","type":"image\/jpeg"}],"twitter_card":"summary_large_image","twitter_misc":{"Dur\u00e9e de lecture estim\u00e9e":"1 minute"},"schema":{"@context":"https:\/\/schema.org","@graph":[{"@type":"WebPage","@id":"https:\/\/www.ifi-id.com\/festival-sinema-prancis-2023-acara\/creative-talks-co-production\/","url":"https:\/\/www.ifi-id.com\/festival-sinema-prancis-2023-acara\/creative-talks-co-production\/","name":"Discussion \"Exploring Film Co-Production: Unveiling the Funding Challenges in Filmmaking\" - Institut fran\u00e7ais Indon\u00e9sie","isPartOf":{"@id":"https:\/\/www.ifi-id.com\/#website"},"primaryImageOfPage":{"@id":"https:\/\/www.ifi-id.com\/festival-sinema-prancis-2023-acara\/creative-talks-co-production\/#primaryimage"},"image":{"@id":"https:\/\/www.ifi-id.com\/festival-sinema-prancis-2023-acara\/creative-talks-co-production\/#primaryimage"},"thumbnailUrl":"https:\/\/www.ifi-id.com\/wp-content\/uploads\/2023\/11\/WhatsApp-Image-2023-11-17-at-10.10.31-AM.jpeg","datePublished":"2023-11-20T03:38:01+00:00","dateModified":"2023-11-20T03:38:01+00:00","description":"Le Festival du cin\u00e9ma fran\u00e7ais 2023 a pr\u00e9sent\u00e9 une discussion intitul\u00e9e \"Explorer la coproduction cin\u00e9matographique\" avec Yulia Evina Bhara et Vivian Idris.","breadcrumb":{"@id":"https:\/\/www.ifi-id.com\/festival-sinema-prancis-2023-acara\/creative-talks-co-production\/#breadcrumb"},"inLanguage":"fr-FR","potentialAction":[{"@type":"ReadAction","target":["https:\/\/www.ifi-id.com\/festival-sinema-prancis-2023-acara\/creative-talks-co-production\/"]}]},{"@type":"ImageObject","inLanguage":"fr-FR","@id":"https:\/\/www.ifi-id.com\/festival-sinema-prancis-2023-acara\/creative-talks-co-production\/#primaryimage","url":"https:\/\/www.ifi-id.com\/wp-content\/uploads\/2023\/11\/WhatsApp-Image-2023-11-17-at-10.10.31-AM.jpeg","contentUrl":"https:\/\/www.ifi-id.com\/wp-content\/uploads\/2023\/11\/WhatsApp-Image-2023-11-17-at-10.10.31-AM.jpeg","width":1080,"height":1080},{"@type":"BreadcrumbList","@id":"https:\/\/www.ifi-id.com\/festival-sinema-prancis-2023-acara\/creative-talks-co-production\/#breadcrumb","itemListElement":[{"@type":"ListItem","position":1,"name":"Home","item":"https:\/\/www.ifi-id.com\/"},{"@type":"ListItem","position":2,"name":"Discussion \u00ab\u00a0Exploring Film Co-Production: Unveiling the Funding Challenges in Filmmaking\u00a0\u00bb"}]},{"@type":"WebSite","@id":"https:\/\/www.ifi-id.com\/#website","url":"https:\/\/www.ifi-id.com\/","name":"Institut fran\u00e7ais Indon\u00e9sie","description":"","publisher":{"@id":"https:\/\/www.ifi-id.com\/#organization"},"potentialAction":[{"@type":"SearchAction","target":{"@type":"EntryPoint","urlTemplate":"https:\/\/www.ifi-id.com\/?s={search_term_string}"},"query-input":{"@type":"PropertyValueSpecification","valueRequired":true,"valueName":"search_term_string"}}],"inLanguage":"fr-FR"},{"@type":"Organization","@id":"https:\/\/www.ifi-id.com\/#organization","name":"Institut fran\u00e7ais Indon\u00e9sie","url":"https:\/\/www.ifi-id.com\/","logo":{"@type":"ImageObject","inLanguage":"fr-FR","@id":"https:\/\/www.ifi-id.com\/#\/schema\/logo\/image\/","url":"https:\/\/www.ifi-id.com\/wp-content\/uploads\/2022\/12\/IFI_New_Logo.jpg","contentUrl":"https:\/\/www.ifi-id.com\/wp-content\/uploads\/2022\/12\/IFI_New_Logo.jpg","width":666,"height":444,"caption":"Institut fran\u00e7ais Indon\u00e9sie"},"image":{"@id":"https:\/\/www.ifi-id.com\/#\/schema\/logo\/image\/"}}]}},"post_mailing_queue_ids":[],"_links":{"self":[{"href":"https:\/\/www.ifi-id.com\/fr\/wp-json\/wp\/v2\/pages\/41204"}],"collection":[{"href":"https:\/\/www.ifi-id.com\/fr\/wp-json\/wp\/v2\/pages"}],"about":[{"href":"https:\/\/www.ifi-id.com\/fr\/wp-json\/wp\/v2\/types\/page"}],"author":[{"embeddable":true,"href":"https:\/\/www.ifi-id.com\/fr\/wp-json\/wp\/v2\/users\/8"}],"replies":[{"embeddable":true,"href":"https:\/\/www.ifi-id.com\/fr\/wp-json\/wp\/v2\/comments?post=41204"}],"version-history":[{"count":1,"href":"https:\/\/www.ifi-id.com\/fr\/wp-json\/wp\/v2\/pages\/41204\/revisions"}],"predecessor-version":[{"id":41205,"href":"https:\/\/www.ifi-id.com\/fr\/wp-json\/wp\/v2\/pages\/41204\/revisions\/41205"}],"wp:featuredmedia":[{"embeddable":true,"href":"https:\/\/www.ifi-id.com\/fr\/wp-json\/wp\/v2\/media\/41088"}],"wp:attachment":[{"href":"https:\/\/www.ifi-id.com\/fr\/wp-json\/wp\/v2\/media?parent=41204"}],"curies":[{"name":"wp","href":"https:\/\/api.w.org\/{rel}","templated":true}]}}