{"id":40829,"date":"2023-11-15T14:27:51","date_gmt":"2023-11-15T07:27:51","guid":{"rendered":"https:\/\/www.ifi-id.com\/fsp23-acara-courts-metrages\/"},"modified":"2023-11-21T10:55:58","modified_gmt":"2023-11-21T03:55:58","slug":"discussion-courts-metrages","status":"publish","type":"page","link":"https:\/\/www.ifi-id.com\/fr\/discussion-courts-metrages\/","title":{"rendered":"Discussion \u00ab\u00a0Courts m\u00e9trages : Naviguer sur la voie de l&rsquo;avenir\u00a0\u00bb"},"content":{"rendered":"\t\t<div data-elementor-type=\"wp-page\" data-elementor-id=\"40829\" class=\"elementor elementor-40829 elementor-40780\" data-elementor-post-type=\"page\">\n\t\t\t\t\t\t<section class=\"elementor-section elementor-top-section elementor-element elementor-element-5c4532b0 elementor-section-boxed elementor-section-height-default elementor-section-height-default\" data-id=\"5c4532b0\" data-element_type=\"section\">\n\t\t\t\t\t\t<div class=\"elementor-container elementor-column-gap-default\">\n\t\t\t\t\t<div class=\"elementor-column elementor-col-100 elementor-top-column elementor-element elementor-element-fc2d4dd\" data-id=\"fc2d4dd\" data-element_type=\"column\">\n\t\t\t<div class=\"elementor-widget-wrap elementor-element-populated\">\n\t\t\t\t\t\t<div class=\"elementor-element elementor-element-129ec9f5 elementor-hidden-phone elementor-widget elementor-widget-heading\" data-id=\"129ec9f5\" data-element_type=\"widget\" data-widget_type=\"heading.default\">\n\t\t\t\t<div class=\"elementor-widget-container\">\n\t\t\t<h2 class=\"elementor-heading-title elementor-size-default\">Discussion \"Courts m\u00e9trages : Naviguer sur la voie de l'avenir\"<\/h2>\t\t<\/div>\n\t\t\t\t<\/div>\n\t\t\t\t\t<\/div>\n\t\t<\/div>\n\t\t\t\t\t<\/div>\n\t\t<\/section>\n\t\t\t\t<section class=\"elementor-section elementor-top-section elementor-element elementor-element-3986706a elementor-section-boxed elementor-section-height-default elementor-section-height-default\" data-id=\"3986706a\" data-element_type=\"section\">\n\t\t\t\t\t\t<div class=\"elementor-container elementor-column-gap-default\">\n\t\t\t\t\t<div class=\"elementor-column elementor-col-100 elementor-top-column elementor-element elementor-element-5d748132\" data-id=\"5d748132\" data-element_type=\"column\">\n\t\t\t<div class=\"elementor-widget-wrap elementor-element-populated\">\n\t\t\t\t\t\t<div class=\"elementor-element elementor-element-6158f19a elementor-hidden-desktop elementor-hidden-tablet elementor-widget elementor-widget-heading\" data-id=\"6158f19a\" data-element_type=\"widget\" data-widget_type=\"heading.default\">\n\t\t\t\t<div class=\"elementor-widget-container\">\n\t\t\t<h1 class=\"elementor-heading-title elementor-size-default\">Discussion \"Courts m\u00e9trages : Naviguer sur la voie de l'avenir\"<\/h1>\t\t<\/div>\n\t\t\t\t<\/div>\n\t\t\t\t\t<\/div>\n\t\t<\/div>\n\t\t\t\t\t<\/div>\n\t\t<\/section>\n\t\t\t\t<section class=\"elementor-section elementor-top-section elementor-element elementor-element-4f6de47a elementor-section-boxed elementor-section-height-default elementor-section-height-default\" data-id=\"4f6de47a\" data-element_type=\"section\">\n\t\t\t\t\t\t<div class=\"elementor-container elementor-column-gap-default\">\n\t\t\t\t\t<div class=\"elementor-column elementor-col-100 elementor-top-column elementor-element elementor-element-e26c024\" data-id=\"e26c024\" data-element_type=\"column\">\n\t\t\t<div class=\"elementor-widget-wrap elementor-element-populated\">\n\t\t\t\t\t\t<div class=\"elementor-element elementor-element-6315673 elementor-widget elementor-widget-image\" data-id=\"6315673\" data-element_type=\"widget\" data-widget_type=\"image.default\">\n\t\t\t\t<div class=\"elementor-widget-container\">\n\t\t\t\t\t\t\t\t\t\t\t\t\t<img fetchpriority=\"high\" decoding=\"async\" width=\"1080\" height=\"1080\" src=\"https:\/\/www.ifi-id.com\/wp-content\/uploads\/2023\/11\/WhatsApp-Image-2023-11-17-at-10.10.31-AM-1.jpeg\" class=\"attachment-1536x1536 size-1536x1536 wp-image-41040\" alt=\"\" srcset=\"https:\/\/www.ifi-id.com\/wp-content\/uploads\/2023\/11\/WhatsApp-Image-2023-11-17-at-10.10.31-AM-1.jpeg 1080w, https:\/\/www.ifi-id.com\/wp-content\/uploads\/2023\/11\/WhatsApp-Image-2023-11-17-at-10.10.31-AM-1-300x300.jpeg 300w, https:\/\/www.ifi-id.com\/wp-content\/uploads\/2023\/11\/WhatsApp-Image-2023-11-17-at-10.10.31-AM-1-1024x1024.jpeg 1024w, https:\/\/www.ifi-id.com\/wp-content\/uploads\/2023\/11\/WhatsApp-Image-2023-11-17-at-10.10.31-AM-1-150x150.jpeg 150w, https:\/\/www.ifi-id.com\/wp-content\/uploads\/2023\/11\/WhatsApp-Image-2023-11-17-at-10.10.31-AM-1-768x768.jpeg 768w, https:\/\/www.ifi-id.com\/wp-content\/uploads\/2023\/11\/WhatsApp-Image-2023-11-17-at-10.10.31-AM-1-100x100.jpeg 100w\" sizes=\"100vw\" \/>\t\t\t\t\t\t\t\t\t\t\t\t\t<\/div>\n\t\t\t\t<\/div>\n\t\t\t\t<div class=\"elementor-element elementor-element-27c3a43b elementor-widget elementor-widget-text-editor\" data-id=\"27c3a43b\" data-element_type=\"widget\" data-widget_type=\"text-editor.default\">\n\t\t\t\t<div class=\"elementor-widget-container\">\n\t\t\t\t\t\t\t<h4><b>samedi, 18 novembre 2023 | 11.00<br \/>\n<\/b><b><span style=\"color: var( --e-global-color-text ); font-size: 1rem;\">IFI Thamrin<br \/>\n<\/span><\/b><b><span style=\"color: var( --e-global-color-text ); font-size: 1rem;\">Gratuit<\/span><\/b><\/h4>\n<p>Dans le monde d&rsquo;aujourd&rsquo;hui, o\u00f9 l&rsquo;attention est de plus en plus courte et les vid\u00e9os virales de plus en plus nombreuses, les courts m\u00e9trages ne sont pas seulement devenus une forme de divertissement populaire, mais aussi la norme. Les courts m\u00e9trages offrent un contenu rapide et amusant pour les personnes en d\u00e9placement. En outre, les courts m\u00e9trages constituent une source pr\u00e9cieuse de contenu potentiel que les studios peuvent explorer et partager avec leur public. Cette relation favorise les cin\u00e9astes talentueux qui souhaitent toucher un public plus large. Cependant, \u00eatre un r\u00e9alisateur de courts m\u00e9trages ind\u00e9pendant n&rsquo;est pas une t\u00e2che facile, surtout \u00e0 l&rsquo;\u00e8re num\u00e9rique o\u00f9 le march\u00e9 du court m\u00e9trage s&rsquo;est consid\u00e9rablement d\u00e9velopp\u00e9. Examinons trois d\u00e9fis majeurs auxquels sont confront\u00e9s les r\u00e9alisateurs de courts m\u00e9trages, y compris les r\u00e9alisateurs et leurs \u00e9quipes.<\/p>\n<ol>\n<li><strong>L&rsquo;importance des courts m\u00e9trages :<\/strong> Discutez de la fa\u00e7on dont les courts m\u00e9trages sont devenus une forme importante de divertissement, r\u00e9pondant aux besoins du monde rapide d&rsquo;aujourd&rsquo;hui. Ces films offrent un contenu facile \u00e0 dig\u00e9rer, ce qui correspond aux pr\u00e9f\u00e9rences des publics qui recherchent des divertissements plus courts et plus faciles \u00e0 g\u00e9rer.<\/li>\n<li><span style=\"color: var( --e-global-color-text ); font-size: 1rem;\"><span style=\"font-weight: var( --e-global-typography-text-font-weight );\"><strong>Courts m\u00e9trages et festivals :<\/strong> Explorer la relation mutuellement b\u00e9n\u00e9fique entre les r\u00e9alisateurs de courts m\u00e9trages et les festivals. Insistez sur le fait que les courts m\u00e9trages sont toujours tr\u00e8s demand\u00e9s et constituent une source pr\u00e9cieuse de contenu potentiel que les festivals peuvent explorer, d\u00e9velopper et partager avec des publics divers.<\/span><br \/>\n<\/span><\/li>\n<li><span style=\"color: var( --e-global-color-text ); font-weight: var( --e-global-typography-text-font-weight ); font-size: 1rem;\"><span style=\"color: var( --e-global-color-text ); font-weight: var( --e-global-typography-text-font-weight ); font-size: 1rem;\"><strong>D\u00e9fis pour les r\u00e9alisateurs de courts m\u00e9trages :<\/strong> D\u00e9couvrez les d\u00e9fis pratiques auxquels sont confront\u00e9s les r\u00e9alisateurs ind\u00e9pendants de courts m\u00e9trages, notamment la constitution d&rsquo;une \u00e9quipe, l&rsquo;obtention d&rsquo;un financement et la reconnaissance apr\u00e8s la sortie de leurs films.<\/span><\/span><\/li>\n<li><strong>Solutions et id\u00e9es :<\/strong> Proposer des strat\u00e9gies et des id\u00e9es pour surmonter ces d\u00e9fis. Discutez de la mani\u00e8re dont les cin\u00e9astes peuvent constituer une \u00e9quipe comp\u00e9tente, obtenir des financements et naviguer dans le paysage des festivals de courts m\u00e9trages afin d&rsquo;\u00eatre reconnus.<\/li>\n<\/ol>\n<p>L&rsquo;\u00e9v\u00e9nement d\u00e9butera par le visionnage de la compilation de courts m\u00e9trages No One is Crazy in This Town (2016) ; Dancing Colors (2022) ; Basri and Salma in a Never Ending Comedy (2023). et se poursuivra par une discussion avec les r\u00e9alisateurs AM. Reza Fahriyansyah, Khozy Rizal, et Wregas Bhanutedja \u00e0 l&rsquo;IFI Thamrin le samedi 18 novembre 2023.<\/p>\n\t\t\t\t\t\t<\/div>\n\t\t\t\t<\/div>\n\t\t\t\t\t<\/div>\n\t\t<\/div>\n\t\t\t\t\t<\/div>\n\t\t<\/section>\n\t\t\t\t<section class=\"elementor-section elementor-top-section elementor-element elementor-element-689163ee elementor-section-boxed elementor-section-height-default elementor-section-height-default\" data-id=\"689163ee\" data-element_type=\"section\">\n\t\t\t\t\t\t<div class=\"elementor-container elementor-column-gap-default\">\n\t\t\t\t\t<div class=\"elementor-column elementor-col-100 elementor-top-column elementor-element elementor-element-7ecfaacf\" data-id=\"7ecfaacf\" data-element_type=\"column\">\n\t\t\t<div class=\"elementor-widget-wrap elementor-element-populated\">\n\t\t\t\t\t\t<div class=\"elementor-element elementor-element-1031bb05 elementor-align-center elementor-widget elementor-widget-button\" data-id=\"1031bb05\" data-element_type=\"widget\" data-widget_type=\"button.default\">\n\t\t\t\t<div class=\"elementor-widget-container\">\n\t\t\t\t\t<div class=\"elementor-button-wrapper\">\n\t\t\t<a class=\"elementor-button elementor-button-link elementor-size-sm\" href=\"https:\/\/www.ifi-id.com\/festival-sinema-prancis-2023-acara\/\">\n\t\t\t\t\t\t<span class=\"elementor-button-content-wrapper\">\n\t\t\t\t\t\t<span class=\"elementor-button-icon\">\n\t\t\t\t<i aria-hidden=\"true\" class=\"fas fa-backward\"><\/i>\t\t\t<\/span>\n\t\t\t\t\t\t\t\t\t<span class=\"elementor-button-text\">Retour \u00e0 la liste d'\u00e9v\u00e9nements<\/span>\n\t\t\t\t\t<\/span>\n\t\t\t\t\t<\/a>\n\t\t<\/div>\n\t\t\t\t<\/div>\n\t\t\t\t<\/div>\n\t\t\t\t\t<\/div>\n\t\t<\/div>\n\t\t\t\t\t<\/div>\n\t\t<\/section>\n\t\t\t\t<section class=\"elementor-section elementor-top-section elementor-element elementor-element-b04a03c elementor-section-boxed elementor-section-height-default elementor-section-height-default\" data-id=\"b04a03c\" data-element_type=\"section\">\n\t\t\t\t\t\t<div class=\"elementor-container elementor-column-gap-default\">\n\t\t\t\t\t<div class=\"elementor-column elementor-col-100 elementor-top-column elementor-element elementor-element-4e8ad44\" data-id=\"4e8ad44\" data-element_type=\"column\">\n\t\t\t<div class=\"elementor-widget-wrap\">\n\t\t\t\t\t\t\t<\/div>\n\t\t<\/div>\n\t\t\t\t\t<\/div>\n\t\t<\/section>\n\t\t\t\t<\/div>\n\t\t","protected":false},"excerpt":{"rendered":"<p>Discussion \u00ab\u00a0Courts m\u00e9trages : Naviguer sur la voie de l&rsquo;avenir\u00a0\u00bb Discussion \u00ab\u00a0Courts m\u00e9trages : Naviguer sur la voie de l&rsquo;avenir\u00a0\u00bb samedi, 18 novembre 2023 | 11.00 IFI Thamrin Gratuit Dans le monde d&rsquo;aujourd&rsquo;hui, o\u00f9 l&rsquo;attention est de plus en plus courte et les vid\u00e9os virales de plus en plus nombreuses, les courts m\u00e9trages ne sont &hellip; <\/p>\n<p class=\"link-more\"><a href=\"https:\/\/www.ifi-id.com\/fr\/discussion-courts-metrages\/\" class=\"more-link\">Continuer la lecture<span class=\"screen-reader-text\"> de &laquo;&nbsp;Discussion \u00ab\u00a0Courts m\u00e9trages : Naviguer sur la voie de l&rsquo;avenir\u00a0\u00bb&nbsp;&raquo;<\/span><\/a><\/p>\n","protected":false},"author":8,"featured_media":41040,"parent":0,"menu_order":1,"comment_status":"closed","ping_status":"closed","template":"elementor_header_footer","meta":{"footnotes":""},"class_list":["post-40829","page","type-page","status-publish","has-post-thumbnail","hentry"],"yoast_head":"<!-- This site is optimized with the Yoast SEO plugin v23.5 - https:\/\/yoast.com\/wordpress\/plugins\/seo\/ -->\n<title>Discussion &quot;Courts m\u00e9trages : Naviguer sur la voie de l&#039;avenir&quot; - Institut fran\u00e7ais Indon\u00e9sie<\/title>\n<meta name=\"description\" content=\"Le Festival du cin\u00e9ma fran\u00e7ais 2023 pr\u00e9sente une discussion intitul\u00e9e &quot;Courts m\u00e9trages&quot; avec AM. Reza Fahriyansyah, Khozy Rizal et Wregas Bhanutedja.\" \/>\n<meta name=\"robots\" content=\"index, follow, max-snippet:-1, max-image-preview:large, max-video-preview:-1\" \/>\n<link rel=\"canonical\" href=\"https:\/\/www.ifi-id.com\/festival-sinema-prancis-2023-acara\/creative-talks-film-pendek\/\" \/>\n<meta property=\"og:locale\" content=\"fr_FR\" \/>\n<meta property=\"og:type\" content=\"article\" \/>\n<meta property=\"og:title\" content=\"Discussion &quot;Courts m\u00e9trages : Naviguer sur la voie de l&#039;avenir&quot; - Institut fran\u00e7ais Indon\u00e9sie\" \/>\n<meta property=\"og:description\" content=\"Le Festival du cin\u00e9ma fran\u00e7ais 2023 pr\u00e9sente une discussion intitul\u00e9e &quot;Courts m\u00e9trages&quot; avec AM. Reza Fahriyansyah, Khozy Rizal et Wregas Bhanutedja.\" \/>\n<meta property=\"og:url\" content=\"https:\/\/www.ifi-id.com\/festival-sinema-prancis-2023-acara\/creative-talks-film-pendek\/\" \/>\n<meta property=\"og:site_name\" content=\"Institut fran\u00e7ais Indon\u00e9sie\" \/>\n<meta property=\"article:modified_time\" content=\"2023-11-21T03:55:58+00:00\" \/>\n<meta property=\"og:image\" content=\"https:\/\/www.ifi-id.com\/wp-content\/uploads\/2023\/11\/WhatsApp-Image-2023-11-17-at-10.10.31-AM-1.jpeg\" \/>\n\t<meta property=\"og:image:width\" content=\"1080\" \/>\n\t<meta property=\"og:image:height\" content=\"1080\" \/>\n\t<meta property=\"og:image:type\" content=\"image\/jpeg\" \/>\n<meta name=\"twitter:card\" content=\"summary_large_image\" \/>\n<meta name=\"twitter:label1\" content=\"Dur\u00e9e de lecture estim\u00e9e\" \/>\n\t<meta name=\"twitter:data1\" content=\"2 minutes\" \/>\n<script type=\"application\/ld+json\" class=\"yoast-schema-graph\">{\"@context\":\"https:\/\/schema.org\",\"@graph\":[{\"@type\":\"WebPage\",\"@id\":\"https:\/\/www.ifi-id.com\/festival-sinema-prancis-2023-acara\/creative-talks-film-pendek\/\",\"url\":\"https:\/\/www.ifi-id.com\/festival-sinema-prancis-2023-acara\/creative-talks-film-pendek\/\",\"name\":\"Discussion \\\"Courts m\u00e9trages : Naviguer sur la voie de l'avenir\\\" - Institut fran\u00e7ais Indon\u00e9sie\",\"isPartOf\":{\"@id\":\"https:\/\/www.ifi-id.com\/#website\"},\"primaryImageOfPage\":{\"@id\":\"https:\/\/www.ifi-id.com\/festival-sinema-prancis-2023-acara\/creative-talks-film-pendek\/#primaryimage\"},\"image\":{\"@id\":\"https:\/\/www.ifi-id.com\/festival-sinema-prancis-2023-acara\/creative-talks-film-pendek\/#primaryimage\"},\"thumbnailUrl\":\"https:\/\/www.ifi-id.com\/wp-content\/uploads\/2023\/11\/WhatsApp-Image-2023-11-17-at-10.10.31-AM-1.jpeg\",\"datePublished\":\"2023-11-15T07:27:51+00:00\",\"dateModified\":\"2023-11-21T03:55:58+00:00\",\"description\":\"Le Festival du cin\u00e9ma fran\u00e7ais 2023 pr\u00e9sente une discussion intitul\u00e9e \\\"Courts m\u00e9trages\\\" avec AM. Reza Fahriyansyah, Khozy Rizal et Wregas Bhanutedja.\",\"breadcrumb\":{\"@id\":\"https:\/\/www.ifi-id.com\/festival-sinema-prancis-2023-acara\/creative-talks-film-pendek\/#breadcrumb\"},\"inLanguage\":\"fr-FR\",\"potentialAction\":[{\"@type\":\"ReadAction\",\"target\":[\"https:\/\/www.ifi-id.com\/festival-sinema-prancis-2023-acara\/creative-talks-film-pendek\/\"]}]},{\"@type\":\"ImageObject\",\"inLanguage\":\"fr-FR\",\"@id\":\"https:\/\/www.ifi-id.com\/festival-sinema-prancis-2023-acara\/creative-talks-film-pendek\/#primaryimage\",\"url\":\"https:\/\/www.ifi-id.com\/wp-content\/uploads\/2023\/11\/WhatsApp-Image-2023-11-17-at-10.10.31-AM-1.jpeg\",\"contentUrl\":\"https:\/\/www.ifi-id.com\/wp-content\/uploads\/2023\/11\/WhatsApp-Image-2023-11-17-at-10.10.31-AM-1.jpeg\",\"width\":1080,\"height\":1080},{\"@type\":\"BreadcrumbList\",\"@id\":\"https:\/\/www.ifi-id.com\/festival-sinema-prancis-2023-acara\/creative-talks-film-pendek\/#breadcrumb\",\"itemListElement\":[{\"@type\":\"ListItem\",\"position\":1,\"name\":\"Home\",\"item\":\"https:\/\/www.ifi-id.com\/\"},{\"@type\":\"ListItem\",\"position\":2,\"name\":\"Discussion \u00ab\u00a0Courts m\u00e9trages : Naviguer sur la voie de l&rsquo;avenir\u00a0\u00bb\"}]},{\"@type\":\"WebSite\",\"@id\":\"https:\/\/www.ifi-id.com\/#website\",\"url\":\"https:\/\/www.ifi-id.com\/\",\"name\":\"Institut fran\u00e7ais Indon\u00e9sie\",\"description\":\"\",\"publisher\":{\"@id\":\"https:\/\/www.ifi-id.com\/#organization\"},\"potentialAction\":[{\"@type\":\"SearchAction\",\"target\":{\"@type\":\"EntryPoint\",\"urlTemplate\":\"https:\/\/www.ifi-id.com\/?s={search_term_string}\"},\"query-input\":{\"@type\":\"PropertyValueSpecification\",\"valueRequired\":true,\"valueName\":\"search_term_string\"}}],\"inLanguage\":\"fr-FR\"},{\"@type\":\"Organization\",\"@id\":\"https:\/\/www.ifi-id.com\/#organization\",\"name\":\"Institut fran\u00e7ais Indon\u00e9sie\",\"url\":\"https:\/\/www.ifi-id.com\/\",\"logo\":{\"@type\":\"ImageObject\",\"inLanguage\":\"fr-FR\",\"@id\":\"https:\/\/www.ifi-id.com\/#\/schema\/logo\/image\/\",\"url\":\"https:\/\/www.ifi-id.com\/wp-content\/uploads\/2022\/12\/IFI_New_Logo.jpg\",\"contentUrl\":\"https:\/\/www.ifi-id.com\/wp-content\/uploads\/2022\/12\/IFI_New_Logo.jpg\",\"width\":666,\"height\":444,\"caption\":\"Institut fran\u00e7ais Indon\u00e9sie\"},\"image\":{\"@id\":\"https:\/\/www.ifi-id.com\/#\/schema\/logo\/image\/\"}}]}<\/script>\n<!-- \/ Yoast SEO plugin. -->","yoast_head_json":{"title":"Discussion \"Courts m\u00e9trages : Naviguer sur la voie de l'avenir\" - Institut fran\u00e7ais Indon\u00e9sie","description":"Le Festival du cin\u00e9ma fran\u00e7ais 2023 pr\u00e9sente une discussion intitul\u00e9e \"Courts m\u00e9trages\" avec AM. Reza Fahriyansyah, Khozy Rizal et Wregas Bhanutedja.","robots":{"index":"index","follow":"follow","max-snippet":"max-snippet:-1","max-image-preview":"max-image-preview:large","max-video-preview":"max-video-preview:-1"},"canonical":"https:\/\/www.ifi-id.com\/festival-sinema-prancis-2023-acara\/creative-talks-film-pendek\/","og_locale":"fr_FR","og_type":"article","og_title":"Discussion \"Courts m\u00e9trages : Naviguer sur la voie de l'avenir\" - Institut fran\u00e7ais Indon\u00e9sie","og_description":"Le Festival du cin\u00e9ma fran\u00e7ais 2023 pr\u00e9sente une discussion intitul\u00e9e \"Courts m\u00e9trages\" avec AM. Reza Fahriyansyah, Khozy Rizal et Wregas Bhanutedja.","og_url":"https:\/\/www.ifi-id.com\/festival-sinema-prancis-2023-acara\/creative-talks-film-pendek\/","og_site_name":"Institut fran\u00e7ais Indon\u00e9sie","article_modified_time":"2023-11-21T03:55:58+00:00","og_image":[{"width":1080,"height":1080,"url":"https:\/\/www.ifi-id.com\/wp-content\/uploads\/2023\/11\/WhatsApp-Image-2023-11-17-at-10.10.31-AM-1.jpeg","type":"image\/jpeg"}],"twitter_card":"summary_large_image","twitter_misc":{"Dur\u00e9e de lecture estim\u00e9e":"2 minutes"},"schema":{"@context":"https:\/\/schema.org","@graph":[{"@type":"WebPage","@id":"https:\/\/www.ifi-id.com\/festival-sinema-prancis-2023-acara\/creative-talks-film-pendek\/","url":"https:\/\/www.ifi-id.com\/festival-sinema-prancis-2023-acara\/creative-talks-film-pendek\/","name":"Discussion \"Courts m\u00e9trages : Naviguer sur la voie de l'avenir\" - Institut fran\u00e7ais Indon\u00e9sie","isPartOf":{"@id":"https:\/\/www.ifi-id.com\/#website"},"primaryImageOfPage":{"@id":"https:\/\/www.ifi-id.com\/festival-sinema-prancis-2023-acara\/creative-talks-film-pendek\/#primaryimage"},"image":{"@id":"https:\/\/www.ifi-id.com\/festival-sinema-prancis-2023-acara\/creative-talks-film-pendek\/#primaryimage"},"thumbnailUrl":"https:\/\/www.ifi-id.com\/wp-content\/uploads\/2023\/11\/WhatsApp-Image-2023-11-17-at-10.10.31-AM-1.jpeg","datePublished":"2023-11-15T07:27:51+00:00","dateModified":"2023-11-21T03:55:58+00:00","description":"Le Festival du cin\u00e9ma fran\u00e7ais 2023 pr\u00e9sente une discussion intitul\u00e9e \"Courts m\u00e9trages\" avec AM. Reza Fahriyansyah, Khozy Rizal et Wregas Bhanutedja.","breadcrumb":{"@id":"https:\/\/www.ifi-id.com\/festival-sinema-prancis-2023-acara\/creative-talks-film-pendek\/#breadcrumb"},"inLanguage":"fr-FR","potentialAction":[{"@type":"ReadAction","target":["https:\/\/www.ifi-id.com\/festival-sinema-prancis-2023-acara\/creative-talks-film-pendek\/"]}]},{"@type":"ImageObject","inLanguage":"fr-FR","@id":"https:\/\/www.ifi-id.com\/festival-sinema-prancis-2023-acara\/creative-talks-film-pendek\/#primaryimage","url":"https:\/\/www.ifi-id.com\/wp-content\/uploads\/2023\/11\/WhatsApp-Image-2023-11-17-at-10.10.31-AM-1.jpeg","contentUrl":"https:\/\/www.ifi-id.com\/wp-content\/uploads\/2023\/11\/WhatsApp-Image-2023-11-17-at-10.10.31-AM-1.jpeg","width":1080,"height":1080},{"@type":"BreadcrumbList","@id":"https:\/\/www.ifi-id.com\/festival-sinema-prancis-2023-acara\/creative-talks-film-pendek\/#breadcrumb","itemListElement":[{"@type":"ListItem","position":1,"name":"Home","item":"https:\/\/www.ifi-id.com\/"},{"@type":"ListItem","position":2,"name":"Discussion \u00ab\u00a0Courts m\u00e9trages : Naviguer sur la voie de l&rsquo;avenir\u00a0\u00bb"}]},{"@type":"WebSite","@id":"https:\/\/www.ifi-id.com\/#website","url":"https:\/\/www.ifi-id.com\/","name":"Institut fran\u00e7ais Indon\u00e9sie","description":"","publisher":{"@id":"https:\/\/www.ifi-id.com\/#organization"},"potentialAction":[{"@type":"SearchAction","target":{"@type":"EntryPoint","urlTemplate":"https:\/\/www.ifi-id.com\/?s={search_term_string}"},"query-input":{"@type":"PropertyValueSpecification","valueRequired":true,"valueName":"search_term_string"}}],"inLanguage":"fr-FR"},{"@type":"Organization","@id":"https:\/\/www.ifi-id.com\/#organization","name":"Institut fran\u00e7ais Indon\u00e9sie","url":"https:\/\/www.ifi-id.com\/","logo":{"@type":"ImageObject","inLanguage":"fr-FR","@id":"https:\/\/www.ifi-id.com\/#\/schema\/logo\/image\/","url":"https:\/\/www.ifi-id.com\/wp-content\/uploads\/2022\/12\/IFI_New_Logo.jpg","contentUrl":"https:\/\/www.ifi-id.com\/wp-content\/uploads\/2022\/12\/IFI_New_Logo.jpg","width":666,"height":444,"caption":"Institut fran\u00e7ais Indon\u00e9sie"},"image":{"@id":"https:\/\/www.ifi-id.com\/#\/schema\/logo\/image\/"}}]}},"post_mailing_queue_ids":[],"_links":{"self":[{"href":"https:\/\/www.ifi-id.com\/fr\/wp-json\/wp\/v2\/pages\/40829"}],"collection":[{"href":"https:\/\/www.ifi-id.com\/fr\/wp-json\/wp\/v2\/pages"}],"about":[{"href":"https:\/\/www.ifi-id.com\/fr\/wp-json\/wp\/v2\/types\/page"}],"author":[{"embeddable":true,"href":"https:\/\/www.ifi-id.com\/fr\/wp-json\/wp\/v2\/users\/8"}],"replies":[{"embeddable":true,"href":"https:\/\/www.ifi-id.com\/fr\/wp-json\/wp\/v2\/comments?post=40829"}],"version-history":[{"count":2,"href":"https:\/\/www.ifi-id.com\/fr\/wp-json\/wp\/v2\/pages\/40829\/revisions"}],"predecessor-version":[{"id":41249,"href":"https:\/\/www.ifi-id.com\/fr\/wp-json\/wp\/v2\/pages\/40829\/revisions\/41249"}],"wp:featuredmedia":[{"embeddable":true,"href":"https:\/\/www.ifi-id.com\/fr\/wp-json\/wp\/v2\/media\/41040"}],"wp:attachment":[{"href":"https:\/\/www.ifi-id.com\/fr\/wp-json\/wp\/v2\/media?parent=40829"}],"curies":[{"name":"wp","href":"https:\/\/api.w.org\/{rel}","templated":true}]}}