{"id":40454,"date":"2023-11-14T11:24:26","date_gmt":"2023-11-14T04:24:26","guid":{"rendered":"https:\/\/www.ifi-id.com\/fsp23-acara-diskusi-animal-kingdom\/"},"modified":"2023-11-21T14:45:19","modified_gmt":"2023-11-21T07:45:19","slug":"discussion-la-regne-animal","status":"publish","type":"page","link":"https:\/\/www.ifi-id.com\/fr\/discussion-la-regne-animal\/","title":{"rendered":"Discussion sur film La r\u00e8gne Animal avec Thomas Cailley et Paul Kircher \u2013 Festival Sinema Prancis 2023"},"content":{"rendered":"\t\t<div data-elementor-type=\"wp-page\" data-elementor-id=\"40454\" class=\"elementor elementor-40454 elementor-40417\" data-elementor-post-type=\"page\">\n\t\t\t\t\t\t<section class=\"elementor-section elementor-top-section elementor-element elementor-element-68023403 elementor-section-boxed elementor-section-height-default elementor-section-height-default\" data-id=\"68023403\" data-element_type=\"section\">\n\t\t\t\t\t\t<div class=\"elementor-container elementor-column-gap-default\">\n\t\t\t\t\t<div class=\"elementor-column elementor-col-100 elementor-top-column elementor-element elementor-element-b5ac413\" data-id=\"b5ac413\" data-element_type=\"column\">\n\t\t\t<div class=\"elementor-widget-wrap elementor-element-populated\">\n\t\t\t\t\t\t<div class=\"elementor-element elementor-element-52f5f984 elementor-hidden-phone elementor-widget elementor-widget-heading\" data-id=\"52f5f984\" data-element_type=\"widget\" data-widget_type=\"heading.default\">\n\t\t\t\t<div class=\"elementor-widget-container\">\n\t\t\t<h2 class=\"elementor-heading-title elementor-size-default\">Discussion sur film La r\u00e8gne Animal avec Thomas Cailley et Paul Kircher<\/h2>\t\t<\/div>\n\t\t\t\t<\/div>\n\t\t\t\t\t<\/div>\n\t\t<\/div>\n\t\t\t\t\t<\/div>\n\t\t<\/section>\n\t\t\t\t<section class=\"elementor-section elementor-top-section elementor-element elementor-element-2a8f870f elementor-section-boxed elementor-section-height-default elementor-section-height-default\" data-id=\"2a8f870f\" data-element_type=\"section\">\n\t\t\t\t\t\t<div class=\"elementor-container elementor-column-gap-default\">\n\t\t\t\t\t<div class=\"elementor-column elementor-col-100 elementor-top-column elementor-element elementor-element-16defffd\" data-id=\"16defffd\" data-element_type=\"column\">\n\t\t\t<div class=\"elementor-widget-wrap elementor-element-populated\">\n\t\t\t\t\t\t<div class=\"elementor-element elementor-element-6fcd354 elementor-hidden-desktop elementor-hidden-tablet elementor-widget elementor-widget-heading\" data-id=\"6fcd354\" data-element_type=\"widget\" data-widget_type=\"heading.default\">\n\t\t\t\t<div class=\"elementor-widget-container\">\n\t\t\t<h1 class=\"elementor-heading-title elementor-size-default\">Discussion sur film La r\u00e8gne Animal avec Thomas Cailley et Paul Kircher<\/h1>\t\t<\/div>\n\t\t\t\t<\/div>\n\t\t\t\t\t<\/div>\n\t\t<\/div>\n\t\t\t\t\t<\/div>\n\t\t<\/section>\n\t\t\t\t<section class=\"elementor-section elementor-top-section elementor-element elementor-element-33e0c8b2 elementor-section-boxed elementor-section-height-default elementor-section-height-default\" data-id=\"33e0c8b2\" data-element_type=\"section\" data-settings=\"{&quot;background_background&quot;:&quot;classic&quot;}\">\n\t\t\t\t\t\t<div class=\"elementor-container elementor-column-gap-default\">\n\t\t\t\t\t<div class=\"elementor-column elementor-col-100 elementor-top-column elementor-element elementor-element-7274fda8\" data-id=\"7274fda8\" data-element_type=\"column\">\n\t\t\t<div class=\"elementor-widget-wrap elementor-element-populated\">\n\t\t\t\t\t\t<div class=\"elementor-element elementor-element-72a5d728 elementor-arrows-position-inside elementor-pagination-position-outside elementor-widget elementor-widget-image-carousel\" data-id=\"72a5d728\" data-element_type=\"widget\" data-settings=\"{&quot;slides_to_show&quot;:&quot;1&quot;,&quot;autoplay_speed&quot;:3000,&quot;navigation&quot;:&quot;both&quot;,&quot;autoplay&quot;:&quot;yes&quot;,&quot;pause_on_hover&quot;:&quot;yes&quot;,&quot;pause_on_interaction&quot;:&quot;yes&quot;,&quot;infinite&quot;:&quot;yes&quot;,&quot;effect&quot;:&quot;slide&quot;,&quot;speed&quot;:500}\" data-widget_type=\"image-carousel.default\">\n\t\t\t\t<div class=\"elementor-widget-container\">\n\t\t\t\t\t<div class=\"elementor-image-carousel-wrapper swiper\" dir=\"ltr\">\n\t\t\t<div class=\"elementor-image-carousel swiper-wrapper swiper-image-stretch\" aria-live=\"off\">\n\t\t\t\t\t\t\t\t<div class=\"swiper-slide\" role=\"group\" aria-roledescription=\"slide\" aria-label=\"1 sur 2\"><figure class=\"swiper-slide-inner\"><img decoding=\"async\" class=\"swiper-slide-image\" src=\"https:\/\/www.ifi-id.com\/wp-content\/uploads\/2023\/11\/Thomas-Cailley-e1699932074729.jpg\" alt=\"Thomas Cailley\" \/><\/figure><\/div><div class=\"swiper-slide\" role=\"group\" aria-roledescription=\"slide\" aria-label=\"2 sur 2\"><figure class=\"swiper-slide-inner\"><img decoding=\"async\" class=\"swiper-slide-image\" src=\"https:\/\/www.ifi-id.com\/wp-content\/uploads\/2023\/11\/MV5BNjRiNWJhZjQtOTljOC00YzFjLTkwMmItMzAyOThjODQ4YjUyXkEyXkFqcGdeQXVyODIyOTEyMzY@._V1_-e1699932776492.jpg\" alt=\"MV5BNjRiNWJhZjQtOTljOC00YzFjLTkwMmItMzAyOThjODQ4YjUyXkEyXkFqcGdeQXVyODIyOTEyMzY@._V1_\" \/><\/figure><\/div>\t\t\t<\/div>\n\t\t\t\t\t\t\t\t\t\t\t\t<div class=\"elementor-swiper-button elementor-swiper-button-prev\" role=\"button\" tabindex=\"0\">\n\t\t\t\t\t\t<i aria-hidden=\"true\" class=\"eicon-chevron-left\"><\/i>\t\t\t\t\t<\/div>\n\t\t\t\t\t<div class=\"elementor-swiper-button elementor-swiper-button-next\" role=\"button\" tabindex=\"0\">\n\t\t\t\t\t\t<i aria-hidden=\"true\" class=\"eicon-chevron-right\"><\/i>\t\t\t\t\t<\/div>\n\t\t\t\t\n\t\t\t\t\t\t\t\t\t<div class=\"swiper-pagination\"><\/div>\n\t\t\t\t\t\t\t\t\t<\/div>\n\t\t\t\t<\/div>\n\t\t\t\t<\/div>\n\t\t\t\t\t<\/div>\n\t\t<\/div>\n\t\t\t\t\t<\/div>\n\t\t<\/section>\n\t\t\t\t<section class=\"elementor-section elementor-top-section elementor-element elementor-element-72e57bc6 elementor-section-boxed elementor-section-height-default elementor-section-height-default\" data-id=\"72e57bc6\" data-element_type=\"section\">\n\t\t\t\t\t\t<div class=\"elementor-container elementor-column-gap-default\">\n\t\t\t\t\t<div class=\"elementor-column elementor-col-100 elementor-top-column elementor-element elementor-element-1fda4b46\" data-id=\"1fda4b46\" data-element_type=\"column\">\n\t\t\t<div class=\"elementor-widget-wrap elementor-element-populated\">\n\t\t\t\t\t\t<div class=\"elementor-element elementor-element-2c7d0e2f elementor-widget elementor-widget-text-editor\" data-id=\"2c7d0e2f\" data-element_type=\"widget\" data-widget_type=\"text-editor.default\">\n\t\t\t\t<div class=\"elementor-widget-container\">\n\t\t\t\t\t\t\t<h4><span style=\"color: var( --e-global-color-secondary ); font-size: 1.125rem;\">vendredi, 17 novembre 2023<br \/>\nDjakarta Theater Cinema XXI<br \/>\nGratuit<\/span><\/h4>\n<h4>Thomas Cailley<span style=\"color: var( --e-global-color-secondary ); font-size: 1.125rem;\"><br \/>\n<\/span><\/h4>\n<p>Apr\u00e8s avoir \u00e9tudi\u00e9 \u00e0 la Femis au sein du d\u00e9partement sc\u00e9nario, Thomas<br \/>\nCailley r\u00e9alise le court-m\u00e9trage \u201cParis Shanghai\u201d en 2011, prim\u00e9 dans<br \/>\nde nombreux festivals. Son premier long-m\u00e9trage, \u201cLes Combattants\u201d<br \/>\nremporte un v\u00e9ritable succ\u00e8s \u00e0 sa sortie. Pr\u00e9sent\u00e9 et prim\u00e9 \u00e0 la<br \/>\nQuinzaine des r\u00e9alisateurs du Festival de Cannes en 2014, il re\u00e7oit trois<br \/>\nC\u00e9sar l\u2019ann\u00e9e suivante, dont celui du Meilleur Premier Film. R\u00e9alis\u00e9e<br \/>\npour Arte, sa premi\u00e8re s\u00e9rie \u201cAd Vitam\u201d a \u00e9t\u00e9 s\u00e9lectionn\u00e9e au Festival<br \/>\ninternational du film de Toronto, \u00e9lue meilleure s\u00e9rie fran\u00e7aise de l\u2019ann\u00e9e<br \/>\n\u00e0 S\u00e9ries Mania en 2018. En ouverture de la s\u00e9lection Un Certain Regard,<br \/>\nle Festival de Cannes 2023 a accueilli Thomas Cailley avec \u201cLe R\u00e8gne<br \/>\nanimal\u201d, son deuxi\u00e8me long m\u00e9trage en tant que r\u00e9alisateur.<\/p>\n<h4 style=\"padding-top: 0px;\"><span style=\"color: var( --e-global-color-secondary ); font-size: 1.125rem;\">Paul Kircher<\/span><\/h4>\n<p>En 2019, Paul Kircher appara\u00eet pour la premi\u00e8re fois sur grand \u00e9cran dans la<br \/>\ncom\u00e9die d\u2019Adeline Picault intitul\u00e9e \u201cT\u2019as p\u00e9cho?\u201d. Il a ensuite jou\u00e9 aux c\u00f4t\u00e9s<br \/>\nde Laetitia Dosch et Pierre Deladonchamps dans \u201cPetite Le\u00e7on d\u2019Amour\u201d<br \/>\nd\u2019Eve Deboise. En 2022, il a obtenu le r\u00f4le principal dans \u201cLe Lyc\u00e9en\u201d de<br \/>\nChristophe Honore, aux c\u00f4t\u00e9s de Juliette Binoche et Vincent Lacoste, ce qui<br \/>\nlui vaut une nomination aux C\u00e9sar 2023 pour Meilleur Espoir Masculin. La<br \/>\nm\u00eame ann\u00e9e, il partage l\u2019affiche avec Romain Duris et Ad\u00e8le Exarchopoulos<br \/>\ndans \u201cLa R\u00e8gne animal\u201d de Thomas Cailley<\/p>\n<p>L&rsquo;\u00e9v\u00e9nement d\u00e9butera par la projection du film La R\u00e8gne animal \u00a0et sera suivi d&rsquo;une discussion avec le directeur Thomas Cailley et l&rsquo;acteur Paul Kircher au cin\u00e9ma XXI de Djakarta le vendredi 17 novembre 2023.<\/p>\n\t\t\t\t\t\t<\/div>\n\t\t\t\t<\/div>\n\t\t\t\t\t<\/div>\n\t\t<\/div>\n\t\t\t\t\t<\/div>\n\t\t<\/section>\n\t\t\t\t<section class=\"elementor-section elementor-top-section elementor-element elementor-element-5fd0c1ae elementor-section-boxed elementor-section-height-default elementor-section-height-default\" data-id=\"5fd0c1ae\" data-element_type=\"section\">\n\t\t\t\t\t\t<div class=\"elementor-container elementor-column-gap-default\">\n\t\t\t\t\t<div class=\"elementor-column elementor-col-100 elementor-top-column elementor-element elementor-element-4c90b767\" data-id=\"4c90b767\" data-element_type=\"column\">\n\t\t\t<div class=\"elementor-widget-wrap elementor-element-populated\">\n\t\t\t\t\t\t<div class=\"elementor-element elementor-element-6f2d1175 elementor-align-center elementor-widget elementor-widget-button\" data-id=\"6f2d1175\" data-element_type=\"widget\" data-widget_type=\"button.default\">\n\t\t\t\t<div class=\"elementor-widget-container\">\n\t\t\t\t\t<div class=\"elementor-button-wrapper\">\n\t\t\t<a class=\"elementor-button elementor-button-link elementor-size-sm\" href=\"https:\/\/www.ifi-id.com\/festival-sinema-prancis-2023-acara\/\">\n\t\t\t\t\t\t<span class=\"elementor-button-content-wrapper\">\n\t\t\t\t\t\t<span class=\"elementor-button-icon\">\n\t\t\t\t<i aria-hidden=\"true\" class=\"fas fa-backward\"><\/i>\t\t\t<\/span>\n\t\t\t\t\t\t\t\t\t<span class=\"elementor-button-text\">Retour \u00e0 la liste d'\u00e9v\u00e9nements<\/span>\n\t\t\t\t\t<\/span>\n\t\t\t\t\t<\/a>\n\t\t<\/div>\n\t\t\t\t<\/div>\n\t\t\t\t<\/div>\n\t\t\t\t\t<\/div>\n\t\t<\/div>\n\t\t\t\t\t<\/div>\n\t\t<\/section>\n\t\t\t\t<\/div>\n\t\t","protected":false},"excerpt":{"rendered":"<p>Discussion sur film La r\u00e8gne Animal avec Thomas Cailley et Paul Kircher Discussion sur film La r\u00e8gne Animal avec Thomas Cailley et Paul Kircher Previous Next vendredi, 17 novembre 2023 Djakarta Theater Cinema XXI Gratuit Thomas Cailley Apr\u00e8s avoir \u00e9tudi\u00e9 \u00e0 la Femis au sein du d\u00e9partement sc\u00e9nario, Thomas Cailley r\u00e9alise le court-m\u00e9trage \u201cParis Shanghai\u201d &hellip; <\/p>\n<p class=\"link-more\"><a href=\"https:\/\/www.ifi-id.com\/fr\/discussion-la-regne-animal\/\" class=\"more-link\">Continuer la lecture<span class=\"screen-reader-text\"> de &laquo;&nbsp;Discussion sur film La r\u00e8gne Animal avec Thomas Cailley et Paul Kircher \u2013 Festival Sinema Prancis 2023&nbsp;&raquo;<\/span><\/a><\/p>\n","protected":false},"author":8,"featured_media":40420,"parent":0,"menu_order":0,"comment_status":"closed","ping_status":"closed","template":"elementor_header_footer","meta":{"footnotes":""},"class_list":["post-40454","page","type-page","status-publish","has-post-thumbnail","hentry"],"yoast_head":"<!-- This site is optimized with the Yoast SEO plugin v23.5 - https:\/\/yoast.com\/wordpress\/plugins\/seo\/ -->\n<title>Discussion sur film La r\u00e8gne Animal avec Thomas Cailley et Paul Kircher \u2013 Festival Sinema Prancis 2023 - Institut fran\u00e7ais Indon\u00e9sie<\/title>\n<meta name=\"robots\" content=\"index, follow, max-snippet:-1, max-image-preview:large, max-video-preview:-1\" \/>\n<link rel=\"canonical\" href=\"https:\/\/www.ifi-id.com\/festival-sinema-prancis-2023-acara\/diskusi-animal-kingdom\/\" \/>\n<meta property=\"og:locale\" content=\"fr_FR\" \/>\n<meta property=\"og:type\" content=\"article\" \/>\n<meta property=\"og:title\" content=\"Discussion sur film La r\u00e8gne Animal avec Thomas Cailley et Paul Kircher \u2013 Festival Sinema Prancis 2023 - Institut fran\u00e7ais Indon\u00e9sie\" \/>\n<meta property=\"og:description\" content=\"Discussion sur film La r\u00e8gne Animal avec Thomas Cailley et Paul Kircher Discussion sur film La r\u00e8gne Animal avec Thomas Cailley et Paul Kircher Previous Next vendredi, 17 novembre 2023 Djakarta Theater Cinema XXI Gratuit Thomas Cailley Apr\u00e8s avoir \u00e9tudi\u00e9 \u00e0 la Femis au sein du d\u00e9partement sc\u00e9nario, Thomas Cailley r\u00e9alise le court-m\u00e9trage \u201cParis Shanghai\u201d &hellip; Continuer la lecture de &laquo;&nbsp;Discussion sur film La r\u00e8gne Animal avec Thomas Cailley et Paul Kircher \u2013 Festival Sinema Prancis 2023&nbsp;&raquo;\" \/>\n<meta property=\"og:url\" content=\"https:\/\/www.ifi-id.com\/festival-sinema-prancis-2023-acara\/diskusi-animal-kingdom\/\" \/>\n<meta property=\"og:site_name\" content=\"Institut fran\u00e7ais Indon\u00e9sie\" \/>\n<meta property=\"article:modified_time\" content=\"2023-11-21T07:45:19+00:00\" \/>\n<meta property=\"og:image\" content=\"https:\/\/www.ifi-id.com\/wp-content\/uploads\/2023\/11\/Thomas-Cailley-e1699932074729.jpg\" \/>\n\t<meta property=\"og:image:width\" content=\"1200\" \/>\n\t<meta property=\"og:image:height\" content=\"900\" \/>\n\t<meta property=\"og:image:type\" content=\"image\/jpeg\" \/>\n<meta name=\"twitter:card\" content=\"summary_large_image\" \/>\n<meta name=\"twitter:label1\" content=\"Dur\u00e9e de lecture estim\u00e9e\" \/>\n\t<meta name=\"twitter:data1\" content=\"2 minutes\" \/>\n<script type=\"application\/ld+json\" class=\"yoast-schema-graph\">{\"@context\":\"https:\/\/schema.org\",\"@graph\":[{\"@type\":\"WebPage\",\"@id\":\"https:\/\/www.ifi-id.com\/festival-sinema-prancis-2023-acara\/diskusi-animal-kingdom\/\",\"url\":\"https:\/\/www.ifi-id.com\/festival-sinema-prancis-2023-acara\/diskusi-animal-kingdom\/\",\"name\":\"Discussion sur film La r\u00e8gne Animal avec Thomas Cailley et Paul Kircher \u2013 Festival Sinema Prancis 2023 - Institut fran\u00e7ais Indon\u00e9sie\",\"isPartOf\":{\"@id\":\"https:\/\/www.ifi-id.com\/#website\"},\"primaryImageOfPage\":{\"@id\":\"https:\/\/www.ifi-id.com\/festival-sinema-prancis-2023-acara\/diskusi-animal-kingdom\/#primaryimage\"},\"image\":{\"@id\":\"https:\/\/www.ifi-id.com\/festival-sinema-prancis-2023-acara\/diskusi-animal-kingdom\/#primaryimage\"},\"thumbnailUrl\":\"https:\/\/www.ifi-id.com\/wp-content\/uploads\/2023\/11\/Thomas-Cailley-e1699932074729.jpg\",\"datePublished\":\"2023-11-14T04:24:26+00:00\",\"dateModified\":\"2023-11-21T07:45:19+00:00\",\"breadcrumb\":{\"@id\":\"https:\/\/www.ifi-id.com\/festival-sinema-prancis-2023-acara\/diskusi-animal-kingdom\/#breadcrumb\"},\"inLanguage\":\"fr-FR\",\"potentialAction\":[{\"@type\":\"ReadAction\",\"target\":[\"https:\/\/www.ifi-id.com\/festival-sinema-prancis-2023-acara\/diskusi-animal-kingdom\/\"]}]},{\"@type\":\"ImageObject\",\"inLanguage\":\"fr-FR\",\"@id\":\"https:\/\/www.ifi-id.com\/festival-sinema-prancis-2023-acara\/diskusi-animal-kingdom\/#primaryimage\",\"url\":\"https:\/\/www.ifi-id.com\/wp-content\/uploads\/2023\/11\/Thomas-Cailley-e1699932074729.jpg\",\"contentUrl\":\"https:\/\/www.ifi-id.com\/wp-content\/uploads\/2023\/11\/Thomas-Cailley-e1699932074729.jpg\",\"width\":1200,\"height\":900},{\"@type\":\"BreadcrumbList\",\"@id\":\"https:\/\/www.ifi-id.com\/festival-sinema-prancis-2023-acara\/diskusi-animal-kingdom\/#breadcrumb\",\"itemListElement\":[{\"@type\":\"ListItem\",\"position\":1,\"name\":\"Home\",\"item\":\"https:\/\/www.ifi-id.com\/\"},{\"@type\":\"ListItem\",\"position\":2,\"name\":\"Discussion sur film La r\u00e8gne Animal avec Thomas Cailley et Paul Kircher \u2013 Festival Sinema Prancis 2023\"}]},{\"@type\":\"WebSite\",\"@id\":\"https:\/\/www.ifi-id.com\/#website\",\"url\":\"https:\/\/www.ifi-id.com\/\",\"name\":\"Institut fran\u00e7ais Indon\u00e9sie\",\"description\":\"\",\"publisher\":{\"@id\":\"https:\/\/www.ifi-id.com\/#organization\"},\"potentialAction\":[{\"@type\":\"SearchAction\",\"target\":{\"@type\":\"EntryPoint\",\"urlTemplate\":\"https:\/\/www.ifi-id.com\/?s={search_term_string}\"},\"query-input\":{\"@type\":\"PropertyValueSpecification\",\"valueRequired\":true,\"valueName\":\"search_term_string\"}}],\"inLanguage\":\"fr-FR\"},{\"@type\":\"Organization\",\"@id\":\"https:\/\/www.ifi-id.com\/#organization\",\"name\":\"Institut fran\u00e7ais Indon\u00e9sie\",\"url\":\"https:\/\/www.ifi-id.com\/\",\"logo\":{\"@type\":\"ImageObject\",\"inLanguage\":\"fr-FR\",\"@id\":\"https:\/\/www.ifi-id.com\/#\/schema\/logo\/image\/\",\"url\":\"https:\/\/www.ifi-id.com\/wp-content\/uploads\/2022\/12\/IFI_New_Logo.jpg\",\"contentUrl\":\"https:\/\/www.ifi-id.com\/wp-content\/uploads\/2022\/12\/IFI_New_Logo.jpg\",\"width\":666,\"height\":444,\"caption\":\"Institut fran\u00e7ais Indon\u00e9sie\"},\"image\":{\"@id\":\"https:\/\/www.ifi-id.com\/#\/schema\/logo\/image\/\"}}]}<\/script>\n<!-- \/ Yoast SEO plugin. -->","yoast_head_json":{"title":"Discussion sur film La r\u00e8gne Animal avec Thomas Cailley et Paul Kircher \u2013 Festival Sinema Prancis 2023 - Institut fran\u00e7ais Indon\u00e9sie","robots":{"index":"index","follow":"follow","max-snippet":"max-snippet:-1","max-image-preview":"max-image-preview:large","max-video-preview":"max-video-preview:-1"},"canonical":"https:\/\/www.ifi-id.com\/festival-sinema-prancis-2023-acara\/diskusi-animal-kingdom\/","og_locale":"fr_FR","og_type":"article","og_title":"Discussion sur film La r\u00e8gne Animal avec Thomas Cailley et Paul Kircher \u2013 Festival Sinema Prancis 2023 - Institut fran\u00e7ais Indon\u00e9sie","og_description":"Discussion sur film La r\u00e8gne Animal avec Thomas Cailley et Paul Kircher Discussion sur film La r\u00e8gne Animal avec Thomas Cailley et Paul Kircher Previous Next vendredi, 17 novembre 2023 Djakarta Theater Cinema XXI Gratuit Thomas Cailley Apr\u00e8s avoir \u00e9tudi\u00e9 \u00e0 la Femis au sein du d\u00e9partement sc\u00e9nario, Thomas Cailley r\u00e9alise le court-m\u00e9trage \u201cParis Shanghai\u201d &hellip; Continuer la lecture de &laquo;&nbsp;Discussion sur film La r\u00e8gne Animal avec Thomas Cailley et Paul Kircher \u2013 Festival Sinema Prancis 2023&nbsp;&raquo;","og_url":"https:\/\/www.ifi-id.com\/festival-sinema-prancis-2023-acara\/diskusi-animal-kingdom\/","og_site_name":"Institut fran\u00e7ais Indon\u00e9sie","article_modified_time":"2023-11-21T07:45:19+00:00","og_image":[{"width":1200,"height":900,"url":"https:\/\/www.ifi-id.com\/wp-content\/uploads\/2023\/11\/Thomas-Cailley-e1699932074729.jpg","type":"image\/jpeg"}],"twitter_card":"summary_large_image","twitter_misc":{"Dur\u00e9e de lecture estim\u00e9e":"2 minutes"},"schema":{"@context":"https:\/\/schema.org","@graph":[{"@type":"WebPage","@id":"https:\/\/www.ifi-id.com\/festival-sinema-prancis-2023-acara\/diskusi-animal-kingdom\/","url":"https:\/\/www.ifi-id.com\/festival-sinema-prancis-2023-acara\/diskusi-animal-kingdom\/","name":"Discussion sur film La r\u00e8gne Animal avec Thomas Cailley et Paul Kircher \u2013 Festival Sinema Prancis 2023 - Institut fran\u00e7ais Indon\u00e9sie","isPartOf":{"@id":"https:\/\/www.ifi-id.com\/#website"},"primaryImageOfPage":{"@id":"https:\/\/www.ifi-id.com\/festival-sinema-prancis-2023-acara\/diskusi-animal-kingdom\/#primaryimage"},"image":{"@id":"https:\/\/www.ifi-id.com\/festival-sinema-prancis-2023-acara\/diskusi-animal-kingdom\/#primaryimage"},"thumbnailUrl":"https:\/\/www.ifi-id.com\/wp-content\/uploads\/2023\/11\/Thomas-Cailley-e1699932074729.jpg","datePublished":"2023-11-14T04:24:26+00:00","dateModified":"2023-11-21T07:45:19+00:00","breadcrumb":{"@id":"https:\/\/www.ifi-id.com\/festival-sinema-prancis-2023-acara\/diskusi-animal-kingdom\/#breadcrumb"},"inLanguage":"fr-FR","potentialAction":[{"@type":"ReadAction","target":["https:\/\/www.ifi-id.com\/festival-sinema-prancis-2023-acara\/diskusi-animal-kingdom\/"]}]},{"@type":"ImageObject","inLanguage":"fr-FR","@id":"https:\/\/www.ifi-id.com\/festival-sinema-prancis-2023-acara\/diskusi-animal-kingdom\/#primaryimage","url":"https:\/\/www.ifi-id.com\/wp-content\/uploads\/2023\/11\/Thomas-Cailley-e1699932074729.jpg","contentUrl":"https:\/\/www.ifi-id.com\/wp-content\/uploads\/2023\/11\/Thomas-Cailley-e1699932074729.jpg","width":1200,"height":900},{"@type":"BreadcrumbList","@id":"https:\/\/www.ifi-id.com\/festival-sinema-prancis-2023-acara\/diskusi-animal-kingdom\/#breadcrumb","itemListElement":[{"@type":"ListItem","position":1,"name":"Home","item":"https:\/\/www.ifi-id.com\/"},{"@type":"ListItem","position":2,"name":"Discussion sur film La r\u00e8gne Animal avec Thomas Cailley et Paul Kircher \u2013 Festival Sinema Prancis 2023"}]},{"@type":"WebSite","@id":"https:\/\/www.ifi-id.com\/#website","url":"https:\/\/www.ifi-id.com\/","name":"Institut fran\u00e7ais Indon\u00e9sie","description":"","publisher":{"@id":"https:\/\/www.ifi-id.com\/#organization"},"potentialAction":[{"@type":"SearchAction","target":{"@type":"EntryPoint","urlTemplate":"https:\/\/www.ifi-id.com\/?s={search_term_string}"},"query-input":{"@type":"PropertyValueSpecification","valueRequired":true,"valueName":"search_term_string"}}],"inLanguage":"fr-FR"},{"@type":"Organization","@id":"https:\/\/www.ifi-id.com\/#organization","name":"Institut fran\u00e7ais Indon\u00e9sie","url":"https:\/\/www.ifi-id.com\/","logo":{"@type":"ImageObject","inLanguage":"fr-FR","@id":"https:\/\/www.ifi-id.com\/#\/schema\/logo\/image\/","url":"https:\/\/www.ifi-id.com\/wp-content\/uploads\/2022\/12\/IFI_New_Logo.jpg","contentUrl":"https:\/\/www.ifi-id.com\/wp-content\/uploads\/2022\/12\/IFI_New_Logo.jpg","width":666,"height":444,"caption":"Institut fran\u00e7ais Indon\u00e9sie"},"image":{"@id":"https:\/\/www.ifi-id.com\/#\/schema\/logo\/image\/"}}]}},"post_mailing_queue_ids":[],"_links":{"self":[{"href":"https:\/\/www.ifi-id.com\/fr\/wp-json\/wp\/v2\/pages\/40454"}],"collection":[{"href":"https:\/\/www.ifi-id.com\/fr\/wp-json\/wp\/v2\/pages"}],"about":[{"href":"https:\/\/www.ifi-id.com\/fr\/wp-json\/wp\/v2\/types\/page"}],"author":[{"embeddable":true,"href":"https:\/\/www.ifi-id.com\/fr\/wp-json\/wp\/v2\/users\/8"}],"replies":[{"embeddable":true,"href":"https:\/\/www.ifi-id.com\/fr\/wp-json\/wp\/v2\/comments?post=40454"}],"version-history":[{"count":6,"href":"https:\/\/www.ifi-id.com\/fr\/wp-json\/wp\/v2\/pages\/40454\/revisions"}],"predecessor-version":[{"id":41270,"href":"https:\/\/www.ifi-id.com\/fr\/wp-json\/wp\/v2\/pages\/40454\/revisions\/41270"}],"wp:featuredmedia":[{"embeddable":true,"href":"https:\/\/www.ifi-id.com\/fr\/wp-json\/wp\/v2\/media\/40420"}],"wp:attachment":[{"href":"https:\/\/www.ifi-id.com\/fr\/wp-json\/wp\/v2\/media?parent=40454"}],"curies":[{"name":"wp","href":"https:\/\/api.w.org\/{rel}","templated":true}]}}