{"id":40288,"date":"2023-11-13T17:45:57","date_gmt":"2023-11-13T10:45:57","guid":{"rendered":"https:\/\/www.ifi-id.com\/fsp23-film-le-evenement\/"},"modified":"2023-11-21T15:03:31","modified_gmt":"2023-11-21T08:03:31","slug":"le-evenement","status":"publish","type":"page","link":"https:\/\/www.ifi-id.com\/fr\/festival-sinema-prancis-2023-film-en-ligne\/le-evenement\/","title":{"rendered":"L&rsquo;ev\u00e9nement \u2013 Festival Sinema Prancis 2023"},"content":{"rendered":"\t\t<div data-elementor-type=\"wp-page\" data-elementor-id=\"40288\" class=\"elementor elementor-40288 elementor-40277\" data-elementor-post-type=\"page\">\n\t\t\t\t\t\t<section class=\"elementor-section elementor-top-section elementor-element elementor-element-599d9215 elementor-section-boxed elementor-section-height-default elementor-section-height-default\" data-id=\"599d9215\" data-element_type=\"section\">\n\t\t\t\t\t\t<div class=\"elementor-container elementor-column-gap-default\">\n\t\t\t\t\t<div class=\"elementor-column elementor-col-100 elementor-top-column elementor-element elementor-element-2237d7ca\" data-id=\"2237d7ca\" data-element_type=\"column\">\n\t\t\t<div class=\"elementor-widget-wrap elementor-element-populated\">\n\t\t\t\t\t\t<div class=\"elementor-element elementor-element-5aa115f7 elementor-hidden-phone elementor-widget elementor-widget-heading\" data-id=\"5aa115f7\" data-element_type=\"widget\" data-widget_type=\"heading.default\">\n\t\t\t\t<div class=\"elementor-widget-container\">\n\t\t\t<h2 class=\"elementor-heading-title elementor-size-default\">L'ev\u00e9nement<\/h2>\t\t<\/div>\n\t\t\t\t<\/div>\n\t\t\t\t\t<\/div>\n\t\t<\/div>\n\t\t\t\t\t<\/div>\n\t\t<\/section>\n\t\t\t\t<section class=\"elementor-section elementor-top-section elementor-element elementor-element-61749330 elementor-section-boxed elementor-section-height-default elementor-section-height-default\" data-id=\"61749330\" data-element_type=\"section\">\n\t\t\t\t\t\t<div class=\"elementor-container elementor-column-gap-default\">\n\t\t\t\t\t<div class=\"elementor-column elementor-col-100 elementor-top-column elementor-element elementor-element-4f6f2da\" data-id=\"4f6f2da\" data-element_type=\"column\">\n\t\t\t<div class=\"elementor-widget-wrap elementor-element-populated\">\n\t\t\t\t\t\t<div class=\"elementor-element elementor-element-7d61fe5b elementor-hidden-desktop elementor-hidden-tablet elementor-widget elementor-widget-heading\" data-id=\"7d61fe5b\" data-element_type=\"widget\" data-widget_type=\"heading.default\">\n\t\t\t\t<div class=\"elementor-widget-container\">\n\t\t\t<h1 class=\"elementor-heading-title elementor-size-default\">L'ev\u00e9nement<\/h1>\t\t<\/div>\n\t\t\t\t<\/div>\n\t\t\t\t\t<\/div>\n\t\t<\/div>\n\t\t\t\t\t<\/div>\n\t\t<\/section>\n\t\t\t\t<section class=\"elementor-section elementor-top-section elementor-element elementor-element-727eee86 elementor-section-boxed elementor-section-height-default elementor-section-height-default\" data-id=\"727eee86\" data-element_type=\"section\" data-settings=\"{&quot;background_background&quot;:&quot;classic&quot;}\">\n\t\t\t\t\t\t<div class=\"elementor-container elementor-column-gap-default\">\n\t\t\t\t\t<div class=\"elementor-column elementor-col-100 elementor-top-column elementor-element elementor-element-20280c6a\" data-id=\"20280c6a\" data-element_type=\"column\">\n\t\t\t<div class=\"elementor-widget-wrap elementor-element-populated\">\n\t\t\t\t\t\t<div class=\"elementor-element elementor-element-44500789 elementor-arrows-position-inside elementor-pagination-position-outside elementor-widget elementor-widget-image-carousel\" data-id=\"44500789\" data-element_type=\"widget\" data-settings=\"{&quot;slides_to_show&quot;:&quot;1&quot;,&quot;autoplay_speed&quot;:3000,&quot;navigation&quot;:&quot;both&quot;,&quot;autoplay&quot;:&quot;yes&quot;,&quot;pause_on_hover&quot;:&quot;yes&quot;,&quot;pause_on_interaction&quot;:&quot;yes&quot;,&quot;infinite&quot;:&quot;yes&quot;,&quot;effect&quot;:&quot;slide&quot;,&quot;speed&quot;:500}\" data-widget_type=\"image-carousel.default\">\n\t\t\t\t<div class=\"elementor-widget-container\">\n\t\t\t\t\t<div class=\"elementor-image-carousel-wrapper swiper\" dir=\"ltr\">\n\t\t\t<div class=\"elementor-image-carousel swiper-wrapper swiper-image-stretch\" aria-live=\"off\">\n\t\t\t\t\t\t\t\t<div class=\"swiper-slide\" role=\"group\" aria-roledescription=\"slide\" aria-label=\"1 sur 3\"><figure class=\"swiper-slide-inner\"><img decoding=\"async\" class=\"swiper-slide-image\" src=\"https:\/\/www.ifi-id.com\/wp-content\/uploads\/2023\/11\/2597984-e1699871792672.webp\" alt=\"2597984\" \/><\/figure><\/div><div class=\"swiper-slide\" role=\"group\" aria-roledescription=\"slide\" aria-label=\"2 sur 3\"><figure class=\"swiper-slide-inner\"><img decoding=\"async\" class=\"swiper-slide-image\" src=\"https:\/\/www.ifi-id.com\/wp-content\/uploads\/2023\/11\/2579263-e1699871767132.webp\" alt=\"2579263\" \/><\/figure><\/div><div class=\"swiper-slide\" role=\"group\" aria-roledescription=\"slide\" aria-label=\"3 sur 3\"><figure class=\"swiper-slide-inner\"><img decoding=\"async\" class=\"swiper-slide-image\" src=\"https:\/\/www.ifi-id.com\/wp-content\/uploads\/2023\/11\/1451886-e1699871743135.webp\" alt=\"1451886\" \/><\/figure><\/div>\t\t\t<\/div>\n\t\t\t\t\t\t\t\t\t\t\t\t<div class=\"elementor-swiper-button elementor-swiper-button-prev\" role=\"button\" tabindex=\"0\">\n\t\t\t\t\t\t<i aria-hidden=\"true\" class=\"eicon-chevron-left\"><\/i>\t\t\t\t\t<\/div>\n\t\t\t\t\t<div class=\"elementor-swiper-button elementor-swiper-button-next\" role=\"button\" tabindex=\"0\">\n\t\t\t\t\t\t<i aria-hidden=\"true\" class=\"eicon-chevron-right\"><\/i>\t\t\t\t\t<\/div>\n\t\t\t\t\n\t\t\t\t\t\t\t\t\t<div class=\"swiper-pagination\"><\/div>\n\t\t\t\t\t\t\t\t\t<\/div>\n\t\t\t\t<\/div>\n\t\t\t\t<\/div>\n\t\t\t\t\t<\/div>\n\t\t<\/div>\n\t\t\t\t\t<\/div>\n\t\t<\/section>\n\t\t\t\t<section class=\"elementor-section elementor-top-section elementor-element elementor-element-10989b2e elementor-section-boxed elementor-section-height-default elementor-section-height-default\" data-id=\"10989b2e\" data-element_type=\"section\">\n\t\t\t\t\t\t<div class=\"elementor-container elementor-column-gap-default\">\n\t\t\t\t\t<div class=\"elementor-column elementor-col-100 elementor-top-column elementor-element elementor-element-4a967f82\" data-id=\"4a967f82\" data-element_type=\"column\">\n\t\t\t<div class=\"elementor-widget-wrap elementor-element-populated\">\n\t\t\t\t\t\t<div class=\"elementor-element elementor-element-168eb19b elementor-widget elementor-widget-text-editor\" data-id=\"168eb19b\" data-element_type=\"widget\" data-widget_type=\"text-editor.default\">\n\t\t\t\t<div class=\"elementor-widget-container\">\n\t\t\t\t\t\t\t<h4>Audrey Diwan| 2021 | 100\u2019 | Drame\u00a0 | Fran\u00e7ais avex sous-titres indon\u00e9sien<br \/>\nAnamaria Vartolomei, Kacey Mottet Klein, Lu\u00e0na Bajrami<\/h4>\n<p>Une adaptation du roman du m\u00eame nom d&rsquo;Annie Ernaux, revenant sur son exp\u00e9rience de l&rsquo;avortement quand c&rsquo;\u00e9tait encore ill\u00e9gal en France dans les ann\u00e9es 1960.<\/p>\n<p><strong>R\u00e9compenses<br \/>\n<\/strong><span style=\"color: var( --e-global-color-text ); font-weight: var( --e-global-typography-text-font-weight ); font-size: 1rem;\">2021 Best Film, Venice Film Festival<br \/>\n<\/span><span style=\"color: var( --e-global-color-text ); font-weight: var( --e-global-typography-text-font-weight ); font-size: 1rem;\">2021 Winner FIPRESCI Prize\u00a0<\/span><span style=\"color: var( --e-global-color-text ); font-weight: var( --e-global-typography-text-font-weight ); font-size: 1rem;\">Competition, Venice Film Festival<br \/>\n<\/span><span style=\"color: var( --e-global-color-text ); font-weight: var( --e-global-typography-text-font-weight ); font-size: 1rem;\">2022 Best International Feature, Gotham Independent Film Award<br \/>\n<\/span><span style=\"color: var( --e-global-color-text ); font-weight: var( --e-global-typography-text-font-weight ); font-size: 1rem;\">2022 Directors to Watch, Palm Springs International Film Festival<br \/>\n<\/span><span style=\"color: var( --e-global-color-text ); font-weight: var( --e-global-typography-text-font-weight ); font-size: 1rem;\">2022 Winner New Voices\/New Visions, Palm Springs International Film Festival<br \/>\n<\/span><span style=\"color: var( --e-global-color-text ); font-weight: var( --e-global-typography-text-font-weight ); font-size: 1rem;\">2022 Most Promising Actress, C\u00e9sar Awards, France<\/span><\/p>\n<p><strong>20 \u2013 26 novembre 2023<\/strong><br \/>\n<strong>Projection en ligne sur KlikFilm<\/strong><\/p>\n\t\t\t\t\t\t<\/div>\n\t\t\t\t<\/div>\n\t\t\t\t\t<\/div>\n\t\t<\/div>\n\t\t\t\t\t<\/div>\n\t\t<\/section>\n\t\t\t\t<section class=\"elementor-section elementor-top-section elementor-element elementor-element-5b7c695b elementor-section-boxed elementor-section-height-default elementor-section-height-default\" data-id=\"5b7c695b\" data-element_type=\"section\">\n\t\t\t\t\t\t<div class=\"elementor-container elementor-column-gap-default\">\n\t\t\t\t\t<div class=\"elementor-column elementor-col-100 elementor-top-column elementor-element elementor-element-4809555a\" data-id=\"4809555a\" data-element_type=\"column\">\n\t\t\t<div class=\"elementor-widget-wrap elementor-element-populated\">\n\t\t\t\t\t\t<div class=\"elementor-element elementor-element-99534ce elementor-widget elementor-widget-video\" data-id=\"99534ce\" data-element_type=\"widget\" data-settings=\"{&quot;youtube_url&quot;:&quot;https:\\\/\\\/www.youtube.com\\\/watch?v=HAQVYYqj3Ro&quot;,&quot;video_type&quot;:&quot;youtube&quot;,&quot;controls&quot;:&quot;yes&quot;}\" data-widget_type=\"video.default\">\n\t\t\t\t<div class=\"elementor-widget-container\">\n\t\t\t\t\t<div class=\"elementor-wrapper elementor-open-inline\">\n\t\t\t<div class=\"elementor-video\"><\/div>\t\t<\/div>\n\t\t\t\t<\/div>\n\t\t\t\t<\/div>\n\t\t\t\t\t<\/div>\n\t\t<\/div>\n\t\t\t\t\t<\/div>\n\t\t<\/section>\n\t\t\t\t<section class=\"elementor-section elementor-top-section elementor-element elementor-element-30da5b7d elementor-section-boxed elementor-section-height-default elementor-section-height-default\" data-id=\"30da5b7d\" data-element_type=\"section\">\n\t\t\t\t\t\t<div class=\"elementor-container elementor-column-gap-default\">\n\t\t\t\t\t<div class=\"elementor-column elementor-col-50 elementor-top-column elementor-element elementor-element-3e8ce48b\" data-id=\"3e8ce48b\" data-element_type=\"column\">\n\t\t\t<div class=\"elementor-widget-wrap elementor-element-populated\">\n\t\t\t\t\t\t<div class=\"elementor-element elementor-element-281021f8 elementor-align-center elementor-widget elementor-widget-button\" data-id=\"281021f8\" data-element_type=\"widget\" data-widget_type=\"button.default\">\n\t\t\t\t<div class=\"elementor-widget-container\">\n\t\t\t\t\t<div class=\"elementor-button-wrapper\">\n\t\t\t<a class=\"elementor-button elementor-button-link elementor-size-sm\" href=\"https:\/\/www.ifi-id.com\/fr\/festival-sinema-prancis-2023-film-en-ligne\/\">\n\t\t\t\t\t\t<span class=\"elementor-button-content-wrapper\">\n\t\t\t\t\t\t<span class=\"elementor-button-icon\">\n\t\t\t\t<i aria-hidden=\"true\" class=\"fas fa-backward\"><\/i>\t\t\t<\/span>\n\t\t\t\t\t\t\t\t\t<span class=\"elementor-button-text\">Retour \u00e0 la liste des films<\/span>\n\t\t\t\t\t<\/span>\n\t\t\t\t\t<\/a>\n\t\t<\/div>\n\t\t\t\t<\/div>\n\t\t\t\t<\/div>\n\t\t\t\t\t<\/div>\n\t\t<\/div>\n\t\t\t\t<div class=\"elementor-column elementor-col-50 elementor-top-column elementor-element elementor-element-5699fac1\" data-id=\"5699fac1\" data-element_type=\"column\">\n\t\t\t<div class=\"elementor-widget-wrap elementor-element-populated\">\n\t\t\t\t\t\t<div class=\"elementor-element elementor-element-cf74cce elementor-align-center elementor-widget elementor-widget-button\" data-id=\"cf74cce\" data-element_type=\"widget\" data-widget_type=\"button.default\">\n\t\t\t\t<div class=\"elementor-widget-container\">\n\t\t\t\t\t<div class=\"elementor-button-wrapper\">\n\t\t\t<a class=\"elementor-button elementor-button-link elementor-size-sm\" href=\"https:\/\/klikfilm.com\/\">\n\t\t\t\t\t\t<span class=\"elementor-button-content-wrapper\">\n\t\t\t\t\t\t<span class=\"elementor-button-icon\">\n\t\t\t\t<i aria-hidden=\"true\" class=\"fas fa-tv\"><\/i>\t\t\t<\/span>\n\t\t\t\t\t\t\t\t\t<span class=\"elementor-button-text\">Regarder sur KlikFilm<\/span>\n\t\t\t\t\t<\/span>\n\t\t\t\t\t<\/a>\n\t\t<\/div>\n\t\t\t\t<\/div>\n\t\t\t\t<\/div>\n\t\t\t\t\t<\/div>\n\t\t<\/div>\n\t\t\t\t\t<\/div>\n\t\t<\/section>\n\t\t\t\t<\/div>\n\t\t","protected":false},"excerpt":{"rendered":"<p>L&rsquo;ev\u00e9nement L&rsquo;ev\u00e9nement Previous Next Audrey Diwan| 2021 | 100\u2019 | Drame\u00a0 | Fran\u00e7ais avex sous-titres indon\u00e9sien Anamaria Vartolomei, Kacey Mottet Klein, Lu\u00e0na Bajrami Une adaptation du roman du m\u00eame nom d&rsquo;Annie Ernaux, revenant sur son exp\u00e9rience de l&rsquo;avortement quand c&rsquo;\u00e9tait encore ill\u00e9gal en France dans les ann\u00e9es 1960. R\u00e9compenses 2021 Best Film, Venice Film Festival &hellip; <\/p>\n<p class=\"link-more\"><a href=\"https:\/\/www.ifi-id.com\/fr\/festival-sinema-prancis-2023-film-en-ligne\/le-evenement\/\" class=\"more-link\">Continuer la lecture<span class=\"screen-reader-text\"> de &laquo;&nbsp;L&rsquo;ev\u00e9nement \u2013 Festival Sinema Prancis 2023&nbsp;&raquo;<\/span><\/a><\/p>\n","protected":false},"author":8,"featured_media":40283,"parent":39947,"menu_order":0,"comment_status":"closed","ping_status":"closed","template":"elementor_header_footer","meta":{"footnotes":""},"class_list":["post-40288","page","type-page","status-publish","has-post-thumbnail","hentry"],"yoast_head":"<!-- This site is optimized with the Yoast SEO plugin v23.5 - https:\/\/yoast.com\/wordpress\/plugins\/seo\/ -->\n<title>L&#039;ev\u00e9nement \u2013 Festival Sinema Prancis 2023 - Institut fran\u00e7ais Indon\u00e9sie<\/title>\n<meta name=\"description\" content=\"Une adaptation du roman du m\u00eame nom d&#039;Annie Ernaux, revenant sur son exp\u00e9rience de l&#039;avortement quand c&#039;\u00e9tait encore ill\u00e9gal en France dans les ann\u00e9es 1960.\" \/>\n<meta name=\"robots\" content=\"index, follow, max-snippet:-1, max-image-preview:large, max-video-preview:-1\" \/>\n<link rel=\"canonical\" href=\"https:\/\/www.ifi-id.com\/festival-sinema-prancis-2023-daring\/happening\/\" \/>\n<meta property=\"og:locale\" content=\"fr_FR\" \/>\n<meta property=\"og:type\" content=\"article\" \/>\n<meta property=\"og:title\" content=\"L&#039;ev\u00e9nement \u2013 Festival Sinema Prancis 2023 - Institut fran\u00e7ais Indon\u00e9sie\" \/>\n<meta property=\"og:description\" content=\"Une adaptation du roman du m\u00eame nom d&#039;Annie Ernaux, revenant sur son exp\u00e9rience de l&#039;avortement quand c&#039;\u00e9tait encore ill\u00e9gal en France dans les ann\u00e9es 1960.\" \/>\n<meta property=\"og:url\" content=\"https:\/\/www.ifi-id.com\/festival-sinema-prancis-2023-daring\/happening\/\" \/>\n<meta property=\"og:site_name\" content=\"Institut fran\u00e7ais Indon\u00e9sie\" \/>\n<meta property=\"article:modified_time\" content=\"2023-11-21T08:03:31+00:00\" \/>\n<meta property=\"og:image\" content=\"https:\/\/www.ifi-id.com\/wp-content\/uploads\/2023\/11\/2597984-e1699871792672.webp\" \/>\n\t<meta property=\"og:image:width\" content=\"1439\" \/>\n\t<meta property=\"og:image:height\" content=\"1077\" \/>\n\t<meta property=\"og:image:type\" content=\"image\/webp\" \/>\n<meta name=\"twitter:card\" content=\"summary_large_image\" \/>\n<meta name=\"twitter:label1\" content=\"Dur\u00e9e de lecture estim\u00e9e\" \/>\n\t<meta name=\"twitter:data1\" content=\"1 minute\" \/>\n<script type=\"application\/ld+json\" class=\"yoast-schema-graph\">{\"@context\":\"https:\/\/schema.org\",\"@graph\":[{\"@type\":\"WebPage\",\"@id\":\"https:\/\/www.ifi-id.com\/festival-sinema-prancis-2023-daring\/happening\/\",\"url\":\"https:\/\/www.ifi-id.com\/festival-sinema-prancis-2023-daring\/happening\/\",\"name\":\"L'ev\u00e9nement \u2013 Festival Sinema Prancis 2023 - Institut fran\u00e7ais Indon\u00e9sie\",\"isPartOf\":{\"@id\":\"https:\/\/www.ifi-id.com\/#website\"},\"primaryImageOfPage\":{\"@id\":\"https:\/\/www.ifi-id.com\/festival-sinema-prancis-2023-daring\/happening\/#primaryimage\"},\"image\":{\"@id\":\"https:\/\/www.ifi-id.com\/festival-sinema-prancis-2023-daring\/happening\/#primaryimage\"},\"thumbnailUrl\":\"https:\/\/www.ifi-id.com\/wp-content\/uploads\/2023\/11\/2597984-e1699871792672.webp\",\"datePublished\":\"2023-11-13T10:45:57+00:00\",\"dateModified\":\"2023-11-21T08:03:31+00:00\",\"description\":\"Une adaptation du roman du m\u00eame nom d'Annie Ernaux, revenant sur son exp\u00e9rience de l'avortement quand c'\u00e9tait encore ill\u00e9gal en France dans les ann\u00e9es 1960.\",\"breadcrumb\":{\"@id\":\"https:\/\/www.ifi-id.com\/festival-sinema-prancis-2023-daring\/happening\/#breadcrumb\"},\"inLanguage\":\"fr-FR\",\"potentialAction\":[{\"@type\":\"ReadAction\",\"target\":[\"https:\/\/www.ifi-id.com\/festival-sinema-prancis-2023-daring\/happening\/\"]}]},{\"@type\":\"ImageObject\",\"inLanguage\":\"fr-FR\",\"@id\":\"https:\/\/www.ifi-id.com\/festival-sinema-prancis-2023-daring\/happening\/#primaryimage\",\"url\":\"https:\/\/www.ifi-id.com\/wp-content\/uploads\/2023\/11\/2597984-e1699871792672.webp\",\"contentUrl\":\"https:\/\/www.ifi-id.com\/wp-content\/uploads\/2023\/11\/2597984-e1699871792672.webp\",\"width\":1439,\"height\":1077},{\"@type\":\"BreadcrumbList\",\"@id\":\"https:\/\/www.ifi-id.com\/festival-sinema-prancis-2023-daring\/happening\/#breadcrumb\",\"itemListElement\":[{\"@type\":\"ListItem\",\"position\":1,\"name\":\"Home\",\"item\":\"https:\/\/www.ifi-id.com\/\"},{\"@type\":\"ListItem\",\"position\":2,\"name\":\"Festival Sinema Prancis 2023 &#8211; Film en ligne\",\"item\":\"https:\/\/www.ifi-id.com\/festival-sinema-prancis-2023-daring\/\"},{\"@type\":\"ListItem\",\"position\":3,\"name\":\"L&rsquo;ev\u00e9nement \u2013 Festival Sinema Prancis 2023\"}]},{\"@type\":\"WebSite\",\"@id\":\"https:\/\/www.ifi-id.com\/#website\",\"url\":\"https:\/\/www.ifi-id.com\/\",\"name\":\"Institut fran\u00e7ais Indon\u00e9sie\",\"description\":\"\",\"publisher\":{\"@id\":\"https:\/\/www.ifi-id.com\/#organization\"},\"potentialAction\":[{\"@type\":\"SearchAction\",\"target\":{\"@type\":\"EntryPoint\",\"urlTemplate\":\"https:\/\/www.ifi-id.com\/?s={search_term_string}\"},\"query-input\":{\"@type\":\"PropertyValueSpecification\",\"valueRequired\":true,\"valueName\":\"search_term_string\"}}],\"inLanguage\":\"fr-FR\"},{\"@type\":\"Organization\",\"@id\":\"https:\/\/www.ifi-id.com\/#organization\",\"name\":\"Institut fran\u00e7ais Indon\u00e9sie\",\"url\":\"https:\/\/www.ifi-id.com\/\",\"logo\":{\"@type\":\"ImageObject\",\"inLanguage\":\"fr-FR\",\"@id\":\"https:\/\/www.ifi-id.com\/#\/schema\/logo\/image\/\",\"url\":\"https:\/\/www.ifi-id.com\/wp-content\/uploads\/2022\/12\/IFI_New_Logo.jpg\",\"contentUrl\":\"https:\/\/www.ifi-id.com\/wp-content\/uploads\/2022\/12\/IFI_New_Logo.jpg\",\"width\":666,\"height\":444,\"caption\":\"Institut fran\u00e7ais Indon\u00e9sie\"},\"image\":{\"@id\":\"https:\/\/www.ifi-id.com\/#\/schema\/logo\/image\/\"}}]}<\/script>\n<!-- \/ Yoast SEO plugin. -->","yoast_head_json":{"title":"L'ev\u00e9nement \u2013 Festival Sinema Prancis 2023 - Institut fran\u00e7ais Indon\u00e9sie","description":"Une adaptation du roman du m\u00eame nom d'Annie Ernaux, revenant sur son exp\u00e9rience de l'avortement quand c'\u00e9tait encore ill\u00e9gal en France dans les ann\u00e9es 1960.","robots":{"index":"index","follow":"follow","max-snippet":"max-snippet:-1","max-image-preview":"max-image-preview:large","max-video-preview":"max-video-preview:-1"},"canonical":"https:\/\/www.ifi-id.com\/festival-sinema-prancis-2023-daring\/happening\/","og_locale":"fr_FR","og_type":"article","og_title":"L'ev\u00e9nement \u2013 Festival Sinema Prancis 2023 - Institut fran\u00e7ais Indon\u00e9sie","og_description":"Une adaptation du roman du m\u00eame nom d'Annie Ernaux, revenant sur son exp\u00e9rience de l'avortement quand c'\u00e9tait encore ill\u00e9gal en France dans les ann\u00e9es 1960.","og_url":"https:\/\/www.ifi-id.com\/festival-sinema-prancis-2023-daring\/happening\/","og_site_name":"Institut fran\u00e7ais Indon\u00e9sie","article_modified_time":"2023-11-21T08:03:31+00:00","og_image":[{"width":1439,"height":1077,"url":"https:\/\/www.ifi-id.com\/wp-content\/uploads\/2023\/11\/2597984-e1699871792672.webp","type":"image\/webp"}],"twitter_card":"summary_large_image","twitter_misc":{"Dur\u00e9e de lecture estim\u00e9e":"1 minute"},"schema":{"@context":"https:\/\/schema.org","@graph":[{"@type":"WebPage","@id":"https:\/\/www.ifi-id.com\/festival-sinema-prancis-2023-daring\/happening\/","url":"https:\/\/www.ifi-id.com\/festival-sinema-prancis-2023-daring\/happening\/","name":"L'ev\u00e9nement \u2013 Festival Sinema Prancis 2023 - Institut fran\u00e7ais Indon\u00e9sie","isPartOf":{"@id":"https:\/\/www.ifi-id.com\/#website"},"primaryImageOfPage":{"@id":"https:\/\/www.ifi-id.com\/festival-sinema-prancis-2023-daring\/happening\/#primaryimage"},"image":{"@id":"https:\/\/www.ifi-id.com\/festival-sinema-prancis-2023-daring\/happening\/#primaryimage"},"thumbnailUrl":"https:\/\/www.ifi-id.com\/wp-content\/uploads\/2023\/11\/2597984-e1699871792672.webp","datePublished":"2023-11-13T10:45:57+00:00","dateModified":"2023-11-21T08:03:31+00:00","description":"Une adaptation du roman du m\u00eame nom d'Annie Ernaux, revenant sur son exp\u00e9rience de l'avortement quand c'\u00e9tait encore ill\u00e9gal en France dans les ann\u00e9es 1960.","breadcrumb":{"@id":"https:\/\/www.ifi-id.com\/festival-sinema-prancis-2023-daring\/happening\/#breadcrumb"},"inLanguage":"fr-FR","potentialAction":[{"@type":"ReadAction","target":["https:\/\/www.ifi-id.com\/festival-sinema-prancis-2023-daring\/happening\/"]}]},{"@type":"ImageObject","inLanguage":"fr-FR","@id":"https:\/\/www.ifi-id.com\/festival-sinema-prancis-2023-daring\/happening\/#primaryimage","url":"https:\/\/www.ifi-id.com\/wp-content\/uploads\/2023\/11\/2597984-e1699871792672.webp","contentUrl":"https:\/\/www.ifi-id.com\/wp-content\/uploads\/2023\/11\/2597984-e1699871792672.webp","width":1439,"height":1077},{"@type":"BreadcrumbList","@id":"https:\/\/www.ifi-id.com\/festival-sinema-prancis-2023-daring\/happening\/#breadcrumb","itemListElement":[{"@type":"ListItem","position":1,"name":"Home","item":"https:\/\/www.ifi-id.com\/"},{"@type":"ListItem","position":2,"name":"Festival Sinema Prancis 2023 &#8211; Film en ligne","item":"https:\/\/www.ifi-id.com\/festival-sinema-prancis-2023-daring\/"},{"@type":"ListItem","position":3,"name":"L&rsquo;ev\u00e9nement \u2013 Festival Sinema Prancis 2023"}]},{"@type":"WebSite","@id":"https:\/\/www.ifi-id.com\/#website","url":"https:\/\/www.ifi-id.com\/","name":"Institut fran\u00e7ais Indon\u00e9sie","description":"","publisher":{"@id":"https:\/\/www.ifi-id.com\/#organization"},"potentialAction":[{"@type":"SearchAction","target":{"@type":"EntryPoint","urlTemplate":"https:\/\/www.ifi-id.com\/?s={search_term_string}"},"query-input":{"@type":"PropertyValueSpecification","valueRequired":true,"valueName":"search_term_string"}}],"inLanguage":"fr-FR"},{"@type":"Organization","@id":"https:\/\/www.ifi-id.com\/#organization","name":"Institut fran\u00e7ais Indon\u00e9sie","url":"https:\/\/www.ifi-id.com\/","logo":{"@type":"ImageObject","inLanguage":"fr-FR","@id":"https:\/\/www.ifi-id.com\/#\/schema\/logo\/image\/","url":"https:\/\/www.ifi-id.com\/wp-content\/uploads\/2022\/12\/IFI_New_Logo.jpg","contentUrl":"https:\/\/www.ifi-id.com\/wp-content\/uploads\/2022\/12\/IFI_New_Logo.jpg","width":666,"height":444,"caption":"Institut fran\u00e7ais Indon\u00e9sie"},"image":{"@id":"https:\/\/www.ifi-id.com\/#\/schema\/logo\/image\/"}}]}},"post_mailing_queue_ids":[],"_links":{"self":[{"href":"https:\/\/www.ifi-id.com\/fr\/wp-json\/wp\/v2\/pages\/40288"}],"collection":[{"href":"https:\/\/www.ifi-id.com\/fr\/wp-json\/wp\/v2\/pages"}],"about":[{"href":"https:\/\/www.ifi-id.com\/fr\/wp-json\/wp\/v2\/types\/page"}],"author":[{"embeddable":true,"href":"https:\/\/www.ifi-id.com\/fr\/wp-json\/wp\/v2\/users\/8"}],"replies":[{"embeddable":true,"href":"https:\/\/www.ifi-id.com\/fr\/wp-json\/wp\/v2\/comments?post=40288"}],"version-history":[{"count":4,"href":"https:\/\/www.ifi-id.com\/fr\/wp-json\/wp\/v2\/pages\/40288\/revisions"}],"predecessor-version":[{"id":41284,"href":"https:\/\/www.ifi-id.com\/fr\/wp-json\/wp\/v2\/pages\/40288\/revisions\/41284"}],"up":[{"embeddable":true,"href":"https:\/\/www.ifi-id.com\/fr\/wp-json\/wp\/v2\/pages\/39947"}],"wp:featuredmedia":[{"embeddable":true,"href":"https:\/\/www.ifi-id.com\/fr\/wp-json\/wp\/v2\/media\/40283"}],"wp:attachment":[{"href":"https:\/\/www.ifi-id.com\/fr\/wp-json\/wp\/v2\/media?parent=40288"}],"curies":[{"name":"wp","href":"https:\/\/api.w.org\/{rel}","templated":true}]}}