{"id":40067,"date":"2023-11-13T13:29:05","date_gmt":"2023-11-13T06:29:05","guid":{"rendered":"https:\/\/www.ifi-id.com\/fsp23-film-la-fameuse-invasion-des-ours-en-sicile\/"},"modified":"2023-11-19T14:49:05","modified_gmt":"2023-11-19T07:49:05","slug":"fsp23-film-la-fameuse-invasion-des-ours-en-sicile","status":"publish","type":"page","link":"https:\/\/www.ifi-id.com\/fr\/festival-sinema-prancis-2023-film-hors-ligne\/fsp23-film-la-fameuse-invasion-des-ours-en-sicile\/","title":{"rendered":"La Fameuse Invasion des Ours en Sicile"},"content":{"rendered":"\t\t<div data-elementor-type=\"wp-page\" data-elementor-id=\"40067\" class=\"elementor elementor-40067 elementor-39995\" data-elementor-post-type=\"page\">\n\t\t\t\t\t\t<section class=\"elementor-section elementor-top-section elementor-element elementor-element-41e12fdf elementor-section-boxed elementor-section-height-default elementor-section-height-default\" data-id=\"41e12fdf\" data-element_type=\"section\">\n\t\t\t\t\t\t<div class=\"elementor-container elementor-column-gap-default\">\n\t\t\t\t\t<div class=\"elementor-column elementor-col-100 elementor-top-column elementor-element elementor-element-6f651d7b\" data-id=\"6f651d7b\" data-element_type=\"column\">\n\t\t\t<div class=\"elementor-widget-wrap elementor-element-populated\">\n\t\t\t\t\t\t<div class=\"elementor-element elementor-element-7f411f76 elementor-hidden-phone elementor-widget elementor-widget-heading\" data-id=\"7f411f76\" data-element_type=\"widget\" data-widget_type=\"heading.default\">\n\t\t\t\t<div class=\"elementor-widget-container\">\n\t\t\t<h2 class=\"elementor-heading-title elementor-size-default\">La Fameuse Invasion des Ours en Sicile<\/h2>\t\t<\/div>\n\t\t\t\t<\/div>\n\t\t\t\t\t<\/div>\n\t\t<\/div>\n\t\t\t\t\t<\/div>\n\t\t<\/section>\n\t\t\t\t<section class=\"elementor-section elementor-top-section elementor-element elementor-element-5560d1fa elementor-section-boxed elementor-section-height-default elementor-section-height-default\" data-id=\"5560d1fa\" data-element_type=\"section\">\n\t\t\t\t\t\t<div class=\"elementor-container elementor-column-gap-default\">\n\t\t\t\t\t<div class=\"elementor-column elementor-col-100 elementor-top-column elementor-element elementor-element-3e885384\" data-id=\"3e885384\" data-element_type=\"column\">\n\t\t\t<div class=\"elementor-widget-wrap elementor-element-populated\">\n\t\t\t\t\t\t<div class=\"elementor-element elementor-element-3306c47b elementor-hidden-desktop elementor-hidden-tablet elementor-widget elementor-widget-heading\" data-id=\"3306c47b\" data-element_type=\"widget\" data-widget_type=\"heading.default\">\n\t\t\t\t<div class=\"elementor-widget-container\">\n\t\t\t<h1 class=\"elementor-heading-title elementor-size-default\">La Fameuse Invasion des Ours en Sicile<\/h1>\t\t<\/div>\n\t\t\t\t<\/div>\n\t\t\t\t\t<\/div>\n\t\t<\/div>\n\t\t\t\t\t<\/div>\n\t\t<\/section>\n\t\t\t\t<section class=\"elementor-section elementor-top-section elementor-element elementor-element-63eab628 elementor-section-boxed elementor-section-height-default elementor-section-height-default\" data-id=\"63eab628\" data-element_type=\"section\" data-settings=\"{&quot;background_background&quot;:&quot;classic&quot;}\">\n\t\t\t\t\t\t<div class=\"elementor-container elementor-column-gap-default\">\n\t\t\t\t\t<div class=\"elementor-column elementor-col-100 elementor-top-column elementor-element elementor-element-5993dd69\" data-id=\"5993dd69\" data-element_type=\"column\">\n\t\t\t<div class=\"elementor-widget-wrap elementor-element-populated\">\n\t\t\t\t\t\t<div class=\"elementor-element elementor-element-7b859107 elementor-arrows-position-inside elementor-pagination-position-outside elementor-widget elementor-widget-image-carousel\" data-id=\"7b859107\" data-element_type=\"widget\" data-settings=\"{&quot;slides_to_show&quot;:&quot;1&quot;,&quot;autoplay_speed&quot;:3000,&quot;navigation&quot;:&quot;both&quot;,&quot;autoplay&quot;:&quot;yes&quot;,&quot;pause_on_hover&quot;:&quot;yes&quot;,&quot;pause_on_interaction&quot;:&quot;yes&quot;,&quot;infinite&quot;:&quot;yes&quot;,&quot;effect&quot;:&quot;slide&quot;,&quot;speed&quot;:500}\" data-widget_type=\"image-carousel.default\">\n\t\t\t\t<div class=\"elementor-widget-container\">\n\t\t\t\t\t<div class=\"elementor-image-carousel-wrapper swiper\" dir=\"ltr\">\n\t\t\t<div class=\"elementor-image-carousel swiper-wrapper swiper-image-stretch\" aria-live=\"off\">\n\t\t\t\t\t\t\t\t<div class=\"swiper-slide\" role=\"group\" aria-roledescription=\"slide\" aria-label=\"1 sur 3\"><figure class=\"swiper-slide-inner\"><img decoding=\"async\" class=\"swiper-slide-image\" src=\"https:\/\/www.ifi-id.com\/wp-content\/uploads\/2023\/11\/maxresdefault-2-e1699847333854.jpg\" alt=\"maxresdefault\" \/><\/figure><\/div><div class=\"swiper-slide\" role=\"group\" aria-roledescription=\"slide\" aria-label=\"2 sur 3\"><figure class=\"swiper-slide-inner\"><img decoding=\"async\" class=\"swiper-slide-image\" src=\"https:\/\/www.ifi-id.com\/wp-content\/uploads\/2023\/11\/02422c8d97adac1dcaf241f6be50f12a-1-e1699847368615.jpg\" alt=\"02422c8d97adac1dcaf241f6be50f12a\" \/><\/figure><\/div><div class=\"swiper-slide\" role=\"group\" aria-roledescription=\"slide\" aria-label=\"3 sur 3\"><figure class=\"swiper-slide-inner\"><img decoding=\"async\" class=\"swiper-slide-image\" src=\"https:\/\/www.ifi-id.com\/wp-content\/uploads\/2023\/11\/OURS-093_100-245-e1699847279438.jpg\" alt=\"OURS-093_100-245\" \/><\/figure><\/div>\t\t\t<\/div>\n\t\t\t\t\t\t\t\t\t\t\t\t<div class=\"elementor-swiper-button elementor-swiper-button-prev\" role=\"button\" tabindex=\"0\">\n\t\t\t\t\t\t<i aria-hidden=\"true\" class=\"eicon-chevron-left\"><\/i>\t\t\t\t\t<\/div>\n\t\t\t\t\t<div class=\"elementor-swiper-button elementor-swiper-button-next\" role=\"button\" tabindex=\"0\">\n\t\t\t\t\t\t<i aria-hidden=\"true\" class=\"eicon-chevron-right\"><\/i>\t\t\t\t\t<\/div>\n\t\t\t\t\n\t\t\t\t\t\t\t\t\t<div class=\"swiper-pagination\"><\/div>\n\t\t\t\t\t\t\t\t\t<\/div>\n\t\t\t\t<\/div>\n\t\t\t\t<\/div>\n\t\t\t\t\t<\/div>\n\t\t<\/div>\n\t\t\t\t\t<\/div>\n\t\t<\/section>\n\t\t\t\t<section class=\"elementor-section elementor-top-section elementor-element elementor-element-74ef48ed elementor-section-boxed elementor-section-height-default elementor-section-height-default\" data-id=\"74ef48ed\" data-element_type=\"section\">\n\t\t\t\t\t\t<div class=\"elementor-container elementor-column-gap-default\">\n\t\t\t\t\t<div class=\"elementor-column elementor-col-100 elementor-top-column elementor-element elementor-element-cd556d6\" data-id=\"cd556d6\" data-element_type=\"column\">\n\t\t\t<div class=\"elementor-widget-wrap elementor-element-populated\">\n\t\t\t\t\t\t<div class=\"elementor-element elementor-element-3bd65d5a elementor-widget elementor-widget-text-editor\" data-id=\"3bd65d5a\" data-element_type=\"widget\" data-widget_type=\"text-editor.default\">\n\t\t\t\t<div class=\"elementor-widget-container\">\n\t\t\t\t\t\t\t<p><strong>Lorenzo Mattotti | 2019 | 82\u2019 | Animation, Aventure, Famille | Fran\u00e7ais avex sous-titres anglais<br \/>\nLe\u00efla Bekhti, Thomas Bidegain, Jean-Claude Carri\u00e8re\u00a0<\/strong><\/p>\n<p>Tout commence le jour o\u00f9 Tonio, le fils du roi des ours, est enlev\u00e9 par des chasseurs dans les montagnes de Sicile\u2026 Profitant de la rigueur d\u2019un hiver qui menace son peuple de famine, le roi d\u00e9cide alors d\u2019envahir la plaine o\u00f9 habitent les hommes.<\/p>\n<p><strong>R\u00e9compenses<br \/>\n<\/strong><span style=\"font-weight: 400;\">2019 Nominee Un Certain Regard Award, Lorenzo Mattotti, Cannes Film Festival<\/span><\/p>\n<p><b>Programme<\/b><br \/>\n<b>dimanche, 19 novembre 2023<\/b><br \/>\nJakarta | IFI Wijaya | 10h<\/p>\n<p><b>lundi, 20 novembre 2023<\/b><br \/>\nMedan | BPODT | 15h 30<b><br \/>\n<\/b><\/p>\n<p><b>mercredi, 22 novembre 2023<\/b><br \/>\nSamarinda | Warung Prancis UNMUL-HUB | 15h<br \/>\nPontianak | Warung Prancis Univ Tanjungpura | 15h 30 | 18h 30<\/p>\n<p><span style=\"font-weight: bold;\">jeudi, 23 novembre 2023<br \/>\n<\/span>Semarang | AF Semarang | 15h<\/p>\n<p><span style=\"font-weight: bold;\">vendredi, 24 novembre 2023<br \/>\n<\/span>Jakarta | SMA Labschool (aux \u00e9tudiants de Labschool) | 7h 45<\/p>\n<p><span style=\"font-weight: bold;\">samedi, 25 novembre 2023<br \/>\n<\/span>Jakarta | IFI Wijaya | 13h 45<\/p>\n\t\t\t\t\t\t<\/div>\n\t\t\t\t<\/div>\n\t\t\t\t\t<\/div>\n\t\t<\/div>\n\t\t\t\t\t<\/div>\n\t\t<\/section>\n\t\t\t\t<section class=\"elementor-section elementor-top-section elementor-element elementor-element-408a5948 elementor-section-boxed elementor-section-height-default elementor-section-height-default\" data-id=\"408a5948\" data-element_type=\"section\">\n\t\t\t\t\t\t<div class=\"elementor-container elementor-column-gap-default\">\n\t\t\t\t\t<div class=\"elementor-column elementor-col-100 elementor-top-column elementor-element elementor-element-3c81f1ab\" data-id=\"3c81f1ab\" data-element_type=\"column\">\n\t\t\t<div class=\"elementor-widget-wrap elementor-element-populated\">\n\t\t\t\t\t\t<div class=\"elementor-element elementor-element-719de4de elementor-widget elementor-widget-video\" data-id=\"719de4de\" data-element_type=\"widget\" data-settings=\"{&quot;youtube_url&quot;:&quot;https:\\\/\\\/www.youtube.com\\\/watch?v=zAP2gc-a-JU&quot;,&quot;video_type&quot;:&quot;youtube&quot;,&quot;controls&quot;:&quot;yes&quot;}\" data-widget_type=\"video.default\">\n\t\t\t\t<div class=\"elementor-widget-container\">\n\t\t\t\t\t<div class=\"elementor-wrapper elementor-open-inline\">\n\t\t\t<div class=\"elementor-video\"><\/div>\t\t<\/div>\n\t\t\t\t<\/div>\n\t\t\t\t<\/div>\n\t\t\t\t\t<\/div>\n\t\t<\/div>\n\t\t\t\t\t<\/div>\n\t\t<\/section>\n\t\t\t\t<section class=\"elementor-section elementor-top-section elementor-element elementor-element-2bdd0801 elementor-section-boxed elementor-section-height-default elementor-section-height-default\" data-id=\"2bdd0801\" data-element_type=\"section\">\n\t\t\t\t\t\t<div class=\"elementor-container elementor-column-gap-default\">\n\t\t\t\t\t<div class=\"elementor-column elementor-col-100 elementor-top-column elementor-element elementor-element-4f00ba5a\" data-id=\"4f00ba5a\" data-element_type=\"column\">\n\t\t\t<div class=\"elementor-widget-wrap elementor-element-populated\">\n\t\t\t\t\t\t<div class=\"elementor-element elementor-element-76fffb54 elementor-align-center elementor-widget elementor-widget-button\" data-id=\"76fffb54\" data-element_type=\"widget\" data-widget_type=\"button.default\">\n\t\t\t\t<div class=\"elementor-widget-container\">\n\t\t\t\t\t<div class=\"elementor-button-wrapper\">\n\t\t\t<a class=\"elementor-button elementor-button-link elementor-size-sm\" href=\"https:\/\/www.ifi-id.com\/fr\/festival-sinema-prancis-2023-film\/\">\n\t\t\t\t\t\t<span class=\"elementor-button-content-wrapper\">\n\t\t\t\t\t\t<span class=\"elementor-button-icon\">\n\t\t\t\t<i aria-hidden=\"true\" class=\"fas fa-backward\"><\/i>\t\t\t<\/span>\n\t\t\t\t\t\t\t\t\t<span class=\"elementor-button-text\">Retour \u00e0 la liste des films<\/span>\n\t\t\t\t\t<\/span>\n\t\t\t\t\t<\/a>\n\t\t<\/div>\n\t\t\t\t<\/div>\n\t\t\t\t<\/div>\n\t\t\t\t\t<\/div>\n\t\t<\/div>\n\t\t\t\t\t<\/div>\n\t\t<\/section>\n\t\t\t\t<\/div>\n\t\t","protected":false},"excerpt":{"rendered":"<p>La Fameuse Invasion des Ours en Sicile La Fameuse Invasion des Ours en Sicile Previous Next Lorenzo Mattotti | 2019 | 82\u2019 | Animation, Aventure, Famille | Fran\u00e7ais avex sous-titres anglais Le\u00efla Bekhti, Thomas Bidegain, Jean-Claude Carri\u00e8re\u00a0 Tout commence le jour o\u00f9 Tonio, le fils du roi des ours, est enlev\u00e9 par des chasseurs dans &hellip; <\/p>\n<p class=\"link-more\"><a href=\"https:\/\/www.ifi-id.com\/fr\/festival-sinema-prancis-2023-film-hors-ligne\/fsp23-film-la-fameuse-invasion-des-ours-en-sicile\/\" class=\"more-link\">Continuer la lecture<span class=\"screen-reader-text\"> de &laquo;&nbsp;La Fameuse Invasion des Ours en Sicile&nbsp;&raquo;<\/span><\/a><\/p>\n","protected":false},"author":8,"featured_media":40015,"parent":39892,"menu_order":0,"comment_status":"closed","ping_status":"closed","template":"elementor_header_footer","meta":{"footnotes":""},"class_list":["post-40067","page","type-page","status-publish","has-post-thumbnail","hentry"],"yoast_head":"<!-- This site is optimized with the Yoast SEO plugin v23.5 - https:\/\/yoast.com\/wordpress\/plugins\/seo\/ -->\n<title>La Fameuse Invasion des Ours en Sicile - Institut fran\u00e7ais Indon\u00e9sie<\/title>\n<meta name=\"description\" content=\"Tout commence le jour o\u00f9 Tonio, le fils du roi des ours, est enlev\u00e9 par des chasseurs dans les montagnes de Sicile\u2026 Profitant de la rigueur d\u2019un hiver qui menace son peuple de famine, le roi d\u00e9cide alors d\u2019envahir la plaine o\u00f9 habitent les hommes.\" \/>\n<meta name=\"robots\" content=\"index, follow, max-snippet:-1, max-image-preview:large, max-video-preview:-1\" \/>\n<link rel=\"canonical\" href=\"https:\/\/www.ifi-id.com\/festival-sinema-prancis-2023-luring\/the-bears-famous-invasion-of-sicily\/\" \/>\n<meta property=\"og:locale\" content=\"fr_FR\" \/>\n<meta property=\"og:type\" content=\"article\" \/>\n<meta property=\"og:title\" content=\"La Fameuse Invasion des Ours en Sicile - Institut fran\u00e7ais Indon\u00e9sie\" \/>\n<meta property=\"og:description\" content=\"Tout commence le jour o\u00f9 Tonio, le fils du roi des ours, est enlev\u00e9 par des chasseurs dans les montagnes de Sicile\u2026 Profitant de la rigueur d\u2019un hiver qui menace son peuple de famine, le roi d\u00e9cide alors d\u2019envahir la plaine o\u00f9 habitent les hommes.\" \/>\n<meta property=\"og:url\" content=\"https:\/\/www.ifi-id.com\/festival-sinema-prancis-2023-luring\/the-bears-famous-invasion-of-sicily\/\" \/>\n<meta property=\"og:site_name\" content=\"Institut fran\u00e7ais Indon\u00e9sie\" \/>\n<meta property=\"article:modified_time\" content=\"2023-11-19T07:49:05+00:00\" \/>\n<meta property=\"og:image\" content=\"https:\/\/www.ifi-id.com\/wp-content\/uploads\/2023\/11\/maxresdefault-2-e1699847333854.jpg\" \/>\n\t<meta property=\"og:image:width\" content=\"1280\" \/>\n\t<meta property=\"og:image:height\" content=\"720\" \/>\n\t<meta property=\"og:image:type\" content=\"image\/jpeg\" \/>\n<meta name=\"twitter:card\" content=\"summary_large_image\" \/>\n<meta name=\"twitter:label1\" content=\"Dur\u00e9e de lecture estim\u00e9e\" \/>\n\t<meta name=\"twitter:data1\" content=\"1 minute\" \/>\n<script type=\"application\/ld+json\" class=\"yoast-schema-graph\">{\"@context\":\"https:\/\/schema.org\",\"@graph\":[{\"@type\":\"WebPage\",\"@id\":\"https:\/\/www.ifi-id.com\/festival-sinema-prancis-2023-luring\/the-bears-famous-invasion-of-sicily\/\",\"url\":\"https:\/\/www.ifi-id.com\/festival-sinema-prancis-2023-luring\/the-bears-famous-invasion-of-sicily\/\",\"name\":\"La Fameuse Invasion des Ours en Sicile - Institut fran\u00e7ais Indon\u00e9sie\",\"isPartOf\":{\"@id\":\"https:\/\/www.ifi-id.com\/#website\"},\"primaryImageOfPage\":{\"@id\":\"https:\/\/www.ifi-id.com\/festival-sinema-prancis-2023-luring\/the-bears-famous-invasion-of-sicily\/#primaryimage\"},\"image\":{\"@id\":\"https:\/\/www.ifi-id.com\/festival-sinema-prancis-2023-luring\/the-bears-famous-invasion-of-sicily\/#primaryimage\"},\"thumbnailUrl\":\"https:\/\/www.ifi-id.com\/wp-content\/uploads\/2023\/11\/maxresdefault-2-e1699847333854.jpg\",\"datePublished\":\"2023-11-13T06:29:05+00:00\",\"dateModified\":\"2023-11-19T07:49:05+00:00\",\"description\":\"Tout commence le jour o\u00f9 Tonio, le fils du roi des ours, est enlev\u00e9 par des chasseurs dans les montagnes de Sicile\u2026 Profitant de la rigueur d\u2019un hiver qui menace son peuple de famine, le roi d\u00e9cide alors d\u2019envahir la plaine o\u00f9 habitent les hommes.\",\"breadcrumb\":{\"@id\":\"https:\/\/www.ifi-id.com\/festival-sinema-prancis-2023-luring\/the-bears-famous-invasion-of-sicily\/#breadcrumb\"},\"inLanguage\":\"fr-FR\",\"potentialAction\":[{\"@type\":\"ReadAction\",\"target\":[\"https:\/\/www.ifi-id.com\/festival-sinema-prancis-2023-luring\/the-bears-famous-invasion-of-sicily\/\"]}]},{\"@type\":\"ImageObject\",\"inLanguage\":\"fr-FR\",\"@id\":\"https:\/\/www.ifi-id.com\/festival-sinema-prancis-2023-luring\/the-bears-famous-invasion-of-sicily\/#primaryimage\",\"url\":\"https:\/\/www.ifi-id.com\/wp-content\/uploads\/2023\/11\/maxresdefault-2-e1699847333854.jpg\",\"contentUrl\":\"https:\/\/www.ifi-id.com\/wp-content\/uploads\/2023\/11\/maxresdefault-2-e1699847333854.jpg\",\"width\":1280,\"height\":720},{\"@type\":\"BreadcrumbList\",\"@id\":\"https:\/\/www.ifi-id.com\/festival-sinema-prancis-2023-luring\/the-bears-famous-invasion-of-sicily\/#breadcrumb\",\"itemListElement\":[{\"@type\":\"ListItem\",\"position\":1,\"name\":\"Home\",\"item\":\"https:\/\/www.ifi-id.com\/\"},{\"@type\":\"ListItem\",\"position\":2,\"name\":\"Festival Sinema Prancis 2023 &#8211; Film hors ligne\",\"item\":\"https:\/\/www.ifi-id.com\/festival-sinema-prancis-2023-luring\/\"},{\"@type\":\"ListItem\",\"position\":3,\"name\":\"La Fameuse Invasion des Ours en Sicile\"}]},{\"@type\":\"WebSite\",\"@id\":\"https:\/\/www.ifi-id.com\/#website\",\"url\":\"https:\/\/www.ifi-id.com\/\",\"name\":\"Institut fran\u00e7ais Indon\u00e9sie\",\"description\":\"\",\"publisher\":{\"@id\":\"https:\/\/www.ifi-id.com\/#organization\"},\"potentialAction\":[{\"@type\":\"SearchAction\",\"target\":{\"@type\":\"EntryPoint\",\"urlTemplate\":\"https:\/\/www.ifi-id.com\/?s={search_term_string}\"},\"query-input\":{\"@type\":\"PropertyValueSpecification\",\"valueRequired\":true,\"valueName\":\"search_term_string\"}}],\"inLanguage\":\"fr-FR\"},{\"@type\":\"Organization\",\"@id\":\"https:\/\/www.ifi-id.com\/#organization\",\"name\":\"Institut fran\u00e7ais Indon\u00e9sie\",\"url\":\"https:\/\/www.ifi-id.com\/\",\"logo\":{\"@type\":\"ImageObject\",\"inLanguage\":\"fr-FR\",\"@id\":\"https:\/\/www.ifi-id.com\/#\/schema\/logo\/image\/\",\"url\":\"https:\/\/www.ifi-id.com\/wp-content\/uploads\/2022\/12\/IFI_New_Logo.jpg\",\"contentUrl\":\"https:\/\/www.ifi-id.com\/wp-content\/uploads\/2022\/12\/IFI_New_Logo.jpg\",\"width\":666,\"height\":444,\"caption\":\"Institut fran\u00e7ais Indon\u00e9sie\"},\"image\":{\"@id\":\"https:\/\/www.ifi-id.com\/#\/schema\/logo\/image\/\"}}]}<\/script>\n<!-- \/ Yoast SEO plugin. -->","yoast_head_json":{"title":"La Fameuse Invasion des Ours en Sicile - Institut fran\u00e7ais Indon\u00e9sie","description":"Tout commence le jour o\u00f9 Tonio, le fils du roi des ours, est enlev\u00e9 par des chasseurs dans les montagnes de Sicile\u2026 Profitant de la rigueur d\u2019un hiver qui menace son peuple de famine, le roi d\u00e9cide alors d\u2019envahir la plaine o\u00f9 habitent les hommes.","robots":{"index":"index","follow":"follow","max-snippet":"max-snippet:-1","max-image-preview":"max-image-preview:large","max-video-preview":"max-video-preview:-1"},"canonical":"https:\/\/www.ifi-id.com\/festival-sinema-prancis-2023-luring\/the-bears-famous-invasion-of-sicily\/","og_locale":"fr_FR","og_type":"article","og_title":"La Fameuse Invasion des Ours en Sicile - Institut fran\u00e7ais Indon\u00e9sie","og_description":"Tout commence le jour o\u00f9 Tonio, le fils du roi des ours, est enlev\u00e9 par des chasseurs dans les montagnes de Sicile\u2026 Profitant de la rigueur d\u2019un hiver qui menace son peuple de famine, le roi d\u00e9cide alors d\u2019envahir la plaine o\u00f9 habitent les hommes.","og_url":"https:\/\/www.ifi-id.com\/festival-sinema-prancis-2023-luring\/the-bears-famous-invasion-of-sicily\/","og_site_name":"Institut fran\u00e7ais Indon\u00e9sie","article_modified_time":"2023-11-19T07:49:05+00:00","og_image":[{"width":1280,"height":720,"url":"https:\/\/www.ifi-id.com\/wp-content\/uploads\/2023\/11\/maxresdefault-2-e1699847333854.jpg","type":"image\/jpeg"}],"twitter_card":"summary_large_image","twitter_misc":{"Dur\u00e9e de lecture estim\u00e9e":"1 minute"},"schema":{"@context":"https:\/\/schema.org","@graph":[{"@type":"WebPage","@id":"https:\/\/www.ifi-id.com\/festival-sinema-prancis-2023-luring\/the-bears-famous-invasion-of-sicily\/","url":"https:\/\/www.ifi-id.com\/festival-sinema-prancis-2023-luring\/the-bears-famous-invasion-of-sicily\/","name":"La Fameuse Invasion des Ours en Sicile - Institut fran\u00e7ais Indon\u00e9sie","isPartOf":{"@id":"https:\/\/www.ifi-id.com\/#website"},"primaryImageOfPage":{"@id":"https:\/\/www.ifi-id.com\/festival-sinema-prancis-2023-luring\/the-bears-famous-invasion-of-sicily\/#primaryimage"},"image":{"@id":"https:\/\/www.ifi-id.com\/festival-sinema-prancis-2023-luring\/the-bears-famous-invasion-of-sicily\/#primaryimage"},"thumbnailUrl":"https:\/\/www.ifi-id.com\/wp-content\/uploads\/2023\/11\/maxresdefault-2-e1699847333854.jpg","datePublished":"2023-11-13T06:29:05+00:00","dateModified":"2023-11-19T07:49:05+00:00","description":"Tout commence le jour o\u00f9 Tonio, le fils du roi des ours, est enlev\u00e9 par des chasseurs dans les montagnes de Sicile\u2026 Profitant de la rigueur d\u2019un hiver qui menace son peuple de famine, le roi d\u00e9cide alors d\u2019envahir la plaine o\u00f9 habitent les hommes.","breadcrumb":{"@id":"https:\/\/www.ifi-id.com\/festival-sinema-prancis-2023-luring\/the-bears-famous-invasion-of-sicily\/#breadcrumb"},"inLanguage":"fr-FR","potentialAction":[{"@type":"ReadAction","target":["https:\/\/www.ifi-id.com\/festival-sinema-prancis-2023-luring\/the-bears-famous-invasion-of-sicily\/"]}]},{"@type":"ImageObject","inLanguage":"fr-FR","@id":"https:\/\/www.ifi-id.com\/festival-sinema-prancis-2023-luring\/the-bears-famous-invasion-of-sicily\/#primaryimage","url":"https:\/\/www.ifi-id.com\/wp-content\/uploads\/2023\/11\/maxresdefault-2-e1699847333854.jpg","contentUrl":"https:\/\/www.ifi-id.com\/wp-content\/uploads\/2023\/11\/maxresdefault-2-e1699847333854.jpg","width":1280,"height":720},{"@type":"BreadcrumbList","@id":"https:\/\/www.ifi-id.com\/festival-sinema-prancis-2023-luring\/the-bears-famous-invasion-of-sicily\/#breadcrumb","itemListElement":[{"@type":"ListItem","position":1,"name":"Home","item":"https:\/\/www.ifi-id.com\/"},{"@type":"ListItem","position":2,"name":"Festival Sinema Prancis 2023 &#8211; Film hors ligne","item":"https:\/\/www.ifi-id.com\/festival-sinema-prancis-2023-luring\/"},{"@type":"ListItem","position":3,"name":"La Fameuse Invasion des Ours en Sicile"}]},{"@type":"WebSite","@id":"https:\/\/www.ifi-id.com\/#website","url":"https:\/\/www.ifi-id.com\/","name":"Institut fran\u00e7ais Indon\u00e9sie","description":"","publisher":{"@id":"https:\/\/www.ifi-id.com\/#organization"},"potentialAction":[{"@type":"SearchAction","target":{"@type":"EntryPoint","urlTemplate":"https:\/\/www.ifi-id.com\/?s={search_term_string}"},"query-input":{"@type":"PropertyValueSpecification","valueRequired":true,"valueName":"search_term_string"}}],"inLanguage":"fr-FR"},{"@type":"Organization","@id":"https:\/\/www.ifi-id.com\/#organization","name":"Institut fran\u00e7ais Indon\u00e9sie","url":"https:\/\/www.ifi-id.com\/","logo":{"@type":"ImageObject","inLanguage":"fr-FR","@id":"https:\/\/www.ifi-id.com\/#\/schema\/logo\/image\/","url":"https:\/\/www.ifi-id.com\/wp-content\/uploads\/2022\/12\/IFI_New_Logo.jpg","contentUrl":"https:\/\/www.ifi-id.com\/wp-content\/uploads\/2022\/12\/IFI_New_Logo.jpg","width":666,"height":444,"caption":"Institut fran\u00e7ais Indon\u00e9sie"},"image":{"@id":"https:\/\/www.ifi-id.com\/#\/schema\/logo\/image\/"}}]}},"post_mailing_queue_ids":[],"_links":{"self":[{"href":"https:\/\/www.ifi-id.com\/fr\/wp-json\/wp\/v2\/pages\/40067"}],"collection":[{"href":"https:\/\/www.ifi-id.com\/fr\/wp-json\/wp\/v2\/pages"}],"about":[{"href":"https:\/\/www.ifi-id.com\/fr\/wp-json\/wp\/v2\/types\/page"}],"author":[{"embeddable":true,"href":"https:\/\/www.ifi-id.com\/fr\/wp-json\/wp\/v2\/users\/8"}],"replies":[{"embeddable":true,"href":"https:\/\/www.ifi-id.com\/fr\/wp-json\/wp\/v2\/comments?post=40067"}],"version-history":[{"count":7,"href":"https:\/\/www.ifi-id.com\/fr\/wp-json\/wp\/v2\/pages\/40067\/revisions"}],"predecessor-version":[{"id":41181,"href":"https:\/\/www.ifi-id.com\/fr\/wp-json\/wp\/v2\/pages\/40067\/revisions\/41181"}],"up":[{"embeddable":true,"href":"https:\/\/www.ifi-id.com\/fr\/wp-json\/wp\/v2\/pages\/39892"}],"wp:featuredmedia":[{"embeddable":true,"href":"https:\/\/www.ifi-id.com\/fr\/wp-json\/wp\/v2\/media\/40015"}],"wp:attachment":[{"href":"https:\/\/www.ifi-id.com\/fr\/wp-json\/wp\/v2\/media?parent=40067"}],"curies":[{"name":"wp","href":"https:\/\/api.w.org\/{rel}","templated":true}]}}