{"id":40008,"date":"2023-11-13T10:39:50","date_gmt":"2023-11-13T03:39:50","guid":{"rendered":"https:\/\/www.ifi-id.com\/fsp23-film-titane\/"},"modified":"2023-11-15T18:49:41","modified_gmt":"2023-11-15T11:49:41","slug":"fsp23-film-titane","status":"publish","type":"page","link":"https:\/\/www.ifi-id.com\/fr\/festival-sinema-prancis-2023-film-hors-ligne\/fsp23-film-titane\/","title":{"rendered":"Titane \u2013 Festival Sinema Prancis 2023"},"content":{"rendered":"\t\t<div data-elementor-type=\"wp-page\" data-elementor-id=\"40008\" class=\"elementor elementor-40008 elementor-39983\" data-elementor-post-type=\"page\">\n\t\t\t\t\t\t<section class=\"elementor-section elementor-top-section elementor-element elementor-element-1e57812f elementor-section-boxed elementor-section-height-default elementor-section-height-default\" data-id=\"1e57812f\" data-element_type=\"section\">\n\t\t\t\t\t\t<div class=\"elementor-container elementor-column-gap-default\">\n\t\t\t\t\t<div class=\"elementor-column elementor-col-100 elementor-top-column elementor-element elementor-element-33329369\" data-id=\"33329369\" data-element_type=\"column\">\n\t\t\t<div class=\"elementor-widget-wrap elementor-element-populated\">\n\t\t\t\t\t\t<div class=\"elementor-element elementor-element-19020ad3 elementor-hidden-phone elementor-widget elementor-widget-heading\" data-id=\"19020ad3\" data-element_type=\"widget\" data-widget_type=\"heading.default\">\n\t\t\t\t<div class=\"elementor-widget-container\">\n\t\t\t<h2 class=\"elementor-heading-title elementor-size-default\">Titane<\/h2>\t\t<\/div>\n\t\t\t\t<\/div>\n\t\t\t\t\t<\/div>\n\t\t<\/div>\n\t\t\t\t\t<\/div>\n\t\t<\/section>\n\t\t\t\t<section class=\"elementor-section elementor-top-section elementor-element elementor-element-4a45116f elementor-section-boxed elementor-section-height-default elementor-section-height-default\" data-id=\"4a45116f\" data-element_type=\"section\">\n\t\t\t\t\t\t<div class=\"elementor-container elementor-column-gap-default\">\n\t\t\t\t\t<div class=\"elementor-column elementor-col-100 elementor-top-column elementor-element elementor-element-420e92fc\" data-id=\"420e92fc\" data-element_type=\"column\">\n\t\t\t<div class=\"elementor-widget-wrap elementor-element-populated\">\n\t\t\t\t\t\t<div class=\"elementor-element elementor-element-3add50a5 elementor-hidden-desktop elementor-hidden-tablet elementor-widget elementor-widget-heading\" data-id=\"3add50a5\" data-element_type=\"widget\" data-widget_type=\"heading.default\">\n\t\t\t\t<div class=\"elementor-widget-container\">\n\t\t\t<h1 class=\"elementor-heading-title elementor-size-default\">Titane<\/h1>\t\t<\/div>\n\t\t\t\t<\/div>\n\t\t\t\t\t<\/div>\n\t\t<\/div>\n\t\t\t\t\t<\/div>\n\t\t<\/section>\n\t\t\t\t<section class=\"elementor-section elementor-top-section elementor-element elementor-element-7f65bbd elementor-section-boxed elementor-section-height-default elementor-section-height-default\" data-id=\"7f65bbd\" data-element_type=\"section\" data-settings=\"{&quot;background_background&quot;:&quot;classic&quot;}\">\n\t\t\t\t\t\t<div class=\"elementor-container elementor-column-gap-default\">\n\t\t\t\t\t<div class=\"elementor-column elementor-col-100 elementor-top-column elementor-element elementor-element-146e8b29\" data-id=\"146e8b29\" data-element_type=\"column\">\n\t\t\t<div class=\"elementor-widget-wrap elementor-element-populated\">\n\t\t\t\t\t\t<div class=\"elementor-element elementor-element-3ea7b26a elementor-arrows-position-inside elementor-pagination-position-outside elementor-widget elementor-widget-image-carousel\" data-id=\"3ea7b26a\" data-element_type=\"widget\" data-settings=\"{&quot;slides_to_show&quot;:&quot;1&quot;,&quot;autoplay_speed&quot;:3000,&quot;navigation&quot;:&quot;both&quot;,&quot;autoplay&quot;:&quot;yes&quot;,&quot;pause_on_hover&quot;:&quot;yes&quot;,&quot;pause_on_interaction&quot;:&quot;yes&quot;,&quot;infinite&quot;:&quot;yes&quot;,&quot;effect&quot;:&quot;slide&quot;,&quot;speed&quot;:500}\" data-widget_type=\"image-carousel.default\">\n\t\t\t\t<div class=\"elementor-widget-container\">\n\t\t\t\t\t<div class=\"elementor-image-carousel-wrapper swiper\" dir=\"ltr\">\n\t\t\t<div class=\"elementor-image-carousel swiper-wrapper swiper-image-stretch\" aria-live=\"off\">\n\t\t\t\t\t\t\t\t<div class=\"swiper-slide\" role=\"group\" aria-roledescription=\"slide\" aria-label=\"1 sur 3\"><figure class=\"swiper-slide-inner\"><img decoding=\"async\" class=\"swiper-slide-image\" src=\"https:\/\/www.ifi-id.com\/wp-content\/uploads\/2023\/11\/TITANE_Photo_1\u00a9Carole_Bethuel-scaled-e1699845586314.jpg\" alt=\"TITANE_Photo_1\u00a9Carole_Bethuel\" \/><\/figure><\/div><div class=\"swiper-slide\" role=\"group\" aria-roledescription=\"slide\" aria-label=\"2 sur 3\"><figure class=\"swiper-slide-inner\"><img decoding=\"async\" class=\"swiper-slide-image\" src=\"https:\/\/www.ifi-id.com\/wp-content\/uploads\/2023\/11\/TITANE_Photo_3\u00a9Carole_Bethuel-scaled-e1699845617298.jpg\" alt=\"TITANE_Photo_3\u00a9Carole_Bethuel\" \/><\/figure><\/div><div class=\"swiper-slide\" role=\"group\" aria-roledescription=\"slide\" aria-label=\"3 sur 3\"><figure class=\"swiper-slide-inner\"><img decoding=\"async\" class=\"swiper-slide-image\" src=\"https:\/\/www.ifi-id.com\/wp-content\/uploads\/2023\/11\/TITANE_Photo_5\u00a9Carole_Bethuel-scaled-e1699845553900.jpg\" alt=\"TITANE_Photo_5\u00a9Carole_Bethuel\" \/><\/figure><\/div>\t\t\t<\/div>\n\t\t\t\t\t\t\t\t\t\t\t\t<div class=\"elementor-swiper-button elementor-swiper-button-prev\" role=\"button\" tabindex=\"0\">\n\t\t\t\t\t\t<i aria-hidden=\"true\" class=\"eicon-chevron-left\"><\/i>\t\t\t\t\t<\/div>\n\t\t\t\t\t<div class=\"elementor-swiper-button elementor-swiper-button-next\" role=\"button\" tabindex=\"0\">\n\t\t\t\t\t\t<i aria-hidden=\"true\" class=\"eicon-chevron-right\"><\/i>\t\t\t\t\t<\/div>\n\t\t\t\t\n\t\t\t\t\t\t\t\t\t<div class=\"swiper-pagination\"><\/div>\n\t\t\t\t\t\t\t\t\t<\/div>\n\t\t\t\t<\/div>\n\t\t\t\t<\/div>\n\t\t\t\t\t<\/div>\n\t\t<\/div>\n\t\t\t\t\t<\/div>\n\t\t<\/section>\n\t\t\t\t<section class=\"elementor-section elementor-top-section elementor-element elementor-element-47458334 elementor-section-boxed elementor-section-height-default elementor-section-height-default\" data-id=\"47458334\" data-element_type=\"section\">\n\t\t\t\t\t\t<div class=\"elementor-container elementor-column-gap-default\">\n\t\t\t\t\t<div class=\"elementor-column elementor-col-100 elementor-top-column elementor-element elementor-element-2f4e94b\" data-id=\"2f4e94b\" data-element_type=\"column\">\n\t\t\t<div class=\"elementor-widget-wrap elementor-element-populated\">\n\t\t\t\t\t\t<div class=\"elementor-element elementor-element-58beffc5 elementor-widget elementor-widget-text-editor\" data-id=\"58beffc5\" data-element_type=\"widget\" data-widget_type=\"text-editor.default\">\n\t\t\t\t<div class=\"elementor-widget-container\">\n\t\t\t\t\t\t\t<h4><span style=\"font-family: Marianne;\">Julia Ducournau | 2021 | 108\u2019 | Drame, Horreur, Sci-Fi<\/span><span style=\"font-family: Marianne;\"> | Fran\u00e7ais avex sous-titres indon\u00e9sien<br \/>\n<\/span>Vincent Lindon, Agathe Rousselle, Garance Marillier<\/h4>\n<p>\u00c0 la suite d&rsquo;une s\u00e9rie de crimes inexpliqu\u00e9s, un p\u00e8re est r\u00e9uni avec son fils qui avait disparu depuis 10 ans.<\/p>\n<p><b>R\u00e9compenses<br \/>\n<\/b><span style=\"color: var( --e-global-color-text ); font-weight: var( --e-global-typography-text-font-weight ); font-size: 1rem;\">2021 Winner Palme d&rsquo;Or, Julia Ducournau, Cannes Film Festival<br \/>\n<\/span><span style=\"color: var( --e-global-color-text ); font-size: 1rem; font-weight: var( --e-global-typography-text-font-weight );\">2021 Nominee Queer Palm, Julia Ducournau, Cannes Film Festival<br \/>\n<\/span><span style=\"color: var( --e-global-color-text ); font-size: 1rem; font-weight: var( --e-global-typography-text-font-weight );\">2022 Winner Jury Award, Best Director, Discussing Film Critics Awards<br \/>\n<\/span><span style=\"color: var( --e-global-color-text ); font-size: 1rem; font-weight: var( --e-global-typography-text-font-weight );\">2022 Winner Jury Award, Best International Feature, Discussing Film Critics Awards<br \/>\n<\/span><span style=\"color: var( --e-global-color-text ); font-size: 1rem; font-weight: var( --e-global-typography-text-font-weight );\">2022 Winner Jury Award, Best Debut Performance, Agathe Rousselle<br \/>\n<\/span><span style=\"color: var( --e-global-color-text ); font-size: 1rem; font-weight: var( --e-global-typography-text-font-weight );\">2022 Winner Jury Award, Best Supporting Actor, Vincent Lindon<br \/>\n<\/span><span style=\"color: var( --e-global-color-text ); font-size: 1rem; font-weight: var( --e-global-typography-text-font-weight );\">2022 Winner FIPRESCI Prize, Best Actress,\u00a0 Palm Springs International Film Festival<\/span><\/p>\n<p><b>Programme<\/b><br \/>\n<b style=\"color: var( --e-global-color-text ); font-size: 1rem;\">mardi, 21 novembre 2023<br \/>\n<\/b><span style=\"color: var( --e-global-color-text ); font-weight: var( --e-global-typography-text-font-weight ); font-size: 1rem;\">Bandung | IFI Bandung | 19h<\/span><\/p>\n<p><b>samedi, 25 novembre 2023<\/b><br \/>\nMedan | AF Medan | 18h 30<br \/>\nJakarta | IFI Thamrin | 21h<\/p>\n\t\t\t\t\t\t<\/div>\n\t\t\t\t<\/div>\n\t\t\t\t\t<\/div>\n\t\t<\/div>\n\t\t\t\t\t<\/div>\n\t\t<\/section>\n\t\t\t\t<section class=\"elementor-section elementor-top-section elementor-element elementor-element-1aa2b8c9 elementor-section-boxed elementor-section-height-default elementor-section-height-default\" data-id=\"1aa2b8c9\" data-element_type=\"section\">\n\t\t\t\t\t\t<div class=\"elementor-container elementor-column-gap-default\">\n\t\t\t\t\t<div class=\"elementor-column elementor-col-100 elementor-top-column elementor-element elementor-element-2c7f9d1\" data-id=\"2c7f9d1\" data-element_type=\"column\">\n\t\t\t<div class=\"elementor-widget-wrap elementor-element-populated\">\n\t\t\t\t\t\t<div class=\"elementor-element elementor-element-23d2fbb3 elementor-widget elementor-widget-video\" data-id=\"23d2fbb3\" data-element_type=\"widget\" data-settings=\"{&quot;youtube_url&quot;:&quot;https:\\\/\\\/www.youtube.com\\\/watch?v=LXvr1Mfd6KQ&quot;,&quot;video_type&quot;:&quot;youtube&quot;,&quot;controls&quot;:&quot;yes&quot;}\" data-widget_type=\"video.default\">\n\t\t\t\t<div class=\"elementor-widget-container\">\n\t\t\t\t\t<div class=\"elementor-wrapper elementor-open-inline\">\n\t\t\t<div class=\"elementor-video\"><\/div>\t\t<\/div>\n\t\t\t\t<\/div>\n\t\t\t\t<\/div>\n\t\t\t\t\t<\/div>\n\t\t<\/div>\n\t\t\t\t\t<\/div>\n\t\t<\/section>\n\t\t\t\t<section class=\"elementor-section elementor-top-section elementor-element elementor-element-63a61db6 elementor-section-boxed elementor-section-height-default elementor-section-height-default\" data-id=\"63a61db6\" data-element_type=\"section\">\n\t\t\t\t\t\t<div class=\"elementor-container elementor-column-gap-default\">\n\t\t\t\t\t<div class=\"elementor-column elementor-col-100 elementor-top-column elementor-element elementor-element-54392475\" data-id=\"54392475\" data-element_type=\"column\">\n\t\t\t<div class=\"elementor-widget-wrap elementor-element-populated\">\n\t\t\t\t\t\t<div class=\"elementor-element elementor-element-4eb6b552 elementor-align-center elementor-widget elementor-widget-button\" data-id=\"4eb6b552\" data-element_type=\"widget\" data-widget_type=\"button.default\">\n\t\t\t\t<div class=\"elementor-widget-container\">\n\t\t\t\t\t<div class=\"elementor-button-wrapper\">\n\t\t\t<a class=\"elementor-button elementor-button-link elementor-size-sm\" href=\"https:\/\/www.ifi-id.com\/fr\/festival-sinema-prancis-2023-film\/\">\n\t\t\t\t\t\t<span class=\"elementor-button-content-wrapper\">\n\t\t\t\t\t\t<span class=\"elementor-button-icon\">\n\t\t\t\t<i aria-hidden=\"true\" class=\"fas fa-backward\"><\/i>\t\t\t<\/span>\n\t\t\t\t\t\t\t\t\t<span class=\"elementor-button-text\">Retour \u00e0 la liste des films<\/span>\n\t\t\t\t\t<\/span>\n\t\t\t\t\t<\/a>\n\t\t<\/div>\n\t\t\t\t<\/div>\n\t\t\t\t<\/div>\n\t\t\t\t\t<\/div>\n\t\t<\/div>\n\t\t\t\t\t<\/div>\n\t\t<\/section>\n\t\t\t\t<\/div>\n\t\t","protected":false},"excerpt":{"rendered":"<p>Titane Titane Previous Next Julia Ducournau | 2021 | 108\u2019 | Drame, Horreur, Sci-Fi | Fran\u00e7ais avex sous-titres indon\u00e9sien Vincent Lindon, Agathe Rousselle, Garance Marillier \u00c0 la suite d&rsquo;une s\u00e9rie de crimes inexpliqu\u00e9s, un p\u00e8re est r\u00e9uni avec son fils qui avait disparu depuis 10 ans. R\u00e9compenses 2021 Winner Palme d&rsquo;Or, Julia Ducournau, Cannes Film &hellip; <\/p>\n<p class=\"link-more\"><a href=\"https:\/\/www.ifi-id.com\/fr\/festival-sinema-prancis-2023-film-hors-ligne\/fsp23-film-titane\/\" class=\"more-link\">Continuer la lecture<span class=\"screen-reader-text\"> de &laquo;&nbsp;Titane \u2013 Festival Sinema Prancis 2023&nbsp;&raquo;<\/span><\/a><\/p>\n","protected":false},"author":8,"featured_media":39988,"parent":39892,"menu_order":0,"comment_status":"closed","ping_status":"closed","template":"elementor_header_footer","meta":{"footnotes":""},"class_list":["post-40008","page","type-page","status-publish","has-post-thumbnail","hentry"],"yoast_head":"<!-- This site is optimized with the Yoast SEO plugin v23.5 - https:\/\/yoast.com\/wordpress\/plugins\/seo\/ -->\n<title>Titane \u2013 Festival Sinema Prancis 2023 - Institut fran\u00e7ais Indon\u00e9sie<\/title>\n<meta name=\"description\" content=\"\u00c0 la suite d&#039;une s\u00e9rie de crimes inexpliqu\u00e9s, un p\u00e8re est r\u00e9uni avec son fils qui avait disparu depuis 10 ans.\" \/>\n<meta name=\"robots\" content=\"index, follow, max-snippet:-1, max-image-preview:large, max-video-preview:-1\" \/>\n<link rel=\"canonical\" href=\"https:\/\/www.ifi-id.com\/fsp23-film-titane\/\" \/>\n<meta property=\"og:locale\" content=\"fr_FR\" \/>\n<meta property=\"og:type\" content=\"article\" \/>\n<meta property=\"og:title\" content=\"Titane \u2013 Festival Sinema Prancis 2023 - Institut fran\u00e7ais Indon\u00e9sie\" \/>\n<meta property=\"og:description\" content=\"\u00c0 la suite d&#039;une s\u00e9rie de crimes inexpliqu\u00e9s, un p\u00e8re est r\u00e9uni avec son fils qui avait disparu depuis 10 ans.\" \/>\n<meta property=\"og:url\" content=\"https:\/\/www.ifi-id.com\/fsp23-film-titane\/\" \/>\n<meta property=\"og:site_name\" content=\"Institut fran\u00e7ais Indon\u00e9sie\" \/>\n<meta property=\"article:modified_time\" content=\"2023-11-15T11:49:41+00:00\" \/>\n<meta property=\"og:image\" content=\"https:\/\/www.ifi-id.com\/wp-content\/uploads\/2023\/11\/TITANE_Photo_1\u00a9Carole_Bethuel-scaled-e1699845586314.jpg\" \/>\n\t<meta property=\"og:image:width\" content=\"2560\" \/>\n\t<meta property=\"og:image:height\" content=\"1313\" \/>\n\t<meta property=\"og:image:type\" content=\"image\/jpeg\" \/>\n<meta name=\"twitter:card\" content=\"summary_large_image\" \/>\n<meta name=\"twitter:label1\" content=\"Dur\u00e9e de lecture estim\u00e9e\" \/>\n\t<meta name=\"twitter:data1\" content=\"1 minute\" \/>\n<script type=\"application\/ld+json\" class=\"yoast-schema-graph\">{\"@context\":\"https:\/\/schema.org\",\"@graph\":[{\"@type\":\"WebPage\",\"@id\":\"https:\/\/www.ifi-id.com\/fsp23-film-titane\/\",\"url\":\"https:\/\/www.ifi-id.com\/fsp23-film-titane\/\",\"name\":\"Titane \u2013 Festival Sinema Prancis 2023 - Institut fran\u00e7ais Indon\u00e9sie\",\"isPartOf\":{\"@id\":\"https:\/\/www.ifi-id.com\/#website\"},\"primaryImageOfPage\":{\"@id\":\"https:\/\/www.ifi-id.com\/fsp23-film-titane\/#primaryimage\"},\"image\":{\"@id\":\"https:\/\/www.ifi-id.com\/fsp23-film-titane\/#primaryimage\"},\"thumbnailUrl\":\"https:\/\/www.ifi-id.com\/wp-content\/uploads\/2023\/11\/TITANE_Photo_1\u00a9Carole_Bethuel-scaled-e1699845586314.jpg\",\"datePublished\":\"2023-11-13T03:39:50+00:00\",\"dateModified\":\"2023-11-15T11:49:41+00:00\",\"description\":\"\u00c0 la suite d'une s\u00e9rie de crimes inexpliqu\u00e9s, un p\u00e8re est r\u00e9uni avec son fils qui avait disparu depuis 10 ans.\",\"breadcrumb\":{\"@id\":\"https:\/\/www.ifi-id.com\/fsp23-film-titane\/#breadcrumb\"},\"inLanguage\":\"fr-FR\",\"potentialAction\":[{\"@type\":\"ReadAction\",\"target\":[\"https:\/\/www.ifi-id.com\/fsp23-film-titane\/\"]}]},{\"@type\":\"ImageObject\",\"inLanguage\":\"fr-FR\",\"@id\":\"https:\/\/www.ifi-id.com\/fsp23-film-titane\/#primaryimage\",\"url\":\"https:\/\/www.ifi-id.com\/wp-content\/uploads\/2023\/11\/TITANE_Photo_1\u00a9Carole_Bethuel-scaled-e1699845586314.jpg\",\"contentUrl\":\"https:\/\/www.ifi-id.com\/wp-content\/uploads\/2023\/11\/TITANE_Photo_1\u00a9Carole_Bethuel-scaled-e1699845586314.jpg\",\"width\":2560,\"height\":1313},{\"@type\":\"BreadcrumbList\",\"@id\":\"https:\/\/www.ifi-id.com\/fsp23-film-titane\/#breadcrumb\",\"itemListElement\":[{\"@type\":\"ListItem\",\"position\":1,\"name\":\"Home\",\"item\":\"https:\/\/www.ifi-id.com\/\"},{\"@type\":\"ListItem\",\"position\":2,\"name\":\"Titane \u2013 Festival Sinema Prancis 2023\"}]},{\"@type\":\"WebSite\",\"@id\":\"https:\/\/www.ifi-id.com\/#website\",\"url\":\"https:\/\/www.ifi-id.com\/\",\"name\":\"Institut fran\u00e7ais Indon\u00e9sie\",\"description\":\"\",\"publisher\":{\"@id\":\"https:\/\/www.ifi-id.com\/#organization\"},\"potentialAction\":[{\"@type\":\"SearchAction\",\"target\":{\"@type\":\"EntryPoint\",\"urlTemplate\":\"https:\/\/www.ifi-id.com\/?s={search_term_string}\"},\"query-input\":{\"@type\":\"PropertyValueSpecification\",\"valueRequired\":true,\"valueName\":\"search_term_string\"}}],\"inLanguage\":\"fr-FR\"},{\"@type\":\"Organization\",\"@id\":\"https:\/\/www.ifi-id.com\/#organization\",\"name\":\"Institut fran\u00e7ais Indon\u00e9sie\",\"url\":\"https:\/\/www.ifi-id.com\/\",\"logo\":{\"@type\":\"ImageObject\",\"inLanguage\":\"fr-FR\",\"@id\":\"https:\/\/www.ifi-id.com\/#\/schema\/logo\/image\/\",\"url\":\"https:\/\/www.ifi-id.com\/wp-content\/uploads\/2022\/12\/IFI_New_Logo.jpg\",\"contentUrl\":\"https:\/\/www.ifi-id.com\/wp-content\/uploads\/2022\/12\/IFI_New_Logo.jpg\",\"width\":666,\"height\":444,\"caption\":\"Institut fran\u00e7ais Indon\u00e9sie\"},\"image\":{\"@id\":\"https:\/\/www.ifi-id.com\/#\/schema\/logo\/image\/\"}}]}<\/script>\n<!-- \/ Yoast SEO plugin. -->","yoast_head_json":{"title":"Titane \u2013 Festival Sinema Prancis 2023 - Institut fran\u00e7ais Indon\u00e9sie","description":"\u00c0 la suite d'une s\u00e9rie de crimes inexpliqu\u00e9s, un p\u00e8re est r\u00e9uni avec son fils qui avait disparu depuis 10 ans.","robots":{"index":"index","follow":"follow","max-snippet":"max-snippet:-1","max-image-preview":"max-image-preview:large","max-video-preview":"max-video-preview:-1"},"canonical":"https:\/\/www.ifi-id.com\/fsp23-film-titane\/","og_locale":"fr_FR","og_type":"article","og_title":"Titane \u2013 Festival Sinema Prancis 2023 - Institut fran\u00e7ais Indon\u00e9sie","og_description":"\u00c0 la suite d'une s\u00e9rie de crimes inexpliqu\u00e9s, un p\u00e8re est r\u00e9uni avec son fils qui avait disparu depuis 10 ans.","og_url":"https:\/\/www.ifi-id.com\/fsp23-film-titane\/","og_site_name":"Institut fran\u00e7ais Indon\u00e9sie","article_modified_time":"2023-11-15T11:49:41+00:00","og_image":[{"width":2560,"height":1313,"url":"https:\/\/www.ifi-id.com\/wp-content\/uploads\/2023\/11\/TITANE_Photo_1\u00a9Carole_Bethuel-scaled-e1699845586314.jpg","type":"image\/jpeg"}],"twitter_card":"summary_large_image","twitter_misc":{"Dur\u00e9e de lecture estim\u00e9e":"1 minute"},"schema":{"@context":"https:\/\/schema.org","@graph":[{"@type":"WebPage","@id":"https:\/\/www.ifi-id.com\/fsp23-film-titane\/","url":"https:\/\/www.ifi-id.com\/fsp23-film-titane\/","name":"Titane \u2013 Festival Sinema Prancis 2023 - Institut fran\u00e7ais Indon\u00e9sie","isPartOf":{"@id":"https:\/\/www.ifi-id.com\/#website"},"primaryImageOfPage":{"@id":"https:\/\/www.ifi-id.com\/fsp23-film-titane\/#primaryimage"},"image":{"@id":"https:\/\/www.ifi-id.com\/fsp23-film-titane\/#primaryimage"},"thumbnailUrl":"https:\/\/www.ifi-id.com\/wp-content\/uploads\/2023\/11\/TITANE_Photo_1\u00a9Carole_Bethuel-scaled-e1699845586314.jpg","datePublished":"2023-11-13T03:39:50+00:00","dateModified":"2023-11-15T11:49:41+00:00","description":"\u00c0 la suite d'une s\u00e9rie de crimes inexpliqu\u00e9s, un p\u00e8re est r\u00e9uni avec son fils qui avait disparu depuis 10 ans.","breadcrumb":{"@id":"https:\/\/www.ifi-id.com\/fsp23-film-titane\/#breadcrumb"},"inLanguage":"fr-FR","potentialAction":[{"@type":"ReadAction","target":["https:\/\/www.ifi-id.com\/fsp23-film-titane\/"]}]},{"@type":"ImageObject","inLanguage":"fr-FR","@id":"https:\/\/www.ifi-id.com\/fsp23-film-titane\/#primaryimage","url":"https:\/\/www.ifi-id.com\/wp-content\/uploads\/2023\/11\/TITANE_Photo_1\u00a9Carole_Bethuel-scaled-e1699845586314.jpg","contentUrl":"https:\/\/www.ifi-id.com\/wp-content\/uploads\/2023\/11\/TITANE_Photo_1\u00a9Carole_Bethuel-scaled-e1699845586314.jpg","width":2560,"height":1313},{"@type":"BreadcrumbList","@id":"https:\/\/www.ifi-id.com\/fsp23-film-titane\/#breadcrumb","itemListElement":[{"@type":"ListItem","position":1,"name":"Home","item":"https:\/\/www.ifi-id.com\/"},{"@type":"ListItem","position":2,"name":"Titane \u2013 Festival Sinema Prancis 2023"}]},{"@type":"WebSite","@id":"https:\/\/www.ifi-id.com\/#website","url":"https:\/\/www.ifi-id.com\/","name":"Institut fran\u00e7ais Indon\u00e9sie","description":"","publisher":{"@id":"https:\/\/www.ifi-id.com\/#organization"},"potentialAction":[{"@type":"SearchAction","target":{"@type":"EntryPoint","urlTemplate":"https:\/\/www.ifi-id.com\/?s={search_term_string}"},"query-input":{"@type":"PropertyValueSpecification","valueRequired":true,"valueName":"search_term_string"}}],"inLanguage":"fr-FR"},{"@type":"Organization","@id":"https:\/\/www.ifi-id.com\/#organization","name":"Institut fran\u00e7ais Indon\u00e9sie","url":"https:\/\/www.ifi-id.com\/","logo":{"@type":"ImageObject","inLanguage":"fr-FR","@id":"https:\/\/www.ifi-id.com\/#\/schema\/logo\/image\/","url":"https:\/\/www.ifi-id.com\/wp-content\/uploads\/2022\/12\/IFI_New_Logo.jpg","contentUrl":"https:\/\/www.ifi-id.com\/wp-content\/uploads\/2022\/12\/IFI_New_Logo.jpg","width":666,"height":444,"caption":"Institut fran\u00e7ais Indon\u00e9sie"},"image":{"@id":"https:\/\/www.ifi-id.com\/#\/schema\/logo\/image\/"}}]}},"post_mailing_queue_ids":[],"_links":{"self":[{"href":"https:\/\/www.ifi-id.com\/fr\/wp-json\/wp\/v2\/pages\/40008"}],"collection":[{"href":"https:\/\/www.ifi-id.com\/fr\/wp-json\/wp\/v2\/pages"}],"about":[{"href":"https:\/\/www.ifi-id.com\/fr\/wp-json\/wp\/v2\/types\/page"}],"author":[{"embeddable":true,"href":"https:\/\/www.ifi-id.com\/fr\/wp-json\/wp\/v2\/users\/8"}],"replies":[{"embeddable":true,"href":"https:\/\/www.ifi-id.com\/fr\/wp-json\/wp\/v2\/comments?post=40008"}],"version-history":[{"count":2,"href":"https:\/\/www.ifi-id.com\/fr\/wp-json\/wp\/v2\/pages\/40008\/revisions"}],"predecessor-version":[{"id":40875,"href":"https:\/\/www.ifi-id.com\/fr\/wp-json\/wp\/v2\/pages\/40008\/revisions\/40875"}],"up":[{"embeddable":true,"href":"https:\/\/www.ifi-id.com\/fr\/wp-json\/wp\/v2\/pages\/39892"}],"wp:featuredmedia":[{"embeddable":true,"href":"https:\/\/www.ifi-id.com\/fr\/wp-json\/wp\/v2\/media\/39988"}],"wp:attachment":[{"href":"https:\/\/www.ifi-id.com\/fr\/wp-json\/wp\/v2\/media?parent=40008"}],"curies":[{"name":"wp","href":"https:\/\/api.w.org\/{rel}","templated":true}]}}