{"id":39702,"date":"2023-11-10T18:35:39","date_gmt":"2023-11-10T11:35:39","guid":{"rendered":"https:\/\/www.ifi-id.com\/fsp23-film-grand-paris\/"},"modified":"2023-11-13T15:26:22","modified_gmt":"2023-11-13T08:26:22","slug":"fsp23-film-grand-paris","status":"publish","type":"page","link":"https:\/\/www.ifi-id.com\/fr\/festival-sinema-prancis-2023-film-en-ligne\/fsp23-film-grand-paris\/","title":{"rendered":"Grand Paris &#8211; Festival Sinema Prancis 2023"},"content":{"rendered":"\t\t<div data-elementor-type=\"wp-page\" data-elementor-id=\"39702\" class=\"elementor elementor-39702 elementor-39672\" data-elementor-post-type=\"page\">\n\t\t\t\t\t\t<section class=\"elementor-section elementor-top-section elementor-element elementor-element-2c1b6672 elementor-section-boxed elementor-section-height-default elementor-section-height-default\" data-id=\"2c1b6672\" data-element_type=\"section\">\n\t\t\t\t\t\t<div class=\"elementor-container elementor-column-gap-default\">\n\t\t\t\t\t<div class=\"elementor-column elementor-col-100 elementor-top-column elementor-element elementor-element-2ef682e8\" data-id=\"2ef682e8\" data-element_type=\"column\">\n\t\t\t<div class=\"elementor-widget-wrap elementor-element-populated\">\n\t\t\t\t\t\t<div class=\"elementor-element elementor-element-252ddc9b elementor-hidden-phone elementor-widget elementor-widget-heading\" data-id=\"252ddc9b\" data-element_type=\"widget\" data-widget_type=\"heading.default\">\n\t\t\t\t<div class=\"elementor-widget-container\">\n\t\t\t<h2 class=\"elementor-heading-title elementor-size-default\">Grand Paris<\/h2>\t\t<\/div>\n\t\t\t\t<\/div>\n\t\t\t\t\t<\/div>\n\t\t<\/div>\n\t\t\t\t\t<\/div>\n\t\t<\/section>\n\t\t\t\t<section class=\"elementor-section elementor-top-section elementor-element elementor-element-3fd9254a elementor-section-boxed elementor-section-height-default elementor-section-height-default\" data-id=\"3fd9254a\" data-element_type=\"section\">\n\t\t\t\t\t\t<div class=\"elementor-container elementor-column-gap-default\">\n\t\t\t\t\t<div class=\"elementor-column elementor-col-100 elementor-top-column elementor-element elementor-element-56eab7eb\" data-id=\"56eab7eb\" data-element_type=\"column\">\n\t\t\t<div class=\"elementor-widget-wrap elementor-element-populated\">\n\t\t\t\t\t\t<div class=\"elementor-element elementor-element-ddf158f elementor-hidden-desktop elementor-hidden-tablet elementor-widget elementor-widget-heading\" data-id=\"ddf158f\" data-element_type=\"widget\" data-widget_type=\"heading.default\">\n\t\t\t\t<div class=\"elementor-widget-container\">\n\t\t\t<h1 class=\"elementor-heading-title elementor-size-default\">Grand Paris<\/h1>\t\t<\/div>\n\t\t\t\t<\/div>\n\t\t\t\t\t<\/div>\n\t\t<\/div>\n\t\t\t\t\t<\/div>\n\t\t<\/section>\n\t\t\t\t<section class=\"elementor-section elementor-top-section elementor-element elementor-element-4a94fc1e elementor-section-boxed elementor-section-height-default elementor-section-height-default\" data-id=\"4a94fc1e\" data-element_type=\"section\" data-settings=\"{&quot;background_background&quot;:&quot;classic&quot;}\">\n\t\t\t\t\t\t<div class=\"elementor-container elementor-column-gap-default\">\n\t\t\t\t\t<div class=\"elementor-column elementor-col-100 elementor-top-column elementor-element elementor-element-78a7e9eb\" data-id=\"78a7e9eb\" data-element_type=\"column\">\n\t\t\t<div class=\"elementor-widget-wrap elementor-element-populated\">\n\t\t\t\t\t\t<div class=\"elementor-element elementor-element-1fcd82ea elementor-arrows-position-inside elementor-pagination-position-outside elementor-widget elementor-widget-image-carousel\" data-id=\"1fcd82ea\" data-element_type=\"widget\" data-settings=\"{&quot;slides_to_show&quot;:&quot;1&quot;,&quot;autoplay_speed&quot;:3000,&quot;navigation&quot;:&quot;both&quot;,&quot;autoplay&quot;:&quot;yes&quot;,&quot;pause_on_hover&quot;:&quot;yes&quot;,&quot;pause_on_interaction&quot;:&quot;yes&quot;,&quot;infinite&quot;:&quot;yes&quot;,&quot;effect&quot;:&quot;slide&quot;,&quot;speed&quot;:500}\" data-widget_type=\"image-carousel.default\">\n\t\t\t\t<div class=\"elementor-widget-container\">\n\t\t\t\t\t<div class=\"elementor-image-carousel-wrapper swiper\" dir=\"ltr\">\n\t\t\t<div class=\"elementor-image-carousel swiper-wrapper swiper-image-stretch\" aria-live=\"off\">\n\t\t\t\t\t\t\t\t<div class=\"swiper-slide\" role=\"group\" aria-roledescription=\"slide\" aria-label=\"1 sur 3\"><figure class=\"swiper-slide-inner\"><img decoding=\"async\" class=\"swiper-slide-image\" src=\"https:\/\/www.ifi-id.com\/wp-content\/uploads\/2023\/11\/maxresdefault-e1699615554579.jpg\" alt=\"maxresdefault\" \/><\/figure><\/div><div class=\"swiper-slide\" role=\"group\" aria-roledescription=\"slide\" aria-label=\"2 sur 3\"><figure class=\"swiper-slide-inner\"><img decoding=\"async\" class=\"swiper-slide-image\" src=\"https:\/\/www.ifi-id.com\/wp-content\/uploads\/2023\/11\/1425175_backdrop_scale_1280xauto-e1699615600197.jpg\" alt=\"1425175_backdrop_scale_1280xauto\" \/><\/figure><\/div><div class=\"swiper-slide\" role=\"group\" aria-roledescription=\"slide\" aria-label=\"3 sur 3\"><figure class=\"swiper-slide-inner\"><img decoding=\"async\" class=\"swiper-slide-image\" src=\"https:\/\/www.ifi-id.com\/wp-content\/uploads\/2023\/11\/8612.3000x900-e1699615628368.jpg\" alt=\"8612.3000x900\" \/><\/figure><\/div>\t\t\t<\/div>\n\t\t\t\t\t\t\t\t\t\t\t\t<div class=\"elementor-swiper-button elementor-swiper-button-prev\" role=\"button\" tabindex=\"0\">\n\t\t\t\t\t\t<i aria-hidden=\"true\" class=\"eicon-chevron-left\"><\/i>\t\t\t\t\t<\/div>\n\t\t\t\t\t<div class=\"elementor-swiper-button elementor-swiper-button-next\" role=\"button\" tabindex=\"0\">\n\t\t\t\t\t\t<i aria-hidden=\"true\" class=\"eicon-chevron-right\"><\/i>\t\t\t\t\t<\/div>\n\t\t\t\t\n\t\t\t\t\t\t\t\t\t<div class=\"swiper-pagination\"><\/div>\n\t\t\t\t\t\t\t\t\t<\/div>\n\t\t\t\t<\/div>\n\t\t\t\t<\/div>\n\t\t\t\t\t<\/div>\n\t\t<\/div>\n\t\t\t\t\t<\/div>\n\t\t<\/section>\n\t\t\t\t<section class=\"elementor-section elementor-top-section elementor-element elementor-element-59440781 elementor-section-boxed elementor-section-height-default elementor-section-height-default\" data-id=\"59440781\" data-element_type=\"section\">\n\t\t\t\t\t\t<div class=\"elementor-container elementor-column-gap-default\">\n\t\t\t\t\t<div class=\"elementor-column elementor-col-100 elementor-top-column elementor-element elementor-element-2530c21c\" data-id=\"2530c21c\" data-element_type=\"column\">\n\t\t\t<div class=\"elementor-widget-wrap elementor-element-populated\">\n\t\t\t\t\t\t<div class=\"elementor-element elementor-element-6f32a0b4 elementor-widget elementor-widget-text-editor\" data-id=\"6f32a0b4\" data-element_type=\"widget\" data-widget_type=\"text-editor.default\">\n\t\t\t\t<div class=\"elementor-widget-container\">\n\t\t\t\t\t\t\t<p><strong>Martin Jauvat| 2022 | 72\u2019 | Com\u00e9die | Fran\u00e7ais avex sous-titres anglais<br \/>\nMahamadou Sangar\u00e9, Martin Jauvat, William Lebghil<\/strong><\/p>\n<p>Leslie et Renard, deux jeunes glandeurs de banlieue parisienne, trouvent un myst\u00e9rieux objet sur un chantier de la future ligne de m\u00e9tro du Grand Paris.<\/p>\n<p><b>Programme<\/b><br \/>\n<b>dimanche, 19 novembre 2023<\/b><br \/>\nMedan | Movie Resto | 18h<br \/>\n<span style=\"font-weight: bold;\"><br \/>\nlundi, 20 novembre 2023<br \/>\n<\/span><span style=\"font-size: 1rem; color: var( --e-global-color-text );\">Lampung |<\/span><span style=\"color: var( --e-global-color-text ); font-weight: var( --e-global-typography-text-font-weight ); font-size: 1rem;\">Kampus Insitut Informatika dan Bisnis Darmajaya | 08h 30 | 13h 30<br \/>\nPontianak | Univ Tanjungpura | 15h 30 | 18h 30<\/span><\/p>\n<p><b style=\"color: var( --e-global-color-text ); font-size: 1rem;\">mardi, 21 novembre 2023<br \/>\n<\/b>Semarang | AF Semarang | 15h<br \/>\n<span style=\"color: var( --e-global-color-text ); font-size: 1rem;\">Medan | BPODT | 15h 30<\/p>\n<p><b>vendredi, 24 novembre 2023<\/b><br \/>\nJakarta | President University (aux \u00e9tudiants de President University) | 13h 30<br \/>\nMakassar | Rumata Art Space | 19h<\/span><\/p>\n\t\t\t\t\t\t<\/div>\n\t\t\t\t<\/div>\n\t\t\t\t\t<\/div>\n\t\t<\/div>\n\t\t\t\t\t<\/div>\n\t\t<\/section>\n\t\t\t\t<section class=\"elementor-section elementor-top-section elementor-element elementor-element-2617f162 elementor-section-boxed elementor-section-height-default elementor-section-height-default\" data-id=\"2617f162\" data-element_type=\"section\">\n\t\t\t\t\t\t<div class=\"elementor-container elementor-column-gap-default\">\n\t\t\t\t\t<div class=\"elementor-column elementor-col-100 elementor-top-column elementor-element elementor-element-73dca973\" data-id=\"73dca973\" data-element_type=\"column\">\n\t\t\t<div class=\"elementor-widget-wrap elementor-element-populated\">\n\t\t\t\t\t\t<div class=\"elementor-element elementor-element-761a583f elementor-widget elementor-widget-video\" data-id=\"761a583f\" data-element_type=\"widget\" data-settings=\"{&quot;youtube_url&quot;:&quot;https:\\\/\\\/www.youtube.com\\\/watch?v=nGamn8CQXhc&quot;,&quot;video_type&quot;:&quot;youtube&quot;,&quot;controls&quot;:&quot;yes&quot;}\" data-widget_type=\"video.default\">\n\t\t\t\t<div class=\"elementor-widget-container\">\n\t\t\t\t\t<div class=\"elementor-wrapper elementor-open-inline\">\n\t\t\t<div class=\"elementor-video\"><\/div>\t\t<\/div>\n\t\t\t\t<\/div>\n\t\t\t\t<\/div>\n\t\t\t\t\t<\/div>\n\t\t<\/div>\n\t\t\t\t\t<\/div>\n\t\t<\/section>\n\t\t\t\t<section class=\"elementor-section elementor-top-section elementor-element elementor-element-4b9ed5e1 elementor-section-boxed elementor-section-height-default elementor-section-height-default\" data-id=\"4b9ed5e1\" data-element_type=\"section\">\n\t\t\t\t\t\t<div class=\"elementor-container elementor-column-gap-default\">\n\t\t\t\t\t<div class=\"elementor-column elementor-col-100 elementor-top-column elementor-element elementor-element-18f5b19f\" data-id=\"18f5b19f\" data-element_type=\"column\">\n\t\t\t<div class=\"elementor-widget-wrap elementor-element-populated\">\n\t\t\t\t\t\t<div class=\"elementor-element elementor-element-12052a5c elementor-align-center elementor-widget elementor-widget-button\" data-id=\"12052a5c\" data-element_type=\"widget\" data-widget_type=\"button.default\">\n\t\t\t\t<div class=\"elementor-widget-container\">\n\t\t\t\t\t<div class=\"elementor-button-wrapper\">\n\t\t\t<a class=\"elementor-button elementor-button-link elementor-size-sm\" href=\"https:\/\/www.ifi-id.com\/fr\/festival-sinema-prancis-2023-film\/\">\n\t\t\t\t\t\t<span class=\"elementor-button-content-wrapper\">\n\t\t\t\t\t\t<span class=\"elementor-button-icon\">\n\t\t\t\t<i aria-hidden=\"true\" class=\"fas fa-backward\"><\/i>\t\t\t<\/span>\n\t\t\t\t\t\t\t\t\t<span class=\"elementor-button-text\">Retour \u00e0 la liste des films<\/span>\n\t\t\t\t\t<\/span>\n\t\t\t\t\t<\/a>\n\t\t<\/div>\n\t\t\t\t<\/div>\n\t\t\t\t<\/div>\n\t\t\t\t\t<\/div>\n\t\t<\/div>\n\t\t\t\t\t<\/div>\n\t\t<\/section>\n\t\t\t\t<\/div>\n\t\t","protected":false},"excerpt":{"rendered":"<p>Grand Paris Grand Paris Previous Next Martin Jauvat| 2022 | 72\u2019 | Com\u00e9die | Fran\u00e7ais avex sous-titres anglais Mahamadou Sangar\u00e9, Martin Jauvat, William Lebghil Leslie et Renard, deux jeunes glandeurs de banlieue parisienne, trouvent un myst\u00e9rieux objet sur un chantier de la future ligne de m\u00e9tro du Grand Paris. Programme dimanche, 19 novembre 2023 Medan &hellip; <\/p>\n<p class=\"link-more\"><a href=\"https:\/\/www.ifi-id.com\/fr\/festival-sinema-prancis-2023-film-en-ligne\/fsp23-film-grand-paris\/\" class=\"more-link\">Continuer la lecture<span class=\"screen-reader-text\"> de &laquo;&nbsp;Grand Paris &#8211; Festival Sinema Prancis 2023&nbsp;&raquo;<\/span><\/a><\/p>\n","protected":false},"author":8,"featured_media":39687,"parent":39947,"menu_order":0,"comment_status":"closed","ping_status":"closed","template":"elementor_header_footer","meta":{"footnotes":""},"class_list":["post-39702","page","type-page","status-publish","has-post-thumbnail","hentry"],"yoast_head":"<!-- This site is optimized with the Yoast SEO plugin v23.5 - https:\/\/yoast.com\/wordpress\/plugins\/seo\/ -->\n<title>Grand Paris - Festival Sinema Prancis 2023 - Institut fran\u00e7ais Indon\u00e9sie<\/title>\n<meta name=\"description\" content=\"Leslie et Renard, deux jeunes glandeurs de banlieue parisienne, trouvent un myst\u00e9rieux objet sur un chantier de la future ligne de m\u00e9tro du Grand Paris.\" \/>\n<meta name=\"robots\" content=\"index, follow, max-snippet:-1, max-image-preview:large, max-video-preview:-1\" \/>\n<link rel=\"canonical\" href=\"https:\/\/www.ifi-id.com\/fsp23-film-grand-paris\/\" \/>\n<meta property=\"og:locale\" content=\"fr_FR\" \/>\n<meta property=\"og:type\" content=\"article\" \/>\n<meta property=\"og:title\" content=\"Grand Paris - Festival Sinema Prancis 2023 - Institut fran\u00e7ais Indon\u00e9sie\" \/>\n<meta property=\"og:description\" content=\"Leslie et Renard, deux jeunes glandeurs de banlieue parisienne, trouvent un myst\u00e9rieux objet sur un chantier de la future ligne de m\u00e9tro du Grand Paris.\" \/>\n<meta property=\"og:url\" content=\"https:\/\/www.ifi-id.com\/fsp23-film-grand-paris\/\" \/>\n<meta property=\"og:site_name\" content=\"Institut fran\u00e7ais Indon\u00e9sie\" \/>\n<meta property=\"article:modified_time\" content=\"2023-11-13T08:26:22+00:00\" \/>\n<meta property=\"og:image\" content=\"https:\/\/www.ifi-id.com\/wp-content\/uploads\/2023\/11\/maxresdefault-e1699615554579.jpg\" \/>\n\t<meta property=\"og:image:width\" content=\"1280\" \/>\n\t<meta property=\"og:image:height\" content=\"720\" \/>\n\t<meta property=\"og:image:type\" content=\"image\/jpeg\" \/>\n<meta name=\"twitter:card\" content=\"summary_large_image\" \/>\n<meta name=\"twitter:label1\" content=\"Dur\u00e9e de lecture estim\u00e9e\" \/>\n\t<meta name=\"twitter:data1\" content=\"1 minute\" \/>\n<script type=\"application\/ld+json\" class=\"yoast-schema-graph\">{\"@context\":\"https:\/\/schema.org\",\"@graph\":[{\"@type\":\"WebPage\",\"@id\":\"https:\/\/www.ifi-id.com\/fsp23-film-grand-paris\/\",\"url\":\"https:\/\/www.ifi-id.com\/fsp23-film-grand-paris\/\",\"name\":\"Grand Paris - Festival Sinema Prancis 2023 - Institut fran\u00e7ais Indon\u00e9sie\",\"isPartOf\":{\"@id\":\"https:\/\/www.ifi-id.com\/#website\"},\"primaryImageOfPage\":{\"@id\":\"https:\/\/www.ifi-id.com\/fsp23-film-grand-paris\/#primaryimage\"},\"image\":{\"@id\":\"https:\/\/www.ifi-id.com\/fsp23-film-grand-paris\/#primaryimage\"},\"thumbnailUrl\":\"https:\/\/www.ifi-id.com\/wp-content\/uploads\/2023\/11\/maxresdefault-e1699615554579.jpg\",\"datePublished\":\"2023-11-10T11:35:39+00:00\",\"dateModified\":\"2023-11-13T08:26:22+00:00\",\"description\":\"Leslie et Renard, deux jeunes glandeurs de banlieue parisienne, trouvent un myst\u00e9rieux objet sur un chantier de la future ligne de m\u00e9tro du Grand Paris.\",\"breadcrumb\":{\"@id\":\"https:\/\/www.ifi-id.com\/fsp23-film-grand-paris\/#breadcrumb\"},\"inLanguage\":\"fr-FR\",\"potentialAction\":[{\"@type\":\"ReadAction\",\"target\":[\"https:\/\/www.ifi-id.com\/fsp23-film-grand-paris\/\"]}]},{\"@type\":\"ImageObject\",\"inLanguage\":\"fr-FR\",\"@id\":\"https:\/\/www.ifi-id.com\/fsp23-film-grand-paris\/#primaryimage\",\"url\":\"https:\/\/www.ifi-id.com\/wp-content\/uploads\/2023\/11\/maxresdefault-e1699615554579.jpg\",\"contentUrl\":\"https:\/\/www.ifi-id.com\/wp-content\/uploads\/2023\/11\/maxresdefault-e1699615554579.jpg\",\"width\":1280,\"height\":720},{\"@type\":\"BreadcrumbList\",\"@id\":\"https:\/\/www.ifi-id.com\/fsp23-film-grand-paris\/#breadcrumb\",\"itemListElement\":[{\"@type\":\"ListItem\",\"position\":1,\"name\":\"Home\",\"item\":\"https:\/\/www.ifi-id.com\/\"},{\"@type\":\"ListItem\",\"position\":2,\"name\":\"Grand Paris &#8211; Festival Sinema Prancis 2023\"}]},{\"@type\":\"WebSite\",\"@id\":\"https:\/\/www.ifi-id.com\/#website\",\"url\":\"https:\/\/www.ifi-id.com\/\",\"name\":\"Institut fran\u00e7ais Indon\u00e9sie\",\"description\":\"\",\"publisher\":{\"@id\":\"https:\/\/www.ifi-id.com\/#organization\"},\"potentialAction\":[{\"@type\":\"SearchAction\",\"target\":{\"@type\":\"EntryPoint\",\"urlTemplate\":\"https:\/\/www.ifi-id.com\/?s={search_term_string}\"},\"query-input\":{\"@type\":\"PropertyValueSpecification\",\"valueRequired\":true,\"valueName\":\"search_term_string\"}}],\"inLanguage\":\"fr-FR\"},{\"@type\":\"Organization\",\"@id\":\"https:\/\/www.ifi-id.com\/#organization\",\"name\":\"Institut fran\u00e7ais Indon\u00e9sie\",\"url\":\"https:\/\/www.ifi-id.com\/\",\"logo\":{\"@type\":\"ImageObject\",\"inLanguage\":\"fr-FR\",\"@id\":\"https:\/\/www.ifi-id.com\/#\/schema\/logo\/image\/\",\"url\":\"https:\/\/www.ifi-id.com\/wp-content\/uploads\/2022\/12\/IFI_New_Logo.jpg\",\"contentUrl\":\"https:\/\/www.ifi-id.com\/wp-content\/uploads\/2022\/12\/IFI_New_Logo.jpg\",\"width\":666,\"height\":444,\"caption\":\"Institut fran\u00e7ais Indon\u00e9sie\"},\"image\":{\"@id\":\"https:\/\/www.ifi-id.com\/#\/schema\/logo\/image\/\"}}]}<\/script>\n<!-- \/ Yoast SEO plugin. -->","yoast_head_json":{"title":"Grand Paris - Festival Sinema Prancis 2023 - Institut fran\u00e7ais Indon\u00e9sie","description":"Leslie et Renard, deux jeunes glandeurs de banlieue parisienne, trouvent un myst\u00e9rieux objet sur un chantier de la future ligne de m\u00e9tro du Grand Paris.","robots":{"index":"index","follow":"follow","max-snippet":"max-snippet:-1","max-image-preview":"max-image-preview:large","max-video-preview":"max-video-preview:-1"},"canonical":"https:\/\/www.ifi-id.com\/fsp23-film-grand-paris\/","og_locale":"fr_FR","og_type":"article","og_title":"Grand Paris - Festival Sinema Prancis 2023 - Institut fran\u00e7ais Indon\u00e9sie","og_description":"Leslie et Renard, deux jeunes glandeurs de banlieue parisienne, trouvent un myst\u00e9rieux objet sur un chantier de la future ligne de m\u00e9tro du Grand Paris.","og_url":"https:\/\/www.ifi-id.com\/fsp23-film-grand-paris\/","og_site_name":"Institut fran\u00e7ais Indon\u00e9sie","article_modified_time":"2023-11-13T08:26:22+00:00","og_image":[{"width":1280,"height":720,"url":"https:\/\/www.ifi-id.com\/wp-content\/uploads\/2023\/11\/maxresdefault-e1699615554579.jpg","type":"image\/jpeg"}],"twitter_card":"summary_large_image","twitter_misc":{"Dur\u00e9e de lecture estim\u00e9e":"1 minute"},"schema":{"@context":"https:\/\/schema.org","@graph":[{"@type":"WebPage","@id":"https:\/\/www.ifi-id.com\/fsp23-film-grand-paris\/","url":"https:\/\/www.ifi-id.com\/fsp23-film-grand-paris\/","name":"Grand Paris - Festival Sinema Prancis 2023 - Institut fran\u00e7ais Indon\u00e9sie","isPartOf":{"@id":"https:\/\/www.ifi-id.com\/#website"},"primaryImageOfPage":{"@id":"https:\/\/www.ifi-id.com\/fsp23-film-grand-paris\/#primaryimage"},"image":{"@id":"https:\/\/www.ifi-id.com\/fsp23-film-grand-paris\/#primaryimage"},"thumbnailUrl":"https:\/\/www.ifi-id.com\/wp-content\/uploads\/2023\/11\/maxresdefault-e1699615554579.jpg","datePublished":"2023-11-10T11:35:39+00:00","dateModified":"2023-11-13T08:26:22+00:00","description":"Leslie et Renard, deux jeunes glandeurs de banlieue parisienne, trouvent un myst\u00e9rieux objet sur un chantier de la future ligne de m\u00e9tro du Grand Paris.","breadcrumb":{"@id":"https:\/\/www.ifi-id.com\/fsp23-film-grand-paris\/#breadcrumb"},"inLanguage":"fr-FR","potentialAction":[{"@type":"ReadAction","target":["https:\/\/www.ifi-id.com\/fsp23-film-grand-paris\/"]}]},{"@type":"ImageObject","inLanguage":"fr-FR","@id":"https:\/\/www.ifi-id.com\/fsp23-film-grand-paris\/#primaryimage","url":"https:\/\/www.ifi-id.com\/wp-content\/uploads\/2023\/11\/maxresdefault-e1699615554579.jpg","contentUrl":"https:\/\/www.ifi-id.com\/wp-content\/uploads\/2023\/11\/maxresdefault-e1699615554579.jpg","width":1280,"height":720},{"@type":"BreadcrumbList","@id":"https:\/\/www.ifi-id.com\/fsp23-film-grand-paris\/#breadcrumb","itemListElement":[{"@type":"ListItem","position":1,"name":"Home","item":"https:\/\/www.ifi-id.com\/"},{"@type":"ListItem","position":2,"name":"Grand Paris &#8211; Festival Sinema Prancis 2023"}]},{"@type":"WebSite","@id":"https:\/\/www.ifi-id.com\/#website","url":"https:\/\/www.ifi-id.com\/","name":"Institut fran\u00e7ais Indon\u00e9sie","description":"","publisher":{"@id":"https:\/\/www.ifi-id.com\/#organization"},"potentialAction":[{"@type":"SearchAction","target":{"@type":"EntryPoint","urlTemplate":"https:\/\/www.ifi-id.com\/?s={search_term_string}"},"query-input":{"@type":"PropertyValueSpecification","valueRequired":true,"valueName":"search_term_string"}}],"inLanguage":"fr-FR"},{"@type":"Organization","@id":"https:\/\/www.ifi-id.com\/#organization","name":"Institut fran\u00e7ais Indon\u00e9sie","url":"https:\/\/www.ifi-id.com\/","logo":{"@type":"ImageObject","inLanguage":"fr-FR","@id":"https:\/\/www.ifi-id.com\/#\/schema\/logo\/image\/","url":"https:\/\/www.ifi-id.com\/wp-content\/uploads\/2022\/12\/IFI_New_Logo.jpg","contentUrl":"https:\/\/www.ifi-id.com\/wp-content\/uploads\/2022\/12\/IFI_New_Logo.jpg","width":666,"height":444,"caption":"Institut fran\u00e7ais Indon\u00e9sie"},"image":{"@id":"https:\/\/www.ifi-id.com\/#\/schema\/logo\/image\/"}}]}},"post_mailing_queue_ids":[],"_links":{"self":[{"href":"https:\/\/www.ifi-id.com\/fr\/wp-json\/wp\/v2\/pages\/39702"}],"collection":[{"href":"https:\/\/www.ifi-id.com\/fr\/wp-json\/wp\/v2\/pages"}],"about":[{"href":"https:\/\/www.ifi-id.com\/fr\/wp-json\/wp\/v2\/types\/page"}],"author":[{"embeddable":true,"href":"https:\/\/www.ifi-id.com\/fr\/wp-json\/wp\/v2\/users\/8"}],"replies":[{"embeddable":true,"href":"https:\/\/www.ifi-id.com\/fr\/wp-json\/wp\/v2\/comments?post=39702"}],"version-history":[{"count":4,"href":"https:\/\/www.ifi-id.com\/fr\/wp-json\/wp\/v2\/pages\/39702\/revisions"}],"predecessor-version":[{"id":40147,"href":"https:\/\/www.ifi-id.com\/fr\/wp-json\/wp\/v2\/pages\/39702\/revisions\/40147"}],"up":[{"embeddable":true,"href":"https:\/\/www.ifi-id.com\/fr\/wp-json\/wp\/v2\/pages\/39947"}],"wp:featuredmedia":[{"embeddable":true,"href":"https:\/\/www.ifi-id.com\/fr\/wp-json\/wp\/v2\/media\/39687"}],"wp:attachment":[{"href":"https:\/\/www.ifi-id.com\/fr\/wp-json\/wp\/v2\/media?parent=39702"}],"curies":[{"name":"wp","href":"https:\/\/api.w.org\/{rel}","templated":true}]}}