{"id":39697,"date":"2023-11-10T18:31:57","date_gmt":"2023-11-10T11:31:57","guid":{"rendered":"https:\/\/www.ifi-id.com\/fsp23-film-rien-a-foutre\/"},"modified":"2023-11-10T18:31:58","modified_gmt":"2023-11-10T11:31:58","slug":"fsp23-film-rien-a-foutre","status":"publish","type":"page","link":"https:\/\/www.ifi-id.com\/fr\/festival-sinema-prancis-2023-film-hors-ligne\/fsp23-film-rien-a-foutre\/","title":{"rendered":"Rien \u00e0 foutre \u2013 Festival Sinema Prancis 2023"},"content":{"rendered":"\t\t<div data-elementor-type=\"wp-page\" data-elementor-id=\"39697\" class=\"elementor elementor-39697 elementor-39621\" data-elementor-post-type=\"page\">\n\t\t\t\t\t\t<section class=\"elementor-section elementor-top-section elementor-element elementor-element-75d5d7c9 elementor-section-boxed elementor-section-height-default elementor-section-height-default\" data-id=\"75d5d7c9\" data-element_type=\"section\">\n\t\t\t\t\t\t<div class=\"elementor-container elementor-column-gap-default\">\n\t\t\t\t\t<div class=\"elementor-column elementor-col-100 elementor-top-column elementor-element elementor-element-623c6a46\" data-id=\"623c6a46\" data-element_type=\"column\">\n\t\t\t<div class=\"elementor-widget-wrap elementor-element-populated\">\n\t\t\t\t\t\t<div class=\"elementor-element elementor-element-55cad163 elementor-hidden-phone elementor-widget elementor-widget-heading\" data-id=\"55cad163\" data-element_type=\"widget\" data-widget_type=\"heading.default\">\n\t\t\t\t<div class=\"elementor-widget-container\">\n\t\t\t<h2 class=\"elementor-heading-title elementor-size-default\">Rien \u00e0 foutre<\/h2>\t\t<\/div>\n\t\t\t\t<\/div>\n\t\t\t\t\t<\/div>\n\t\t<\/div>\n\t\t\t\t\t<\/div>\n\t\t<\/section>\n\t\t\t\t<section class=\"elementor-section elementor-top-section elementor-element elementor-element-695fef37 elementor-section-boxed elementor-section-height-default elementor-section-height-default\" data-id=\"695fef37\" data-element_type=\"section\">\n\t\t\t\t\t\t<div class=\"elementor-container elementor-column-gap-default\">\n\t\t\t\t\t<div class=\"elementor-column elementor-col-100 elementor-top-column elementor-element elementor-element-524320ca\" data-id=\"524320ca\" data-element_type=\"column\">\n\t\t\t<div class=\"elementor-widget-wrap elementor-element-populated\">\n\t\t\t\t\t\t<div class=\"elementor-element elementor-element-51634a6e elementor-hidden-desktop elementor-hidden-tablet elementor-widget elementor-widget-heading\" data-id=\"51634a6e\" data-element_type=\"widget\" data-widget_type=\"heading.default\">\n\t\t\t\t<div class=\"elementor-widget-container\">\n\t\t\t<h1 class=\"elementor-heading-title elementor-size-default\">Rien \u00e0 foutre<\/h1>\t\t<\/div>\n\t\t\t\t<\/div>\n\t\t\t\t\t<\/div>\n\t\t<\/div>\n\t\t\t\t\t<\/div>\n\t\t<\/section>\n\t\t\t\t<section class=\"elementor-section elementor-top-section elementor-element elementor-element-22dca931 elementor-section-boxed elementor-section-height-default elementor-section-height-default\" data-id=\"22dca931\" data-element_type=\"section\" data-settings=\"{&quot;background_background&quot;:&quot;classic&quot;}\">\n\t\t\t\t\t\t<div class=\"elementor-container elementor-column-gap-default\">\n\t\t\t\t\t<div class=\"elementor-column elementor-col-100 elementor-top-column elementor-element elementor-element-7c2e889f\" data-id=\"7c2e889f\" data-element_type=\"column\">\n\t\t\t<div class=\"elementor-widget-wrap elementor-element-populated\">\n\t\t\t\t\t\t<div class=\"elementor-element elementor-element-5669934c elementor-arrows-position-inside elementor-pagination-position-outside elementor-widget elementor-widget-image-carousel\" data-id=\"5669934c\" data-element_type=\"widget\" data-settings=\"{&quot;slides_to_show&quot;:&quot;1&quot;,&quot;autoplay_speed&quot;:3000,&quot;navigation&quot;:&quot;both&quot;,&quot;autoplay&quot;:&quot;yes&quot;,&quot;pause_on_hover&quot;:&quot;yes&quot;,&quot;pause_on_interaction&quot;:&quot;yes&quot;,&quot;infinite&quot;:&quot;yes&quot;,&quot;effect&quot;:&quot;slide&quot;,&quot;speed&quot;:500}\" data-widget_type=\"image-carousel.default\">\n\t\t\t\t<div class=\"elementor-widget-container\">\n\t\t\t\t\t<div class=\"elementor-image-carousel-wrapper swiper\" dir=\"ltr\">\n\t\t\t<div class=\"elementor-image-carousel swiper-wrapper swiper-image-stretch\" aria-live=\"off\">\n\t\t\t\t\t\t\t\t<div class=\"swiper-slide\" role=\"group\" aria-roledescription=\"slide\" aria-label=\"1 sur 3\"><figure class=\"swiper-slide-inner\"><img decoding=\"async\" class=\"swiper-slide-image\" src=\"https:\/\/www.ifi-id.com\/wp-content\/uploads\/2023\/11\/2062410-e1699613432747.webp\" alt=\"2062410\" \/><\/figure><\/div><div class=\"swiper-slide\" role=\"group\" aria-roledescription=\"slide\" aria-label=\"2 sur 3\"><figure class=\"swiper-slide-inner\"><img decoding=\"async\" class=\"swiper-slide-image\" src=\"https:\/\/www.ifi-id.com\/wp-content\/uploads\/2023\/11\/3224575.jpg-r_1920_1080-f_jpg-q_x-xxyxx-e1699613491666.jpg\" alt=\"3224575.jpg-r_1920_1080-f_jpg-q_x-xxyxx\" \/><\/figure><\/div><div class=\"swiper-slide\" role=\"group\" aria-roledescription=\"slide\" aria-label=\"3 sur 3\"><figure class=\"swiper-slide-inner\"><img decoding=\"async\" class=\"swiper-slide-image\" src=\"https:\/\/www.ifi-id.com\/wp-content\/uploads\/2023\/11\/3196498.jpg-r_1920_1080-f_jpg-q_x-xxyxx-e1699613456116.jpg\" alt=\"3196498.jpg-r_1920_1080-f_jpg-q_x-xxyxx\" \/><\/figure><\/div>\t\t\t<\/div>\n\t\t\t\t\t\t\t\t\t\t\t\t<div class=\"elementor-swiper-button elementor-swiper-button-prev\" role=\"button\" tabindex=\"0\">\n\t\t\t\t\t\t<i aria-hidden=\"true\" class=\"eicon-chevron-left\"><\/i>\t\t\t\t\t<\/div>\n\t\t\t\t\t<div class=\"elementor-swiper-button elementor-swiper-button-next\" role=\"button\" tabindex=\"0\">\n\t\t\t\t\t\t<i aria-hidden=\"true\" class=\"eicon-chevron-right\"><\/i>\t\t\t\t\t<\/div>\n\t\t\t\t\n\t\t\t\t\t\t\t\t\t<div class=\"swiper-pagination\"><\/div>\n\t\t\t\t\t\t\t\t\t<\/div>\n\t\t\t\t<\/div>\n\t\t\t\t<\/div>\n\t\t\t\t\t<\/div>\n\t\t<\/div>\n\t\t\t\t\t<\/div>\n\t\t<\/section>\n\t\t\t\t<section class=\"elementor-section elementor-top-section elementor-element elementor-element-74d37b6a elementor-section-boxed elementor-section-height-default elementor-section-height-default\" data-id=\"74d37b6a\" data-element_type=\"section\">\n\t\t\t\t\t\t<div class=\"elementor-container elementor-column-gap-default\">\n\t\t\t\t\t<div class=\"elementor-column elementor-col-100 elementor-top-column elementor-element elementor-element-6f66b279\" data-id=\"6f66b279\" data-element_type=\"column\">\n\t\t\t<div class=\"elementor-widget-wrap elementor-element-populated\">\n\t\t\t\t\t\t<div class=\"elementor-element elementor-element-60cbd910 elementor-widget elementor-widget-text-editor\" data-id=\"60cbd910\" data-element_type=\"widget\" data-widget_type=\"text-editor.default\">\n\t\t\t\t<div class=\"elementor-widget-container\">\n\t\t\t\t\t\t\t<h4><span style=\"font-family: Marianne;\">Julie Lecoustre &amp; Emmanuel Marre| 2021 | 115\u2019 | Drame<\/span><span style=\"font-family: Marianne;\"> | Fran\u00e7ais avex sous-titres indon\u00e9sien<br \/>\n<\/span><b>Ad\u00e8le Exarchopoulos, Alexandre Perrier, Mara Taquin, Arthur Egloff &amp; Tamara Al Saadi<\/b><\/h4>\n<div><b>\u00a0<\/b><\/div>\n<p>Cassandre, 26 ans, est ho\u0302tesse de l\u2019air dans une compagnie low-cost. Vivant au jour le jour, elle enchai\u0302ne les vols et les fe\u0302tes sans lendemain, fide\u0300le a\u0300 son pseudo Tinder \u00abCarpe Diem\u00bb. Une existence sans attaches, en forme de fuite en avant, qui la comble en apparence. Alors que la pression de sa compagnie redouble, Cassandre finit par perdre pied. Saura-t-elle affronter les douleurs enfouies et revenir vers ceux qu&rsquo;elle a laiss\u00e9s au sol ?<\/p>\n<p><b>R\u00e9compenses<br \/>\n<\/b>2021 Nominee Critics&rsquo; Week Grand Prize, Julie Lecoustre Emmanuel Marre, Cannes Film Festival<br \/>\n<span style=\"color: var( --e-global-color-text ); font-weight: var( --e-global-typography-text-font-weight ); font-size: 1rem;\">2021 Nominee Golden Camera, Julie Lecoustre Emmanuel Marre, Cannes Film Festival<br \/>\n<\/span><span style=\"color: var( --e-global-color-text ); font-weight: var( --e-global-typography-text-font-weight ); font-size: 1rem;\">2021 Winner Gan Foundation Support for Distribution, Cannes Film Festival<br \/>\n<\/span><span style=\"color: var( --e-global-color-text ); font-weight: var( --e-global-typography-text-font-weight ); font-size: 1rem;\">2021 Winner Retueyos Best Film, Gij\u00f3n International Film Festival<br \/>\n<\/span><span style=\"color: var( --e-global-color-text ); font-weight: var( --e-global-typography-text-font-weight ); font-size: 1rem;\">2021 Winner Gan Foundation Support for Distribution, cannes film festival<br \/>\n<\/span><span style=\"color: var( --e-global-color-text ); font-weight: var( --e-global-typography-text-font-weight ); font-size: 1rem;\">2022 Winner COOP! Competition Best Coproduction, Film Festival Oostende<\/span><\/p>\n<p><b>Programme<\/b><br \/>\n<b>samedi, 18 novembre 2023<\/b><br \/>\nDenpasar | MASH Denpasar | 16h<br \/>\nMakassar | AF Makassar | 16h<br \/>\nBandung | IFI Bandung | 19h<br \/>\n<span style=\"color: var( --e-global-color-text ); font-size: 1rem;\"><br \/>\n<b>dimanche, 19 novembre 2023<\/b><br \/>\nMedan | AF Medan | 18h 30<br \/>\nJakarta | IFI Thamrin | 19h<br \/>\nYogyakarta | IFI Yogyakarta | 19h<br \/>\n<\/span><b style=\"color: var( --e-global-color-text ); font-size: 1rem;\"><br \/>\nsamedi, 25 novembre 2023<br \/>\n<\/b><span style=\"color: var( --e-global-color-text ); font-weight: var( --e-global-typography-text-font-weight ); font-size: 1rem;\">Surabaya | IFI Surabaya | 16h 15<\/span><\/p>\n\t\t\t\t\t\t<\/div>\n\t\t\t\t<\/div>\n\t\t\t\t\t<\/div>\n\t\t<\/div>\n\t\t\t\t\t<\/div>\n\t\t<\/section>\n\t\t\t\t<section class=\"elementor-section elementor-top-section elementor-element elementor-element-50015b2e elementor-section-boxed elementor-section-height-default elementor-section-height-default\" data-id=\"50015b2e\" data-element_type=\"section\">\n\t\t\t\t\t\t<div class=\"elementor-container elementor-column-gap-default\">\n\t\t\t\t\t<div class=\"elementor-column elementor-col-100 elementor-top-column elementor-element elementor-element-30d2c693\" data-id=\"30d2c693\" data-element_type=\"column\">\n\t\t\t<div class=\"elementor-widget-wrap elementor-element-populated\">\n\t\t\t\t\t\t<div class=\"elementor-element elementor-element-5cb5f831 elementor-widget elementor-widget-video\" data-id=\"5cb5f831\" data-element_type=\"widget\" data-settings=\"{&quot;youtube_url&quot;:&quot;https:\\\/\\\/www.youtube.com\\\/watch?v=MSPIJXNuTJo&quot;,&quot;video_type&quot;:&quot;youtube&quot;,&quot;controls&quot;:&quot;yes&quot;}\" data-widget_type=\"video.default\">\n\t\t\t\t<div class=\"elementor-widget-container\">\n\t\t\t\t\t<div class=\"elementor-wrapper elementor-open-inline\">\n\t\t\t<div class=\"elementor-video\"><\/div>\t\t<\/div>\n\t\t\t\t<\/div>\n\t\t\t\t<\/div>\n\t\t\t\t\t<\/div>\n\t\t<\/div>\n\t\t\t\t\t<\/div>\n\t\t<\/section>\n\t\t\t\t<section class=\"elementor-section elementor-top-section elementor-element elementor-element-5aad5044 elementor-section-boxed elementor-section-height-default elementor-section-height-default\" data-id=\"5aad5044\" data-element_type=\"section\">\n\t\t\t\t\t\t<div class=\"elementor-container elementor-column-gap-default\">\n\t\t\t\t\t<div class=\"elementor-column elementor-col-100 elementor-top-column elementor-element elementor-element-22115469\" data-id=\"22115469\" data-element_type=\"column\">\n\t\t\t<div class=\"elementor-widget-wrap elementor-element-populated\">\n\t\t\t\t\t\t<div class=\"elementor-element elementor-element-7a366498 elementor-align-center elementor-widget elementor-widget-button\" data-id=\"7a366498\" data-element_type=\"widget\" data-widget_type=\"button.default\">\n\t\t\t\t<div class=\"elementor-widget-container\">\n\t\t\t\t\t<div class=\"elementor-button-wrapper\">\n\t\t\t<a class=\"elementor-button elementor-button-link elementor-size-sm\" href=\"https:\/\/www.ifi-id.com\/fr\/festival-du-cinema-francais-2023-film\/\">\n\t\t\t\t\t\t<span class=\"elementor-button-content-wrapper\">\n\t\t\t\t\t\t<span class=\"elementor-button-icon\">\n\t\t\t\t<i aria-hidden=\"true\" class=\"fas fa-backward\"><\/i>\t\t\t<\/span>\n\t\t\t\t\t\t\t\t\t<span class=\"elementor-button-text\">Retour \u00e0 la liste des films<\/span>\n\t\t\t\t\t<\/span>\n\t\t\t\t\t<\/a>\n\t\t<\/div>\n\t\t\t\t<\/div>\n\t\t\t\t<\/div>\n\t\t\t\t\t<\/div>\n\t\t<\/div>\n\t\t\t\t\t<\/div>\n\t\t<\/section>\n\t\t\t\t<\/div>\n\t\t","protected":false},"excerpt":{"rendered":"<p>Rien \u00e0 foutre Rien \u00e0 foutre Previous Next Julie Lecoustre &amp; Emmanuel Marre| 2021 | 115\u2019 | Drame | Fran\u00e7ais avex sous-titres indon\u00e9sien Ad\u00e8le Exarchopoulos, Alexandre Perrier, Mara Taquin, Arthur Egloff &amp; Tamara Al Saadi \u00a0 Cassandre, 26 ans, est ho\u0302tesse de l\u2019air dans une compagnie low-cost. Vivant au jour le jour, elle enchai\u0302ne les &hellip; <\/p>\n<p class=\"link-more\"><a href=\"https:\/\/www.ifi-id.com\/fr\/festival-sinema-prancis-2023-film-hors-ligne\/fsp23-film-rien-a-foutre\/\" class=\"more-link\">Continuer la lecture<span class=\"screen-reader-text\"> de &laquo;&nbsp;Rien \u00e0 foutre \u2013 Festival Sinema Prancis 2023&nbsp;&raquo;<\/span><\/a><\/p>\n","protected":false},"author":8,"featured_media":39632,"parent":39892,"menu_order":0,"comment_status":"closed","ping_status":"closed","template":"elementor_header_footer","meta":{"footnotes":""},"class_list":["post-39697","page","type-page","status-publish","has-post-thumbnail","hentry"],"yoast_head":"<!-- This site is optimized with the Yoast SEO plugin v23.5 - https:\/\/yoast.com\/wordpress\/plugins\/seo\/ -->\n<title>Rien \u00e0 foutre \u2013 Festival Sinema Prancis 2023 - Institut fran\u00e7ais Indon\u00e9sie<\/title>\n<meta name=\"description\" content=\"Cassandre, 26 ans, est ho\u0302tesse de l\u2019air dans une compagnie low-cost. Vivant au jour le jour, elle enchai\u0302ne les vols et les fe\u0302tes sans lendemain, fide\u0300le a\u0300 son pseudo Tinder \u00abCarpe Diem\u00bb. Une existence sans attaches, en forme de fuite en avant, qui la comble en apparence. Alors que la pression de sa compagnie redouble, Cassandre finit par perdre pied. Saura-t-elle affronter les douleurs enfouies et revenir vers ceux qu&#039;elle a laiss\u00e9s au sol ?\" \/>\n<meta name=\"robots\" content=\"index, follow, max-snippet:-1, max-image-preview:large, max-video-preview:-1\" \/>\n<link rel=\"canonical\" href=\"https:\/\/www.ifi-id.com\/fsp23-film-zero-fucks-given\/\" \/>\n<meta property=\"og:locale\" content=\"fr_FR\" \/>\n<meta property=\"og:type\" content=\"article\" \/>\n<meta property=\"og:title\" content=\"Rien \u00e0 foutre \u2013 Festival Sinema Prancis 2023 - Institut fran\u00e7ais Indon\u00e9sie\" \/>\n<meta property=\"og:description\" content=\"Cassandre, 26 ans, est ho\u0302tesse de l\u2019air dans une compagnie low-cost. Vivant au jour le jour, elle enchai\u0302ne les vols et les fe\u0302tes sans lendemain, fide\u0300le a\u0300 son pseudo Tinder \u00abCarpe Diem\u00bb. Une existence sans attaches, en forme de fuite en avant, qui la comble en apparence. Alors que la pression de sa compagnie redouble, Cassandre finit par perdre pied. Saura-t-elle affronter les douleurs enfouies et revenir vers ceux qu&#039;elle a laiss\u00e9s au sol ?\" \/>\n<meta property=\"og:url\" content=\"https:\/\/www.ifi-id.com\/fsp23-film-zero-fucks-given\/\" \/>\n<meta property=\"og:site_name\" content=\"Institut fran\u00e7ais Indon\u00e9sie\" \/>\n<meta property=\"article:modified_time\" content=\"2023-11-10T11:31:58+00:00\" \/>\n<meta property=\"og:image\" content=\"https:\/\/www.ifi-id.com\/wp-content\/uploads\/2023\/11\/2062410-e1699613432747.webp\" \/>\n\t<meta property=\"og:image:width\" content=\"1600\" \/>\n\t<meta property=\"og:image:height\" content=\"1000\" \/>\n\t<meta property=\"og:image:type\" content=\"image\/webp\" \/>\n<meta name=\"twitter:card\" content=\"summary_large_image\" \/>\n<meta name=\"twitter:label1\" content=\"Dur\u00e9e de lecture estim\u00e9e\" \/>\n\t<meta name=\"twitter:data1\" content=\"1 minute\" \/>\n<script type=\"application\/ld+json\" class=\"yoast-schema-graph\">{\"@context\":\"https:\/\/schema.org\",\"@graph\":[{\"@type\":\"WebPage\",\"@id\":\"https:\/\/www.ifi-id.com\/fsp23-film-zero-fucks-given\/\",\"url\":\"https:\/\/www.ifi-id.com\/fsp23-film-zero-fucks-given\/\",\"name\":\"Rien \u00e0 foutre \u2013 Festival Sinema Prancis 2023 - Institut fran\u00e7ais Indon\u00e9sie\",\"isPartOf\":{\"@id\":\"https:\/\/www.ifi-id.com\/#website\"},\"primaryImageOfPage\":{\"@id\":\"https:\/\/www.ifi-id.com\/fsp23-film-zero-fucks-given\/#primaryimage\"},\"image\":{\"@id\":\"https:\/\/www.ifi-id.com\/fsp23-film-zero-fucks-given\/#primaryimage\"},\"thumbnailUrl\":\"https:\/\/www.ifi-id.com\/wp-content\/uploads\/2023\/11\/2062410-e1699613432747.webp\",\"datePublished\":\"2023-11-10T11:31:57+00:00\",\"dateModified\":\"2023-11-10T11:31:58+00:00\",\"description\":\"Cassandre, 26 ans, est ho\u0302tesse de l\u2019air dans une compagnie low-cost. Vivant au jour le jour, elle enchai\u0302ne les vols et les fe\u0302tes sans lendemain, fide\u0300le a\u0300 son pseudo Tinder \u00abCarpe Diem\u00bb. Une existence sans attaches, en forme de fuite en avant, qui la comble en apparence. Alors que la pression de sa compagnie redouble, Cassandre finit par perdre pied. Saura-t-elle affronter les douleurs enfouies et revenir vers ceux qu'elle a laiss\u00e9s au sol ?\",\"breadcrumb\":{\"@id\":\"https:\/\/www.ifi-id.com\/fsp23-film-zero-fucks-given\/#breadcrumb\"},\"inLanguage\":\"fr-FR\",\"potentialAction\":[{\"@type\":\"ReadAction\",\"target\":[\"https:\/\/www.ifi-id.com\/fsp23-film-zero-fucks-given\/\"]}]},{\"@type\":\"ImageObject\",\"inLanguage\":\"fr-FR\",\"@id\":\"https:\/\/www.ifi-id.com\/fsp23-film-zero-fucks-given\/#primaryimage\",\"url\":\"https:\/\/www.ifi-id.com\/wp-content\/uploads\/2023\/11\/2062410-e1699613432747.webp\",\"contentUrl\":\"https:\/\/www.ifi-id.com\/wp-content\/uploads\/2023\/11\/2062410-e1699613432747.webp\",\"width\":1600,\"height\":1000},{\"@type\":\"BreadcrumbList\",\"@id\":\"https:\/\/www.ifi-id.com\/fsp23-film-zero-fucks-given\/#breadcrumb\",\"itemListElement\":[{\"@type\":\"ListItem\",\"position\":1,\"name\":\"Home\",\"item\":\"https:\/\/www.ifi-id.com\/\"},{\"@type\":\"ListItem\",\"position\":2,\"name\":\"Rien \u00e0 foutre \u2013 Festival Sinema Prancis 2023\"}]},{\"@type\":\"WebSite\",\"@id\":\"https:\/\/www.ifi-id.com\/#website\",\"url\":\"https:\/\/www.ifi-id.com\/\",\"name\":\"Institut fran\u00e7ais Indon\u00e9sie\",\"description\":\"\",\"publisher\":{\"@id\":\"https:\/\/www.ifi-id.com\/#organization\"},\"potentialAction\":[{\"@type\":\"SearchAction\",\"target\":{\"@type\":\"EntryPoint\",\"urlTemplate\":\"https:\/\/www.ifi-id.com\/?s={search_term_string}\"},\"query-input\":{\"@type\":\"PropertyValueSpecification\",\"valueRequired\":true,\"valueName\":\"search_term_string\"}}],\"inLanguage\":\"fr-FR\"},{\"@type\":\"Organization\",\"@id\":\"https:\/\/www.ifi-id.com\/#organization\",\"name\":\"Institut fran\u00e7ais Indon\u00e9sie\",\"url\":\"https:\/\/www.ifi-id.com\/\",\"logo\":{\"@type\":\"ImageObject\",\"inLanguage\":\"fr-FR\",\"@id\":\"https:\/\/www.ifi-id.com\/#\/schema\/logo\/image\/\",\"url\":\"https:\/\/www.ifi-id.com\/wp-content\/uploads\/2022\/12\/IFI_New_Logo.jpg\",\"contentUrl\":\"https:\/\/www.ifi-id.com\/wp-content\/uploads\/2022\/12\/IFI_New_Logo.jpg\",\"width\":666,\"height\":444,\"caption\":\"Institut fran\u00e7ais Indon\u00e9sie\"},\"image\":{\"@id\":\"https:\/\/www.ifi-id.com\/#\/schema\/logo\/image\/\"}}]}<\/script>\n<!-- \/ Yoast SEO plugin. -->","yoast_head_json":{"title":"Rien \u00e0 foutre \u2013 Festival Sinema Prancis 2023 - Institut fran\u00e7ais Indon\u00e9sie","description":"Cassandre, 26 ans, est ho\u0302tesse de l\u2019air dans une compagnie low-cost. Vivant au jour le jour, elle enchai\u0302ne les vols et les fe\u0302tes sans lendemain, fide\u0300le a\u0300 son pseudo Tinder \u00abCarpe Diem\u00bb. Une existence sans attaches, en forme de fuite en avant, qui la comble en apparence. Alors que la pression de sa compagnie redouble, Cassandre finit par perdre pied. Saura-t-elle affronter les douleurs enfouies et revenir vers ceux qu'elle a laiss\u00e9s au sol ?","robots":{"index":"index","follow":"follow","max-snippet":"max-snippet:-1","max-image-preview":"max-image-preview:large","max-video-preview":"max-video-preview:-1"},"canonical":"https:\/\/www.ifi-id.com\/fsp23-film-zero-fucks-given\/","og_locale":"fr_FR","og_type":"article","og_title":"Rien \u00e0 foutre \u2013 Festival Sinema Prancis 2023 - Institut fran\u00e7ais Indon\u00e9sie","og_description":"Cassandre, 26 ans, est ho\u0302tesse de l\u2019air dans une compagnie low-cost. Vivant au jour le jour, elle enchai\u0302ne les vols et les fe\u0302tes sans lendemain, fide\u0300le a\u0300 son pseudo Tinder \u00abCarpe Diem\u00bb. Une existence sans attaches, en forme de fuite en avant, qui la comble en apparence. Alors que la pression de sa compagnie redouble, Cassandre finit par perdre pied. Saura-t-elle affronter les douleurs enfouies et revenir vers ceux qu'elle a laiss\u00e9s au sol ?","og_url":"https:\/\/www.ifi-id.com\/fsp23-film-zero-fucks-given\/","og_site_name":"Institut fran\u00e7ais Indon\u00e9sie","article_modified_time":"2023-11-10T11:31:58+00:00","og_image":[{"width":1600,"height":1000,"url":"https:\/\/www.ifi-id.com\/wp-content\/uploads\/2023\/11\/2062410-e1699613432747.webp","type":"image\/webp"}],"twitter_card":"summary_large_image","twitter_misc":{"Dur\u00e9e de lecture estim\u00e9e":"1 minute"},"schema":{"@context":"https:\/\/schema.org","@graph":[{"@type":"WebPage","@id":"https:\/\/www.ifi-id.com\/fsp23-film-zero-fucks-given\/","url":"https:\/\/www.ifi-id.com\/fsp23-film-zero-fucks-given\/","name":"Rien \u00e0 foutre \u2013 Festival Sinema Prancis 2023 - Institut fran\u00e7ais Indon\u00e9sie","isPartOf":{"@id":"https:\/\/www.ifi-id.com\/#website"},"primaryImageOfPage":{"@id":"https:\/\/www.ifi-id.com\/fsp23-film-zero-fucks-given\/#primaryimage"},"image":{"@id":"https:\/\/www.ifi-id.com\/fsp23-film-zero-fucks-given\/#primaryimage"},"thumbnailUrl":"https:\/\/www.ifi-id.com\/wp-content\/uploads\/2023\/11\/2062410-e1699613432747.webp","datePublished":"2023-11-10T11:31:57+00:00","dateModified":"2023-11-10T11:31:58+00:00","description":"Cassandre, 26 ans, est ho\u0302tesse de l\u2019air dans une compagnie low-cost. Vivant au jour le jour, elle enchai\u0302ne les vols et les fe\u0302tes sans lendemain, fide\u0300le a\u0300 son pseudo Tinder \u00abCarpe Diem\u00bb. Une existence sans attaches, en forme de fuite en avant, qui la comble en apparence. Alors que la pression de sa compagnie redouble, Cassandre finit par perdre pied. Saura-t-elle affronter les douleurs enfouies et revenir vers ceux qu'elle a laiss\u00e9s au sol ?","breadcrumb":{"@id":"https:\/\/www.ifi-id.com\/fsp23-film-zero-fucks-given\/#breadcrumb"},"inLanguage":"fr-FR","potentialAction":[{"@type":"ReadAction","target":["https:\/\/www.ifi-id.com\/fsp23-film-zero-fucks-given\/"]}]},{"@type":"ImageObject","inLanguage":"fr-FR","@id":"https:\/\/www.ifi-id.com\/fsp23-film-zero-fucks-given\/#primaryimage","url":"https:\/\/www.ifi-id.com\/wp-content\/uploads\/2023\/11\/2062410-e1699613432747.webp","contentUrl":"https:\/\/www.ifi-id.com\/wp-content\/uploads\/2023\/11\/2062410-e1699613432747.webp","width":1600,"height":1000},{"@type":"BreadcrumbList","@id":"https:\/\/www.ifi-id.com\/fsp23-film-zero-fucks-given\/#breadcrumb","itemListElement":[{"@type":"ListItem","position":1,"name":"Home","item":"https:\/\/www.ifi-id.com\/"},{"@type":"ListItem","position":2,"name":"Rien \u00e0 foutre \u2013 Festival Sinema Prancis 2023"}]},{"@type":"WebSite","@id":"https:\/\/www.ifi-id.com\/#website","url":"https:\/\/www.ifi-id.com\/","name":"Institut fran\u00e7ais Indon\u00e9sie","description":"","publisher":{"@id":"https:\/\/www.ifi-id.com\/#organization"},"potentialAction":[{"@type":"SearchAction","target":{"@type":"EntryPoint","urlTemplate":"https:\/\/www.ifi-id.com\/?s={search_term_string}"},"query-input":{"@type":"PropertyValueSpecification","valueRequired":true,"valueName":"search_term_string"}}],"inLanguage":"fr-FR"},{"@type":"Organization","@id":"https:\/\/www.ifi-id.com\/#organization","name":"Institut fran\u00e7ais Indon\u00e9sie","url":"https:\/\/www.ifi-id.com\/","logo":{"@type":"ImageObject","inLanguage":"fr-FR","@id":"https:\/\/www.ifi-id.com\/#\/schema\/logo\/image\/","url":"https:\/\/www.ifi-id.com\/wp-content\/uploads\/2022\/12\/IFI_New_Logo.jpg","contentUrl":"https:\/\/www.ifi-id.com\/wp-content\/uploads\/2022\/12\/IFI_New_Logo.jpg","width":666,"height":444,"caption":"Institut fran\u00e7ais Indon\u00e9sie"},"image":{"@id":"https:\/\/www.ifi-id.com\/#\/schema\/logo\/image\/"}}]}},"post_mailing_queue_ids":[],"_links":{"self":[{"href":"https:\/\/www.ifi-id.com\/fr\/wp-json\/wp\/v2\/pages\/39697"}],"collection":[{"href":"https:\/\/www.ifi-id.com\/fr\/wp-json\/wp\/v2\/pages"}],"about":[{"href":"https:\/\/www.ifi-id.com\/fr\/wp-json\/wp\/v2\/types\/page"}],"author":[{"embeddable":true,"href":"https:\/\/www.ifi-id.com\/fr\/wp-json\/wp\/v2\/users\/8"}],"replies":[{"embeddable":true,"href":"https:\/\/www.ifi-id.com\/fr\/wp-json\/wp\/v2\/comments?post=39697"}],"version-history":[{"count":1,"href":"https:\/\/www.ifi-id.com\/fr\/wp-json\/wp\/v2\/pages\/39697\/revisions"}],"predecessor-version":[{"id":39699,"href":"https:\/\/www.ifi-id.com\/fr\/wp-json\/wp\/v2\/pages\/39697\/revisions\/39699"}],"up":[{"embeddable":true,"href":"https:\/\/www.ifi-id.com\/fr\/wp-json\/wp\/v2\/pages\/39892"}],"wp:featuredmedia":[{"embeddable":true,"href":"https:\/\/www.ifi-id.com\/fr\/wp-json\/wp\/v2\/media\/39632"}],"wp:attachment":[{"href":"https:\/\/www.ifi-id.com\/fr\/wp-json\/wp\/v2\/media?parent=39697"}],"curies":[{"name":"wp","href":"https:\/\/api.w.org\/{rel}","templated":true}]}}