{"id":39392,"date":"2023-11-08T18:13:42","date_gmt":"2023-11-08T11:13:42","guid":{"rendered":"https:\/\/www.ifi-id.com\/fsp23-film-en-corps\/"},"modified":"2023-11-22T20:05:43","modified_gmt":"2023-11-22T13:05:43","slug":"fsp23-film-en-corps","status":"publish","type":"page","link":"https:\/\/www.ifi-id.com\/fr\/festival-sinema-prancis-2023-film-hors-ligne\/fsp23-film-en-corps\/","title":{"rendered":"En corps \u2013 Festival Sinema Prancis 2023"},"content":{"rendered":"\t\t<div data-elementor-type=\"wp-page\" data-elementor-id=\"39392\" class=\"elementor elementor-39392 elementor-39381\" data-elementor-post-type=\"page\">\n\t\t\t\t\t\t<section class=\"elementor-section elementor-top-section elementor-element elementor-element-1d517cda elementor-section-boxed elementor-section-height-default elementor-section-height-default\" data-id=\"1d517cda\" data-element_type=\"section\">\n\t\t\t\t\t\t<div class=\"elementor-container elementor-column-gap-default\">\n\t\t\t\t\t<div class=\"elementor-column elementor-col-100 elementor-top-column elementor-element elementor-element-56093770\" data-id=\"56093770\" data-element_type=\"column\">\n\t\t\t<div class=\"elementor-widget-wrap elementor-element-populated\">\n\t\t\t\t\t\t<div class=\"elementor-element elementor-element-5ea6a1b3 elementor-hidden-phone elementor-widget elementor-widget-heading\" data-id=\"5ea6a1b3\" data-element_type=\"widget\" data-widget_type=\"heading.default\">\n\t\t\t\t<div class=\"elementor-widget-container\">\n\t\t\t<h2 class=\"elementor-heading-title elementor-size-default\">En corps<\/h2>\t\t<\/div>\n\t\t\t\t<\/div>\n\t\t\t\t\t<\/div>\n\t\t<\/div>\n\t\t\t\t\t<\/div>\n\t\t<\/section>\n\t\t\t\t<section class=\"elementor-section elementor-top-section elementor-element elementor-element-2f54575f elementor-section-boxed elementor-section-height-default elementor-section-height-default\" data-id=\"2f54575f\" data-element_type=\"section\">\n\t\t\t\t\t\t<div class=\"elementor-container elementor-column-gap-default\">\n\t\t\t\t\t<div class=\"elementor-column elementor-col-100 elementor-top-column elementor-element elementor-element-3843a683\" data-id=\"3843a683\" data-element_type=\"column\">\n\t\t\t<div class=\"elementor-widget-wrap elementor-element-populated\">\n\t\t\t\t\t\t<div class=\"elementor-element elementor-element-3973b9b4 elementor-hidden-desktop elementor-hidden-tablet elementor-widget elementor-widget-heading\" data-id=\"3973b9b4\" data-element_type=\"widget\" data-widget_type=\"heading.default\">\n\t\t\t\t<div class=\"elementor-widget-container\">\n\t\t\t<h1 class=\"elementor-heading-title elementor-size-default\">En corps<\/h1>\t\t<\/div>\n\t\t\t\t<\/div>\n\t\t\t\t\t<\/div>\n\t\t<\/div>\n\t\t\t\t\t<\/div>\n\t\t<\/section>\n\t\t\t\t<section class=\"elementor-section elementor-top-section elementor-element elementor-element-3ef0b7ab elementor-section-boxed elementor-section-height-default elementor-section-height-default\" data-id=\"3ef0b7ab\" data-element_type=\"section\" data-settings=\"{&quot;background_background&quot;:&quot;classic&quot;}\">\n\t\t\t\t\t\t<div class=\"elementor-container elementor-column-gap-default\">\n\t\t\t\t\t<div class=\"elementor-column elementor-col-100 elementor-top-column elementor-element elementor-element-7ef7efe0\" data-id=\"7ef7efe0\" data-element_type=\"column\">\n\t\t\t<div class=\"elementor-widget-wrap elementor-element-populated\">\n\t\t\t\t\t\t<div class=\"elementor-element elementor-element-d93aa56 elementor-arrows-position-inside elementor-pagination-position-outside elementor-widget elementor-widget-image-carousel\" data-id=\"d93aa56\" data-element_type=\"widget\" data-settings=\"{&quot;slides_to_show&quot;:&quot;1&quot;,&quot;autoplay_speed&quot;:3000,&quot;navigation&quot;:&quot;both&quot;,&quot;autoplay&quot;:&quot;yes&quot;,&quot;pause_on_hover&quot;:&quot;yes&quot;,&quot;pause_on_interaction&quot;:&quot;yes&quot;,&quot;infinite&quot;:&quot;yes&quot;,&quot;effect&quot;:&quot;slide&quot;,&quot;speed&quot;:500}\" data-widget_type=\"image-carousel.default\">\n\t\t\t\t<div class=\"elementor-widget-container\">\n\t\t\t\t\t<div class=\"elementor-image-carousel-wrapper swiper\" dir=\"ltr\">\n\t\t\t<div class=\"elementor-image-carousel swiper-wrapper swiper-image-stretch\" aria-live=\"off\">\n\t\t\t\t\t\t\t\t<div class=\"swiper-slide\" role=\"group\" aria-roledescription=\"slide\" aria-label=\"1 sur 3\"><figure class=\"swiper-slide-inner\"><img decoding=\"async\" class=\"swiper-slide-image\" src=\"https:\/\/www.ifi-id.com\/wp-content\/uploads\/2023\/11\/En-corps-Stills-Press-Photos-1226x818-En-Corps-14-Emmanuelle-Jacobson-Roques-CQMM-jpg-e1699440877577.jpg\" alt=\"En-corps-Stills---Press-Photos-1226x818-En-Corps-14---Emmanuelle-Jacobson-Roques---CQMM-jpg\" \/><\/figure><\/div><div class=\"swiper-slide\" role=\"group\" aria-roledescription=\"slide\" aria-label=\"2 sur 3\"><figure class=\"swiper-slide-inner\"><img decoding=\"async\" class=\"swiper-slide-image\" src=\"https:\/\/www.ifi-id.com\/wp-content\/uploads\/2023\/11\/En-corps-Stills-Press-Photos-1839x1226-En-Corps-12-Emmanuelle-Jacobson-Roques-CQMM-jpg-e1699440899211.jpg\" alt=\"En-corps-Stills---Press-Photos-1839x1226-En-Corps-12---Emmanuelle-Jacobson-Roques---CQMM-jpg\" \/><\/figure><\/div><div class=\"swiper-slide\" role=\"group\" aria-roledescription=\"slide\" aria-label=\"3 sur 3\"><figure class=\"swiper-slide-inner\"><img decoding=\"async\" class=\"swiper-slide-image\" src=\"https:\/\/www.ifi-id.com\/wp-content\/uploads\/2023\/11\/En-corps-Stills-Press-Photos-1327x888-En-Corps-17-Emmanuelle-Jacobson-Roques-CQMM-jpg-e1699440922669.jpg\" alt=\"En-corps-Stills---Press-Photos-1327x888-En-Corps-17---Emmanuelle-Jacobson-Roques---CQMM-jpg\" \/><\/figure><\/div>\t\t\t<\/div>\n\t\t\t\t\t\t\t\t\t\t\t\t<div class=\"elementor-swiper-button elementor-swiper-button-prev\" role=\"button\" tabindex=\"0\">\n\t\t\t\t\t\t<i aria-hidden=\"true\" class=\"eicon-chevron-left\"><\/i>\t\t\t\t\t<\/div>\n\t\t\t\t\t<div class=\"elementor-swiper-button elementor-swiper-button-next\" role=\"button\" tabindex=\"0\">\n\t\t\t\t\t\t<i aria-hidden=\"true\" class=\"eicon-chevron-right\"><\/i>\t\t\t\t\t<\/div>\n\t\t\t\t\n\t\t\t\t\t\t\t\t\t<div class=\"swiper-pagination\"><\/div>\n\t\t\t\t\t\t\t\t\t<\/div>\n\t\t\t\t<\/div>\n\t\t\t\t<\/div>\n\t\t\t\t\t<\/div>\n\t\t<\/div>\n\t\t\t\t\t<\/div>\n\t\t<\/section>\n\t\t\t\t<section class=\"elementor-section elementor-top-section elementor-element elementor-element-10ac06fa elementor-section-boxed elementor-section-height-default elementor-section-height-default\" data-id=\"10ac06fa\" data-element_type=\"section\">\n\t\t\t\t\t\t<div class=\"elementor-container elementor-column-gap-default\">\n\t\t\t\t\t<div class=\"elementor-column elementor-col-100 elementor-top-column elementor-element elementor-element-1bed1ee4\" data-id=\"1bed1ee4\" data-element_type=\"column\">\n\t\t\t<div class=\"elementor-widget-wrap elementor-element-populated\">\n\t\t\t\t\t\t<div class=\"elementor-element elementor-element-a68b73 elementor-widget elementor-widget-text-editor\" data-id=\"a68b73\" data-element_type=\"widget\" data-widget_type=\"text-editor.default\">\n\t\t\t\t<div class=\"elementor-widget-container\">\n\t\t\t\t\t\t\t<h4>C\u00e9dric Klapisch | 2022\u00a0 | 117\u2019 | Com\u00e9die, Drame | Fran\u00e7ais avex sous-titres indon\u00e9sien<br \/>\nMarion Barbeau, Hofesh Shechter, Denis Podalyd\u00e8s, Pio Marma\u00ef, Fran\u00e7ois Civil, Mehdi Baki<\/h4>\n<p><span style=\"font-weight: bold; color: var( --e-global-color-secondary ); font-family: Marianne, Arial; font-size: 1.125rem;\"><span style=\"font-family: 'Libre Franklin', 'Helvetica Neue', helvetica, arial, sans-serif; font-size: 1rem; font-weight: 400;\">Elise, une danseuse classique tr\u00e8s prometteuse, se blesse lors d&rsquo;une repr\u00e9sentation \u00e0 l&rsquo;\u00e2ge de 26 ans. Bien qu&rsquo;on lui dise qu&rsquo;elle ne pourra plus danser, elle essayera de trouver une nouvelle voie dans la danse contemporaine.<\/span><br \/>\n<\/span><\/p>\n<p><strong>R\u00e9compenses<br \/>\n<\/strong><span style=\"font-weight: 400;\">2022 Winner American Students Award, Feature Film, COLCOA French Film Festival<br \/>\n<\/span><span style=\"color: var( --e-global-color-text ); font-size: 1rem;\">2022 Winner Audience Award, Best Feature Film, Rendez-Vous with French Cinema<\/span><\/p>\n<p><strong>Programme<\/strong><br \/>\n<b>samedi, 18 novembre 2023<\/b><br \/>\nMedan | AF Medan | 18h 30<\/p>\n<p><b>lundi, 20 novembre 2023<\/b><br \/>\nSurabaya | IFI Surabaya | 19h<\/p>\n<p><b>mercredi, 22 novembre 2023<\/b><br \/>\nJakarta | Komunitas Salihara | 19h<\/p>\n<p><b>vendredi, 24 novembre 2023<\/b><br \/>\nYogyakarta | IFI Yogyakarta | 19h<\/p>\n\t\t\t\t\t\t<\/div>\n\t\t\t\t<\/div>\n\t\t\t\t\t<\/div>\n\t\t<\/div>\n\t\t\t\t\t<\/div>\n\t\t<\/section>\n\t\t\t\t<section class=\"elementor-section elementor-top-section elementor-element elementor-element-593a3a7d elementor-section-boxed elementor-section-height-default elementor-section-height-default\" data-id=\"593a3a7d\" data-element_type=\"section\">\n\t\t\t\t\t\t<div class=\"elementor-container elementor-column-gap-default\">\n\t\t\t\t\t<div class=\"elementor-column elementor-col-100 elementor-top-column elementor-element elementor-element-6b302a77\" data-id=\"6b302a77\" data-element_type=\"column\">\n\t\t\t<div class=\"elementor-widget-wrap elementor-element-populated\">\n\t\t\t\t\t\t<div class=\"elementor-element elementor-element-3df50c18 elementor-widget elementor-widget-video\" data-id=\"3df50c18\" data-element_type=\"widget\" data-settings=\"{&quot;youtube_url&quot;:&quot;https:\\\/\\\/www.youtube.com\\\/watch?v=O8AhetJSXBU&quot;,&quot;video_type&quot;:&quot;youtube&quot;,&quot;controls&quot;:&quot;yes&quot;}\" data-widget_type=\"video.default\">\n\t\t\t\t<div class=\"elementor-widget-container\">\n\t\t\t\t\t<div class=\"elementor-wrapper elementor-open-inline\">\n\t\t\t<div class=\"elementor-video\"><\/div>\t\t<\/div>\n\t\t\t\t<\/div>\n\t\t\t\t<\/div>\n\t\t\t\t\t<\/div>\n\t\t<\/div>\n\t\t\t\t\t<\/div>\n\t\t<\/section>\n\t\t\t\t<section class=\"elementor-section elementor-top-section elementor-element elementor-element-1215286f elementor-section-boxed elementor-section-height-default elementor-section-height-default\" data-id=\"1215286f\" data-element_type=\"section\">\n\t\t\t\t\t\t<div class=\"elementor-container elementor-column-gap-default\">\n\t\t\t\t\t<div class=\"elementor-column elementor-col-100 elementor-top-column elementor-element elementor-element-2528d992\" data-id=\"2528d992\" data-element_type=\"column\">\n\t\t\t<div class=\"elementor-widget-wrap elementor-element-populated\">\n\t\t\t\t\t\t<div class=\"elementor-element elementor-element-6689a6a8 elementor-align-center elementor-widget elementor-widget-button\" data-id=\"6689a6a8\" data-element_type=\"widget\" data-widget_type=\"button.default\">\n\t\t\t\t<div class=\"elementor-widget-container\">\n\t\t\t\t\t<div class=\"elementor-button-wrapper\">\n\t\t\t<a class=\"elementor-button elementor-button-link elementor-size-sm\" href=\"https:\/\/www.ifi-id.com\/fr\/festival-sinema-prancis-2023-film\/\">\n\t\t\t\t\t\t<span class=\"elementor-button-content-wrapper\">\n\t\t\t\t\t\t<span class=\"elementor-button-icon\">\n\t\t\t\t<i aria-hidden=\"true\" class=\"fas fa-backward\"><\/i>\t\t\t<\/span>\n\t\t\t\t\t\t\t\t\t<span class=\"elementor-button-text\">Retour \u00e0 la liste des films<\/span>\n\t\t\t\t\t<\/span>\n\t\t\t\t\t<\/a>\n\t\t<\/div>\n\t\t\t\t<\/div>\n\t\t\t\t<\/div>\n\t\t\t\t\t<\/div>\n\t\t<\/div>\n\t\t\t\t\t<\/div>\n\t\t<\/section>\n\t\t\t\t<\/div>\n\t\t","protected":false},"excerpt":{"rendered":"<p>En corps En corps Previous Next C\u00e9dric Klapisch | 2022\u00a0 | 117\u2019 | Com\u00e9die, Drame | Fran\u00e7ais avex sous-titres indon\u00e9sien Marion Barbeau, Hofesh Shechter, Denis Podalyd\u00e8s, Pio Marma\u00ef, Fran\u00e7ois Civil, Mehdi Baki Elise, une danseuse classique tr\u00e8s prometteuse, se blesse lors d&rsquo;une repr\u00e9sentation \u00e0 l&rsquo;\u00e2ge de 26 ans. Bien qu&rsquo;on lui dise qu&rsquo;elle ne pourra &hellip; <\/p>\n<p class=\"link-more\"><a href=\"https:\/\/www.ifi-id.com\/fr\/festival-sinema-prancis-2023-film-hors-ligne\/fsp23-film-en-corps\/\" class=\"more-link\">Continuer la lecture<span class=\"screen-reader-text\"> de &laquo;&nbsp;En corps \u2013 Festival Sinema Prancis 2023&nbsp;&raquo;<\/span><\/a><\/p>\n","protected":false},"author":8,"featured_media":39383,"parent":39892,"menu_order":0,"comment_status":"closed","ping_status":"closed","template":"elementor_header_footer","meta":{"footnotes":""},"class_list":["post-39392","page","type-page","status-publish","has-post-thumbnail","hentry"],"yoast_head":"<!-- This site is optimized with the Yoast SEO plugin v23.5 - https:\/\/yoast.com\/wordpress\/plugins\/seo\/ -->\n<title>En corps \u2013 Festival Sinema Prancis 2023 - Institut fran\u00e7ais Indon\u00e9sie<\/title>\n<meta name=\"description\" content=\"Elise, une danseuse classique tr\u00e8s prometteuse, se blesse lors d&#039;une repr\u00e9sentation \u00e0 l&#039;\u00e2ge de 26 ans. Bien qu&#039;on lui dise qu&#039;elle ne pourra plus danser, elle essayera de trouver une nouvelle voie dans la danse contemporaine.\" \/>\n<meta name=\"robots\" content=\"index, follow, max-snippet:-1, max-image-preview:large, max-video-preview:-1\" \/>\n<link rel=\"canonical\" href=\"https:\/\/www.ifi-id.com\/festival-sinema-prancis-2023-luring\/rise\/\" \/>\n<meta property=\"og:locale\" content=\"fr_FR\" \/>\n<meta property=\"og:type\" content=\"article\" \/>\n<meta property=\"og:title\" content=\"En corps \u2013 Festival Sinema Prancis 2023 - Institut fran\u00e7ais Indon\u00e9sie\" \/>\n<meta property=\"og:description\" content=\"Elise, une danseuse classique tr\u00e8s prometteuse, se blesse lors d&#039;une repr\u00e9sentation \u00e0 l&#039;\u00e2ge de 26 ans. Bien qu&#039;on lui dise qu&#039;elle ne pourra plus danser, elle essayera de trouver une nouvelle voie dans la danse contemporaine.\" \/>\n<meta property=\"og:url\" content=\"https:\/\/www.ifi-id.com\/festival-sinema-prancis-2023-luring\/rise\/\" \/>\n<meta property=\"og:site_name\" content=\"Institut fran\u00e7ais Indon\u00e9sie\" \/>\n<meta property=\"article:modified_time\" content=\"2023-11-22T13:05:43+00:00\" \/>\n<meta property=\"og:image\" content=\"https:\/\/www.ifi-id.com\/wp-content\/uploads\/2023\/11\/En-corps-Stills-Press-Photos-1226x818-En-Corps-14-Emmanuelle-Jacobson-Roques-CQMM-jpg-e1699440877577.jpg\" \/>\n\t<meta property=\"og:image:width\" content=\"1226\" \/>\n\t<meta property=\"og:image:height\" content=\"818\" \/>\n\t<meta property=\"og:image:type\" content=\"image\/jpeg\" \/>\n<meta name=\"twitter:card\" content=\"summary_large_image\" \/>\n<meta name=\"twitter:label1\" content=\"Dur\u00e9e de lecture estim\u00e9e\" \/>\n\t<meta name=\"twitter:data1\" content=\"1 minute\" \/>\n<script type=\"application\/ld+json\" class=\"yoast-schema-graph\">{\"@context\":\"https:\/\/schema.org\",\"@graph\":[{\"@type\":\"WebPage\",\"@id\":\"https:\/\/www.ifi-id.com\/festival-sinema-prancis-2023-luring\/rise\/\",\"url\":\"https:\/\/www.ifi-id.com\/festival-sinema-prancis-2023-luring\/rise\/\",\"name\":\"En corps \u2013 Festival Sinema Prancis 2023 - Institut fran\u00e7ais Indon\u00e9sie\",\"isPartOf\":{\"@id\":\"https:\/\/www.ifi-id.com\/#website\"},\"primaryImageOfPage\":{\"@id\":\"https:\/\/www.ifi-id.com\/festival-sinema-prancis-2023-luring\/rise\/#primaryimage\"},\"image\":{\"@id\":\"https:\/\/www.ifi-id.com\/festival-sinema-prancis-2023-luring\/rise\/#primaryimage\"},\"thumbnailUrl\":\"https:\/\/www.ifi-id.com\/wp-content\/uploads\/2023\/11\/En-corps-Stills-Press-Photos-1226x818-En-Corps-14-Emmanuelle-Jacobson-Roques-CQMM-jpg-e1699440877577.jpg\",\"datePublished\":\"2023-11-08T11:13:42+00:00\",\"dateModified\":\"2023-11-22T13:05:43+00:00\",\"description\":\"Elise, une danseuse classique tr\u00e8s prometteuse, se blesse lors d'une repr\u00e9sentation \u00e0 l'\u00e2ge de 26 ans. Bien qu'on lui dise qu'elle ne pourra plus danser, elle essayera de trouver une nouvelle voie dans la danse contemporaine.\",\"breadcrumb\":{\"@id\":\"https:\/\/www.ifi-id.com\/festival-sinema-prancis-2023-luring\/rise\/#breadcrumb\"},\"inLanguage\":\"fr-FR\",\"potentialAction\":[{\"@type\":\"ReadAction\",\"target\":[\"https:\/\/www.ifi-id.com\/festival-sinema-prancis-2023-luring\/rise\/\"]}]},{\"@type\":\"ImageObject\",\"inLanguage\":\"fr-FR\",\"@id\":\"https:\/\/www.ifi-id.com\/festival-sinema-prancis-2023-luring\/rise\/#primaryimage\",\"url\":\"https:\/\/www.ifi-id.com\/wp-content\/uploads\/2023\/11\/En-corps-Stills-Press-Photos-1226x818-En-Corps-14-Emmanuelle-Jacobson-Roques-CQMM-jpg-e1699440877577.jpg\",\"contentUrl\":\"https:\/\/www.ifi-id.com\/wp-content\/uploads\/2023\/11\/En-corps-Stills-Press-Photos-1226x818-En-Corps-14-Emmanuelle-Jacobson-Roques-CQMM-jpg-e1699440877577.jpg\",\"width\":1226,\"height\":818},{\"@type\":\"BreadcrumbList\",\"@id\":\"https:\/\/www.ifi-id.com\/festival-sinema-prancis-2023-luring\/rise\/#breadcrumb\",\"itemListElement\":[{\"@type\":\"ListItem\",\"position\":1,\"name\":\"Home\",\"item\":\"https:\/\/www.ifi-id.com\/\"},{\"@type\":\"ListItem\",\"position\":2,\"name\":\"Festival Sinema Prancis 2023 &#8211; Film hors ligne\",\"item\":\"https:\/\/www.ifi-id.com\/festival-sinema-prancis-2023-luring\/\"},{\"@type\":\"ListItem\",\"position\":3,\"name\":\"En corps \u2013 Festival Sinema Prancis 2023\"}]},{\"@type\":\"WebSite\",\"@id\":\"https:\/\/www.ifi-id.com\/#website\",\"url\":\"https:\/\/www.ifi-id.com\/\",\"name\":\"Institut fran\u00e7ais Indon\u00e9sie\",\"description\":\"\",\"publisher\":{\"@id\":\"https:\/\/www.ifi-id.com\/#organization\"},\"potentialAction\":[{\"@type\":\"SearchAction\",\"target\":{\"@type\":\"EntryPoint\",\"urlTemplate\":\"https:\/\/www.ifi-id.com\/?s={search_term_string}\"},\"query-input\":{\"@type\":\"PropertyValueSpecification\",\"valueRequired\":true,\"valueName\":\"search_term_string\"}}],\"inLanguage\":\"fr-FR\"},{\"@type\":\"Organization\",\"@id\":\"https:\/\/www.ifi-id.com\/#organization\",\"name\":\"Institut fran\u00e7ais Indon\u00e9sie\",\"url\":\"https:\/\/www.ifi-id.com\/\",\"logo\":{\"@type\":\"ImageObject\",\"inLanguage\":\"fr-FR\",\"@id\":\"https:\/\/www.ifi-id.com\/#\/schema\/logo\/image\/\",\"url\":\"https:\/\/www.ifi-id.com\/wp-content\/uploads\/2022\/12\/IFI_New_Logo.jpg\",\"contentUrl\":\"https:\/\/www.ifi-id.com\/wp-content\/uploads\/2022\/12\/IFI_New_Logo.jpg\",\"width\":666,\"height\":444,\"caption\":\"Institut fran\u00e7ais Indon\u00e9sie\"},\"image\":{\"@id\":\"https:\/\/www.ifi-id.com\/#\/schema\/logo\/image\/\"}}]}<\/script>\n<!-- \/ Yoast SEO plugin. -->","yoast_head_json":{"title":"En corps \u2013 Festival Sinema Prancis 2023 - Institut fran\u00e7ais Indon\u00e9sie","description":"Elise, une danseuse classique tr\u00e8s prometteuse, se blesse lors d'une repr\u00e9sentation \u00e0 l'\u00e2ge de 26 ans. Bien qu'on lui dise qu'elle ne pourra plus danser, elle essayera de trouver une nouvelle voie dans la danse contemporaine.","robots":{"index":"index","follow":"follow","max-snippet":"max-snippet:-1","max-image-preview":"max-image-preview:large","max-video-preview":"max-video-preview:-1"},"canonical":"https:\/\/www.ifi-id.com\/festival-sinema-prancis-2023-luring\/rise\/","og_locale":"fr_FR","og_type":"article","og_title":"En corps \u2013 Festival Sinema Prancis 2023 - Institut fran\u00e7ais Indon\u00e9sie","og_description":"Elise, une danseuse classique tr\u00e8s prometteuse, se blesse lors d'une repr\u00e9sentation \u00e0 l'\u00e2ge de 26 ans. Bien qu'on lui dise qu'elle ne pourra plus danser, elle essayera de trouver une nouvelle voie dans la danse contemporaine.","og_url":"https:\/\/www.ifi-id.com\/festival-sinema-prancis-2023-luring\/rise\/","og_site_name":"Institut fran\u00e7ais Indon\u00e9sie","article_modified_time":"2023-11-22T13:05:43+00:00","og_image":[{"width":1226,"height":818,"url":"https:\/\/www.ifi-id.com\/wp-content\/uploads\/2023\/11\/En-corps-Stills-Press-Photos-1226x818-En-Corps-14-Emmanuelle-Jacobson-Roques-CQMM-jpg-e1699440877577.jpg","type":"image\/jpeg"}],"twitter_card":"summary_large_image","twitter_misc":{"Dur\u00e9e de lecture estim\u00e9e":"1 minute"},"schema":{"@context":"https:\/\/schema.org","@graph":[{"@type":"WebPage","@id":"https:\/\/www.ifi-id.com\/festival-sinema-prancis-2023-luring\/rise\/","url":"https:\/\/www.ifi-id.com\/festival-sinema-prancis-2023-luring\/rise\/","name":"En corps \u2013 Festival Sinema Prancis 2023 - Institut fran\u00e7ais Indon\u00e9sie","isPartOf":{"@id":"https:\/\/www.ifi-id.com\/#website"},"primaryImageOfPage":{"@id":"https:\/\/www.ifi-id.com\/festival-sinema-prancis-2023-luring\/rise\/#primaryimage"},"image":{"@id":"https:\/\/www.ifi-id.com\/festival-sinema-prancis-2023-luring\/rise\/#primaryimage"},"thumbnailUrl":"https:\/\/www.ifi-id.com\/wp-content\/uploads\/2023\/11\/En-corps-Stills-Press-Photos-1226x818-En-Corps-14-Emmanuelle-Jacobson-Roques-CQMM-jpg-e1699440877577.jpg","datePublished":"2023-11-08T11:13:42+00:00","dateModified":"2023-11-22T13:05:43+00:00","description":"Elise, une danseuse classique tr\u00e8s prometteuse, se blesse lors d'une repr\u00e9sentation \u00e0 l'\u00e2ge de 26 ans. Bien qu'on lui dise qu'elle ne pourra plus danser, elle essayera de trouver une nouvelle voie dans la danse contemporaine.","breadcrumb":{"@id":"https:\/\/www.ifi-id.com\/festival-sinema-prancis-2023-luring\/rise\/#breadcrumb"},"inLanguage":"fr-FR","potentialAction":[{"@type":"ReadAction","target":["https:\/\/www.ifi-id.com\/festival-sinema-prancis-2023-luring\/rise\/"]}]},{"@type":"ImageObject","inLanguage":"fr-FR","@id":"https:\/\/www.ifi-id.com\/festival-sinema-prancis-2023-luring\/rise\/#primaryimage","url":"https:\/\/www.ifi-id.com\/wp-content\/uploads\/2023\/11\/En-corps-Stills-Press-Photos-1226x818-En-Corps-14-Emmanuelle-Jacobson-Roques-CQMM-jpg-e1699440877577.jpg","contentUrl":"https:\/\/www.ifi-id.com\/wp-content\/uploads\/2023\/11\/En-corps-Stills-Press-Photos-1226x818-En-Corps-14-Emmanuelle-Jacobson-Roques-CQMM-jpg-e1699440877577.jpg","width":1226,"height":818},{"@type":"BreadcrumbList","@id":"https:\/\/www.ifi-id.com\/festival-sinema-prancis-2023-luring\/rise\/#breadcrumb","itemListElement":[{"@type":"ListItem","position":1,"name":"Home","item":"https:\/\/www.ifi-id.com\/"},{"@type":"ListItem","position":2,"name":"Festival Sinema Prancis 2023 &#8211; Film hors ligne","item":"https:\/\/www.ifi-id.com\/festival-sinema-prancis-2023-luring\/"},{"@type":"ListItem","position":3,"name":"En corps \u2013 Festival Sinema Prancis 2023"}]},{"@type":"WebSite","@id":"https:\/\/www.ifi-id.com\/#website","url":"https:\/\/www.ifi-id.com\/","name":"Institut fran\u00e7ais Indon\u00e9sie","description":"","publisher":{"@id":"https:\/\/www.ifi-id.com\/#organization"},"potentialAction":[{"@type":"SearchAction","target":{"@type":"EntryPoint","urlTemplate":"https:\/\/www.ifi-id.com\/?s={search_term_string}"},"query-input":{"@type":"PropertyValueSpecification","valueRequired":true,"valueName":"search_term_string"}}],"inLanguage":"fr-FR"},{"@type":"Organization","@id":"https:\/\/www.ifi-id.com\/#organization","name":"Institut fran\u00e7ais Indon\u00e9sie","url":"https:\/\/www.ifi-id.com\/","logo":{"@type":"ImageObject","inLanguage":"fr-FR","@id":"https:\/\/www.ifi-id.com\/#\/schema\/logo\/image\/","url":"https:\/\/www.ifi-id.com\/wp-content\/uploads\/2022\/12\/IFI_New_Logo.jpg","contentUrl":"https:\/\/www.ifi-id.com\/wp-content\/uploads\/2022\/12\/IFI_New_Logo.jpg","width":666,"height":444,"caption":"Institut fran\u00e7ais Indon\u00e9sie"},"image":{"@id":"https:\/\/www.ifi-id.com\/#\/schema\/logo\/image\/"}}]}},"post_mailing_queue_ids":[],"_links":{"self":[{"href":"https:\/\/www.ifi-id.com\/fr\/wp-json\/wp\/v2\/pages\/39392"}],"collection":[{"href":"https:\/\/www.ifi-id.com\/fr\/wp-json\/wp\/v2\/pages"}],"about":[{"href":"https:\/\/www.ifi-id.com\/fr\/wp-json\/wp\/v2\/types\/page"}],"author":[{"embeddable":true,"href":"https:\/\/www.ifi-id.com\/fr\/wp-json\/wp\/v2\/users\/8"}],"replies":[{"embeddable":true,"href":"https:\/\/www.ifi-id.com\/fr\/wp-json\/wp\/v2\/comments?post=39392"}],"version-history":[{"count":11,"href":"https:\/\/www.ifi-id.com\/fr\/wp-json\/wp\/v2\/pages\/39392\/revisions"}],"predecessor-version":[{"id":41367,"href":"https:\/\/www.ifi-id.com\/fr\/wp-json\/wp\/v2\/pages\/39392\/revisions\/41367"}],"up":[{"embeddable":true,"href":"https:\/\/www.ifi-id.com\/fr\/wp-json\/wp\/v2\/pages\/39892"}],"wp:featuredmedia":[{"embeddable":true,"href":"https:\/\/www.ifi-id.com\/fr\/wp-json\/wp\/v2\/media\/39383"}],"wp:attachment":[{"href":"https:\/\/www.ifi-id.com\/fr\/wp-json\/wp\/v2\/media?parent=39392"}],"curies":[{"name":"wp","href":"https:\/\/api.w.org\/{rel}","templated":true}]}}