{"id":36667,"date":"2023-07-17T14:29:07","date_gmt":"2023-07-17T07:29:07","guid":{"rendered":"https:\/\/www.ifi-id.com\/ifi-gamers-jakarta-wijaya\/"},"modified":"2023-07-17T14:29:07","modified_gmt":"2023-07-17T07:29:07","slug":"ifi-gamers-jakarta-wijaya","status":"publish","type":"page","link":"https:\/\/www.ifi-id.com\/fr\/ifi-gamers-jakarta-wijaya\/","title":{"rendered":"IFI Gamers Jakarta \u2013 Wijaya"},"content":{"rendered":"<div class=\"em em-view-container\" id=\"em-view-2047829676\" data-view=\"event\">\r\n\t<div class=\"em em-item em-item-single em-event em-event-single em-event-819 \" id=\"em-event-2047829676\" data-view-id=\"2047829676\">\r\n\t\t27 avril 2024<br\/>\r\n\r\n\n<div data-elementor-type=\"wp-page\" data-elementor-id=\"36667\" class=\"elementor elementor-36667 elementor-36658\" data-elementor-post-type=\"page\">\n<section class=\"elementor-section elementor-top-section elementor-element elementor-element-9427ae3 elementor-section-boxed elementor-section-height-default elementor-section-height-default\" data-id=\"9427ae3\" data-element_type=\"section\">\n<div class=\"elementor-container elementor-column-gap-default\">\n<div class=\"elementor-column elementor-col-100 elementor-top-column elementor-element elementor-element-ec2e4ef\" data-id=\"ec2e4ef\" data-element_type=\"column\">\n<div class=\"elementor-widget-wrap elementor-element-populated\">\n<div class=\"elementor-element elementor-element-04408ef elementor-hidden-phone elementor-widget elementor-widget-heading\" data-id=\"04408ef\" data-element_type=\"widget\" data-widget_type=\"heading.default\">\n<div class=\"elementor-widget-container\">\n<h2 class=\"elementor-heading-title elementor-size-default\">IFI Gamers Jakarta \u2013 Wijaya<\/h2>\n<\/p><\/div>\n<\/p><\/div>\n<\/p><\/div>\n<\/p><\/div>\n<\/p><\/div>\n<\/section>\n<section class=\"elementor-section elementor-top-section elementor-element elementor-element-907adf8 elementor-section-boxed elementor-section-height-default elementor-section-height-default\" data-id=\"907adf8\" data-element_type=\"section\">\n<div class=\"elementor-container elementor-column-gap-default\">\n<div class=\"elementor-column elementor-col-100 elementor-top-column elementor-element elementor-element-4c37b31\" data-id=\"4c37b31\" data-element_type=\"column\">\n<div class=\"elementor-widget-wrap elementor-element-populated\">\n<div class=\"elementor-element elementor-element-f07a2a5 elementor-hidden-desktop elementor-hidden-tablet elementor-widget elementor-widget-heading\" data-id=\"f07a2a5\" data-element_type=\"widget\" data-widget_type=\"heading.default\">\n<div class=\"elementor-widget-container\">\n<h2 class=\"elementor-heading-title elementor-size-default\">IFI Gamers Jakarta \u2013 Wijaya<\/h2>\n<\/p><\/div>\n<\/p><\/div>\n<\/p><\/div>\n<\/p><\/div>\n<\/p><\/div>\n<\/section>\n<section class=\"elementor-section elementor-top-section elementor-element elementor-element-289f735 elementor-section-boxed elementor-section-height-default elementor-section-height-default\" data-id=\"289f735\" data-element_type=\"section\">\n<div class=\"elementor-container elementor-column-gap-default\">\n<div class=\"elementor-column elementor-col-100 elementor-top-column elementor-element elementor-element-56f19e1\" data-id=\"56f19e1\" data-element_type=\"column\">\n<div class=\"elementor-widget-wrap elementor-element-populated\">\n<div class=\"elementor-element elementor-element-47c4a27 elementor-grid-4 elementor-grid-tablet-2 elementor-grid-mobile-1 elementor-posts--thumbnail-top elementor-card-shadow-yes elementor-posts__hover-gradient elementor-widget elementor-widget-posts\" data-id=\"47c4a27\" data-element_type=\"widget\" data-settings=\"{&quot;pagination_type&quot;:&quot;numbers_and_prev_next&quot;,&quot;cards_row_gap&quot;:{&quot;unit&quot;:&quot;px&quot;,&quot;size&quot;:17,&quot;sizes&quot;:[]},&quot;cards_columns&quot;:&quot;4&quot;,&quot;cards_columns_tablet&quot;:&quot;2&quot;,&quot;cards_columns_mobile&quot;:&quot;1&quot;,&quot;cards_row_gap_tablet&quot;:{&quot;unit&quot;:&quot;px&quot;,&quot;size&quot;:&quot;&quot;,&quot;sizes&quot;:[]},&quot;cards_row_gap_mobile&quot;:{&quot;unit&quot;:&quot;px&quot;,&quot;size&quot;:&quot;&quot;,&quot;sizes&quot;:[]}}\" data-widget_type=\"posts.cards\">\n<div class=\"elementor-widget-container\">\n<div class=\"elementor-posts-container elementor-posts elementor-posts--skin-cards elementor-grid\">\n<article class=\"elementor-post elementor-grid-item post-45800 event type-event status-publish has-post-thumbnail hentry event-tags-culture event-tags-ifi-gamers-wijaya-fr event-tags-jakarta-fr event-tags-jeu-video\">\n<div class=\"elementor-post__card\">\n\t\t\t\t<a class=\"elementor-post__thumbnail__link\" href=\"https:\/\/www.ifi-id.com\/fr\/events\/ifi-gamers-wijaya-adventure-session\/\" tabindex=\"-1\" ><\/p>\n<div class=\"elementor-post__thumbnail\"><img fetchpriority=\"high\" decoding=\"async\" width=\"2560\" height=\"1439\" src=\"https:\/\/www.ifi-id.com\/wp-content\/uploads\/2024\/07\/wb-ifi-gamers-juli-wijaya@150x-100-scaled.jpg\" class=\"attachment-full size-full wp-image-45799\" alt=\"\" srcset=\"https:\/\/www.ifi-id.com\/wp-content\/uploads\/2024\/07\/wb-ifi-gamers-juli-wijaya@150x-100-scaled.jpg 2560w, https:\/\/www.ifi-id.com\/wp-content\/uploads\/2024\/07\/wb-ifi-gamers-juli-wijaya@150x-100-300x169.jpg 300w, https:\/\/www.ifi-id.com\/wp-content\/uploads\/2024\/07\/wb-ifi-gamers-juli-wijaya@150x-100-1024x576.jpg 1024w, https:\/\/www.ifi-id.com\/wp-content\/uploads\/2024\/07\/wb-ifi-gamers-juli-wijaya@150x-100-768x432.jpg 768w, https:\/\/www.ifi-id.com\/wp-content\/uploads\/2024\/07\/wb-ifi-gamers-juli-wijaya@150x-100-1536x864.jpg 1536w, https:\/\/www.ifi-id.com\/wp-content\/uploads\/2024\/07\/wb-ifi-gamers-juli-wijaya@150x-100-2048x1151.jpg 2048w\" sizes=\"100vw\" \/><\/div>\n<p><\/a><\/p>\n<div class=\"elementor-post__text\">\n<h3 class=\"elementor-post__title\">\n\t\t\t<a href=\"https:\/\/www.ifi-id.com\/fr\/events\/ifi-gamers-wijaya-adventure-session\/\" ><br \/>\n\t\t\t\tIFI Gamers Wijaya \u2013 Adventure Session\t\t\t<\/a><br \/>\n\t\t<\/h3>\n<\/p><\/div>\n<\/p><\/div>\n<\/article>\n<article class=\"elementor-post elementor-grid-item post-45218 event type-event status-publish has-post-thumbnail hentry event-tags-culture event-tags-ifi-gamers-wijaya-fr event-tags-jakarta-fr event-tags-jeu-video\">\n<div class=\"elementor-post__card\">\n\t\t\t\t<a class=\"elementor-post__thumbnail__link\" href=\"https:\/\/www.ifi-id.com\/fr\/events\/ifi-gamers-wijaya-french-indonesian-night\/\" tabindex=\"-1\" ><\/p>\n<div class=\"elementor-post__thumbnail\"><img decoding=\"async\" width=\"2560\" height=\"1439\" src=\"https:\/\/www.ifi-id.com\/wp-content\/uploads\/2024\/06\/wb-ifi-gamers-wijaya-22-juni-scaled.jpg\" class=\"attachment-full size-full wp-image-45217\" alt=\"\" srcset=\"https:\/\/www.ifi-id.com\/wp-content\/uploads\/2024\/06\/wb-ifi-gamers-wijaya-22-juni-scaled.jpg 2560w, https:\/\/www.ifi-id.com\/wp-content\/uploads\/2024\/06\/wb-ifi-gamers-wijaya-22-juni-300x169.jpg 300w, https:\/\/www.ifi-id.com\/wp-content\/uploads\/2024\/06\/wb-ifi-gamers-wijaya-22-juni-1024x576.jpg 1024w, https:\/\/www.ifi-id.com\/wp-content\/uploads\/2024\/06\/wb-ifi-gamers-wijaya-22-juni-768x432.jpg 768w, https:\/\/www.ifi-id.com\/wp-content\/uploads\/2024\/06\/wb-ifi-gamers-wijaya-22-juni-1536x864.jpg 1536w, https:\/\/www.ifi-id.com\/wp-content\/uploads\/2024\/06\/wb-ifi-gamers-wijaya-22-juni-2048x1151.jpg 2048w\" sizes=\"100vw\" \/><\/div>\n<p><\/a><\/p>\n<div class=\"elementor-post__text\">\n<h3 class=\"elementor-post__title\">\n\t\t\t<a href=\"https:\/\/www.ifi-id.com\/fr\/events\/ifi-gamers-wijaya-french-indonesian-night\/\" ><br \/>\n\t\t\t\tIFI Gamers Wijaya \u2013 French-Indonesian Night\t\t\t<\/a><br \/>\n\t\t<\/h3>\n<\/p><\/div>\n<\/p><\/div>\n<\/article>\n<article class=\"elementor-post elementor-grid-item post-44649 event type-event status-publish has-post-thumbnail hentry event-tags-culture event-tags-ifi-gamers-wijaya-fr event-tags-jakarta-fr event-tags-jeu-video\">\n<div class=\"elementor-post__card\">\n\t\t\t\t<a class=\"elementor-post__thumbnail__link\" href=\"https:\/\/www.ifi-id.com\/fr\/events\/ifi-gamers-wijaya-indie-games\/\" tabindex=\"-1\" ><\/p>\n<div class=\"elementor-post__thumbnail\"><img decoding=\"async\" width=\"2560\" height=\"1439\" src=\"https:\/\/www.ifi-id.com\/wp-content\/uploads\/2024\/05\/wb-ifi-gamers-mei-wijaya-scaled.jpg\" class=\"attachment-full size-full wp-image-44648\" alt=\"\" srcset=\"https:\/\/www.ifi-id.com\/wp-content\/uploads\/2024\/05\/wb-ifi-gamers-mei-wijaya-scaled.jpg 2560w, https:\/\/www.ifi-id.com\/wp-content\/uploads\/2024\/05\/wb-ifi-gamers-mei-wijaya-300x169.jpg 300w, https:\/\/www.ifi-id.com\/wp-content\/uploads\/2024\/05\/wb-ifi-gamers-mei-wijaya-1024x576.jpg 1024w, https:\/\/www.ifi-id.com\/wp-content\/uploads\/2024\/05\/wb-ifi-gamers-mei-wijaya-768x432.jpg 768w, https:\/\/www.ifi-id.com\/wp-content\/uploads\/2024\/05\/wb-ifi-gamers-mei-wijaya-1536x864.jpg 1536w, https:\/\/www.ifi-id.com\/wp-content\/uploads\/2024\/05\/wb-ifi-gamers-mei-wijaya-2048x1151.jpg 2048w\" sizes=\"100vw\" \/><\/div>\n<p><\/a><\/p>\n<div class=\"elementor-post__text\">\n<h3 class=\"elementor-post__title\">\n\t\t\t<a href=\"https:\/\/www.ifi-id.com\/fr\/events\/ifi-gamers-wijaya-indie-games\/\" ><br \/>\n\t\t\t\tIFI Gamers Wijaya \u2013 Indie Games\t\t\t<\/a><br \/>\n\t\t<\/h3>\n<\/p><\/div>\n<\/p><\/div>\n<\/article>\n<article class=\"elementor-post elementor-grid-item post-44167 event type-event status-publish has-post-thumbnail hentry event-tags-culture event-tags-ifi-gamers-wijaya-fr event-tags-jakarta-fr event-tags-jeu-video\">\n<div class=\"elementor-post__card\">\n\t\t\t\t<a class=\"elementor-post__thumbnail__link\" href=\"https:\/\/www.ifi-id.com\/fr\/events\/ifi-gamers-wijaya-indie-games-fifa-night\/\" tabindex=\"-1\" ><\/p>\n<div class=\"elementor-post__thumbnail\"><img loading=\"lazy\" decoding=\"async\" width=\"1280\" height=\"720\" src=\"https:\/\/www.ifi-id.com\/wp-content\/uploads\/2024\/04\/wb-ifi-gamers-wijaya-april.jpg\" class=\"attachment-full size-full wp-image-44166\" alt=\"\" srcset=\"https:\/\/www.ifi-id.com\/wp-content\/uploads\/2024\/04\/wb-ifi-gamers-wijaya-april.jpg 1280w, https:\/\/www.ifi-id.com\/wp-content\/uploads\/2024\/04\/wb-ifi-gamers-wijaya-april-300x169.jpg 300w, https:\/\/www.ifi-id.com\/wp-content\/uploads\/2024\/04\/wb-ifi-gamers-wijaya-april-1024x576.jpg 1024w, https:\/\/www.ifi-id.com\/wp-content\/uploads\/2024\/04\/wb-ifi-gamers-wijaya-april-768x432.jpg 768w\" sizes=\"100vw\" \/><\/div>\n<p><\/a><\/p>\n<div class=\"elementor-post__text\">\n<h3 class=\"elementor-post__title\">\n\t\t\t<a href=\"https:\/\/www.ifi-id.com\/fr\/events\/ifi-gamers-wijaya-indie-games-fifa-night\/\" ><br \/>\n\t\t\t\tIFI Gamers Wijaya \u2013 Indie Games &#038; FIFA Night\t\t\t<\/a><br \/>\n\t\t<\/h3>\n<\/p><\/div>\n<\/p><\/div>\n<\/article><\/div>\n<div class=\"e-load-more-anchor\" data-page=\"1\" data-max-page=\"3\" data-next-page=\"https:\/\/www.ifi-id.com\/fr\/wp-json\/wp\/v2\/pages\/36667\/page\/2\/\"><\/div>\n<nav class=\"elementor-pagination\" aria-label=\"Pagination\">\n\t\t\t<span class=\"page-numbers prev\"><i class=\"fas fa-less-than\"> <\/i><\/span><br \/>\n<span aria-current=\"page\" class=\"page-numbers current\"><span class=\"elementor-screen-only\">Page<\/span>1<\/span><br \/>\n<a class=\"page-numbers\" href=\"https:\/\/www.ifi-id.com\/fr\/wp-json\/wp\/v2\/pages\/36667\/page\/2\/\"><span class=\"elementor-screen-only\">Page<\/span>2<\/a><br \/>\n<a class=\"page-numbers\" href=\"https:\/\/www.ifi-id.com\/fr\/wp-json\/wp\/v2\/pages\/36667\/page\/3\/\"><span class=\"elementor-screen-only\">Page<\/span>3<\/a><br \/>\n<a class=\"page-numbers next\" href=\"https:\/\/www.ifi-id.com\/fr\/wp-json\/wp\/v2\/pages\/36667\/page\/2\/\"><i class=\"fas fa-greater-than\"> <\/i><\/a>\t\t<\/nav>\n<\/p><\/div>\n<\/p><\/div>\n<\/p><\/div>\n<\/p><\/div>\n<\/p><\/div>\n<\/section><\/div>\n\r\n\r\n<br style=\"clear:both\" \/>\r\n\t<\/div>\r\n<\/div>\r\n\t","protected":false},"excerpt":{"rendered":"<p>27 avril 2024 <\/p>\n<p>Pour ce nouveau rendez-vous, l\u2019IFI vous propose une soir\u00e9e #IndieGames &#038; #FIFA o\u00f9 vous pourrez affronter vos amis au football tout en jouant \u00e0 des jeux ind\u00e9pendants.<\/p>\n","protected":false},"author":8,"featured_media":0,"parent":0,"menu_order":0,"comment_status":"closed","ping_status":"closed","template":"elementor_header_footer","meta":{"footnotes":""},"class_list":["post-36667","page","type-page","status-publish","hentry"],"yoast_head":"<!-- This site is optimized with the Yoast SEO plugin v23.5 - https:\/\/yoast.com\/wordpress\/plugins\/seo\/ -->\n<title>IFI Gamers Jakarta \u2013 Wijaya - Institut fran\u00e7ais Indon\u00e9sie<\/title>\n<meta name=\"robots\" content=\"index, follow, max-snippet:-1, max-image-preview:large, max-video-preview:-1\" \/>\n<link rel=\"canonical\" href=\"https:\/\/www.ifi-id.com\/ifi-gamers-jakarta-wijaya\/\" \/>\n<meta property=\"og:locale\" content=\"fr_FR\" \/>\n<meta property=\"og:type\" content=\"article\" \/>\n<meta property=\"og:title\" content=\"IFI Gamers Jakarta \u2013 Wijaya - Institut fran\u00e7ais Indon\u00e9sie\" \/>\n<meta property=\"og:description\" content=\"27 avril 2024 Pour ce nouveau rendez-vous, l\u2019IFI vous propose une soir\u00e9e #IndieGames &#038; #FIFA o\u00f9 vous pourrez affronter vos amis au football tout en jouant \u00e0 des jeux ind\u00e9pendants.\" \/>\n<meta property=\"og:url\" content=\"https:\/\/www.ifi-id.com\/ifi-gamers-jakarta-wijaya\/\" \/>\n<meta property=\"og:site_name\" content=\"Institut fran\u00e7ais Indon\u00e9sie\" \/>\n<meta name=\"twitter:card\" content=\"summary_large_image\" \/>\n<script type=\"application\/ld+json\" class=\"yoast-schema-graph\">{\"@context\":\"https:\/\/schema.org\",\"@graph\":[{\"@type\":\"WebPage\",\"@id\":\"https:\/\/www.ifi-id.com\/ifi-gamers-jakarta-wijaya\/\",\"url\":\"https:\/\/www.ifi-id.com\/ifi-gamers-jakarta-wijaya\/\",\"name\":\"IFI Gamers Jakarta \u2013 Wijaya - Institut fran\u00e7ais Indon\u00e9sie\",\"isPartOf\":{\"@id\":\"https:\/\/www.ifi-id.com\/#website\"},\"datePublished\":\"2023-07-17T07:29:07+00:00\",\"dateModified\":\"2023-07-17T07:29:07+00:00\",\"breadcrumb\":{\"@id\":\"https:\/\/www.ifi-id.com\/ifi-gamers-jakarta-wijaya\/#breadcrumb\"},\"inLanguage\":\"fr-FR\",\"potentialAction\":[{\"@type\":\"ReadAction\",\"target\":[\"https:\/\/www.ifi-id.com\/ifi-gamers-jakarta-wijaya\/\"]}]},{\"@type\":\"BreadcrumbList\",\"@id\":\"https:\/\/www.ifi-id.com\/ifi-gamers-jakarta-wijaya\/#breadcrumb\",\"itemListElement\":[{\"@type\":\"ListItem\",\"position\":1,\"name\":\"Home\",\"item\":\"https:\/\/www.ifi-id.com\/\"},{\"@type\":\"ListItem\",\"position\":2,\"name\":\"IFI Gamers Jakarta \u2013 Wijaya\"}]},{\"@type\":\"WebSite\",\"@id\":\"https:\/\/www.ifi-id.com\/#website\",\"url\":\"https:\/\/www.ifi-id.com\/\",\"name\":\"Institut fran\u00e7ais Indon\u00e9sie\",\"description\":\"\",\"publisher\":{\"@id\":\"https:\/\/www.ifi-id.com\/#organization\"},\"potentialAction\":[{\"@type\":\"SearchAction\",\"target\":{\"@type\":\"EntryPoint\",\"urlTemplate\":\"https:\/\/www.ifi-id.com\/?s={search_term_string}\"},\"query-input\":{\"@type\":\"PropertyValueSpecification\",\"valueRequired\":true,\"valueName\":\"search_term_string\"}}],\"inLanguage\":\"fr-FR\"},{\"@type\":\"Organization\",\"@id\":\"https:\/\/www.ifi-id.com\/#organization\",\"name\":\"Institut fran\u00e7ais Indon\u00e9sie\",\"url\":\"https:\/\/www.ifi-id.com\/\",\"logo\":{\"@type\":\"ImageObject\",\"inLanguage\":\"fr-FR\",\"@id\":\"https:\/\/www.ifi-id.com\/#\/schema\/logo\/image\/\",\"url\":\"https:\/\/www.ifi-id.com\/wp-content\/uploads\/2022\/12\/IFI_New_Logo.jpg\",\"contentUrl\":\"https:\/\/www.ifi-id.com\/wp-content\/uploads\/2022\/12\/IFI_New_Logo.jpg\",\"width\":666,\"height\":444,\"caption\":\"Institut fran\u00e7ais Indon\u00e9sie\"},\"image\":{\"@id\":\"https:\/\/www.ifi-id.com\/#\/schema\/logo\/image\/\"}}]}<\/script>\n<!-- \/ Yoast SEO plugin. -->","yoast_head_json":{"title":"IFI Gamers Jakarta \u2013 Wijaya - Institut fran\u00e7ais Indon\u00e9sie","robots":{"index":"index","follow":"follow","max-snippet":"max-snippet:-1","max-image-preview":"max-image-preview:large","max-video-preview":"max-video-preview:-1"},"canonical":"https:\/\/www.ifi-id.com\/ifi-gamers-jakarta-wijaya\/","og_locale":"fr_FR","og_type":"article","og_title":"IFI Gamers Jakarta \u2013 Wijaya - Institut fran\u00e7ais Indon\u00e9sie","og_description":"27 avril 2024 Pour ce nouveau rendez-vous, l\u2019IFI vous propose une soir\u00e9e #IndieGames &#038; #FIFA o\u00f9 vous pourrez affronter vos amis au football tout en jouant \u00e0 des jeux ind\u00e9pendants.","og_url":"https:\/\/www.ifi-id.com\/ifi-gamers-jakarta-wijaya\/","og_site_name":"Institut fran\u00e7ais Indon\u00e9sie","twitter_card":"summary_large_image","schema":{"@context":"https:\/\/schema.org","@graph":[{"@type":"WebPage","@id":"https:\/\/www.ifi-id.com\/ifi-gamers-jakarta-wijaya\/","url":"https:\/\/www.ifi-id.com\/ifi-gamers-jakarta-wijaya\/","name":"IFI Gamers Jakarta \u2013 Wijaya - Institut fran\u00e7ais Indon\u00e9sie","isPartOf":{"@id":"https:\/\/www.ifi-id.com\/#website"},"datePublished":"2023-07-17T07:29:07+00:00","dateModified":"2023-07-17T07:29:07+00:00","breadcrumb":{"@id":"https:\/\/www.ifi-id.com\/ifi-gamers-jakarta-wijaya\/#breadcrumb"},"inLanguage":"fr-FR","potentialAction":[{"@type":"ReadAction","target":["https:\/\/www.ifi-id.com\/ifi-gamers-jakarta-wijaya\/"]}]},{"@type":"BreadcrumbList","@id":"https:\/\/www.ifi-id.com\/ifi-gamers-jakarta-wijaya\/#breadcrumb","itemListElement":[{"@type":"ListItem","position":1,"name":"Home","item":"https:\/\/www.ifi-id.com\/"},{"@type":"ListItem","position":2,"name":"IFI Gamers Jakarta \u2013 Wijaya"}]},{"@type":"WebSite","@id":"https:\/\/www.ifi-id.com\/#website","url":"https:\/\/www.ifi-id.com\/","name":"Institut fran\u00e7ais Indon\u00e9sie","description":"","publisher":{"@id":"https:\/\/www.ifi-id.com\/#organization"},"potentialAction":[{"@type":"SearchAction","target":{"@type":"EntryPoint","urlTemplate":"https:\/\/www.ifi-id.com\/?s={search_term_string}"},"query-input":{"@type":"PropertyValueSpecification","valueRequired":true,"valueName":"search_term_string"}}],"inLanguage":"fr-FR"},{"@type":"Organization","@id":"https:\/\/www.ifi-id.com\/#organization","name":"Institut fran\u00e7ais Indon\u00e9sie","url":"https:\/\/www.ifi-id.com\/","logo":{"@type":"ImageObject","inLanguage":"fr-FR","@id":"https:\/\/www.ifi-id.com\/#\/schema\/logo\/image\/","url":"https:\/\/www.ifi-id.com\/wp-content\/uploads\/2022\/12\/IFI_New_Logo.jpg","contentUrl":"https:\/\/www.ifi-id.com\/wp-content\/uploads\/2022\/12\/IFI_New_Logo.jpg","width":666,"height":444,"caption":"Institut fran\u00e7ais Indon\u00e9sie"},"image":{"@id":"https:\/\/www.ifi-id.com\/#\/schema\/logo\/image\/"}}]}},"post_mailing_queue_ids":[],"_links":{"self":[{"href":"https:\/\/www.ifi-id.com\/fr\/wp-json\/wp\/v2\/pages\/36667"}],"collection":[{"href":"https:\/\/www.ifi-id.com\/fr\/wp-json\/wp\/v2\/pages"}],"about":[{"href":"https:\/\/www.ifi-id.com\/fr\/wp-json\/wp\/v2\/types\/page"}],"author":[{"embeddable":true,"href":"https:\/\/www.ifi-id.com\/fr\/wp-json\/wp\/v2\/users\/8"}],"replies":[{"embeddable":true,"href":"https:\/\/www.ifi-id.com\/fr\/wp-json\/wp\/v2\/comments?post=36667"}],"version-history":[{"count":1,"href":"https:\/\/www.ifi-id.com\/fr\/wp-json\/wp\/v2\/pages\/36667\/revisions"}],"predecessor-version":[{"id":36668,"href":"https:\/\/www.ifi-id.com\/fr\/wp-json\/wp\/v2\/pages\/36667\/revisions\/36668"}],"wp:attachment":[{"href":"https:\/\/www.ifi-id.com\/fr\/wp-json\/wp\/v2\/media?parent=36667"}],"curies":[{"name":"wp","href":"https:\/\/api.w.org\/{rel}","templated":true}]}}