{"id":34335,"date":"2023-03-16T11:20:25","date_gmt":"2023-03-16T04:20:25","guid":{"rendered":"https:\/\/www.ifi-id.com\/atelier-creatif\/"},"modified":"2023-03-16T11:20:26","modified_gmt":"2023-03-16T04:20:26","slug":"atelier-creatif","status":"publish","type":"page","link":"https:\/\/www.ifi-id.com\/fr\/atelier-creatif\/","title":{"rendered":"Atelier cr\u00e9atif"},"content":{"rendered":"<div class=\"em em-view-container\" id=\"em-view-448935987\" data-view=\"event\">\r\n\t<div class=\"em em-item em-item-single em-event em-event-single em-event-1361 \" id=\"em-event-448935987\" data-view-id=\"448935987\">\r\n\t\t31 ao\u00fbt 2024<br\/>\r\n\r\n\n<div data-elementor-type=\"wp-page\" data-elementor-id=\"34335\" class=\"elementor elementor-34335 elementor-34328\" data-elementor-post-type=\"page\">\n<section class=\"elementor-section elementor-top-section elementor-element elementor-element-cbc6427 elementor-section-boxed elementor-section-height-default elementor-section-height-default\" data-id=\"cbc6427\" data-element_type=\"section\">\n<div class=\"elementor-container elementor-column-gap-default\">\n<div class=\"elementor-column elementor-col-100 elementor-top-column elementor-element elementor-element-29ac1bd\" data-id=\"29ac1bd\" data-element_type=\"column\">\n<div class=\"elementor-widget-wrap elementor-element-populated\">\n<div class=\"elementor-element elementor-element-aaa5129 elementor-hidden-phone elementor-widget elementor-widget-heading\" data-id=\"aaa5129\" data-element_type=\"widget\" data-widget_type=\"heading.default\">\n<div class=\"elementor-widget-container\">\n<h2 class=\"elementor-heading-title elementor-size-default\">Atelier cr\u00e9atif\u2013 Surabaya<\/h2>\n<\/p><\/div>\n<\/p><\/div>\n<\/p><\/div>\n<\/p><\/div>\n<\/p><\/div>\n<\/section>\n<section class=\"elementor-section elementor-top-section elementor-element elementor-element-f214f1a elementor-section-boxed elementor-section-height-default elementor-section-height-default\" data-id=\"f214f1a\" data-element_type=\"section\">\n<div class=\"elementor-container elementor-column-gap-default\">\n<div class=\"elementor-column elementor-col-100 elementor-top-column elementor-element elementor-element-b0ed379\" data-id=\"b0ed379\" data-element_type=\"column\">\n<div class=\"elementor-widget-wrap elementor-element-populated\">\n<div class=\"elementor-element elementor-element-a75f91c elementor-hidden-desktop elementor-hidden-tablet elementor-widget elementor-widget-heading\" data-id=\"a75f91c\" data-element_type=\"widget\" data-widget_type=\"heading.default\">\n<div class=\"elementor-widget-container\">\n<h2 class=\"elementor-heading-title elementor-size-default\">Atelier cr\u00e9atif\u2013 Surabaya<\/h2>\n<\/p><\/div>\n<\/p><\/div>\n<\/p><\/div>\n<\/p><\/div>\n<\/p><\/div>\n<\/section>\n<section class=\"elementor-section elementor-top-section elementor-element elementor-element-183188f elementor-section-boxed elementor-section-height-default elementor-section-height-default\" data-id=\"183188f\" data-element_type=\"section\">\n<div class=\"elementor-container elementor-column-gap-default\">\n<div class=\"elementor-column elementor-col-100 elementor-top-column elementor-element elementor-element-ffa5d24\" data-id=\"ffa5d24\" data-element_type=\"column\">\n<div class=\"elementor-widget-wrap elementor-element-populated\">\n<div class=\"elementor-element elementor-element-e49c5e0 elementor-grid-4 elementor-grid-tablet-2 elementor-grid-mobile-1 elementor-posts--thumbnail-top elementor-card-shadow-yes elementor-posts__hover-gradient elementor-widget elementor-widget-posts\" data-id=\"e49c5e0\" data-element_type=\"widget\" data-settings=\"{&quot;pagination_type&quot;:&quot;numbers_and_prev_next&quot;,&quot;cards_row_gap&quot;:{&quot;unit&quot;:&quot;px&quot;,&quot;size&quot;:17,&quot;sizes&quot;:[]},&quot;cards_columns&quot;:&quot;4&quot;,&quot;cards_columns_tablet&quot;:&quot;2&quot;,&quot;cards_columns_mobile&quot;:&quot;1&quot;,&quot;cards_row_gap_tablet&quot;:{&quot;unit&quot;:&quot;px&quot;,&quot;size&quot;:&quot;&quot;,&quot;sizes&quot;:[]},&quot;cards_row_gap_mobile&quot;:{&quot;unit&quot;:&quot;px&quot;,&quot;size&quot;:&quot;&quot;,&quot;sizes&quot;:[]}}\" data-widget_type=\"posts.cards\">\n<div class=\"elementor-widget-container\">\n<div class=\"elementor-posts-container elementor-posts elementor-posts--skin-cards elementor-grid\">\n<article class=\"elementor-post elementor-grid-item post-51469 event type-event status-publish has-post-thumbnail hentry event-tags-atelier-creatif-fr event-tags-surabaya-fr event-categories-culture\">\n<div class=\"elementor-post__card\">\n\t\t\t\t<a class=\"elementor-post__thumbnail__link\" href=\"https:\/\/www.ifi-id.com\/fr\/events\/atelier-creatif-valentine-flower-arrangement\/\" tabindex=\"-1\" ><\/p>\n<div class=\"elementor-post__thumbnail\"><img fetchpriority=\"high\" decoding=\"async\" width=\"1366\" height=\"768\" src=\"https:\/\/www.ifi-id.com\/wp-content\/uploads\/2024\/12\/Valentine.jpg\" class=\"attachment-full size-full wp-image-51468\" alt=\"\" srcset=\"https:\/\/www.ifi-id.com\/wp-content\/uploads\/2024\/12\/Valentine.jpg 1366w, https:\/\/www.ifi-id.com\/wp-content\/uploads\/2024\/12\/Valentine-300x169.jpg 300w, https:\/\/www.ifi-id.com\/wp-content\/uploads\/2024\/12\/Valentine-1024x576.jpg 1024w, https:\/\/www.ifi-id.com\/wp-content\/uploads\/2024\/12\/Valentine-768x432.jpg 768w\" sizes=\"100vw\" \/><\/div>\n<p><\/a><\/p>\n<div class=\"elementor-post__text\">\n<h3 class=\"elementor-post__title\">\n\t\t\t<a href=\"https:\/\/www.ifi-id.com\/fr\/events\/atelier-creatif-valentine-flower-arrangement\/\" ><br \/>\n\t\t\t\tAtelier Cr\u00e9atif : Valentine Flower Arrangement\t\t\t<\/a><br \/>\n\t\t<\/h3>\n<\/p><\/div>\n<\/p><\/div>\n<\/article>\n<article class=\"elementor-post elementor-grid-item post-50854 event type-event status-publish has-post-thumbnail hentry event-tags-atelier-creatif-fr event-tags-design event-tags-surabaya-fr event-categories-culture\">\n<div class=\"elementor-post__card\">\n\t\t\t\t<a class=\"elementor-post__thumbnail__link\" href=\"https:\/\/www.ifi-id.com\/fr\/events\/atelier-creatif-embroidery-edition-de-noel\/\" tabindex=\"-1\" ><\/p>\n<div class=\"elementor-post__thumbnail\"><img decoding=\"async\" width=\"1366\" height=\"768\" src=\"https:\/\/www.ifi-id.com\/wp-content\/uploads\/2024\/12\/Web-Banner-21-12-24-Rev.jpg\" class=\"attachment-full size-full wp-image-50926\" alt=\"\" srcset=\"https:\/\/www.ifi-id.com\/wp-content\/uploads\/2024\/12\/Web-Banner-21-12-24-Rev.jpg 1366w, https:\/\/www.ifi-id.com\/wp-content\/uploads\/2024\/12\/Web-Banner-21-12-24-Rev-300x169.jpg 300w, https:\/\/www.ifi-id.com\/wp-content\/uploads\/2024\/12\/Web-Banner-21-12-24-Rev-1024x576.jpg 1024w, https:\/\/www.ifi-id.com\/wp-content\/uploads\/2024\/12\/Web-Banner-21-12-24-Rev-768x432.jpg 768w\" sizes=\"100vw\" \/><\/div>\n<p><\/a><\/p>\n<div class=\"elementor-post__text\">\n<h3 class=\"elementor-post__title\">\n\t\t\t<a href=\"https:\/\/www.ifi-id.com\/fr\/events\/atelier-creatif-embroidery-edition-de-noel\/\" ><br \/>\n\t\t\t\tATELIER CR\u00c9ATIF: Embroidery \u00ab\u00a0Edition de No\u00ebl\u00a0\u00bb\t\t\t<\/a><br \/>\n\t\t<\/h3>\n<\/p><\/div>\n<\/p><\/div>\n<\/article>\n<article class=\"elementor-post elementor-grid-item post-47059 event type-event status-publish has-post-thumbnail hentry event-tags-atelier-creatif-fr event-tags-culture event-tags-surabaya-fr event-categories-arts-visuels event-categories-culture\">\n<div class=\"elementor-post__card\">\n\t\t\t\t<a class=\"elementor-post__thumbnail__link\" href=\"https:\/\/www.ifi-id.com\/fr\/events\/atelier-creatif-pipe-flower-deco\/\" tabindex=\"-1\" ><\/p>\n<div class=\"elementor-post__thumbnail\"><img decoding=\"async\" width=\"1366\" height=\"768\" src=\"https:\/\/www.ifi-id.com\/wp-content\/uploads\/2024\/08\/Web-Banner_Pipe-Flower-Deco.png\" class=\"attachment-full size-full wp-image-47058\" alt=\"\" srcset=\"https:\/\/www.ifi-id.com\/wp-content\/uploads\/2024\/08\/Web-Banner_Pipe-Flower-Deco.png 1366w, https:\/\/www.ifi-id.com\/wp-content\/uploads\/2024\/08\/Web-Banner_Pipe-Flower-Deco-300x169.png 300w, https:\/\/www.ifi-id.com\/wp-content\/uploads\/2024\/08\/Web-Banner_Pipe-Flower-Deco-1024x576.png 1024w, https:\/\/www.ifi-id.com\/wp-content\/uploads\/2024\/08\/Web-Banner_Pipe-Flower-Deco-768x432.png 768w\" sizes=\"100vw\" \/><\/div>\n<p><\/a><\/p>\n<div class=\"elementor-post__text\">\n<h3 class=\"elementor-post__title\">\n\t\t\t<a href=\"https:\/\/www.ifi-id.com\/fr\/events\/atelier-creatif-pipe-flower-deco\/\" ><br \/>\n\t\t\t\tAtelier Cr\u00e9atif : Pipe Flower Deco\t\t\t<\/a><br \/>\n\t\t<\/h3>\n<\/p><\/div>\n<\/p><\/div>\n<\/article>\n<article class=\"elementor-post elementor-grid-item post-46480 event type-event status-publish has-post-thumbnail hentry event-tags-atelier-creatif-fr event-tags-mediatheque event-tags-surabaya-fr event-categories-arts-visuels event-categories-culture\">\n<div class=\"elementor-post__card\">\n\t\t\t\t<a class=\"elementor-post__thumbnail__link\" href=\"https:\/\/www.ifi-id.com\/fr\/events\/workshop-paper-cut-light-box\/\" tabindex=\"-1\" ><\/p>\n<div class=\"elementor-post__thumbnail\"><img loading=\"lazy\" decoding=\"async\" width=\"1366\" height=\"768\" src=\"https:\/\/www.ifi-id.com\/wp-content\/uploads\/2024\/08\/Web-Banner_Workshop-Papercut-Light-Box.png\" class=\"attachment-full size-full wp-image-46479\" alt=\"\" srcset=\"https:\/\/www.ifi-id.com\/wp-content\/uploads\/2024\/08\/Web-Banner_Workshop-Papercut-Light-Box.png 1366w, https:\/\/www.ifi-id.com\/wp-content\/uploads\/2024\/08\/Web-Banner_Workshop-Papercut-Light-Box-300x169.png 300w, https:\/\/www.ifi-id.com\/wp-content\/uploads\/2024\/08\/Web-Banner_Workshop-Papercut-Light-Box-1024x576.png 1024w, https:\/\/www.ifi-id.com\/wp-content\/uploads\/2024\/08\/Web-Banner_Workshop-Papercut-Light-Box-768x432.png 768w\" sizes=\"100vw\" \/><\/div>\n<p><\/a><\/p>\n<div class=\"elementor-post__text\">\n<h3 class=\"elementor-post__title\">\n\t\t\t<a href=\"https:\/\/www.ifi-id.com\/fr\/events\/workshop-paper-cut-light-box\/\" ><br \/>\n\t\t\t\tAtelier Paper Cut Light Box\t\t\t<\/a><br \/>\n\t\t<\/h3>\n<\/p><\/div>\n<\/p><\/div>\n<\/article><\/div>\n<div class=\"e-load-more-anchor\" data-page=\"1\" data-max-page=\"3\" data-next-page=\"https:\/\/www.ifi-id.com\/fr\/wp-json\/wp\/v2\/pages\/34335\/page\/2\/\"><\/div>\n<nav class=\"elementor-pagination\" aria-label=\"Pagination\">\n\t\t\t<span class=\"page-numbers prev\"><i class=\"fas fa-less-than\"> <\/i><\/span><br \/>\n<span aria-current=\"page\" class=\"page-numbers current\"><span class=\"elementor-screen-only\">Page<\/span>1<\/span><br \/>\n<a class=\"page-numbers\" href=\"https:\/\/www.ifi-id.com\/fr\/wp-json\/wp\/v2\/pages\/34335\/page\/2\/\"><span class=\"elementor-screen-only\">Page<\/span>2<\/a><br \/>\n<a class=\"page-numbers\" href=\"https:\/\/www.ifi-id.com\/fr\/wp-json\/wp\/v2\/pages\/34335\/page\/3\/\"><span class=\"elementor-screen-only\">Page<\/span>3<\/a><br \/>\n<a class=\"page-numbers next\" href=\"https:\/\/www.ifi-id.com\/fr\/wp-json\/wp\/v2\/pages\/34335\/page\/2\/\"><i class=\"fas fa-greater-than\"> <\/i><\/a>\t\t<\/nav>\n<\/p><\/div>\n<\/p><\/div>\n<\/p><\/div>\n<\/p><\/div>\n<\/p><\/div>\n<\/section><\/div>\n\r\n\r\n<br style=\"clear:both\" \/>\r\n\t<\/div>\r\n<\/div>\r\n\t","protected":false},"excerpt":{"rendered":"<p>31 ao\u00fbt 2024 <\/p>\n<p>L&rsquo;IFI Creative Studio est de retour avec un atelier pour cr\u00e9er votre propre \u00ab\u00a0Paper Cut Light Box\u00a0\u00bb. De la conception \u00e0 la r\u00e9alisation, vous apprendrez toutes les \u00e9tapes pour cr\u00e9er une pi\u00e8ce unique.<\/p>\n","protected":false},"author":8,"featured_media":0,"parent":0,"menu_order":0,"comment_status":"closed","ping_status":"closed","template":"elementor_header_footer","meta":{"footnotes":""},"class_list":["post-34335","page","type-page","status-publish","hentry"],"yoast_head":"<!-- This site is optimized with the Yoast SEO plugin v23.5 - https:\/\/yoast.com\/wordpress\/plugins\/seo\/ -->\n<title>Atelier cr\u00e9atif - Institut fran\u00e7ais Indon\u00e9sie<\/title>\n<meta name=\"robots\" content=\"index, follow, max-snippet:-1, max-image-preview:large, max-video-preview:-1\" \/>\n<link rel=\"canonical\" href=\"https:\/\/www.ifi-id.com\/atelier-creatif\/\" \/>\n<meta property=\"og:locale\" content=\"fr_FR\" \/>\n<meta property=\"og:type\" content=\"article\" \/>\n<meta property=\"og:title\" content=\"Atelier cr\u00e9atif - Institut fran\u00e7ais Indon\u00e9sie\" \/>\n<meta property=\"og:description\" content=\"31 ao\u00fbt 2024 L&rsquo;IFI Creative Studio est de retour avec un atelier pour cr\u00e9er votre propre \u00ab\u00a0Paper Cut Light Box\u00a0\u00bb. De la conception \u00e0 la r\u00e9alisation, vous apprendrez toutes les \u00e9tapes pour cr\u00e9er une pi\u00e8ce unique.\" \/>\n<meta property=\"og:url\" content=\"https:\/\/www.ifi-id.com\/atelier-creatif\/\" \/>\n<meta property=\"og:site_name\" content=\"Institut fran\u00e7ais Indon\u00e9sie\" \/>\n<meta property=\"article:modified_time\" content=\"2023-03-16T04:20:26+00:00\" \/>\n<meta name=\"twitter:card\" content=\"summary_large_image\" \/>\n<script type=\"application\/ld+json\" class=\"yoast-schema-graph\">{\"@context\":\"https:\/\/schema.org\",\"@graph\":[{\"@type\":\"WebPage\",\"@id\":\"https:\/\/www.ifi-id.com\/atelier-creatif\/\",\"url\":\"https:\/\/www.ifi-id.com\/atelier-creatif\/\",\"name\":\"Atelier cr\u00e9atif - Institut fran\u00e7ais Indon\u00e9sie\",\"isPartOf\":{\"@id\":\"https:\/\/www.ifi-id.com\/#website\"},\"datePublished\":\"2023-03-16T04:20:25+00:00\",\"dateModified\":\"2023-03-16T04:20:26+00:00\",\"breadcrumb\":{\"@id\":\"https:\/\/www.ifi-id.com\/atelier-creatif\/#breadcrumb\"},\"inLanguage\":\"fr-FR\",\"potentialAction\":[{\"@type\":\"ReadAction\",\"target\":[\"https:\/\/www.ifi-id.com\/atelier-creatif\/\"]}]},{\"@type\":\"BreadcrumbList\",\"@id\":\"https:\/\/www.ifi-id.com\/atelier-creatif\/#breadcrumb\",\"itemListElement\":[{\"@type\":\"ListItem\",\"position\":1,\"name\":\"Home\",\"item\":\"https:\/\/www.ifi-id.com\/\"},{\"@type\":\"ListItem\",\"position\":2,\"name\":\"Atelier cr\u00e9atif\"}]},{\"@type\":\"WebSite\",\"@id\":\"https:\/\/www.ifi-id.com\/#website\",\"url\":\"https:\/\/www.ifi-id.com\/\",\"name\":\"Institut fran\u00e7ais Indon\u00e9sie\",\"description\":\"\",\"publisher\":{\"@id\":\"https:\/\/www.ifi-id.com\/#organization\"},\"potentialAction\":[{\"@type\":\"SearchAction\",\"target\":{\"@type\":\"EntryPoint\",\"urlTemplate\":\"https:\/\/www.ifi-id.com\/?s={search_term_string}\"},\"query-input\":{\"@type\":\"PropertyValueSpecification\",\"valueRequired\":true,\"valueName\":\"search_term_string\"}}],\"inLanguage\":\"fr-FR\"},{\"@type\":\"Organization\",\"@id\":\"https:\/\/www.ifi-id.com\/#organization\",\"name\":\"Institut fran\u00e7ais Indon\u00e9sie\",\"url\":\"https:\/\/www.ifi-id.com\/\",\"logo\":{\"@type\":\"ImageObject\",\"inLanguage\":\"fr-FR\",\"@id\":\"https:\/\/www.ifi-id.com\/#\/schema\/logo\/image\/\",\"url\":\"https:\/\/www.ifi-id.com\/wp-content\/uploads\/2022\/12\/IFI_New_Logo.jpg\",\"contentUrl\":\"https:\/\/www.ifi-id.com\/wp-content\/uploads\/2022\/12\/IFI_New_Logo.jpg\",\"width\":666,\"height\":444,\"caption\":\"Institut fran\u00e7ais Indon\u00e9sie\"},\"image\":{\"@id\":\"https:\/\/www.ifi-id.com\/#\/schema\/logo\/image\/\"}}]}<\/script>\n<!-- \/ Yoast SEO plugin. -->","yoast_head_json":{"title":"Atelier cr\u00e9atif - Institut fran\u00e7ais Indon\u00e9sie","robots":{"index":"index","follow":"follow","max-snippet":"max-snippet:-1","max-image-preview":"max-image-preview:large","max-video-preview":"max-video-preview:-1"},"canonical":"https:\/\/www.ifi-id.com\/atelier-creatif\/","og_locale":"fr_FR","og_type":"article","og_title":"Atelier cr\u00e9atif - Institut fran\u00e7ais Indon\u00e9sie","og_description":"31 ao\u00fbt 2024 L&rsquo;IFI Creative Studio est de retour avec un atelier pour cr\u00e9er votre propre \u00ab\u00a0Paper Cut Light Box\u00a0\u00bb. De la conception \u00e0 la r\u00e9alisation, vous apprendrez toutes les \u00e9tapes pour cr\u00e9er une pi\u00e8ce unique.","og_url":"https:\/\/www.ifi-id.com\/atelier-creatif\/","og_site_name":"Institut fran\u00e7ais Indon\u00e9sie","article_modified_time":"2023-03-16T04:20:26+00:00","twitter_card":"summary_large_image","schema":{"@context":"https:\/\/schema.org","@graph":[{"@type":"WebPage","@id":"https:\/\/www.ifi-id.com\/atelier-creatif\/","url":"https:\/\/www.ifi-id.com\/atelier-creatif\/","name":"Atelier cr\u00e9atif - Institut fran\u00e7ais Indon\u00e9sie","isPartOf":{"@id":"https:\/\/www.ifi-id.com\/#website"},"datePublished":"2023-03-16T04:20:25+00:00","dateModified":"2023-03-16T04:20:26+00:00","breadcrumb":{"@id":"https:\/\/www.ifi-id.com\/atelier-creatif\/#breadcrumb"},"inLanguage":"fr-FR","potentialAction":[{"@type":"ReadAction","target":["https:\/\/www.ifi-id.com\/atelier-creatif\/"]}]},{"@type":"BreadcrumbList","@id":"https:\/\/www.ifi-id.com\/atelier-creatif\/#breadcrumb","itemListElement":[{"@type":"ListItem","position":1,"name":"Home","item":"https:\/\/www.ifi-id.com\/"},{"@type":"ListItem","position":2,"name":"Atelier cr\u00e9atif"}]},{"@type":"WebSite","@id":"https:\/\/www.ifi-id.com\/#website","url":"https:\/\/www.ifi-id.com\/","name":"Institut fran\u00e7ais Indon\u00e9sie","description":"","publisher":{"@id":"https:\/\/www.ifi-id.com\/#organization"},"potentialAction":[{"@type":"SearchAction","target":{"@type":"EntryPoint","urlTemplate":"https:\/\/www.ifi-id.com\/?s={search_term_string}"},"query-input":{"@type":"PropertyValueSpecification","valueRequired":true,"valueName":"search_term_string"}}],"inLanguage":"fr-FR"},{"@type":"Organization","@id":"https:\/\/www.ifi-id.com\/#organization","name":"Institut fran\u00e7ais Indon\u00e9sie","url":"https:\/\/www.ifi-id.com\/","logo":{"@type":"ImageObject","inLanguage":"fr-FR","@id":"https:\/\/www.ifi-id.com\/#\/schema\/logo\/image\/","url":"https:\/\/www.ifi-id.com\/wp-content\/uploads\/2022\/12\/IFI_New_Logo.jpg","contentUrl":"https:\/\/www.ifi-id.com\/wp-content\/uploads\/2022\/12\/IFI_New_Logo.jpg","width":666,"height":444,"caption":"Institut fran\u00e7ais Indon\u00e9sie"},"image":{"@id":"https:\/\/www.ifi-id.com\/#\/schema\/logo\/image\/"}}]}},"post_mailing_queue_ids":[],"_links":{"self":[{"href":"https:\/\/www.ifi-id.com\/fr\/wp-json\/wp\/v2\/pages\/34335"}],"collection":[{"href":"https:\/\/www.ifi-id.com\/fr\/wp-json\/wp\/v2\/pages"}],"about":[{"href":"https:\/\/www.ifi-id.com\/fr\/wp-json\/wp\/v2\/types\/page"}],"author":[{"embeddable":true,"href":"https:\/\/www.ifi-id.com\/fr\/wp-json\/wp\/v2\/users\/8"}],"replies":[{"embeddable":true,"href":"https:\/\/www.ifi-id.com\/fr\/wp-json\/wp\/v2\/comments?post=34335"}],"version-history":[{"count":1,"href":"https:\/\/www.ifi-id.com\/fr\/wp-json\/wp\/v2\/pages\/34335\/revisions"}],"predecessor-version":[{"id":34336,"href":"https:\/\/www.ifi-id.com\/fr\/wp-json\/wp\/v2\/pages\/34335\/revisions\/34336"}],"wp:attachment":[{"href":"https:\/\/www.ifi-id.com\/fr\/wp-json\/wp\/v2\/media?parent=34335"}],"curies":[{"name":"wp","href":"https:\/\/api.w.org\/{rel}","templated":true}]}}