{"id":33622,"date":"2023-02-27T18:36:43","date_gmt":"2023-02-27T11:36:43","guid":{"rendered":"https:\/\/www.ifi-id.com\/cafe-philo\/"},"modified":"2023-03-16T14:55:37","modified_gmt":"2023-03-16T07:55:37","slug":"cafe-philo","status":"publish","type":"page","link":"https:\/\/www.ifi-id.com\/fr\/cafe-philo\/","title":{"rendered":"Caf\u00e9-philo"},"content":{"rendered":"<div class=\"em em-view-container\" id=\"em-view-1101383295\" data-view=\"event\">\r\n\t<div class=\"em em-item em-item-single em-event em-event-single em-event-307 \" id=\"em-event-1101383295\" data-view-id=\"1101383295\">\r\n\t\t28 septembre 2022<br\/>\r\n\r\n\n<div data-elementor-type=\"wp-page\" data-elementor-id=\"33622\" class=\"elementor elementor-33622 elementor-33606\" data-elementor-post-type=\"page\">\n<section class=\"elementor-section elementor-top-section elementor-element elementor-element-6991709 elementor-section-boxed elementor-section-height-default elementor-section-height-default\" data-id=\"6991709\" data-element_type=\"section\">\n<div class=\"elementor-container elementor-column-gap-default\">\n<div class=\"elementor-column elementor-col-100 elementor-top-column elementor-element elementor-element-702c904\" data-id=\"702c904\" data-element_type=\"column\">\n<div class=\"elementor-widget-wrap elementor-element-populated\">\n<div class=\"elementor-element elementor-element-64b9f9a elementor-hidden-phone elementor-widget elementor-widget-heading\" data-id=\"64b9f9a\" data-element_type=\"widget\" data-widget_type=\"heading.default\">\n<div class=\"elementor-widget-container\">\n<h1 class=\"elementor-heading-title elementor-size-default\">Caf\u00e9-philo \u2013 Jakarta<\/h1>\n<\/p><\/div>\n<\/p><\/div>\n<\/p><\/div>\n<\/p><\/div>\n<\/p><\/div>\n<\/section>\n<section class=\"elementor-section elementor-top-section elementor-element elementor-element-8dfb151 elementor-section-boxed elementor-section-height-default elementor-section-height-default\" data-id=\"8dfb151\" data-element_type=\"section\">\n<div class=\"elementor-container elementor-column-gap-default\">\n<div class=\"elementor-column elementor-col-100 elementor-top-column elementor-element elementor-element-37b8cf5\" data-id=\"37b8cf5\" data-element_type=\"column\">\n<div class=\"elementor-widget-wrap elementor-element-populated\">\n<div class=\"elementor-element elementor-element-c7b842f elementor-hidden-desktop elementor-hidden-tablet elementor-widget elementor-widget-heading\" data-id=\"c7b842f\" data-element_type=\"widget\" data-widget_type=\"heading.default\">\n<div class=\"elementor-widget-container\">\n<h1 class=\"elementor-heading-title elementor-size-default\">Caf\u00e9-philo \u2013 Jakarta<\/h1>\n<\/p><\/div>\n<\/p><\/div>\n<\/p><\/div>\n<\/p><\/div>\n<\/p><\/div>\n<\/section>\n<section class=\"elementor-section elementor-top-section elementor-element elementor-element-38dfd8a elementor-section-boxed elementor-section-height-default elementor-section-height-default\" data-id=\"38dfd8a\" data-element_type=\"section\">\n<div class=\"elementor-container elementor-column-gap-default\">\n<div class=\"elementor-column elementor-col-100 elementor-top-column elementor-element elementor-element-1664332\" data-id=\"1664332\" data-element_type=\"column\">\n<div class=\"elementor-widget-wrap elementor-element-populated\">\n<div class=\"elementor-element elementor-element-9a313f6 elementor-grid-4 elementor-grid-tablet-2 elementor-grid-mobile-1 elementor-posts--thumbnail-top elementor-card-shadow-yes elementor-posts__hover-gradient elementor-widget elementor-widget-posts\" data-id=\"9a313f6\" data-element_type=\"widget\" data-settings=\"{&quot;pagination_type&quot;:&quot;numbers_and_prev_next&quot;,&quot;cards_row_gap&quot;:{&quot;unit&quot;:&quot;px&quot;,&quot;size&quot;:17,&quot;sizes&quot;:[]},&quot;cards_columns&quot;:&quot;4&quot;,&quot;cards_columns_tablet&quot;:&quot;2&quot;,&quot;cards_columns_mobile&quot;:&quot;1&quot;,&quot;cards_row_gap_tablet&quot;:{&quot;unit&quot;:&quot;px&quot;,&quot;size&quot;:&quot;&quot;,&quot;sizes&quot;:[]},&quot;cards_row_gap_mobile&quot;:{&quot;unit&quot;:&quot;px&quot;,&quot;size&quot;:&quot;&quot;,&quot;sizes&quot;:[]}}\" data-widget_type=\"posts.cards\">\n<div class=\"elementor-widget-container\">\n<div class=\"elementor-posts-container elementor-posts elementor-posts--skin-cards elementor-grid\">\n<article class=\"elementor-post elementor-grid-item post-30394 event type-event status-publish has-post-thumbnail hentry event-tags-cafe-philo-fr event-tags-culture event-tags-discussion event-tags-jakarta-fr\">\n<div class=\"elementor-post__card\">\n\t\t\t\t<a class=\"elementor-post__thumbnail__link\" href=\"https:\/\/www.ifi-id.com\/fr\/events\/cafe-philo-changement-climatique-pourquoi-semble-t-il-si-difficile-dagir\/\" tabindex=\"-1\" ><\/p>\n<div class=\"elementor-post__thumbnail\"><img fetchpriority=\"high\" decoding=\"async\" width=\"1280\" height=\"720\" src=\"https:\/\/www.ifi-id.com\/wp-content\/uploads\/2022\/12\/wb-desember-copy.jpg\" class=\"attachment-full size-full wp-image-30393\" alt=\"\" srcset=\"https:\/\/www.ifi-id.com\/wp-content\/uploads\/2022\/12\/wb-desember-copy.jpg 1280w, https:\/\/www.ifi-id.com\/wp-content\/uploads\/2022\/12\/wb-desember-copy-300x169.jpg 300w, https:\/\/www.ifi-id.com\/wp-content\/uploads\/2022\/12\/wb-desember-copy-1024x576.jpg 1024w, https:\/\/www.ifi-id.com\/wp-content\/uploads\/2022\/12\/wb-desember-copy-768x432.jpg 768w\" sizes=\"100vw\" \/><\/div>\n<p><\/a><\/p>\n<div class=\"elementor-post__text\">\n<h3 class=\"elementor-post__title\">\n\t\t\t<a href=\"https:\/\/www.ifi-id.com\/fr\/events\/cafe-philo-changement-climatique-pourquoi-semble-t-il-si-difficile-dagir\/\" ><br \/>\n\t\t\t\tCaf\u00e9-philo : Changement climatique, pourquoi semble-t-il si difficile d\u2019agir ?\t\t\t<\/a><br \/>\n\t\t<\/h3>\n<\/p><\/div>\n<\/p><\/div>\n<\/article>\n<article class=\"elementor-post elementor-grid-item post-29406 event type-event status-publish has-post-thumbnail hentry event-tags-cafe-philo-fr event-tags-culture event-tags-discussion\">\n<div class=\"elementor-post__card\">\n\t\t\t\t<a class=\"elementor-post__thumbnail__link\" href=\"https:\/\/www.ifi-id.com\/fr\/events\/cafe-philo-sommes-nous-moralement-responsable-pour-sauver-la-planete\/\" tabindex=\"-1\" ><\/p>\n<div class=\"elementor-post__thumbnail\"><img decoding=\"async\" width=\"1280\" height=\"720\" src=\"https:\/\/www.ifi-id.com\/wp-content\/uploads\/2022\/10\/WhatsApp-Image-2022-10-24-at-4.11.44-PM-1-1.jpeg\" class=\"attachment-full size-full wp-image-29398\" alt=\"\" srcset=\"https:\/\/www.ifi-id.com\/wp-content\/uploads\/2022\/10\/WhatsApp-Image-2022-10-24-at-4.11.44-PM-1-1.jpeg 1280w, https:\/\/www.ifi-id.com\/wp-content\/uploads\/2022\/10\/WhatsApp-Image-2022-10-24-at-4.11.44-PM-1-1-300x169.jpeg 300w, https:\/\/www.ifi-id.com\/wp-content\/uploads\/2022\/10\/WhatsApp-Image-2022-10-24-at-4.11.44-PM-1-1-1024x576.jpeg 1024w, https:\/\/www.ifi-id.com\/wp-content\/uploads\/2022\/10\/WhatsApp-Image-2022-10-24-at-4.11.44-PM-1-1-768x432.jpeg 768w\" sizes=\"100vw\" \/><\/div>\n<p><\/a><\/p>\n<div class=\"elementor-post__text\">\n<h3 class=\"elementor-post__title\">\n\t\t\t<a href=\"https:\/\/www.ifi-id.com\/fr\/events\/cafe-philo-sommes-nous-moralement-responsable-pour-sauver-la-planete\/\" ><br \/>\n\t\t\t\tCaf\u00e9-philo: Sommes-nous moralement responsable pour sauver la plan\u00eate ?\t\t\t<\/a><br \/>\n\t\t<\/h3>\n<\/p><\/div>\n<\/p><\/div>\n<\/article>\n<article class=\"elementor-post elementor-grid-item post-29395 event type-event status-publish has-post-thumbnail hentry event-tags-cafe-philo-fr event-tags-culture event-tags-discussion\">\n<div class=\"elementor-post__card\">\n\t\t\t\t<a class=\"elementor-post__thumbnail__link\" href=\"https:\/\/www.ifi-id.com\/fr\/events\/cafe-philo-apakah-kita-memiliki-tanggung-jawab-moral-untuk-menyelamatkan-bumi\/\" tabindex=\"-1\" ><\/p>\n<div class=\"elementor-post__thumbnail\"><img decoding=\"async\" width=\"1280\" height=\"720\" src=\"https:\/\/www.ifi-id.com\/wp-content\/uploads\/2022\/10\/WhatsApp-Image-2022-10-24-at-4.11.44-PM-1.jpeg\" class=\"attachment-full size-full wp-image-29396\" alt=\"\" srcset=\"https:\/\/www.ifi-id.com\/wp-content\/uploads\/2022\/10\/WhatsApp-Image-2022-10-24-at-4.11.44-PM-1.jpeg 1280w, https:\/\/www.ifi-id.com\/wp-content\/uploads\/2022\/10\/WhatsApp-Image-2022-10-24-at-4.11.44-PM-1-300x169.jpeg 300w, https:\/\/www.ifi-id.com\/wp-content\/uploads\/2022\/10\/WhatsApp-Image-2022-10-24-at-4.11.44-PM-1-1024x576.jpeg 1024w, https:\/\/www.ifi-id.com\/wp-content\/uploads\/2022\/10\/WhatsApp-Image-2022-10-24-at-4.11.44-PM-1-768x432.jpeg 768w\" sizes=\"100vw\" \/><\/div>\n<p><\/a><\/p>\n<div class=\"elementor-post__text\">\n<h3 class=\"elementor-post__title\">\n\t\t\t<a href=\"https:\/\/www.ifi-id.com\/fr\/events\/cafe-philo-apakah-kita-memiliki-tanggung-jawab-moral-untuk-menyelamatkan-bumi\/\" ><br \/>\n\t\t\t\tCaf\u00e9-philo: Apakah kita memiliki tanggung jawab moral untuk menyelamatkan Bumi?\t\t\t<\/a><br \/>\n\t\t<\/h3>\n<\/p><\/div>\n<\/p><\/div>\n<\/article>\n<article class=\"elementor-post elementor-grid-item post-28434 event type-event status-publish has-post-thumbnail hentry event-tags-cafe-philo-fr event-tags-culture event-tags-discussion\">\n<div class=\"elementor-post__card\">\n\t\t\t\t<a class=\"elementor-post__thumbnail__link\" href=\"https:\/\/www.ifi-id.com\/fr\/events\/est-ce-que-les-jeux-video-ont-une-influence-sur-notre-comportement\/\" tabindex=\"-1\" ><\/p>\n<div class=\"elementor-post__thumbnail\"><img loading=\"lazy\" decoding=\"async\" width=\"1280\" height=\"720\" src=\"https:\/\/www.ifi-id.com\/wp-content\/uploads\/2022\/09\/wb-september-copy.jpg\" class=\"attachment-full size-full wp-image-28433\" alt=\"\" srcset=\"https:\/\/www.ifi-id.com\/wp-content\/uploads\/2022\/09\/wb-september-copy.jpg 1280w, https:\/\/www.ifi-id.com\/wp-content\/uploads\/2022\/09\/wb-september-copy-300x169.jpg 300w, https:\/\/www.ifi-id.com\/wp-content\/uploads\/2022\/09\/wb-september-copy-1024x576.jpg 1024w, https:\/\/www.ifi-id.com\/wp-content\/uploads\/2022\/09\/wb-september-copy-768x432.jpg 768w\" sizes=\"100vw\" \/><\/div>\n<p><\/a><\/p>\n<div class=\"elementor-post__text\">\n<h3 class=\"elementor-post__title\">\n\t\t\t<a href=\"https:\/\/www.ifi-id.com\/fr\/events\/est-ce-que-les-jeux-video-ont-une-influence-sur-notre-comportement\/\" ><br \/>\n\t\t\t\tEst-ce que les jeux vid\u00e9o ont une influence sur notre comportement ?\t\t\t<\/a><br \/>\n\t\t<\/h3>\n<\/p><\/div>\n<\/p><\/div>\n<\/article><\/div>\n<div class=\"e-load-more-anchor\" data-page=\"1\" data-max-page=\"2\" data-next-page=\"https:\/\/www.ifi-id.com\/fr\/wp-json\/wp\/v2\/pages\/33622\/page\/2\/\"><\/div>\n<nav class=\"elementor-pagination\" aria-label=\"Pagination\">\n\t\t\t<span class=\"page-numbers prev\"><i class=\"fas fa-less-than\"> <\/i><\/span><br \/>\n<span aria-current=\"page\" class=\"page-numbers current\"><span class=\"elementor-screen-only\">Page<\/span>1<\/span><br \/>\n<a class=\"page-numbers\" href=\"https:\/\/www.ifi-id.com\/fr\/wp-json\/wp\/v2\/pages\/33622\/page\/2\/\"><span class=\"elementor-screen-only\">Page<\/span>2<\/a><br \/>\n<a class=\"page-numbers next\" href=\"https:\/\/www.ifi-id.com\/fr\/wp-json\/wp\/v2\/pages\/33622\/page\/2\/\"><i class=\"fas fa-greater-than\"> <\/i><\/a>\t\t<\/nav>\n<\/p><\/div>\n<\/p><\/div>\n<\/p><\/div>\n<\/p><\/div>\n<\/p><\/div>\n<\/section><\/div>\n\r\n\r\n<br style=\"clear:both\" \/>\r\n\t<\/div>\r\n<\/div>\r\n\t","protected":false},"excerpt":{"rendered":"<p>28 septembre 2022 @ 19:00 &#8211; 20:00 &#8211; Caf\u00e9-philo \u2013 Jakarta Caf\u00e9-philo \u2013 Jakarta Caf\u00e9-philo : Changement climatique, pourquoi semble-t-il si difficile d\u2019agir ? Caf\u00e9-philo: Sommes-nous moralement responsable pour sauver la plan\u00eate ? Caf\u00e9-philo: Apakah kita memiliki tanggung jawab moral untuk menyelamatkan Bumi? Est-ce que les jeux vid\u00e9o ont une influence sur notre comportement ? Page1 Page2<\/p>\n","protected":false},"author":8,"featured_media":0,"parent":0,"menu_order":0,"comment_status":"closed","ping_status":"closed","template":"elementor_header_footer","meta":{"footnotes":""},"class_list":["post-33622","page","type-page","status-publish","hentry"],"yoast_head":"<!-- This site is optimized with the Yoast SEO plugin v23.5 - https:\/\/yoast.com\/wordpress\/plugins\/seo\/ -->\n<title>Caf\u00e9-philo - Institut fran\u00e7ais Indon\u00e9sie<\/title>\n<meta name=\"robots\" content=\"index, follow, max-snippet:-1, max-image-preview:large, max-video-preview:-1\" \/>\n<link rel=\"canonical\" href=\"https:\/\/www.ifi-id.com\/cafe-philo\/\" \/>\n<meta property=\"og:locale\" content=\"fr_FR\" \/>\n<meta property=\"og:type\" content=\"article\" \/>\n<meta property=\"og:title\" content=\"Caf\u00e9-philo - Institut fran\u00e7ais Indon\u00e9sie\" \/>\n<meta property=\"og:description\" content=\"28 septembre 2022 @ 19:00 - 20:00 - Caf\u00e9-philo \u2013 Jakarta Caf\u00e9-philo \u2013 Jakarta Caf\u00e9-philo : Changement climatique, pourquoi semble-t-il si difficile d\u2019agir ? Caf\u00e9-philo: Sommes-nous moralement responsable pour sauver la plan\u00eate ? Caf\u00e9-philo: Apakah kita memiliki tanggung jawab moral untuk menyelamatkan Bumi? Est-ce que les jeux vid\u00e9o ont une influence sur notre comportement ? Page1 Page2\" \/>\n<meta property=\"og:url\" content=\"https:\/\/www.ifi-id.com\/cafe-philo\/\" \/>\n<meta property=\"og:site_name\" content=\"Institut fran\u00e7ais Indon\u00e9sie\" \/>\n<meta property=\"article:modified_time\" content=\"2023-03-16T07:55:37+00:00\" \/>\n<meta name=\"twitter:card\" content=\"summary_large_image\" \/>\n<script type=\"application\/ld+json\" class=\"yoast-schema-graph\">{\"@context\":\"https:\/\/schema.org\",\"@graph\":[{\"@type\":\"WebPage\",\"@id\":\"https:\/\/www.ifi-id.com\/cafe-philo\/\",\"url\":\"https:\/\/www.ifi-id.com\/cafe-philo\/\",\"name\":\"Caf\u00e9-philo - Institut fran\u00e7ais Indon\u00e9sie\",\"isPartOf\":{\"@id\":\"https:\/\/www.ifi-id.com\/#website\"},\"datePublished\":\"2023-02-27T11:36:43+00:00\",\"dateModified\":\"2023-03-16T07:55:37+00:00\",\"breadcrumb\":{\"@id\":\"https:\/\/www.ifi-id.com\/cafe-philo\/#breadcrumb\"},\"inLanguage\":\"fr-FR\",\"potentialAction\":[{\"@type\":\"ReadAction\",\"target\":[\"https:\/\/www.ifi-id.com\/cafe-philo\/\"]}]},{\"@type\":\"BreadcrumbList\",\"@id\":\"https:\/\/www.ifi-id.com\/cafe-philo\/#breadcrumb\",\"itemListElement\":[{\"@type\":\"ListItem\",\"position\":1,\"name\":\"Home\",\"item\":\"https:\/\/www.ifi-id.com\/\"},{\"@type\":\"ListItem\",\"position\":2,\"name\":\"Caf\u00e9-philo\"}]},{\"@type\":\"WebSite\",\"@id\":\"https:\/\/www.ifi-id.com\/#website\",\"url\":\"https:\/\/www.ifi-id.com\/\",\"name\":\"Institut fran\u00e7ais Indon\u00e9sie\",\"description\":\"\",\"publisher\":{\"@id\":\"https:\/\/www.ifi-id.com\/#organization\"},\"potentialAction\":[{\"@type\":\"SearchAction\",\"target\":{\"@type\":\"EntryPoint\",\"urlTemplate\":\"https:\/\/www.ifi-id.com\/?s={search_term_string}\"},\"query-input\":{\"@type\":\"PropertyValueSpecification\",\"valueRequired\":true,\"valueName\":\"search_term_string\"}}],\"inLanguage\":\"fr-FR\"},{\"@type\":\"Organization\",\"@id\":\"https:\/\/www.ifi-id.com\/#organization\",\"name\":\"Institut fran\u00e7ais Indon\u00e9sie\",\"url\":\"https:\/\/www.ifi-id.com\/\",\"logo\":{\"@type\":\"ImageObject\",\"inLanguage\":\"fr-FR\",\"@id\":\"https:\/\/www.ifi-id.com\/#\/schema\/logo\/image\/\",\"url\":\"https:\/\/www.ifi-id.com\/wp-content\/uploads\/2022\/12\/IFI_New_Logo.jpg\",\"contentUrl\":\"https:\/\/www.ifi-id.com\/wp-content\/uploads\/2022\/12\/IFI_New_Logo.jpg\",\"width\":666,\"height\":444,\"caption\":\"Institut fran\u00e7ais Indon\u00e9sie\"},\"image\":{\"@id\":\"https:\/\/www.ifi-id.com\/#\/schema\/logo\/image\/\"}}]}<\/script>\n<!-- \/ Yoast SEO plugin. -->","yoast_head_json":{"title":"Caf\u00e9-philo - Institut fran\u00e7ais Indon\u00e9sie","robots":{"index":"index","follow":"follow","max-snippet":"max-snippet:-1","max-image-preview":"max-image-preview:large","max-video-preview":"max-video-preview:-1"},"canonical":"https:\/\/www.ifi-id.com\/cafe-philo\/","og_locale":"fr_FR","og_type":"article","og_title":"Caf\u00e9-philo - Institut fran\u00e7ais Indon\u00e9sie","og_description":"28 septembre 2022 @ 19:00 - 20:00 - Caf\u00e9-philo \u2013 Jakarta Caf\u00e9-philo \u2013 Jakarta Caf\u00e9-philo : Changement climatique, pourquoi semble-t-il si difficile d\u2019agir ? Caf\u00e9-philo: Sommes-nous moralement responsable pour sauver la plan\u00eate ? Caf\u00e9-philo: Apakah kita memiliki tanggung jawab moral untuk menyelamatkan Bumi? Est-ce que les jeux vid\u00e9o ont une influence sur notre comportement ? Page1 Page2","og_url":"https:\/\/www.ifi-id.com\/cafe-philo\/","og_site_name":"Institut fran\u00e7ais Indon\u00e9sie","article_modified_time":"2023-03-16T07:55:37+00:00","twitter_card":"summary_large_image","schema":{"@context":"https:\/\/schema.org","@graph":[{"@type":"WebPage","@id":"https:\/\/www.ifi-id.com\/cafe-philo\/","url":"https:\/\/www.ifi-id.com\/cafe-philo\/","name":"Caf\u00e9-philo - Institut fran\u00e7ais Indon\u00e9sie","isPartOf":{"@id":"https:\/\/www.ifi-id.com\/#website"},"datePublished":"2023-02-27T11:36:43+00:00","dateModified":"2023-03-16T07:55:37+00:00","breadcrumb":{"@id":"https:\/\/www.ifi-id.com\/cafe-philo\/#breadcrumb"},"inLanguage":"fr-FR","potentialAction":[{"@type":"ReadAction","target":["https:\/\/www.ifi-id.com\/cafe-philo\/"]}]},{"@type":"BreadcrumbList","@id":"https:\/\/www.ifi-id.com\/cafe-philo\/#breadcrumb","itemListElement":[{"@type":"ListItem","position":1,"name":"Home","item":"https:\/\/www.ifi-id.com\/"},{"@type":"ListItem","position":2,"name":"Caf\u00e9-philo"}]},{"@type":"WebSite","@id":"https:\/\/www.ifi-id.com\/#website","url":"https:\/\/www.ifi-id.com\/","name":"Institut fran\u00e7ais Indon\u00e9sie","description":"","publisher":{"@id":"https:\/\/www.ifi-id.com\/#organization"},"potentialAction":[{"@type":"SearchAction","target":{"@type":"EntryPoint","urlTemplate":"https:\/\/www.ifi-id.com\/?s={search_term_string}"},"query-input":{"@type":"PropertyValueSpecification","valueRequired":true,"valueName":"search_term_string"}}],"inLanguage":"fr-FR"},{"@type":"Organization","@id":"https:\/\/www.ifi-id.com\/#organization","name":"Institut fran\u00e7ais Indon\u00e9sie","url":"https:\/\/www.ifi-id.com\/","logo":{"@type":"ImageObject","inLanguage":"fr-FR","@id":"https:\/\/www.ifi-id.com\/#\/schema\/logo\/image\/","url":"https:\/\/www.ifi-id.com\/wp-content\/uploads\/2022\/12\/IFI_New_Logo.jpg","contentUrl":"https:\/\/www.ifi-id.com\/wp-content\/uploads\/2022\/12\/IFI_New_Logo.jpg","width":666,"height":444,"caption":"Institut fran\u00e7ais Indon\u00e9sie"},"image":{"@id":"https:\/\/www.ifi-id.com\/#\/schema\/logo\/image\/"}}]}},"post_mailing_queue_ids":[],"_links":{"self":[{"href":"https:\/\/www.ifi-id.com\/fr\/wp-json\/wp\/v2\/pages\/33622"}],"collection":[{"href":"https:\/\/www.ifi-id.com\/fr\/wp-json\/wp\/v2\/pages"}],"about":[{"href":"https:\/\/www.ifi-id.com\/fr\/wp-json\/wp\/v2\/types\/page"}],"author":[{"embeddable":true,"href":"https:\/\/www.ifi-id.com\/fr\/wp-json\/wp\/v2\/users\/8"}],"replies":[{"embeddable":true,"href":"https:\/\/www.ifi-id.com\/fr\/wp-json\/wp\/v2\/comments?post=33622"}],"version-history":[{"count":2,"href":"https:\/\/www.ifi-id.com\/fr\/wp-json\/wp\/v2\/pages\/33622\/revisions"}],"predecessor-version":[{"id":34365,"href":"https:\/\/www.ifi-id.com\/fr\/wp-json\/wp\/v2\/pages\/33622\/revisions\/34365"}],"wp:attachment":[{"href":"https:\/\/www.ifi-id.com\/fr\/wp-json\/wp\/v2\/media?parent=33622"}],"curies":[{"name":"wp","href":"https:\/\/api.w.org\/{rel}","templated":true}]}}