{"id":30263,"date":"2022-11-29T15:56:57","date_gmt":"2022-11-29T08:56:57","guid":{"rendered":"https:\/\/www.ifi-id.com\/equipe-denseignants-yogyakarta"},"modified":"2022-11-29T15:56:57","modified_gmt":"2022-11-29T08:56:57","slug":"equipe-denseignants-yogyakarta","status":"publish","type":"page","link":"https:\/\/www.ifi-id.com\/fr\/equipe-denseignants-yogyakarta\/","title":{"rendered":"\u00c9quipe d&rsquo;enseignants &#8211; Yogyakarta"},"content":{"rendered":"\t\t<div data-elementor-type=\"wp-page\" data-elementor-id=\"30263\" class=\"elementor elementor-30263 elementor-30257\" data-elementor-post-type=\"page\">\n\t\t\t\t\t\t<section class=\"elementor-section elementor-top-section elementor-element elementor-element-3b06bf1c elementor-section-boxed elementor-section-height-default elementor-section-height-default\" data-id=\"3b06bf1c\" data-element_type=\"section\">\n\t\t\t\t\t\t<div class=\"elementor-container elementor-column-gap-default\">\n\t\t\t\t\t<div class=\"elementor-column elementor-col-100 elementor-top-column elementor-element elementor-element-5cfd0026\" data-id=\"5cfd0026\" data-element_type=\"column\">\n\t\t\t<div class=\"elementor-widget-wrap elementor-element-populated\">\n\t\t\t\t\t\t<div class=\"elementor-element elementor-element-63511a7a elementor-widget elementor-widget-heading\" data-id=\"63511a7a\" data-element_type=\"widget\" data-widget_type=\"heading.default\">\n\t\t\t\t<div class=\"elementor-widget-container\">\n\t\t\t<h2 class=\"elementor-heading-title elementor-size-default\">\u00c9quipe d'enseignants - Yogyakarta<\/h2>\t\t<\/div>\n\t\t\t\t<\/div>\n\t\t\t\t\t<\/div>\n\t\t<\/div>\n\t\t\t\t\t<\/div>\n\t\t<\/section>\n\t\t\t\t<section class=\"elementor-section elementor-top-section elementor-element elementor-element-c1b15dc elementor-section-boxed elementor-section-height-default elementor-section-height-default\" data-id=\"c1b15dc\" data-element_type=\"section\">\n\t\t\t\t\t\t<div class=\"elementor-container elementor-column-gap-default\">\n\t\t\t\t\t<div class=\"elementor-column elementor-col-100 elementor-top-column elementor-element elementor-element-8f81c2a\" data-id=\"8f81c2a\" data-element_type=\"column\">\n\t\t\t<div class=\"elementor-widget-wrap elementor-element-populated\">\n\t\t\t\t\t\t<div class=\"elementor-element elementor-element-0e10068 elementor-widget elementor-widget-gallery\" data-id=\"0e10068\" data-element_type=\"widget\" data-settings=\"{&quot;columns&quot;:5,&quot;aspect_ratio&quot;:&quot;1:1&quot;,&quot;overlay_description&quot;:&quot;caption&quot;,&quot;lazyload&quot;:&quot;yes&quot;,&quot;gallery_layout&quot;:&quot;grid&quot;,&quot;columns_tablet&quot;:2,&quot;columns_mobile&quot;:1,&quot;gap&quot;:{&quot;unit&quot;:&quot;px&quot;,&quot;size&quot;:10,&quot;sizes&quot;:[]},&quot;gap_tablet&quot;:{&quot;unit&quot;:&quot;px&quot;,&quot;size&quot;:10,&quot;sizes&quot;:[]},&quot;gap_mobile&quot;:{&quot;unit&quot;:&quot;px&quot;,&quot;size&quot;:10,&quot;sizes&quot;:[]},&quot;overlay_background&quot;:&quot;yes&quot;,&quot;content_hover_animation&quot;:&quot;fade-in&quot;}\" data-widget_type=\"gallery.default\">\n\t\t\t\t<div class=\"elementor-widget-container\">\n\t\t\t\t\t<div class=\"elementor-gallery__container\">\n\t\t\t\t\t\t\t<div class=\"e-gallery-item elementor-gallery-item elementor-animated-content\">\n\t\t\t\t\t<div class=\"e-gallery-image elementor-gallery-item__image\" data-thumbnail=\"https:\/\/www.ifi-id.com\/wp-content\/uploads\/2022\/10\/TimPengajarIFI-1_0059_B7103107-230E-4B1C-A8B4-B81F186C7F1C-Dewi-Ariani.jpg\" data-width=\"1080\" data-height=\"1080\" aria-label=\"Dewi Ariani\" role=\"img\" ><\/div>\n\t\t\t\t\t\t\t\t\t\t\t<div class=\"elementor-gallery-item__overlay\"><\/div>\n\t\t\t\t\t\t\t\t\t\t\t\t\t\t\t<div class=\"elementor-gallery-item__content\">\n\t\t\t\t\t\t\t\t\t\t\t\t\t\t<div class=\"elementor-gallery-item__description\">\n\t\t\t\t\t\t\t\t\t\t\t\t\t\t\t\t\t\tDewi Ariani - \ndipl\u00f4m\u00e9e licence de la litt\u00e9rature fran\u00e7aise UGM & master de la linguistique UGM, certifi\u00e9e DALF C1, 10 ans d'exp\u00e9riences \u00e0 l'IFI, examinatrice DELF A1-B2, s\u00e9jour linguistique Besan\u00e7on 2014\t\t\t\t\t\t\t\t<\/div>\n\t\t\t\t\t\t\t\t\t\t\t\t<\/div>\n\t\t\t\t\t\t\t\t\t<\/div>\n\t\t\t\t\t\t\t<div class=\"e-gallery-item elementor-gallery-item elementor-animated-content\">\n\t\t\t\t\t<div class=\"e-gallery-image elementor-gallery-item__image\" data-thumbnail=\"https:\/\/www.ifi-id.com\/wp-content\/uploads\/2022\/10\/TimPengajarIFI-1_0038_IMG_20220819_092600-naini-indrasta.jpg\" data-width=\"1080\" data-height=\"1080\" aria-label=\"Nur Aini\" role=\"img\" ><\/div>\n\t\t\t\t\t\t\t\t\t\t\t<div class=\"elementor-gallery-item__overlay\"><\/div>\n\t\t\t\t\t\t\t\t\t\t\t\t\t\t\t<div class=\"elementor-gallery-item__content\">\n\t\t\t\t\t\t\t\t\t\t\t\t\t\t<div class=\"elementor-gallery-item__description\">\n\t\t\t\t\t\t\t\t\t\t\t\t\t\t\t\t\t\tNur Aini - \ndipl\u00f4m\u00e9e licence de la lit\u00e9rature fran\u00e7aise UI, certifi\u00e9e DELF B2, 6 ans d'exp\u00e9riences \u00e0 l'IFI, examinatrice DELF A1-B1, sp\u00e9cialis\u00e9e public enfants\t\t\t\t\t\t\t\t<\/div>\n\t\t\t\t\t\t\t\t\t\t\t\t<\/div>\n\t\t\t\t\t\t\t\t\t<\/div>\n\t\t\t\t\t\t\t<div class=\"e-gallery-item elementor-gallery-item elementor-animated-content\">\n\t\t\t\t\t<div class=\"e-gallery-image elementor-gallery-item__image\" data-thumbnail=\"https:\/\/www.ifi-id.com\/wp-content\/uploads\/2022\/10\/TimPengajarIFI-1_0074_5F666330-658A-45E5-B0E4-7748AE627518-Gilang-Saputra.jpg\" data-width=\"1080\" data-height=\"1080\" aria-label=\"Rachmad Gilang Saputra\" role=\"img\" ><\/div>\n\t\t\t\t\t\t\t\t\t\t\t<div class=\"elementor-gallery-item__overlay\"><\/div>\n\t\t\t\t\t\t\t\t\t\t\t\t\t\t\t<div class=\"elementor-gallery-item__content\">\n\t\t\t\t\t\t\t\t\t\t\t\t\t\t<div class=\"elementor-gallery-item__description\">\n\t\t\t\t\t\t\t\t\t\t\t\t\t\t\t\t\t\tRachmad Gilang Saputra - \ndipl\u00f4m\u00e9 licence de la litt\u00e9rature fran\u00e7aise UGM & master en gestion de ressources humaines Unair, certifi\u00e9 DALF C1, 6 ans d'exp\u00e9riences \u00e0 l'IFI & AF\t\t\t\t\t\t\t\t<\/div>\n\t\t\t\t\t\t\t\t\t\t\t\t<\/div>\n\t\t\t\t\t\t\t\t\t<\/div>\n\t\t\t\t\t\t\t<div class=\"e-gallery-item elementor-gallery-item elementor-animated-content\">\n\t\t\t\t\t<div class=\"e-gallery-image elementor-gallery-item__image\" data-thumbnail=\"https:\/\/www.ifi-id.com\/wp-content\/uploads\/2022\/10\/TimPengajarIFI-1_0039_IMG_20220818_200428-Resti-Suryati.jpg\" data-width=\"1080\" data-height=\"1080\" aria-label=\"Resti Suryati\" role=\"img\" ><\/div>\n\t\t\t\t\t\t\t\t\t\t\t<div class=\"elementor-gallery-item__overlay\"><\/div>\n\t\t\t\t\t\t\t\t\t\t\t\t\t\t\t<div class=\"elementor-gallery-item__content\">\n\t\t\t\t\t\t\t\t\t\t\t\t\t\t<div class=\"elementor-gallery-item__description\">\n\t\t\t\t\t\t\t\t\t\t\t\t\t\t\t\t\t\tResti Suryati - \ndipl\u00f4m\u00e9e licence de l'enseignement du fran\u00e7ais UNY, certifi\u00e9e DALF C1, 7 ans d'exp\u00e9riences \u00e0 l'IFI, examinatrice DELF A1-B2\t\t\t\t\t\t\t\t<\/div>\n\t\t\t\t\t\t\t\t\t\t\t\t<\/div>\n\t\t\t\t\t\t\t\t\t<\/div>\n\t\t\t\t\t\t\t<div class=\"e-gallery-item elementor-gallery-item elementor-animated-content\">\n\t\t\t\t\t<div class=\"e-gallery-image elementor-gallery-item__image\" data-thumbnail=\"https:\/\/www.ifi-id.com\/wp-content\/uploads\/2022\/10\/TimPengajarIFI-1_0056_dina-foto-dina-jogja.jpg\" data-width=\"1080\" data-height=\"1080\" aria-label=\"Aisyah Maulidina\" role=\"img\" ><\/div>\n\t\t\t\t\t\t\t\t\t\t\t<div class=\"elementor-gallery-item__overlay\"><\/div>\n\t\t\t\t\t\t\t\t\t\t\t\t\t\t\t<div class=\"elementor-gallery-item__content\">\n\t\t\t\t\t\t\t\t\t\t\t\t\t\t<div class=\"elementor-gallery-item__description\">\n\t\t\t\t\t\t\t\t\t\t\t\t\t\t\t\t\t\tAisyah Maulidina - \ndipl\u00f4m\u00e9e licence de la litt\u00e9rature fran\u00e7aise UGM, certifi\u00e9e DALF C1, 6 ans d'exp\u00e9riences \u00e0 l'IFI, examinatrice DELF A1-B2, sp\u00e9cialis\u00e9e public enfants & ados\t\t\t\t\t\t\t\t<\/div>\n\t\t\t\t\t\t\t\t\t\t\t\t<\/div>\n\t\t\t\t\t\t\t\t\t<\/div>\n\t\t\t\t\t\t\t<div class=\"e-gallery-item elementor-gallery-item elementor-animated-content\">\n\t\t\t\t\t<div class=\"e-gallery-image elementor-gallery-item__image\" data-thumbnail=\"https:\/\/www.ifi-id.com\/wp-content\/uploads\/2022\/10\/TimPengajarIFI-1_0004_WhatsApp-Image-2022-08-19-at-5.55.34-PM-Annisa-Hanum.jpg\" data-width=\"1080\" data-height=\"1080\" aria-label=\"Annisa Hanum Baiduri\" role=\"img\" ><\/div>\n\t\t\t\t\t\t\t\t\t\t\t<div class=\"elementor-gallery-item__overlay\"><\/div>\n\t\t\t\t\t\t\t\t\t\t\t\t\t\t\t<div class=\"elementor-gallery-item__content\">\n\t\t\t\t\t\t\t\t\t\t\t\t\t\t<div class=\"elementor-gallery-item__description\">\n\t\t\t\t\t\t\t\t\t\t\t\t\t\t\t\t\t\tAnnisa Hanum Baiduri - \ndipl\u00f4m\u00e9e licence de la litt\u00e9rature fran\u00e7aise UGM & master FLE\/FOS Univ d'Artois, certifi\u00e9e DALF C1, 6 ans d'exp\u00e9riences \u00e0 l'IFI, examinatrice DELF A1-B2\t\t\t\t\t\t\t\t<\/div>\n\t\t\t\t\t\t\t\t\t\t\t\t<\/div>\n\t\t\t\t\t\t\t\t\t<\/div>\n\t\t\t\t\t\t\t<div class=\"e-gallery-item elementor-gallery-item elementor-animated-content\">\n\t\t\t\t\t<div class=\"e-gallery-image elementor-gallery-item__image\" data-thumbnail=\"https:\/\/www.ifi-id.com\/wp-content\/uploads\/2022\/10\/TimPengajarIFI-1_0070_20220820_103405-removebg-preview-1-Eko-Budiarti.jpg\" data-width=\"1080\" data-height=\"1080\" aria-label=\"Eko Budiarti\" role=\"img\" ><\/div>\n\t\t\t\t\t\t\t\t\t\t\t<div class=\"elementor-gallery-item__overlay\"><\/div>\n\t\t\t\t\t\t\t\t\t\t\t\t\t\t\t<div class=\"elementor-gallery-item__content\">\n\t\t\t\t\t\t\t\t\t\t\t\t\t\t<div class=\"elementor-gallery-item__description\">\n\t\t\t\t\t\t\t\t\t\t\t\t\t\t\t\t\t\tEko Budiarti - \ndipl\u00f4m\u00e9e licence de l'enseignement du fran\u00e7ais UNNES & master linguistique Undip, certifi\u00e9e DALF C1, 4 ans d'exp\u00e9riences \u00e0 l'IFI & AF, examinatrice DELF A1-B1, s\u00e9jour linguistique Nancy 2018\t\t\t\t\t\t\t\t<\/div>\n\t\t\t\t\t\t\t\t\t\t\t\t<\/div>\n\t\t\t\t\t\t\t\t\t<\/div>\n\t\t\t\t\t\t\t<div class=\"e-gallery-item elementor-gallery-item elementor-animated-content\">\n\t\t\t\t\t<div class=\"e-gallery-image elementor-gallery-item__image\" data-thumbnail=\"https:\/\/www.ifi-id.com\/wp-content\/uploads\/2022\/10\/TimPengajarIFI-1_0058_C461061C-24D2-4337-BAE2-CC6931184A25-Kiran-Hernanda.jpg\" data-width=\"1080\" data-height=\"1080\" aria-label=\"Kirana Hernanda\" role=\"img\" ><\/div>\n\t\t\t\t\t\t\t\t\t\t\t<div class=\"elementor-gallery-item__overlay\"><\/div>\n\t\t\t\t\t\t\t\t\t\t\t\t\t\t\t<div class=\"elementor-gallery-item__content\">\n\t\t\t\t\t\t\t\t\t\t\t\t\t\t<div class=\"elementor-gallery-item__description\">\n\t\t\t\t\t\t\t\t\t\t\t\t\t\t\t\t\t\tKirana Hernanda - \ndipl\u00f4m\u00e9e licence de la litt\u00e9rature fran\u00e7aise UGM & master conception formation & technologie Universit Strasbourg, certifi\u00e9e DALF C1, 5 ans d\u2019exp\u00e9riences \u00e0 l\u2019IFI, formatrice-examinatrice DELF A1-B2, sp\u00e9cialis\u00e9e public enfants & ados\t\t\t\t\t\t\t\t<\/div>\n\t\t\t\t\t\t\t\t\t\t\t\t<\/div>\n\t\t\t\t\t\t\t\t\t<\/div>\n\t\t\t\t\t\t\t<div class=\"e-gallery-item elementor-gallery-item elementor-animated-content\">\n\t\t\t\t\t<div class=\"e-gallery-image elementor-gallery-item__image\" data-thumbnail=\"https:\/\/www.ifi-id.com\/wp-content\/uploads\/2022\/10\/TimPengajarIFI-1_0040_IMG_9642-35x45-barok.jpg\" data-width=\"1080\" data-height=\"1080\" aria-label=\"Mubarok Dilma Fasa\" role=\"img\" ><\/div>\n\t\t\t\t\t\t\t\t\t\t\t<div class=\"elementor-gallery-item__overlay\"><\/div>\n\t\t\t\t\t\t\t\t\t\t\t\t\t\t\t<div class=\"elementor-gallery-item__content\">\n\t\t\t\t\t\t\t\t\t\t\t\t\t\t<div class=\"elementor-gallery-item__description\">\n\t\t\t\t\t\t\t\t\t\t\t\t\t\t\t\t\t\tMubarok Dilma Fasa - \ndipl\u00f4m\u00e9 licence de la litt\u00e9rature fran\u00e7aise UGM, certifi\u00e9 DELF B2, 2 ans d'exp\u00e9riences \u00e0 l'IFI, s\u00e9jour linguistique Nancy 2022\t\t\t\t\t\t\t\t<\/div>\n\t\t\t\t\t\t\t\t\t\t\t\t<\/div>\n\t\t\t\t\t\t\t\t\t<\/div>\n\t\t\t\t\t\t\t<div class=\"e-gallery-item elementor-gallery-item elementor-animated-content\">\n\t\t\t\t\t<div class=\"e-gallery-image elementor-gallery-item__image\" data-thumbnail=\"https:\/\/www.ifi-id.com\/wp-content\/uploads\/2022\/10\/TimPengajarIFI-1_0025_Nawang-foto-diri-Kursus-Yogyakarta.jpg\" data-width=\"1080\" data-height=\"1080\" aria-label=\"Nawang Sari\" role=\"img\" ><\/div>\n\t\t\t\t\t\t\t\t\t\t\t<div class=\"elementor-gallery-item__overlay\"><\/div>\n\t\t\t\t\t\t\t\t\t\t\t\t\t\t\t<div class=\"elementor-gallery-item__content\">\n\t\t\t\t\t\t\t\t\t\t\t\t\t\t<div class=\"elementor-gallery-item__description\">\n\t\t\t\t\t\t\t\t\t\t\t\t\t\t\t\t\t\tNawang Sari -\ndipl\u00f4m\u00e9e licence de litt\u00e9rature fran\u00e7aise UGM, certifi\u00e9e DALF C1, 12 ans d'exp\u00e9riences \u00e0 l'IFI, examinatrice DELF A1-B2, s\u00e9jour linguistique Besan\u00e7on 2014\t\t\t\t\t\t\t\t<\/div>\n\t\t\t\t\t\t\t\t\t\t\t\t<\/div>\n\t\t\t\t\t\t\t\t\t<\/div>\n\t\t\t\t\t<\/div>\n\t\t\t<\/div>\n\t\t\t\t<\/div>\n\t\t\t\t\t<\/div>\n\t\t<\/div>\n\t\t\t\t\t<\/div>\n\t\t<\/section>\n\t\t\t\t<\/div>\n\t\t","protected":false},"excerpt":{"rendered":"<p>\u00c9quipe d&rsquo;enseignants &#8211; Yogyakarta Dewi Ariani &#8211; dipl\u00f4m\u00e9e licence de la litt\u00e9rature fran\u00e7aise UGM &#038; master de la linguistique UGM, certifi\u00e9e DALF C1, 10 ans d&rsquo;exp\u00e9riences \u00e0 l&rsquo;IFI, examinatrice DELF A1-B2, s\u00e9jour linguistique Besan\u00e7on 2014 Nur Aini &#8211; dipl\u00f4m\u00e9e licence de la lit\u00e9rature fran\u00e7aise UI, certifi\u00e9e DELF B2, 6 ans d&rsquo;exp\u00e9riences \u00e0 l&rsquo;IFI, examinatrice DELF &hellip; <\/p>\n<p class=\"link-more\"><a href=\"https:\/\/www.ifi-id.com\/fr\/equipe-denseignants-yogyakarta\/\" class=\"more-link\">Continuer la lecture<span class=\"screen-reader-text\"> de &laquo;&nbsp;\u00c9quipe d&rsquo;enseignants &#8211; Yogyakarta&nbsp;&raquo;<\/span><\/a><\/p>\n","protected":false},"author":8,"featured_media":0,"parent":0,"menu_order":0,"comment_status":"closed","ping_status":"closed","template":"elementor_header_footer","meta":{"footnotes":""},"class_list":["post-30263","page","type-page","status-publish","hentry"],"yoast_head":"<!-- This site is optimized with the Yoast SEO plugin v23.5 - https:\/\/yoast.com\/wordpress\/plugins\/seo\/ -->\n<title>\u00c9quipe d&#039;enseignants - Yogyakarta - Institut fran\u00e7ais Indon\u00e9sie<\/title>\n<meta name=\"robots\" content=\"index, follow, max-snippet:-1, max-image-preview:large, max-video-preview:-1\" \/>\n<link rel=\"canonical\" href=\"https:\/\/www.ifi-id.com\/fr\/equipe-denseignants-yogyakarta\/\" \/>\n<meta property=\"og:locale\" content=\"fr_FR\" \/>\n<meta property=\"og:type\" content=\"article\" \/>\n<meta property=\"og:title\" content=\"\u00c9quipe d&#039;enseignants - Yogyakarta - Institut fran\u00e7ais Indon\u00e9sie\" \/>\n<meta property=\"og:description\" content=\"\u00c9quipe d&rsquo;enseignants &#8211; Yogyakarta Dewi Ariani &#8211; dipl\u00f4m\u00e9e licence de la litt\u00e9rature fran\u00e7aise UGM &#038; master de la linguistique UGM, certifi\u00e9e DALF C1, 10 ans d&rsquo;exp\u00e9riences \u00e0 l&rsquo;IFI, examinatrice DELF A1-B2, s\u00e9jour linguistique Besan\u00e7on 2014 Nur Aini &#8211; dipl\u00f4m\u00e9e licence de la lit\u00e9rature fran\u00e7aise UI, certifi\u00e9e DELF B2, 6 ans d&rsquo;exp\u00e9riences \u00e0 l&rsquo;IFI, examinatrice DELF &hellip; Continuer la lecture de &laquo;&nbsp;\u00c9quipe d&rsquo;enseignants &#8211; Yogyakarta&nbsp;&raquo;\" \/>\n<meta property=\"og:url\" content=\"https:\/\/www.ifi-id.com\/fr\/equipe-denseignants-yogyakarta\/\" \/>\n<meta property=\"og:site_name\" content=\"Institut fran\u00e7ais Indon\u00e9sie\" \/>\n<meta name=\"twitter:card\" content=\"summary_large_image\" \/>\n<meta name=\"twitter:label1\" content=\"Dur\u00e9e de lecture estim\u00e9e\" \/>\n\t<meta name=\"twitter:data1\" content=\"2 minutes\" \/>\n<script type=\"application\/ld+json\" class=\"yoast-schema-graph\">{\"@context\":\"https:\/\/schema.org\",\"@graph\":[{\"@type\":\"WebPage\",\"@id\":\"https:\/\/www.ifi-id.com\/fr\/equipe-denseignants-yogyakarta\/\",\"url\":\"https:\/\/www.ifi-id.com\/fr\/equipe-denseignants-yogyakarta\/\",\"name\":\"\u00c9quipe d'enseignants - Yogyakarta - Institut fran\u00e7ais Indon\u00e9sie\",\"isPartOf\":{\"@id\":\"https:\/\/www.ifi-id.com\/#website\"},\"datePublished\":\"2022-11-29T08:56:57+00:00\",\"dateModified\":\"2022-11-29T08:56:57+00:00\",\"breadcrumb\":{\"@id\":\"https:\/\/www.ifi-id.com\/fr\/equipe-denseignants-yogyakarta\/#breadcrumb\"},\"inLanguage\":\"fr-FR\",\"potentialAction\":[{\"@type\":\"ReadAction\",\"target\":[\"https:\/\/www.ifi-id.com\/fr\/equipe-denseignants-yogyakarta\/\"]}]},{\"@type\":\"BreadcrumbList\",\"@id\":\"https:\/\/www.ifi-id.com\/fr\/equipe-denseignants-yogyakarta\/#breadcrumb\",\"itemListElement\":[{\"@type\":\"ListItem\",\"position\":1,\"name\":\"Home\",\"item\":\"https:\/\/www.ifi-id.com\/\"},{\"@type\":\"ListItem\",\"position\":2,\"name\":\"\u00c9quipe d&rsquo;enseignants &#8211; Yogyakarta\"}]},{\"@type\":\"WebSite\",\"@id\":\"https:\/\/www.ifi-id.com\/#website\",\"url\":\"https:\/\/www.ifi-id.com\/\",\"name\":\"Institut fran\u00e7ais Indon\u00e9sie\",\"description\":\"\",\"publisher\":{\"@id\":\"https:\/\/www.ifi-id.com\/#organization\"},\"potentialAction\":[{\"@type\":\"SearchAction\",\"target\":{\"@type\":\"EntryPoint\",\"urlTemplate\":\"https:\/\/www.ifi-id.com\/?s={search_term_string}\"},\"query-input\":{\"@type\":\"PropertyValueSpecification\",\"valueRequired\":true,\"valueName\":\"search_term_string\"}}],\"inLanguage\":\"fr-FR\"},{\"@type\":\"Organization\",\"@id\":\"https:\/\/www.ifi-id.com\/#organization\",\"name\":\"Institut fran\u00e7ais Indon\u00e9sie\",\"url\":\"https:\/\/www.ifi-id.com\/\",\"logo\":{\"@type\":\"ImageObject\",\"inLanguage\":\"fr-FR\",\"@id\":\"https:\/\/www.ifi-id.com\/#\/schema\/logo\/image\/\",\"url\":\"https:\/\/www.ifi-id.com\/wp-content\/uploads\/2022\/12\/IFI_New_Logo.jpg\",\"contentUrl\":\"https:\/\/www.ifi-id.com\/wp-content\/uploads\/2022\/12\/IFI_New_Logo.jpg\",\"width\":666,\"height\":444,\"caption\":\"Institut fran\u00e7ais Indon\u00e9sie\"},\"image\":{\"@id\":\"https:\/\/www.ifi-id.com\/#\/schema\/logo\/image\/\"}}]}<\/script>\n<!-- \/ Yoast SEO plugin. -->","yoast_head_json":{"title":"\u00c9quipe d'enseignants - Yogyakarta - Institut fran\u00e7ais Indon\u00e9sie","robots":{"index":"index","follow":"follow","max-snippet":"max-snippet:-1","max-image-preview":"max-image-preview:large","max-video-preview":"max-video-preview:-1"},"canonical":"https:\/\/www.ifi-id.com\/fr\/equipe-denseignants-yogyakarta\/","og_locale":"fr_FR","og_type":"article","og_title":"\u00c9quipe d'enseignants - Yogyakarta - Institut fran\u00e7ais Indon\u00e9sie","og_description":"\u00c9quipe d&rsquo;enseignants &#8211; Yogyakarta Dewi Ariani &#8211; dipl\u00f4m\u00e9e licence de la litt\u00e9rature fran\u00e7aise UGM &#038; master de la linguistique UGM, certifi\u00e9e DALF C1, 10 ans d&rsquo;exp\u00e9riences \u00e0 l&rsquo;IFI, examinatrice DELF A1-B2, s\u00e9jour linguistique Besan\u00e7on 2014 Nur Aini &#8211; dipl\u00f4m\u00e9e licence de la lit\u00e9rature fran\u00e7aise UI, certifi\u00e9e DELF B2, 6 ans d&rsquo;exp\u00e9riences \u00e0 l&rsquo;IFI, examinatrice DELF &hellip; Continuer la lecture de &laquo;&nbsp;\u00c9quipe d&rsquo;enseignants &#8211; Yogyakarta&nbsp;&raquo;","og_url":"https:\/\/www.ifi-id.com\/fr\/equipe-denseignants-yogyakarta\/","og_site_name":"Institut fran\u00e7ais Indon\u00e9sie","twitter_card":"summary_large_image","twitter_misc":{"Dur\u00e9e de lecture estim\u00e9e":"2 minutes"},"schema":{"@context":"https:\/\/schema.org","@graph":[{"@type":"WebPage","@id":"https:\/\/www.ifi-id.com\/fr\/equipe-denseignants-yogyakarta\/","url":"https:\/\/www.ifi-id.com\/fr\/equipe-denseignants-yogyakarta\/","name":"\u00c9quipe d'enseignants - Yogyakarta - Institut fran\u00e7ais Indon\u00e9sie","isPartOf":{"@id":"https:\/\/www.ifi-id.com\/#website"},"datePublished":"2022-11-29T08:56:57+00:00","dateModified":"2022-11-29T08:56:57+00:00","breadcrumb":{"@id":"https:\/\/www.ifi-id.com\/fr\/equipe-denseignants-yogyakarta\/#breadcrumb"},"inLanguage":"fr-FR","potentialAction":[{"@type":"ReadAction","target":["https:\/\/www.ifi-id.com\/fr\/equipe-denseignants-yogyakarta\/"]}]},{"@type":"BreadcrumbList","@id":"https:\/\/www.ifi-id.com\/fr\/equipe-denseignants-yogyakarta\/#breadcrumb","itemListElement":[{"@type":"ListItem","position":1,"name":"Home","item":"https:\/\/www.ifi-id.com\/"},{"@type":"ListItem","position":2,"name":"\u00c9quipe d&rsquo;enseignants &#8211; Yogyakarta"}]},{"@type":"WebSite","@id":"https:\/\/www.ifi-id.com\/#website","url":"https:\/\/www.ifi-id.com\/","name":"Institut fran\u00e7ais Indon\u00e9sie","description":"","publisher":{"@id":"https:\/\/www.ifi-id.com\/#organization"},"potentialAction":[{"@type":"SearchAction","target":{"@type":"EntryPoint","urlTemplate":"https:\/\/www.ifi-id.com\/?s={search_term_string}"},"query-input":{"@type":"PropertyValueSpecification","valueRequired":true,"valueName":"search_term_string"}}],"inLanguage":"fr-FR"},{"@type":"Organization","@id":"https:\/\/www.ifi-id.com\/#organization","name":"Institut fran\u00e7ais Indon\u00e9sie","url":"https:\/\/www.ifi-id.com\/","logo":{"@type":"ImageObject","inLanguage":"fr-FR","@id":"https:\/\/www.ifi-id.com\/#\/schema\/logo\/image\/","url":"https:\/\/www.ifi-id.com\/wp-content\/uploads\/2022\/12\/IFI_New_Logo.jpg","contentUrl":"https:\/\/www.ifi-id.com\/wp-content\/uploads\/2022\/12\/IFI_New_Logo.jpg","width":666,"height":444,"caption":"Institut fran\u00e7ais Indon\u00e9sie"},"image":{"@id":"https:\/\/www.ifi-id.com\/#\/schema\/logo\/image\/"}}]}},"post_mailing_queue_ids":[],"_links":{"self":[{"href":"https:\/\/www.ifi-id.com\/fr\/wp-json\/wp\/v2\/pages\/30263"}],"collection":[{"href":"https:\/\/www.ifi-id.com\/fr\/wp-json\/wp\/v2\/pages"}],"about":[{"href":"https:\/\/www.ifi-id.com\/fr\/wp-json\/wp\/v2\/types\/page"}],"author":[{"embeddable":true,"href":"https:\/\/www.ifi-id.com\/fr\/wp-json\/wp\/v2\/users\/8"}],"replies":[{"embeddable":true,"href":"https:\/\/www.ifi-id.com\/fr\/wp-json\/wp\/v2\/comments?post=30263"}],"version-history":[{"count":1,"href":"https:\/\/www.ifi-id.com\/fr\/wp-json\/wp\/v2\/pages\/30263\/revisions"}],"predecessor-version":[{"id":30264,"href":"https:\/\/www.ifi-id.com\/fr\/wp-json\/wp\/v2\/pages\/30263\/revisions\/30264"}],"wp:attachment":[{"href":"https:\/\/www.ifi-id.com\/fr\/wp-json\/wp\/v2\/media?parent=30263"}],"curies":[{"name":"wp","href":"https:\/\/api.w.org\/{rel}","templated":true}]}}