{"id":30036,"date":"2022-11-15T19:58:24","date_gmt":"2022-11-15T12:58:24","guid":{"rendered":"https:\/\/www.ifi-id.com\/base-de-donnees-de-lindustrie-culturelle-et-creative"},"modified":"2022-12-05T16:21:13","modified_gmt":"2022-12-05T09:21:13","slug":"base-de-donnees-de-lindustrie-culturelle-et-creative","status":"publish","type":"page","link":"https:\/\/www.ifi-id.com\/fr\/base-de-donnees-de-lindustrie-culturelle-et-creative\/","title":{"rendered":"Base de donn\u00e9es de l&rsquo;industrie culturelle et cr\u00e9ative"},"content":{"rendered":"\t\t<div data-elementor-type=\"wp-page\" data-elementor-id=\"30036\" class=\"elementor elementor-30036 elementor-25773\" data-elementor-post-type=\"page\">\n\t\t\t\t\t\t<section class=\"elementor-section elementor-top-section elementor-element elementor-element-3e0ebae elementor-section-boxed elementor-section-height-default elementor-section-height-default\" data-id=\"3e0ebae\" data-element_type=\"section\">\n\t\t\t\t\t\t<div class=\"elementor-container elementor-column-gap-default\">\n\t\t\t\t\t<div class=\"elementor-column elementor-col-100 elementor-top-column elementor-element elementor-element-5ebf06d7\" data-id=\"5ebf06d7\" data-element_type=\"column\">\n\t\t\t<div class=\"elementor-widget-wrap elementor-element-populated\">\n\t\t\t\t\t\t<div class=\"elementor-element elementor-element-11580964 elementor-hidden-phone elementor-widget elementor-widget-heading\" data-id=\"11580964\" data-element_type=\"widget\" data-widget_type=\"heading.default\">\n\t\t\t\t<div class=\"elementor-widget-container\">\n\t\t\t<h2 class=\"elementor-heading-title elementor-size-default\">Base de donn\u00e9es de l'industrie culturelle et cr\u00e9ative<\/h2>\t\t<\/div>\n\t\t\t\t<\/div>\n\t\t\t\t\t<\/div>\n\t\t<\/div>\n\t\t\t\t\t<\/div>\n\t\t<\/section>\n\t\t\t\t<section class=\"elementor-section elementor-top-section elementor-element elementor-element-7ccf24f elementor-section-boxed elementor-section-height-default elementor-section-height-default\" data-id=\"7ccf24f\" data-element_type=\"section\">\n\t\t\t\t\t\t<div class=\"elementor-container elementor-column-gap-default\">\n\t\t\t\t\t<div class=\"elementor-column elementor-col-100 elementor-top-column elementor-element elementor-element-26e34ec\" data-id=\"26e34ec\" data-element_type=\"column\">\n\t\t\t<div class=\"elementor-widget-wrap elementor-element-populated\">\n\t\t\t\t\t\t<div class=\"elementor-element elementor-element-2c8a58f elementor-hidden-desktop elementor-hidden-tablet elementor-widget elementor-widget-heading\" data-id=\"2c8a58f\" data-element_type=\"widget\" data-widget_type=\"heading.default\">\n\t\t\t\t<div class=\"elementor-widget-container\">\n\t\t\t<h2 class=\"elementor-heading-title elementor-size-default\">Base de donn\u00e9es de l'industrie culturelle et cr\u00e9ative<\/h2>\t\t<\/div>\n\t\t\t\t<\/div>\n\t\t\t\t\t<\/div>\n\t\t<\/div>\n\t\t\t\t\t<\/div>\n\t\t<\/section>\n\t\t\t\t<section class=\"elementor-section elementor-top-section elementor-element elementor-element-c0a37cd elementor-section-boxed elementor-section-height-default elementor-section-height-default\" data-id=\"c0a37cd\" data-element_type=\"section\">\n\t\t\t\t\t\t<div class=\"elementor-container elementor-column-gap-default\">\n\t\t\t\t\t<div class=\"elementor-column elementor-col-100 elementor-top-column elementor-element elementor-element-f4119e8\" data-id=\"f4119e8\" data-element_type=\"column\">\n\t\t\t<div class=\"elementor-widget-wrap elementor-element-populated\">\n\t\t\t\t\t\t<div class=\"elementor-element elementor-element-df58453 elementor-widget elementor-widget-image\" data-id=\"df58453\" data-element_type=\"widget\" data-widget_type=\"image.default\">\n\t\t\t\t<div class=\"elementor-widget-container\">\n\t\t\t\t\t\t\t\t\t\t\t\t\t<img fetchpriority=\"high\" decoding=\"async\" width=\"2560\" height=\"1709\" src=\"https:\/\/www.ifi-id.com\/wp-content\/uploads\/2021\/04\/NDR_7600-scaled-e1619589601857.jpg\" class=\"attachment-full size-full wp-image-12456\" alt=\"\" sizes=\"100vw\" \/>\t\t\t\t\t\t\t\t\t\t\t\t\t<\/div>\n\t\t\t\t<\/div>\n\t\t\t\t\t<\/div>\n\t\t<\/div>\n\t\t\t\t\t<\/div>\n\t\t<\/section>\n\t\t\t\t<section class=\"elementor-section elementor-top-section elementor-element elementor-element-73436a3 elementor-section-boxed elementor-section-height-default elementor-section-height-default\" data-id=\"73436a3\" data-element_type=\"section\">\n\t\t\t\t\t\t<div class=\"elementor-container elementor-column-gap-default\">\n\t\t\t\t\t<div class=\"elementor-column elementor-col-100 elementor-top-column elementor-element elementor-element-050d3b7\" data-id=\"050d3b7\" data-element_type=\"column\">\n\t\t\t<div class=\"elementor-widget-wrap elementor-element-populated\">\n\t\t\t\t\t\t<div class=\"elementor-element elementor-element-2e45ef5 elementor-widget elementor-widget-text-editor\" data-id=\"2e45ef5\" data-element_type=\"widget\" data-widget_type=\"text-editor.default\">\n\t\t\t\t<div class=\"elementor-widget-container\">\n\t\t\t\t\t\t\t<p>Les industries culturelles et cr\u00e9atives font parties de l\u2019\u00e9conomie moderne o\u00f9 la culture est faite et diffus\u00e9e par des moyens industriels en appliquant la cr\u00e9ativit\u00e9 individuelle ou collective qui a pour but d\u2019un produit culturel original. Il peut y avoir une valeur commerciale, soit par la vente directe ou bien en tant que propri\u00e9t\u00e9 intellectuelle. Les industries culturelles et cr\u00e9atives rassemblent le domaine des arts, des m\u00e9dias et du design et se dirigent vers les technologies num\u00e9riques convergentes pour r\u00e9pondre aux d\u00e9fis et aux opportunit\u00e9s de la mondialisation. Nos 4 axes des ICC sont ; la mode, les jeux-vid\u00e9os, le design, et le cin\u00e9ma. Ci-dessous les pages jaunes des ICC en Indon\u00e9sie et en France pour valoir ce que de droit.<\/p>\n\t\t\t\t\t\t<\/div>\n\t\t\t\t<\/div>\n\t\t\t\t\t<\/div>\n\t\t<\/div>\n\t\t\t\t\t<\/div>\n\t\t<\/section>\n\t\t\t\t<section class=\"elementor-section elementor-top-section elementor-element elementor-element-a5ab672 elementor-section-boxed elementor-section-height-default elementor-section-height-default\" data-id=\"a5ab672\" data-element_type=\"section\">\n\t\t\t\t\t\t<div class=\"elementor-container elementor-column-gap-default\">\n\t\t\t\t\t<div class=\"elementor-column elementor-col-33 elementor-top-column elementor-element elementor-element-5225b48\" data-id=\"5225b48\" data-element_type=\"column\">\n\t\t\t<div class=\"elementor-widget-wrap elementor-element-populated\">\n\t\t\t\t\t\t<div class=\"elementor-element elementor-element-e3db69e elementor-align-center elementor-widget elementor-widget-button\" data-id=\"e3db69e\" data-element_type=\"widget\" data-widget_type=\"button.default\">\n\t\t\t\t<div class=\"elementor-widget-container\">\n\t\t\t\t\t<div class=\"elementor-button-wrapper\">\n\t\t\t<a class=\"elementor-button elementor-button-link elementor-size-lg\" href=\"https:\/\/www.ifi-id.com\/wp-content\/uploads\/2022\/12\/Industrie-de-la-mode.pdf\" target=\"_blank\">\n\t\t\t\t\t\t<span class=\"elementor-button-content-wrapper\">\n\t\t\t\t\t\t\t\t\t<span class=\"elementor-button-text\">T\u00e9l\u00e9charger la base de donn\u00e9es de la mode<\/span>\n\t\t\t\t\t<\/span>\n\t\t\t\t\t<\/a>\n\t\t<\/div>\n\t\t\t\t<\/div>\n\t\t\t\t<\/div>\n\t\t\t\t\t<\/div>\n\t\t<\/div>\n\t\t\t\t<div class=\"elementor-column elementor-col-33 elementor-top-column elementor-element elementor-element-4fdd417\" data-id=\"4fdd417\" data-element_type=\"column\">\n\t\t\t<div class=\"elementor-widget-wrap elementor-element-populated\">\n\t\t\t\t\t\t<div class=\"elementor-element elementor-element-de1cd5a elementor-align-center elementor-widget elementor-widget-button\" data-id=\"de1cd5a\" data-element_type=\"widget\" data-widget_type=\"button.default\">\n\t\t\t\t<div class=\"elementor-widget-container\">\n\t\t\t\t\t<div class=\"elementor-button-wrapper\">\n\t\t\t<a class=\"elementor-button elementor-button-link elementor-size-lg\" href=\"https:\/\/www.ifi-id.com\/wp-content\/uploads\/2022\/12\/Industrie-du-Film.pdf\" target=\"_blank\">\n\t\t\t\t\t\t<span class=\"elementor-button-content-wrapper\">\n\t\t\t\t\t\t\t\t\t<span class=\"elementor-button-text\">T\u00e9l\u00e9charger la base de donn\u00e9es des films<\/span>\n\t\t\t\t\t<\/span>\n\t\t\t\t\t<\/a>\n\t\t<\/div>\n\t\t\t\t<\/div>\n\t\t\t\t<\/div>\n\t\t\t\t\t<\/div>\n\t\t<\/div>\n\t\t\t\t<div class=\"elementor-column elementor-col-33 elementor-top-column elementor-element elementor-element-5e75fa8\" data-id=\"5e75fa8\" data-element_type=\"column\">\n\t\t\t<div class=\"elementor-widget-wrap elementor-element-populated\">\n\t\t\t\t\t\t<div class=\"elementor-element elementor-element-6be67d0 elementor-align-center elementor-widget elementor-widget-button\" data-id=\"6be67d0\" data-element_type=\"widget\" data-widget_type=\"button.default\">\n\t\t\t\t<div class=\"elementor-widget-container\">\n\t\t\t\t\t<div class=\"elementor-button-wrapper\">\n\t\t\t<a class=\"elementor-button elementor-button-link elementor-size-lg\" href=\"https:\/\/www.ifi-id.com\/wp-content\/uploads\/2022\/12\/Industrie-du-jeu-video.pdf\" target=\"_blank\">\n\t\t\t\t\t\t<span class=\"elementor-button-content-wrapper\">\n\t\t\t\t\t\t\t\t\t<span class=\"elementor-button-text\">T\u00e9l\u00e9charger la base de donn\u00e9es des jeux vid\u00e9o<\/span>\n\t\t\t\t\t<\/span>\n\t\t\t\t\t<\/a>\n\t\t<\/div>\n\t\t\t\t<\/div>\n\t\t\t\t<\/div>\n\t\t\t\t\t<\/div>\n\t\t<\/div>\n\t\t\t\t\t<\/div>\n\t\t<\/section>\n\t\t\t\t<\/div>\n\t\t","protected":false},"excerpt":{"rendered":"<p>Base de donn\u00e9es de l&rsquo;industrie culturelle et cr\u00e9ative Base de donn\u00e9es de l&rsquo;industrie culturelle et cr\u00e9ative Les industries culturelles et cr\u00e9atives font parties de l\u2019\u00e9conomie moderne o\u00f9 la culture est faite et diffus\u00e9e par des moyens industriels en appliquant la cr\u00e9ativit\u00e9 individuelle ou collective qui a pour but d\u2019un produit culturel original. Il peut y &hellip; <\/p>\n<p class=\"link-more\"><a href=\"https:\/\/www.ifi-id.com\/fr\/base-de-donnees-de-lindustrie-culturelle-et-creative\/\" class=\"more-link\">Continuer la lecture<span class=\"screen-reader-text\"> de &laquo;&nbsp;Base de donn\u00e9es de l&rsquo;industrie culturelle et cr\u00e9ative&nbsp;&raquo;<\/span><\/a><\/p>\n","protected":false},"author":1,"featured_media":0,"parent":0,"menu_order":0,"comment_status":"closed","ping_status":"closed","template":"elementor_header_footer","meta":{"footnotes":""},"class_list":["post-30036","page","type-page","status-publish","hentry"],"yoast_head":"<!-- This site is optimized with the Yoast SEO plugin v23.5 - https:\/\/yoast.com\/wordpress\/plugins\/seo\/ -->\n<title>Base de donn\u00e9es de l&#039;industrie culturelle et cr\u00e9ative - Institut fran\u00e7ais Indon\u00e9sie<\/title>\n<meta name=\"robots\" content=\"index, follow, max-snippet:-1, max-image-preview:large, max-video-preview:-1\" \/>\n<link rel=\"canonical\" href=\"https:\/\/www.ifi-id.com\/fr\/base-de-donnees-de-lindustrie-culturelle-et-creative\/\" \/>\n<meta property=\"og:locale\" content=\"fr_FR\" \/>\n<meta property=\"og:type\" content=\"article\" \/>\n<meta property=\"og:title\" content=\"Base de donn\u00e9es de l&#039;industrie culturelle et cr\u00e9ative - Institut fran\u00e7ais Indon\u00e9sie\" \/>\n<meta property=\"og:description\" content=\"Base de donn\u00e9es de l&rsquo;industrie culturelle et cr\u00e9ative Base de donn\u00e9es de l&rsquo;industrie culturelle et cr\u00e9ative Les industries culturelles et cr\u00e9atives font parties de l\u2019\u00e9conomie moderne o\u00f9 la culture est faite et diffus\u00e9e par des moyens industriels en appliquant la cr\u00e9ativit\u00e9 individuelle ou collective qui a pour but d\u2019un produit culturel original. Il peut y &hellip; Continuer la lecture de &laquo;&nbsp;Base de donn\u00e9es de l&rsquo;industrie culturelle et cr\u00e9ative&nbsp;&raquo;\" \/>\n<meta property=\"og:url\" content=\"https:\/\/www.ifi-id.com\/fr\/base-de-donnees-de-lindustrie-culturelle-et-creative\/\" \/>\n<meta property=\"og:site_name\" content=\"Institut fran\u00e7ais Indon\u00e9sie\" \/>\n<meta property=\"article:modified_time\" content=\"2022-12-05T09:21:13+00:00\" \/>\n<meta property=\"og:image\" content=\"https:\/\/www.ifi-id.com\/wp-content\/uploads\/2021\/04\/NDR_7600-scaled-e1619589601857.jpg\" \/>\n<meta name=\"twitter:card\" content=\"summary_large_image\" \/>\n<meta name=\"twitter:label1\" content=\"Dur\u00e9e de lecture estim\u00e9e\" \/>\n\t<meta name=\"twitter:data1\" content=\"1 minute\" \/>\n<script type=\"application\/ld+json\" class=\"yoast-schema-graph\">{\"@context\":\"https:\/\/schema.org\",\"@graph\":[{\"@type\":\"WebPage\",\"@id\":\"https:\/\/www.ifi-id.com\/fr\/base-de-donnees-de-lindustrie-culturelle-et-creative\/\",\"url\":\"https:\/\/www.ifi-id.com\/fr\/base-de-donnees-de-lindustrie-culturelle-et-creative\/\",\"name\":\"Base de donn\u00e9es de l'industrie culturelle et cr\u00e9ative - Institut fran\u00e7ais Indon\u00e9sie\",\"isPartOf\":{\"@id\":\"https:\/\/www.ifi-id.com\/#website\"},\"primaryImageOfPage\":{\"@id\":\"https:\/\/www.ifi-id.com\/fr\/base-de-donnees-de-lindustrie-culturelle-et-creative\/#primaryimage\"},\"image\":{\"@id\":\"https:\/\/www.ifi-id.com\/fr\/base-de-donnees-de-lindustrie-culturelle-et-creative\/#primaryimage\"},\"thumbnailUrl\":\"https:\/\/www.ifi-id.com\/wp-content\/uploads\/2021\/04\/NDR_7600-scaled-e1619589601857.jpg\",\"datePublished\":\"2022-11-15T12:58:24+00:00\",\"dateModified\":\"2022-12-05T09:21:13+00:00\",\"breadcrumb\":{\"@id\":\"https:\/\/www.ifi-id.com\/fr\/base-de-donnees-de-lindustrie-culturelle-et-creative\/#breadcrumb\"},\"inLanguage\":\"fr-FR\",\"potentialAction\":[{\"@type\":\"ReadAction\",\"target\":[\"https:\/\/www.ifi-id.com\/fr\/base-de-donnees-de-lindustrie-culturelle-et-creative\/\"]}]},{\"@type\":\"ImageObject\",\"inLanguage\":\"fr-FR\",\"@id\":\"https:\/\/www.ifi-id.com\/fr\/base-de-donnees-de-lindustrie-culturelle-et-creative\/#primaryimage\",\"url\":\"https:\/\/www.ifi-id.com\/wp-content\/uploads\/2021\/04\/NDR_7600-scaled-e1619589601857.jpg\",\"contentUrl\":\"https:\/\/www.ifi-id.com\/wp-content\/uploads\/2021\/04\/NDR_7600-scaled-e1619589601857.jpg\"},{\"@type\":\"BreadcrumbList\",\"@id\":\"https:\/\/www.ifi-id.com\/fr\/base-de-donnees-de-lindustrie-culturelle-et-creative\/#breadcrumb\",\"itemListElement\":[{\"@type\":\"ListItem\",\"position\":1,\"name\":\"Home\",\"item\":\"https:\/\/www.ifi-id.com\/\"},{\"@type\":\"ListItem\",\"position\":2,\"name\":\"Base de donn\u00e9es de l&rsquo;industrie culturelle et cr\u00e9ative\"}]},{\"@type\":\"WebSite\",\"@id\":\"https:\/\/www.ifi-id.com\/#website\",\"url\":\"https:\/\/www.ifi-id.com\/\",\"name\":\"Institut fran\u00e7ais Indon\u00e9sie\",\"description\":\"\",\"publisher\":{\"@id\":\"https:\/\/www.ifi-id.com\/#organization\"},\"potentialAction\":[{\"@type\":\"SearchAction\",\"target\":{\"@type\":\"EntryPoint\",\"urlTemplate\":\"https:\/\/www.ifi-id.com\/?s={search_term_string}\"},\"query-input\":{\"@type\":\"PropertyValueSpecification\",\"valueRequired\":true,\"valueName\":\"search_term_string\"}}],\"inLanguage\":\"fr-FR\"},{\"@type\":\"Organization\",\"@id\":\"https:\/\/www.ifi-id.com\/#organization\",\"name\":\"Institut fran\u00e7ais Indon\u00e9sie\",\"url\":\"https:\/\/www.ifi-id.com\/\",\"logo\":{\"@type\":\"ImageObject\",\"inLanguage\":\"fr-FR\",\"@id\":\"https:\/\/www.ifi-id.com\/#\/schema\/logo\/image\/\",\"url\":\"https:\/\/www.ifi-id.com\/wp-content\/uploads\/2022\/12\/IFI_New_Logo.jpg\",\"contentUrl\":\"https:\/\/www.ifi-id.com\/wp-content\/uploads\/2022\/12\/IFI_New_Logo.jpg\",\"width\":666,\"height\":444,\"caption\":\"Institut fran\u00e7ais Indon\u00e9sie\"},\"image\":{\"@id\":\"https:\/\/www.ifi-id.com\/#\/schema\/logo\/image\/\"}}]}<\/script>\n<!-- \/ Yoast SEO plugin. -->","yoast_head_json":{"title":"Base de donn\u00e9es de l'industrie culturelle et cr\u00e9ative - Institut fran\u00e7ais Indon\u00e9sie","robots":{"index":"index","follow":"follow","max-snippet":"max-snippet:-1","max-image-preview":"max-image-preview:large","max-video-preview":"max-video-preview:-1"},"canonical":"https:\/\/www.ifi-id.com\/fr\/base-de-donnees-de-lindustrie-culturelle-et-creative\/","og_locale":"fr_FR","og_type":"article","og_title":"Base de donn\u00e9es de l'industrie culturelle et cr\u00e9ative - Institut fran\u00e7ais Indon\u00e9sie","og_description":"Base de donn\u00e9es de l&rsquo;industrie culturelle et cr\u00e9ative Base de donn\u00e9es de l&rsquo;industrie culturelle et cr\u00e9ative Les industries culturelles et cr\u00e9atives font parties de l\u2019\u00e9conomie moderne o\u00f9 la culture est faite et diffus\u00e9e par des moyens industriels en appliquant la cr\u00e9ativit\u00e9 individuelle ou collective qui a pour but d\u2019un produit culturel original. Il peut y &hellip; Continuer la lecture de &laquo;&nbsp;Base de donn\u00e9es de l&rsquo;industrie culturelle et cr\u00e9ative&nbsp;&raquo;","og_url":"https:\/\/www.ifi-id.com\/fr\/base-de-donnees-de-lindustrie-culturelle-et-creative\/","og_site_name":"Institut fran\u00e7ais Indon\u00e9sie","article_modified_time":"2022-12-05T09:21:13+00:00","og_image":[{"url":"https:\/\/www.ifi-id.com\/wp-content\/uploads\/2021\/04\/NDR_7600-scaled-e1619589601857.jpg"}],"twitter_card":"summary_large_image","twitter_misc":{"Dur\u00e9e de lecture estim\u00e9e":"1 minute"},"schema":{"@context":"https:\/\/schema.org","@graph":[{"@type":"WebPage","@id":"https:\/\/www.ifi-id.com\/fr\/base-de-donnees-de-lindustrie-culturelle-et-creative\/","url":"https:\/\/www.ifi-id.com\/fr\/base-de-donnees-de-lindustrie-culturelle-et-creative\/","name":"Base de donn\u00e9es de l'industrie culturelle et cr\u00e9ative - Institut fran\u00e7ais Indon\u00e9sie","isPartOf":{"@id":"https:\/\/www.ifi-id.com\/#website"},"primaryImageOfPage":{"@id":"https:\/\/www.ifi-id.com\/fr\/base-de-donnees-de-lindustrie-culturelle-et-creative\/#primaryimage"},"image":{"@id":"https:\/\/www.ifi-id.com\/fr\/base-de-donnees-de-lindustrie-culturelle-et-creative\/#primaryimage"},"thumbnailUrl":"https:\/\/www.ifi-id.com\/wp-content\/uploads\/2021\/04\/NDR_7600-scaled-e1619589601857.jpg","datePublished":"2022-11-15T12:58:24+00:00","dateModified":"2022-12-05T09:21:13+00:00","breadcrumb":{"@id":"https:\/\/www.ifi-id.com\/fr\/base-de-donnees-de-lindustrie-culturelle-et-creative\/#breadcrumb"},"inLanguage":"fr-FR","potentialAction":[{"@type":"ReadAction","target":["https:\/\/www.ifi-id.com\/fr\/base-de-donnees-de-lindustrie-culturelle-et-creative\/"]}]},{"@type":"ImageObject","inLanguage":"fr-FR","@id":"https:\/\/www.ifi-id.com\/fr\/base-de-donnees-de-lindustrie-culturelle-et-creative\/#primaryimage","url":"https:\/\/www.ifi-id.com\/wp-content\/uploads\/2021\/04\/NDR_7600-scaled-e1619589601857.jpg","contentUrl":"https:\/\/www.ifi-id.com\/wp-content\/uploads\/2021\/04\/NDR_7600-scaled-e1619589601857.jpg"},{"@type":"BreadcrumbList","@id":"https:\/\/www.ifi-id.com\/fr\/base-de-donnees-de-lindustrie-culturelle-et-creative\/#breadcrumb","itemListElement":[{"@type":"ListItem","position":1,"name":"Home","item":"https:\/\/www.ifi-id.com\/"},{"@type":"ListItem","position":2,"name":"Base de donn\u00e9es de l&rsquo;industrie culturelle et cr\u00e9ative"}]},{"@type":"WebSite","@id":"https:\/\/www.ifi-id.com\/#website","url":"https:\/\/www.ifi-id.com\/","name":"Institut fran\u00e7ais Indon\u00e9sie","description":"","publisher":{"@id":"https:\/\/www.ifi-id.com\/#organization"},"potentialAction":[{"@type":"SearchAction","target":{"@type":"EntryPoint","urlTemplate":"https:\/\/www.ifi-id.com\/?s={search_term_string}"},"query-input":{"@type":"PropertyValueSpecification","valueRequired":true,"valueName":"search_term_string"}}],"inLanguage":"fr-FR"},{"@type":"Organization","@id":"https:\/\/www.ifi-id.com\/#organization","name":"Institut fran\u00e7ais Indon\u00e9sie","url":"https:\/\/www.ifi-id.com\/","logo":{"@type":"ImageObject","inLanguage":"fr-FR","@id":"https:\/\/www.ifi-id.com\/#\/schema\/logo\/image\/","url":"https:\/\/www.ifi-id.com\/wp-content\/uploads\/2022\/12\/IFI_New_Logo.jpg","contentUrl":"https:\/\/www.ifi-id.com\/wp-content\/uploads\/2022\/12\/IFI_New_Logo.jpg","width":666,"height":444,"caption":"Institut fran\u00e7ais Indon\u00e9sie"},"image":{"@id":"https:\/\/www.ifi-id.com\/#\/schema\/logo\/image\/"}}]}},"post_mailing_queue_ids":[],"_links":{"self":[{"href":"https:\/\/www.ifi-id.com\/fr\/wp-json\/wp\/v2\/pages\/30036"}],"collection":[{"href":"https:\/\/www.ifi-id.com\/fr\/wp-json\/wp\/v2\/pages"}],"about":[{"href":"https:\/\/www.ifi-id.com\/fr\/wp-json\/wp\/v2\/types\/page"}],"author":[{"embeddable":true,"href":"https:\/\/www.ifi-id.com\/fr\/wp-json\/wp\/v2\/users\/1"}],"replies":[{"embeddable":true,"href":"https:\/\/www.ifi-id.com\/fr\/wp-json\/wp\/v2\/comments?post=30036"}],"version-history":[{"count":2,"href":"https:\/\/www.ifi-id.com\/fr\/wp-json\/wp\/v2\/pages\/30036\/revisions"}],"predecessor-version":[{"id":30387,"href":"https:\/\/www.ifi-id.com\/fr\/wp-json\/wp\/v2\/pages\/30036\/revisions\/30387"}],"wp:attachment":[{"href":"https:\/\/www.ifi-id.com\/fr\/wp-json\/wp\/v2\/media?parent=30036"}],"curies":[{"name":"wp","href":"https:\/\/api.w.org\/{rel}","templated":true}]}}