{"id":29195,"date":"2022-10-12T16:36:29","date_gmt":"2022-10-12T09:36:29","guid":{"rendered":"https:\/\/www.ifi-id.com\/festival-du-cinema-francais-2022-films-en-ligne"},"modified":"2022-10-12T16:36:29","modified_gmt":"2022-10-12T09:36:29","slug":"festival-du-cinema-francais-2022-films-en-ligne","status":"publish","type":"page","link":"https:\/\/www.ifi-id.com\/fr\/festival-du-cinema-francais-2022-films-en-ligne\/","title":{"rendered":"Festival du Cin\u00e9ma Fran\u00e7ais 2022 &#8211; Films En Ligne"},"content":{"rendered":"\t\t<div data-elementor-type=\"wp-page\" data-elementor-id=\"29195\" class=\"elementor elementor-29195 elementor-29188\" data-elementor-post-type=\"page\">\n\t\t\t\t\t\t<section class=\"elementor-section elementor-top-section elementor-element elementor-element-2e4dd99 elementor-section-boxed elementor-section-height-default elementor-section-height-default\" data-id=\"2e4dd99\" data-element_type=\"section\">\n\t\t\t\t\t\t<div class=\"elementor-container elementor-column-gap-default\">\n\t\t\t\t\t<div class=\"elementor-column elementor-col-100 elementor-top-column elementor-element elementor-element-65401d0\" data-id=\"65401d0\" data-element_type=\"column\">\n\t\t\t<div class=\"elementor-widget-wrap elementor-element-populated\">\n\t\t\t\t\t\t<div class=\"elementor-element elementor-element-a468b9d elementor-hidden-phone elementor-widget elementor-widget-heading\" data-id=\"a468b9d\" data-element_type=\"widget\" data-widget_type=\"heading.default\">\n\t\t\t\t<div class=\"elementor-widget-container\">\n\t\t\t<h2 class=\"elementor-heading-title elementor-size-default\">Festival du Cin\u00e9ma Fran\u00e7ais 2022 - Films En Ligne<\/h2>\t\t<\/div>\n\t\t\t\t<\/div>\n\t\t\t\t\t<\/div>\n\t\t<\/div>\n\t\t\t\t\t<\/div>\n\t\t<\/section>\n\t\t\t\t<section class=\"elementor-section elementor-top-section elementor-element elementor-element-0a597c7 elementor-section-boxed elementor-section-height-default elementor-section-height-default\" data-id=\"0a597c7\" data-element_type=\"section\">\n\t\t\t\t\t\t<div class=\"elementor-container elementor-column-gap-default\">\n\t\t\t\t\t<div class=\"elementor-column elementor-col-100 elementor-top-column elementor-element elementor-element-2fcbd36\" data-id=\"2fcbd36\" data-element_type=\"column\">\n\t\t\t<div class=\"elementor-widget-wrap elementor-element-populated\">\n\t\t\t\t\t\t<div class=\"elementor-element elementor-element-87b74f4 elementor-hidden-desktop elementor-hidden-tablet elementor-widget elementor-widget-heading\" data-id=\"87b74f4\" data-element_type=\"widget\" data-widget_type=\"heading.default\">\n\t\t\t\t<div class=\"elementor-widget-container\">\n\t\t\t<h2 class=\"elementor-heading-title elementor-size-default\">Festival du Cin\u00e9ma Fran\u00e7ais 2022 - Films En Ligne<\/h2>\t\t<\/div>\n\t\t\t\t<\/div>\n\t\t\t\t\t<\/div>\n\t\t<\/div>\n\t\t\t\t\t<\/div>\n\t\t<\/section>\n\t\t\t\t<section class=\"elementor-section elementor-top-section elementor-element elementor-element-f94f344 elementor-section-boxed elementor-section-height-default elementor-section-height-default\" data-id=\"f94f344\" data-element_type=\"section\">\n\t\t\t\t\t\t<div class=\"elementor-container elementor-column-gap-default\">\n\t\t\t\t\t<div class=\"elementor-column elementor-col-100 elementor-top-column elementor-element elementor-element-3ac6673\" data-id=\"3ac6673\" data-element_type=\"column\">\n\t\t\t<div class=\"elementor-widget-wrap elementor-element-populated\">\n\t\t\t\t\t\t<div class=\"elementor-element elementor-element-67bec54 elementor-grid-3 elementor-grid-tablet-2 elementor-grid-mobile-1 elementor-posts--thumbnail-top elementor-card-shadow-yes elementor-posts__hover-gradient elementor-widget elementor-widget-posts\" data-id=\"67bec54\" data-element_type=\"widget\" data-settings=\"{&quot;pagination_type&quot;:&quot;numbers_and_prev_next&quot;,&quot;cards_row_gap&quot;:{&quot;unit&quot;:&quot;px&quot;,&quot;size&quot;:17,&quot;sizes&quot;:[]},&quot;cards_columns&quot;:&quot;3&quot;,&quot;cards_columns_tablet&quot;:&quot;2&quot;,&quot;cards_columns_mobile&quot;:&quot;1&quot;,&quot;cards_row_gap_tablet&quot;:{&quot;unit&quot;:&quot;px&quot;,&quot;size&quot;:&quot;&quot;,&quot;sizes&quot;:[]},&quot;cards_row_gap_mobile&quot;:{&quot;unit&quot;:&quot;px&quot;,&quot;size&quot;:&quot;&quot;,&quot;sizes&quot;:[]}}\" data-widget_type=\"posts.cards\">\n\t\t\t\t<div class=\"elementor-widget-container\">\n\t\t\t\t\t<div class=\"elementor-posts-container elementor-posts elementor-posts--skin-cards elementor-grid\">\n\t\t\t\t<article class=\"elementor-post elementor-grid-item post-28147 page type-page status-publish has-post-thumbnail hentry\">\n\t\t\t<div class=\"elementor-post__card\">\n\t\t\t\t<a class=\"elementor-post__thumbnail__link\" href=\"https:\/\/www.ifi-id.com\/fr\/fsp22-film-animal\/\" tabindex=\"-1\" ><div class=\"elementor-post__thumbnail\"><img fetchpriority=\"high\" decoding=\"async\" width=\"1024\" height=\"512\" src=\"https:\/\/www.ifi-id.com\/wp-content\/uploads\/2022\/09\/Still-1-e1663318435620.jpg\" class=\"attachment-full size-full wp-image-28122\" alt=\"\" sizes=\"100vw\" \/><\/div><\/a>\n\t\t\t\t<div class=\"elementor-post__text\">\n\t\t\t\t<h3 class=\"elementor-post__title\">\n\t\t\t<a href=\"https:\/\/www.ifi-id.com\/fr\/fsp22-film-animal\/\" >\n\t\t\t\tAnimal &#8211; Festival du Cin\u00e9ma Fran\u00e7ais 2022\t\t\t<\/a>\n\t\t<\/h3>\n\t\t\t\t<\/div>\n\t\t\t\t\t<\/div>\n\t\t<\/article>\n\t\t\t\t<article class=\"elementor-post elementor-grid-item post-29162 page type-page status-publish has-post-thumbnail hentry\">\n\t\t\t<div class=\"elementor-post__card\">\n\t\t\t\t<a class=\"elementor-post__thumbnail__link\" href=\"https:\/\/www.ifi-id.com\/fr\/la-venus-a-la-fourrure-festival-sinema-prancis-2022\/\" tabindex=\"-1\" ><div class=\"elementor-post__thumbnail\"><img decoding=\"async\" width=\"1623\" height=\"1080\" src=\"https:\/\/www.ifi-id.com\/wp-content\/uploads\/2022\/10\/La-Venus-1.jpg\" class=\"attachment-full size-full wp-image-29152\" alt=\"\" srcset=\"https:\/\/www.ifi-id.com\/wp-content\/uploads\/2022\/10\/La-Venus-1.jpg 1623w, https:\/\/www.ifi-id.com\/wp-content\/uploads\/2022\/10\/La-Venus-1-300x200.jpg 300w, https:\/\/www.ifi-id.com\/wp-content\/uploads\/2022\/10\/La-Venus-1-1024x681.jpg 1024w, https:\/\/www.ifi-id.com\/wp-content\/uploads\/2022\/10\/La-Venus-1-768x511.jpg 768w, https:\/\/www.ifi-id.com\/wp-content\/uploads\/2022\/10\/La-Venus-1-1536x1022.jpg 1536w\" sizes=\"100vw\" \/><\/div><\/a>\n\t\t\t\t<div class=\"elementor-post__text\">\n\t\t\t\t<h3 class=\"elementor-post__title\">\n\t\t\t<a href=\"https:\/\/www.ifi-id.com\/fr\/la-venus-a-la-fourrure-festival-sinema-prancis-2022\/\" >\n\t\t\t\tLa V\u00e9nus \u00e0 la Fourrure &#8211; Festival Sinema Prancis 2022\t\t\t<\/a>\n\t\t<\/h3>\n\t\t\t\t<\/div>\n\t\t\t\t\t<\/div>\n\t\t<\/article>\n\t\t\t\t<article class=\"elementor-post elementor-grid-item post-29110 page type-page status-publish has-post-thumbnail hentry\">\n\t\t\t<div class=\"elementor-post__card\">\n\t\t\t\t<a class=\"elementor-post__thumbnail__link\" href=\"https:\/\/www.ifi-id.com\/fr\/mal-de-pierres-festival-du-cinema-francais-2022\/\" tabindex=\"-1\" ><div class=\"elementor-post__thumbnail\"><img decoding=\"async\" width=\"1280\" height=\"720\" src=\"https:\/\/www.ifi-id.com\/wp-content\/uploads\/2022\/10\/Mal-de-pierres-3-e1665551037197.jpg\" class=\"attachment-full size-full wp-image-29105\" alt=\"\" sizes=\"100vw\" \/><\/div><\/a>\n\t\t\t\t<div class=\"elementor-post__text\">\n\t\t\t\t<h3 class=\"elementor-post__title\">\n\t\t\t<a href=\"https:\/\/www.ifi-id.com\/fr\/mal-de-pierres-festival-du-cinema-francais-2022\/\" >\n\t\t\t\tMal de Pierres &#8211; Festival du Cin\u00e9ma Fran\u00e7ais 2022\t\t\t<\/a>\n\t\t<\/h3>\n\t\t\t\t<\/div>\n\t\t\t\t\t<\/div>\n\t\t<\/article>\n\t\t\t\t<article class=\"elementor-post elementor-grid-item post-29126 page type-page status-publish has-post-thumbnail hentry\">\n\t\t\t<div class=\"elementor-post__card\">\n\t\t\t\t<a class=\"elementor-post__thumbnail__link\" href=\"https:\/\/www.ifi-id.com\/fr\/ne-te-retourne-pas-festival-du-cinema-francais-2022\/\" tabindex=\"-1\" ><div class=\"elementor-post__thumbnail\"><img loading=\"lazy\" decoding=\"async\" width=\"736\" height=\"536\" src=\"https:\/\/www.ifi-id.com\/wp-content\/uploads\/2022\/10\/Ne-Te-Retourne-Pas-2-e1665564263682.jpg\" class=\"attachment-full size-full wp-image-29120\" alt=\"\" sizes=\"100vw\" \/><\/div><\/a>\n\t\t\t\t<div class=\"elementor-post__text\">\n\t\t\t\t<h3 class=\"elementor-post__title\">\n\t\t\t<a href=\"https:\/\/www.ifi-id.com\/fr\/ne-te-retourne-pas-festival-du-cinema-francais-2022\/\" >\n\t\t\t\tNe te retourne pas &#8211; Festival du Cin\u00e9ma Fran\u00e7ais 2022\t\t\t<\/a>\n\t\t<\/h3>\n\t\t\t\t<\/div>\n\t\t\t\t\t<\/div>\n\t\t<\/article>\n\t\t\t\t<article class=\"elementor-post elementor-grid-item post-29148 page type-page status-publish has-post-thumbnail hentry\">\n\t\t\t<div class=\"elementor-post__card\">\n\t\t\t\t<a class=\"elementor-post__thumbnail__link\" href=\"https:\/\/www.ifi-id.com\/fr\/neuf-meufs-festival-du-cinema-francais-2022\/\" tabindex=\"-1\" ><div class=\"elementor-post__thumbnail\"><img loading=\"lazy\" decoding=\"async\" width=\"2560\" height=\"1791\" src=\"https:\/\/www.ifi-id.com\/wp-content\/uploads\/2022\/10\/Neuf-Meufs-2-1-scaled-e1665565204622.jpg\" class=\"attachment-full size-full wp-image-29136\" alt=\"\" sizes=\"100vw\" \/><\/div><\/a>\n\t\t\t\t<div class=\"elementor-post__text\">\n\t\t\t\t<h3 class=\"elementor-post__title\">\n\t\t\t<a href=\"https:\/\/www.ifi-id.com\/fr\/neuf-meufs-festival-du-cinema-francais-2022\/\" >\n\t\t\t\tNeuf Meufs &#8211; Festival du Cin\u00e9ma Fran\u00e7ais 2022\t\t\t<\/a>\n\t\t<\/h3>\n\t\t\t\t<\/div>\n\t\t\t\t\t<\/div>\n\t\t<\/article>\n\t\t\t\t<\/div>\n\t\t\n\t\t\t\t<\/div>\n\t\t\t\t<\/div>\n\t\t\t\t\t<\/div>\n\t\t<\/div>\n\t\t\t\t\t<\/div>\n\t\t<\/section>\n\t\t\t\t<\/div>\n\t\t","protected":false},"excerpt":{"rendered":"<p>Festival du Cin\u00e9ma Fran\u00e7ais 2022 &#8211; Films En Ligne Festival du Cin\u00e9ma Fran\u00e7ais 2022 &#8211; Films En Ligne<\/p>\n","protected":false},"author":8,"featured_media":29177,"parent":0,"menu_order":0,"comment_status":"closed","ping_status":"closed","template":"elementor_header_footer","meta":{"footnotes":""},"class_list":["post-29195","page","type-page","status-publish","has-post-thumbnail","hentry"],"yoast_head":"<!-- This site is optimized with the Yoast SEO plugin v23.5 - https:\/\/yoast.com\/wordpress\/plugins\/seo\/ -->\n<title>Festival du Cin\u00e9ma Fran\u00e7ais 2022 - Films En Ligne - Institut fran\u00e7ais Indon\u00e9sie<\/title>\n<meta name=\"robots\" content=\"index, follow, max-snippet:-1, max-image-preview:large, max-video-preview:-1\" \/>\n<link rel=\"canonical\" href=\"https:\/\/www.ifi-id.com\/fr\/festival-du-cinema-francais-2022-films-en-ligne\/\" \/>\n<meta property=\"og:locale\" content=\"fr_FR\" \/>\n<meta property=\"og:type\" content=\"article\" \/>\n<meta property=\"og:title\" content=\"Festival du Cin\u00e9ma Fran\u00e7ais 2022 - Films En Ligne\" \/>\n<meta property=\"og:description\" content=\"Festival du Cin\u00e9ma Fran\u00e7ais 2022 &#8211; Films En Ligne Festival du Cin\u00e9ma Fran\u00e7ais 2022 &#8211; Films En Ligne\" \/>\n<meta property=\"og:url\" content=\"https:\/\/www.ifi-id.com\/fr\/festival-du-cinema-francais-2022-films-en-ligne\/\" \/>\n<meta property=\"og:site_name\" content=\"Institut fran\u00e7ais Indon\u00e9sie\" \/>\n<meta property=\"og:image\" content=\"https:\/\/www.ifi-id.com\/wp-content\/uploads\/2022\/10\/WhatsApp-Image-2022-10-11-at-4.33.20-PM-5.jpeg\" \/>\n<meta name=\"twitter:card\" content=\"summary_large_image\" \/>\n<meta name=\"twitter:title\" content=\"Festival du Cin\u00e9ma Fran\u00e7ais 2022 - Films En Ligne\" \/>\n<meta name=\"twitter:image\" content=\"https:\/\/www.ifi-id.com\/wp-content\/uploads\/2022\/10\/WhatsApp-Image-2022-10-11-at-4.33.20-PM-5-1024x576.jpeg\" \/>\n<script type=\"application\/ld+json\" class=\"yoast-schema-graph\">{\"@context\":\"https:\/\/schema.org\",\"@graph\":[{\"@type\":\"WebPage\",\"@id\":\"https:\/\/www.ifi-id.com\/fr\/festival-du-cinema-francais-2022-films-en-ligne\/\",\"url\":\"https:\/\/www.ifi-id.com\/fr\/festival-du-cinema-francais-2022-films-en-ligne\/\",\"name\":\"Festival du Cin\u00e9ma Fran\u00e7ais 2022 - Films En Ligne - Institut fran\u00e7ais Indon\u00e9sie\",\"isPartOf\":{\"@id\":\"https:\/\/www.ifi-id.com\/#website\"},\"primaryImageOfPage\":{\"@id\":\"https:\/\/www.ifi-id.com\/fr\/festival-du-cinema-francais-2022-films-en-ligne\/#primaryimage\"},\"image\":{\"@id\":\"https:\/\/www.ifi-id.com\/fr\/festival-du-cinema-francais-2022-films-en-ligne\/#primaryimage\"},\"thumbnailUrl\":\"https:\/\/www.ifi-id.com\/wp-content\/uploads\/2022\/10\/WhatsApp-Image-2022-10-11-at-4.33.20-PM-5.jpeg\",\"datePublished\":\"2022-10-12T09:36:29+00:00\",\"dateModified\":\"2022-10-12T09:36:29+00:00\",\"breadcrumb\":{\"@id\":\"https:\/\/www.ifi-id.com\/fr\/festival-du-cinema-francais-2022-films-en-ligne\/#breadcrumb\"},\"inLanguage\":\"fr-FR\",\"potentialAction\":[{\"@type\":\"ReadAction\",\"target\":[\"https:\/\/www.ifi-id.com\/fr\/festival-du-cinema-francais-2022-films-en-ligne\/\"]}]},{\"@type\":\"ImageObject\",\"inLanguage\":\"fr-FR\",\"@id\":\"https:\/\/www.ifi-id.com\/fr\/festival-du-cinema-francais-2022-films-en-ligne\/#primaryimage\",\"url\":\"https:\/\/www.ifi-id.com\/wp-content\/uploads\/2022\/10\/WhatsApp-Image-2022-10-11-at-4.33.20-PM-5.jpeg\",\"contentUrl\":\"https:\/\/www.ifi-id.com\/wp-content\/uploads\/2022\/10\/WhatsApp-Image-2022-10-11-at-4.33.20-PM-5.jpeg\",\"width\":1280,\"height\":720},{\"@type\":\"BreadcrumbList\",\"@id\":\"https:\/\/www.ifi-id.com\/fr\/festival-du-cinema-francais-2022-films-en-ligne\/#breadcrumb\",\"itemListElement\":[{\"@type\":\"ListItem\",\"position\":1,\"name\":\"Home\",\"item\":\"https:\/\/www.ifi-id.com\/\"},{\"@type\":\"ListItem\",\"position\":2,\"name\":\"Festival du Cin\u00e9ma Fran\u00e7ais 2022 &#8211; Films En Ligne\"}]},{\"@type\":\"WebSite\",\"@id\":\"https:\/\/www.ifi-id.com\/#website\",\"url\":\"https:\/\/www.ifi-id.com\/\",\"name\":\"Institut fran\u00e7ais Indon\u00e9sie\",\"description\":\"\",\"publisher\":{\"@id\":\"https:\/\/www.ifi-id.com\/#organization\"},\"potentialAction\":[{\"@type\":\"SearchAction\",\"target\":{\"@type\":\"EntryPoint\",\"urlTemplate\":\"https:\/\/www.ifi-id.com\/?s={search_term_string}\"},\"query-input\":{\"@type\":\"PropertyValueSpecification\",\"valueRequired\":true,\"valueName\":\"search_term_string\"}}],\"inLanguage\":\"fr-FR\"},{\"@type\":\"Organization\",\"@id\":\"https:\/\/www.ifi-id.com\/#organization\",\"name\":\"Institut fran\u00e7ais Indon\u00e9sie\",\"url\":\"https:\/\/www.ifi-id.com\/\",\"logo\":{\"@type\":\"ImageObject\",\"inLanguage\":\"fr-FR\",\"@id\":\"https:\/\/www.ifi-id.com\/#\/schema\/logo\/image\/\",\"url\":\"https:\/\/www.ifi-id.com\/wp-content\/uploads\/2022\/12\/IFI_New_Logo.jpg\",\"contentUrl\":\"https:\/\/www.ifi-id.com\/wp-content\/uploads\/2022\/12\/IFI_New_Logo.jpg\",\"width\":666,\"height\":444,\"caption\":\"Institut fran\u00e7ais Indon\u00e9sie\"},\"image\":{\"@id\":\"https:\/\/www.ifi-id.com\/#\/schema\/logo\/image\/\"}}]}<\/script>\n<!-- \/ Yoast SEO plugin. -->","yoast_head_json":{"title":"Festival du Cin\u00e9ma Fran\u00e7ais 2022 - Films En Ligne - Institut fran\u00e7ais Indon\u00e9sie","robots":{"index":"index","follow":"follow","max-snippet":"max-snippet:-1","max-image-preview":"max-image-preview:large","max-video-preview":"max-video-preview:-1"},"canonical":"https:\/\/www.ifi-id.com\/fr\/festival-du-cinema-francais-2022-films-en-ligne\/","og_locale":"fr_FR","og_type":"article","og_title":"Festival du Cin\u00e9ma Fran\u00e7ais 2022 - Films En Ligne","og_description":"Festival du Cin\u00e9ma Fran\u00e7ais 2022 &#8211; Films En Ligne Festival du Cin\u00e9ma Fran\u00e7ais 2022 &#8211; Films En Ligne","og_url":"https:\/\/www.ifi-id.com\/fr\/festival-du-cinema-francais-2022-films-en-ligne\/","og_site_name":"Institut fran\u00e7ais Indon\u00e9sie","og_image":[{"url":"https:\/\/www.ifi-id.com\/wp-content\/uploads\/2022\/10\/WhatsApp-Image-2022-10-11-at-4.33.20-PM-5.jpeg"}],"twitter_card":"summary_large_image","twitter_title":"Festival du Cin\u00e9ma Fran\u00e7ais 2022 - Films En Ligne","twitter_image":"https:\/\/www.ifi-id.com\/wp-content\/uploads\/2022\/10\/WhatsApp-Image-2022-10-11-at-4.33.20-PM-5-1024x576.jpeg","schema":{"@context":"https:\/\/schema.org","@graph":[{"@type":"WebPage","@id":"https:\/\/www.ifi-id.com\/fr\/festival-du-cinema-francais-2022-films-en-ligne\/","url":"https:\/\/www.ifi-id.com\/fr\/festival-du-cinema-francais-2022-films-en-ligne\/","name":"Festival du Cin\u00e9ma Fran\u00e7ais 2022 - Films En Ligne - Institut fran\u00e7ais Indon\u00e9sie","isPartOf":{"@id":"https:\/\/www.ifi-id.com\/#website"},"primaryImageOfPage":{"@id":"https:\/\/www.ifi-id.com\/fr\/festival-du-cinema-francais-2022-films-en-ligne\/#primaryimage"},"image":{"@id":"https:\/\/www.ifi-id.com\/fr\/festival-du-cinema-francais-2022-films-en-ligne\/#primaryimage"},"thumbnailUrl":"https:\/\/www.ifi-id.com\/wp-content\/uploads\/2022\/10\/WhatsApp-Image-2022-10-11-at-4.33.20-PM-5.jpeg","datePublished":"2022-10-12T09:36:29+00:00","dateModified":"2022-10-12T09:36:29+00:00","breadcrumb":{"@id":"https:\/\/www.ifi-id.com\/fr\/festival-du-cinema-francais-2022-films-en-ligne\/#breadcrumb"},"inLanguage":"fr-FR","potentialAction":[{"@type":"ReadAction","target":["https:\/\/www.ifi-id.com\/fr\/festival-du-cinema-francais-2022-films-en-ligne\/"]}]},{"@type":"ImageObject","inLanguage":"fr-FR","@id":"https:\/\/www.ifi-id.com\/fr\/festival-du-cinema-francais-2022-films-en-ligne\/#primaryimage","url":"https:\/\/www.ifi-id.com\/wp-content\/uploads\/2022\/10\/WhatsApp-Image-2022-10-11-at-4.33.20-PM-5.jpeg","contentUrl":"https:\/\/www.ifi-id.com\/wp-content\/uploads\/2022\/10\/WhatsApp-Image-2022-10-11-at-4.33.20-PM-5.jpeg","width":1280,"height":720},{"@type":"BreadcrumbList","@id":"https:\/\/www.ifi-id.com\/fr\/festival-du-cinema-francais-2022-films-en-ligne\/#breadcrumb","itemListElement":[{"@type":"ListItem","position":1,"name":"Home","item":"https:\/\/www.ifi-id.com\/"},{"@type":"ListItem","position":2,"name":"Festival du Cin\u00e9ma Fran\u00e7ais 2022 &#8211; Films En Ligne"}]},{"@type":"WebSite","@id":"https:\/\/www.ifi-id.com\/#website","url":"https:\/\/www.ifi-id.com\/","name":"Institut fran\u00e7ais Indon\u00e9sie","description":"","publisher":{"@id":"https:\/\/www.ifi-id.com\/#organization"},"potentialAction":[{"@type":"SearchAction","target":{"@type":"EntryPoint","urlTemplate":"https:\/\/www.ifi-id.com\/?s={search_term_string}"},"query-input":{"@type":"PropertyValueSpecification","valueRequired":true,"valueName":"search_term_string"}}],"inLanguage":"fr-FR"},{"@type":"Organization","@id":"https:\/\/www.ifi-id.com\/#organization","name":"Institut fran\u00e7ais Indon\u00e9sie","url":"https:\/\/www.ifi-id.com\/","logo":{"@type":"ImageObject","inLanguage":"fr-FR","@id":"https:\/\/www.ifi-id.com\/#\/schema\/logo\/image\/","url":"https:\/\/www.ifi-id.com\/wp-content\/uploads\/2022\/12\/IFI_New_Logo.jpg","contentUrl":"https:\/\/www.ifi-id.com\/wp-content\/uploads\/2022\/12\/IFI_New_Logo.jpg","width":666,"height":444,"caption":"Institut fran\u00e7ais Indon\u00e9sie"},"image":{"@id":"https:\/\/www.ifi-id.com\/#\/schema\/logo\/image\/"}}]}},"post_mailing_queue_ids":[],"_links":{"self":[{"href":"https:\/\/www.ifi-id.com\/fr\/wp-json\/wp\/v2\/pages\/29195"}],"collection":[{"href":"https:\/\/www.ifi-id.com\/fr\/wp-json\/wp\/v2\/pages"}],"about":[{"href":"https:\/\/www.ifi-id.com\/fr\/wp-json\/wp\/v2\/types\/page"}],"author":[{"embeddable":true,"href":"https:\/\/www.ifi-id.com\/fr\/wp-json\/wp\/v2\/users\/8"}],"replies":[{"embeddable":true,"href":"https:\/\/www.ifi-id.com\/fr\/wp-json\/wp\/v2\/comments?post=29195"}],"version-history":[{"count":1,"href":"https:\/\/www.ifi-id.com\/fr\/wp-json\/wp\/v2\/pages\/29195\/revisions"}],"predecessor-version":[{"id":29196,"href":"https:\/\/www.ifi-id.com\/fr\/wp-json\/wp\/v2\/pages\/29195\/revisions\/29196"}],"wp:featuredmedia":[{"embeddable":true,"href":"https:\/\/www.ifi-id.com\/fr\/wp-json\/wp\/v2\/media\/29177"}],"wp:attachment":[{"href":"https:\/\/www.ifi-id.com\/fr\/wp-json\/wp\/v2\/media?parent=29195"}],"curies":[{"name":"wp","href":"https:\/\/api.w.org\/{rel}","templated":true}]}}