{"id":29186,"date":"2022-10-12T16:31:01","date_gmt":"2022-10-12T09:31:01","guid":{"rendered":"https:\/\/www.ifi-id.com\/festival-du-cinema-francais-2022-films-hors-ligne"},"modified":"2022-10-12T16:31:02","modified_gmt":"2022-10-12T09:31:02","slug":"festival-du-cinema-francais-2022-films-hors-ligne","status":"publish","type":"page","link":"https:\/\/www.ifi-id.com\/fr\/festival-du-cinema-francais-2022-films-hors-ligne\/","title":{"rendered":"Festival du Cin\u00e9ma Fran\u00e7ais 2022 &#8211; Films Hors Ligne"},"content":{"rendered":"\t\t<div data-elementor-type=\"wp-page\" data-elementor-id=\"29186\" class=\"elementor elementor-29186 elementor-29164\" data-elementor-post-type=\"page\">\n\t\t\t\t\t\t<section class=\"elementor-section elementor-top-section elementor-element elementor-element-1404268 elementor-section-boxed elementor-section-height-default elementor-section-height-default\" data-id=\"1404268\" data-element_type=\"section\">\n\t\t\t\t\t\t<div class=\"elementor-container elementor-column-gap-default\">\n\t\t\t\t\t<div class=\"elementor-column elementor-col-100 elementor-top-column elementor-element elementor-element-2720f0b\" data-id=\"2720f0b\" data-element_type=\"column\">\n\t\t\t<div class=\"elementor-widget-wrap elementor-element-populated\">\n\t\t\t\t\t\t<div class=\"elementor-element elementor-element-28926c3 elementor-hidden-phone elementor-widget elementor-widget-heading\" data-id=\"28926c3\" data-element_type=\"widget\" data-widget_type=\"heading.default\">\n\t\t\t\t<div class=\"elementor-widget-container\">\n\t\t\t<h2 class=\"elementor-heading-title elementor-size-default\">Festival du Cin\u00e9ma Fran\u00e7ais 2022 - Films Hors Ligne<\/h2>\t\t<\/div>\n\t\t\t\t<\/div>\n\t\t\t\t\t<\/div>\n\t\t<\/div>\n\t\t\t\t\t<\/div>\n\t\t<\/section>\n\t\t\t\t<section class=\"elementor-section elementor-top-section elementor-element elementor-element-fd791c8 elementor-section-boxed elementor-section-height-default elementor-section-height-default\" data-id=\"fd791c8\" data-element_type=\"section\">\n\t\t\t\t\t\t<div class=\"elementor-container elementor-column-gap-default\">\n\t\t\t\t\t<div class=\"elementor-column elementor-col-100 elementor-top-column elementor-element elementor-element-a606f39\" data-id=\"a606f39\" data-element_type=\"column\">\n\t\t\t<div class=\"elementor-widget-wrap elementor-element-populated\">\n\t\t\t\t\t\t<div class=\"elementor-element elementor-element-e83d4b6 elementor-hidden-desktop elementor-hidden-tablet elementor-widget elementor-widget-heading\" data-id=\"e83d4b6\" data-element_type=\"widget\" data-widget_type=\"heading.default\">\n\t\t\t\t<div class=\"elementor-widget-container\">\n\t\t\t<h2 class=\"elementor-heading-title elementor-size-default\">Festival du Cin\u00e9ma Fran\u00e7ais 2022 - Films Hors Ligne<\/h2>\t\t<\/div>\n\t\t\t\t<\/div>\n\t\t\t\t\t<\/div>\n\t\t<\/div>\n\t\t\t\t\t<\/div>\n\t\t<\/section>\n\t\t\t\t<section class=\"elementor-section elementor-top-section elementor-element elementor-element-38e34f2 elementor-section-boxed elementor-section-height-default elementor-section-height-default\" data-id=\"38e34f2\" data-element_type=\"section\">\n\t\t\t\t\t\t<div class=\"elementor-container elementor-column-gap-default\">\n\t\t\t\t\t<div class=\"elementor-column elementor-col-100 elementor-top-column elementor-element elementor-element-2fba2aa\" data-id=\"2fba2aa\" data-element_type=\"column\">\n\t\t\t<div class=\"elementor-widget-wrap elementor-element-populated\">\n\t\t\t\t\t\t<div class=\"elementor-element elementor-element-7d1ca8d elementor-grid-3 elementor-grid-tablet-2 elementor-grid-mobile-1 elementor-posts--thumbnail-top elementor-card-shadow-yes elementor-posts__hover-gradient elementor-widget elementor-widget-posts\" data-id=\"7d1ca8d\" data-element_type=\"widget\" data-settings=\"{&quot;pagination_type&quot;:&quot;numbers_and_prev_next&quot;,&quot;cards_row_gap&quot;:{&quot;unit&quot;:&quot;px&quot;,&quot;size&quot;:17,&quot;sizes&quot;:[]},&quot;cards_columns&quot;:&quot;3&quot;,&quot;cards_columns_tablet&quot;:&quot;2&quot;,&quot;cards_columns_mobile&quot;:&quot;1&quot;,&quot;cards_row_gap_tablet&quot;:{&quot;unit&quot;:&quot;px&quot;,&quot;size&quot;:&quot;&quot;,&quot;sizes&quot;:[]},&quot;cards_row_gap_mobile&quot;:{&quot;unit&quot;:&quot;px&quot;,&quot;size&quot;:&quot;&quot;,&quot;sizes&quot;:[]}}\" data-widget_type=\"posts.cards\">\n\t\t\t\t<div class=\"elementor-widget-container\">\n\t\t\t\t\t<div class=\"elementor-posts-container elementor-posts elementor-posts--skin-cards elementor-grid\">\n\t\t\t\t<article class=\"elementor-post elementor-grid-item post-28118 page type-page status-publish has-post-thumbnail hentry\">\n\t\t\t<div class=\"elementor-post__card\">\n\t\t\t\t<a class=\"elementor-post__thumbnail__link\" href=\"https:\/\/www.ifi-id.com\/fr\/fsp22-film-a-labordage\/\" tabindex=\"-1\" ><div class=\"elementor-post__thumbnail\"><img fetchpriority=\"high\" decoding=\"async\" width=\"1280\" height=\"720\" src=\"https:\/\/www.ifi-id.com\/wp-content\/uploads\/2022\/09\/A-labordage_0000_ALABORDAGE_snapshot_etaloDEF_10_\u00a9-2020-A-LABORDAGE-GEKO-FILMS-ARTE-FILMS-THE-PARTY-FILM-SALES.jpg\" class=\"attachment-full size-full wp-image-28105\" alt=\"\" srcset=\"https:\/\/www.ifi-id.com\/wp-content\/uploads\/2022\/09\/A-labordage_0000_ALABORDAGE_snapshot_etaloDEF_10_\u00a9-2020-A-LABORDAGE-GEKO-FILMS-ARTE-FILMS-THE-PARTY-FILM-SALES.jpg 1280w, https:\/\/www.ifi-id.com\/wp-content\/uploads\/2022\/09\/A-labordage_0000_ALABORDAGE_snapshot_etaloDEF_10_\u00a9-2020-A-LABORDAGE-GEKO-FILMS-ARTE-FILMS-THE-PARTY-FILM-SALES-300x169.jpg 300w, https:\/\/www.ifi-id.com\/wp-content\/uploads\/2022\/09\/A-labordage_0000_ALABORDAGE_snapshot_etaloDEF_10_\u00a9-2020-A-LABORDAGE-GEKO-FILMS-ARTE-FILMS-THE-PARTY-FILM-SALES-1024x576.jpg 1024w, https:\/\/www.ifi-id.com\/wp-content\/uploads\/2022\/09\/A-labordage_0000_ALABORDAGE_snapshot_etaloDEF_10_\u00a9-2020-A-LABORDAGE-GEKO-FILMS-ARTE-FILMS-THE-PARTY-FILM-SALES-768x432.jpg 768w\" sizes=\"100vw\" \/><\/div><\/a>\n\t\t\t\t<div class=\"elementor-post__text\">\n\t\t\t\t<h3 class=\"elementor-post__title\">\n\t\t\t<a href=\"https:\/\/www.ifi-id.com\/fr\/fsp22-film-a-labordage\/\" >\n\t\t\t\t\u00c0 l\u2019abordage &#8211; Festival du Cin\u00e9ma Fran\u00e7ais 2022\t\t\t<\/a>\n\t\t<\/h3>\n\t\t\t\t<\/div>\n\t\t\t\t\t<\/div>\n\t\t<\/article>\n\t\t\t\t<article class=\"elementor-post elementor-grid-item post-28057 page type-page status-publish has-post-thumbnail hentry\">\n\t\t\t<div class=\"elementor-post__card\">\n\t\t\t\t<a class=\"elementor-post__thumbnail__link\" href=\"https:\/\/www.ifi-id.com\/fr\/fsp22-film-adolescentes\/\" tabindex=\"-1\" ><div class=\"elementor-post__thumbnail\"><img decoding=\"async\" width=\"1022\" height=\"521\" src=\"https:\/\/www.ifi-id.com\/wp-content\/uploads\/2022\/09\/adolescentes1-e1663258809982.jpg\" class=\"attachment-full size-full wp-image-28044\" alt=\"\" sizes=\"100vw\" \/><\/div><\/a>\n\t\t\t\t<div class=\"elementor-post__text\">\n\t\t\t\t<h3 class=\"elementor-post__title\">\n\t\t\t<a href=\"https:\/\/www.ifi-id.com\/fr\/fsp22-film-adolescentes\/\" >\n\t\t\t\tAdolescentes &#8211; Festival du Cin\u00e9ma Fran\u00e7ais 2022\t\t\t<\/a>\n\t\t<\/h3>\n\t\t\t\t<\/div>\n\t\t\t\t\t<\/div>\n\t\t<\/article>\n\t\t\t\t<article class=\"elementor-post elementor-grid-item post-28147 page type-page status-publish has-post-thumbnail hentry\">\n\t\t\t<div class=\"elementor-post__card\">\n\t\t\t\t<a class=\"elementor-post__thumbnail__link\" href=\"https:\/\/www.ifi-id.com\/fr\/fsp22-film-animal\/\" tabindex=\"-1\" ><div class=\"elementor-post__thumbnail\"><img decoding=\"async\" width=\"1024\" height=\"512\" src=\"https:\/\/www.ifi-id.com\/wp-content\/uploads\/2022\/09\/Still-1-e1663318435620.jpg\" class=\"attachment-full size-full wp-image-28122\" alt=\"\" sizes=\"100vw\" \/><\/div><\/a>\n\t\t\t\t<div class=\"elementor-post__text\">\n\t\t\t\t<h3 class=\"elementor-post__title\">\n\t\t\t<a href=\"https:\/\/www.ifi-id.com\/fr\/fsp22-film-animal\/\" >\n\t\t\t\tAnimal &#8211; Festival du Cin\u00e9ma Fran\u00e7ais 2022\t\t\t<\/a>\n\t\t<\/h3>\n\t\t\t\t<\/div>\n\t\t\t\t\t<\/div>\n\t\t<\/article>\n\t\t\t\t<article class=\"elementor-post elementor-grid-item post-28170 page type-page status-publish has-post-thumbnail hentry\">\n\t\t\t<div class=\"elementor-post__card\">\n\t\t\t\t<a class=\"elementor-post__thumbnail__link\" href=\"https:\/\/www.ifi-id.com\/fr\/fsp22-film-bonne-mere\/\" tabindex=\"-1\" ><div class=\"elementor-post__thumbnail\"><img loading=\"lazy\" decoding=\"async\" width=\"1120\" height=\"685\" src=\"https:\/\/www.ifi-id.com\/wp-content\/uploads\/2022\/09\/210614141740-e1663320197954.jpeg\" class=\"attachment-full size-full wp-image-28154\" alt=\"\" sizes=\"100vw\" \/><\/div><\/a>\n\t\t\t\t<div class=\"elementor-post__text\">\n\t\t\t\t<h3 class=\"elementor-post__title\">\n\t\t\t<a href=\"https:\/\/www.ifi-id.com\/fr\/fsp22-film-bonne-mere\/\" >\n\t\t\t\tBonne m\u00e8re &#8211; Festival du Cin\u00e9ma Fran\u00e7ais 2022\t\t\t<\/a>\n\t\t<\/h3>\n\t\t\t\t<\/div>\n\t\t\t\t\t<\/div>\n\t\t<\/article>\n\t\t\t\t<article class=\"elementor-post elementor-grid-item post-28184 page type-page status-publish has-post-thumbnail hentry\">\n\t\t\t<div class=\"elementor-post__card\">\n\t\t\t\t<a class=\"elementor-post__thumbnail__link\" href=\"https:\/\/www.ifi-id.com\/fr\/fsp22-film-france\/\" tabindex=\"-1\" ><div class=\"elementor-post__thumbnail\"><img loading=\"lazy\" decoding=\"async\" width=\"1023\" height=\"682\" src=\"https:\/\/www.ifi-id.com\/wp-content\/uploads\/2022\/09\/france2-e1663321623419.jpg\" class=\"attachment-full size-full wp-image-28174\" alt=\"\" sizes=\"100vw\" \/><\/div><\/a>\n\t\t\t\t<div class=\"elementor-post__text\">\n\t\t\t\t<h3 class=\"elementor-post__title\">\n\t\t\t<a href=\"https:\/\/www.ifi-id.com\/fr\/fsp22-film-france\/\" >\n\t\t\t\tFrance &#8211; Festival du Cin\u00e9ma Fran\u00e7ais 2022\t\t\t<\/a>\n\t\t<\/h3>\n\t\t\t\t<\/div>\n\t\t\t\t\t<\/div>\n\t\t<\/article>\n\t\t\t\t<article class=\"elementor-post elementor-grid-item post-28200 page type-page status-publish has-post-thumbnail hentry\">\n\t\t\t<div class=\"elementor-post__card\">\n\t\t\t\t<a class=\"elementor-post__thumbnail__link\" href=\"https:\/\/www.ifi-id.com\/fr\/fsp22-film-illusions-perdues\/\" tabindex=\"-1\" ><div class=\"elementor-post__thumbnail\"><img loading=\"lazy\" decoding=\"async\" width=\"1022\" height=\"486\" src=\"https:\/\/www.ifi-id.com\/wp-content\/uploads\/2022\/09\/Curiosa-Films_Gaumont2-e1663322443691.jpg\" class=\"attachment-full size-full wp-image-28192\" alt=\"\" sizes=\"100vw\" \/><\/div><\/a>\n\t\t\t\t<div class=\"elementor-post__text\">\n\t\t\t\t<h3 class=\"elementor-post__title\">\n\t\t\t<a href=\"https:\/\/www.ifi-id.com\/fr\/fsp22-film-illusions-perdues\/\" >\n\t\t\t\tIllusions perdues &#8211; Festival Cin\u00e9ma du Fran\u00e7ais 2022\t\t\t<\/a>\n\t\t<\/h3>\n\t\t\t\t<\/div>\n\t\t\t\t\t<\/div>\n\t\t<\/article>\n\t\t\t\t<\/div>\n\t\t\n\t\t\t\t<div class=\"e-load-more-anchor\" data-page=\"1\" data-max-page=\"4\" data-next-page=\"https:\/\/www.ifi-id.com\/fr\/wp-json\/wp\/v2\/pages\/29186\/page\/2\/\"><\/div>\n\t\t\t\t<nav class=\"elementor-pagination\" aria-label=\"Pagination\">\n\t\t\t<span class=\"page-numbers prev\"><i class=\"fas fa-less-than\"> <\/i><\/span>\n<span aria-current=\"page\" class=\"page-numbers current\"><span class=\"elementor-screen-only\">Page<\/span>1<\/span>\n<a class=\"page-numbers\" href=\"https:\/\/www.ifi-id.com\/fr\/wp-json\/wp\/v2\/pages\/29186\/page\/2\/\"><span class=\"elementor-screen-only\">Page<\/span>2<\/a>\n<a class=\"page-numbers\" href=\"https:\/\/www.ifi-id.com\/fr\/wp-json\/wp\/v2\/pages\/29186\/page\/3\/\"><span class=\"elementor-screen-only\">Page<\/span>3<\/a>\n<a class=\"page-numbers\" href=\"https:\/\/www.ifi-id.com\/fr\/wp-json\/wp\/v2\/pages\/29186\/page\/4\/\"><span class=\"elementor-screen-only\">Page<\/span>4<\/a>\n<a class=\"page-numbers next\" href=\"https:\/\/www.ifi-id.com\/fr\/wp-json\/wp\/v2\/pages\/29186\/page\/2\/\"><i class=\"fas fa-greater-than\"> <\/i><\/a>\t\t<\/nav>\n\t\t\t\t<\/div>\n\t\t\t\t<\/div>\n\t\t\t\t\t<\/div>\n\t\t<\/div>\n\t\t\t\t\t<\/div>\n\t\t<\/section>\n\t\t\t\t<\/div>\n\t\t","protected":false},"excerpt":{"rendered":"<p>Festival du Cin\u00e9ma Fran\u00e7ais 2022 &#8211; Films Hors Ligne Festival du Cin\u00e9ma Fran\u00e7ais 2022 &#8211; Films Hors Ligne<\/p>\n","protected":false},"author":8,"featured_media":29181,"parent":0,"menu_order":0,"comment_status":"closed","ping_status":"closed","template":"elementor_header_footer","meta":{"footnotes":""},"class_list":["post-29186","page","type-page","status-publish","has-post-thumbnail","hentry"],"yoast_head":"<!-- This site is optimized with the Yoast SEO plugin v23.5 - https:\/\/yoast.com\/wordpress\/plugins\/seo\/ -->\n<title>Festival du Cin\u00e9ma Fran\u00e7ais 2022 - Films Hors Ligne - Institut fran\u00e7ais Indon\u00e9sie<\/title>\n<meta name=\"robots\" content=\"index, follow, max-snippet:-1, max-image-preview:large, max-video-preview:-1\" \/>\n<link rel=\"canonical\" href=\"https:\/\/www.ifi-id.com\/fr\/festival-du-cinema-francais-2022-films-hors-ligne\/\" \/>\n<meta property=\"og:locale\" content=\"fr_FR\" \/>\n<meta property=\"og:type\" content=\"article\" \/>\n<meta property=\"og:title\" content=\"Festival du Cin\u00e9ma Fran\u00e7ais 2022 - Films Hors Ligne\" \/>\n<meta property=\"og:description\" content=\"Festival du Cin\u00e9ma Fran\u00e7ais 2022 &#8211; Films Hors Ligne Festival du Cin\u00e9ma Fran\u00e7ais 2022 &#8211; Films Hors Ligne\" \/>\n<meta property=\"og:url\" content=\"https:\/\/www.ifi-id.com\/fr\/festival-du-cinema-francais-2022-films-hors-ligne\/\" \/>\n<meta property=\"og:site_name\" content=\"Institut fran\u00e7ais Indon\u00e9sie\" \/>\n<meta property=\"article:modified_time\" content=\"2022-10-12T09:31:02+00:00\" \/>\n<meta property=\"og:image\" content=\"https:\/\/www.ifi-id.com\/wp-content\/uploads\/2022\/10\/WhatsApp-Image-2022-10-11-at-4.33.20-PM.jpeg\" \/>\n<meta name=\"twitter:card\" content=\"summary_large_image\" \/>\n<meta name=\"twitter:title\" content=\"Festival du Cin\u00e9ma Fran\u00e7ais 2022 - Films Hors Ligne\" \/>\n<meta name=\"twitter:image\" content=\"https:\/\/www.ifi-id.com\/wp-content\/uploads\/2022\/10\/WhatsApp-Image-2022-10-11-at-4.33.20-PM-1024x576.jpeg\" \/>\n<script type=\"application\/ld+json\" class=\"yoast-schema-graph\">{\"@context\":\"https:\/\/schema.org\",\"@graph\":[{\"@type\":\"WebPage\",\"@id\":\"https:\/\/www.ifi-id.com\/fr\/festival-du-cinema-francais-2022-films-hors-ligne\/\",\"url\":\"https:\/\/www.ifi-id.com\/fr\/festival-du-cinema-francais-2022-films-hors-ligne\/\",\"name\":\"Festival du Cin\u00e9ma Fran\u00e7ais 2022 - Films Hors Ligne - Institut fran\u00e7ais Indon\u00e9sie\",\"isPartOf\":{\"@id\":\"https:\/\/www.ifi-id.com\/#website\"},\"primaryImageOfPage\":{\"@id\":\"https:\/\/www.ifi-id.com\/fr\/festival-du-cinema-francais-2022-films-hors-ligne\/#primaryimage\"},\"image\":{\"@id\":\"https:\/\/www.ifi-id.com\/fr\/festival-du-cinema-francais-2022-films-hors-ligne\/#primaryimage\"},\"thumbnailUrl\":\"https:\/\/www.ifi-id.com\/wp-content\/uploads\/2022\/10\/WhatsApp-Image-2022-10-11-at-4.33.20-PM.jpeg\",\"datePublished\":\"2022-10-12T09:31:01+00:00\",\"dateModified\":\"2022-10-12T09:31:02+00:00\",\"breadcrumb\":{\"@id\":\"https:\/\/www.ifi-id.com\/fr\/festival-du-cinema-francais-2022-films-hors-ligne\/#breadcrumb\"},\"inLanguage\":\"fr-FR\",\"potentialAction\":[{\"@type\":\"ReadAction\",\"target\":[\"https:\/\/www.ifi-id.com\/fr\/festival-du-cinema-francais-2022-films-hors-ligne\/\"]}]},{\"@type\":\"ImageObject\",\"inLanguage\":\"fr-FR\",\"@id\":\"https:\/\/www.ifi-id.com\/fr\/festival-du-cinema-francais-2022-films-hors-ligne\/#primaryimage\",\"url\":\"https:\/\/www.ifi-id.com\/wp-content\/uploads\/2022\/10\/WhatsApp-Image-2022-10-11-at-4.33.20-PM.jpeg\",\"contentUrl\":\"https:\/\/www.ifi-id.com\/wp-content\/uploads\/2022\/10\/WhatsApp-Image-2022-10-11-at-4.33.20-PM.jpeg\",\"width\":1280,\"height\":720},{\"@type\":\"BreadcrumbList\",\"@id\":\"https:\/\/www.ifi-id.com\/fr\/festival-du-cinema-francais-2022-films-hors-ligne\/#breadcrumb\",\"itemListElement\":[{\"@type\":\"ListItem\",\"position\":1,\"name\":\"Home\",\"item\":\"https:\/\/www.ifi-id.com\/\"},{\"@type\":\"ListItem\",\"position\":2,\"name\":\"Festival du Cin\u00e9ma Fran\u00e7ais 2022 &#8211; Films Hors Ligne\"}]},{\"@type\":\"WebSite\",\"@id\":\"https:\/\/www.ifi-id.com\/#website\",\"url\":\"https:\/\/www.ifi-id.com\/\",\"name\":\"Institut fran\u00e7ais Indon\u00e9sie\",\"description\":\"\",\"publisher\":{\"@id\":\"https:\/\/www.ifi-id.com\/#organization\"},\"potentialAction\":[{\"@type\":\"SearchAction\",\"target\":{\"@type\":\"EntryPoint\",\"urlTemplate\":\"https:\/\/www.ifi-id.com\/?s={search_term_string}\"},\"query-input\":{\"@type\":\"PropertyValueSpecification\",\"valueRequired\":true,\"valueName\":\"search_term_string\"}}],\"inLanguage\":\"fr-FR\"},{\"@type\":\"Organization\",\"@id\":\"https:\/\/www.ifi-id.com\/#organization\",\"name\":\"Institut fran\u00e7ais Indon\u00e9sie\",\"url\":\"https:\/\/www.ifi-id.com\/\",\"logo\":{\"@type\":\"ImageObject\",\"inLanguage\":\"fr-FR\",\"@id\":\"https:\/\/www.ifi-id.com\/#\/schema\/logo\/image\/\",\"url\":\"https:\/\/www.ifi-id.com\/wp-content\/uploads\/2022\/12\/IFI_New_Logo.jpg\",\"contentUrl\":\"https:\/\/www.ifi-id.com\/wp-content\/uploads\/2022\/12\/IFI_New_Logo.jpg\",\"width\":666,\"height\":444,\"caption\":\"Institut fran\u00e7ais Indon\u00e9sie\"},\"image\":{\"@id\":\"https:\/\/www.ifi-id.com\/#\/schema\/logo\/image\/\"}}]}<\/script>\n<!-- \/ Yoast SEO plugin. -->","yoast_head_json":{"title":"Festival du Cin\u00e9ma Fran\u00e7ais 2022 - Films Hors Ligne - Institut fran\u00e7ais Indon\u00e9sie","robots":{"index":"index","follow":"follow","max-snippet":"max-snippet:-1","max-image-preview":"max-image-preview:large","max-video-preview":"max-video-preview:-1"},"canonical":"https:\/\/www.ifi-id.com\/fr\/festival-du-cinema-francais-2022-films-hors-ligne\/","og_locale":"fr_FR","og_type":"article","og_title":"Festival du Cin\u00e9ma Fran\u00e7ais 2022 - Films Hors Ligne","og_description":"Festival du Cin\u00e9ma Fran\u00e7ais 2022 &#8211; Films Hors Ligne Festival du Cin\u00e9ma Fran\u00e7ais 2022 &#8211; Films Hors Ligne","og_url":"https:\/\/www.ifi-id.com\/fr\/festival-du-cinema-francais-2022-films-hors-ligne\/","og_site_name":"Institut fran\u00e7ais Indon\u00e9sie","article_modified_time":"2022-10-12T09:31:02+00:00","og_image":[{"url":"https:\/\/www.ifi-id.com\/wp-content\/uploads\/2022\/10\/WhatsApp-Image-2022-10-11-at-4.33.20-PM.jpeg"}],"twitter_card":"summary_large_image","twitter_title":"Festival du Cin\u00e9ma Fran\u00e7ais 2022 - Films Hors Ligne","twitter_image":"https:\/\/www.ifi-id.com\/wp-content\/uploads\/2022\/10\/WhatsApp-Image-2022-10-11-at-4.33.20-PM-1024x576.jpeg","schema":{"@context":"https:\/\/schema.org","@graph":[{"@type":"WebPage","@id":"https:\/\/www.ifi-id.com\/fr\/festival-du-cinema-francais-2022-films-hors-ligne\/","url":"https:\/\/www.ifi-id.com\/fr\/festival-du-cinema-francais-2022-films-hors-ligne\/","name":"Festival du Cin\u00e9ma Fran\u00e7ais 2022 - Films Hors Ligne - Institut fran\u00e7ais Indon\u00e9sie","isPartOf":{"@id":"https:\/\/www.ifi-id.com\/#website"},"primaryImageOfPage":{"@id":"https:\/\/www.ifi-id.com\/fr\/festival-du-cinema-francais-2022-films-hors-ligne\/#primaryimage"},"image":{"@id":"https:\/\/www.ifi-id.com\/fr\/festival-du-cinema-francais-2022-films-hors-ligne\/#primaryimage"},"thumbnailUrl":"https:\/\/www.ifi-id.com\/wp-content\/uploads\/2022\/10\/WhatsApp-Image-2022-10-11-at-4.33.20-PM.jpeg","datePublished":"2022-10-12T09:31:01+00:00","dateModified":"2022-10-12T09:31:02+00:00","breadcrumb":{"@id":"https:\/\/www.ifi-id.com\/fr\/festival-du-cinema-francais-2022-films-hors-ligne\/#breadcrumb"},"inLanguage":"fr-FR","potentialAction":[{"@type":"ReadAction","target":["https:\/\/www.ifi-id.com\/fr\/festival-du-cinema-francais-2022-films-hors-ligne\/"]}]},{"@type":"ImageObject","inLanguage":"fr-FR","@id":"https:\/\/www.ifi-id.com\/fr\/festival-du-cinema-francais-2022-films-hors-ligne\/#primaryimage","url":"https:\/\/www.ifi-id.com\/wp-content\/uploads\/2022\/10\/WhatsApp-Image-2022-10-11-at-4.33.20-PM.jpeg","contentUrl":"https:\/\/www.ifi-id.com\/wp-content\/uploads\/2022\/10\/WhatsApp-Image-2022-10-11-at-4.33.20-PM.jpeg","width":1280,"height":720},{"@type":"BreadcrumbList","@id":"https:\/\/www.ifi-id.com\/fr\/festival-du-cinema-francais-2022-films-hors-ligne\/#breadcrumb","itemListElement":[{"@type":"ListItem","position":1,"name":"Home","item":"https:\/\/www.ifi-id.com\/"},{"@type":"ListItem","position":2,"name":"Festival du Cin\u00e9ma Fran\u00e7ais 2022 &#8211; Films Hors Ligne"}]},{"@type":"WebSite","@id":"https:\/\/www.ifi-id.com\/#website","url":"https:\/\/www.ifi-id.com\/","name":"Institut fran\u00e7ais Indon\u00e9sie","description":"","publisher":{"@id":"https:\/\/www.ifi-id.com\/#organization"},"potentialAction":[{"@type":"SearchAction","target":{"@type":"EntryPoint","urlTemplate":"https:\/\/www.ifi-id.com\/?s={search_term_string}"},"query-input":{"@type":"PropertyValueSpecification","valueRequired":true,"valueName":"search_term_string"}}],"inLanguage":"fr-FR"},{"@type":"Organization","@id":"https:\/\/www.ifi-id.com\/#organization","name":"Institut fran\u00e7ais Indon\u00e9sie","url":"https:\/\/www.ifi-id.com\/","logo":{"@type":"ImageObject","inLanguage":"fr-FR","@id":"https:\/\/www.ifi-id.com\/#\/schema\/logo\/image\/","url":"https:\/\/www.ifi-id.com\/wp-content\/uploads\/2022\/12\/IFI_New_Logo.jpg","contentUrl":"https:\/\/www.ifi-id.com\/wp-content\/uploads\/2022\/12\/IFI_New_Logo.jpg","width":666,"height":444,"caption":"Institut fran\u00e7ais Indon\u00e9sie"},"image":{"@id":"https:\/\/www.ifi-id.com\/#\/schema\/logo\/image\/"}}]}},"post_mailing_queue_ids":[],"_links":{"self":[{"href":"https:\/\/www.ifi-id.com\/fr\/wp-json\/wp\/v2\/pages\/29186"}],"collection":[{"href":"https:\/\/www.ifi-id.com\/fr\/wp-json\/wp\/v2\/pages"}],"about":[{"href":"https:\/\/www.ifi-id.com\/fr\/wp-json\/wp\/v2\/types\/page"}],"author":[{"embeddable":true,"href":"https:\/\/www.ifi-id.com\/fr\/wp-json\/wp\/v2\/users\/8"}],"replies":[{"embeddable":true,"href":"https:\/\/www.ifi-id.com\/fr\/wp-json\/wp\/v2\/comments?post=29186"}],"version-history":[{"count":1,"href":"https:\/\/www.ifi-id.com\/fr\/wp-json\/wp\/v2\/pages\/29186\/revisions"}],"predecessor-version":[{"id":29187,"href":"https:\/\/www.ifi-id.com\/fr\/wp-json\/wp\/v2\/pages\/29186\/revisions\/29187"}],"wp:featuredmedia":[{"embeddable":true,"href":"https:\/\/www.ifi-id.com\/fr\/wp-json\/wp\/v2\/media\/29181"}],"wp:attachment":[{"href":"https:\/\/www.ifi-id.com\/fr\/wp-json\/wp\/v2\/media?parent=29186"}],"curies":[{"name":"wp","href":"https:\/\/api.w.org\/{rel}","templated":true}]}}