{"id":29126,"date":"2022-10-12T15:51:02","date_gmt":"2022-10-12T08:51:02","guid":{"rendered":"https:\/\/www.ifi-id.com\/ne-te-retourne-pas-festival-du-cinema-francais-2022"},"modified":"2022-10-12T15:51:03","modified_gmt":"2022-10-12T08:51:03","slug":"ne-te-retourne-pas-festival-du-cinema-francais-2022","status":"publish","type":"page","link":"https:\/\/www.ifi-id.com\/fr\/ne-te-retourne-pas-festival-du-cinema-francais-2022\/","title":{"rendered":"Ne te retourne pas &#8211; Festival du Cin\u00e9ma Fran\u00e7ais 2022"},"content":{"rendered":"\t\t<div data-elementor-type=\"wp-page\" data-elementor-id=\"29126\" class=\"elementor elementor-29126 elementor-29114\" data-elementor-post-type=\"page\">\n\t\t\t\t\t\t<section class=\"elementor-section elementor-top-section elementor-element elementor-element-c6cb5df elementor-section-boxed elementor-section-height-default elementor-section-height-default\" data-id=\"c6cb5df\" data-element_type=\"section\">\n\t\t\t\t\t\t<div class=\"elementor-container elementor-column-gap-default\">\n\t\t\t\t\t<div class=\"elementor-column elementor-col-100 elementor-top-column elementor-element elementor-element-21a0b060\" data-id=\"21a0b060\" data-element_type=\"column\">\n\t\t\t<div class=\"elementor-widget-wrap elementor-element-populated\">\n\t\t\t\t\t\t<div class=\"elementor-element elementor-element-6ab4023b elementor-hidden-phone elementor-widget elementor-widget-heading\" data-id=\"6ab4023b\" data-element_type=\"widget\" data-widget_type=\"heading.default\">\n\t\t\t\t<div class=\"elementor-widget-container\">\n\t\t\t<h2 class=\"elementor-heading-title elementor-size-default\">Ne te retourne pas<\/h2>\t\t<\/div>\n\t\t\t\t<\/div>\n\t\t\t\t\t<\/div>\n\t\t<\/div>\n\t\t\t\t\t<\/div>\n\t\t<\/section>\n\t\t\t\t<section class=\"elementor-section elementor-top-section elementor-element elementor-element-66d972db elementor-section-boxed elementor-section-height-default elementor-section-height-default\" data-id=\"66d972db\" data-element_type=\"section\">\n\t\t\t\t\t\t<div class=\"elementor-container elementor-column-gap-default\">\n\t\t\t\t\t<div class=\"elementor-column elementor-col-100 elementor-top-column elementor-element elementor-element-6d741007\" data-id=\"6d741007\" data-element_type=\"column\">\n\t\t\t<div class=\"elementor-widget-wrap elementor-element-populated\">\n\t\t\t\t\t\t<div class=\"elementor-element elementor-element-62bf1f36 elementor-hidden-desktop elementor-hidden-tablet elementor-widget elementor-widget-heading\" data-id=\"62bf1f36\" data-element_type=\"widget\" data-widget_type=\"heading.default\">\n\t\t\t\t<div class=\"elementor-widget-container\">\n\t\t\t<h1 class=\"elementor-heading-title elementor-size-default\">Ne te retourne pas<\/h1>\t\t<\/div>\n\t\t\t\t<\/div>\n\t\t\t\t\t<\/div>\n\t\t<\/div>\n\t\t\t\t\t<\/div>\n\t\t<\/section>\n\t\t\t\t<section class=\"elementor-section elementor-top-section elementor-element elementor-element-44e7f02d elementor-section-boxed elementor-section-height-default elementor-section-height-default\" data-id=\"44e7f02d\" data-element_type=\"section\" data-settings=\"{&quot;background_background&quot;:&quot;classic&quot;}\">\n\t\t\t\t\t\t<div class=\"elementor-container elementor-column-gap-default\">\n\t\t\t\t\t<div class=\"elementor-column elementor-col-100 elementor-top-column elementor-element elementor-element-219dc930\" data-id=\"219dc930\" data-element_type=\"column\">\n\t\t\t<div class=\"elementor-widget-wrap elementor-element-populated\">\n\t\t\t\t\t\t<div class=\"elementor-element elementor-element-39805033 elementor-arrows-position-inside elementor-pagination-position-outside elementor-widget elementor-widget-image-carousel\" data-id=\"39805033\" data-element_type=\"widget\" data-settings=\"{&quot;slides_to_show&quot;:&quot;1&quot;,&quot;autoplay_speed&quot;:3000,&quot;navigation&quot;:&quot;both&quot;,&quot;autoplay&quot;:&quot;yes&quot;,&quot;pause_on_hover&quot;:&quot;yes&quot;,&quot;pause_on_interaction&quot;:&quot;yes&quot;,&quot;infinite&quot;:&quot;yes&quot;,&quot;effect&quot;:&quot;slide&quot;,&quot;speed&quot;:500}\" data-widget_type=\"image-carousel.default\">\n\t\t\t\t<div class=\"elementor-widget-container\">\n\t\t\t\t\t<div class=\"elementor-image-carousel-wrapper swiper\" dir=\"ltr\">\n\t\t\t<div class=\"elementor-image-carousel swiper-wrapper swiper-image-stretch\" aria-live=\"off\">\n\t\t\t\t\t\t\t\t<div class=\"swiper-slide\" role=\"group\" aria-roledescription=\"slide\" aria-label=\"1 sur 3\"><figure class=\"swiper-slide-inner\"><img decoding=\"async\" class=\"swiper-slide-image\" src=\"https:\/\/www.ifi-id.com\/wp-content\/uploads\/2022\/10\/Ne-Te-Retourne-Pas-2-e1665564263682.jpg\" alt=\"Ne Te Retourne Pas 2\" \/><\/figure><\/div><div class=\"swiper-slide\" role=\"group\" aria-roledescription=\"slide\" aria-label=\"2 sur 3\"><figure class=\"swiper-slide-inner\"><img decoding=\"async\" class=\"swiper-slide-image\" src=\"https:\/\/www.ifi-id.com\/wp-content\/uploads\/2022\/10\/Ne-Te-Retourne-Pas-3-e1665564247428.jpg\" alt=\"Ne Te Retourne Pas 3\" \/><\/figure><\/div><div class=\"swiper-slide\" role=\"group\" aria-roledescription=\"slide\" aria-label=\"3 sur 3\"><figure class=\"swiper-slide-inner\"><img decoding=\"async\" class=\"swiper-slide-image\" src=\"https:\/\/www.ifi-id.com\/wp-content\/uploads\/2022\/10\/Ne-Te-Retourne-Pas-1-e1665564226309.jpg\" alt=\"Ne Te Retourne Pas 1\" \/><\/figure><\/div>\t\t\t<\/div>\n\t\t\t\t\t\t\t\t\t\t\t\t<div class=\"elementor-swiper-button elementor-swiper-button-prev\" role=\"button\" tabindex=\"0\">\n\t\t\t\t\t\t<i aria-hidden=\"true\" class=\"eicon-chevron-left\"><\/i>\t\t\t\t\t<\/div>\n\t\t\t\t\t<div class=\"elementor-swiper-button elementor-swiper-button-next\" role=\"button\" tabindex=\"0\">\n\t\t\t\t\t\t<i aria-hidden=\"true\" class=\"eicon-chevron-right\"><\/i>\t\t\t\t\t<\/div>\n\t\t\t\t\n\t\t\t\t\t\t\t\t\t<div class=\"swiper-pagination\"><\/div>\n\t\t\t\t\t\t\t\t\t<\/div>\n\t\t\t\t<\/div>\n\t\t\t\t<\/div>\n\t\t\t\t\t<\/div>\n\t\t<\/div>\n\t\t\t\t\t<\/div>\n\t\t<\/section>\n\t\t\t\t<section class=\"elementor-section elementor-top-section elementor-element elementor-element-5fc37820 elementor-section-boxed elementor-section-height-default elementor-section-height-default\" data-id=\"5fc37820\" data-element_type=\"section\">\n\t\t\t\t\t\t<div class=\"elementor-container elementor-column-gap-default\">\n\t\t\t\t\t<div class=\"elementor-column elementor-col-100 elementor-top-column elementor-element elementor-element-3d99418d\" data-id=\"3d99418d\" data-element_type=\"column\">\n\t\t\t<div class=\"elementor-widget-wrap elementor-element-populated\">\n\t\t\t\t\t\t<div class=\"elementor-element elementor-element-2ead03b6 elementor-widget elementor-widget-text-editor\" data-id=\"2ead03b6\" data-element_type=\"widget\" data-widget_type=\"text-editor.default\">\n\t\t\t\t<div class=\"elementor-widget-container\">\n\t\t\t\t\t\t\t<h4><span style=\"font-weight: 400;\">Marina de Van | 2009 | 111\u2019 | Drame, Horreur, Myst\u00e8res | Fran\u00e7ais avec indon\u00e9sien sous-titre<br \/>\n<\/span><span style=\"font-weight: 400;\">Sophie Marceau, Monica Bellucci, Andrea Di Stefano<\/span><\/h4>\n<p><span style=\"font-weight: 400;\">Un psychodrame sur une photographe dont les images racontent une histoire diff\u00e9rente de celle de sa perception.<\/span><\/p>\n<p><strong style=\"font-size: 1rem;\">14 \u2013 21 octobre 2022<br \/>\n<\/strong><strong>Projection en ligne sur MOLA<\/strong><\/p>\n\t\t\t\t\t\t<\/div>\n\t\t\t\t<\/div>\n\t\t\t\t\t<\/div>\n\t\t<\/div>\n\t\t\t\t\t<\/div>\n\t\t<\/section>\n\t\t\t\t<section class=\"elementor-section elementor-top-section elementor-element elementor-element-3565359a elementor-section-boxed elementor-section-height-default elementor-section-height-default\" data-id=\"3565359a\" data-element_type=\"section\">\n\t\t\t\t\t\t<div class=\"elementor-container elementor-column-gap-default\">\n\t\t\t\t\t<div class=\"elementor-column elementor-col-100 elementor-top-column elementor-element elementor-element-492dc1dc\" data-id=\"492dc1dc\" data-element_type=\"column\">\n\t\t\t<div class=\"elementor-widget-wrap elementor-element-populated\">\n\t\t\t\t\t\t<div class=\"elementor-element elementor-element-78378ba2 elementor-widget elementor-widget-video\" data-id=\"78378ba2\" data-element_type=\"widget\" data-settings=\"{&quot;youtube_url&quot;:&quot;https:\\\/\\\/www.youtube.com\\\/watch?v=gdApJdZWKHI&quot;,&quot;video_type&quot;:&quot;youtube&quot;,&quot;controls&quot;:&quot;yes&quot;}\" data-widget_type=\"video.default\">\n\t\t\t\t<div class=\"elementor-widget-container\">\n\t\t\t\t\t<div class=\"elementor-wrapper elementor-open-inline\">\n\t\t\t<div class=\"elementor-video\"><\/div>\t\t<\/div>\n\t\t\t\t<\/div>\n\t\t\t\t<\/div>\n\t\t\t\t\t<\/div>\n\t\t<\/div>\n\t\t\t\t\t<\/div>\n\t\t<\/section>\n\t\t\t\t<section class=\"elementor-section elementor-top-section elementor-element elementor-element-4a0cfab1 elementor-section-boxed elementor-section-height-default elementor-section-height-default\" data-id=\"4a0cfab1\" data-element_type=\"section\">\n\t\t\t\t\t\t<div class=\"elementor-container elementor-column-gap-default\">\n\t\t\t\t\t<div class=\"elementor-column elementor-col-50 elementor-top-column elementor-element elementor-element-5294b97c\" data-id=\"5294b97c\" data-element_type=\"column\">\n\t\t\t<div class=\"elementor-widget-wrap elementor-element-populated\">\n\t\t\t\t\t\t<div class=\"elementor-element elementor-element-40024cb1 elementor-align-center elementor-widget elementor-widget-button\" data-id=\"40024cb1\" data-element_type=\"widget\" data-widget_type=\"button.default\">\n\t\t\t\t<div class=\"elementor-widget-container\">\n\t\t\t\t\t<div class=\"elementor-button-wrapper\">\n\t\t\t<a class=\"elementor-button elementor-button-link elementor-size-sm\" href=\"https:\/\/www.ifi-id.com\/fr\/festival-du-cinema-francais-2022-film\">\n\t\t\t\t\t\t<span class=\"elementor-button-content-wrapper\">\n\t\t\t\t\t\t<span class=\"elementor-button-icon\">\n\t\t\t\t<i aria-hidden=\"true\" class=\"fas fa-backward\"><\/i>\t\t\t<\/span>\n\t\t\t\t\t\t\t\t\t<span class=\"elementor-button-text\">Retour \u00e0 la liste des films<\/span>\n\t\t\t\t\t<\/span>\n\t\t\t\t\t<\/a>\n\t\t<\/div>\n\t\t\t\t<\/div>\n\t\t\t\t<\/div>\n\t\t\t\t\t<\/div>\n\t\t<\/div>\n\t\t\t\t<div class=\"elementor-column elementor-col-50 elementor-top-column elementor-element elementor-element-335318d5\" data-id=\"335318d5\" data-element_type=\"column\">\n\t\t\t<div class=\"elementor-widget-wrap elementor-element-populated\">\n\t\t\t\t\t\t<div class=\"elementor-element elementor-element-3e5ebc18 elementor-align-center elementor-widget elementor-widget-button\" data-id=\"3e5ebc18\" data-element_type=\"widget\" data-widget_type=\"button.default\">\n\t\t\t\t<div class=\"elementor-widget-container\">\n\t\t\t\t\t<div class=\"elementor-button-wrapper\">\n\t\t\t<a class=\"elementor-button elementor-button-link elementor-size-sm\" href=\"#\">\n\t\t\t\t\t\t<span class=\"elementor-button-content-wrapper\">\n\t\t\t\t\t\t<span class=\"elementor-button-icon\">\n\t\t\t\t<i aria-hidden=\"true\" class=\"fas fa-tv\"><\/i>\t\t\t<\/span>\n\t\t\t\t\t\t\t\t\t<span class=\"elementor-button-text\">Regarder \u00e0 Mola<\/span>\n\t\t\t\t\t<\/span>\n\t\t\t\t\t<\/a>\n\t\t<\/div>\n\t\t\t\t<\/div>\n\t\t\t\t<\/div>\n\t\t\t\t\t<\/div>\n\t\t<\/div>\n\t\t\t\t\t<\/div>\n\t\t<\/section>\n\t\t\t\t<\/div>\n\t\t","protected":false},"excerpt":{"rendered":"<p>Ne te retourne pas Ne te retourne pas Previous Next Marina de Van | 2009 | 111\u2019 | Drame, Horreur, Myst\u00e8res | Fran\u00e7ais avec indon\u00e9sien sous-titre Sophie Marceau, Monica Bellucci, Andrea Di Stefano Un psychodrame sur une photographe dont les images racontent une histoire diff\u00e9rente de celle de sa perception. 14 \u2013 21 octobre 2022 &hellip; <\/p>\n<p class=\"link-more\"><a href=\"https:\/\/www.ifi-id.com\/fr\/ne-te-retourne-pas-festival-du-cinema-francais-2022\/\" class=\"more-link\">Continuer la lecture<span class=\"screen-reader-text\"> de &laquo;&nbsp;Ne te retourne pas &#8211; Festival du Cin\u00e9ma Fran\u00e7ais 2022&nbsp;&raquo;<\/span><\/a><\/p>\n","protected":false},"author":8,"featured_media":29120,"parent":0,"menu_order":0,"comment_status":"closed","ping_status":"closed","template":"elementor_header_footer","meta":{"footnotes":""},"class_list":["post-29126","page","type-page","status-publish","has-post-thumbnail","hentry"],"yoast_head":"<!-- This site is optimized with the Yoast SEO plugin v23.5 - https:\/\/yoast.com\/wordpress\/plugins\/seo\/ -->\n<title>Ne te retourne pas - Festival du Cin\u00e9ma Fran\u00e7ais 2022 - Institut fran\u00e7ais Indon\u00e9sie<\/title>\n<meta name=\"description\" content=\"Un psychodrame sur une photographe dont les images racontent une histoire diff\u00e9rente de celle de sa perception.\" \/>\n<meta name=\"robots\" content=\"index, follow, max-snippet:-1, max-image-preview:large, max-video-preview:-1\" \/>\n<link rel=\"canonical\" href=\"https:\/\/www.ifi-id.com\/fr\/ne-te-retourne-pas-festival-du-cinema-francais-2022\/\" \/>\n<meta property=\"og:locale\" content=\"fr_FR\" \/>\n<meta property=\"og:type\" content=\"article\" \/>\n<meta property=\"og:title\" content=\"Ne te retourne pas - Festival du Cin\u00e9ma Fran\u00e7ais 2022\" \/>\n<meta property=\"og:description\" content=\"Un psychodrame sur une photographe dont les images racontent une histoire diff\u00e9rente de celle de sa perception.\" \/>\n<meta property=\"og:url\" content=\"https:\/\/www.ifi-id.com\/fr\/ne-te-retourne-pas-festival-du-cinema-francais-2022\/\" \/>\n<meta property=\"og:site_name\" content=\"Institut fran\u00e7ais Indon\u00e9sie\" \/>\n<meta property=\"article:modified_time\" content=\"2022-10-12T08:51:03+00:00\" \/>\n<meta property=\"og:image\" content=\"https:\/\/www.ifi-id.com\/wp-content\/uploads\/2022\/10\/Ne-Te-Retourne-Pas-2-e1665564263682.jpg\" \/>\n<meta name=\"twitter:card\" content=\"summary_large_image\" \/>\n<meta name=\"twitter:title\" content=\"Ne te retourne pas - Festival du Cin\u00e9ma Fran\u00e7ais 2022\" \/>\n<meta name=\"twitter:description\" content=\"Un psychodrame sur une photographe dont les images racontent une histoire diff\u00e9rente de celle de sa perception.\" \/>\n<meta name=\"twitter:image\" content=\"https:\/\/www.ifi-id.com\/wp-content\/uploads\/2022\/10\/Ne-Te-Retourne-Pas-2-e1665564263682.jpg\" \/>\n<script type=\"application\/ld+json\" class=\"yoast-schema-graph\">{\"@context\":\"https:\/\/schema.org\",\"@graph\":[{\"@type\":\"WebPage\",\"@id\":\"https:\/\/www.ifi-id.com\/fr\/ne-te-retourne-pas-festival-du-cinema-francais-2022\/\",\"url\":\"https:\/\/www.ifi-id.com\/fr\/ne-te-retourne-pas-festival-du-cinema-francais-2022\/\",\"name\":\"Ne te retourne pas - Festival du Cin\u00e9ma Fran\u00e7ais 2022 - Institut fran\u00e7ais Indon\u00e9sie\",\"isPartOf\":{\"@id\":\"https:\/\/www.ifi-id.com\/#website\"},\"primaryImageOfPage\":{\"@id\":\"https:\/\/www.ifi-id.com\/fr\/ne-te-retourne-pas-festival-du-cinema-francais-2022\/#primaryimage\"},\"image\":{\"@id\":\"https:\/\/www.ifi-id.com\/fr\/ne-te-retourne-pas-festival-du-cinema-francais-2022\/#primaryimage\"},\"thumbnailUrl\":\"https:\/\/www.ifi-id.com\/wp-content\/uploads\/2022\/10\/Ne-Te-Retourne-Pas-2-e1665564263682.jpg\",\"datePublished\":\"2022-10-12T08:51:02+00:00\",\"dateModified\":\"2022-10-12T08:51:03+00:00\",\"description\":\"Un psychodrame sur une photographe dont les images racontent une histoire diff\u00e9rente de celle de sa perception.\",\"breadcrumb\":{\"@id\":\"https:\/\/www.ifi-id.com\/fr\/ne-te-retourne-pas-festival-du-cinema-francais-2022\/#breadcrumb\"},\"inLanguage\":\"fr-FR\",\"potentialAction\":[{\"@type\":\"ReadAction\",\"target\":[\"https:\/\/www.ifi-id.com\/fr\/ne-te-retourne-pas-festival-du-cinema-francais-2022\/\"]}]},{\"@type\":\"ImageObject\",\"inLanguage\":\"fr-FR\",\"@id\":\"https:\/\/www.ifi-id.com\/fr\/ne-te-retourne-pas-festival-du-cinema-francais-2022\/#primaryimage\",\"url\":\"https:\/\/www.ifi-id.com\/wp-content\/uploads\/2022\/10\/Ne-Te-Retourne-Pas-2-e1665564263682.jpg\",\"contentUrl\":\"https:\/\/www.ifi-id.com\/wp-content\/uploads\/2022\/10\/Ne-Te-Retourne-Pas-2-e1665564263682.jpg\",\"width\":736,\"height\":536},{\"@type\":\"BreadcrumbList\",\"@id\":\"https:\/\/www.ifi-id.com\/fr\/ne-te-retourne-pas-festival-du-cinema-francais-2022\/#breadcrumb\",\"itemListElement\":[{\"@type\":\"ListItem\",\"position\":1,\"name\":\"Home\",\"item\":\"https:\/\/www.ifi-id.com\/\"},{\"@type\":\"ListItem\",\"position\":2,\"name\":\"Ne te retourne pas &#8211; Festival du Cin\u00e9ma Fran\u00e7ais 2022\"}]},{\"@type\":\"WebSite\",\"@id\":\"https:\/\/www.ifi-id.com\/#website\",\"url\":\"https:\/\/www.ifi-id.com\/\",\"name\":\"Institut fran\u00e7ais Indon\u00e9sie\",\"description\":\"\",\"publisher\":{\"@id\":\"https:\/\/www.ifi-id.com\/#organization\"},\"potentialAction\":[{\"@type\":\"SearchAction\",\"target\":{\"@type\":\"EntryPoint\",\"urlTemplate\":\"https:\/\/www.ifi-id.com\/?s={search_term_string}\"},\"query-input\":{\"@type\":\"PropertyValueSpecification\",\"valueRequired\":true,\"valueName\":\"search_term_string\"}}],\"inLanguage\":\"fr-FR\"},{\"@type\":\"Organization\",\"@id\":\"https:\/\/www.ifi-id.com\/#organization\",\"name\":\"Institut fran\u00e7ais Indon\u00e9sie\",\"url\":\"https:\/\/www.ifi-id.com\/\",\"logo\":{\"@type\":\"ImageObject\",\"inLanguage\":\"fr-FR\",\"@id\":\"https:\/\/www.ifi-id.com\/#\/schema\/logo\/image\/\",\"url\":\"https:\/\/www.ifi-id.com\/wp-content\/uploads\/2022\/12\/IFI_New_Logo.jpg\",\"contentUrl\":\"https:\/\/www.ifi-id.com\/wp-content\/uploads\/2022\/12\/IFI_New_Logo.jpg\",\"width\":666,\"height\":444,\"caption\":\"Institut fran\u00e7ais Indon\u00e9sie\"},\"image\":{\"@id\":\"https:\/\/www.ifi-id.com\/#\/schema\/logo\/image\/\"}}]}<\/script>\n<!-- \/ Yoast SEO plugin. -->","yoast_head_json":{"title":"Ne te retourne pas - Festival du Cin\u00e9ma Fran\u00e7ais 2022 - Institut fran\u00e7ais Indon\u00e9sie","description":"Un psychodrame sur une photographe dont les images racontent une histoire diff\u00e9rente de celle de sa perception.","robots":{"index":"index","follow":"follow","max-snippet":"max-snippet:-1","max-image-preview":"max-image-preview:large","max-video-preview":"max-video-preview:-1"},"canonical":"https:\/\/www.ifi-id.com\/fr\/ne-te-retourne-pas-festival-du-cinema-francais-2022\/","og_locale":"fr_FR","og_type":"article","og_title":"Ne te retourne pas - Festival du Cin\u00e9ma Fran\u00e7ais 2022","og_description":"Un psychodrame sur une photographe dont les images racontent une histoire diff\u00e9rente de celle de sa perception.","og_url":"https:\/\/www.ifi-id.com\/fr\/ne-te-retourne-pas-festival-du-cinema-francais-2022\/","og_site_name":"Institut fran\u00e7ais Indon\u00e9sie","article_modified_time":"2022-10-12T08:51:03+00:00","og_image":[{"url":"https:\/\/www.ifi-id.com\/wp-content\/uploads\/2022\/10\/Ne-Te-Retourne-Pas-2-e1665564263682.jpg"}],"twitter_card":"summary_large_image","twitter_title":"Ne te retourne pas - Festival du Cin\u00e9ma Fran\u00e7ais 2022","twitter_description":"Un psychodrame sur une photographe dont les images racontent une histoire diff\u00e9rente de celle de sa perception.","twitter_image":"https:\/\/www.ifi-id.com\/wp-content\/uploads\/2022\/10\/Ne-Te-Retourne-Pas-2-e1665564263682.jpg","schema":{"@context":"https:\/\/schema.org","@graph":[{"@type":"WebPage","@id":"https:\/\/www.ifi-id.com\/fr\/ne-te-retourne-pas-festival-du-cinema-francais-2022\/","url":"https:\/\/www.ifi-id.com\/fr\/ne-te-retourne-pas-festival-du-cinema-francais-2022\/","name":"Ne te retourne pas - Festival du Cin\u00e9ma Fran\u00e7ais 2022 - Institut fran\u00e7ais Indon\u00e9sie","isPartOf":{"@id":"https:\/\/www.ifi-id.com\/#website"},"primaryImageOfPage":{"@id":"https:\/\/www.ifi-id.com\/fr\/ne-te-retourne-pas-festival-du-cinema-francais-2022\/#primaryimage"},"image":{"@id":"https:\/\/www.ifi-id.com\/fr\/ne-te-retourne-pas-festival-du-cinema-francais-2022\/#primaryimage"},"thumbnailUrl":"https:\/\/www.ifi-id.com\/wp-content\/uploads\/2022\/10\/Ne-Te-Retourne-Pas-2-e1665564263682.jpg","datePublished":"2022-10-12T08:51:02+00:00","dateModified":"2022-10-12T08:51:03+00:00","description":"Un psychodrame sur une photographe dont les images racontent une histoire diff\u00e9rente de celle de sa perception.","breadcrumb":{"@id":"https:\/\/www.ifi-id.com\/fr\/ne-te-retourne-pas-festival-du-cinema-francais-2022\/#breadcrumb"},"inLanguage":"fr-FR","potentialAction":[{"@type":"ReadAction","target":["https:\/\/www.ifi-id.com\/fr\/ne-te-retourne-pas-festival-du-cinema-francais-2022\/"]}]},{"@type":"ImageObject","inLanguage":"fr-FR","@id":"https:\/\/www.ifi-id.com\/fr\/ne-te-retourne-pas-festival-du-cinema-francais-2022\/#primaryimage","url":"https:\/\/www.ifi-id.com\/wp-content\/uploads\/2022\/10\/Ne-Te-Retourne-Pas-2-e1665564263682.jpg","contentUrl":"https:\/\/www.ifi-id.com\/wp-content\/uploads\/2022\/10\/Ne-Te-Retourne-Pas-2-e1665564263682.jpg","width":736,"height":536},{"@type":"BreadcrumbList","@id":"https:\/\/www.ifi-id.com\/fr\/ne-te-retourne-pas-festival-du-cinema-francais-2022\/#breadcrumb","itemListElement":[{"@type":"ListItem","position":1,"name":"Home","item":"https:\/\/www.ifi-id.com\/"},{"@type":"ListItem","position":2,"name":"Ne te retourne pas &#8211; Festival du Cin\u00e9ma Fran\u00e7ais 2022"}]},{"@type":"WebSite","@id":"https:\/\/www.ifi-id.com\/#website","url":"https:\/\/www.ifi-id.com\/","name":"Institut fran\u00e7ais Indon\u00e9sie","description":"","publisher":{"@id":"https:\/\/www.ifi-id.com\/#organization"},"potentialAction":[{"@type":"SearchAction","target":{"@type":"EntryPoint","urlTemplate":"https:\/\/www.ifi-id.com\/?s={search_term_string}"},"query-input":{"@type":"PropertyValueSpecification","valueRequired":true,"valueName":"search_term_string"}}],"inLanguage":"fr-FR"},{"@type":"Organization","@id":"https:\/\/www.ifi-id.com\/#organization","name":"Institut fran\u00e7ais Indon\u00e9sie","url":"https:\/\/www.ifi-id.com\/","logo":{"@type":"ImageObject","inLanguage":"fr-FR","@id":"https:\/\/www.ifi-id.com\/#\/schema\/logo\/image\/","url":"https:\/\/www.ifi-id.com\/wp-content\/uploads\/2022\/12\/IFI_New_Logo.jpg","contentUrl":"https:\/\/www.ifi-id.com\/wp-content\/uploads\/2022\/12\/IFI_New_Logo.jpg","width":666,"height":444,"caption":"Institut fran\u00e7ais Indon\u00e9sie"},"image":{"@id":"https:\/\/www.ifi-id.com\/#\/schema\/logo\/image\/"}}]}},"post_mailing_queue_ids":[],"_links":{"self":[{"href":"https:\/\/www.ifi-id.com\/fr\/wp-json\/wp\/v2\/pages\/29126"}],"collection":[{"href":"https:\/\/www.ifi-id.com\/fr\/wp-json\/wp\/v2\/pages"}],"about":[{"href":"https:\/\/www.ifi-id.com\/fr\/wp-json\/wp\/v2\/types\/page"}],"author":[{"embeddable":true,"href":"https:\/\/www.ifi-id.com\/fr\/wp-json\/wp\/v2\/users\/8"}],"replies":[{"embeddable":true,"href":"https:\/\/www.ifi-id.com\/fr\/wp-json\/wp\/v2\/comments?post=29126"}],"version-history":[{"count":1,"href":"https:\/\/www.ifi-id.com\/fr\/wp-json\/wp\/v2\/pages\/29126\/revisions"}],"predecessor-version":[{"id":29127,"href":"https:\/\/www.ifi-id.com\/fr\/wp-json\/wp\/v2\/pages\/29126\/revisions\/29127"}],"wp:featuredmedia":[{"embeddable":true,"href":"https:\/\/www.ifi-id.com\/fr\/wp-json\/wp\/v2\/media\/29120"}],"wp:attachment":[{"href":"https:\/\/www.ifi-id.com\/fr\/wp-json\/wp\/v2\/media?parent=29126"}],"curies":[{"name":"wp","href":"https:\/\/api.w.org\/{rel}","templated":true}]}}