{"id":29110,"date":"2022-10-12T13:34:27","date_gmt":"2022-10-12T06:34:27","guid":{"rendered":"https:\/\/www.ifi-id.com\/mal-de-pierres-festival-du-cinema-francais-2022"},"modified":"2022-10-12T13:34:28","modified_gmt":"2022-10-12T06:34:28","slug":"mal-de-pierres-festival-du-cinema-francais-2022","status":"publish","type":"page","link":"https:\/\/www.ifi-id.com\/fr\/mal-de-pierres-festival-du-cinema-francais-2022\/","title":{"rendered":"Mal de Pierres &#8211; Festival du Cin\u00e9ma Fran\u00e7ais 2022"},"content":{"rendered":"\t\t<div data-elementor-type=\"wp-page\" data-elementor-id=\"29110\" class=\"elementor elementor-29110 elementor-29091\" data-elementor-post-type=\"page\">\n\t\t\t\t\t\t<section class=\"elementor-section elementor-top-section elementor-element elementor-element-522b34de elementor-section-boxed elementor-section-height-default elementor-section-height-default\" data-id=\"522b34de\" data-element_type=\"section\">\n\t\t\t\t\t\t<div class=\"elementor-container elementor-column-gap-default\">\n\t\t\t\t\t<div class=\"elementor-column elementor-col-100 elementor-top-column elementor-element elementor-element-17d5fe89\" data-id=\"17d5fe89\" data-element_type=\"column\">\n\t\t\t<div class=\"elementor-widget-wrap elementor-element-populated\">\n\t\t\t\t\t\t<div class=\"elementor-element elementor-element-4dbbb45b elementor-hidden-phone elementor-widget elementor-widget-heading\" data-id=\"4dbbb45b\" data-element_type=\"widget\" data-widget_type=\"heading.default\">\n\t\t\t\t<div class=\"elementor-widget-container\">\n\t\t\t<h2 class=\"elementor-heading-title elementor-size-default\">Mal de Pierres<\/h2>\t\t<\/div>\n\t\t\t\t<\/div>\n\t\t\t\t\t<\/div>\n\t\t<\/div>\n\t\t\t\t\t<\/div>\n\t\t<\/section>\n\t\t\t\t<section class=\"elementor-section elementor-top-section elementor-element elementor-element-762e167e elementor-section-boxed elementor-section-height-default elementor-section-height-default\" data-id=\"762e167e\" data-element_type=\"section\">\n\t\t\t\t\t\t<div class=\"elementor-container elementor-column-gap-default\">\n\t\t\t\t\t<div class=\"elementor-column elementor-col-100 elementor-top-column elementor-element elementor-element-25378a55\" data-id=\"25378a55\" data-element_type=\"column\">\n\t\t\t<div class=\"elementor-widget-wrap elementor-element-populated\">\n\t\t\t\t\t\t<div class=\"elementor-element elementor-element-7173831 elementor-hidden-desktop elementor-hidden-tablet elementor-widget elementor-widget-heading\" data-id=\"7173831\" data-element_type=\"widget\" data-widget_type=\"heading.default\">\n\t\t\t\t<div class=\"elementor-widget-container\">\n\t\t\t<h1 class=\"elementor-heading-title elementor-size-default\">Mal de Pierres<\/h1>\t\t<\/div>\n\t\t\t\t<\/div>\n\t\t\t\t\t<\/div>\n\t\t<\/div>\n\t\t\t\t\t<\/div>\n\t\t<\/section>\n\t\t\t\t<section class=\"elementor-section elementor-top-section elementor-element elementor-element-5de5f613 elementor-section-boxed elementor-section-height-default elementor-section-height-default\" data-id=\"5de5f613\" data-element_type=\"section\" data-settings=\"{&quot;background_background&quot;:&quot;classic&quot;}\">\n\t\t\t\t\t\t<div class=\"elementor-container elementor-column-gap-default\">\n\t\t\t\t\t<div class=\"elementor-column elementor-col-100 elementor-top-column elementor-element elementor-element-618c6c2b\" data-id=\"618c6c2b\" data-element_type=\"column\">\n\t\t\t<div class=\"elementor-widget-wrap elementor-element-populated\">\n\t\t\t\t\t\t<div class=\"elementor-element elementor-element-5fd9ac7 elementor-arrows-position-inside elementor-pagination-position-outside elementor-widget elementor-widget-image-carousel\" data-id=\"5fd9ac7\" data-element_type=\"widget\" data-settings=\"{&quot;slides_to_show&quot;:&quot;1&quot;,&quot;autoplay_speed&quot;:3000,&quot;navigation&quot;:&quot;both&quot;,&quot;autoplay&quot;:&quot;yes&quot;,&quot;pause_on_hover&quot;:&quot;yes&quot;,&quot;pause_on_interaction&quot;:&quot;yes&quot;,&quot;infinite&quot;:&quot;yes&quot;,&quot;effect&quot;:&quot;slide&quot;,&quot;speed&quot;:500}\" data-widget_type=\"image-carousel.default\">\n\t\t\t\t<div class=\"elementor-widget-container\">\n\t\t\t\t\t<div class=\"elementor-image-carousel-wrapper swiper\" dir=\"ltr\">\n\t\t\t<div class=\"elementor-image-carousel swiper-wrapper swiper-image-stretch\" aria-live=\"off\">\n\t\t\t\t\t\t\t\t<div class=\"swiper-slide\" role=\"group\" aria-roledescription=\"slide\" aria-label=\"1 sur 3\"><figure class=\"swiper-slide-inner\"><img decoding=\"async\" class=\"swiper-slide-image\" src=\"https:\/\/www.ifi-id.com\/wp-content\/uploads\/2022\/10\/Mal-de-pierres-3-e1665551037197.jpg\" alt=\"Mal de pierres 3\" \/><\/figure><\/div><div class=\"swiper-slide\" role=\"group\" aria-roledescription=\"slide\" aria-label=\"2 sur 3\"><figure class=\"swiper-slide-inner\"><img decoding=\"async\" class=\"swiper-slide-image\" src=\"https:\/\/www.ifi-id.com\/wp-content\/uploads\/2022\/10\/Mal-de-pierres-1-e1665551000374.jpg\" alt=\"Mal de pierres 1\" \/><\/figure><\/div><div class=\"swiper-slide\" role=\"group\" aria-roledescription=\"slide\" aria-label=\"3 sur 3\"><figure class=\"swiper-slide-inner\"><img decoding=\"async\" class=\"swiper-slide-image\" src=\"https:\/\/www.ifi-id.com\/wp-content\/uploads\/2022\/10\/Mal-de-pierres-2-e1665551022832.jpeg\" alt=\"Mal de pierres 2\" \/><\/figure><\/div>\t\t\t<\/div>\n\t\t\t\t\t\t\t\t\t\t\t\t<div class=\"elementor-swiper-button elementor-swiper-button-prev\" role=\"button\" tabindex=\"0\">\n\t\t\t\t\t\t<i aria-hidden=\"true\" class=\"eicon-chevron-left\"><\/i>\t\t\t\t\t<\/div>\n\t\t\t\t\t<div class=\"elementor-swiper-button elementor-swiper-button-next\" role=\"button\" tabindex=\"0\">\n\t\t\t\t\t\t<i aria-hidden=\"true\" class=\"eicon-chevron-right\"><\/i>\t\t\t\t\t<\/div>\n\t\t\t\t\n\t\t\t\t\t\t\t\t\t<div class=\"swiper-pagination\"><\/div>\n\t\t\t\t\t\t\t\t\t<\/div>\n\t\t\t\t<\/div>\n\t\t\t\t<\/div>\n\t\t\t\t\t<\/div>\n\t\t<\/div>\n\t\t\t\t\t<\/div>\n\t\t<\/section>\n\t\t\t\t<section class=\"elementor-section elementor-top-section elementor-element elementor-element-2ec50319 elementor-section-boxed elementor-section-height-default elementor-section-height-default\" data-id=\"2ec50319\" data-element_type=\"section\">\n\t\t\t\t\t\t<div class=\"elementor-container elementor-column-gap-default\">\n\t\t\t\t\t<div class=\"elementor-column elementor-col-100 elementor-top-column elementor-element elementor-element-61a253b1\" data-id=\"61a253b1\" data-element_type=\"column\">\n\t\t\t<div class=\"elementor-widget-wrap elementor-element-populated\">\n\t\t\t\t\t\t<div class=\"elementor-element elementor-element-4b0b0fab elementor-widget elementor-widget-text-editor\" data-id=\"4b0b0fab\" data-element_type=\"widget\" data-widget_type=\"text-editor.default\">\n\t\t\t\t<div class=\"elementor-widget-container\">\n\t\t\t\t\t\t\t<h4><span style=\"font-weight: 400;\">Nicole Garcia | 2016 | 120\u2019 | Drame, Romantique | Fran\u00e7ais avec sous-titre indon\u00e9sien<br \/>\n<\/span><span style=\"font-weight: 400;\">Marion Cotillard, Louis Garrel, Alex Brendem\u00fchl<\/span><\/h4>\n<p>Une adaptation du roman \u00e9ponyme de Milena Agus se d\u00e9roulant apr\u00e8s la Seconde Guerre mondiale, \u00ab\u00a0Mal de Pierres\u00a0\u00bb (\u00ab\u00a0Mal di Pietre\u00a0\u00bb) s&rsquo;\u00e9tend sur 20 ans, suivant le destin d&rsquo;une femme passionn\u00e9e et libre d&rsquo;esprit qui est dans un mariage sans amour et tombe amoureuse d&rsquo;un autre homme.<\/p>\n<p><strong>14 \u2013 21 octobre 2022<\/strong><br \/>\n<strong>Projection en ligne sur MOLA<\/strong><\/p>\n\t\t\t\t\t\t<\/div>\n\t\t\t\t<\/div>\n\t\t\t\t\t<\/div>\n\t\t<\/div>\n\t\t\t\t\t<\/div>\n\t\t<\/section>\n\t\t\t\t<section class=\"elementor-section elementor-top-section elementor-element elementor-element-47022c5f elementor-section-boxed elementor-section-height-default elementor-section-height-default\" data-id=\"47022c5f\" data-element_type=\"section\">\n\t\t\t\t\t\t<div class=\"elementor-container elementor-column-gap-default\">\n\t\t\t\t\t<div class=\"elementor-column elementor-col-100 elementor-top-column elementor-element elementor-element-3bca301e\" data-id=\"3bca301e\" data-element_type=\"column\">\n\t\t\t<div class=\"elementor-widget-wrap elementor-element-populated\">\n\t\t\t\t\t\t<div class=\"elementor-element elementor-element-46344516 elementor-widget elementor-widget-video\" data-id=\"46344516\" data-element_type=\"widget\" data-settings=\"{&quot;youtube_url&quot;:&quot;https:\\\/\\\/www.youtube.com\\\/watch?v=d-u2m9jGHiQ&quot;,&quot;video_type&quot;:&quot;youtube&quot;,&quot;controls&quot;:&quot;yes&quot;}\" data-widget_type=\"video.default\">\n\t\t\t\t<div class=\"elementor-widget-container\">\n\t\t\t\t\t<div class=\"elementor-wrapper elementor-open-inline\">\n\t\t\t<div class=\"elementor-video\"><\/div>\t\t<\/div>\n\t\t\t\t<\/div>\n\t\t\t\t<\/div>\n\t\t\t\t\t<\/div>\n\t\t<\/div>\n\t\t\t\t\t<\/div>\n\t\t<\/section>\n\t\t\t\t<section class=\"elementor-section elementor-top-section elementor-element elementor-element-75bce2dd elementor-section-boxed elementor-section-height-default elementor-section-height-default\" data-id=\"75bce2dd\" data-element_type=\"section\">\n\t\t\t\t\t\t<div class=\"elementor-container elementor-column-gap-default\">\n\t\t\t\t\t<div class=\"elementor-column elementor-col-50 elementor-top-column elementor-element elementor-element-69f103e9\" data-id=\"69f103e9\" data-element_type=\"column\">\n\t\t\t<div class=\"elementor-widget-wrap elementor-element-populated\">\n\t\t\t\t\t\t<div class=\"elementor-element elementor-element-1e462b6d elementor-align-center elementor-widget elementor-widget-button\" data-id=\"1e462b6d\" data-element_type=\"widget\" data-widget_type=\"button.default\">\n\t\t\t\t<div class=\"elementor-widget-container\">\n\t\t\t\t\t<div class=\"elementor-button-wrapper\">\n\t\t\t<a class=\"elementor-button elementor-button-link elementor-size-sm\" href=\"https:\/\/www.ifi-id.com\/fr\/festival-du-cinema-francais-2022-film\">\n\t\t\t\t\t\t<span class=\"elementor-button-content-wrapper\">\n\t\t\t\t\t\t<span class=\"elementor-button-icon\">\n\t\t\t\t<i aria-hidden=\"true\" class=\"fas fa-backward\"><\/i>\t\t\t<\/span>\n\t\t\t\t\t\t\t\t\t<span class=\"elementor-button-text\">Retour \u00e0 la liste des films<\/span>\n\t\t\t\t\t<\/span>\n\t\t\t\t\t<\/a>\n\t\t<\/div>\n\t\t\t\t<\/div>\n\t\t\t\t<\/div>\n\t\t\t\t\t<\/div>\n\t\t<\/div>\n\t\t\t\t<div class=\"elementor-column elementor-col-50 elementor-top-column elementor-element elementor-element-51150dd7\" data-id=\"51150dd7\" data-element_type=\"column\">\n\t\t\t<div class=\"elementor-widget-wrap elementor-element-populated\">\n\t\t\t\t\t\t<div class=\"elementor-element elementor-element-3af423f1 elementor-align-center elementor-widget elementor-widget-button\" data-id=\"3af423f1\" data-element_type=\"widget\" data-widget_type=\"button.default\">\n\t\t\t\t<div class=\"elementor-widget-container\">\n\t\t\t\t\t<div class=\"elementor-button-wrapper\">\n\t\t\t<a class=\"elementor-button elementor-button-link elementor-size-sm\" href=\"#\">\n\t\t\t\t\t\t<span class=\"elementor-button-content-wrapper\">\n\t\t\t\t\t\t<span class=\"elementor-button-icon\">\n\t\t\t\t<i aria-hidden=\"true\" class=\"fas fa-tv\"><\/i>\t\t\t<\/span>\n\t\t\t\t\t\t\t\t\t<span class=\"elementor-button-text\">Regarder \u00e0 Mola<\/span>\n\t\t\t\t\t<\/span>\n\t\t\t\t\t<\/a>\n\t\t<\/div>\n\t\t\t\t<\/div>\n\t\t\t\t<\/div>\n\t\t\t\t\t<\/div>\n\t\t<\/div>\n\t\t\t\t\t<\/div>\n\t\t<\/section>\n\t\t\t\t<\/div>\n\t\t","protected":false},"excerpt":{"rendered":"<p>Mal de Pierres Mal de Pierres Previous Next Nicole Garcia | 2016 | 120\u2019 | Drame, Romantique | Fran\u00e7ais avec sous-titre indon\u00e9sien Marion Cotillard, Louis Garrel, Alex Brendem\u00fchl Une adaptation du roman \u00e9ponyme de Milena Agus se d\u00e9roulant apr\u00e8s la Seconde Guerre mondiale, \u00ab\u00a0Mal de Pierres\u00a0\u00bb (\u00ab\u00a0Mal di Pietre\u00a0\u00bb) s&rsquo;\u00e9tend sur 20 ans, suivant le &hellip; <\/p>\n<p class=\"link-more\"><a href=\"https:\/\/www.ifi-id.com\/fr\/mal-de-pierres-festival-du-cinema-francais-2022\/\" class=\"more-link\">Continuer la lecture<span class=\"screen-reader-text\"> de &laquo;&nbsp;Mal de Pierres &#8211; Festival du Cin\u00e9ma Fran\u00e7ais 2022&nbsp;&raquo;<\/span><\/a><\/p>\n","protected":false},"author":8,"featured_media":29105,"parent":0,"menu_order":0,"comment_status":"closed","ping_status":"closed","template":"elementor_header_footer","meta":{"footnotes":""},"class_list":["post-29110","page","type-page","status-publish","has-post-thumbnail","hentry"],"yoast_head":"<!-- This site is optimized with the Yoast SEO plugin v23.5 - https:\/\/yoast.com\/wordpress\/plugins\/seo\/ -->\n<title>Mal de Pierres - Festival du Cin\u00e9ma Fran\u00e7ais 2022 - Institut fran\u00e7ais Indon\u00e9sie<\/title>\n<meta name=\"description\" content=\"Une adaptation du roman \u00e9ponyme de Milena Agus se d\u00e9roulant apr\u00e8s la Seconde Guerre mondiale, &quot;Mal de Pierres&quot; (&quot;Mal di Pietre&quot;) s&#039;\u00e9tend sur 20 ans, suivant le destin d&#039;une femme passionn\u00e9e et libre d&#039;esprit qui est dans un mariage sans amour et tombe amoureuse d&#039;un autre homme.\" \/>\n<meta name=\"robots\" content=\"index, follow, max-snippet:-1, max-image-preview:large, max-video-preview:-1\" \/>\n<link rel=\"canonical\" href=\"https:\/\/www.ifi-id.com\/fr\/mal-de-pierres-festival-du-cinema-francais-2022\/\" \/>\n<meta property=\"og:locale\" content=\"fr_FR\" \/>\n<meta property=\"og:type\" content=\"article\" \/>\n<meta property=\"og:title\" content=\"Mal de Pierres - Festival du Cin\u00e9ma Fran\u00e7ais 2022\" \/>\n<meta property=\"og:description\" content=\"Une adaptation du roman \u00e9ponyme de Milena Agus se d\u00e9roulant apr\u00e8s la Seconde Guerre mondiale, &quot;Mal de Pierres&quot; (&quot;Mal di Pietre&quot;) s&#039;\u00e9tend sur 20 ans, suivant le destin d&#039;une femme passionn\u00e9e et libre d&#039;esprit qui est dans un mariage sans amour et tombe amoureuse d&#039;un autre homme.\" \/>\n<meta property=\"og:url\" content=\"https:\/\/www.ifi-id.com\/fr\/mal-de-pierres-festival-du-cinema-francais-2022\/\" \/>\n<meta property=\"og:site_name\" content=\"Institut fran\u00e7ais Indon\u00e9sie\" \/>\n<meta property=\"article:modified_time\" content=\"2022-10-12T06:34:28+00:00\" \/>\n<meta property=\"og:image\" content=\"https:\/\/www.ifi-id.com\/wp-content\/uploads\/2022\/10\/Mal-de-pierres-3-e1665551037197.jpg\" \/>\n<meta name=\"twitter:card\" content=\"summary_large_image\" \/>\n<meta name=\"twitter:title\" content=\"Mal de Pierres - Festival du Cin\u00e9ma Fran\u00e7ais 2022\" \/>\n<meta name=\"twitter:description\" content=\"Une adaptation du roman \u00e9ponyme de Milena Agus se d\u00e9roulant apr\u00e8s la Seconde Guerre mondiale, &quot;Mal de Pierres&quot; (&quot;Mal di Pietre&quot;) s&#039;\u00e9tend sur 20 ans, suivant le destin d&#039;une femme passionn\u00e9e et libre d&#039;esprit qui est dans un mariage sans amour et tombe amoureuse d&#039;un autre homme.\" \/>\n<meta name=\"twitter:image\" content=\"https:\/\/www.ifi-id.com\/wp-content\/uploads\/2022\/10\/Mal-de-pierres-3-e1665551037197-1024x576.jpg\" \/>\n<script type=\"application\/ld+json\" class=\"yoast-schema-graph\">{\"@context\":\"https:\/\/schema.org\",\"@graph\":[{\"@type\":\"WebPage\",\"@id\":\"https:\/\/www.ifi-id.com\/fr\/mal-de-pierres-festival-du-cinema-francais-2022\/\",\"url\":\"https:\/\/www.ifi-id.com\/fr\/mal-de-pierres-festival-du-cinema-francais-2022\/\",\"name\":\"Mal de Pierres - Festival du Cin\u00e9ma Fran\u00e7ais 2022 - Institut fran\u00e7ais Indon\u00e9sie\",\"isPartOf\":{\"@id\":\"https:\/\/www.ifi-id.com\/#website\"},\"primaryImageOfPage\":{\"@id\":\"https:\/\/www.ifi-id.com\/fr\/mal-de-pierres-festival-du-cinema-francais-2022\/#primaryimage\"},\"image\":{\"@id\":\"https:\/\/www.ifi-id.com\/fr\/mal-de-pierres-festival-du-cinema-francais-2022\/#primaryimage\"},\"thumbnailUrl\":\"https:\/\/www.ifi-id.com\/wp-content\/uploads\/2022\/10\/Mal-de-pierres-3-e1665551037197.jpg\",\"datePublished\":\"2022-10-12T06:34:27+00:00\",\"dateModified\":\"2022-10-12T06:34:28+00:00\",\"description\":\"Une adaptation du roman \u00e9ponyme de Milena Agus se d\u00e9roulant apr\u00e8s la Seconde Guerre mondiale, \\\"Mal de Pierres\\\" (\\\"Mal di Pietre\\\") s'\u00e9tend sur 20 ans, suivant le destin d'une femme passionn\u00e9e et libre d'esprit qui est dans un mariage sans amour et tombe amoureuse d'un autre homme.\",\"breadcrumb\":{\"@id\":\"https:\/\/www.ifi-id.com\/fr\/mal-de-pierres-festival-du-cinema-francais-2022\/#breadcrumb\"},\"inLanguage\":\"fr-FR\",\"potentialAction\":[{\"@type\":\"ReadAction\",\"target\":[\"https:\/\/www.ifi-id.com\/fr\/mal-de-pierres-festival-du-cinema-francais-2022\/\"]}]},{\"@type\":\"ImageObject\",\"inLanguage\":\"fr-FR\",\"@id\":\"https:\/\/www.ifi-id.com\/fr\/mal-de-pierres-festival-du-cinema-francais-2022\/#primaryimage\",\"url\":\"https:\/\/www.ifi-id.com\/wp-content\/uploads\/2022\/10\/Mal-de-pierres-3-e1665551037197.jpg\",\"contentUrl\":\"https:\/\/www.ifi-id.com\/wp-content\/uploads\/2022\/10\/Mal-de-pierres-3-e1665551037197.jpg\",\"width\":1280,\"height\":720},{\"@type\":\"BreadcrumbList\",\"@id\":\"https:\/\/www.ifi-id.com\/fr\/mal-de-pierres-festival-du-cinema-francais-2022\/#breadcrumb\",\"itemListElement\":[{\"@type\":\"ListItem\",\"position\":1,\"name\":\"Home\",\"item\":\"https:\/\/www.ifi-id.com\/\"},{\"@type\":\"ListItem\",\"position\":2,\"name\":\"Mal de Pierres &#8211; Festival du Cin\u00e9ma Fran\u00e7ais 2022\"}]},{\"@type\":\"WebSite\",\"@id\":\"https:\/\/www.ifi-id.com\/#website\",\"url\":\"https:\/\/www.ifi-id.com\/\",\"name\":\"Institut fran\u00e7ais Indon\u00e9sie\",\"description\":\"\",\"publisher\":{\"@id\":\"https:\/\/www.ifi-id.com\/#organization\"},\"potentialAction\":[{\"@type\":\"SearchAction\",\"target\":{\"@type\":\"EntryPoint\",\"urlTemplate\":\"https:\/\/www.ifi-id.com\/?s={search_term_string}\"},\"query-input\":{\"@type\":\"PropertyValueSpecification\",\"valueRequired\":true,\"valueName\":\"search_term_string\"}}],\"inLanguage\":\"fr-FR\"},{\"@type\":\"Organization\",\"@id\":\"https:\/\/www.ifi-id.com\/#organization\",\"name\":\"Institut fran\u00e7ais Indon\u00e9sie\",\"url\":\"https:\/\/www.ifi-id.com\/\",\"logo\":{\"@type\":\"ImageObject\",\"inLanguage\":\"fr-FR\",\"@id\":\"https:\/\/www.ifi-id.com\/#\/schema\/logo\/image\/\",\"url\":\"https:\/\/www.ifi-id.com\/wp-content\/uploads\/2022\/12\/IFI_New_Logo.jpg\",\"contentUrl\":\"https:\/\/www.ifi-id.com\/wp-content\/uploads\/2022\/12\/IFI_New_Logo.jpg\",\"width\":666,\"height\":444,\"caption\":\"Institut fran\u00e7ais Indon\u00e9sie\"},\"image\":{\"@id\":\"https:\/\/www.ifi-id.com\/#\/schema\/logo\/image\/\"}}]}<\/script>\n<!-- \/ Yoast SEO plugin. -->","yoast_head_json":{"title":"Mal de Pierres - Festival du Cin\u00e9ma Fran\u00e7ais 2022 - Institut fran\u00e7ais Indon\u00e9sie","description":"Une adaptation du roman \u00e9ponyme de Milena Agus se d\u00e9roulant apr\u00e8s la Seconde Guerre mondiale, \"Mal de Pierres\" (\"Mal di Pietre\") s'\u00e9tend sur 20 ans, suivant le destin d'une femme passionn\u00e9e et libre d'esprit qui est dans un mariage sans amour et tombe amoureuse d'un autre homme.","robots":{"index":"index","follow":"follow","max-snippet":"max-snippet:-1","max-image-preview":"max-image-preview:large","max-video-preview":"max-video-preview:-1"},"canonical":"https:\/\/www.ifi-id.com\/fr\/mal-de-pierres-festival-du-cinema-francais-2022\/","og_locale":"fr_FR","og_type":"article","og_title":"Mal de Pierres - Festival du Cin\u00e9ma Fran\u00e7ais 2022","og_description":"Une adaptation du roman \u00e9ponyme de Milena Agus se d\u00e9roulant apr\u00e8s la Seconde Guerre mondiale, \"Mal de Pierres\" (\"Mal di Pietre\") s'\u00e9tend sur 20 ans, suivant le destin d'une femme passionn\u00e9e et libre d'esprit qui est dans un mariage sans amour et tombe amoureuse d'un autre homme.","og_url":"https:\/\/www.ifi-id.com\/fr\/mal-de-pierres-festival-du-cinema-francais-2022\/","og_site_name":"Institut fran\u00e7ais Indon\u00e9sie","article_modified_time":"2022-10-12T06:34:28+00:00","og_image":[{"url":"https:\/\/www.ifi-id.com\/wp-content\/uploads\/2022\/10\/Mal-de-pierres-3-e1665551037197.jpg"}],"twitter_card":"summary_large_image","twitter_title":"Mal de Pierres - Festival du Cin\u00e9ma Fran\u00e7ais 2022","twitter_description":"Une adaptation du roman \u00e9ponyme de Milena Agus se d\u00e9roulant apr\u00e8s la Seconde Guerre mondiale, \"Mal de Pierres\" (\"Mal di Pietre\") s'\u00e9tend sur 20 ans, suivant le destin d'une femme passionn\u00e9e et libre d'esprit qui est dans un mariage sans amour et tombe amoureuse d'un autre homme.","twitter_image":"https:\/\/www.ifi-id.com\/wp-content\/uploads\/2022\/10\/Mal-de-pierres-3-e1665551037197-1024x576.jpg","schema":{"@context":"https:\/\/schema.org","@graph":[{"@type":"WebPage","@id":"https:\/\/www.ifi-id.com\/fr\/mal-de-pierres-festival-du-cinema-francais-2022\/","url":"https:\/\/www.ifi-id.com\/fr\/mal-de-pierres-festival-du-cinema-francais-2022\/","name":"Mal de Pierres - Festival du Cin\u00e9ma Fran\u00e7ais 2022 - Institut fran\u00e7ais Indon\u00e9sie","isPartOf":{"@id":"https:\/\/www.ifi-id.com\/#website"},"primaryImageOfPage":{"@id":"https:\/\/www.ifi-id.com\/fr\/mal-de-pierres-festival-du-cinema-francais-2022\/#primaryimage"},"image":{"@id":"https:\/\/www.ifi-id.com\/fr\/mal-de-pierres-festival-du-cinema-francais-2022\/#primaryimage"},"thumbnailUrl":"https:\/\/www.ifi-id.com\/wp-content\/uploads\/2022\/10\/Mal-de-pierres-3-e1665551037197.jpg","datePublished":"2022-10-12T06:34:27+00:00","dateModified":"2022-10-12T06:34:28+00:00","description":"Une adaptation du roman \u00e9ponyme de Milena Agus se d\u00e9roulant apr\u00e8s la Seconde Guerre mondiale, \"Mal de Pierres\" (\"Mal di Pietre\") s'\u00e9tend sur 20 ans, suivant le destin d'une femme passionn\u00e9e et libre d'esprit qui est dans un mariage sans amour et tombe amoureuse d'un autre homme.","breadcrumb":{"@id":"https:\/\/www.ifi-id.com\/fr\/mal-de-pierres-festival-du-cinema-francais-2022\/#breadcrumb"},"inLanguage":"fr-FR","potentialAction":[{"@type":"ReadAction","target":["https:\/\/www.ifi-id.com\/fr\/mal-de-pierres-festival-du-cinema-francais-2022\/"]}]},{"@type":"ImageObject","inLanguage":"fr-FR","@id":"https:\/\/www.ifi-id.com\/fr\/mal-de-pierres-festival-du-cinema-francais-2022\/#primaryimage","url":"https:\/\/www.ifi-id.com\/wp-content\/uploads\/2022\/10\/Mal-de-pierres-3-e1665551037197.jpg","contentUrl":"https:\/\/www.ifi-id.com\/wp-content\/uploads\/2022\/10\/Mal-de-pierres-3-e1665551037197.jpg","width":1280,"height":720},{"@type":"BreadcrumbList","@id":"https:\/\/www.ifi-id.com\/fr\/mal-de-pierres-festival-du-cinema-francais-2022\/#breadcrumb","itemListElement":[{"@type":"ListItem","position":1,"name":"Home","item":"https:\/\/www.ifi-id.com\/"},{"@type":"ListItem","position":2,"name":"Mal de Pierres &#8211; Festival du Cin\u00e9ma Fran\u00e7ais 2022"}]},{"@type":"WebSite","@id":"https:\/\/www.ifi-id.com\/#website","url":"https:\/\/www.ifi-id.com\/","name":"Institut fran\u00e7ais Indon\u00e9sie","description":"","publisher":{"@id":"https:\/\/www.ifi-id.com\/#organization"},"potentialAction":[{"@type":"SearchAction","target":{"@type":"EntryPoint","urlTemplate":"https:\/\/www.ifi-id.com\/?s={search_term_string}"},"query-input":{"@type":"PropertyValueSpecification","valueRequired":true,"valueName":"search_term_string"}}],"inLanguage":"fr-FR"},{"@type":"Organization","@id":"https:\/\/www.ifi-id.com\/#organization","name":"Institut fran\u00e7ais Indon\u00e9sie","url":"https:\/\/www.ifi-id.com\/","logo":{"@type":"ImageObject","inLanguage":"fr-FR","@id":"https:\/\/www.ifi-id.com\/#\/schema\/logo\/image\/","url":"https:\/\/www.ifi-id.com\/wp-content\/uploads\/2022\/12\/IFI_New_Logo.jpg","contentUrl":"https:\/\/www.ifi-id.com\/wp-content\/uploads\/2022\/12\/IFI_New_Logo.jpg","width":666,"height":444,"caption":"Institut fran\u00e7ais Indon\u00e9sie"},"image":{"@id":"https:\/\/www.ifi-id.com\/#\/schema\/logo\/image\/"}}]}},"post_mailing_queue_ids":[],"_links":{"self":[{"href":"https:\/\/www.ifi-id.com\/fr\/wp-json\/wp\/v2\/pages\/29110"}],"collection":[{"href":"https:\/\/www.ifi-id.com\/fr\/wp-json\/wp\/v2\/pages"}],"about":[{"href":"https:\/\/www.ifi-id.com\/fr\/wp-json\/wp\/v2\/types\/page"}],"author":[{"embeddable":true,"href":"https:\/\/www.ifi-id.com\/fr\/wp-json\/wp\/v2\/users\/8"}],"replies":[{"embeddable":true,"href":"https:\/\/www.ifi-id.com\/fr\/wp-json\/wp\/v2\/comments?post=29110"}],"version-history":[{"count":1,"href":"https:\/\/www.ifi-id.com\/fr\/wp-json\/wp\/v2\/pages\/29110\/revisions"}],"predecessor-version":[{"id":29111,"href":"https:\/\/www.ifi-id.com\/fr\/wp-json\/wp\/v2\/pages\/29110\/revisions\/29111"}],"wp:featuredmedia":[{"embeddable":true,"href":"https:\/\/www.ifi-id.com\/fr\/wp-json\/wp\/v2\/media\/29105"}],"wp:attachment":[{"href":"https:\/\/www.ifi-id.com\/fr\/wp-json\/wp\/v2\/media?parent=29110"}],"curies":[{"name":"wp","href":"https:\/\/api.w.org\/{rel}","templated":true}]}}