{"id":28709,"date":"2022-09-28T13:12:11","date_gmt":"2022-09-28T06:12:11","guid":{"rendered":"https:\/\/www.ifi-id.com\/festival-du-cinema-francais-2022-evenements"},"modified":"2022-09-28T13:12:11","modified_gmt":"2022-09-28T06:12:11","slug":"festival-du-cinema-francais-2022-evenements","status":"publish","type":"page","link":"https:\/\/www.ifi-id.com\/fr\/festival-du-cinema-francais-2022-evenements\/","title":{"rendered":"Festival du Cin\u00e9ma Fran\u00e7ais 2022 &#8211; \u00c9v\u00e8nements"},"content":{"rendered":"\t\t<div data-elementor-type=\"wp-page\" data-elementor-id=\"28709\" class=\"elementor elementor-28709 elementor-28545\" data-elementor-post-type=\"page\">\n\t\t\t\t\t\t<section class=\"elementor-section elementor-top-section elementor-element elementor-element-2bc6308d elementor-section-boxed elementor-section-height-default elementor-section-height-default\" data-id=\"2bc6308d\" data-element_type=\"section\">\n\t\t\t\t\t\t<div class=\"elementor-container elementor-column-gap-default\">\n\t\t\t\t\t<div class=\"elementor-column elementor-col-100 elementor-top-column elementor-element elementor-element-2f5a5eab\" data-id=\"2f5a5eab\" data-element_type=\"column\">\n\t\t\t<div class=\"elementor-widget-wrap elementor-element-populated\">\n\t\t\t\t\t\t<div class=\"elementor-element elementor-element-5757dfbb elementor-hidden-phone elementor-widget elementor-widget-heading\" data-id=\"5757dfbb\" data-element_type=\"widget\" data-widget_type=\"heading.default\">\n\t\t\t\t<div class=\"elementor-widget-container\">\n\t\t\t<h2 class=\"elementor-heading-title elementor-size-default\">Festival du Cin\u00e9ma Fran\u00e7ais 2022 - \u00c9v\u00e8nements<\/h2>\t\t<\/div>\n\t\t\t\t<\/div>\n\t\t\t\t\t<\/div>\n\t\t<\/div>\n\t\t\t\t\t<\/div>\n\t\t<\/section>\n\t\t\t\t<section class=\"elementor-section elementor-top-section elementor-element elementor-element-a07d3fb elementor-section-boxed elementor-section-height-default elementor-section-height-default\" data-id=\"a07d3fb\" data-element_type=\"section\">\n\t\t\t\t\t\t<div class=\"elementor-container elementor-column-gap-default\">\n\t\t\t\t\t<div class=\"elementor-column elementor-col-100 elementor-top-column elementor-element elementor-element-d43fec5\" data-id=\"d43fec5\" data-element_type=\"column\">\n\t\t\t<div class=\"elementor-widget-wrap elementor-element-populated\">\n\t\t\t\t\t\t<div class=\"elementor-element elementor-element-4f854a7 elementor-hidden-desktop elementor-hidden-tablet elementor-widget elementor-widget-heading\" data-id=\"4f854a7\" data-element_type=\"widget\" data-widget_type=\"heading.default\">\n\t\t\t\t<div class=\"elementor-widget-container\">\n\t\t\t<h1 class=\"elementor-heading-title elementor-size-default\">Festival du Cin\u00e9ma Fran\u00e7ais 2022 - \u00c9v\u00e8nements<\/h1>\t\t<\/div>\n\t\t\t\t<\/div>\n\t\t\t\t\t<\/div>\n\t\t<\/div>\n\t\t\t\t\t<\/div>\n\t\t<\/section>\n\t\t\t\t<section class=\"elementor-section elementor-top-section elementor-element elementor-element-2795e294 elementor-section-boxed elementor-section-height-default elementor-section-height-default\" data-id=\"2795e294\" data-element_type=\"section\">\n\t\t\t\t\t\t<div class=\"elementor-container elementor-column-gap-default\">\n\t\t\t\t\t<div class=\"elementor-column elementor-col-100 elementor-top-column elementor-element elementor-element-78556925\" data-id=\"78556925\" data-element_type=\"column\">\n\t\t\t<div class=\"elementor-widget-wrap elementor-element-populated\">\n\t\t\t\t\t\t\t<\/div>\n\t\t<\/div>\n\t\t\t\t\t<\/div>\n\t\t<\/section>\n\t\t\t\t<\/div>\n\t\t","protected":false},"excerpt":{"rendered":"<p>Festival du Cin\u00e9ma Fran\u00e7ais 2022 &#8211; \u00c9v\u00e8nements Festival du Cin\u00e9ma Fran\u00e7ais 2022 &#8211; \u00c9v\u00e8nements<\/p>\n","protected":false},"author":8,"featured_media":28020,"parent":0,"menu_order":0,"comment_status":"closed","ping_status":"closed","template":"elementor_header_footer","meta":{"footnotes":""},"class_list":["post-28709","page","type-page","status-publish","has-post-thumbnail","hentry"],"yoast_head":"<!-- This site is optimized with the Yoast SEO plugin v23.5 - https:\/\/yoast.com\/wordpress\/plugins\/seo\/ -->\n<title>Festival du Cin\u00e9ma Fran\u00e7ais 2022 - \u00c9v\u00e8nements - Institut fran\u00e7ais Indon\u00e9sie<\/title>\n<meta name=\"description\" content=\"D\u00e9couvrez les \u00e9v\u00e9nements du Festival Sinema Prancis 2022 ici !\" \/>\n<meta name=\"robots\" content=\"index, follow, max-snippet:-1, max-image-preview:large, max-video-preview:-1\" \/>\n<link rel=\"canonical\" href=\"https:\/\/www.ifi-id.com\/fr\/festival-du-cinema-francais-2022-evenements\/\" \/>\n<meta property=\"og:locale\" content=\"fr_FR\" \/>\n<meta property=\"og:type\" content=\"article\" \/>\n<meta property=\"og:title\" content=\"Festival du Cin\u00e9ma Fran\u00e7ais 2022 - \u00c9v\u00e8nements\" \/>\n<meta property=\"og:description\" content=\"D\u00e9couvrez les \u00e9v\u00e9nements du Festival Sinema Prancis 2022 ici !\" \/>\n<meta property=\"og:url\" content=\"https:\/\/www.ifi-id.com\/fr\/festival-du-cinema-francais-2022-evenements\/\" \/>\n<meta property=\"og:site_name\" content=\"Institut fran\u00e7ais Indon\u00e9sie\" \/>\n<meta property=\"og:image\" content=\"https:\/\/www.ifi-id.com\/wp-content\/uploads\/2022\/09\/WB-FSP22-ACARA.jpeg\" \/>\n<meta name=\"twitter:card\" content=\"summary_large_image\" \/>\n<meta name=\"twitter:title\" content=\"Festival du Cin\u00e9ma Fran\u00e7ais 2022 - \u00c9v\u00e8nements\" \/>\n<meta name=\"twitter:description\" content=\"D\u00e9couvrez les \u00e9v\u00e9nements du Festival Sinema Prancis 2022 ici !\" \/>\n<meta name=\"twitter:image\" content=\"https:\/\/www.ifi-id.com\/wp-content\/uploads\/2022\/09\/WB-FSP22-ACARA-1024x576.jpeg\" \/>\n<script type=\"application\/ld+json\" class=\"yoast-schema-graph\">{\"@context\":\"https:\/\/schema.org\",\"@graph\":[{\"@type\":\"WebPage\",\"@id\":\"https:\/\/www.ifi-id.com\/fr\/festival-du-cinema-francais-2022-evenements\/\",\"url\":\"https:\/\/www.ifi-id.com\/fr\/festival-du-cinema-francais-2022-evenements\/\",\"name\":\"Festival du Cin\u00e9ma Fran\u00e7ais 2022 - \u00c9v\u00e8nements - Institut fran\u00e7ais Indon\u00e9sie\",\"isPartOf\":{\"@id\":\"https:\/\/www.ifi-id.com\/#website\"},\"primaryImageOfPage\":{\"@id\":\"https:\/\/www.ifi-id.com\/fr\/festival-du-cinema-francais-2022-evenements\/#primaryimage\"},\"image\":{\"@id\":\"https:\/\/www.ifi-id.com\/fr\/festival-du-cinema-francais-2022-evenements\/#primaryimage\"},\"thumbnailUrl\":\"https:\/\/www.ifi-id.com\/wp-content\/uploads\/2022\/09\/WB-FSP22-ACARA.jpeg\",\"datePublished\":\"2022-09-28T06:12:11+00:00\",\"dateModified\":\"2022-09-28T06:12:11+00:00\",\"description\":\"D\u00e9couvrez les \u00e9v\u00e9nements du Festival Sinema Prancis 2022 ici !\",\"breadcrumb\":{\"@id\":\"https:\/\/www.ifi-id.com\/fr\/festival-du-cinema-francais-2022-evenements\/#breadcrumb\"},\"inLanguage\":\"fr-FR\",\"potentialAction\":[{\"@type\":\"ReadAction\",\"target\":[\"https:\/\/www.ifi-id.com\/fr\/festival-du-cinema-francais-2022-evenements\/\"]}]},{\"@type\":\"ImageObject\",\"inLanguage\":\"fr-FR\",\"@id\":\"https:\/\/www.ifi-id.com\/fr\/festival-du-cinema-francais-2022-evenements\/#primaryimage\",\"url\":\"https:\/\/www.ifi-id.com\/wp-content\/uploads\/2022\/09\/WB-FSP22-ACARA.jpeg\",\"contentUrl\":\"https:\/\/www.ifi-id.com\/wp-content\/uploads\/2022\/09\/WB-FSP22-ACARA.jpeg\",\"width\":1280,\"height\":720},{\"@type\":\"BreadcrumbList\",\"@id\":\"https:\/\/www.ifi-id.com\/fr\/festival-du-cinema-francais-2022-evenements\/#breadcrumb\",\"itemListElement\":[{\"@type\":\"ListItem\",\"position\":1,\"name\":\"Home\",\"item\":\"https:\/\/www.ifi-id.com\/\"},{\"@type\":\"ListItem\",\"position\":2,\"name\":\"Festival du Cin\u00e9ma Fran\u00e7ais 2022 &#8211; \u00c9v\u00e8nements\"}]},{\"@type\":\"WebSite\",\"@id\":\"https:\/\/www.ifi-id.com\/#website\",\"url\":\"https:\/\/www.ifi-id.com\/\",\"name\":\"Institut fran\u00e7ais Indon\u00e9sie\",\"description\":\"\",\"publisher\":{\"@id\":\"https:\/\/www.ifi-id.com\/#organization\"},\"potentialAction\":[{\"@type\":\"SearchAction\",\"target\":{\"@type\":\"EntryPoint\",\"urlTemplate\":\"https:\/\/www.ifi-id.com\/?s={search_term_string}\"},\"query-input\":{\"@type\":\"PropertyValueSpecification\",\"valueRequired\":true,\"valueName\":\"search_term_string\"}}],\"inLanguage\":\"fr-FR\"},{\"@type\":\"Organization\",\"@id\":\"https:\/\/www.ifi-id.com\/#organization\",\"name\":\"Institut fran\u00e7ais Indon\u00e9sie\",\"url\":\"https:\/\/www.ifi-id.com\/\",\"logo\":{\"@type\":\"ImageObject\",\"inLanguage\":\"fr-FR\",\"@id\":\"https:\/\/www.ifi-id.com\/#\/schema\/logo\/image\/\",\"url\":\"https:\/\/www.ifi-id.com\/wp-content\/uploads\/2022\/12\/IFI_New_Logo.jpg\",\"contentUrl\":\"https:\/\/www.ifi-id.com\/wp-content\/uploads\/2022\/12\/IFI_New_Logo.jpg\",\"width\":666,\"height\":444,\"caption\":\"Institut fran\u00e7ais Indon\u00e9sie\"},\"image\":{\"@id\":\"https:\/\/www.ifi-id.com\/#\/schema\/logo\/image\/\"}}]}<\/script>\n<!-- \/ Yoast SEO plugin. -->","yoast_head_json":{"title":"Festival du Cin\u00e9ma Fran\u00e7ais 2022 - \u00c9v\u00e8nements - Institut fran\u00e7ais Indon\u00e9sie","description":"D\u00e9couvrez les \u00e9v\u00e9nements du Festival Sinema Prancis 2022 ici !","robots":{"index":"index","follow":"follow","max-snippet":"max-snippet:-1","max-image-preview":"max-image-preview:large","max-video-preview":"max-video-preview:-1"},"canonical":"https:\/\/www.ifi-id.com\/fr\/festival-du-cinema-francais-2022-evenements\/","og_locale":"fr_FR","og_type":"article","og_title":"Festival du Cin\u00e9ma Fran\u00e7ais 2022 - \u00c9v\u00e8nements","og_description":"D\u00e9couvrez les \u00e9v\u00e9nements du Festival Sinema Prancis 2022 ici !","og_url":"https:\/\/www.ifi-id.com\/fr\/festival-du-cinema-francais-2022-evenements\/","og_site_name":"Institut fran\u00e7ais Indon\u00e9sie","og_image":[{"url":"https:\/\/www.ifi-id.com\/wp-content\/uploads\/2022\/09\/WB-FSP22-ACARA.jpeg"}],"twitter_card":"summary_large_image","twitter_title":"Festival du Cin\u00e9ma Fran\u00e7ais 2022 - \u00c9v\u00e8nements","twitter_description":"D\u00e9couvrez les \u00e9v\u00e9nements du Festival Sinema Prancis 2022 ici !","twitter_image":"https:\/\/www.ifi-id.com\/wp-content\/uploads\/2022\/09\/WB-FSP22-ACARA-1024x576.jpeg","schema":{"@context":"https:\/\/schema.org","@graph":[{"@type":"WebPage","@id":"https:\/\/www.ifi-id.com\/fr\/festival-du-cinema-francais-2022-evenements\/","url":"https:\/\/www.ifi-id.com\/fr\/festival-du-cinema-francais-2022-evenements\/","name":"Festival du Cin\u00e9ma Fran\u00e7ais 2022 - \u00c9v\u00e8nements - Institut fran\u00e7ais Indon\u00e9sie","isPartOf":{"@id":"https:\/\/www.ifi-id.com\/#website"},"primaryImageOfPage":{"@id":"https:\/\/www.ifi-id.com\/fr\/festival-du-cinema-francais-2022-evenements\/#primaryimage"},"image":{"@id":"https:\/\/www.ifi-id.com\/fr\/festival-du-cinema-francais-2022-evenements\/#primaryimage"},"thumbnailUrl":"https:\/\/www.ifi-id.com\/wp-content\/uploads\/2022\/09\/WB-FSP22-ACARA.jpeg","datePublished":"2022-09-28T06:12:11+00:00","dateModified":"2022-09-28T06:12:11+00:00","description":"D\u00e9couvrez les \u00e9v\u00e9nements du Festival Sinema Prancis 2022 ici !","breadcrumb":{"@id":"https:\/\/www.ifi-id.com\/fr\/festival-du-cinema-francais-2022-evenements\/#breadcrumb"},"inLanguage":"fr-FR","potentialAction":[{"@type":"ReadAction","target":["https:\/\/www.ifi-id.com\/fr\/festival-du-cinema-francais-2022-evenements\/"]}]},{"@type":"ImageObject","inLanguage":"fr-FR","@id":"https:\/\/www.ifi-id.com\/fr\/festival-du-cinema-francais-2022-evenements\/#primaryimage","url":"https:\/\/www.ifi-id.com\/wp-content\/uploads\/2022\/09\/WB-FSP22-ACARA.jpeg","contentUrl":"https:\/\/www.ifi-id.com\/wp-content\/uploads\/2022\/09\/WB-FSP22-ACARA.jpeg","width":1280,"height":720},{"@type":"BreadcrumbList","@id":"https:\/\/www.ifi-id.com\/fr\/festival-du-cinema-francais-2022-evenements\/#breadcrumb","itemListElement":[{"@type":"ListItem","position":1,"name":"Home","item":"https:\/\/www.ifi-id.com\/"},{"@type":"ListItem","position":2,"name":"Festival du Cin\u00e9ma Fran\u00e7ais 2022 &#8211; \u00c9v\u00e8nements"}]},{"@type":"WebSite","@id":"https:\/\/www.ifi-id.com\/#website","url":"https:\/\/www.ifi-id.com\/","name":"Institut fran\u00e7ais Indon\u00e9sie","description":"","publisher":{"@id":"https:\/\/www.ifi-id.com\/#organization"},"potentialAction":[{"@type":"SearchAction","target":{"@type":"EntryPoint","urlTemplate":"https:\/\/www.ifi-id.com\/?s={search_term_string}"},"query-input":{"@type":"PropertyValueSpecification","valueRequired":true,"valueName":"search_term_string"}}],"inLanguage":"fr-FR"},{"@type":"Organization","@id":"https:\/\/www.ifi-id.com\/#organization","name":"Institut fran\u00e7ais Indon\u00e9sie","url":"https:\/\/www.ifi-id.com\/","logo":{"@type":"ImageObject","inLanguage":"fr-FR","@id":"https:\/\/www.ifi-id.com\/#\/schema\/logo\/image\/","url":"https:\/\/www.ifi-id.com\/wp-content\/uploads\/2022\/12\/IFI_New_Logo.jpg","contentUrl":"https:\/\/www.ifi-id.com\/wp-content\/uploads\/2022\/12\/IFI_New_Logo.jpg","width":666,"height":444,"caption":"Institut fran\u00e7ais Indon\u00e9sie"},"image":{"@id":"https:\/\/www.ifi-id.com\/#\/schema\/logo\/image\/"}}]}},"post_mailing_queue_ids":[],"_links":{"self":[{"href":"https:\/\/www.ifi-id.com\/fr\/wp-json\/wp\/v2\/pages\/28709"}],"collection":[{"href":"https:\/\/www.ifi-id.com\/fr\/wp-json\/wp\/v2\/pages"}],"about":[{"href":"https:\/\/www.ifi-id.com\/fr\/wp-json\/wp\/v2\/types\/page"}],"author":[{"embeddable":true,"href":"https:\/\/www.ifi-id.com\/fr\/wp-json\/wp\/v2\/users\/8"}],"replies":[{"embeddable":true,"href":"https:\/\/www.ifi-id.com\/fr\/wp-json\/wp\/v2\/comments?post=28709"}],"version-history":[{"count":1,"href":"https:\/\/www.ifi-id.com\/fr\/wp-json\/wp\/v2\/pages\/28709\/revisions"}],"predecessor-version":[{"id":28710,"href":"https:\/\/www.ifi-id.com\/fr\/wp-json\/wp\/v2\/pages\/28709\/revisions\/28710"}],"wp:featuredmedia":[{"embeddable":true,"href":"https:\/\/www.ifi-id.com\/fr\/wp-json\/wp\/v2\/media\/28020"}],"wp:attachment":[{"href":"https:\/\/www.ifi-id.com\/fr\/wp-json\/wp\/v2\/media?parent=28709"}],"curies":[{"name":"wp","href":"https:\/\/api.w.org\/{rel}","templated":true}]}}