{"id":28377,"date":"2022-09-18T23:24:36","date_gmt":"2022-09-18T16:24:36","guid":{"rendered":"https:\/\/www.ifi-id.com\/tokyo-shaking-festival-du-cinema-francais-2022"},"modified":"2022-10-12T11:32:37","modified_gmt":"2022-10-12T04:32:37","slug":"fsp22-film-tokyo-shaking","status":"publish","type":"page","link":"https:\/\/www.ifi-id.com\/fr\/fsp22-film-tokyo-shaking\/","title":{"rendered":"Tokyo Shaking &#8211; Festival du Cin\u00e9ma Fran\u00e7ais 2022"},"content":{"rendered":"\t\t<div data-elementor-type=\"wp-page\" data-elementor-id=\"28377\" class=\"elementor elementor-28377 elementor-28365\" data-elementor-post-type=\"page\">\n\t\t\t\t\t\t<section class=\"elementor-section elementor-top-section elementor-element elementor-element-3551556e elementor-section-boxed elementor-section-height-default elementor-section-height-default\" data-id=\"3551556e\" data-element_type=\"section\">\n\t\t\t\t\t\t<div class=\"elementor-container elementor-column-gap-default\">\n\t\t\t\t\t<div class=\"elementor-column elementor-col-100 elementor-top-column elementor-element elementor-element-39e1b9bf\" data-id=\"39e1b9bf\" data-element_type=\"column\">\n\t\t\t<div class=\"elementor-widget-wrap elementor-element-populated\">\n\t\t\t\t\t\t<div class=\"elementor-element elementor-element-4d039f17 elementor-hidden-phone elementor-widget elementor-widget-heading\" data-id=\"4d039f17\" data-element_type=\"widget\" data-widget_type=\"heading.default\">\n\t\t\t\t<div class=\"elementor-widget-container\">\n\t\t\t<h2 class=\"elementor-heading-title elementor-size-default\">Tokyo Shaking<\/h2>\t\t<\/div>\n\t\t\t\t<\/div>\n\t\t\t\t\t<\/div>\n\t\t<\/div>\n\t\t\t\t\t<\/div>\n\t\t<\/section>\n\t\t\t\t<section class=\"elementor-section elementor-top-section elementor-element elementor-element-47707e44 elementor-section-boxed elementor-section-height-default elementor-section-height-default\" data-id=\"47707e44\" data-element_type=\"section\">\n\t\t\t\t\t\t<div class=\"elementor-container elementor-column-gap-default\">\n\t\t\t\t\t<div class=\"elementor-column elementor-col-100 elementor-top-column elementor-element elementor-element-22ccad2b\" data-id=\"22ccad2b\" data-element_type=\"column\">\n\t\t\t<div class=\"elementor-widget-wrap elementor-element-populated\">\n\t\t\t\t\t\t<div class=\"elementor-element elementor-element-696582ff elementor-hidden-desktop elementor-hidden-tablet elementor-widget elementor-widget-heading\" data-id=\"696582ff\" data-element_type=\"widget\" data-widget_type=\"heading.default\">\n\t\t\t\t<div class=\"elementor-widget-container\">\n\t\t\t<h1 class=\"elementor-heading-title elementor-size-default\">Tokyo Shaking<\/h1>\t\t<\/div>\n\t\t\t\t<\/div>\n\t\t\t\t\t<\/div>\n\t\t<\/div>\n\t\t\t\t\t<\/div>\n\t\t<\/section>\n\t\t\t\t<section class=\"elementor-section elementor-top-section elementor-element elementor-element-54016226 elementor-section-boxed elementor-section-height-default elementor-section-height-default\" data-id=\"54016226\" data-element_type=\"section\" data-settings=\"{&quot;background_background&quot;:&quot;classic&quot;}\">\n\t\t\t\t\t\t<div class=\"elementor-container elementor-column-gap-default\">\n\t\t\t\t\t<div class=\"elementor-column elementor-col-100 elementor-top-column elementor-element elementor-element-e9f0cd8\" data-id=\"e9f0cd8\" data-element_type=\"column\">\n\t\t\t<div class=\"elementor-widget-wrap elementor-element-populated\">\n\t\t\t\t\t\t<div class=\"elementor-element elementor-element-31d60ae8 elementor-arrows-position-inside elementor-pagination-position-outside elementor-widget elementor-widget-image-carousel\" data-id=\"31d60ae8\" data-element_type=\"widget\" data-settings=\"{&quot;slides_to_show&quot;:&quot;1&quot;,&quot;autoplay_speed&quot;:3000,&quot;navigation&quot;:&quot;both&quot;,&quot;autoplay&quot;:&quot;yes&quot;,&quot;pause_on_hover&quot;:&quot;yes&quot;,&quot;pause_on_interaction&quot;:&quot;yes&quot;,&quot;infinite&quot;:&quot;yes&quot;,&quot;effect&quot;:&quot;slide&quot;,&quot;speed&quot;:500}\" data-widget_type=\"image-carousel.default\">\n\t\t\t\t<div class=\"elementor-widget-container\">\n\t\t\t\t\t<div class=\"elementor-image-carousel-wrapper swiper\" dir=\"ltr\">\n\t\t\t<div class=\"elementor-image-carousel swiper-wrapper swiper-image-stretch\" aria-live=\"off\">\n\t\t\t\t\t\t\t\t<div class=\"swiper-slide\" role=\"group\" aria-roledescription=\"slide\" aria-label=\"1 sur 3\"><figure class=\"swiper-slide-inner\"><img decoding=\"async\" class=\"swiper-slide-image\" src=\"https:\/\/www.ifi-id.com\/wp-content\/uploads\/2022\/09\/tokyo-shaking3-e1663517975502.jpg\" alt=\"tokyo-shaking3\" \/><\/figure><\/div><div class=\"swiper-slide\" role=\"group\" aria-roledescription=\"slide\" aria-label=\"2 sur 3\"><figure class=\"swiper-slide-inner\"><img decoding=\"async\" class=\"swiper-slide-image\" src=\"https:\/\/www.ifi-id.com\/wp-content\/uploads\/2022\/09\/tokyo-shaking-e1663517882734.jpg\" alt=\"tokyo-shaking\" \/><\/figure><\/div><div class=\"swiper-slide\" role=\"group\" aria-roledescription=\"slide\" aria-label=\"3 sur 3\"><figure class=\"swiper-slide-inner\"><img decoding=\"async\" class=\"swiper-slide-image\" src=\"https:\/\/www.ifi-id.com\/wp-content\/uploads\/2022\/09\/tokyo-shaking2-e1663517955224.jpg\" alt=\"tokyo-shaking2\" \/><\/figure><\/div>\t\t\t<\/div>\n\t\t\t\t\t\t\t\t\t\t\t\t<div class=\"elementor-swiper-button elementor-swiper-button-prev\" role=\"button\" tabindex=\"0\">\n\t\t\t\t\t\t<i aria-hidden=\"true\" class=\"eicon-chevron-left\"><\/i>\t\t\t\t\t<\/div>\n\t\t\t\t\t<div class=\"elementor-swiper-button elementor-swiper-button-next\" role=\"button\" tabindex=\"0\">\n\t\t\t\t\t\t<i aria-hidden=\"true\" class=\"eicon-chevron-right\"><\/i>\t\t\t\t\t<\/div>\n\t\t\t\t\n\t\t\t\t\t\t\t\t\t<div class=\"swiper-pagination\"><\/div>\n\t\t\t\t\t\t\t\t\t<\/div>\n\t\t\t\t<\/div>\n\t\t\t\t<\/div>\n\t\t\t\t\t<\/div>\n\t\t<\/div>\n\t\t\t\t\t<\/div>\n\t\t<\/section>\n\t\t\t\t<section class=\"elementor-section elementor-top-section elementor-element elementor-element-3ec87310 elementor-section-boxed elementor-section-height-default elementor-section-height-default\" data-id=\"3ec87310\" data-element_type=\"section\">\n\t\t\t\t\t\t<div class=\"elementor-container elementor-column-gap-default\">\n\t\t\t\t\t<div class=\"elementor-column elementor-col-100 elementor-top-column elementor-element elementor-element-51053a52\" data-id=\"51053a52\" data-element_type=\"column\">\n\t\t\t<div class=\"elementor-widget-wrap elementor-element-populated\">\n\t\t\t\t\t\t<div class=\"elementor-element elementor-element-428f51c1 elementor-widget elementor-widget-text-editor\" data-id=\"428f51c1\" data-element_type=\"widget\" data-widget_type=\"text-editor.default\">\n\t\t\t\t<div class=\"elementor-widget-container\">\n\t\t\t\t\t\t\t<h4>Olivier Peyon | 2021 | 101\u2019 | Thriller | Fran\u00e7ais avec sous-titre indon\u00e9sien<br \/>\nKarin Viard, St\u00e9phane Bak, Yumi Narita<\/h4>\n<p>Lorsqu&rsquo;un tsunami menace la centrale \u00e9lectrique de Fukushima au Japon, une employ\u00e9e de banque fran\u00e7aise se retrouve tiraill\u00e9e entre les ordres de sa direction et la volont\u00e9 de prot\u00e9ger ses proches.<\/p>\n<p><strong>Programme<br \/>\nvendredi, 7 octobre 2022<br \/>\n<\/strong>Medan | Universitas Negeri Medan | 15h<br \/>\nYogyakarta | IFI Yogyakarta | 16h<\/p>\n<p><strong>dimanche, 9 octobre 2022<br \/>\n<\/strong>Denpasar | Mash Denpasar | 19h30<br \/>\nJakarta | IFI Thamrin | 14h30<\/p>\n<p><strong>lundi, 10 octobre 2022<br \/>\n<\/strong>Bandung | IFI Bandung | 19h30<\/p>\n<p><strong>mercredi, 12 octobre 2022<br \/>\n<\/strong>Jakarta | IFI Thamrin | 16h<br \/>\nJakarta | IFI Wijaya | 13h30<\/p>\n<p><strong>samedi, 15 octobre 2022<br \/>\n<\/strong>Surabaya | IFI Surabaya | 19h<\/p>\n\t\t\t\t\t\t<\/div>\n\t\t\t\t<\/div>\n\t\t\t\t\t<\/div>\n\t\t<\/div>\n\t\t\t\t\t<\/div>\n\t\t<\/section>\n\t\t\t\t<section class=\"elementor-section elementor-top-section elementor-element elementor-element-2b0a0a0a elementor-section-boxed elementor-section-height-default elementor-section-height-default\" data-id=\"2b0a0a0a\" data-element_type=\"section\">\n\t\t\t\t\t\t<div class=\"elementor-container elementor-column-gap-default\">\n\t\t\t\t\t<div class=\"elementor-column elementor-col-100 elementor-top-column elementor-element elementor-element-41ac4893\" data-id=\"41ac4893\" data-element_type=\"column\">\n\t\t\t<div class=\"elementor-widget-wrap elementor-element-populated\">\n\t\t\t\t\t\t<div class=\"elementor-element elementor-element-53120340 elementor-widget elementor-widget-video\" data-id=\"53120340\" data-element_type=\"widget\" data-settings=\"{&quot;youtube_url&quot;:&quot;https:\\\/\\\/www.youtube.com\\\/watch?v=tjxCW7qWC3I&quot;,&quot;video_type&quot;:&quot;youtube&quot;,&quot;controls&quot;:&quot;yes&quot;}\" data-widget_type=\"video.default\">\n\t\t\t\t<div class=\"elementor-widget-container\">\n\t\t\t\t\t<div class=\"elementor-wrapper elementor-open-inline\">\n\t\t\t<div class=\"elementor-video\"><\/div>\t\t<\/div>\n\t\t\t\t<\/div>\n\t\t\t\t<\/div>\n\t\t\t\t\t<\/div>\n\t\t<\/div>\n\t\t\t\t\t<\/div>\n\t\t<\/section>\n\t\t\t\t<section class=\"elementor-section elementor-top-section elementor-element elementor-element-36076e1 elementor-section-boxed elementor-section-height-default elementor-section-height-default\" data-id=\"36076e1\" data-element_type=\"section\">\n\t\t\t\t\t\t<div class=\"elementor-container elementor-column-gap-default\">\n\t\t\t\t\t<div class=\"elementor-column elementor-col-100 elementor-top-column elementor-element elementor-element-6317e1f8\" data-id=\"6317e1f8\" data-element_type=\"column\">\n\t\t\t<div class=\"elementor-widget-wrap elementor-element-populated\">\n\t\t\t\t\t\t<div class=\"elementor-element elementor-element-2a4ca827 elementor-align-center elementor-widget elementor-widget-button\" data-id=\"2a4ca827\" data-element_type=\"widget\" data-widget_type=\"button.default\">\n\t\t\t\t<div class=\"elementor-widget-container\">\n\t\t\t\t\t<div class=\"elementor-button-wrapper\">\n\t\t\t<a class=\"elementor-button elementor-button-link elementor-size-sm\" href=\"https:\/\/www.ifi-id.com\/fr\/festival-du-cinema-francais-2022-film\">\n\t\t\t\t\t\t<span class=\"elementor-button-content-wrapper\">\n\t\t\t\t\t\t<span class=\"elementor-button-icon\">\n\t\t\t\t<i aria-hidden=\"true\" class=\"fas fa-backward\"><\/i>\t\t\t<\/span>\n\t\t\t\t\t\t\t\t\t<span class=\"elementor-button-text\">Retour \u00e0 la liste des films<\/span>\n\t\t\t\t\t<\/span>\n\t\t\t\t\t<\/a>\n\t\t<\/div>\n\t\t\t\t<\/div>\n\t\t\t\t<\/div>\n\t\t\t\t\t<\/div>\n\t\t<\/div>\n\t\t\t\t\t<\/div>\n\t\t<\/section>\n\t\t\t\t<\/div>\n\t\t","protected":false},"excerpt":{"rendered":"<p>Tokyo Shaking Tokyo Shaking Previous Next Olivier Peyon | 2021 | 101\u2019 | Thriller | Fran\u00e7ais avec sous-titre indon\u00e9sien Karin Viard, St\u00e9phane Bak, Yumi Narita Lorsqu&rsquo;un tsunami menace la centrale \u00e9lectrique de Fukushima au Japon, une employ\u00e9e de banque fran\u00e7aise se retrouve tiraill\u00e9e entre les ordres de sa direction et la volont\u00e9 de prot\u00e9ger ses &hellip; <\/p>\n<p class=\"link-more\"><a href=\"https:\/\/www.ifi-id.com\/fr\/fsp22-film-tokyo-shaking\/\" class=\"more-link\">Continuer la lecture<span class=\"screen-reader-text\"> de &laquo;&nbsp;Tokyo Shaking &#8211; Festival du Cin\u00e9ma Fran\u00e7ais 2022&nbsp;&raquo;<\/span><\/a><\/p>\n","protected":false},"author":8,"featured_media":28371,"parent":0,"menu_order":0,"comment_status":"closed","ping_status":"closed","template":"elementor_header_footer","meta":{"footnotes":""},"class_list":["post-28377","page","type-page","status-publish","has-post-thumbnail","hentry"],"yoast_head":"<!-- This site is optimized with the Yoast SEO plugin v23.5 - https:\/\/yoast.com\/wordpress\/plugins\/seo\/ -->\n<title>Tokyo Shaking - Festival du Cin\u00e9ma Fran\u00e7ais 2022 - Institut fran\u00e7ais Indon\u00e9sie<\/title>\n<meta name=\"description\" content=\"Lorsqu&#039;un tsunami menace la centrale \u00e9lectrique de Fukushima au Japon, une employ\u00e9e de banque fran\u00e7aise se retrouve tiraill\u00e9e entre les ordres de sa direction et la volont\u00e9 de prot\u00e9ger ses proches.\" \/>\n<meta name=\"robots\" content=\"index, follow, max-snippet:-1, max-image-preview:large, max-video-preview:-1\" \/>\n<link rel=\"canonical\" href=\"https:\/\/www.ifi-id.com\/fr\/fsp22-film-tokyo-shaking\/\" \/>\n<meta property=\"og:locale\" content=\"fr_FR\" \/>\n<meta property=\"og:type\" content=\"article\" \/>\n<meta property=\"og:title\" content=\"Tokyo Shaking - Festival du Cin\u00e9ma Fran\u00e7ais 2022\" \/>\n<meta property=\"og:description\" content=\"Lorsqu&#039;un tsunami menace la centrale \u00e9lectrique de Fukushima au Japon, une employ\u00e9e de banque fran\u00e7aise se retrouve tiraill\u00e9e entre les ordres de sa direction et la volont\u00e9 de prot\u00e9ger ses proches.\" \/>\n<meta property=\"og:url\" content=\"https:\/\/www.ifi-id.com\/fr\/fsp22-film-tokyo-shaking\/\" \/>\n<meta property=\"og:site_name\" content=\"Institut fran\u00e7ais Indon\u00e9sie\" \/>\n<meta property=\"article:modified_time\" content=\"2022-10-12T04:32:37+00:00\" \/>\n<meta property=\"og:image\" content=\"https:\/\/www.ifi-id.com\/wp-content\/uploads\/2022\/09\/tokyo-shaking3-e1663517975502.jpg\" \/>\n<meta name=\"twitter:card\" content=\"summary_large_image\" \/>\n<meta name=\"twitter:title\" content=\"Tokyo Shaking - Festival du Cin\u00e9ma Fran\u00e7ais 2022\" \/>\n<meta name=\"twitter:description\" content=\"Lorsqu&#039;un tsunami menace la centrale \u00e9lectrique de Fukushima au Japon, une employ\u00e9e de banque fran\u00e7aise se retrouve tiraill\u00e9e entre les ordres de sa direction et la volont\u00e9 de prot\u00e9ger ses proches.\" \/>\n<meta name=\"twitter:image\" content=\"https:\/\/www.ifi-id.com\/wp-content\/uploads\/2022\/09\/tokyo-shaking3-e1663517975502.jpg\" \/>\n<meta name=\"twitter:label1\" content=\"Dur\u00e9e de lecture estim\u00e9e\" \/>\n\t<meta name=\"twitter:data1\" content=\"1 minute\" \/>\n<script type=\"application\/ld+json\" class=\"yoast-schema-graph\">{\"@context\":\"https:\/\/schema.org\",\"@graph\":[{\"@type\":\"WebPage\",\"@id\":\"https:\/\/www.ifi-id.com\/fr\/fsp22-film-tokyo-shaking\/\",\"url\":\"https:\/\/www.ifi-id.com\/fr\/fsp22-film-tokyo-shaking\/\",\"name\":\"Tokyo Shaking - Festival du Cin\u00e9ma Fran\u00e7ais 2022 - Institut fran\u00e7ais Indon\u00e9sie\",\"isPartOf\":{\"@id\":\"https:\/\/www.ifi-id.com\/#website\"},\"primaryImageOfPage\":{\"@id\":\"https:\/\/www.ifi-id.com\/fr\/fsp22-film-tokyo-shaking\/#primaryimage\"},\"image\":{\"@id\":\"https:\/\/www.ifi-id.com\/fr\/fsp22-film-tokyo-shaking\/#primaryimage\"},\"thumbnailUrl\":\"https:\/\/www.ifi-id.com\/wp-content\/uploads\/2022\/09\/tokyo-shaking3-e1663517975502.jpg\",\"datePublished\":\"2022-09-18T16:24:36+00:00\",\"dateModified\":\"2022-10-12T04:32:37+00:00\",\"description\":\"Lorsqu'un tsunami menace la centrale \u00e9lectrique de Fukushima au Japon, une employ\u00e9e de banque fran\u00e7aise se retrouve tiraill\u00e9e entre les ordres de sa direction et la volont\u00e9 de prot\u00e9ger ses proches.\",\"breadcrumb\":{\"@id\":\"https:\/\/www.ifi-id.com\/fr\/fsp22-film-tokyo-shaking\/#breadcrumb\"},\"inLanguage\":\"fr-FR\",\"potentialAction\":[{\"@type\":\"ReadAction\",\"target\":[\"https:\/\/www.ifi-id.com\/fr\/fsp22-film-tokyo-shaking\/\"]}]},{\"@type\":\"ImageObject\",\"inLanguage\":\"fr-FR\",\"@id\":\"https:\/\/www.ifi-id.com\/fr\/fsp22-film-tokyo-shaking\/#primaryimage\",\"url\":\"https:\/\/www.ifi-id.com\/wp-content\/uploads\/2022\/09\/tokyo-shaking3-e1663517975502.jpg\",\"contentUrl\":\"https:\/\/www.ifi-id.com\/wp-content\/uploads\/2022\/09\/tokyo-shaking3-e1663517975502.jpg\",\"width\":1024,\"height\":429},{\"@type\":\"BreadcrumbList\",\"@id\":\"https:\/\/www.ifi-id.com\/fr\/fsp22-film-tokyo-shaking\/#breadcrumb\",\"itemListElement\":[{\"@type\":\"ListItem\",\"position\":1,\"name\":\"Home\",\"item\":\"https:\/\/www.ifi-id.com\/\"},{\"@type\":\"ListItem\",\"position\":2,\"name\":\"Tokyo Shaking &#8211; Festival du Cin\u00e9ma Fran\u00e7ais 2022\"}]},{\"@type\":\"WebSite\",\"@id\":\"https:\/\/www.ifi-id.com\/#website\",\"url\":\"https:\/\/www.ifi-id.com\/\",\"name\":\"Institut fran\u00e7ais Indon\u00e9sie\",\"description\":\"\",\"publisher\":{\"@id\":\"https:\/\/www.ifi-id.com\/#organization\"},\"potentialAction\":[{\"@type\":\"SearchAction\",\"target\":{\"@type\":\"EntryPoint\",\"urlTemplate\":\"https:\/\/www.ifi-id.com\/?s={search_term_string}\"},\"query-input\":{\"@type\":\"PropertyValueSpecification\",\"valueRequired\":true,\"valueName\":\"search_term_string\"}}],\"inLanguage\":\"fr-FR\"},{\"@type\":\"Organization\",\"@id\":\"https:\/\/www.ifi-id.com\/#organization\",\"name\":\"Institut fran\u00e7ais Indon\u00e9sie\",\"url\":\"https:\/\/www.ifi-id.com\/\",\"logo\":{\"@type\":\"ImageObject\",\"inLanguage\":\"fr-FR\",\"@id\":\"https:\/\/www.ifi-id.com\/#\/schema\/logo\/image\/\",\"url\":\"https:\/\/www.ifi-id.com\/wp-content\/uploads\/2022\/12\/IFI_New_Logo.jpg\",\"contentUrl\":\"https:\/\/www.ifi-id.com\/wp-content\/uploads\/2022\/12\/IFI_New_Logo.jpg\",\"width\":666,\"height\":444,\"caption\":\"Institut fran\u00e7ais Indon\u00e9sie\"},\"image\":{\"@id\":\"https:\/\/www.ifi-id.com\/#\/schema\/logo\/image\/\"}}]}<\/script>\n<!-- \/ Yoast SEO plugin. -->","yoast_head_json":{"title":"Tokyo Shaking - Festival du Cin\u00e9ma Fran\u00e7ais 2022 - Institut fran\u00e7ais Indon\u00e9sie","description":"Lorsqu'un tsunami menace la centrale \u00e9lectrique de Fukushima au Japon, une employ\u00e9e de banque fran\u00e7aise se retrouve tiraill\u00e9e entre les ordres de sa direction et la volont\u00e9 de prot\u00e9ger ses proches.","robots":{"index":"index","follow":"follow","max-snippet":"max-snippet:-1","max-image-preview":"max-image-preview:large","max-video-preview":"max-video-preview:-1"},"canonical":"https:\/\/www.ifi-id.com\/fr\/fsp22-film-tokyo-shaking\/","og_locale":"fr_FR","og_type":"article","og_title":"Tokyo Shaking - Festival du Cin\u00e9ma Fran\u00e7ais 2022","og_description":"Lorsqu'un tsunami menace la centrale \u00e9lectrique de Fukushima au Japon, une employ\u00e9e de banque fran\u00e7aise se retrouve tiraill\u00e9e entre les ordres de sa direction et la volont\u00e9 de prot\u00e9ger ses proches.","og_url":"https:\/\/www.ifi-id.com\/fr\/fsp22-film-tokyo-shaking\/","og_site_name":"Institut fran\u00e7ais Indon\u00e9sie","article_modified_time":"2022-10-12T04:32:37+00:00","og_image":[{"url":"https:\/\/www.ifi-id.com\/wp-content\/uploads\/2022\/09\/tokyo-shaking3-e1663517975502.jpg"}],"twitter_card":"summary_large_image","twitter_title":"Tokyo Shaking - Festival du Cin\u00e9ma Fran\u00e7ais 2022","twitter_description":"Lorsqu'un tsunami menace la centrale \u00e9lectrique de Fukushima au Japon, une employ\u00e9e de banque fran\u00e7aise se retrouve tiraill\u00e9e entre les ordres de sa direction et la volont\u00e9 de prot\u00e9ger ses proches.","twitter_image":"https:\/\/www.ifi-id.com\/wp-content\/uploads\/2022\/09\/tokyo-shaking3-e1663517975502.jpg","twitter_misc":{"Dur\u00e9e de lecture estim\u00e9e":"1 minute"},"schema":{"@context":"https:\/\/schema.org","@graph":[{"@type":"WebPage","@id":"https:\/\/www.ifi-id.com\/fr\/fsp22-film-tokyo-shaking\/","url":"https:\/\/www.ifi-id.com\/fr\/fsp22-film-tokyo-shaking\/","name":"Tokyo Shaking - Festival du Cin\u00e9ma Fran\u00e7ais 2022 - Institut fran\u00e7ais Indon\u00e9sie","isPartOf":{"@id":"https:\/\/www.ifi-id.com\/#website"},"primaryImageOfPage":{"@id":"https:\/\/www.ifi-id.com\/fr\/fsp22-film-tokyo-shaking\/#primaryimage"},"image":{"@id":"https:\/\/www.ifi-id.com\/fr\/fsp22-film-tokyo-shaking\/#primaryimage"},"thumbnailUrl":"https:\/\/www.ifi-id.com\/wp-content\/uploads\/2022\/09\/tokyo-shaking3-e1663517975502.jpg","datePublished":"2022-09-18T16:24:36+00:00","dateModified":"2022-10-12T04:32:37+00:00","description":"Lorsqu'un tsunami menace la centrale \u00e9lectrique de Fukushima au Japon, une employ\u00e9e de banque fran\u00e7aise se retrouve tiraill\u00e9e entre les ordres de sa direction et la volont\u00e9 de prot\u00e9ger ses proches.","breadcrumb":{"@id":"https:\/\/www.ifi-id.com\/fr\/fsp22-film-tokyo-shaking\/#breadcrumb"},"inLanguage":"fr-FR","potentialAction":[{"@type":"ReadAction","target":["https:\/\/www.ifi-id.com\/fr\/fsp22-film-tokyo-shaking\/"]}]},{"@type":"ImageObject","inLanguage":"fr-FR","@id":"https:\/\/www.ifi-id.com\/fr\/fsp22-film-tokyo-shaking\/#primaryimage","url":"https:\/\/www.ifi-id.com\/wp-content\/uploads\/2022\/09\/tokyo-shaking3-e1663517975502.jpg","contentUrl":"https:\/\/www.ifi-id.com\/wp-content\/uploads\/2022\/09\/tokyo-shaking3-e1663517975502.jpg","width":1024,"height":429},{"@type":"BreadcrumbList","@id":"https:\/\/www.ifi-id.com\/fr\/fsp22-film-tokyo-shaking\/#breadcrumb","itemListElement":[{"@type":"ListItem","position":1,"name":"Home","item":"https:\/\/www.ifi-id.com\/"},{"@type":"ListItem","position":2,"name":"Tokyo Shaking &#8211; Festival du Cin\u00e9ma Fran\u00e7ais 2022"}]},{"@type":"WebSite","@id":"https:\/\/www.ifi-id.com\/#website","url":"https:\/\/www.ifi-id.com\/","name":"Institut fran\u00e7ais Indon\u00e9sie","description":"","publisher":{"@id":"https:\/\/www.ifi-id.com\/#organization"},"potentialAction":[{"@type":"SearchAction","target":{"@type":"EntryPoint","urlTemplate":"https:\/\/www.ifi-id.com\/?s={search_term_string}"},"query-input":{"@type":"PropertyValueSpecification","valueRequired":true,"valueName":"search_term_string"}}],"inLanguage":"fr-FR"},{"@type":"Organization","@id":"https:\/\/www.ifi-id.com\/#organization","name":"Institut fran\u00e7ais Indon\u00e9sie","url":"https:\/\/www.ifi-id.com\/","logo":{"@type":"ImageObject","inLanguage":"fr-FR","@id":"https:\/\/www.ifi-id.com\/#\/schema\/logo\/image\/","url":"https:\/\/www.ifi-id.com\/wp-content\/uploads\/2022\/12\/IFI_New_Logo.jpg","contentUrl":"https:\/\/www.ifi-id.com\/wp-content\/uploads\/2022\/12\/IFI_New_Logo.jpg","width":666,"height":444,"caption":"Institut fran\u00e7ais Indon\u00e9sie"},"image":{"@id":"https:\/\/www.ifi-id.com\/#\/schema\/logo\/image\/"}}]}},"post_mailing_queue_ids":[],"_links":{"self":[{"href":"https:\/\/www.ifi-id.com\/fr\/wp-json\/wp\/v2\/pages\/28377"}],"collection":[{"href":"https:\/\/www.ifi-id.com\/fr\/wp-json\/wp\/v2\/pages"}],"about":[{"href":"https:\/\/www.ifi-id.com\/fr\/wp-json\/wp\/v2\/types\/page"}],"author":[{"embeddable":true,"href":"https:\/\/www.ifi-id.com\/fr\/wp-json\/wp\/v2\/users\/8"}],"replies":[{"embeddable":true,"href":"https:\/\/www.ifi-id.com\/fr\/wp-json\/wp\/v2\/comments?post=28377"}],"version-history":[{"count":3,"href":"https:\/\/www.ifi-id.com\/fr\/wp-json\/wp\/v2\/pages\/28377\/revisions"}],"predecessor-version":[{"id":29084,"href":"https:\/\/www.ifi-id.com\/fr\/wp-json\/wp\/v2\/pages\/28377\/revisions\/29084"}],"wp:featuredmedia":[{"embeddable":true,"href":"https:\/\/www.ifi-id.com\/fr\/wp-json\/wp\/v2\/media\/28371"}],"wp:attachment":[{"href":"https:\/\/www.ifi-id.com\/fr\/wp-json\/wp\/v2\/media?parent=28377"}],"curies":[{"name":"wp","href":"https:\/\/api.w.org\/{rel}","templated":true}]}}