{"id":28361,"date":"2022-09-18T23:13:55","date_gmt":"2022-09-18T16:13:55","guid":{"rendered":"https:\/\/www.ifi-id.com\/play-festival-du-cinema-francais-2022"},"modified":"2022-10-12T11:17:54","modified_gmt":"2022-10-12T04:17:54","slug":"fsp22-film-play","status":"publish","type":"page","link":"https:\/\/www.ifi-id.com\/fr\/fsp22-film-play\/","title":{"rendered":"Play &#8211; Festival du Cin\u00e9ma Fran\u00e7ais 2022"},"content":{"rendered":"\t\t<div data-elementor-type=\"wp-page\" data-elementor-id=\"28361\" class=\"elementor elementor-28361 elementor-28349\" data-elementor-post-type=\"page\">\n\t\t\t\t\t\t<section class=\"elementor-section elementor-top-section elementor-element elementor-element-5a72be06 elementor-section-boxed elementor-section-height-default elementor-section-height-default\" data-id=\"5a72be06\" data-element_type=\"section\">\n\t\t\t\t\t\t<div class=\"elementor-container elementor-column-gap-default\">\n\t\t\t\t\t<div class=\"elementor-column elementor-col-100 elementor-top-column elementor-element elementor-element-1ace47d\" data-id=\"1ace47d\" data-element_type=\"column\">\n\t\t\t<div class=\"elementor-widget-wrap elementor-element-populated\">\n\t\t\t\t\t\t<div class=\"elementor-element elementor-element-42c349fb elementor-hidden-phone elementor-widget elementor-widget-heading\" data-id=\"42c349fb\" data-element_type=\"widget\" data-widget_type=\"heading.default\">\n\t\t\t\t<div class=\"elementor-widget-container\">\n\t\t\t<h2 class=\"elementor-heading-title elementor-size-default\">Play<\/h2>\t\t<\/div>\n\t\t\t\t<\/div>\n\t\t\t\t\t<\/div>\n\t\t<\/div>\n\t\t\t\t\t<\/div>\n\t\t<\/section>\n\t\t\t\t<section class=\"elementor-section elementor-top-section elementor-element elementor-element-2552dcd8 elementor-section-boxed elementor-section-height-default elementor-section-height-default\" data-id=\"2552dcd8\" data-element_type=\"section\">\n\t\t\t\t\t\t<div class=\"elementor-container elementor-column-gap-default\">\n\t\t\t\t\t<div class=\"elementor-column elementor-col-100 elementor-top-column elementor-element elementor-element-31ca4b59\" data-id=\"31ca4b59\" data-element_type=\"column\">\n\t\t\t<div class=\"elementor-widget-wrap elementor-element-populated\">\n\t\t\t\t\t\t<div class=\"elementor-element elementor-element-75e921b1 elementor-hidden-desktop elementor-hidden-tablet elementor-widget elementor-widget-heading\" data-id=\"75e921b1\" data-element_type=\"widget\" data-widget_type=\"heading.default\">\n\t\t\t\t<div class=\"elementor-widget-container\">\n\t\t\t<h1 class=\"elementor-heading-title elementor-size-default\">Play<\/h1>\t\t<\/div>\n\t\t\t\t<\/div>\n\t\t\t\t\t<\/div>\n\t\t<\/div>\n\t\t\t\t\t<\/div>\n\t\t<\/section>\n\t\t\t\t<section class=\"elementor-section elementor-top-section elementor-element elementor-element-513f4f66 elementor-section-boxed elementor-section-height-default elementor-section-height-default\" data-id=\"513f4f66\" data-element_type=\"section\" data-settings=\"{&quot;background_background&quot;:&quot;classic&quot;}\">\n\t\t\t\t\t\t<div class=\"elementor-container elementor-column-gap-default\">\n\t\t\t\t\t<div class=\"elementor-column elementor-col-100 elementor-top-column elementor-element elementor-element-57ab0544\" data-id=\"57ab0544\" data-element_type=\"column\">\n\t\t\t<div class=\"elementor-widget-wrap elementor-element-populated\">\n\t\t\t\t\t\t<div class=\"elementor-element elementor-element-126e3e34 elementor-arrows-position-inside elementor-pagination-position-outside elementor-widget elementor-widget-image-carousel\" data-id=\"126e3e34\" data-element_type=\"widget\" data-settings=\"{&quot;slides_to_show&quot;:&quot;1&quot;,&quot;autoplay_speed&quot;:3000,&quot;navigation&quot;:&quot;both&quot;,&quot;autoplay&quot;:&quot;yes&quot;,&quot;pause_on_hover&quot;:&quot;yes&quot;,&quot;pause_on_interaction&quot;:&quot;yes&quot;,&quot;infinite&quot;:&quot;yes&quot;,&quot;effect&quot;:&quot;slide&quot;,&quot;speed&quot;:500}\" data-widget_type=\"image-carousel.default\">\n\t\t\t\t<div class=\"elementor-widget-container\">\n\t\t\t\t\t<div class=\"elementor-image-carousel-wrapper swiper\" dir=\"ltr\">\n\t\t\t<div class=\"elementor-image-carousel swiper-wrapper swiper-image-stretch\" aria-live=\"off\">\n\t\t\t\t\t\t\t\t<div class=\"swiper-slide\" role=\"group\" aria-roledescription=\"slide\" aria-label=\"1 sur 3\"><figure class=\"swiper-slide-inner\"><img decoding=\"async\" class=\"swiper-slide-image\" src=\"https:\/\/www.ifi-id.com\/wp-content\/uploads\/2022\/09\/5766738.jpg-r_1920_1080-f_jpg-q_x-xxyxx-e1663517247488.jpg\" alt=\"5766738.jpg-r_1920_1080-f_jpg-q_x-xxyxx\" \/><\/figure><\/div><div class=\"swiper-slide\" role=\"group\" aria-roledescription=\"slide\" aria-label=\"2 sur 3\"><figure class=\"swiper-slide-inner\"><img decoding=\"async\" class=\"swiper-slide-image\" src=\"https:\/\/www.ifi-id.com\/wp-content\/uploads\/2022\/09\/image-w1280.jpg-e1663517266654.webp\" alt=\"image-w1280.jpg\" \/><\/figure><\/div><div class=\"swiper-slide\" role=\"group\" aria-roledescription=\"slide\" aria-label=\"3 sur 3\"><figure class=\"swiper-slide-inner\"><img decoding=\"async\" class=\"swiper-slide-image\" src=\"https:\/\/www.ifi-id.com\/wp-content\/uploads\/2022\/09\/maxresdefault-e1663517288987.jpg\" alt=\"maxresdefault\" \/><\/figure><\/div>\t\t\t<\/div>\n\t\t\t\t\t\t\t\t\t\t\t\t<div class=\"elementor-swiper-button elementor-swiper-button-prev\" role=\"button\" tabindex=\"0\">\n\t\t\t\t\t\t<i aria-hidden=\"true\" class=\"eicon-chevron-left\"><\/i>\t\t\t\t\t<\/div>\n\t\t\t\t\t<div class=\"elementor-swiper-button elementor-swiper-button-next\" role=\"button\" tabindex=\"0\">\n\t\t\t\t\t\t<i aria-hidden=\"true\" class=\"eicon-chevron-right\"><\/i>\t\t\t\t\t<\/div>\n\t\t\t\t\n\t\t\t\t\t\t\t\t\t<div class=\"swiper-pagination\"><\/div>\n\t\t\t\t\t\t\t\t\t<\/div>\n\t\t\t\t<\/div>\n\t\t\t\t<\/div>\n\t\t\t\t\t<\/div>\n\t\t<\/div>\n\t\t\t\t\t<\/div>\n\t\t<\/section>\n\t\t\t\t<section class=\"elementor-section elementor-top-section elementor-element elementor-element-657d75e0 elementor-section-boxed elementor-section-height-default elementor-section-height-default\" data-id=\"657d75e0\" data-element_type=\"section\">\n\t\t\t\t\t\t<div class=\"elementor-container elementor-column-gap-default\">\n\t\t\t\t\t<div class=\"elementor-column elementor-col-100 elementor-top-column elementor-element elementor-element-2f0cb9f5\" data-id=\"2f0cb9f5\" data-element_type=\"column\">\n\t\t\t<div class=\"elementor-widget-wrap elementor-element-populated\">\n\t\t\t\t\t\t<div class=\"elementor-element elementor-element-655db4ec elementor-widget elementor-widget-text-editor\" data-id=\"655db4ec\" data-element_type=\"widget\" data-widget_type=\"text-editor.default\">\n\t\t\t\t<div class=\"elementor-widget-container\">\n\t\t\t\t\t\t\t<h4>Anthony Marciano | 2019 | 108\u2019 | Comedie, Romantique | Fran\u00e7ais avec sous-titre indon\u00e9sien<br \/>\n<span style=\"font-size: 1rem;\">Max Boublil, Alice Isaaz, Malik Zidi<\/span><\/h4>\n<p>Max a re\u00e7u son premier appareil photo \u00e0 l\u2019\u00e2ge de 13 ans. Depuis 25 ans, il ne cesse de capturer des images de ses amis, de sa vie amoureuse, de ses succ\u00e8s et de ses \u00e9checs. Des ann\u00e9es 90 aux ann\u00e9es 2010, c\u2019est un portrait de toute une g\u00e9n\u00e9ration qui transpara\u00eet au travers de sa qu\u00eate.<\/p>\n<p><strong>Programme<br \/>\n<\/strong><strong>vendredi, 7 octobre 2022<br \/>\n<\/strong>Denpasar | AF Bali | 19h<\/p>\n<p><strong>samedi, 8 octobre 2022<br \/>\n<\/strong>Jakarta | IFI Thamrin | 14h30<br \/>\nYogyakarta | JNM Bloc | 20h30<\/p>\n<p><strong>dimanche, 9 octobre 2022<br \/>\n<\/strong>Bandung | IFI Bandung | 14h30<\/p>\n<p><strong>samedi, 15 octobre 2022<br \/>\n<\/strong>Surabaya | IFI Surabaya | 14h<\/p>\n\t\t\t\t\t\t<\/div>\n\t\t\t\t<\/div>\n\t\t\t\t\t<\/div>\n\t\t<\/div>\n\t\t\t\t\t<\/div>\n\t\t<\/section>\n\t\t\t\t<section class=\"elementor-section elementor-top-section elementor-element elementor-element-3d7a690 elementor-section-boxed elementor-section-height-default elementor-section-height-default\" data-id=\"3d7a690\" data-element_type=\"section\">\n\t\t\t\t\t\t<div class=\"elementor-container elementor-column-gap-default\">\n\t\t\t\t\t<div class=\"elementor-column elementor-col-100 elementor-top-column elementor-element elementor-element-69a7d173\" data-id=\"69a7d173\" data-element_type=\"column\">\n\t\t\t<div class=\"elementor-widget-wrap elementor-element-populated\">\n\t\t\t\t\t\t<div class=\"elementor-element elementor-element-518dce11 elementor-widget elementor-widget-video\" data-id=\"518dce11\" data-element_type=\"widget\" data-settings=\"{&quot;youtube_url&quot;:&quot;https:\\\/\\\/www.youtube.com\\\/watch?v=CtQ4j1iIZpM&quot;,&quot;video_type&quot;:&quot;youtube&quot;,&quot;controls&quot;:&quot;yes&quot;}\" data-widget_type=\"video.default\">\n\t\t\t\t<div class=\"elementor-widget-container\">\n\t\t\t\t\t<div class=\"elementor-wrapper elementor-open-inline\">\n\t\t\t<div class=\"elementor-video\"><\/div>\t\t<\/div>\n\t\t\t\t<\/div>\n\t\t\t\t<\/div>\n\t\t\t\t\t<\/div>\n\t\t<\/div>\n\t\t\t\t\t<\/div>\n\t\t<\/section>\n\t\t\t\t<section class=\"elementor-section elementor-top-section elementor-element elementor-element-56583b95 elementor-section-boxed elementor-section-height-default elementor-section-height-default\" data-id=\"56583b95\" data-element_type=\"section\">\n\t\t\t\t\t\t<div class=\"elementor-container elementor-column-gap-default\">\n\t\t\t\t\t<div class=\"elementor-column elementor-col-100 elementor-top-column elementor-element elementor-element-136c8102\" data-id=\"136c8102\" data-element_type=\"column\">\n\t\t\t<div class=\"elementor-widget-wrap elementor-element-populated\">\n\t\t\t\t\t\t<div class=\"elementor-element elementor-element-3a6888d7 elementor-align-center elementor-widget elementor-widget-button\" data-id=\"3a6888d7\" data-element_type=\"widget\" data-widget_type=\"button.default\">\n\t\t\t\t<div class=\"elementor-widget-container\">\n\t\t\t\t\t<div class=\"elementor-button-wrapper\">\n\t\t\t<a class=\"elementor-button elementor-button-link elementor-size-sm\" href=\"https:\/\/www.ifi-id.com\/fr\/festival-du-cinema-francais-2022-film\">\n\t\t\t\t\t\t<span class=\"elementor-button-content-wrapper\">\n\t\t\t\t\t\t<span class=\"elementor-button-icon\">\n\t\t\t\t<i aria-hidden=\"true\" class=\"fas fa-backward\"><\/i>\t\t\t<\/span>\n\t\t\t\t\t\t\t\t\t<span class=\"elementor-button-text\">Retour \u00e0 la liste des films<\/span>\n\t\t\t\t\t<\/span>\n\t\t\t\t\t<\/a>\n\t\t<\/div>\n\t\t\t\t<\/div>\n\t\t\t\t<\/div>\n\t\t\t\t\t<\/div>\n\t\t<\/div>\n\t\t\t\t\t<\/div>\n\t\t<\/section>\n\t\t\t\t<\/div>\n\t\t","protected":false},"excerpt":{"rendered":"<p>Play Play Previous Next Anthony Marciano | 2019 | 108\u2019 | Comedie, Romantique | Fran\u00e7ais avec sous-titre indon\u00e9sien Max Boublil, Alice Isaaz, Malik Zidi Max a re\u00e7u son premier appareil photo \u00e0 l\u2019\u00e2ge de 13 ans. Depuis 25 ans, il ne cesse de capturer des images de ses amis, de sa vie amoureuse, de ses &hellip; <\/p>\n<p class=\"link-more\"><a href=\"https:\/\/www.ifi-id.com\/fr\/fsp22-film-play\/\" class=\"more-link\">Continuer la lecture<span class=\"screen-reader-text\"> de &laquo;&nbsp;Play &#8211; Festival du Cin\u00e9ma Fran\u00e7ais 2022&nbsp;&raquo;<\/span><\/a><\/p>\n","protected":false},"author":8,"featured_media":28355,"parent":0,"menu_order":0,"comment_status":"closed","ping_status":"closed","template":"elementor_header_footer","meta":{"footnotes":""},"class_list":["post-28361","page","type-page","status-publish","has-post-thumbnail","hentry"],"yoast_head":"<!-- This site is optimized with the Yoast SEO plugin v23.5 - https:\/\/yoast.com\/wordpress\/plugins\/seo\/ -->\n<title>Play - Festival du Cin\u00e9ma Fran\u00e7ais 2022 - Institut fran\u00e7ais Indon\u00e9sie<\/title>\n<meta name=\"description\" content=\"Max a re\u00e7u son premier appareil photo \u00e0 l\u2019\u00e2ge de 13 ans. Depuis 25 ans, il ne cesse de capturer des images de ses amis, de sa vie amoureuse, de ses succ\u00e8s et de ses \u00e9checs. Des ann\u00e9es 90 aux ann\u00e9es 2010, c\u2019est un portrait de toute une g\u00e9n\u00e9ration qui transpara\u00eet au travers de sa qu\u00eate.\" \/>\n<meta name=\"robots\" content=\"index, follow, max-snippet:-1, max-image-preview:large, max-video-preview:-1\" \/>\n<link rel=\"canonical\" href=\"https:\/\/www.ifi-id.com\/fr\/fsp22-film-play\/\" \/>\n<meta property=\"og:locale\" content=\"fr_FR\" \/>\n<meta property=\"og:type\" content=\"article\" \/>\n<meta property=\"og:title\" content=\"Play - Festival du Cin\u00e9ma Fran\u00e7ais 2022\" \/>\n<meta property=\"og:description\" content=\"Max a re\u00e7u son premier appareil photo \u00e0 l\u2019\u00e2ge de 13 ans. Depuis 25 ans, il ne cesse de capturer des images de ses amis, de sa vie amoureuse, de ses succ\u00e8s et de ses \u00e9checs. Des ann\u00e9es 90 aux ann\u00e9es 2010, c\u2019est un portrait de toute une g\u00e9n\u00e9ration qui transpara\u00eet au travers de sa qu\u00eate.\" \/>\n<meta property=\"og:url\" content=\"https:\/\/www.ifi-id.com\/fr\/fsp22-film-play\/\" \/>\n<meta property=\"og:site_name\" content=\"Institut fran\u00e7ais Indon\u00e9sie\" \/>\n<meta property=\"article:modified_time\" content=\"2022-10-12T04:17:54+00:00\" \/>\n<meta property=\"og:image\" content=\"https:\/\/www.ifi-id.com\/wp-content\/uploads\/2022\/09\/5766738.jpg-r_1920_1080-f_jpg-q_x-xxyxx-e1663517247488.jpg\" \/>\n<meta name=\"twitter:card\" content=\"summary_large_image\" \/>\n<meta name=\"twitter:title\" content=\"Play - Festival du Cin\u00e9ma Fran\u00e7ais 2022\" \/>\n<meta name=\"twitter:description\" content=\"Max a re\u00e7u son premier appareil photo \u00e0 l\u2019\u00e2ge de 13 ans. Depuis 25 ans, il ne cesse de capturer des images de ses amis, de sa vie amoureuse, de ses succ\u00e8s et de ses \u00e9checs. Des ann\u00e9es 90 aux ann\u00e9es 2010, c\u2019est un portrait de toute une g\u00e9n\u00e9ration qui transpara\u00eet au travers de sa qu\u00eate.\" \/>\n<meta name=\"twitter:image\" content=\"https:\/\/www.ifi-id.com\/wp-content\/uploads\/2022\/09\/5766738.jpg-r_1920_1080-f_jpg-q_x-xxyxx-e1663517247488-1024x575.jpg\" \/>\n<meta name=\"twitter:label1\" content=\"Dur\u00e9e de lecture estim\u00e9e\" \/>\n\t<meta name=\"twitter:data1\" content=\"1 minute\" \/>\n<script type=\"application\/ld+json\" class=\"yoast-schema-graph\">{\"@context\":\"https:\/\/schema.org\",\"@graph\":[{\"@type\":\"WebPage\",\"@id\":\"https:\/\/www.ifi-id.com\/fr\/fsp22-film-play\/\",\"url\":\"https:\/\/www.ifi-id.com\/fr\/fsp22-film-play\/\",\"name\":\"Play - Festival du Cin\u00e9ma Fran\u00e7ais 2022 - Institut fran\u00e7ais Indon\u00e9sie\",\"isPartOf\":{\"@id\":\"https:\/\/www.ifi-id.com\/#website\"},\"primaryImageOfPage\":{\"@id\":\"https:\/\/www.ifi-id.com\/fr\/fsp22-film-play\/#primaryimage\"},\"image\":{\"@id\":\"https:\/\/www.ifi-id.com\/fr\/fsp22-film-play\/#primaryimage\"},\"thumbnailUrl\":\"https:\/\/www.ifi-id.com\/wp-content\/uploads\/2022\/09\/5766738.jpg-r_1920_1080-f_jpg-q_x-xxyxx-e1663517247488.jpg\",\"datePublished\":\"2022-09-18T16:13:55+00:00\",\"dateModified\":\"2022-10-12T04:17:54+00:00\",\"description\":\"Max a re\u00e7u son premier appareil photo \u00e0 l\u2019\u00e2ge de 13 ans. Depuis 25 ans, il ne cesse de capturer des images de ses amis, de sa vie amoureuse, de ses succ\u00e8s et de ses \u00e9checs. Des ann\u00e9es 90 aux ann\u00e9es 2010, c\u2019est un portrait de toute une g\u00e9n\u00e9ration qui transpara\u00eet au travers de sa qu\u00eate.\",\"breadcrumb\":{\"@id\":\"https:\/\/www.ifi-id.com\/fr\/fsp22-film-play\/#breadcrumb\"},\"inLanguage\":\"fr-FR\",\"potentialAction\":[{\"@type\":\"ReadAction\",\"target\":[\"https:\/\/www.ifi-id.com\/fr\/fsp22-film-play\/\"]}]},{\"@type\":\"ImageObject\",\"inLanguage\":\"fr-FR\",\"@id\":\"https:\/\/www.ifi-id.com\/fr\/fsp22-film-play\/#primaryimage\",\"url\":\"https:\/\/www.ifi-id.com\/wp-content\/uploads\/2022\/09\/5766738.jpg-r_1920_1080-f_jpg-q_x-xxyxx-e1663517247488.jpg\",\"contentUrl\":\"https:\/\/www.ifi-id.com\/wp-content\/uploads\/2022\/09\/5766738.jpg-r_1920_1080-f_jpg-q_x-xxyxx-e1663517247488.jpg\",\"width\":1543,\"height\":1080},{\"@type\":\"BreadcrumbList\",\"@id\":\"https:\/\/www.ifi-id.com\/fr\/fsp22-film-play\/#breadcrumb\",\"itemListElement\":[{\"@type\":\"ListItem\",\"position\":1,\"name\":\"Home\",\"item\":\"https:\/\/www.ifi-id.com\/\"},{\"@type\":\"ListItem\",\"position\":2,\"name\":\"Play &#8211; Festival du Cin\u00e9ma Fran\u00e7ais 2022\"}]},{\"@type\":\"WebSite\",\"@id\":\"https:\/\/www.ifi-id.com\/#website\",\"url\":\"https:\/\/www.ifi-id.com\/\",\"name\":\"Institut fran\u00e7ais Indon\u00e9sie\",\"description\":\"\",\"publisher\":{\"@id\":\"https:\/\/www.ifi-id.com\/#organization\"},\"potentialAction\":[{\"@type\":\"SearchAction\",\"target\":{\"@type\":\"EntryPoint\",\"urlTemplate\":\"https:\/\/www.ifi-id.com\/?s={search_term_string}\"},\"query-input\":{\"@type\":\"PropertyValueSpecification\",\"valueRequired\":true,\"valueName\":\"search_term_string\"}}],\"inLanguage\":\"fr-FR\"},{\"@type\":\"Organization\",\"@id\":\"https:\/\/www.ifi-id.com\/#organization\",\"name\":\"Institut fran\u00e7ais Indon\u00e9sie\",\"url\":\"https:\/\/www.ifi-id.com\/\",\"logo\":{\"@type\":\"ImageObject\",\"inLanguage\":\"fr-FR\",\"@id\":\"https:\/\/www.ifi-id.com\/#\/schema\/logo\/image\/\",\"url\":\"https:\/\/www.ifi-id.com\/wp-content\/uploads\/2022\/12\/IFI_New_Logo.jpg\",\"contentUrl\":\"https:\/\/www.ifi-id.com\/wp-content\/uploads\/2022\/12\/IFI_New_Logo.jpg\",\"width\":666,\"height\":444,\"caption\":\"Institut fran\u00e7ais Indon\u00e9sie\"},\"image\":{\"@id\":\"https:\/\/www.ifi-id.com\/#\/schema\/logo\/image\/\"}}]}<\/script>\n<!-- \/ Yoast SEO plugin. -->","yoast_head_json":{"title":"Play - Festival du Cin\u00e9ma Fran\u00e7ais 2022 - Institut fran\u00e7ais Indon\u00e9sie","description":"Max a re\u00e7u son premier appareil photo \u00e0 l\u2019\u00e2ge de 13 ans. Depuis 25 ans, il ne cesse de capturer des images de ses amis, de sa vie amoureuse, de ses succ\u00e8s et de ses \u00e9checs. Des ann\u00e9es 90 aux ann\u00e9es 2010, c\u2019est un portrait de toute une g\u00e9n\u00e9ration qui transpara\u00eet au travers de sa qu\u00eate.","robots":{"index":"index","follow":"follow","max-snippet":"max-snippet:-1","max-image-preview":"max-image-preview:large","max-video-preview":"max-video-preview:-1"},"canonical":"https:\/\/www.ifi-id.com\/fr\/fsp22-film-play\/","og_locale":"fr_FR","og_type":"article","og_title":"Play - Festival du Cin\u00e9ma Fran\u00e7ais 2022","og_description":"Max a re\u00e7u son premier appareil photo \u00e0 l\u2019\u00e2ge de 13 ans. Depuis 25 ans, il ne cesse de capturer des images de ses amis, de sa vie amoureuse, de ses succ\u00e8s et de ses \u00e9checs. Des ann\u00e9es 90 aux ann\u00e9es 2010, c\u2019est un portrait de toute une g\u00e9n\u00e9ration qui transpara\u00eet au travers de sa qu\u00eate.","og_url":"https:\/\/www.ifi-id.com\/fr\/fsp22-film-play\/","og_site_name":"Institut fran\u00e7ais Indon\u00e9sie","article_modified_time":"2022-10-12T04:17:54+00:00","og_image":[{"url":"https:\/\/www.ifi-id.com\/wp-content\/uploads\/2022\/09\/5766738.jpg-r_1920_1080-f_jpg-q_x-xxyxx-e1663517247488.jpg"}],"twitter_card":"summary_large_image","twitter_title":"Play - Festival du Cin\u00e9ma Fran\u00e7ais 2022","twitter_description":"Max a re\u00e7u son premier appareil photo \u00e0 l\u2019\u00e2ge de 13 ans. Depuis 25 ans, il ne cesse de capturer des images de ses amis, de sa vie amoureuse, de ses succ\u00e8s et de ses \u00e9checs. Des ann\u00e9es 90 aux ann\u00e9es 2010, c\u2019est un portrait de toute une g\u00e9n\u00e9ration qui transpara\u00eet au travers de sa qu\u00eate.","twitter_image":"https:\/\/www.ifi-id.com\/wp-content\/uploads\/2022\/09\/5766738.jpg-r_1920_1080-f_jpg-q_x-xxyxx-e1663517247488-1024x575.jpg","twitter_misc":{"Dur\u00e9e de lecture estim\u00e9e":"1 minute"},"schema":{"@context":"https:\/\/schema.org","@graph":[{"@type":"WebPage","@id":"https:\/\/www.ifi-id.com\/fr\/fsp22-film-play\/","url":"https:\/\/www.ifi-id.com\/fr\/fsp22-film-play\/","name":"Play - Festival du Cin\u00e9ma Fran\u00e7ais 2022 - Institut fran\u00e7ais Indon\u00e9sie","isPartOf":{"@id":"https:\/\/www.ifi-id.com\/#website"},"primaryImageOfPage":{"@id":"https:\/\/www.ifi-id.com\/fr\/fsp22-film-play\/#primaryimage"},"image":{"@id":"https:\/\/www.ifi-id.com\/fr\/fsp22-film-play\/#primaryimage"},"thumbnailUrl":"https:\/\/www.ifi-id.com\/wp-content\/uploads\/2022\/09\/5766738.jpg-r_1920_1080-f_jpg-q_x-xxyxx-e1663517247488.jpg","datePublished":"2022-09-18T16:13:55+00:00","dateModified":"2022-10-12T04:17:54+00:00","description":"Max a re\u00e7u son premier appareil photo \u00e0 l\u2019\u00e2ge de 13 ans. Depuis 25 ans, il ne cesse de capturer des images de ses amis, de sa vie amoureuse, de ses succ\u00e8s et de ses \u00e9checs. Des ann\u00e9es 90 aux ann\u00e9es 2010, c\u2019est un portrait de toute une g\u00e9n\u00e9ration qui transpara\u00eet au travers de sa qu\u00eate.","breadcrumb":{"@id":"https:\/\/www.ifi-id.com\/fr\/fsp22-film-play\/#breadcrumb"},"inLanguage":"fr-FR","potentialAction":[{"@type":"ReadAction","target":["https:\/\/www.ifi-id.com\/fr\/fsp22-film-play\/"]}]},{"@type":"ImageObject","inLanguage":"fr-FR","@id":"https:\/\/www.ifi-id.com\/fr\/fsp22-film-play\/#primaryimage","url":"https:\/\/www.ifi-id.com\/wp-content\/uploads\/2022\/09\/5766738.jpg-r_1920_1080-f_jpg-q_x-xxyxx-e1663517247488.jpg","contentUrl":"https:\/\/www.ifi-id.com\/wp-content\/uploads\/2022\/09\/5766738.jpg-r_1920_1080-f_jpg-q_x-xxyxx-e1663517247488.jpg","width":1543,"height":1080},{"@type":"BreadcrumbList","@id":"https:\/\/www.ifi-id.com\/fr\/fsp22-film-play\/#breadcrumb","itemListElement":[{"@type":"ListItem","position":1,"name":"Home","item":"https:\/\/www.ifi-id.com\/"},{"@type":"ListItem","position":2,"name":"Play &#8211; Festival du Cin\u00e9ma Fran\u00e7ais 2022"}]},{"@type":"WebSite","@id":"https:\/\/www.ifi-id.com\/#website","url":"https:\/\/www.ifi-id.com\/","name":"Institut fran\u00e7ais Indon\u00e9sie","description":"","publisher":{"@id":"https:\/\/www.ifi-id.com\/#organization"},"potentialAction":[{"@type":"SearchAction","target":{"@type":"EntryPoint","urlTemplate":"https:\/\/www.ifi-id.com\/?s={search_term_string}"},"query-input":{"@type":"PropertyValueSpecification","valueRequired":true,"valueName":"search_term_string"}}],"inLanguage":"fr-FR"},{"@type":"Organization","@id":"https:\/\/www.ifi-id.com\/#organization","name":"Institut fran\u00e7ais Indon\u00e9sie","url":"https:\/\/www.ifi-id.com\/","logo":{"@type":"ImageObject","inLanguage":"fr-FR","@id":"https:\/\/www.ifi-id.com\/#\/schema\/logo\/image\/","url":"https:\/\/www.ifi-id.com\/wp-content\/uploads\/2022\/12\/IFI_New_Logo.jpg","contentUrl":"https:\/\/www.ifi-id.com\/wp-content\/uploads\/2022\/12\/IFI_New_Logo.jpg","width":666,"height":444,"caption":"Institut fran\u00e7ais Indon\u00e9sie"},"image":{"@id":"https:\/\/www.ifi-id.com\/#\/schema\/logo\/image\/"}}]}},"post_mailing_queue_ids":[],"_links":{"self":[{"href":"https:\/\/www.ifi-id.com\/fr\/wp-json\/wp\/v2\/pages\/28361"}],"collection":[{"href":"https:\/\/www.ifi-id.com\/fr\/wp-json\/wp\/v2\/pages"}],"about":[{"href":"https:\/\/www.ifi-id.com\/fr\/wp-json\/wp\/v2\/types\/page"}],"author":[{"embeddable":true,"href":"https:\/\/www.ifi-id.com\/fr\/wp-json\/wp\/v2\/users\/8"}],"replies":[{"embeddable":true,"href":"https:\/\/www.ifi-id.com\/fr\/wp-json\/wp\/v2\/comments?post=28361"}],"version-history":[{"count":2,"href":"https:\/\/www.ifi-id.com\/fr\/wp-json\/wp\/v2\/pages\/28361\/revisions"}],"predecessor-version":[{"id":29065,"href":"https:\/\/www.ifi-id.com\/fr\/wp-json\/wp\/v2\/pages\/28361\/revisions\/29065"}],"wp:featuredmedia":[{"embeddable":true,"href":"https:\/\/www.ifi-id.com\/fr\/wp-json\/wp\/v2\/media\/28355"}],"wp:attachment":[{"href":"https:\/\/www.ifi-id.com\/fr\/wp-json\/wp\/v2\/media?parent=28361"}],"curies":[{"name":"wp","href":"https:\/\/api.w.org\/{rel}","templated":true}]}}