{"id":28271,"date":"2022-09-17T18:33:05","date_gmt":"2022-09-17T11:33:05","guid":{"rendered":"https:\/\/www.ifi-id.com\/lhomme-de-la-cave-festival-du-cinema-francais-2022"},"modified":"2022-10-12T11:22:44","modified_gmt":"2022-10-12T04:22:44","slug":"fsp22-film-lhomme-de-la-cave","status":"publish","type":"page","link":"https:\/\/www.ifi-id.com\/fr\/fsp22-film-lhomme-de-la-cave\/","title":{"rendered":"L\u2019Homme de la Cave &#8211; Festival du Cin\u00e9ma Fran\u00e7ais 2022"},"content":{"rendered":"\t\t<div data-elementor-type=\"wp-page\" data-elementor-id=\"28271\" class=\"elementor elementor-28271 elementor-28259\" data-elementor-post-type=\"page\">\n\t\t\t\t\t\t<section class=\"elementor-section elementor-top-section elementor-element elementor-element-515ddcce elementor-section-boxed elementor-section-height-default elementor-section-height-default\" data-id=\"515ddcce\" data-element_type=\"section\">\n\t\t\t\t\t\t<div class=\"elementor-container elementor-column-gap-default\">\n\t\t\t\t\t<div class=\"elementor-column elementor-col-100 elementor-top-column elementor-element elementor-element-37603e8d\" data-id=\"37603e8d\" data-element_type=\"column\">\n\t\t\t<div class=\"elementor-widget-wrap elementor-element-populated\">\n\t\t\t\t\t\t<div class=\"elementor-element elementor-element-2c7f027f elementor-hidden-phone elementor-widget elementor-widget-heading\" data-id=\"2c7f027f\" data-element_type=\"widget\" data-widget_type=\"heading.default\">\n\t\t\t\t<div class=\"elementor-widget-container\">\n\t\t\t<h2 class=\"elementor-heading-title elementor-size-default\">L\u2019Homme de la Cave<\/h2>\t\t<\/div>\n\t\t\t\t<\/div>\n\t\t\t\t\t<\/div>\n\t\t<\/div>\n\t\t\t\t\t<\/div>\n\t\t<\/section>\n\t\t\t\t<section class=\"elementor-section elementor-top-section elementor-element elementor-element-6649a980 elementor-section-boxed elementor-section-height-default elementor-section-height-default\" data-id=\"6649a980\" data-element_type=\"section\">\n\t\t\t\t\t\t<div class=\"elementor-container elementor-column-gap-default\">\n\t\t\t\t\t<div class=\"elementor-column elementor-col-100 elementor-top-column elementor-element elementor-element-18cfc12b\" data-id=\"18cfc12b\" data-element_type=\"column\">\n\t\t\t<div class=\"elementor-widget-wrap elementor-element-populated\">\n\t\t\t\t\t\t<div class=\"elementor-element elementor-element-2c9ed109 elementor-hidden-desktop elementor-hidden-tablet elementor-widget elementor-widget-heading\" data-id=\"2c9ed109\" data-element_type=\"widget\" data-widget_type=\"heading.default\">\n\t\t\t\t<div class=\"elementor-widget-container\">\n\t\t\t<h1 class=\"elementor-heading-title elementor-size-default\">L\u2019Homme de la Cave<\/h1>\t\t<\/div>\n\t\t\t\t<\/div>\n\t\t\t\t\t<\/div>\n\t\t<\/div>\n\t\t\t\t\t<\/div>\n\t\t<\/section>\n\t\t\t\t<section class=\"elementor-section elementor-top-section elementor-element elementor-element-12b79f22 elementor-section-boxed elementor-section-height-default elementor-section-height-default\" data-id=\"12b79f22\" data-element_type=\"section\" data-settings=\"{&quot;background_background&quot;:&quot;classic&quot;}\">\n\t\t\t\t\t\t<div class=\"elementor-container elementor-column-gap-default\">\n\t\t\t\t\t<div class=\"elementor-column elementor-col-100 elementor-top-column elementor-element elementor-element-723cffa5\" data-id=\"723cffa5\" data-element_type=\"column\">\n\t\t\t<div class=\"elementor-widget-wrap elementor-element-populated\">\n\t\t\t\t\t\t<div class=\"elementor-element elementor-element-2abc18c7 elementor-arrows-position-inside elementor-pagination-position-outside elementor-widget elementor-widget-image-carousel\" data-id=\"2abc18c7\" data-element_type=\"widget\" data-settings=\"{&quot;slides_to_show&quot;:&quot;1&quot;,&quot;autoplay_speed&quot;:3000,&quot;navigation&quot;:&quot;both&quot;,&quot;autoplay&quot;:&quot;yes&quot;,&quot;pause_on_hover&quot;:&quot;yes&quot;,&quot;pause_on_interaction&quot;:&quot;yes&quot;,&quot;infinite&quot;:&quot;yes&quot;,&quot;effect&quot;:&quot;slide&quot;,&quot;speed&quot;:500}\" data-widget_type=\"image-carousel.default\">\n\t\t\t\t<div class=\"elementor-widget-container\">\n\t\t\t\t\t<div class=\"elementor-image-carousel-wrapper swiper\" dir=\"ltr\">\n\t\t\t<div class=\"elementor-image-carousel swiper-wrapper swiper-image-stretch\" aria-live=\"off\">\n\t\t\t\t\t\t\t\t<div class=\"swiper-slide\" role=\"group\" aria-roledescription=\"slide\" aria-label=\"1 sur 3\"><figure class=\"swiper-slide-inner\"><img decoding=\"async\" class=\"swiper-slide-image\" src=\"https:\/\/www.ifi-id.com\/wp-content\/uploads\/2022\/09\/l-homme-de-la-cave-e1663405801642.jpg\" alt=\"l-homme-de-la-cave\" \/><\/figure><\/div><div class=\"swiper-slide\" role=\"group\" aria-roledescription=\"slide\" aria-label=\"2 sur 3\"><figure class=\"swiper-slide-inner\"><img decoding=\"async\" class=\"swiper-slide-image\" src=\"https:\/\/www.ifi-id.com\/wp-content\/uploads\/2022\/09\/l-homme-de-la-cave-2-e1663405760388.jpg\" alt=\"l-homme-de-la-cave (2)\" \/><\/figure><\/div><div class=\"swiper-slide\" role=\"group\" aria-roledescription=\"slide\" aria-label=\"3 sur 3\"><figure class=\"swiper-slide-inner\"><img decoding=\"async\" class=\"swiper-slide-image\" src=\"https:\/\/www.ifi-id.com\/wp-content\/uploads\/2022\/09\/l-homme-de-la-cave-1-e1663405787303.jpg\" alt=\"l-homme-de-la-cave (1)\" \/><\/figure><\/div>\t\t\t<\/div>\n\t\t\t\t\t\t\t\t\t\t\t\t<div class=\"elementor-swiper-button elementor-swiper-button-prev\" role=\"button\" tabindex=\"0\">\n\t\t\t\t\t\t<i aria-hidden=\"true\" class=\"eicon-chevron-left\"><\/i>\t\t\t\t\t<\/div>\n\t\t\t\t\t<div class=\"elementor-swiper-button elementor-swiper-button-next\" role=\"button\" tabindex=\"0\">\n\t\t\t\t\t\t<i aria-hidden=\"true\" class=\"eicon-chevron-right\"><\/i>\t\t\t\t\t<\/div>\n\t\t\t\t\n\t\t\t\t\t\t\t\t\t<div class=\"swiper-pagination\"><\/div>\n\t\t\t\t\t\t\t\t\t<\/div>\n\t\t\t\t<\/div>\n\t\t\t\t<\/div>\n\t\t\t\t\t<\/div>\n\t\t<\/div>\n\t\t\t\t\t<\/div>\n\t\t<\/section>\n\t\t\t\t<section class=\"elementor-section elementor-top-section elementor-element elementor-element-7bb0d3b elementor-section-boxed elementor-section-height-default elementor-section-height-default\" data-id=\"7bb0d3b\" data-element_type=\"section\">\n\t\t\t\t\t\t<div class=\"elementor-container elementor-column-gap-default\">\n\t\t\t\t\t<div class=\"elementor-column elementor-col-100 elementor-top-column elementor-element elementor-element-77d197dc\" data-id=\"77d197dc\" data-element_type=\"column\">\n\t\t\t<div class=\"elementor-widget-wrap elementor-element-populated\">\n\t\t\t\t\t\t<div class=\"elementor-element elementor-element-f6c833 elementor-widget elementor-widget-text-editor\" data-id=\"f6c833\" data-element_type=\"widget\" data-widget_type=\"text-editor.default\">\n\t\t\t\t<div class=\"elementor-widget-container\">\n\t\t\t\t\t\t\t<h4>Philippe Le Guay | 2021 | 119\u2019 | Drame | Fran\u00e7ais avec sous-titre indon\u00e9sien<br \/>\nFran\u00e7ois Cluzet, J\u00e9r\u00e9mie Renier, B\u00e9r\u00e9nice Bejo<\/h4>\n<p>Simon et H\u00e9l\u00e8ne habitent ensemble \u00e0 Paris, et d\u00e9cident de vendre une cave de leur immeuble. Il s\u2019av\u00e8re que l&rsquo;homme qui l&rsquo;ach\u00e8te \u00e0 un pass\u00e9 trouble, et va bouleverser la vie du couple.<\/p>\n<p><strong>Programme<br \/>\nvendredi, 7 octobre 2022<br \/>\n<\/strong>Jakarta | IFI Thamrin | 19h30<\/p>\n<p><strong>samedi, 8 octobre 2022<br \/>\n<\/strong>Medan | Museum Perkebunan Indonesia 2 | 17h<\/p>\n<p><strong>lundi, 10 octobre 2022<br \/>\n<\/strong>Tangerang | IFI Serpong | 17h<\/p>\n<p><strong>mercredi, 12 octobre 2022<br \/>\n<\/strong>Bandung | IFI Bandung | 17h<br \/>\nDenpasar | Mash Denpasar | 19h30<br \/>\nLampung | Institut Informatika dan Bisnis Darmajaya | 13h30<\/p>\n<p><strong>jeudi, 13 octobre 2022<br \/>\n<\/strong>Pontianak | Universitas Tanjungpura | 16h<br \/>\nYogyakarta | IFI Yogyakarta | 16h<\/p>\n<p><strong>vendredi, 14 octobre 2022<br \/>\n<\/strong>Surabaya | IFI Surabaya | 19h<\/p>\n\t\t\t\t\t\t<\/div>\n\t\t\t\t<\/div>\n\t\t\t\t\t<\/div>\n\t\t<\/div>\n\t\t\t\t\t<\/div>\n\t\t<\/section>\n\t\t\t\t<section class=\"elementor-section elementor-top-section elementor-element elementor-element-1993aa0d elementor-section-boxed elementor-section-height-default elementor-section-height-default\" data-id=\"1993aa0d\" data-element_type=\"section\">\n\t\t\t\t\t\t<div class=\"elementor-container elementor-column-gap-default\">\n\t\t\t\t\t<div class=\"elementor-column elementor-col-100 elementor-top-column elementor-element elementor-element-145c771\" data-id=\"145c771\" data-element_type=\"column\">\n\t\t\t<div class=\"elementor-widget-wrap elementor-element-populated\">\n\t\t\t\t\t\t<div class=\"elementor-element elementor-element-2c76048 elementor-widget elementor-widget-video\" data-id=\"2c76048\" data-element_type=\"widget\" data-settings=\"{&quot;youtube_url&quot;:&quot;https:\\\/\\\/www.youtube.com\\\/watch?v=Lum0x9-zaSc&quot;,&quot;video_type&quot;:&quot;youtube&quot;,&quot;controls&quot;:&quot;yes&quot;}\" data-widget_type=\"video.default\">\n\t\t\t\t<div class=\"elementor-widget-container\">\n\t\t\t\t\t<div class=\"elementor-wrapper elementor-open-inline\">\n\t\t\t<div class=\"elementor-video\"><\/div>\t\t<\/div>\n\t\t\t\t<\/div>\n\t\t\t\t<\/div>\n\t\t\t\t\t<\/div>\n\t\t<\/div>\n\t\t\t\t\t<\/div>\n\t\t<\/section>\n\t\t\t\t<section class=\"elementor-section elementor-top-section elementor-element elementor-element-1ff98b71 elementor-section-boxed elementor-section-height-default elementor-section-height-default\" data-id=\"1ff98b71\" data-element_type=\"section\">\n\t\t\t\t\t\t<div class=\"elementor-container elementor-column-gap-default\">\n\t\t\t\t\t<div class=\"elementor-column elementor-col-100 elementor-top-column elementor-element elementor-element-781d8b7e\" data-id=\"781d8b7e\" data-element_type=\"column\">\n\t\t\t<div class=\"elementor-widget-wrap elementor-element-populated\">\n\t\t\t\t\t\t<div class=\"elementor-element elementor-element-2d7f6bea elementor-align-center elementor-widget elementor-widget-button\" data-id=\"2d7f6bea\" data-element_type=\"widget\" data-widget_type=\"button.default\">\n\t\t\t\t<div class=\"elementor-widget-container\">\n\t\t\t\t\t<div class=\"elementor-button-wrapper\">\n\t\t\t<a class=\"elementor-button elementor-button-link elementor-size-sm\" href=\"https:\/\/www.ifi-id.com\/fr\/festival-du-cinema-francais-2022-film\">\n\t\t\t\t\t\t<span class=\"elementor-button-content-wrapper\">\n\t\t\t\t\t\t<span class=\"elementor-button-icon\">\n\t\t\t\t<i aria-hidden=\"true\" class=\"fas fa-backward\"><\/i>\t\t\t<\/span>\n\t\t\t\t\t\t\t\t\t<span class=\"elementor-button-text\">Retour \u00e0 la liste des films<\/span>\n\t\t\t\t\t<\/span>\n\t\t\t\t\t<\/a>\n\t\t<\/div>\n\t\t\t\t<\/div>\n\t\t\t\t<\/div>\n\t\t\t\t\t<\/div>\n\t\t<\/div>\n\t\t\t\t\t<\/div>\n\t\t<\/section>\n\t\t\t\t<\/div>\n\t\t","protected":false},"excerpt":{"rendered":"<p>L\u2019Homme de la Cave L\u2019Homme de la Cave Previous Next Philippe Le Guay | 2021 | 119\u2019 | Drame | Fran\u00e7ais avec sous-titre indon\u00e9sien Fran\u00e7ois Cluzet, J\u00e9r\u00e9mie Renier, B\u00e9r\u00e9nice Bejo Simon et H\u00e9l\u00e8ne habitent ensemble \u00e0 Paris, et d\u00e9cident de vendre une cave de leur immeuble. Il s\u2019av\u00e8re que l&rsquo;homme qui l&rsquo;ach\u00e8te \u00e0 un pass\u00e9 &hellip; <\/p>\n<p class=\"link-more\"><a href=\"https:\/\/www.ifi-id.com\/fr\/fsp22-film-lhomme-de-la-cave\/\" class=\"more-link\">Continuer la lecture<span class=\"screen-reader-text\"> de &laquo;&nbsp;L\u2019Homme de la Cave &#8211; Festival du Cin\u00e9ma Fran\u00e7ais 2022&nbsp;&raquo;<\/span><\/a><\/p>\n","protected":false},"author":8,"featured_media":28265,"parent":0,"menu_order":0,"comment_status":"closed","ping_status":"closed","template":"elementor_header_footer","meta":{"footnotes":""},"class_list":["post-28271","page","type-page","status-publish","has-post-thumbnail","hentry"],"yoast_head":"<!-- This site is optimized with the Yoast SEO plugin v23.5 - https:\/\/yoast.com\/wordpress\/plugins\/seo\/ -->\n<title>L\u2019Homme de la Cave - Festival du Cin\u00e9ma Fran\u00e7ais 2022 - Institut fran\u00e7ais Indon\u00e9sie<\/title>\n<meta name=\"description\" content=\"Simon et H\u00e9l\u00e8ne habitent ensemble \u00e0 Paris, et d\u00e9cident de vendre une cave de leur immeuble. Il s\u2019av\u00e8re que l&#039;homme qui l&#039;ach\u00e8te \u00e0 un pass\u00e9 trouble, et va bouleverser la vie du couple.\" \/>\n<meta name=\"robots\" content=\"index, follow, max-snippet:-1, max-image-preview:large, max-video-preview:-1\" \/>\n<link rel=\"canonical\" href=\"https:\/\/www.ifi-id.com\/fr\/fsp22-film-lhomme-de-la-cave\/\" \/>\n<meta property=\"og:locale\" content=\"fr_FR\" \/>\n<meta property=\"og:type\" content=\"article\" \/>\n<meta property=\"og:title\" content=\"L\u2019Homme de la Cave - Festival du Cin\u00e9ma Fran\u00e7ais 2022\" \/>\n<meta property=\"og:description\" content=\"Simon et H\u00e9l\u00e8ne habitent ensemble \u00e0 Paris, et d\u00e9cident de vendre une cave de leur immeuble. Il s\u2019av\u00e8re que l&#039;homme qui l&#039;ach\u00e8te \u00e0 un pass\u00e9 trouble, et va bouleverser la vie du couple.\" \/>\n<meta property=\"og:url\" content=\"https:\/\/www.ifi-id.com\/fr\/fsp22-film-lhomme-de-la-cave\/\" \/>\n<meta property=\"og:site_name\" content=\"Institut fran\u00e7ais Indon\u00e9sie\" \/>\n<meta property=\"article:modified_time\" content=\"2022-10-12T04:22:44+00:00\" \/>\n<meta property=\"og:image\" content=\"https:\/\/www.ifi-id.com\/wp-content\/uploads\/2022\/09\/l-homme-de-la-cave-e1663405801642.jpg\" \/>\n<meta name=\"twitter:card\" content=\"summary_large_image\" \/>\n<meta name=\"twitter:title\" content=\"L\u2019Homme de la Cave - Festival du Cin\u00e9ma Fran\u00e7ais 2022\" \/>\n<meta name=\"twitter:description\" content=\"Simon et H\u00e9l\u00e8ne habitent ensemble \u00e0 Paris, et d\u00e9cident de vendre une cave de leur immeuble. Il s\u2019av\u00e8re que l&#039;homme qui l&#039;ach\u00e8te \u00e0 un pass\u00e9 trouble, et va bouleverser la vie du couple.\" \/>\n<meta name=\"twitter:image\" content=\"https:\/\/www.ifi-id.com\/wp-content\/uploads\/2022\/09\/l-homme-de-la-cave-e1663405801642.jpg\" \/>\n<meta name=\"twitter:label1\" content=\"Dur\u00e9e de lecture estim\u00e9e\" \/>\n\t<meta name=\"twitter:data1\" content=\"1 minute\" \/>\n<script type=\"application\/ld+json\" class=\"yoast-schema-graph\">{\"@context\":\"https:\/\/schema.org\",\"@graph\":[{\"@type\":\"WebPage\",\"@id\":\"https:\/\/www.ifi-id.com\/fr\/fsp22-film-lhomme-de-la-cave\/\",\"url\":\"https:\/\/www.ifi-id.com\/fr\/fsp22-film-lhomme-de-la-cave\/\",\"name\":\"L\u2019Homme de la Cave - Festival du Cin\u00e9ma Fran\u00e7ais 2022 - Institut fran\u00e7ais Indon\u00e9sie\",\"isPartOf\":{\"@id\":\"https:\/\/www.ifi-id.com\/#website\"},\"primaryImageOfPage\":{\"@id\":\"https:\/\/www.ifi-id.com\/fr\/fsp22-film-lhomme-de-la-cave\/#primaryimage\"},\"image\":{\"@id\":\"https:\/\/www.ifi-id.com\/fr\/fsp22-film-lhomme-de-la-cave\/#primaryimage\"},\"thumbnailUrl\":\"https:\/\/www.ifi-id.com\/wp-content\/uploads\/2022\/09\/l-homme-de-la-cave-e1663405801642.jpg\",\"datePublished\":\"2022-09-17T11:33:05+00:00\",\"dateModified\":\"2022-10-12T04:22:44+00:00\",\"description\":\"Simon et H\u00e9l\u00e8ne habitent ensemble \u00e0 Paris, et d\u00e9cident de vendre une cave de leur immeuble. Il s\u2019av\u00e8re que l'homme qui l'ach\u00e8te \u00e0 un pass\u00e9 trouble, et va bouleverser la vie du couple.\",\"breadcrumb\":{\"@id\":\"https:\/\/www.ifi-id.com\/fr\/fsp22-film-lhomme-de-la-cave\/#breadcrumb\"},\"inLanguage\":\"fr-FR\",\"potentialAction\":[{\"@type\":\"ReadAction\",\"target\":[\"https:\/\/www.ifi-id.com\/fr\/fsp22-film-lhomme-de-la-cave\/\"]}]},{\"@type\":\"ImageObject\",\"inLanguage\":\"fr-FR\",\"@id\":\"https:\/\/www.ifi-id.com\/fr\/fsp22-film-lhomme-de-la-cave\/#primaryimage\",\"url\":\"https:\/\/www.ifi-id.com\/wp-content\/uploads\/2022\/09\/l-homme-de-la-cave-e1663405801642.jpg\",\"contentUrl\":\"https:\/\/www.ifi-id.com\/wp-content\/uploads\/2022\/09\/l-homme-de-la-cave-e1663405801642.jpg\",\"width\":1023,\"height\":682},{\"@type\":\"BreadcrumbList\",\"@id\":\"https:\/\/www.ifi-id.com\/fr\/fsp22-film-lhomme-de-la-cave\/#breadcrumb\",\"itemListElement\":[{\"@type\":\"ListItem\",\"position\":1,\"name\":\"Home\",\"item\":\"https:\/\/www.ifi-id.com\/\"},{\"@type\":\"ListItem\",\"position\":2,\"name\":\"L\u2019Homme de la Cave &#8211; Festival du Cin\u00e9ma Fran\u00e7ais 2022\"}]},{\"@type\":\"WebSite\",\"@id\":\"https:\/\/www.ifi-id.com\/#website\",\"url\":\"https:\/\/www.ifi-id.com\/\",\"name\":\"Institut fran\u00e7ais Indon\u00e9sie\",\"description\":\"\",\"publisher\":{\"@id\":\"https:\/\/www.ifi-id.com\/#organization\"},\"potentialAction\":[{\"@type\":\"SearchAction\",\"target\":{\"@type\":\"EntryPoint\",\"urlTemplate\":\"https:\/\/www.ifi-id.com\/?s={search_term_string}\"},\"query-input\":{\"@type\":\"PropertyValueSpecification\",\"valueRequired\":true,\"valueName\":\"search_term_string\"}}],\"inLanguage\":\"fr-FR\"},{\"@type\":\"Organization\",\"@id\":\"https:\/\/www.ifi-id.com\/#organization\",\"name\":\"Institut fran\u00e7ais Indon\u00e9sie\",\"url\":\"https:\/\/www.ifi-id.com\/\",\"logo\":{\"@type\":\"ImageObject\",\"inLanguage\":\"fr-FR\",\"@id\":\"https:\/\/www.ifi-id.com\/#\/schema\/logo\/image\/\",\"url\":\"https:\/\/www.ifi-id.com\/wp-content\/uploads\/2022\/12\/IFI_New_Logo.jpg\",\"contentUrl\":\"https:\/\/www.ifi-id.com\/wp-content\/uploads\/2022\/12\/IFI_New_Logo.jpg\",\"width\":666,\"height\":444,\"caption\":\"Institut fran\u00e7ais Indon\u00e9sie\"},\"image\":{\"@id\":\"https:\/\/www.ifi-id.com\/#\/schema\/logo\/image\/\"}}]}<\/script>\n<!-- \/ Yoast SEO plugin. -->","yoast_head_json":{"title":"L\u2019Homme de la Cave - Festival du Cin\u00e9ma Fran\u00e7ais 2022 - Institut fran\u00e7ais Indon\u00e9sie","description":"Simon et H\u00e9l\u00e8ne habitent ensemble \u00e0 Paris, et d\u00e9cident de vendre une cave de leur immeuble. Il s\u2019av\u00e8re que l'homme qui l'ach\u00e8te \u00e0 un pass\u00e9 trouble, et va bouleverser la vie du couple.","robots":{"index":"index","follow":"follow","max-snippet":"max-snippet:-1","max-image-preview":"max-image-preview:large","max-video-preview":"max-video-preview:-1"},"canonical":"https:\/\/www.ifi-id.com\/fr\/fsp22-film-lhomme-de-la-cave\/","og_locale":"fr_FR","og_type":"article","og_title":"L\u2019Homme de la Cave - Festival du Cin\u00e9ma Fran\u00e7ais 2022","og_description":"Simon et H\u00e9l\u00e8ne habitent ensemble \u00e0 Paris, et d\u00e9cident de vendre une cave de leur immeuble. Il s\u2019av\u00e8re que l'homme qui l'ach\u00e8te \u00e0 un pass\u00e9 trouble, et va bouleverser la vie du couple.","og_url":"https:\/\/www.ifi-id.com\/fr\/fsp22-film-lhomme-de-la-cave\/","og_site_name":"Institut fran\u00e7ais Indon\u00e9sie","article_modified_time":"2022-10-12T04:22:44+00:00","og_image":[{"url":"https:\/\/www.ifi-id.com\/wp-content\/uploads\/2022\/09\/l-homme-de-la-cave-e1663405801642.jpg"}],"twitter_card":"summary_large_image","twitter_title":"L\u2019Homme de la Cave - Festival du Cin\u00e9ma Fran\u00e7ais 2022","twitter_description":"Simon et H\u00e9l\u00e8ne habitent ensemble \u00e0 Paris, et d\u00e9cident de vendre une cave de leur immeuble. Il s\u2019av\u00e8re que l'homme qui l'ach\u00e8te \u00e0 un pass\u00e9 trouble, et va bouleverser la vie du couple.","twitter_image":"https:\/\/www.ifi-id.com\/wp-content\/uploads\/2022\/09\/l-homme-de-la-cave-e1663405801642.jpg","twitter_misc":{"Dur\u00e9e de lecture estim\u00e9e":"1 minute"},"schema":{"@context":"https:\/\/schema.org","@graph":[{"@type":"WebPage","@id":"https:\/\/www.ifi-id.com\/fr\/fsp22-film-lhomme-de-la-cave\/","url":"https:\/\/www.ifi-id.com\/fr\/fsp22-film-lhomme-de-la-cave\/","name":"L\u2019Homme de la Cave - Festival du Cin\u00e9ma Fran\u00e7ais 2022 - Institut fran\u00e7ais Indon\u00e9sie","isPartOf":{"@id":"https:\/\/www.ifi-id.com\/#website"},"primaryImageOfPage":{"@id":"https:\/\/www.ifi-id.com\/fr\/fsp22-film-lhomme-de-la-cave\/#primaryimage"},"image":{"@id":"https:\/\/www.ifi-id.com\/fr\/fsp22-film-lhomme-de-la-cave\/#primaryimage"},"thumbnailUrl":"https:\/\/www.ifi-id.com\/wp-content\/uploads\/2022\/09\/l-homme-de-la-cave-e1663405801642.jpg","datePublished":"2022-09-17T11:33:05+00:00","dateModified":"2022-10-12T04:22:44+00:00","description":"Simon et H\u00e9l\u00e8ne habitent ensemble \u00e0 Paris, et d\u00e9cident de vendre une cave de leur immeuble. Il s\u2019av\u00e8re que l'homme qui l'ach\u00e8te \u00e0 un pass\u00e9 trouble, et va bouleverser la vie du couple.","breadcrumb":{"@id":"https:\/\/www.ifi-id.com\/fr\/fsp22-film-lhomme-de-la-cave\/#breadcrumb"},"inLanguage":"fr-FR","potentialAction":[{"@type":"ReadAction","target":["https:\/\/www.ifi-id.com\/fr\/fsp22-film-lhomme-de-la-cave\/"]}]},{"@type":"ImageObject","inLanguage":"fr-FR","@id":"https:\/\/www.ifi-id.com\/fr\/fsp22-film-lhomme-de-la-cave\/#primaryimage","url":"https:\/\/www.ifi-id.com\/wp-content\/uploads\/2022\/09\/l-homme-de-la-cave-e1663405801642.jpg","contentUrl":"https:\/\/www.ifi-id.com\/wp-content\/uploads\/2022\/09\/l-homme-de-la-cave-e1663405801642.jpg","width":1023,"height":682},{"@type":"BreadcrumbList","@id":"https:\/\/www.ifi-id.com\/fr\/fsp22-film-lhomme-de-la-cave\/#breadcrumb","itemListElement":[{"@type":"ListItem","position":1,"name":"Home","item":"https:\/\/www.ifi-id.com\/"},{"@type":"ListItem","position":2,"name":"L\u2019Homme de la Cave &#8211; Festival du Cin\u00e9ma Fran\u00e7ais 2022"}]},{"@type":"WebSite","@id":"https:\/\/www.ifi-id.com\/#website","url":"https:\/\/www.ifi-id.com\/","name":"Institut fran\u00e7ais Indon\u00e9sie","description":"","publisher":{"@id":"https:\/\/www.ifi-id.com\/#organization"},"potentialAction":[{"@type":"SearchAction","target":{"@type":"EntryPoint","urlTemplate":"https:\/\/www.ifi-id.com\/?s={search_term_string}"},"query-input":{"@type":"PropertyValueSpecification","valueRequired":true,"valueName":"search_term_string"}}],"inLanguage":"fr-FR"},{"@type":"Organization","@id":"https:\/\/www.ifi-id.com\/#organization","name":"Institut fran\u00e7ais Indon\u00e9sie","url":"https:\/\/www.ifi-id.com\/","logo":{"@type":"ImageObject","inLanguage":"fr-FR","@id":"https:\/\/www.ifi-id.com\/#\/schema\/logo\/image\/","url":"https:\/\/www.ifi-id.com\/wp-content\/uploads\/2022\/12\/IFI_New_Logo.jpg","contentUrl":"https:\/\/www.ifi-id.com\/wp-content\/uploads\/2022\/12\/IFI_New_Logo.jpg","width":666,"height":444,"caption":"Institut fran\u00e7ais Indon\u00e9sie"},"image":{"@id":"https:\/\/www.ifi-id.com\/#\/schema\/logo\/image\/"}}]}},"post_mailing_queue_ids":[],"_links":{"self":[{"href":"https:\/\/www.ifi-id.com\/fr\/wp-json\/wp\/v2\/pages\/28271"}],"collection":[{"href":"https:\/\/www.ifi-id.com\/fr\/wp-json\/wp\/v2\/pages"}],"about":[{"href":"https:\/\/www.ifi-id.com\/fr\/wp-json\/wp\/v2\/types\/page"}],"author":[{"embeddable":true,"href":"https:\/\/www.ifi-id.com\/fr\/wp-json\/wp\/v2\/users\/8"}],"replies":[{"embeddable":true,"href":"https:\/\/www.ifi-id.com\/fr\/wp-json\/wp\/v2\/comments?post=28271"}],"version-history":[{"count":2,"href":"https:\/\/www.ifi-id.com\/fr\/wp-json\/wp\/v2\/pages\/28271\/revisions"}],"predecessor-version":[{"id":29069,"href":"https:\/\/www.ifi-id.com\/fr\/wp-json\/wp\/v2\/pages\/28271\/revisions\/29069"}],"wp:featuredmedia":[{"embeddable":true,"href":"https:\/\/www.ifi-id.com\/fr\/wp-json\/wp\/v2\/media\/28265"}],"wp:attachment":[{"href":"https:\/\/www.ifi-id.com\/fr\/wp-json\/wp\/v2\/media?parent=28271"}],"curies":[{"name":"wp","href":"https:\/\/api.w.org\/{rel}","templated":true}]}}