{"id":28184,"date":"2022-09-16T16:58:01","date_gmt":"2022-09-16T09:58:01","guid":{"rendered":"https:\/\/www.ifi-id.com\/france-festival-du-cinema-francais-2022"},"modified":"2022-10-11T18:23:35","modified_gmt":"2022-10-11T11:23:35","slug":"fsp22-film-france","status":"publish","type":"page","link":"https:\/\/www.ifi-id.com\/fr\/fsp22-film-france\/","title":{"rendered":"France &#8211; Festival du Cin\u00e9ma Fran\u00e7ais 2022"},"content":{"rendered":"\t\t<div data-elementor-type=\"wp-page\" data-elementor-id=\"28184\" class=\"elementor elementor-28184 elementor-28172\" data-elementor-post-type=\"page\">\n\t\t\t\t\t\t<section class=\"elementor-section elementor-top-section elementor-element elementor-element-7c6c7dc2 elementor-section-boxed elementor-section-height-default elementor-section-height-default\" data-id=\"7c6c7dc2\" data-element_type=\"section\">\n\t\t\t\t\t\t<div class=\"elementor-container elementor-column-gap-default\">\n\t\t\t\t\t<div class=\"elementor-column elementor-col-100 elementor-top-column elementor-element elementor-element-950fe60\" data-id=\"950fe60\" data-element_type=\"column\">\n\t\t\t<div class=\"elementor-widget-wrap elementor-element-populated\">\n\t\t\t\t\t\t<div class=\"elementor-element elementor-element-3e2b59a4 elementor-hidden-phone elementor-widget elementor-widget-heading\" data-id=\"3e2b59a4\" data-element_type=\"widget\" data-widget_type=\"heading.default\">\n\t\t\t\t<div class=\"elementor-widget-container\">\n\t\t\t<h2 class=\"elementor-heading-title elementor-size-default\">France <\/h2>\t\t<\/div>\n\t\t\t\t<\/div>\n\t\t\t\t\t<\/div>\n\t\t<\/div>\n\t\t\t\t\t<\/div>\n\t\t<\/section>\n\t\t\t\t<section class=\"elementor-section elementor-top-section elementor-element elementor-element-2de339f5 elementor-section-boxed elementor-section-height-default elementor-section-height-default\" data-id=\"2de339f5\" data-element_type=\"section\">\n\t\t\t\t\t\t<div class=\"elementor-container elementor-column-gap-default\">\n\t\t\t\t\t<div class=\"elementor-column elementor-col-100 elementor-top-column elementor-element elementor-element-1df6fa4c\" data-id=\"1df6fa4c\" data-element_type=\"column\">\n\t\t\t<div class=\"elementor-widget-wrap elementor-element-populated\">\n\t\t\t\t\t\t<div class=\"elementor-element elementor-element-4d6f7b7c elementor-hidden-desktop elementor-hidden-tablet elementor-widget elementor-widget-heading\" data-id=\"4d6f7b7c\" data-element_type=\"widget\" data-widget_type=\"heading.default\">\n\t\t\t\t<div class=\"elementor-widget-container\">\n\t\t\t<h1 class=\"elementor-heading-title elementor-size-default\">France<\/h1>\t\t<\/div>\n\t\t\t\t<\/div>\n\t\t\t\t\t<\/div>\n\t\t<\/div>\n\t\t\t\t\t<\/div>\n\t\t<\/section>\n\t\t\t\t<section class=\"elementor-section elementor-top-section elementor-element elementor-element-4de9d797 elementor-section-boxed elementor-section-height-default elementor-section-height-default\" data-id=\"4de9d797\" data-element_type=\"section\" data-settings=\"{&quot;background_background&quot;:&quot;classic&quot;}\">\n\t\t\t\t\t\t<div class=\"elementor-container elementor-column-gap-default\">\n\t\t\t\t\t<div class=\"elementor-column elementor-col-100 elementor-top-column elementor-element elementor-element-47823cec\" data-id=\"47823cec\" data-element_type=\"column\">\n\t\t\t<div class=\"elementor-widget-wrap elementor-element-populated\">\n\t\t\t\t\t\t<div class=\"elementor-element elementor-element-f788dd1 elementor-arrows-position-inside elementor-pagination-position-outside elementor-widget elementor-widget-image-carousel\" data-id=\"f788dd1\" data-element_type=\"widget\" data-settings=\"{&quot;slides_to_show&quot;:&quot;1&quot;,&quot;autoplay_speed&quot;:3000,&quot;navigation&quot;:&quot;both&quot;,&quot;autoplay&quot;:&quot;yes&quot;,&quot;pause_on_hover&quot;:&quot;yes&quot;,&quot;pause_on_interaction&quot;:&quot;yes&quot;,&quot;infinite&quot;:&quot;yes&quot;,&quot;effect&quot;:&quot;slide&quot;,&quot;speed&quot;:500}\" data-widget_type=\"image-carousel.default\">\n\t\t\t\t<div class=\"elementor-widget-container\">\n\t\t\t\t\t<div class=\"elementor-image-carousel-wrapper swiper\" dir=\"ltr\">\n\t\t\t<div class=\"elementor-image-carousel swiper-wrapper swiper-image-stretch\" aria-live=\"off\">\n\t\t\t\t\t\t\t\t<div class=\"swiper-slide\" role=\"group\" aria-roledescription=\"slide\" aria-label=\"1 sur 3\"><figure class=\"swiper-slide-inner\"><img decoding=\"async\" class=\"swiper-slide-image\" src=\"https:\/\/www.ifi-id.com\/wp-content\/uploads\/2022\/09\/france2-e1663321623419.jpg\" alt=\"france2\" \/><\/figure><\/div><div class=\"swiper-slide\" role=\"group\" aria-roledescription=\"slide\" aria-label=\"2 sur 3\"><figure class=\"swiper-slide-inner\"><img decoding=\"async\" class=\"swiper-slide-image\" src=\"https:\/\/www.ifi-id.com\/wp-content\/uploads\/2022\/09\/france3-e1663321639431.jpg\" alt=\"france3\" \/><\/figure><\/div><div class=\"swiper-slide\" role=\"group\" aria-roledescription=\"slide\" aria-label=\"3 sur 3\"><figure class=\"swiper-slide-inner\"><img decoding=\"async\" class=\"swiper-slide-image\" src=\"https:\/\/www.ifi-id.com\/wp-content\/uploads\/2022\/09\/france4-e1663321610909.jpg\" alt=\"france4\" \/><\/figure><\/div>\t\t\t<\/div>\n\t\t\t\t\t\t\t\t\t\t\t\t<div class=\"elementor-swiper-button elementor-swiper-button-prev\" role=\"button\" tabindex=\"0\">\n\t\t\t\t\t\t<i aria-hidden=\"true\" class=\"eicon-chevron-left\"><\/i>\t\t\t\t\t<\/div>\n\t\t\t\t\t<div class=\"elementor-swiper-button elementor-swiper-button-next\" role=\"button\" tabindex=\"0\">\n\t\t\t\t\t\t<i aria-hidden=\"true\" class=\"eicon-chevron-right\"><\/i>\t\t\t\t\t<\/div>\n\t\t\t\t\n\t\t\t\t\t\t\t\t\t<div class=\"swiper-pagination\"><\/div>\n\t\t\t\t\t\t\t\t\t<\/div>\n\t\t\t\t<\/div>\n\t\t\t\t<\/div>\n\t\t\t\t\t<\/div>\n\t\t<\/div>\n\t\t\t\t\t<\/div>\n\t\t<\/section>\n\t\t\t\t<section class=\"elementor-section elementor-top-section elementor-element elementor-element-62418982 elementor-section-boxed elementor-section-height-default elementor-section-height-default\" data-id=\"62418982\" data-element_type=\"section\">\n\t\t\t\t\t\t<div class=\"elementor-container elementor-column-gap-default\">\n\t\t\t\t\t<div class=\"elementor-column elementor-col-100 elementor-top-column elementor-element elementor-element-404b3439\" data-id=\"404b3439\" data-element_type=\"column\">\n\t\t\t<div class=\"elementor-widget-wrap elementor-element-populated\">\n\t\t\t\t\t\t<div class=\"elementor-element elementor-element-4f2c6838 elementor-widget elementor-widget-text-editor\" data-id=\"4f2c6838\" data-element_type=\"widget\" data-widget_type=\"text-editor.default\">\n\t\t\t\t<div class=\"elementor-widget-container\">\n\t\t\t\t\t\t\t<h4>Bruno Dumont | 2021 | 133\u2019 | Drame, Com\u00e9die | Fran\u00e7ais avec sous-titre indon\u00e9sien<br \/>\nL\u00e9a Seydoux, Blanche Gardin, Benjamin Biolay<\/h4>\n<p>Une c\u00e9l\u00e8bre journaliste voit sa carri\u00e8re fulgurante et sa vie personnelle boulevers\u00e9e apr\u00e8s un \u00e9trange accident de voiture. Entre drame et com\u00e9die, le film cherche \u00e0 mettre en parall\u00e8le la crise intime et publique d&rsquo;une jeune femme avec un tableau de la France contemporaine.<\/p>\n<p><strong>Jadwal<br \/>\n<\/strong><strong>jeudi, 6 octobre 2022<br \/>\n<\/strong>Medan | AF Medan | 18h30<\/p>\n<p><strong>vendredi, 7 octobre 2022<br \/>\n<\/strong>Lampung | Institut Informatika dan Bisnis Darmajaya | 13h30<\/p>\n<p><strong>samedi, 8 octobre 2022<br \/>\n<\/strong>Bandung | IFI Bandung | 19h30<\/p>\n<p><strong>dimanche, 9 octobre 2022<br \/>\n<\/strong>Denpasar | AF Bali | 19h<br \/>\nJakarta | IFI Thamrin | 19h30<\/p>\n<p><strong>lundi, 10 octobre 2022<br \/>\n<\/strong>Yogyakarta | IFI Yogyakarta | 19h<\/p>\n<p><strong>mercredi, 12 octobre 2022<br \/>\n<\/strong>Pontianak | Universitas Tanjungpura | 13h<\/p>\n<p><strong>vendredi, 21 octobre 2022<br \/>\n<\/strong>Surabaya | IFI Surabaya | 19h<\/p>\n\t\t\t\t\t\t<\/div>\n\t\t\t\t<\/div>\n\t\t\t\t\t<\/div>\n\t\t<\/div>\n\t\t\t\t\t<\/div>\n\t\t<\/section>\n\t\t\t\t<section class=\"elementor-section elementor-top-section elementor-element elementor-element-2e4d7034 elementor-section-boxed elementor-section-height-default elementor-section-height-default\" data-id=\"2e4d7034\" data-element_type=\"section\">\n\t\t\t\t\t\t<div class=\"elementor-container elementor-column-gap-default\">\n\t\t\t\t\t<div class=\"elementor-column elementor-col-100 elementor-top-column elementor-element elementor-element-6a2aadda\" data-id=\"6a2aadda\" data-element_type=\"column\">\n\t\t\t<div class=\"elementor-widget-wrap elementor-element-populated\">\n\t\t\t\t\t\t<div class=\"elementor-element elementor-element-1535f500 elementor-widget elementor-widget-video\" data-id=\"1535f500\" data-element_type=\"widget\" data-settings=\"{&quot;youtube_url&quot;:&quot;https:\\\/\\\/www.youtube.com\\\/watch?v=sdJ2dk1S4bY&quot;,&quot;video_type&quot;:&quot;youtube&quot;,&quot;controls&quot;:&quot;yes&quot;}\" data-widget_type=\"video.default\">\n\t\t\t\t<div class=\"elementor-widget-container\">\n\t\t\t\t\t<div class=\"elementor-wrapper elementor-open-inline\">\n\t\t\t<div class=\"elementor-video\"><\/div>\t\t<\/div>\n\t\t\t\t<\/div>\n\t\t\t\t<\/div>\n\t\t\t\t\t<\/div>\n\t\t<\/div>\n\t\t\t\t\t<\/div>\n\t\t<\/section>\n\t\t\t\t<section class=\"elementor-section elementor-top-section elementor-element elementor-element-3350f9 elementor-section-boxed elementor-section-height-default elementor-section-height-default\" data-id=\"3350f9\" data-element_type=\"section\">\n\t\t\t\t\t\t<div class=\"elementor-container elementor-column-gap-default\">\n\t\t\t\t\t<div class=\"elementor-column elementor-col-100 elementor-top-column elementor-element elementor-element-56d77eae\" data-id=\"56d77eae\" data-element_type=\"column\">\n\t\t\t<div class=\"elementor-widget-wrap elementor-element-populated\">\n\t\t\t\t\t\t<div class=\"elementor-element elementor-element-194ca019 elementor-align-center elementor-widget elementor-widget-button\" data-id=\"194ca019\" data-element_type=\"widget\" data-widget_type=\"button.default\">\n\t\t\t\t<div class=\"elementor-widget-container\">\n\t\t\t\t\t<div class=\"elementor-button-wrapper\">\n\t\t\t<a class=\"elementor-button elementor-button-link elementor-size-sm\" href=\"https:\/\/www.ifi-id.com\/fr\/festival-du-cinema-francais-2022-film\">\n\t\t\t\t\t\t<span class=\"elementor-button-content-wrapper\">\n\t\t\t\t\t\t<span class=\"elementor-button-icon\">\n\t\t\t\t<i aria-hidden=\"true\" class=\"fas fa-backward\"><\/i>\t\t\t<\/span>\n\t\t\t\t\t\t\t\t\t<span class=\"elementor-button-text\">Retour \u00e0 la liste des films<\/span>\n\t\t\t\t\t<\/span>\n\t\t\t\t\t<\/a>\n\t\t<\/div>\n\t\t\t\t<\/div>\n\t\t\t\t<\/div>\n\t\t\t\t\t<\/div>\n\t\t<\/div>\n\t\t\t\t\t<\/div>\n\t\t<\/section>\n\t\t\t\t<\/div>\n\t\t","protected":false},"excerpt":{"rendered":"<p>France France Previous Next Bruno Dumont | 2021 | 133\u2019 | Drame, Com\u00e9die | Fran\u00e7ais avec sous-titre indon\u00e9sien L\u00e9a Seydoux, Blanche Gardin, Benjamin Biolay Une c\u00e9l\u00e8bre journaliste voit sa carri\u00e8re fulgurante et sa vie personnelle boulevers\u00e9e apr\u00e8s un \u00e9trange accident de voiture. Entre drame et com\u00e9die, le film cherche \u00e0 mettre en parall\u00e8le la crise &hellip; <\/p>\n<p class=\"link-more\"><a href=\"https:\/\/www.ifi-id.com\/fr\/fsp22-film-france\/\" class=\"more-link\">Continuer la lecture<span class=\"screen-reader-text\"> de &laquo;&nbsp;France &#8211; Festival du Cin\u00e9ma Fran\u00e7ais 2022&nbsp;&raquo;<\/span><\/a><\/p>\n","protected":false},"author":8,"featured_media":28174,"parent":0,"menu_order":0,"comment_status":"closed","ping_status":"closed","template":"elementor_header_footer","meta":{"footnotes":""},"class_list":["post-28184","page","type-page","status-publish","has-post-thumbnail","hentry"],"yoast_head":"<!-- This site is optimized with the Yoast SEO plugin v23.5 - https:\/\/yoast.com\/wordpress\/plugins\/seo\/ -->\n<title>France - Festival du Cin\u00e9ma Fran\u00e7ais 2022 - Institut fran\u00e7ais Indon\u00e9sie<\/title>\n<meta name=\"description\" content=\"Une c\u00e9l\u00e8bre journaliste voit sa carri\u00e8re fulgurante et sa vie personnelle boulevers\u00e9e apr\u00e8s un \u00e9trange accident de voiture. Entre drame et com\u00e9die, le film cherche \u00e0 mettre en parall\u00e8le la crise intime et publique d&#039;une jeune femme avec un tableau de la France contemporaine.\" \/>\n<meta name=\"robots\" content=\"index, follow, max-snippet:-1, max-image-preview:large, max-video-preview:-1\" \/>\n<link rel=\"canonical\" href=\"https:\/\/www.ifi-id.com\/fr\/fsp22-film-france\/\" \/>\n<meta property=\"og:locale\" content=\"fr_FR\" \/>\n<meta property=\"og:type\" content=\"article\" \/>\n<meta property=\"og:title\" content=\"France - Festival du Cin\u00e9ma Fran\u00e7ais 2022\" \/>\n<meta property=\"og:description\" content=\"Une c\u00e9l\u00e8bre journaliste voit sa carri\u00e8re fulgurante et sa vie personnelle boulevers\u00e9e apr\u00e8s un \u00e9trange accident de voiture. Entre drame et com\u00e9die, le film cherche \u00e0 mettre en parall\u00e8le la crise intime et publique d&#039;une jeune femme avec un tableau de la France contemporaine.\" \/>\n<meta property=\"og:url\" content=\"https:\/\/www.ifi-id.com\/fr\/fsp22-film-france\/\" \/>\n<meta property=\"og:site_name\" content=\"Institut fran\u00e7ais Indon\u00e9sie\" \/>\n<meta property=\"article:modified_time\" content=\"2022-10-11T11:23:35+00:00\" \/>\n<meta property=\"og:image\" content=\"https:\/\/www.ifi-id.com\/wp-content\/uploads\/2022\/09\/france2-e1663321623419.jpg\" \/>\n<meta name=\"twitter:card\" content=\"summary_large_image\" \/>\n<meta name=\"twitter:title\" content=\"France - Festival du Cin\u00e9ma Fran\u00e7ais 2022\" \/>\n<meta name=\"twitter:description\" content=\"Une c\u00e9l\u00e8bre journaliste voit sa carri\u00e8re fulgurante et sa vie personnelle boulevers\u00e9e apr\u00e8s un \u00e9trange accident de voiture. Entre drame et com\u00e9die, le film cherche \u00e0 mettre en parall\u00e8le la crise intime et publique d&#039;une jeune femme avec un tableau de la France contemporaine.\" \/>\n<meta name=\"twitter:image\" content=\"https:\/\/www.ifi-id.com\/wp-content\/uploads\/2022\/09\/france2-e1663321623419.jpg\" \/>\n<meta name=\"twitter:label1\" content=\"Dur\u00e9e de lecture estim\u00e9e\" \/>\n\t<meta name=\"twitter:data1\" content=\"1 minute\" \/>\n<script type=\"application\/ld+json\" class=\"yoast-schema-graph\">{\"@context\":\"https:\/\/schema.org\",\"@graph\":[{\"@type\":\"WebPage\",\"@id\":\"https:\/\/www.ifi-id.com\/fr\/fsp22-film-france\/\",\"url\":\"https:\/\/www.ifi-id.com\/fr\/fsp22-film-france\/\",\"name\":\"France - Festival du Cin\u00e9ma Fran\u00e7ais 2022 - Institut fran\u00e7ais Indon\u00e9sie\",\"isPartOf\":{\"@id\":\"https:\/\/www.ifi-id.com\/#website\"},\"primaryImageOfPage\":{\"@id\":\"https:\/\/www.ifi-id.com\/fr\/fsp22-film-france\/#primaryimage\"},\"image\":{\"@id\":\"https:\/\/www.ifi-id.com\/fr\/fsp22-film-france\/#primaryimage\"},\"thumbnailUrl\":\"https:\/\/www.ifi-id.com\/wp-content\/uploads\/2022\/09\/france2-e1663321623419.jpg\",\"datePublished\":\"2022-09-16T09:58:01+00:00\",\"dateModified\":\"2022-10-11T11:23:35+00:00\",\"description\":\"Une c\u00e9l\u00e8bre journaliste voit sa carri\u00e8re fulgurante et sa vie personnelle boulevers\u00e9e apr\u00e8s un \u00e9trange accident de voiture. Entre drame et com\u00e9die, le film cherche \u00e0 mettre en parall\u00e8le la crise intime et publique d'une jeune femme avec un tableau de la France contemporaine.\",\"breadcrumb\":{\"@id\":\"https:\/\/www.ifi-id.com\/fr\/fsp22-film-france\/#breadcrumb\"},\"inLanguage\":\"fr-FR\",\"potentialAction\":[{\"@type\":\"ReadAction\",\"target\":[\"https:\/\/www.ifi-id.com\/fr\/fsp22-film-france\/\"]}]},{\"@type\":\"ImageObject\",\"inLanguage\":\"fr-FR\",\"@id\":\"https:\/\/www.ifi-id.com\/fr\/fsp22-film-france\/#primaryimage\",\"url\":\"https:\/\/www.ifi-id.com\/wp-content\/uploads\/2022\/09\/france2-e1663321623419.jpg\",\"contentUrl\":\"https:\/\/www.ifi-id.com\/wp-content\/uploads\/2022\/09\/france2-e1663321623419.jpg\",\"width\":1023,\"height\":682},{\"@type\":\"BreadcrumbList\",\"@id\":\"https:\/\/www.ifi-id.com\/fr\/fsp22-film-france\/#breadcrumb\",\"itemListElement\":[{\"@type\":\"ListItem\",\"position\":1,\"name\":\"Home\",\"item\":\"https:\/\/www.ifi-id.com\/\"},{\"@type\":\"ListItem\",\"position\":2,\"name\":\"France &#8211; Festival du Cin\u00e9ma Fran\u00e7ais 2022\"}]},{\"@type\":\"WebSite\",\"@id\":\"https:\/\/www.ifi-id.com\/#website\",\"url\":\"https:\/\/www.ifi-id.com\/\",\"name\":\"Institut fran\u00e7ais Indon\u00e9sie\",\"description\":\"\",\"publisher\":{\"@id\":\"https:\/\/www.ifi-id.com\/#organization\"},\"potentialAction\":[{\"@type\":\"SearchAction\",\"target\":{\"@type\":\"EntryPoint\",\"urlTemplate\":\"https:\/\/www.ifi-id.com\/?s={search_term_string}\"},\"query-input\":{\"@type\":\"PropertyValueSpecification\",\"valueRequired\":true,\"valueName\":\"search_term_string\"}}],\"inLanguage\":\"fr-FR\"},{\"@type\":\"Organization\",\"@id\":\"https:\/\/www.ifi-id.com\/#organization\",\"name\":\"Institut fran\u00e7ais Indon\u00e9sie\",\"url\":\"https:\/\/www.ifi-id.com\/\",\"logo\":{\"@type\":\"ImageObject\",\"inLanguage\":\"fr-FR\",\"@id\":\"https:\/\/www.ifi-id.com\/#\/schema\/logo\/image\/\",\"url\":\"https:\/\/www.ifi-id.com\/wp-content\/uploads\/2022\/12\/IFI_New_Logo.jpg\",\"contentUrl\":\"https:\/\/www.ifi-id.com\/wp-content\/uploads\/2022\/12\/IFI_New_Logo.jpg\",\"width\":666,\"height\":444,\"caption\":\"Institut fran\u00e7ais Indon\u00e9sie\"},\"image\":{\"@id\":\"https:\/\/www.ifi-id.com\/#\/schema\/logo\/image\/\"}}]}<\/script>\n<!-- \/ Yoast SEO plugin. -->","yoast_head_json":{"title":"France - Festival du Cin\u00e9ma Fran\u00e7ais 2022 - Institut fran\u00e7ais Indon\u00e9sie","description":"Une c\u00e9l\u00e8bre journaliste voit sa carri\u00e8re fulgurante et sa vie personnelle boulevers\u00e9e apr\u00e8s un \u00e9trange accident de voiture. Entre drame et com\u00e9die, le film cherche \u00e0 mettre en parall\u00e8le la crise intime et publique d'une jeune femme avec un tableau de la France contemporaine.","robots":{"index":"index","follow":"follow","max-snippet":"max-snippet:-1","max-image-preview":"max-image-preview:large","max-video-preview":"max-video-preview:-1"},"canonical":"https:\/\/www.ifi-id.com\/fr\/fsp22-film-france\/","og_locale":"fr_FR","og_type":"article","og_title":"France - Festival du Cin\u00e9ma Fran\u00e7ais 2022","og_description":"Une c\u00e9l\u00e8bre journaliste voit sa carri\u00e8re fulgurante et sa vie personnelle boulevers\u00e9e apr\u00e8s un \u00e9trange accident de voiture. Entre drame et com\u00e9die, le film cherche \u00e0 mettre en parall\u00e8le la crise intime et publique d'une jeune femme avec un tableau de la France contemporaine.","og_url":"https:\/\/www.ifi-id.com\/fr\/fsp22-film-france\/","og_site_name":"Institut fran\u00e7ais Indon\u00e9sie","article_modified_time":"2022-10-11T11:23:35+00:00","og_image":[{"url":"https:\/\/www.ifi-id.com\/wp-content\/uploads\/2022\/09\/france2-e1663321623419.jpg"}],"twitter_card":"summary_large_image","twitter_title":"France - Festival du Cin\u00e9ma Fran\u00e7ais 2022","twitter_description":"Une c\u00e9l\u00e8bre journaliste voit sa carri\u00e8re fulgurante et sa vie personnelle boulevers\u00e9e apr\u00e8s un \u00e9trange accident de voiture. Entre drame et com\u00e9die, le film cherche \u00e0 mettre en parall\u00e8le la crise intime et publique d'une jeune femme avec un tableau de la France contemporaine.","twitter_image":"https:\/\/www.ifi-id.com\/wp-content\/uploads\/2022\/09\/france2-e1663321623419.jpg","twitter_misc":{"Dur\u00e9e de lecture estim\u00e9e":"1 minute"},"schema":{"@context":"https:\/\/schema.org","@graph":[{"@type":"WebPage","@id":"https:\/\/www.ifi-id.com\/fr\/fsp22-film-france\/","url":"https:\/\/www.ifi-id.com\/fr\/fsp22-film-france\/","name":"France - Festival du Cin\u00e9ma Fran\u00e7ais 2022 - Institut fran\u00e7ais Indon\u00e9sie","isPartOf":{"@id":"https:\/\/www.ifi-id.com\/#website"},"primaryImageOfPage":{"@id":"https:\/\/www.ifi-id.com\/fr\/fsp22-film-france\/#primaryimage"},"image":{"@id":"https:\/\/www.ifi-id.com\/fr\/fsp22-film-france\/#primaryimage"},"thumbnailUrl":"https:\/\/www.ifi-id.com\/wp-content\/uploads\/2022\/09\/france2-e1663321623419.jpg","datePublished":"2022-09-16T09:58:01+00:00","dateModified":"2022-10-11T11:23:35+00:00","description":"Une c\u00e9l\u00e8bre journaliste voit sa carri\u00e8re fulgurante et sa vie personnelle boulevers\u00e9e apr\u00e8s un \u00e9trange accident de voiture. Entre drame et com\u00e9die, le film cherche \u00e0 mettre en parall\u00e8le la crise intime et publique d'une jeune femme avec un tableau de la France contemporaine.","breadcrumb":{"@id":"https:\/\/www.ifi-id.com\/fr\/fsp22-film-france\/#breadcrumb"},"inLanguage":"fr-FR","potentialAction":[{"@type":"ReadAction","target":["https:\/\/www.ifi-id.com\/fr\/fsp22-film-france\/"]}]},{"@type":"ImageObject","inLanguage":"fr-FR","@id":"https:\/\/www.ifi-id.com\/fr\/fsp22-film-france\/#primaryimage","url":"https:\/\/www.ifi-id.com\/wp-content\/uploads\/2022\/09\/france2-e1663321623419.jpg","contentUrl":"https:\/\/www.ifi-id.com\/wp-content\/uploads\/2022\/09\/france2-e1663321623419.jpg","width":1023,"height":682},{"@type":"BreadcrumbList","@id":"https:\/\/www.ifi-id.com\/fr\/fsp22-film-france\/#breadcrumb","itemListElement":[{"@type":"ListItem","position":1,"name":"Home","item":"https:\/\/www.ifi-id.com\/"},{"@type":"ListItem","position":2,"name":"France &#8211; Festival du Cin\u00e9ma Fran\u00e7ais 2022"}]},{"@type":"WebSite","@id":"https:\/\/www.ifi-id.com\/#website","url":"https:\/\/www.ifi-id.com\/","name":"Institut fran\u00e7ais Indon\u00e9sie","description":"","publisher":{"@id":"https:\/\/www.ifi-id.com\/#organization"},"potentialAction":[{"@type":"SearchAction","target":{"@type":"EntryPoint","urlTemplate":"https:\/\/www.ifi-id.com\/?s={search_term_string}"},"query-input":{"@type":"PropertyValueSpecification","valueRequired":true,"valueName":"search_term_string"}}],"inLanguage":"fr-FR"},{"@type":"Organization","@id":"https:\/\/www.ifi-id.com\/#organization","name":"Institut fran\u00e7ais Indon\u00e9sie","url":"https:\/\/www.ifi-id.com\/","logo":{"@type":"ImageObject","inLanguage":"fr-FR","@id":"https:\/\/www.ifi-id.com\/#\/schema\/logo\/image\/","url":"https:\/\/www.ifi-id.com\/wp-content\/uploads\/2022\/12\/IFI_New_Logo.jpg","contentUrl":"https:\/\/www.ifi-id.com\/wp-content\/uploads\/2022\/12\/IFI_New_Logo.jpg","width":666,"height":444,"caption":"Institut fran\u00e7ais Indon\u00e9sie"},"image":{"@id":"https:\/\/www.ifi-id.com\/#\/schema\/logo\/image\/"}}]}},"post_mailing_queue_ids":[],"_links":{"self":[{"href":"https:\/\/www.ifi-id.com\/fr\/wp-json\/wp\/v2\/pages\/28184"}],"collection":[{"href":"https:\/\/www.ifi-id.com\/fr\/wp-json\/wp\/v2\/pages"}],"about":[{"href":"https:\/\/www.ifi-id.com\/fr\/wp-json\/wp\/v2\/types\/page"}],"author":[{"embeddable":true,"href":"https:\/\/www.ifi-id.com\/fr\/wp-json\/wp\/v2\/users\/8"}],"replies":[{"embeddable":true,"href":"https:\/\/www.ifi-id.com\/fr\/wp-json\/wp\/v2\/comments?post=28184"}],"version-history":[{"count":4,"href":"https:\/\/www.ifi-id.com\/fr\/wp-json\/wp\/v2\/pages\/28184\/revisions"}],"predecessor-version":[{"id":29027,"href":"https:\/\/www.ifi-id.com\/fr\/wp-json\/wp\/v2\/pages\/28184\/revisions\/29027"}],"wp:featuredmedia":[{"embeddable":true,"href":"https:\/\/www.ifi-id.com\/fr\/wp-json\/wp\/v2\/media\/28174"}],"wp:attachment":[{"href":"https:\/\/www.ifi-id.com\/fr\/wp-json\/wp\/v2\/media?parent=28184"}],"curies":[{"name":"wp","href":"https:\/\/api.w.org\/{rel}","templated":true}]}}