{"id":28170,"date":"2022-09-16T16:40:10","date_gmt":"2022-09-16T09:40:10","guid":{"rendered":"https:\/\/www.ifi-id.com\/bonne-mere-festival-du-cinema-francais-2022"},"modified":"2022-10-11T18:33:30","modified_gmt":"2022-10-11T11:33:30","slug":"fsp22-film-bonne-mere","status":"publish","type":"page","link":"https:\/\/www.ifi-id.com\/fr\/fsp22-film-bonne-mere\/","title":{"rendered":"Bonne m\u00e8re &#8211; Festival du Cin\u00e9ma Fran\u00e7ais 2022"},"content":{"rendered":"\t\t<div data-elementor-type=\"wp-page\" data-elementor-id=\"28170\" class=\"elementor elementor-28170 elementor-28152\" data-elementor-post-type=\"page\">\n\t\t\t\t\t\t<section class=\"elementor-section elementor-top-section elementor-element elementor-element-14b64980 elementor-section-boxed elementor-section-height-default elementor-section-height-default\" data-id=\"14b64980\" data-element_type=\"section\">\n\t\t\t\t\t\t<div class=\"elementor-container elementor-column-gap-default\">\n\t\t\t\t\t<div class=\"elementor-column elementor-col-100 elementor-top-column elementor-element elementor-element-74fb4f44\" data-id=\"74fb4f44\" data-element_type=\"column\">\n\t\t\t<div class=\"elementor-widget-wrap elementor-element-populated\">\n\t\t\t\t\t\t<div class=\"elementor-element elementor-element-b8a3a9e elementor-hidden-phone elementor-widget elementor-widget-heading\" data-id=\"b8a3a9e\" data-element_type=\"widget\" data-widget_type=\"heading.default\">\n\t\t\t\t<div class=\"elementor-widget-container\">\n\t\t\t<h2 class=\"elementor-heading-title elementor-size-default\">Bonne m\u00e8re<\/h2>\t\t<\/div>\n\t\t\t\t<\/div>\n\t\t\t\t\t<\/div>\n\t\t<\/div>\n\t\t\t\t\t<\/div>\n\t\t<\/section>\n\t\t\t\t<section class=\"elementor-section elementor-top-section elementor-element elementor-element-4870de35 elementor-section-boxed elementor-section-height-default elementor-section-height-default\" data-id=\"4870de35\" data-element_type=\"section\">\n\t\t\t\t\t\t<div class=\"elementor-container elementor-column-gap-default\">\n\t\t\t\t\t<div class=\"elementor-column elementor-col-100 elementor-top-column elementor-element elementor-element-4e38dc60\" data-id=\"4e38dc60\" data-element_type=\"column\">\n\t\t\t<div class=\"elementor-widget-wrap elementor-element-populated\">\n\t\t\t\t\t\t<div class=\"elementor-element elementor-element-323e5350 elementor-hidden-desktop elementor-hidden-tablet elementor-widget elementor-widget-heading\" data-id=\"323e5350\" data-element_type=\"widget\" data-widget_type=\"heading.default\">\n\t\t\t\t<div class=\"elementor-widget-container\">\n\t\t\t<h1 class=\"elementor-heading-title elementor-size-default\">Bonne m\u00e8re<\/h1>\t\t<\/div>\n\t\t\t\t<\/div>\n\t\t\t\t\t<\/div>\n\t\t<\/div>\n\t\t\t\t\t<\/div>\n\t\t<\/section>\n\t\t\t\t<section class=\"elementor-section elementor-top-section elementor-element elementor-element-5759ea08 elementor-section-boxed elementor-section-height-default elementor-section-height-default\" data-id=\"5759ea08\" data-element_type=\"section\" data-settings=\"{&quot;background_background&quot;:&quot;classic&quot;}\">\n\t\t\t\t\t\t<div class=\"elementor-container elementor-column-gap-default\">\n\t\t\t\t\t<div class=\"elementor-column elementor-col-100 elementor-top-column elementor-element elementor-element-3eb4f300\" data-id=\"3eb4f300\" data-element_type=\"column\">\n\t\t\t<div class=\"elementor-widget-wrap elementor-element-populated\">\n\t\t\t\t\t\t<div class=\"elementor-element elementor-element-77afcd46 elementor-arrows-position-inside elementor-pagination-position-outside elementor-widget elementor-widget-image-carousel\" data-id=\"77afcd46\" data-element_type=\"widget\" data-settings=\"{&quot;slides_to_show&quot;:&quot;1&quot;,&quot;autoplay_speed&quot;:3000,&quot;navigation&quot;:&quot;both&quot;,&quot;autoplay&quot;:&quot;yes&quot;,&quot;pause_on_hover&quot;:&quot;yes&quot;,&quot;pause_on_interaction&quot;:&quot;yes&quot;,&quot;infinite&quot;:&quot;yes&quot;,&quot;effect&quot;:&quot;slide&quot;,&quot;speed&quot;:500}\" data-widget_type=\"image-carousel.default\">\n\t\t\t\t<div class=\"elementor-widget-container\">\n\t\t\t\t\t<div class=\"elementor-image-carousel-wrapper swiper\" dir=\"ltr\">\n\t\t\t<div class=\"elementor-image-carousel swiper-wrapper swiper-image-stretch\" aria-live=\"off\">\n\t\t\t\t\t\t\t\t<div class=\"swiper-slide\" role=\"group\" aria-roledescription=\"slide\" aria-label=\"1 sur 3\"><figure class=\"swiper-slide-inner\"><img decoding=\"async\" class=\"swiper-slide-image\" src=\"https:\/\/www.ifi-id.com\/wp-content\/uploads\/2022\/09\/210614141740-e1663320197954.jpeg\" alt=\"210614141740\" \/><\/figure><\/div><div class=\"swiper-slide\" role=\"group\" aria-roledescription=\"slide\" aria-label=\"2 sur 3\"><figure class=\"swiper-slide-inner\"><img decoding=\"async\" class=\"swiper-slide-image\" src=\"https:\/\/www.ifi-id.com\/wp-content\/uploads\/2022\/09\/210614142320-e1663320256745.jpeg\" alt=\"210614142320\" \/><\/figure><\/div><div class=\"swiper-slide\" role=\"group\" aria-roledescription=\"slide\" aria-label=\"3 sur 3\"><figure class=\"swiper-slide-inner\"><img decoding=\"async\" class=\"swiper-slide-image\" src=\"https:\/\/www.ifi-id.com\/wp-content\/uploads\/2022\/09\/bonne-mere3-e1663320235652.jpg\" alt=\"bonne-mere3\" \/><\/figure><\/div>\t\t\t<\/div>\n\t\t\t\t\t\t\t\t\t\t\t\t<div class=\"elementor-swiper-button elementor-swiper-button-prev\" role=\"button\" tabindex=\"0\">\n\t\t\t\t\t\t<i aria-hidden=\"true\" class=\"eicon-chevron-left\"><\/i>\t\t\t\t\t<\/div>\n\t\t\t\t\t<div class=\"elementor-swiper-button elementor-swiper-button-next\" role=\"button\" tabindex=\"0\">\n\t\t\t\t\t\t<i aria-hidden=\"true\" class=\"eicon-chevron-right\"><\/i>\t\t\t\t\t<\/div>\n\t\t\t\t\n\t\t\t\t\t\t\t\t\t<div class=\"swiper-pagination\"><\/div>\n\t\t\t\t\t\t\t\t\t<\/div>\n\t\t\t\t<\/div>\n\t\t\t\t<\/div>\n\t\t\t\t\t<\/div>\n\t\t<\/div>\n\t\t\t\t\t<\/div>\n\t\t<\/section>\n\t\t\t\t<section class=\"elementor-section elementor-top-section elementor-element elementor-element-2e4d896a elementor-section-boxed elementor-section-height-default elementor-section-height-default\" data-id=\"2e4d896a\" data-element_type=\"section\">\n\t\t\t\t\t\t<div class=\"elementor-container elementor-column-gap-default\">\n\t\t\t\t\t<div class=\"elementor-column elementor-col-100 elementor-top-column elementor-element elementor-element-4fd2d76d\" data-id=\"4fd2d76d\" data-element_type=\"column\">\n\t\t\t<div class=\"elementor-widget-wrap elementor-element-populated\">\n\t\t\t\t\t\t<div class=\"elementor-element elementor-element-ec8f84a elementor-widget elementor-widget-text-editor\" data-id=\"ec8f84a\" data-element_type=\"widget\" data-widget_type=\"text-editor.default\">\n\t\t\t\t<div class=\"elementor-widget-container\">\n\t\t\t\t\t\t\t<h4>Hafsia Herzi | 2021 | 100\u2019 | Drame | Fran\u00e7ais avec sous-titre indon\u00e9sien<br \/>\nHalima Benhamed, Sabrina Benhamed, Jawed Hannachi Herzi<\/h4>\n<p>Nora, la cinquantaine, femme de m\u00e9nage, veille sur sa petite famille dans une cit\u00e9 des quartiers nord de Marseille. Apr\u00e8s une longue p\u00e9riode de ch\u00f4mage, son fils a\u00een\u00e9 est arr\u00eat\u00e9 dans un braquage de station-service. Nora fait tout son possible pour aider son fils en attendant son proc\u00e8s, et pour lui rendre cette attente la moins insupportable possible.<\/p>\n<p><strong>R\u00e9compenses<br \/>\n<\/strong>Cannes Film Festival 2021, Winner Un Certain Regard &#8211; Ensemble Prize<br \/>\nRome MedFilm Festival, Winner Collateral Awards University Jury &#8211; Best Feature Film<\/p>\n<p><strong>Programme<br \/>\n<\/strong><strong>dimanche, 9 octobre 2022<br \/>\n<\/strong>Yogyakarta | IFI Yogyakarta | 16h<\/p>\n<p><strong>mardi, 11 octobre 2022<br \/>\n<\/strong>Jakarta | IFI Thamrin | 17h<br \/>\nBandung | IFI Bandung | 19h30<br \/>\nPontianak | Universitas Tanjungpura | 16h<\/p>\n<p><strong>samedi, 15 octobre 2022<br \/>\n<\/strong>Surabaya | IFI Surabaya | 16h30<\/p>\n\t\t\t\t\t\t<\/div>\n\t\t\t\t<\/div>\n\t\t\t\t\t<\/div>\n\t\t<\/div>\n\t\t\t\t\t<\/div>\n\t\t<\/section>\n\t\t\t\t<section class=\"elementor-section elementor-top-section elementor-element elementor-element-43abe894 elementor-section-boxed elementor-section-height-default elementor-section-height-default\" data-id=\"43abe894\" data-element_type=\"section\">\n\t\t\t\t\t\t<div class=\"elementor-container elementor-column-gap-default\">\n\t\t\t\t\t<div class=\"elementor-column elementor-col-100 elementor-top-column elementor-element elementor-element-5c186c3a\" data-id=\"5c186c3a\" data-element_type=\"column\">\n\t\t\t<div class=\"elementor-widget-wrap elementor-element-populated\">\n\t\t\t\t\t\t<div class=\"elementor-element elementor-element-5093db6d elementor-widget elementor-widget-video\" data-id=\"5093db6d\" data-element_type=\"widget\" data-settings=\"{&quot;youtube_url&quot;:&quot;https:\\\/\\\/www.youtube.com\\\/watch?v=2vMoUb3LQ44&quot;,&quot;video_type&quot;:&quot;youtube&quot;,&quot;controls&quot;:&quot;yes&quot;}\" data-widget_type=\"video.default\">\n\t\t\t\t<div class=\"elementor-widget-container\">\n\t\t\t\t\t<div class=\"elementor-wrapper elementor-open-inline\">\n\t\t\t<div class=\"elementor-video\"><\/div>\t\t<\/div>\n\t\t\t\t<\/div>\n\t\t\t\t<\/div>\n\t\t\t\t\t<\/div>\n\t\t<\/div>\n\t\t\t\t\t<\/div>\n\t\t<\/section>\n\t\t\t\t<section class=\"elementor-section elementor-top-section elementor-element elementor-element-3a6b04e5 elementor-section-boxed elementor-section-height-default elementor-section-height-default\" data-id=\"3a6b04e5\" data-element_type=\"section\">\n\t\t\t\t\t\t<div class=\"elementor-container elementor-column-gap-default\">\n\t\t\t\t\t<div class=\"elementor-column elementor-col-100 elementor-top-column elementor-element elementor-element-3a607bf6\" data-id=\"3a607bf6\" data-element_type=\"column\">\n\t\t\t<div class=\"elementor-widget-wrap elementor-element-populated\">\n\t\t\t\t\t\t<div class=\"elementor-element elementor-element-5e2581eb elementor-align-center elementor-widget elementor-widget-button\" data-id=\"5e2581eb\" data-element_type=\"widget\" data-widget_type=\"button.default\">\n\t\t\t\t<div class=\"elementor-widget-container\">\n\t\t\t\t\t<div class=\"elementor-button-wrapper\">\n\t\t\t<a class=\"elementor-button elementor-button-link elementor-size-sm\" href=\"https:\/\/www.ifi-id.com\/fr\/festival-du-cinema-francais-2022-film\">\n\t\t\t\t\t\t<span class=\"elementor-button-content-wrapper\">\n\t\t\t\t\t\t<span class=\"elementor-button-icon\">\n\t\t\t\t<i aria-hidden=\"true\" class=\"fas fa-backward\"><\/i>\t\t\t<\/span>\n\t\t\t\t\t\t\t\t\t<span class=\"elementor-button-text\">Retour \u00e0 la liste des films<\/span>\n\t\t\t\t\t<\/span>\n\t\t\t\t\t<\/a>\n\t\t<\/div>\n\t\t\t\t<\/div>\n\t\t\t\t<\/div>\n\t\t\t\t\t<\/div>\n\t\t<\/div>\n\t\t\t\t\t<\/div>\n\t\t<\/section>\n\t\t\t\t<\/div>\n\t\t","protected":false},"excerpt":{"rendered":"<p>Bonne m\u00e8re Bonne m\u00e8re Previous Next Hafsia Herzi | 2021 | 100\u2019 | Drame | Fran\u00e7ais avec sous-titre indon\u00e9sien Halima Benhamed, Sabrina Benhamed, Jawed Hannachi Herzi Nora, la cinquantaine, femme de m\u00e9nage, veille sur sa petite famille dans une cit\u00e9 des quartiers nord de Marseille. Apr\u00e8s une longue p\u00e9riode de ch\u00f4mage, son fils a\u00een\u00e9 est &hellip; <\/p>\n<p class=\"link-more\"><a href=\"https:\/\/www.ifi-id.com\/fr\/fsp22-film-bonne-mere\/\" class=\"more-link\">Continuer la lecture<span class=\"screen-reader-text\"> de &laquo;&nbsp;Bonne m\u00e8re &#8211; Festival du Cin\u00e9ma Fran\u00e7ais 2022&nbsp;&raquo;<\/span><\/a><\/p>\n","protected":false},"author":8,"featured_media":28154,"parent":0,"menu_order":0,"comment_status":"closed","ping_status":"closed","template":"elementor_header_footer","meta":{"footnotes":""},"class_list":["post-28170","page","type-page","status-publish","has-post-thumbnail","hentry"],"yoast_head":"<!-- This site is optimized with the Yoast SEO plugin v23.5 - https:\/\/yoast.com\/wordpress\/plugins\/seo\/ -->\n<title>Bonne m\u00e8re - Festival du Cin\u00e9ma Fran\u00e7ais 2022 - Institut fran\u00e7ais Indon\u00e9sie<\/title>\n<meta name=\"description\" content=\"Nora, la cinquantaine, femme de m\u00e9nage, veille sur sa petite famille dans une cit\u00e9 des quartiers nord de Marseille. Apr\u00e8s une longue p\u00e9riode de ch\u00f4mage, son fils a\u00een\u00e9 est arr\u00eat\u00e9 dans un braquage de station-service. Nora fait tout son possible pour aider son fils en attendant son proc\u00e8s, et pour lui rendre cette attente la moins insupportable possible.\" \/>\n<meta name=\"robots\" content=\"index, follow, max-snippet:-1, max-image-preview:large, max-video-preview:-1\" \/>\n<link rel=\"canonical\" href=\"https:\/\/www.ifi-id.com\/fr\/fsp22-film-bonne-mere\/\" \/>\n<meta property=\"og:locale\" content=\"fr_FR\" \/>\n<meta property=\"og:type\" content=\"article\" \/>\n<meta property=\"og:title\" content=\"Bonne m\u00e8re - Festival du Cin\u00e9ma Fran\u00e7ais 2022\" \/>\n<meta property=\"og:description\" content=\"Nora, la cinquantaine, femme de m\u00e9nage, veille sur sa petite famille dans une cit\u00e9 des quartiers nord de Marseille. Apr\u00e8s une longue p\u00e9riode de ch\u00f4mage, son fils a\u00een\u00e9 est arr\u00eat\u00e9 dans un braquage de station-service. Nora fait tout son possible pour aider son fils en attendant son proc\u00e8s, et pour lui rendre cette attente la moins insupportable possible.\" \/>\n<meta property=\"og:url\" content=\"https:\/\/www.ifi-id.com\/fr\/fsp22-film-bonne-mere\/\" \/>\n<meta property=\"og:site_name\" content=\"Institut fran\u00e7ais Indon\u00e9sie\" \/>\n<meta property=\"article:modified_time\" content=\"2022-10-11T11:33:30+00:00\" \/>\n<meta property=\"og:image\" content=\"https:\/\/www.ifi-id.com\/wp-content\/uploads\/2022\/09\/210614141740-e1663320197954.jpeg\" \/>\n<meta name=\"twitter:card\" content=\"summary_large_image\" \/>\n<meta name=\"twitter:title\" content=\"Bonne m\u00e8re - Festival du Cin\u00e9ma Fran\u00e7ais 2022\" \/>\n<meta name=\"twitter:description\" content=\"Nora, la cinquantaine, femme de m\u00e9nage, veille sur sa petite famille dans une cit\u00e9 des quartiers nord de Marseille. Apr\u00e8s une longue p\u00e9riode de ch\u00f4mage, son fils a\u00een\u00e9 est arr\u00eat\u00e9 dans un braquage de station-service. Nora fait tout son possible pour aider son fils en attendant son proc\u00e8s, et pour lui rendre cette attente la moins insupportable possible.\" \/>\n<meta name=\"twitter:image\" content=\"https:\/\/www.ifi-id.com\/wp-content\/uploads\/2022\/09\/210614141740-e1663320197954-1024x576.jpeg\" \/>\n<meta name=\"twitter:label1\" content=\"Dur\u00e9e de lecture estim\u00e9e\" \/>\n\t<meta name=\"twitter:data1\" content=\"1 minute\" \/>\n<script type=\"application\/ld+json\" class=\"yoast-schema-graph\">{\"@context\":\"https:\/\/schema.org\",\"@graph\":[{\"@type\":\"WebPage\",\"@id\":\"https:\/\/www.ifi-id.com\/fr\/fsp22-film-bonne-mere\/\",\"url\":\"https:\/\/www.ifi-id.com\/fr\/fsp22-film-bonne-mere\/\",\"name\":\"Bonne m\u00e8re - Festival du Cin\u00e9ma Fran\u00e7ais 2022 - Institut fran\u00e7ais Indon\u00e9sie\",\"isPartOf\":{\"@id\":\"https:\/\/www.ifi-id.com\/#website\"},\"primaryImageOfPage\":{\"@id\":\"https:\/\/www.ifi-id.com\/fr\/fsp22-film-bonne-mere\/#primaryimage\"},\"image\":{\"@id\":\"https:\/\/www.ifi-id.com\/fr\/fsp22-film-bonne-mere\/#primaryimage\"},\"thumbnailUrl\":\"https:\/\/www.ifi-id.com\/wp-content\/uploads\/2022\/09\/210614141740-e1663320197954.jpeg\",\"datePublished\":\"2022-09-16T09:40:10+00:00\",\"dateModified\":\"2022-10-11T11:33:30+00:00\",\"description\":\"Nora, la cinquantaine, femme de m\u00e9nage, veille sur sa petite famille dans une cit\u00e9 des quartiers nord de Marseille. Apr\u00e8s une longue p\u00e9riode de ch\u00f4mage, son fils a\u00een\u00e9 est arr\u00eat\u00e9 dans un braquage de station-service. Nora fait tout son possible pour aider son fils en attendant son proc\u00e8s, et pour lui rendre cette attente la moins insupportable possible.\",\"breadcrumb\":{\"@id\":\"https:\/\/www.ifi-id.com\/fr\/fsp22-film-bonne-mere\/#breadcrumb\"},\"inLanguage\":\"fr-FR\",\"potentialAction\":[{\"@type\":\"ReadAction\",\"target\":[\"https:\/\/www.ifi-id.com\/fr\/fsp22-film-bonne-mere\/\"]}]},{\"@type\":\"ImageObject\",\"inLanguage\":\"fr-FR\",\"@id\":\"https:\/\/www.ifi-id.com\/fr\/fsp22-film-bonne-mere\/#primaryimage\",\"url\":\"https:\/\/www.ifi-id.com\/wp-content\/uploads\/2022\/09\/210614141740-e1663320197954.jpeg\",\"contentUrl\":\"https:\/\/www.ifi-id.com\/wp-content\/uploads\/2022\/09\/210614141740-e1663320197954.jpeg\",\"width\":1120,\"height\":685},{\"@type\":\"BreadcrumbList\",\"@id\":\"https:\/\/www.ifi-id.com\/fr\/fsp22-film-bonne-mere\/#breadcrumb\",\"itemListElement\":[{\"@type\":\"ListItem\",\"position\":1,\"name\":\"Home\",\"item\":\"https:\/\/www.ifi-id.com\/\"},{\"@type\":\"ListItem\",\"position\":2,\"name\":\"Bonne m\u00e8re &#8211; Festival du Cin\u00e9ma Fran\u00e7ais 2022\"}]},{\"@type\":\"WebSite\",\"@id\":\"https:\/\/www.ifi-id.com\/#website\",\"url\":\"https:\/\/www.ifi-id.com\/\",\"name\":\"Institut fran\u00e7ais Indon\u00e9sie\",\"description\":\"\",\"publisher\":{\"@id\":\"https:\/\/www.ifi-id.com\/#organization\"},\"potentialAction\":[{\"@type\":\"SearchAction\",\"target\":{\"@type\":\"EntryPoint\",\"urlTemplate\":\"https:\/\/www.ifi-id.com\/?s={search_term_string}\"},\"query-input\":{\"@type\":\"PropertyValueSpecification\",\"valueRequired\":true,\"valueName\":\"search_term_string\"}}],\"inLanguage\":\"fr-FR\"},{\"@type\":\"Organization\",\"@id\":\"https:\/\/www.ifi-id.com\/#organization\",\"name\":\"Institut fran\u00e7ais Indon\u00e9sie\",\"url\":\"https:\/\/www.ifi-id.com\/\",\"logo\":{\"@type\":\"ImageObject\",\"inLanguage\":\"fr-FR\",\"@id\":\"https:\/\/www.ifi-id.com\/#\/schema\/logo\/image\/\",\"url\":\"https:\/\/www.ifi-id.com\/wp-content\/uploads\/2022\/12\/IFI_New_Logo.jpg\",\"contentUrl\":\"https:\/\/www.ifi-id.com\/wp-content\/uploads\/2022\/12\/IFI_New_Logo.jpg\",\"width\":666,\"height\":444,\"caption\":\"Institut fran\u00e7ais Indon\u00e9sie\"},\"image\":{\"@id\":\"https:\/\/www.ifi-id.com\/#\/schema\/logo\/image\/\"}}]}<\/script>\n<!-- \/ Yoast SEO plugin. -->","yoast_head_json":{"title":"Bonne m\u00e8re - Festival du Cin\u00e9ma Fran\u00e7ais 2022 - Institut fran\u00e7ais Indon\u00e9sie","description":"Nora, la cinquantaine, femme de m\u00e9nage, veille sur sa petite famille dans une cit\u00e9 des quartiers nord de Marseille. Apr\u00e8s une longue p\u00e9riode de ch\u00f4mage, son fils a\u00een\u00e9 est arr\u00eat\u00e9 dans un braquage de station-service. Nora fait tout son possible pour aider son fils en attendant son proc\u00e8s, et pour lui rendre cette attente la moins insupportable possible.","robots":{"index":"index","follow":"follow","max-snippet":"max-snippet:-1","max-image-preview":"max-image-preview:large","max-video-preview":"max-video-preview:-1"},"canonical":"https:\/\/www.ifi-id.com\/fr\/fsp22-film-bonne-mere\/","og_locale":"fr_FR","og_type":"article","og_title":"Bonne m\u00e8re - Festival du Cin\u00e9ma Fran\u00e7ais 2022","og_description":"Nora, la cinquantaine, femme de m\u00e9nage, veille sur sa petite famille dans une cit\u00e9 des quartiers nord de Marseille. Apr\u00e8s une longue p\u00e9riode de ch\u00f4mage, son fils a\u00een\u00e9 est arr\u00eat\u00e9 dans un braquage de station-service. Nora fait tout son possible pour aider son fils en attendant son proc\u00e8s, et pour lui rendre cette attente la moins insupportable possible.","og_url":"https:\/\/www.ifi-id.com\/fr\/fsp22-film-bonne-mere\/","og_site_name":"Institut fran\u00e7ais Indon\u00e9sie","article_modified_time":"2022-10-11T11:33:30+00:00","og_image":[{"url":"https:\/\/www.ifi-id.com\/wp-content\/uploads\/2022\/09\/210614141740-e1663320197954.jpeg"}],"twitter_card":"summary_large_image","twitter_title":"Bonne m\u00e8re - Festival du Cin\u00e9ma Fran\u00e7ais 2022","twitter_description":"Nora, la cinquantaine, femme de m\u00e9nage, veille sur sa petite famille dans une cit\u00e9 des quartiers nord de Marseille. Apr\u00e8s une longue p\u00e9riode de ch\u00f4mage, son fils a\u00een\u00e9 est arr\u00eat\u00e9 dans un braquage de station-service. Nora fait tout son possible pour aider son fils en attendant son proc\u00e8s, et pour lui rendre cette attente la moins insupportable possible.","twitter_image":"https:\/\/www.ifi-id.com\/wp-content\/uploads\/2022\/09\/210614141740-e1663320197954-1024x576.jpeg","twitter_misc":{"Dur\u00e9e de lecture estim\u00e9e":"1 minute"},"schema":{"@context":"https:\/\/schema.org","@graph":[{"@type":"WebPage","@id":"https:\/\/www.ifi-id.com\/fr\/fsp22-film-bonne-mere\/","url":"https:\/\/www.ifi-id.com\/fr\/fsp22-film-bonne-mere\/","name":"Bonne m\u00e8re - Festival du Cin\u00e9ma Fran\u00e7ais 2022 - Institut fran\u00e7ais Indon\u00e9sie","isPartOf":{"@id":"https:\/\/www.ifi-id.com\/#website"},"primaryImageOfPage":{"@id":"https:\/\/www.ifi-id.com\/fr\/fsp22-film-bonne-mere\/#primaryimage"},"image":{"@id":"https:\/\/www.ifi-id.com\/fr\/fsp22-film-bonne-mere\/#primaryimage"},"thumbnailUrl":"https:\/\/www.ifi-id.com\/wp-content\/uploads\/2022\/09\/210614141740-e1663320197954.jpeg","datePublished":"2022-09-16T09:40:10+00:00","dateModified":"2022-10-11T11:33:30+00:00","description":"Nora, la cinquantaine, femme de m\u00e9nage, veille sur sa petite famille dans une cit\u00e9 des quartiers nord de Marseille. Apr\u00e8s une longue p\u00e9riode de ch\u00f4mage, son fils a\u00een\u00e9 est arr\u00eat\u00e9 dans un braquage de station-service. Nora fait tout son possible pour aider son fils en attendant son proc\u00e8s, et pour lui rendre cette attente la moins insupportable possible.","breadcrumb":{"@id":"https:\/\/www.ifi-id.com\/fr\/fsp22-film-bonne-mere\/#breadcrumb"},"inLanguage":"fr-FR","potentialAction":[{"@type":"ReadAction","target":["https:\/\/www.ifi-id.com\/fr\/fsp22-film-bonne-mere\/"]}]},{"@type":"ImageObject","inLanguage":"fr-FR","@id":"https:\/\/www.ifi-id.com\/fr\/fsp22-film-bonne-mere\/#primaryimage","url":"https:\/\/www.ifi-id.com\/wp-content\/uploads\/2022\/09\/210614141740-e1663320197954.jpeg","contentUrl":"https:\/\/www.ifi-id.com\/wp-content\/uploads\/2022\/09\/210614141740-e1663320197954.jpeg","width":1120,"height":685},{"@type":"BreadcrumbList","@id":"https:\/\/www.ifi-id.com\/fr\/fsp22-film-bonne-mere\/#breadcrumb","itemListElement":[{"@type":"ListItem","position":1,"name":"Home","item":"https:\/\/www.ifi-id.com\/"},{"@type":"ListItem","position":2,"name":"Bonne m\u00e8re &#8211; Festival du Cin\u00e9ma Fran\u00e7ais 2022"}]},{"@type":"WebSite","@id":"https:\/\/www.ifi-id.com\/#website","url":"https:\/\/www.ifi-id.com\/","name":"Institut fran\u00e7ais Indon\u00e9sie","description":"","publisher":{"@id":"https:\/\/www.ifi-id.com\/#organization"},"potentialAction":[{"@type":"SearchAction","target":{"@type":"EntryPoint","urlTemplate":"https:\/\/www.ifi-id.com\/?s={search_term_string}"},"query-input":{"@type":"PropertyValueSpecification","valueRequired":true,"valueName":"search_term_string"}}],"inLanguage":"fr-FR"},{"@type":"Organization","@id":"https:\/\/www.ifi-id.com\/#organization","name":"Institut fran\u00e7ais Indon\u00e9sie","url":"https:\/\/www.ifi-id.com\/","logo":{"@type":"ImageObject","inLanguage":"fr-FR","@id":"https:\/\/www.ifi-id.com\/#\/schema\/logo\/image\/","url":"https:\/\/www.ifi-id.com\/wp-content\/uploads\/2022\/12\/IFI_New_Logo.jpg","contentUrl":"https:\/\/www.ifi-id.com\/wp-content\/uploads\/2022\/12\/IFI_New_Logo.jpg","width":666,"height":444,"caption":"Institut fran\u00e7ais Indon\u00e9sie"},"image":{"@id":"https:\/\/www.ifi-id.com\/#\/schema\/logo\/image\/"}}]}},"post_mailing_queue_ids":[],"_links":{"self":[{"href":"https:\/\/www.ifi-id.com\/fr\/wp-json\/wp\/v2\/pages\/28170"}],"collection":[{"href":"https:\/\/www.ifi-id.com\/fr\/wp-json\/wp\/v2\/pages"}],"about":[{"href":"https:\/\/www.ifi-id.com\/fr\/wp-json\/wp\/v2\/types\/page"}],"author":[{"embeddable":true,"href":"https:\/\/www.ifi-id.com\/fr\/wp-json\/wp\/v2\/users\/8"}],"replies":[{"embeddable":true,"href":"https:\/\/www.ifi-id.com\/fr\/wp-json\/wp\/v2\/comments?post=28170"}],"version-history":[{"count":3,"href":"https:\/\/www.ifi-id.com\/fr\/wp-json\/wp\/v2\/pages\/28170\/revisions"}],"predecessor-version":[{"id":29035,"href":"https:\/\/www.ifi-id.com\/fr\/wp-json\/wp\/v2\/pages\/28170\/revisions\/29035"}],"wp:featuredmedia":[{"embeddable":true,"href":"https:\/\/www.ifi-id.com\/fr\/wp-json\/wp\/v2\/media\/28154"}],"wp:attachment":[{"href":"https:\/\/www.ifi-id.com\/fr\/wp-json\/wp\/v2\/media?parent=28170"}],"curies":[{"name":"wp","href":"https:\/\/api.w.org\/{rel}","templated":true}]}}