{"id":28139,"date":"2022-09-15T10:00:01","date_gmt":"2022-09-15T03:00:01","guid":{"rendered":"https:\/\/www.ifi-id.com\/festival-du-cinema-francais-2022-film"},"modified":"2022-10-13T16:47:23","modified_gmt":"2022-10-13T09:47:23","slug":"festival-du-cinema-francais-2022-film","status":"publish","type":"page","link":"https:\/\/www.ifi-id.com\/fr\/festival-du-cinema-francais-2022-film\/","title":{"rendered":"Festival du Cin\u00e9ma Fran\u00e7ais 2022 &#8211; Films"},"content":{"rendered":"\t\t<div data-elementor-type=\"wp-page\" data-elementor-id=\"28139\" class=\"elementor elementor-28139 elementor-28033\" data-elementor-post-type=\"page\">\n\t\t\t\t\t\t<section class=\"elementor-section elementor-top-section elementor-element elementor-element-20a72f8 elementor-section-boxed elementor-section-height-default elementor-section-height-default\" data-id=\"20a72f8\" data-element_type=\"section\">\n\t\t\t\t\t\t<div class=\"elementor-container elementor-column-gap-default\">\n\t\t\t\t\t<div class=\"elementor-column elementor-col-100 elementor-top-column elementor-element elementor-element-425f5931\" data-id=\"425f5931\" data-element_type=\"column\">\n\t\t\t<div class=\"elementor-widget-wrap elementor-element-populated\">\n\t\t\t\t\t\t<div class=\"elementor-element elementor-element-921d288 elementor-hidden-phone elementor-widget elementor-widget-heading\" data-id=\"921d288\" data-element_type=\"widget\" data-widget_type=\"heading.default\">\n\t\t\t\t<div class=\"elementor-widget-container\">\n\t\t\t<h2 class=\"elementor-heading-title elementor-size-default\">Festival du Cin\u00e9ma Fran\u00e7ais 2022 - Films<\/h2>\t\t<\/div>\n\t\t\t\t<\/div>\n\t\t\t\t\t<\/div>\n\t\t<\/div>\n\t\t\t\t\t<\/div>\n\t\t<\/section>\n\t\t\t\t<section class=\"elementor-section elementor-top-section elementor-element elementor-element-568f7db elementor-section-boxed elementor-section-height-default elementor-section-height-default\" data-id=\"568f7db\" data-element_type=\"section\">\n\t\t\t\t\t\t<div class=\"elementor-container elementor-column-gap-default\">\n\t\t\t\t\t<div class=\"elementor-column elementor-col-100 elementor-top-column elementor-element elementor-element-add86c9\" data-id=\"add86c9\" data-element_type=\"column\">\n\t\t\t<div class=\"elementor-widget-wrap elementor-element-populated\">\n\t\t\t\t\t\t<div class=\"elementor-element elementor-element-636eb06 elementor-hidden-desktop elementor-hidden-tablet elementor-widget elementor-widget-heading\" data-id=\"636eb06\" data-element_type=\"widget\" data-widget_type=\"heading.default\">\n\t\t\t\t<div class=\"elementor-widget-container\">\n\t\t\t<h2 class=\"elementor-heading-title elementor-size-default\">Festival du Cin\u00e9ma Fran\u00e7ais 2022 - Films<\/h2>\t\t<\/div>\n\t\t\t\t<\/div>\n\t\t\t\t\t<\/div>\n\t\t<\/div>\n\t\t\t\t\t<\/div>\n\t\t<\/section>\n\t\t\t\t<section class=\"elementor-section elementor-top-section elementor-element elementor-element-6e297864 elementor-section-boxed elementor-section-height-default elementor-section-height-default\" data-id=\"6e297864\" data-element_type=\"section\">\n\t\t\t\t\t\t<div class=\"elementor-container elementor-column-gap-default\">\n\t\t\t\t\t<div class=\"elementor-column elementor-col-50 elementor-top-column elementor-element elementor-element-621bf936\" data-id=\"621bf936\" data-element_type=\"column\" data-settings=\"{&quot;background_background&quot;:&quot;classic&quot;}\">\n\t\t\t<div class=\"elementor-widget-wrap elementor-element-populated\">\n\t\t\t\t\t\t<div class=\"elementor-element elementor-element-20c8eb81 img-card elementor-widget elementor-widget-image\" data-id=\"20c8eb81\" data-element_type=\"widget\" data-widget_type=\"image.default\">\n\t\t\t\t<div class=\"elementor-widget-container\">\n\t\t\t\t\t\t\t\t\t\t\t\t\t\t<a href=\"https:\/\/www.ifi-id.com\/fr\/festival-du-cinema-francais-2022-films-hors-ligne\">\n\t\t\t\t\t\t\t<img fetchpriority=\"high\" decoding=\"async\" width=\"1280\" height=\"720\" src=\"https:\/\/www.ifi-id.com\/wp-content\/uploads\/2022\/10\/WhatsApp-Image-2022-10-11-at-4.33.20-PM-6.jpeg\" class=\"attachment-full size-full wp-image-29179\" alt=\"\" srcset=\"https:\/\/www.ifi-id.com\/wp-content\/uploads\/2022\/10\/WhatsApp-Image-2022-10-11-at-4.33.20-PM-6.jpeg 1280w, https:\/\/www.ifi-id.com\/wp-content\/uploads\/2022\/10\/WhatsApp-Image-2022-10-11-at-4.33.20-PM-6-300x169.jpeg 300w, https:\/\/www.ifi-id.com\/wp-content\/uploads\/2022\/10\/WhatsApp-Image-2022-10-11-at-4.33.20-PM-6-1024x576.jpeg 1024w, https:\/\/www.ifi-id.com\/wp-content\/uploads\/2022\/10\/WhatsApp-Image-2022-10-11-at-4.33.20-PM-6-768x432.jpeg 768w\" sizes=\"100vw\" \/>\t\t\t\t\t\t\t\t<\/a>\n\t\t\t\t\t\t\t\t\t\t\t\t\t<\/div>\n\t\t\t\t<\/div>\n\t\t\t\t<div class=\"elementor-element elementor-element-162c2ee2 elementor-widget elementor-widget-heading\" data-id=\"162c2ee2\" data-element_type=\"widget\" data-widget_type=\"heading.default\">\n\t\t\t\t<div class=\"elementor-widget-container\">\n\t\t\t<h2 class=\"elementor-heading-title elementor-size-default\"><a href=\"https:\/\/www.ifi-id.com\/fr\/festival-du-cinema-francais-2022-films-hors-ligne\">Films Hors Ligne<\/a><\/h2>\t\t<\/div>\n\t\t\t\t<\/div>\n\t\t\t\t<div class=\"elementor-element elementor-element-69cf5e6c elementor-widget elementor-widget-heading\" data-id=\"69cf5e6c\" data-element_type=\"widget\" data-widget_type=\"heading.default\">\n\t\t\t\t<div class=\"elementor-widget-container\">\n\t\t\t<h2 class=\"elementor-heading-title elementor-size-default\"><a href=\"https:\/\/www.ifi-id.com\/fr\/festival-du-cinema-francais-2022-films-hors-ligne\">En savoir plus<\/a><\/h2>\t\t<\/div>\n\t\t\t\t<\/div>\n\t\t\t\t\t<\/div>\n\t\t<\/div>\n\t\t\t\t<div class=\"elementor-column elementor-col-50 elementor-top-column elementor-element elementor-element-7206250\" data-id=\"7206250\" data-element_type=\"column\" data-settings=\"{&quot;background_background&quot;:&quot;classic&quot;}\">\n\t\t\t<div class=\"elementor-widget-wrap elementor-element-populated\">\n\t\t\t\t\t\t<div class=\"elementor-element elementor-element-60c152d6 img-card elementor-widget elementor-widget-image\" data-id=\"60c152d6\" data-element_type=\"widget\" data-widget_type=\"image.default\">\n\t\t\t\t<div class=\"elementor-widget-container\">\n\t\t\t\t\t\t\t\t\t\t\t\t\t\t<a href=\"https:\/\/www.ifi-id.com\/fr\/festival-du-cinema-francais-2022-films-en-ligne\">\n\t\t\t\t\t\t\t<img decoding=\"async\" width=\"1280\" height=\"720\" src=\"https:\/\/www.ifi-id.com\/wp-content\/uploads\/2022\/10\/WhatsApp-Image-2022-10-11-at-4.33.20-PM-5.jpeg\" class=\"attachment-full size-full wp-image-29177\" alt=\"\" srcset=\"https:\/\/www.ifi-id.com\/wp-content\/uploads\/2022\/10\/WhatsApp-Image-2022-10-11-at-4.33.20-PM-5.jpeg 1280w, https:\/\/www.ifi-id.com\/wp-content\/uploads\/2022\/10\/WhatsApp-Image-2022-10-11-at-4.33.20-PM-5-300x169.jpeg 300w, https:\/\/www.ifi-id.com\/wp-content\/uploads\/2022\/10\/WhatsApp-Image-2022-10-11-at-4.33.20-PM-5-1024x576.jpeg 1024w, https:\/\/www.ifi-id.com\/wp-content\/uploads\/2022\/10\/WhatsApp-Image-2022-10-11-at-4.33.20-PM-5-768x432.jpeg 768w\" sizes=\"100vw\" \/>\t\t\t\t\t\t\t\t<\/a>\n\t\t\t\t\t\t\t\t\t\t\t\t\t<\/div>\n\t\t\t\t<\/div>\n\t\t\t\t<div class=\"elementor-element elementor-element-37d9fdfb elementor-widget elementor-widget-heading\" data-id=\"37d9fdfb\" data-element_type=\"widget\" data-widget_type=\"heading.default\">\n\t\t\t\t<div class=\"elementor-widget-container\">\n\t\t\t<h2 class=\"elementor-heading-title elementor-size-default\"><a href=\"https:\/\/www.ifi-id.com\/fr\/festival-du-cinema-francais-2022-films-en-ligne\">Films En ligne<\/a><\/h2>\t\t<\/div>\n\t\t\t\t<\/div>\n\t\t\t\t<div class=\"elementor-element elementor-element-962e07d elementor-widget elementor-widget-heading\" data-id=\"962e07d\" data-element_type=\"widget\" data-widget_type=\"heading.default\">\n\t\t\t\t<div class=\"elementor-widget-container\">\n\t\t\t<h2 class=\"elementor-heading-title elementor-size-default\"><a href=\"https:\/\/www.ifi-id.com\/fr\/festival-du-cinema-francais-2022-films-en-ligne\">En savoir plus<\/a><\/h2>\t\t<\/div>\n\t\t\t\t<\/div>\n\t\t\t\t\t<\/div>\n\t\t<\/div>\n\t\t\t\t\t<\/div>\n\t\t<\/section>\n\t\t\t\t<\/div>\n\t\t","protected":false},"excerpt":{"rendered":"<p>Festival du Cin\u00e9ma Fran\u00e7ais 2022 &#8211; Films Festival du Cin\u00e9ma Fran\u00e7ais 2022 &#8211; Films Films Hors Ligne En savoir plus Films En ligne En savoir plus<\/p>\n","protected":false},"author":8,"featured_media":28018,"parent":0,"menu_order":0,"comment_status":"closed","ping_status":"closed","template":"elementor_header_footer","meta":{"footnotes":""},"class_list":["post-28139","page","type-page","status-publish","has-post-thumbnail","hentry"],"yoast_head":"<!-- This site is optimized with the Yoast SEO plugin v23.5 - https:\/\/yoast.com\/wordpress\/plugins\/seo\/ -->\n<title>Festival du Cin\u00e9ma Fran\u00e7ais 2022 - Films - Institut fran\u00e7ais Indon\u00e9sie<\/title>\n<meta name=\"description\" content=\"D\u00e9couvrez les films du Festival du cin\u00e9ma fran\u00e7ais 2022 ici !\" \/>\n<meta name=\"robots\" content=\"index, follow, max-snippet:-1, max-image-preview:large, max-video-preview:-1\" \/>\n<link rel=\"canonical\" href=\"https:\/\/www.ifi-id.com\/fr\/festival-du-cinema-francais-2022-film\/\" \/>\n<meta property=\"og:locale\" content=\"fr_FR\" \/>\n<meta property=\"og:type\" content=\"article\" \/>\n<meta property=\"og:title\" content=\"Festival du Cin\u00e9ma Fran\u00e7ais 2022 - Films\" \/>\n<meta property=\"og:description\" content=\"D\u00e9couvrez les films du Festival du cin\u00e9ma fran\u00e7ais 2022 ici !\" \/>\n<meta property=\"og:url\" content=\"https:\/\/www.ifi-id.com\/fr\/festival-du-cinema-francais-2022-film\/\" \/>\n<meta property=\"og:site_name\" content=\"Institut fran\u00e7ais Indon\u00e9sie\" \/>\n<meta property=\"article:modified_time\" content=\"2022-10-13T09:47:23+00:00\" \/>\n<meta property=\"og:image\" content=\"https:\/\/www.ifi-id.com\/wp-content\/uploads\/2022\/09\/WB-FSP22-FILM.jpeg\" \/>\n<meta name=\"twitter:card\" content=\"summary_large_image\" \/>\n<meta name=\"twitter:title\" content=\"Festival du Cin\u00e9ma Fran\u00e7ais 2022 - Film\" \/>\n<meta name=\"twitter:description\" content=\"D\u00e9couvrez les films du Festival du cin\u00e9ma fran\u00e7ais 2022 ici !\" \/>\n<meta name=\"twitter:image\" content=\"https:\/\/www.ifi-id.com\/wp-content\/uploads\/2022\/09\/WB-FSP22-FILM-1024x576.jpeg\" \/>\n<meta name=\"twitter:label1\" content=\"Dur\u00e9e de lecture estim\u00e9e\" \/>\n\t<meta name=\"twitter:data1\" content=\"1 minute\" \/>\n<script type=\"application\/ld+json\" class=\"yoast-schema-graph\">{\"@context\":\"https:\/\/schema.org\",\"@graph\":[{\"@type\":\"WebPage\",\"@id\":\"https:\/\/www.ifi-id.com\/fr\/festival-du-cinema-francais-2022-film\/\",\"url\":\"https:\/\/www.ifi-id.com\/fr\/festival-du-cinema-francais-2022-film\/\",\"name\":\"Festival du Cin\u00e9ma Fran\u00e7ais 2022 - Films - Institut fran\u00e7ais Indon\u00e9sie\",\"isPartOf\":{\"@id\":\"https:\/\/www.ifi-id.com\/#website\"},\"primaryImageOfPage\":{\"@id\":\"https:\/\/www.ifi-id.com\/fr\/festival-du-cinema-francais-2022-film\/#primaryimage\"},\"image\":{\"@id\":\"https:\/\/www.ifi-id.com\/fr\/festival-du-cinema-francais-2022-film\/#primaryimage\"},\"thumbnailUrl\":\"https:\/\/www.ifi-id.com\/wp-content\/uploads\/2022\/09\/WB-FSP22-FILM.jpeg\",\"datePublished\":\"2022-09-15T03:00:01+00:00\",\"dateModified\":\"2022-10-13T09:47:23+00:00\",\"description\":\"D\u00e9couvrez les films du Festival du cin\u00e9ma fran\u00e7ais 2022 ici !\",\"breadcrumb\":{\"@id\":\"https:\/\/www.ifi-id.com\/fr\/festival-du-cinema-francais-2022-film\/#breadcrumb\"},\"inLanguage\":\"fr-FR\",\"potentialAction\":[{\"@type\":\"ReadAction\",\"target\":[\"https:\/\/www.ifi-id.com\/fr\/festival-du-cinema-francais-2022-film\/\"]}]},{\"@type\":\"ImageObject\",\"inLanguage\":\"fr-FR\",\"@id\":\"https:\/\/www.ifi-id.com\/fr\/festival-du-cinema-francais-2022-film\/#primaryimage\",\"url\":\"https:\/\/www.ifi-id.com\/wp-content\/uploads\/2022\/09\/WB-FSP22-FILM.jpeg\",\"contentUrl\":\"https:\/\/www.ifi-id.com\/wp-content\/uploads\/2022\/09\/WB-FSP22-FILM.jpeg\",\"width\":1280,\"height\":720},{\"@type\":\"BreadcrumbList\",\"@id\":\"https:\/\/www.ifi-id.com\/fr\/festival-du-cinema-francais-2022-film\/#breadcrumb\",\"itemListElement\":[{\"@type\":\"ListItem\",\"position\":1,\"name\":\"Home\",\"item\":\"https:\/\/www.ifi-id.com\/\"},{\"@type\":\"ListItem\",\"position\":2,\"name\":\"Festival du Cin\u00e9ma Fran\u00e7ais 2022 &#8211; Films\"}]},{\"@type\":\"WebSite\",\"@id\":\"https:\/\/www.ifi-id.com\/#website\",\"url\":\"https:\/\/www.ifi-id.com\/\",\"name\":\"Institut fran\u00e7ais Indon\u00e9sie\",\"description\":\"\",\"publisher\":{\"@id\":\"https:\/\/www.ifi-id.com\/#organization\"},\"potentialAction\":[{\"@type\":\"SearchAction\",\"target\":{\"@type\":\"EntryPoint\",\"urlTemplate\":\"https:\/\/www.ifi-id.com\/?s={search_term_string}\"},\"query-input\":{\"@type\":\"PropertyValueSpecification\",\"valueRequired\":true,\"valueName\":\"search_term_string\"}}],\"inLanguage\":\"fr-FR\"},{\"@type\":\"Organization\",\"@id\":\"https:\/\/www.ifi-id.com\/#organization\",\"name\":\"Institut fran\u00e7ais Indon\u00e9sie\",\"url\":\"https:\/\/www.ifi-id.com\/\",\"logo\":{\"@type\":\"ImageObject\",\"inLanguage\":\"fr-FR\",\"@id\":\"https:\/\/www.ifi-id.com\/#\/schema\/logo\/image\/\",\"url\":\"https:\/\/www.ifi-id.com\/wp-content\/uploads\/2022\/12\/IFI_New_Logo.jpg\",\"contentUrl\":\"https:\/\/www.ifi-id.com\/wp-content\/uploads\/2022\/12\/IFI_New_Logo.jpg\",\"width\":666,\"height\":444,\"caption\":\"Institut fran\u00e7ais Indon\u00e9sie\"},\"image\":{\"@id\":\"https:\/\/www.ifi-id.com\/#\/schema\/logo\/image\/\"}}]}<\/script>\n<!-- \/ Yoast SEO plugin. -->","yoast_head_json":{"title":"Festival du Cin\u00e9ma Fran\u00e7ais 2022 - Films - Institut fran\u00e7ais Indon\u00e9sie","description":"D\u00e9couvrez les films du Festival du cin\u00e9ma fran\u00e7ais 2022 ici !","robots":{"index":"index","follow":"follow","max-snippet":"max-snippet:-1","max-image-preview":"max-image-preview:large","max-video-preview":"max-video-preview:-1"},"canonical":"https:\/\/www.ifi-id.com\/fr\/festival-du-cinema-francais-2022-film\/","og_locale":"fr_FR","og_type":"article","og_title":"Festival du Cin\u00e9ma Fran\u00e7ais 2022 - Films","og_description":"D\u00e9couvrez les films du Festival du cin\u00e9ma fran\u00e7ais 2022 ici !","og_url":"https:\/\/www.ifi-id.com\/fr\/festival-du-cinema-francais-2022-film\/","og_site_name":"Institut fran\u00e7ais Indon\u00e9sie","article_modified_time":"2022-10-13T09:47:23+00:00","og_image":[{"url":"https:\/\/www.ifi-id.com\/wp-content\/uploads\/2022\/09\/WB-FSP22-FILM.jpeg"}],"twitter_card":"summary_large_image","twitter_title":"Festival du Cin\u00e9ma Fran\u00e7ais 2022 - Film","twitter_description":"D\u00e9couvrez les films du Festival du cin\u00e9ma fran\u00e7ais 2022 ici !","twitter_image":"https:\/\/www.ifi-id.com\/wp-content\/uploads\/2022\/09\/WB-FSP22-FILM-1024x576.jpeg","twitter_misc":{"Dur\u00e9e de lecture estim\u00e9e":"1 minute"},"schema":{"@context":"https:\/\/schema.org","@graph":[{"@type":"WebPage","@id":"https:\/\/www.ifi-id.com\/fr\/festival-du-cinema-francais-2022-film\/","url":"https:\/\/www.ifi-id.com\/fr\/festival-du-cinema-francais-2022-film\/","name":"Festival du Cin\u00e9ma Fran\u00e7ais 2022 - Films - Institut fran\u00e7ais Indon\u00e9sie","isPartOf":{"@id":"https:\/\/www.ifi-id.com\/#website"},"primaryImageOfPage":{"@id":"https:\/\/www.ifi-id.com\/fr\/festival-du-cinema-francais-2022-film\/#primaryimage"},"image":{"@id":"https:\/\/www.ifi-id.com\/fr\/festival-du-cinema-francais-2022-film\/#primaryimage"},"thumbnailUrl":"https:\/\/www.ifi-id.com\/wp-content\/uploads\/2022\/09\/WB-FSP22-FILM.jpeg","datePublished":"2022-09-15T03:00:01+00:00","dateModified":"2022-10-13T09:47:23+00:00","description":"D\u00e9couvrez les films du Festival du cin\u00e9ma fran\u00e7ais 2022 ici !","breadcrumb":{"@id":"https:\/\/www.ifi-id.com\/fr\/festival-du-cinema-francais-2022-film\/#breadcrumb"},"inLanguage":"fr-FR","potentialAction":[{"@type":"ReadAction","target":["https:\/\/www.ifi-id.com\/fr\/festival-du-cinema-francais-2022-film\/"]}]},{"@type":"ImageObject","inLanguage":"fr-FR","@id":"https:\/\/www.ifi-id.com\/fr\/festival-du-cinema-francais-2022-film\/#primaryimage","url":"https:\/\/www.ifi-id.com\/wp-content\/uploads\/2022\/09\/WB-FSP22-FILM.jpeg","contentUrl":"https:\/\/www.ifi-id.com\/wp-content\/uploads\/2022\/09\/WB-FSP22-FILM.jpeg","width":1280,"height":720},{"@type":"BreadcrumbList","@id":"https:\/\/www.ifi-id.com\/fr\/festival-du-cinema-francais-2022-film\/#breadcrumb","itemListElement":[{"@type":"ListItem","position":1,"name":"Home","item":"https:\/\/www.ifi-id.com\/"},{"@type":"ListItem","position":2,"name":"Festival du Cin\u00e9ma Fran\u00e7ais 2022 &#8211; Films"}]},{"@type":"WebSite","@id":"https:\/\/www.ifi-id.com\/#website","url":"https:\/\/www.ifi-id.com\/","name":"Institut fran\u00e7ais Indon\u00e9sie","description":"","publisher":{"@id":"https:\/\/www.ifi-id.com\/#organization"},"potentialAction":[{"@type":"SearchAction","target":{"@type":"EntryPoint","urlTemplate":"https:\/\/www.ifi-id.com\/?s={search_term_string}"},"query-input":{"@type":"PropertyValueSpecification","valueRequired":true,"valueName":"search_term_string"}}],"inLanguage":"fr-FR"},{"@type":"Organization","@id":"https:\/\/www.ifi-id.com\/#organization","name":"Institut fran\u00e7ais Indon\u00e9sie","url":"https:\/\/www.ifi-id.com\/","logo":{"@type":"ImageObject","inLanguage":"fr-FR","@id":"https:\/\/www.ifi-id.com\/#\/schema\/logo\/image\/","url":"https:\/\/www.ifi-id.com\/wp-content\/uploads\/2022\/12\/IFI_New_Logo.jpg","contentUrl":"https:\/\/www.ifi-id.com\/wp-content\/uploads\/2022\/12\/IFI_New_Logo.jpg","width":666,"height":444,"caption":"Institut fran\u00e7ais Indon\u00e9sie"},"image":{"@id":"https:\/\/www.ifi-id.com\/#\/schema\/logo\/image\/"}}]}},"post_mailing_queue_ids":[],"_links":{"self":[{"href":"https:\/\/www.ifi-id.com\/fr\/wp-json\/wp\/v2\/pages\/28139"}],"collection":[{"href":"https:\/\/www.ifi-id.com\/fr\/wp-json\/wp\/v2\/pages"}],"about":[{"href":"https:\/\/www.ifi-id.com\/fr\/wp-json\/wp\/v2\/types\/page"}],"author":[{"embeddable":true,"href":"https:\/\/www.ifi-id.com\/fr\/wp-json\/wp\/v2\/users\/8"}],"replies":[{"embeddable":true,"href":"https:\/\/www.ifi-id.com\/fr\/wp-json\/wp\/v2\/comments?post=28139"}],"version-history":[{"count":10,"href":"https:\/\/www.ifi-id.com\/fr\/wp-json\/wp\/v2\/pages\/28139\/revisions"}],"predecessor-version":[{"id":29246,"href":"https:\/\/www.ifi-id.com\/fr\/wp-json\/wp\/v2\/pages\/28139\/revisions\/29246"}],"wp:featuredmedia":[{"embeddable":true,"href":"https:\/\/www.ifi-id.com\/fr\/wp-json\/wp\/v2\/media\/28018"}],"wp:attachment":[{"href":"https:\/\/www.ifi-id.com\/fr\/wp-json\/wp\/v2\/media?parent=28139"}],"curies":[{"name":"wp","href":"https:\/\/api.w.org\/{rel}","templated":true}]}}