{"id":28118,"date":"2022-09-16T15:51:18","date_gmt":"2022-09-16T08:51:18","guid":{"rendered":"https:\/\/www.ifi-id.com\/a-labordage-festival-du-cinema-francais-2022"},"modified":"2022-10-11T17:58:20","modified_gmt":"2022-10-11T10:58:20","slug":"fsp22-film-a-labordage","status":"publish","type":"page","link":"https:\/\/www.ifi-id.com\/fr\/fsp22-film-a-labordage\/","title":{"rendered":"\u00c0 l\u2019abordage &#8211; Festival du Cin\u00e9ma Fran\u00e7ais 2022"},"content":{"rendered":"\t\t<div data-elementor-type=\"wp-page\" data-elementor-id=\"28118\" class=\"elementor elementor-28118 elementor-28097\" data-elementor-post-type=\"page\">\n\t\t\t\t\t\t<section class=\"elementor-section elementor-top-section elementor-element elementor-element-1536a46f elementor-section-boxed elementor-section-height-default elementor-section-height-default\" data-id=\"1536a46f\" data-element_type=\"section\">\n\t\t\t\t\t\t<div class=\"elementor-container elementor-column-gap-default\">\n\t\t\t\t\t<div class=\"elementor-column elementor-col-100 elementor-top-column elementor-element elementor-element-433b4d1d\" data-id=\"433b4d1d\" data-element_type=\"column\">\n\t\t\t<div class=\"elementor-widget-wrap elementor-element-populated\">\n\t\t\t\t\t\t<div class=\"elementor-element elementor-element-41d85376 elementor-widget elementor-widget-heading\" data-id=\"41d85376\" data-element_type=\"widget\" data-widget_type=\"heading.default\">\n\t\t\t\t<div class=\"elementor-widget-container\">\n\t\t\t<h2 class=\"elementor-heading-title elementor-size-default\">\u00c0 l\u2019abordage<\/h2>\t\t<\/div>\n\t\t\t\t<\/div>\n\t\t\t\t\t<\/div>\n\t\t<\/div>\n\t\t\t\t\t<\/div>\n\t\t<\/section>\n\t\t\t\t<section class=\"elementor-section elementor-top-section elementor-element elementor-element-21e840fd elementor-section-boxed elementor-section-height-default elementor-section-height-default\" data-id=\"21e840fd\" data-element_type=\"section\" data-settings=\"{&quot;background_background&quot;:&quot;classic&quot;}\">\n\t\t\t\t\t\t<div class=\"elementor-container elementor-column-gap-default\">\n\t\t\t\t\t<div class=\"elementor-column elementor-col-100 elementor-top-column elementor-element elementor-element-7a9030c5\" data-id=\"7a9030c5\" data-element_type=\"column\">\n\t\t\t<div class=\"elementor-widget-wrap elementor-element-populated\">\n\t\t\t\t\t\t<div class=\"elementor-element elementor-element-54d17366 elementor-arrows-position-inside elementor-pagination-position-outside elementor-widget elementor-widget-image-carousel\" data-id=\"54d17366\" data-element_type=\"widget\" data-settings=\"{&quot;slides_to_show&quot;:&quot;1&quot;,&quot;autoplay_speed&quot;:3000,&quot;navigation&quot;:&quot;both&quot;,&quot;autoplay&quot;:&quot;yes&quot;,&quot;pause_on_hover&quot;:&quot;yes&quot;,&quot;pause_on_interaction&quot;:&quot;yes&quot;,&quot;infinite&quot;:&quot;yes&quot;,&quot;effect&quot;:&quot;slide&quot;,&quot;speed&quot;:500}\" data-widget_type=\"image-carousel.default\">\n\t\t\t\t<div class=\"elementor-widget-container\">\n\t\t\t\t\t<div class=\"elementor-image-carousel-wrapper swiper\" dir=\"ltr\">\n\t\t\t<div class=\"elementor-image-carousel swiper-wrapper swiper-image-stretch\" aria-live=\"off\">\n\t\t\t\t\t\t\t\t<div class=\"swiper-slide\" role=\"group\" aria-roledescription=\"slide\" aria-label=\"1 sur 3\"><figure class=\"swiper-slide-inner\"><img decoding=\"async\" class=\"swiper-slide-image\" src=\"https:\/\/www.ifi-id.com\/wp-content\/uploads\/2022\/09\/A-labordage_0000_ALABORDAGE_snapshot_etaloDEF_10_\u00a9-2020-A-LABORDAGE-GEKO-FILMS-ARTE-FILMS-THE-PARTY-FILM-SALES.jpg\" alt=\"A l&#039;abordage_0000_ALABORDAGE_snapshot_etaloDEF_10_\u00a9 2020 - A L&#039;ABORDAGE - GEKO FILMS ARTE FILMS - THE PARTY FILM SALES\" \/><\/figure><\/div><div class=\"swiper-slide\" role=\"group\" aria-roledescription=\"slide\" aria-label=\"2 sur 3\"><figure class=\"swiper-slide-inner\"><img decoding=\"async\" class=\"swiper-slide-image\" src=\"https:\/\/www.ifi-id.com\/wp-content\/uploads\/2022\/09\/A-labordage_0001_ALABORDAGE_snapshot_etaloDEF_09_\u00a9-2020-A-LABORDAGE-GEKO-FILMS-ARTE-FILMS-THE-PARTY-FILM-SALES.jpg\" alt=\"A l&#039;abordage_0001_ALABORDAGE_snapshot_etaloDEF_09_\u00a9 2020 - A L&#039;ABORDAGE - GEKO FILMS ARTE FILMS - THE PARTY FILM SALES\" \/><\/figure><\/div><div class=\"swiper-slide\" role=\"group\" aria-roledescription=\"slide\" aria-label=\"3 sur 3\"><figure class=\"swiper-slide-inner\"><img decoding=\"async\" class=\"swiper-slide-image\" src=\"https:\/\/www.ifi-id.com\/wp-content\/uploads\/2022\/09\/A-labordage_0002_ALABORDAGE_snapshot_etaloDEF_12_\u00a9-2020-A-LABORDAGE-GEKO-FILMS-ARTE-FILMS-THE-PARTY-FILM-SALES.jpg\" alt=\"A l&#039;abordage_0002_ALABORDAGE_snapshot_etaloDEF_12_\u00a9 2020 - A L&#039;ABORDAGE - GEKO FILMS ARTE FILMS - THE PARTY FILM SALES\" \/><\/figure><\/div>\t\t\t<\/div>\n\t\t\t\t\t\t\t\t\t\t\t\t<div class=\"elementor-swiper-button elementor-swiper-button-prev\" role=\"button\" tabindex=\"0\">\n\t\t\t\t\t\t<i aria-hidden=\"true\" class=\"eicon-chevron-left\"><\/i>\t\t\t\t\t<\/div>\n\t\t\t\t\t<div class=\"elementor-swiper-button elementor-swiper-button-next\" role=\"button\" tabindex=\"0\">\n\t\t\t\t\t\t<i aria-hidden=\"true\" class=\"eicon-chevron-right\"><\/i>\t\t\t\t\t<\/div>\n\t\t\t\t\n\t\t\t\t\t\t\t\t\t<div class=\"swiper-pagination\"><\/div>\n\t\t\t\t\t\t\t\t\t<\/div>\n\t\t\t\t<\/div>\n\t\t\t\t<\/div>\n\t\t\t\t\t<\/div>\n\t\t<\/div>\n\t\t\t\t\t<\/div>\n\t\t<\/section>\n\t\t\t\t<section class=\"elementor-section elementor-top-section elementor-element elementor-element-1d4d17fb elementor-section-boxed elementor-section-height-default elementor-section-height-default\" data-id=\"1d4d17fb\" data-element_type=\"section\">\n\t\t\t\t\t\t<div class=\"elementor-container elementor-column-gap-default\">\n\t\t\t\t\t<div class=\"elementor-column elementor-col-100 elementor-top-column elementor-element elementor-element-58cb76ab\" data-id=\"58cb76ab\" data-element_type=\"column\">\n\t\t\t<div class=\"elementor-widget-wrap elementor-element-populated\">\n\t\t\t\t\t\t<div class=\"elementor-element elementor-element-3efb4892 elementor-widget elementor-widget-text-editor\" data-id=\"3efb4892\" data-element_type=\"widget\" data-widget_type=\"text-editor.default\">\n\t\t\t\t<div class=\"elementor-widget-container\">\n\t\t\t\t\t\t\t<h4>Guillaume Brac | 2020 | 95\u2019 | Drame, Com\u00e9die | Fran\u00e7ais avec sous-titre indon\u00e9sien<br \/>\nEric Nantchouang, Salif Ciss\u00e9, \u00c9douard Sulpice<\/h4>\n<p>Petualangan tiga pria eksentrik dalam perjalanan dadakan ke pedesaan Prancis demi misi romantis yang sembrono.<\/p>\n<p><span style=\"font-weight: 400;\"><b>R\u00e9compenses<\/b><strong style=\"font-weight: 400;\">\u00a0<\/strong><br \/>\nBerlin International Film Festival 2020, Winner FIPRESCI Prize &#8211; Honorable Mention: Panorama<br \/>\n<\/span><span style=\"font-weight: 400;\">Cabourg Romantic Film Festival 2020, Winner Grand Prix: Best Film<br \/>\n<\/span><span style=\"font-weight: 400;\">La Roche-sur-Yon International Film Festival 2020, Winner Trajectoires Award<\/span><\/p>\n<p><strong>Programme<br \/>\n<\/strong><strong>vendredi, 7 octobre 2022<br \/>\n<\/strong><span style=\"font-weight: 400;\">Denpasar | Mash Denpasar | 19h30<br \/>\n<\/span><span style=\"font-weight: 400;\">Pontianak | Universitas Tanjungpura | 16h<\/span><\/p>\n<p><strong>samedi, 8 octobre 2022<br \/>\n<\/strong><span style=\"font-weight: 400;\">Jakarta | IFI Thamrin | 12h<\/span><\/p>\n<p><strong>dimanche, 9 octobre 2022<br \/>\n<\/strong><span style=\"font-weight: 400;\">Jakarta | IFI Wijaya | 10h30<br \/>\n<\/span><span style=\"font-weight: 400;\">Yogyakarta | JNM Bloc | 19h<\/span><\/p>\n<p><strong>lundi, 10 octobre 2022<br \/>\n<\/strong><span style=\"font-weight: 400;\">Jakarta | IFI Wijaya | 13h30<\/span><\/p>\n<p><strong>mardi, 11 octobre 2022<br \/>\n<\/strong><span style=\"font-weight: 400;\">Makassar | Universitas Hasanuddin | 15h<\/span><\/p>\n<p><strong>mercredi, 12 octobre 2022<br \/>\n<\/strong><span style=\"font-weight: 400;\">Ambon | Universitas Pattimura | 16h<br \/>\n<\/span><span style=\"font-weight: 400;\">Samarinda | Universitas Mulawarman | 14h<\/span><\/p>\n\t\t\t\t\t\t<\/div>\n\t\t\t\t<\/div>\n\t\t\t\t\t<\/div>\n\t\t<\/div>\n\t\t\t\t\t<\/div>\n\t\t<\/section>\n\t\t\t\t<section class=\"elementor-section elementor-top-section elementor-element elementor-element-5e5cb48f elementor-section-boxed elementor-section-height-default elementor-section-height-default\" data-id=\"5e5cb48f\" data-element_type=\"section\">\n\t\t\t\t\t\t<div class=\"elementor-container elementor-column-gap-default\">\n\t\t\t\t\t<div class=\"elementor-column elementor-col-100 elementor-top-column elementor-element elementor-element-2d708193\" data-id=\"2d708193\" data-element_type=\"column\">\n\t\t\t<div class=\"elementor-widget-wrap elementor-element-populated\">\n\t\t\t\t\t\t<div class=\"elementor-element elementor-element-5c339d49 elementor-widget elementor-widget-video\" data-id=\"5c339d49\" data-element_type=\"widget\" data-settings=\"{&quot;youtube_url&quot;:&quot;https:\\\/\\\/www.youtube.com\\\/watch?v=8w7DVP3Hzs8&amp;t=2s&quot;,&quot;video_type&quot;:&quot;youtube&quot;,&quot;controls&quot;:&quot;yes&quot;}\" data-widget_type=\"video.default\">\n\t\t\t\t<div class=\"elementor-widget-container\">\n\t\t\t\t\t<div class=\"elementor-wrapper elementor-open-inline\">\n\t\t\t<div class=\"elementor-video\"><\/div>\t\t<\/div>\n\t\t\t\t<\/div>\n\t\t\t\t<\/div>\n\t\t\t\t\t<\/div>\n\t\t<\/div>\n\t\t\t\t\t<\/div>\n\t\t<\/section>\n\t\t\t\t<section class=\"elementor-section elementor-top-section elementor-element elementor-element-f1858fa elementor-section-boxed elementor-section-height-default elementor-section-height-default\" data-id=\"f1858fa\" data-element_type=\"section\">\n\t\t\t\t\t\t<div class=\"elementor-container elementor-column-gap-default\">\n\t\t\t\t\t<div class=\"elementor-column elementor-col-100 elementor-top-column elementor-element elementor-element-51ffeb2c\" data-id=\"51ffeb2c\" data-element_type=\"column\">\n\t\t\t<div class=\"elementor-widget-wrap elementor-element-populated\">\n\t\t\t\t\t\t<div class=\"elementor-element elementor-element-51abe62d elementor-align-center elementor-widget elementor-widget-button\" data-id=\"51abe62d\" data-element_type=\"widget\" data-widget_type=\"button.default\">\n\t\t\t\t<div class=\"elementor-widget-container\">\n\t\t\t\t\t<div class=\"elementor-button-wrapper\">\n\t\t\t<a class=\"elementor-button elementor-button-link elementor-size-sm\" href=\"https:\/\/www.ifi-id.com\/fr\/festival-du-cinema-francais-2022-film\">\n\t\t\t\t\t\t<span class=\"elementor-button-content-wrapper\">\n\t\t\t\t\t\t<span class=\"elementor-button-icon\">\n\t\t\t\t<i aria-hidden=\"true\" class=\"fas fa-backward\"><\/i>\t\t\t<\/span>\n\t\t\t\t\t\t\t\t\t<span class=\"elementor-button-text\">Retour \u00e0 la liste des films<\/span>\n\t\t\t\t\t<\/span>\n\t\t\t\t\t<\/a>\n\t\t<\/div>\n\t\t\t\t<\/div>\n\t\t\t\t<\/div>\n\t\t\t\t\t<\/div>\n\t\t<\/div>\n\t\t\t\t\t<\/div>\n\t\t<\/section>\n\t\t\t\t<\/div>\n\t\t","protected":false},"excerpt":{"rendered":"<p>\u00c0 l\u2019abordage Previous Next Guillaume Brac | 2020 | 95\u2019 | Drame, Com\u00e9die | Fran\u00e7ais avec sous-titre indon\u00e9sien Eric Nantchouang, Salif Ciss\u00e9, \u00c9douard Sulpice Petualangan tiga pria eksentrik dalam perjalanan dadakan ke pedesaan Prancis demi misi romantis yang sembrono. R\u00e9compenses\u00a0 Berlin International Film Festival 2020, Winner FIPRESCI Prize &#8211; Honorable Mention: Panorama Cabourg Romantic Film &hellip; <\/p>\n<p class=\"link-more\"><a href=\"https:\/\/www.ifi-id.com\/fr\/fsp22-film-a-labordage\/\" class=\"more-link\">Continuer la lecture<span class=\"screen-reader-text\"> de &laquo;&nbsp;\u00c0 l\u2019abordage &#8211; Festival du Cin\u00e9ma Fran\u00e7ais 2022&nbsp;&raquo;<\/span><\/a><\/p>\n","protected":false},"author":8,"featured_media":28105,"parent":0,"menu_order":0,"comment_status":"closed","ping_status":"closed","template":"elementor_header_footer","meta":{"footnotes":""},"class_list":["post-28118","page","type-page","status-publish","has-post-thumbnail","hentry"],"yoast_head":"<!-- This site is optimized with the Yoast SEO plugin v23.5 - https:\/\/yoast.com\/wordpress\/plugins\/seo\/ -->\n<title>\u00c0 l\u2019abordage - Festival du Cin\u00e9ma Fran\u00e7ais 2022 - Institut fran\u00e7ais Indon\u00e9sie<\/title>\n<meta name=\"robots\" content=\"index, follow, max-snippet:-1, max-image-preview:large, max-video-preview:-1\" \/>\n<link rel=\"canonical\" href=\"https:\/\/www.ifi-id.com\/fr\/fsp22-film-a-labordage\/\" \/>\n<meta property=\"og:locale\" content=\"fr_FR\" \/>\n<meta property=\"og:type\" content=\"article\" \/>\n<meta property=\"og:title\" content=\"\u00c0 l\u2019abordage - Festival du Cin\u00e9ma Fran\u00e7ais 2022\" \/>\n<meta property=\"og:description\" content=\"Ce film suit les aventures de trois hommes excentriques lors d&#039;un voyage improvis\u00e9 dans la campagne fran\u00e7aise \u00e0 la poursuite d\u2019une insouciante mission sentimentale.\" \/>\n<meta property=\"og:url\" content=\"https:\/\/www.ifi-id.com\/fr\/fsp22-film-a-labordage\/\" \/>\n<meta property=\"og:site_name\" content=\"Institut fran\u00e7ais Indon\u00e9sie\" \/>\n<meta property=\"article:modified_time\" content=\"2022-10-11T10:58:20+00:00\" \/>\n<meta property=\"og:image\" content=\"https:\/\/www.ifi-id.com\/wp-content\/uploads\/2022\/09\/A-labordage_0000_ALABORDAGE_snapshot_etaloDEF_10_\u00a9-2020-A-LABORDAGE-GEKO-FILMS-ARTE-FILMS-THE-PARTY-FILM-SALES.jpg\" \/>\n<meta name=\"twitter:card\" content=\"summary_large_image\" \/>\n<meta name=\"twitter:title\" content=\"\u00c0 l\u2019abordage - Festival du Cin\u00e9ma Fran\u00e7ais 2022\" \/>\n<meta name=\"twitter:description\" content=\"Ce film suit les aventures de trois hommes excentriques lors d&#039;un voyage improvis\u00e9 dans la campagne fran\u00e7aise \u00e0 la poursuite d\u2019une insouciante mission sentimentale.\" \/>\n<meta name=\"twitter:image\" content=\"https:\/\/www.ifi-id.com\/wp-content\/uploads\/2022\/09\/A-labordage_0000_ALABORDAGE_snapshot_etaloDEF_10_\u00a9-2020-A-LABORDAGE-GEKO-FILMS-ARTE-FILMS-THE-PARTY-FILM-SALES-1024x576.jpg\" \/>\n<meta name=\"twitter:label1\" content=\"Dur\u00e9e de lecture estim\u00e9e\" \/>\n\t<meta name=\"twitter:data1\" content=\"1 minute\" \/>\n<script type=\"application\/ld+json\" class=\"yoast-schema-graph\">{\"@context\":\"https:\/\/schema.org\",\"@graph\":[{\"@type\":\"WebPage\",\"@id\":\"https:\/\/www.ifi-id.com\/fr\/fsp22-film-a-labordage\/\",\"url\":\"https:\/\/www.ifi-id.com\/fr\/fsp22-film-a-labordage\/\",\"name\":\"\u00c0 l\u2019abordage - Festival du Cin\u00e9ma Fran\u00e7ais 2022 - Institut fran\u00e7ais Indon\u00e9sie\",\"isPartOf\":{\"@id\":\"https:\/\/www.ifi-id.com\/#website\"},\"primaryImageOfPage\":{\"@id\":\"https:\/\/www.ifi-id.com\/fr\/fsp22-film-a-labordage\/#primaryimage\"},\"image\":{\"@id\":\"https:\/\/www.ifi-id.com\/fr\/fsp22-film-a-labordage\/#primaryimage\"},\"thumbnailUrl\":\"https:\/\/www.ifi-id.com\/wp-content\/uploads\/2022\/09\/A-labordage_0000_ALABORDAGE_snapshot_etaloDEF_10_\u00a9-2020-A-LABORDAGE-GEKO-FILMS-ARTE-FILMS-THE-PARTY-FILM-SALES.jpg\",\"datePublished\":\"2022-09-16T08:51:18+00:00\",\"dateModified\":\"2022-10-11T10:58:20+00:00\",\"breadcrumb\":{\"@id\":\"https:\/\/www.ifi-id.com\/fr\/fsp22-film-a-labordage\/#breadcrumb\"},\"inLanguage\":\"fr-FR\",\"potentialAction\":[{\"@type\":\"ReadAction\",\"target\":[\"https:\/\/www.ifi-id.com\/fr\/fsp22-film-a-labordage\/\"]}]},{\"@type\":\"ImageObject\",\"inLanguage\":\"fr-FR\",\"@id\":\"https:\/\/www.ifi-id.com\/fr\/fsp22-film-a-labordage\/#primaryimage\",\"url\":\"https:\/\/www.ifi-id.com\/wp-content\/uploads\/2022\/09\/A-labordage_0000_ALABORDAGE_snapshot_etaloDEF_10_\u00a9-2020-A-LABORDAGE-GEKO-FILMS-ARTE-FILMS-THE-PARTY-FILM-SALES.jpg\",\"contentUrl\":\"https:\/\/www.ifi-id.com\/wp-content\/uploads\/2022\/09\/A-labordage_0000_ALABORDAGE_snapshot_etaloDEF_10_\u00a9-2020-A-LABORDAGE-GEKO-FILMS-ARTE-FILMS-THE-PARTY-FILM-SALES.jpg\",\"width\":1280,\"height\":720},{\"@type\":\"BreadcrumbList\",\"@id\":\"https:\/\/www.ifi-id.com\/fr\/fsp22-film-a-labordage\/#breadcrumb\",\"itemListElement\":[{\"@type\":\"ListItem\",\"position\":1,\"name\":\"Home\",\"item\":\"https:\/\/www.ifi-id.com\/\"},{\"@type\":\"ListItem\",\"position\":2,\"name\":\"\u00c0 l\u2019abordage &#8211; Festival du Cin\u00e9ma Fran\u00e7ais 2022\"}]},{\"@type\":\"WebSite\",\"@id\":\"https:\/\/www.ifi-id.com\/#website\",\"url\":\"https:\/\/www.ifi-id.com\/\",\"name\":\"Institut fran\u00e7ais Indon\u00e9sie\",\"description\":\"\",\"publisher\":{\"@id\":\"https:\/\/www.ifi-id.com\/#organization\"},\"potentialAction\":[{\"@type\":\"SearchAction\",\"target\":{\"@type\":\"EntryPoint\",\"urlTemplate\":\"https:\/\/www.ifi-id.com\/?s={search_term_string}\"},\"query-input\":{\"@type\":\"PropertyValueSpecification\",\"valueRequired\":true,\"valueName\":\"search_term_string\"}}],\"inLanguage\":\"fr-FR\"},{\"@type\":\"Organization\",\"@id\":\"https:\/\/www.ifi-id.com\/#organization\",\"name\":\"Institut fran\u00e7ais Indon\u00e9sie\",\"url\":\"https:\/\/www.ifi-id.com\/\",\"logo\":{\"@type\":\"ImageObject\",\"inLanguage\":\"fr-FR\",\"@id\":\"https:\/\/www.ifi-id.com\/#\/schema\/logo\/image\/\",\"url\":\"https:\/\/www.ifi-id.com\/wp-content\/uploads\/2022\/12\/IFI_New_Logo.jpg\",\"contentUrl\":\"https:\/\/www.ifi-id.com\/wp-content\/uploads\/2022\/12\/IFI_New_Logo.jpg\",\"width\":666,\"height\":444,\"caption\":\"Institut fran\u00e7ais Indon\u00e9sie\"},\"image\":{\"@id\":\"https:\/\/www.ifi-id.com\/#\/schema\/logo\/image\/\"}}]}<\/script>\n<!-- \/ Yoast SEO plugin. -->","yoast_head_json":{"title":"\u00c0 l\u2019abordage - Festival du Cin\u00e9ma Fran\u00e7ais 2022 - Institut fran\u00e7ais Indon\u00e9sie","robots":{"index":"index","follow":"follow","max-snippet":"max-snippet:-1","max-image-preview":"max-image-preview:large","max-video-preview":"max-video-preview:-1"},"canonical":"https:\/\/www.ifi-id.com\/fr\/fsp22-film-a-labordage\/","og_locale":"fr_FR","og_type":"article","og_title":"\u00c0 l\u2019abordage - Festival du Cin\u00e9ma Fran\u00e7ais 2022","og_description":"Ce film suit les aventures de trois hommes excentriques lors d'un voyage improvis\u00e9 dans la campagne fran\u00e7aise \u00e0 la poursuite d\u2019une insouciante mission sentimentale.","og_url":"https:\/\/www.ifi-id.com\/fr\/fsp22-film-a-labordage\/","og_site_name":"Institut fran\u00e7ais Indon\u00e9sie","article_modified_time":"2022-10-11T10:58:20+00:00","og_image":[{"url":"https:\/\/www.ifi-id.com\/wp-content\/uploads\/2022\/09\/A-labordage_0000_ALABORDAGE_snapshot_etaloDEF_10_\u00a9-2020-A-LABORDAGE-GEKO-FILMS-ARTE-FILMS-THE-PARTY-FILM-SALES.jpg"}],"twitter_card":"summary_large_image","twitter_title":"\u00c0 l\u2019abordage - Festival du Cin\u00e9ma Fran\u00e7ais 2022","twitter_description":"Ce film suit les aventures de trois hommes excentriques lors d'un voyage improvis\u00e9 dans la campagne fran\u00e7aise \u00e0 la poursuite d\u2019une insouciante mission sentimentale.","twitter_image":"https:\/\/www.ifi-id.com\/wp-content\/uploads\/2022\/09\/A-labordage_0000_ALABORDAGE_snapshot_etaloDEF_10_\u00a9-2020-A-LABORDAGE-GEKO-FILMS-ARTE-FILMS-THE-PARTY-FILM-SALES-1024x576.jpg","twitter_misc":{"Dur\u00e9e de lecture estim\u00e9e":"1 minute"},"schema":{"@context":"https:\/\/schema.org","@graph":[{"@type":"WebPage","@id":"https:\/\/www.ifi-id.com\/fr\/fsp22-film-a-labordage\/","url":"https:\/\/www.ifi-id.com\/fr\/fsp22-film-a-labordage\/","name":"\u00c0 l\u2019abordage - Festival du Cin\u00e9ma Fran\u00e7ais 2022 - Institut fran\u00e7ais Indon\u00e9sie","isPartOf":{"@id":"https:\/\/www.ifi-id.com\/#website"},"primaryImageOfPage":{"@id":"https:\/\/www.ifi-id.com\/fr\/fsp22-film-a-labordage\/#primaryimage"},"image":{"@id":"https:\/\/www.ifi-id.com\/fr\/fsp22-film-a-labordage\/#primaryimage"},"thumbnailUrl":"https:\/\/www.ifi-id.com\/wp-content\/uploads\/2022\/09\/A-labordage_0000_ALABORDAGE_snapshot_etaloDEF_10_\u00a9-2020-A-LABORDAGE-GEKO-FILMS-ARTE-FILMS-THE-PARTY-FILM-SALES.jpg","datePublished":"2022-09-16T08:51:18+00:00","dateModified":"2022-10-11T10:58:20+00:00","breadcrumb":{"@id":"https:\/\/www.ifi-id.com\/fr\/fsp22-film-a-labordage\/#breadcrumb"},"inLanguage":"fr-FR","potentialAction":[{"@type":"ReadAction","target":["https:\/\/www.ifi-id.com\/fr\/fsp22-film-a-labordage\/"]}]},{"@type":"ImageObject","inLanguage":"fr-FR","@id":"https:\/\/www.ifi-id.com\/fr\/fsp22-film-a-labordage\/#primaryimage","url":"https:\/\/www.ifi-id.com\/wp-content\/uploads\/2022\/09\/A-labordage_0000_ALABORDAGE_snapshot_etaloDEF_10_\u00a9-2020-A-LABORDAGE-GEKO-FILMS-ARTE-FILMS-THE-PARTY-FILM-SALES.jpg","contentUrl":"https:\/\/www.ifi-id.com\/wp-content\/uploads\/2022\/09\/A-labordage_0000_ALABORDAGE_snapshot_etaloDEF_10_\u00a9-2020-A-LABORDAGE-GEKO-FILMS-ARTE-FILMS-THE-PARTY-FILM-SALES.jpg","width":1280,"height":720},{"@type":"BreadcrumbList","@id":"https:\/\/www.ifi-id.com\/fr\/fsp22-film-a-labordage\/#breadcrumb","itemListElement":[{"@type":"ListItem","position":1,"name":"Home","item":"https:\/\/www.ifi-id.com\/"},{"@type":"ListItem","position":2,"name":"\u00c0 l\u2019abordage &#8211; Festival du Cin\u00e9ma Fran\u00e7ais 2022"}]},{"@type":"WebSite","@id":"https:\/\/www.ifi-id.com\/#website","url":"https:\/\/www.ifi-id.com\/","name":"Institut fran\u00e7ais Indon\u00e9sie","description":"","publisher":{"@id":"https:\/\/www.ifi-id.com\/#organization"},"potentialAction":[{"@type":"SearchAction","target":{"@type":"EntryPoint","urlTemplate":"https:\/\/www.ifi-id.com\/?s={search_term_string}"},"query-input":{"@type":"PropertyValueSpecification","valueRequired":true,"valueName":"search_term_string"}}],"inLanguage":"fr-FR"},{"@type":"Organization","@id":"https:\/\/www.ifi-id.com\/#organization","name":"Institut fran\u00e7ais Indon\u00e9sie","url":"https:\/\/www.ifi-id.com\/","logo":{"@type":"ImageObject","inLanguage":"fr-FR","@id":"https:\/\/www.ifi-id.com\/#\/schema\/logo\/image\/","url":"https:\/\/www.ifi-id.com\/wp-content\/uploads\/2022\/12\/IFI_New_Logo.jpg","contentUrl":"https:\/\/www.ifi-id.com\/wp-content\/uploads\/2022\/12\/IFI_New_Logo.jpg","width":666,"height":444,"caption":"Institut fran\u00e7ais Indon\u00e9sie"},"image":{"@id":"https:\/\/www.ifi-id.com\/#\/schema\/logo\/image\/"}}]}},"post_mailing_queue_ids":[],"_links":{"self":[{"href":"https:\/\/www.ifi-id.com\/fr\/wp-json\/wp\/v2\/pages\/28118"}],"collection":[{"href":"https:\/\/www.ifi-id.com\/fr\/wp-json\/wp\/v2\/pages"}],"about":[{"href":"https:\/\/www.ifi-id.com\/fr\/wp-json\/wp\/v2\/types\/page"}],"author":[{"embeddable":true,"href":"https:\/\/www.ifi-id.com\/fr\/wp-json\/wp\/v2\/users\/8"}],"replies":[{"embeddable":true,"href":"https:\/\/www.ifi-id.com\/fr\/wp-json\/wp\/v2\/comments?post=28118"}],"version-history":[{"count":7,"href":"https:\/\/www.ifi-id.com\/fr\/wp-json\/wp\/v2\/pages\/28118\/revisions"}],"predecessor-version":[{"id":29010,"href":"https:\/\/www.ifi-id.com\/fr\/wp-json\/wp\/v2\/pages\/28118\/revisions\/29010"}],"wp:featuredmedia":[{"embeddable":true,"href":"https:\/\/www.ifi-id.com\/fr\/wp-json\/wp\/v2\/media\/28105"}],"wp:attachment":[{"href":"https:\/\/www.ifi-id.com\/fr\/wp-json\/wp\/v2\/media?parent=28118"}],"curies":[{"name":"wp","href":"https:\/\/api.w.org\/{rel}","templated":true}]}}