{"id":22412,"date":"2022-03-18T19:20:47","date_gmt":"2022-03-18T12:20:47","guid":{"rendered":"https:\/\/www.ifi-id.com\/cours-en-ligne-pour-enfants-adolescents"},"modified":"2024-10-10T21:48:42","modified_gmt":"2024-10-10T14:48:42","slug":"cours-en-ligne-pour-enfants-adolescents","status":"publish","type":"page","link":"https:\/\/www.ifi-id.com\/fr\/cours-en-ligne-pour-enfants-adolescents\/","title":{"rendered":"Cours en ligne pour Enfants &#038; Adolescents"},"content":{"rendered":"\t\t<div data-elementor-type=\"wp-page\" data-elementor-id=\"22412\" class=\"elementor elementor-22412 elementor-22275\" data-elementor-post-type=\"page\">\n\t\t\t\t\t\t<section class=\"elementor-section elementor-top-section elementor-element elementor-element-c1e2e06 elementor-section-boxed elementor-section-height-default elementor-section-height-default\" data-id=\"c1e2e06\" data-element_type=\"section\">\n\t\t\t\t\t\t<div class=\"elementor-container elementor-column-gap-default\">\n\t\t\t\t\t<div class=\"elementor-column elementor-col-100 elementor-top-column elementor-element elementor-element-ddfc1ff\" data-id=\"ddfc1ff\" data-element_type=\"column\">\n\t\t\t<div class=\"elementor-widget-wrap elementor-element-populated\">\n\t\t\t\t\t\t<div class=\"elementor-element elementor-element-44e8a96 elementor-hidden-phone elementor-widget elementor-widget-heading\" data-id=\"44e8a96\" data-element_type=\"widget\" data-widget_type=\"heading.default\">\n\t\t\t\t<div class=\"elementor-widget-container\">\n\t\t\t<h2 class=\"elementor-heading-title elementor-size-default\">Cours en ligne pour Enfants &amp; Adolescents<\/h2>\t\t<\/div>\n\t\t\t\t<\/div>\n\t\t\t\t\t<\/div>\n\t\t<\/div>\n\t\t\t\t\t<\/div>\n\t\t<\/section>\n\t\t\t\t<section class=\"elementor-section elementor-top-section elementor-element elementor-element-13acd9a elementor-section-boxed elementor-section-height-default elementor-section-height-default\" data-id=\"13acd9a\" data-element_type=\"section\">\n\t\t\t\t\t\t<div class=\"elementor-container elementor-column-gap-default\">\n\t\t\t\t\t<div class=\"elementor-column elementor-col-100 elementor-top-column elementor-element elementor-element-12aed31\" data-id=\"12aed31\" data-element_type=\"column\">\n\t\t\t<div class=\"elementor-widget-wrap elementor-element-populated\">\n\t\t\t\t\t\t<div class=\"elementor-element elementor-element-d3c7104 elementor-hidden-desktop elementor-hidden-tablet elementor-widget elementor-widget-heading\" data-id=\"d3c7104\" data-element_type=\"widget\" data-widget_type=\"heading.default\">\n\t\t\t\t<div class=\"elementor-widget-container\">\n\t\t\t<h2 class=\"elementor-heading-title elementor-size-default\">Cours en ligne pour Enfants &amp; Adolescents<\/h2>\t\t<\/div>\n\t\t\t\t<\/div>\n\t\t\t\t\t<\/div>\n\t\t<\/div>\n\t\t\t\t\t<\/div>\n\t\t<\/section>\n\t\t\t\t<section class=\"elementor-section elementor-top-section elementor-element elementor-element-b16195b elementor-section-boxed elementor-section-height-default elementor-section-height-default\" data-id=\"b16195b\" data-element_type=\"section\">\n\t\t\t\t\t\t<div class=\"elementor-container elementor-column-gap-default\">\n\t\t\t\t\t<div class=\"elementor-column elementor-col-100 elementor-top-column elementor-element elementor-element-8b1282a\" data-id=\"8b1282a\" data-element_type=\"column\">\n\t\t\t<div class=\"elementor-widget-wrap elementor-element-populated\">\n\t\t\t\t\t\t<div class=\"elementor-element elementor-element-40f405a elementor-widget elementor-widget-image\" data-id=\"40f405a\" data-element_type=\"widget\" data-widget_type=\"image.default\">\n\t\t\t\t<div class=\"elementor-widget-container\">\n\t\t\t\t\t\t\t\t\t\t\t\t\t<img fetchpriority=\"high\" decoding=\"async\" width=\"1280\" height=\"720\" src=\"https:\/\/www.ifi-id.com\/wp-content\/uploads\/2023\/01\/Kids-Icon.png\" class=\"attachment-full size-full wp-image-31338\" alt=\"\" srcset=\"https:\/\/www.ifi-id.com\/wp-content\/uploads\/2023\/01\/Kids-Icon.png 1280w, https:\/\/www.ifi-id.com\/wp-content\/uploads\/2023\/01\/Kids-Icon-300x169.png 300w, https:\/\/www.ifi-id.com\/wp-content\/uploads\/2023\/01\/Kids-Icon-1024x576.png 1024w, https:\/\/www.ifi-id.com\/wp-content\/uploads\/2023\/01\/Kids-Icon-768x432.png 768w\" sizes=\"100vw\" \/>\t\t\t\t\t\t\t\t\t\t\t\t\t<\/div>\n\t\t\t\t<\/div>\n\t\t\t\t\t<\/div>\n\t\t<\/div>\n\t\t\t\t\t<\/div>\n\t\t<\/section>\n\t\t\t\t<section class=\"elementor-section elementor-top-section elementor-element elementor-element-095d4bf elementor-section-boxed elementor-section-height-default elementor-section-height-default\" data-id=\"095d4bf\" data-element_type=\"section\">\n\t\t\t\t\t\t<div class=\"elementor-container elementor-column-gap-default\">\n\t\t\t\t\t<div class=\"elementor-column elementor-col-100 elementor-top-column elementor-element elementor-element-cc5726a\" data-id=\"cc5726a\" data-element_type=\"column\">\n\t\t\t<div class=\"elementor-widget-wrap elementor-element-populated\">\n\t\t\t\t\t\t<div class=\"elementor-element elementor-element-ffd5b87 elementor-widget elementor-widget-text-editor\" data-id=\"ffd5b87\" data-element_type=\"widget\" data-widget_type=\"text-editor.default\">\n\t\t\t\t<div class=\"elementor-widget-container\">\n\t\t\t\t\t\t\t<p><span style=\"font-weight: 400;\">Les cours pour enfants s\u2019adressent aux \u00e9l\u00e8ves scolaris\u00e9s en \u00e9cole primaire (SD) tandis que les cours pour adolescents s\u2019adressent aux \u00e9l\u00e8ves scolaris\u00e9s en coll\u00e8ge (SMP).\u00a0<\/span><\/p>\n<p><span style=\"font-weight: 400;\">Pour vous inscrire, choisissez un centre IFI et un cours qui correspond \u00e0 vos besoins.<\/span><\/p>\n\t\t\t\t\t\t<\/div>\n\t\t\t\t<\/div>\n\t\t\t\t\t<\/div>\n\t\t<\/div>\n\t\t\t\t\t<\/div>\n\t\t<\/section>\n\t\t\t\t<section class=\"elementor-section elementor-top-section elementor-element elementor-element-5885e11 elementor-section-boxed elementor-section-height-default elementor-section-height-default\" data-id=\"5885e11\" data-element_type=\"section\">\n\t\t\t\t\t\t<div class=\"elementor-container elementor-column-gap-default\">\n\t\t\t\t\t<div class=\"elementor-column elementor-col-100 elementor-top-column elementor-element elementor-element-c7344c4\" data-id=\"c7344c4\" data-element_type=\"column\">\n\t\t\t<div class=\"elementor-widget-wrap elementor-element-populated\">\n\t\t\t\t\t\t<div class=\"elementor-element elementor-element-21eb361 elementor-widget elementor-widget-shortcode\" data-id=\"21eb361\" data-element_type=\"widget\" data-widget_type=\"shortcode.default\">\n\t\t\t\t<div class=\"elementor-widget-container\">\n\t\t\t\t\t<div class=\"elementor-shortcode\"><div class='kiosque-aec'><div\n data-module='classes'\n data-action='courses-catalog'\n data-param-etablishment-branch-id=''\n data-param-period-id=''\n data-param-classification-id='3|1'\n data-param-subject-id='3'\n data-param-class-type-id=''\n data-param-level-id=''\n data-param-learning-pace=''\n data-param-sidebar=''\n data-param-class-format-id=''\n data-param-localization=''\n data-param-show-filter-choices=''\n data-param-show-all-establishment='N'\n data-param-lang='fr_FR'><\/div><\/div><\/div>\n\t\t\t\t<\/div>\n\t\t\t\t<\/div>\n\t\t\t\t\t<\/div>\n\t\t<\/div>\n\t\t\t\t\t<\/div>\n\t\t<\/section>\n\t\t\t\t<section class=\"elementor-section elementor-top-section elementor-element elementor-element-c59b242 elementor-section-boxed elementor-section-height-default elementor-section-height-default\" data-id=\"c59b242\" data-element_type=\"section\">\n\t\t\t\t\t\t<div class=\"elementor-container elementor-column-gap-default\">\n\t\t\t\t\t<div class=\"elementor-column elementor-col-20 elementor-top-column elementor-element elementor-element-e02088a\" data-id=\"e02088a\" data-element_type=\"column\">\n\t\t\t<div class=\"elementor-widget-wrap elementor-element-populated\">\n\t\t\t\t\t\t<div class=\"elementor-element elementor-element-827ed70 elementor-widget elementor-widget-image\" data-id=\"827ed70\" data-element_type=\"widget\" data-widget_type=\"image.default\">\n\t\t\t\t<div class=\"elementor-widget-container\">\n\t\t\t\t\t\t\t\t\t\t\t\t\t\t<a href=\"https:\/\/www.ifi-id.com\/fr\/cours-en-ligne-pour-enfants-adolescents-bandung\">\n\t\t\t\t\t\t\t<img decoding=\"async\" width=\"127\" height=\"134\" src=\"https:\/\/www.ifi-id.com\/wp-content\/uploads\/2023\/01\/Bandung-Icon.png\" class=\"attachment-medium size-medium wp-image-31313\" alt=\"\" sizes=\"100vw\" \/>\t\t\t\t\t\t\t\t<\/a>\n\t\t\t\t\t\t\t\t\t\t\t\t\t<\/div>\n\t\t\t\t<\/div>\n\t\t\t\t<div class=\"elementor-element elementor-element-5158c77 elementor-widget elementor-widget-heading\" data-id=\"5158c77\" data-element_type=\"widget\" data-widget_type=\"heading.default\">\n\t\t\t\t<div class=\"elementor-widget-container\">\n\t\t\t<h2 class=\"elementor-heading-title elementor-size-default\"><a href=\"https:\/\/www.ifi-id.com\/fr\/cours-en-ligne-pour-enfants-adolescents-bandung\">Bandung<\/a><\/h2>\t\t<\/div>\n\t\t\t\t<\/div>\n\t\t\t\t\t<\/div>\n\t\t<\/div>\n\t\t\t\t<div class=\"elementor-column elementor-col-20 elementor-top-column elementor-element elementor-element-02035e2\" data-id=\"02035e2\" data-element_type=\"column\">\n\t\t\t<div class=\"elementor-widget-wrap elementor-element-populated\">\n\t\t\t\t\t\t<div class=\"elementor-element elementor-element-7413f98 elementor-widget elementor-widget-image\" data-id=\"7413f98\" data-element_type=\"widget\" data-widget_type=\"image.default\">\n\t\t\t\t<div class=\"elementor-widget-container\">\n\t\t\t\t\t\t\t\t\t\t\t\t\t\t<a href=\"https:\/\/www.ifi-id.com\/fr\/cours-en-ligne-pour-enfants-adolescents-thamrin\">\n\t\t\t\t\t\t\t<img decoding=\"async\" width=\"127\" height=\"134\" src=\"https:\/\/www.ifi-id.com\/wp-content\/uploads\/2023\/01\/Jakarta-Icon-1.png\" class=\"attachment-medium size-medium wp-image-31311\" alt=\"\" sizes=\"100vw\" \/>\t\t\t\t\t\t\t\t<\/a>\n\t\t\t\t\t\t\t\t\t\t\t\t\t<\/div>\n\t\t\t\t<\/div>\n\t\t\t\t<div class=\"elementor-element elementor-element-5a5952b elementor-widget elementor-widget-heading\" data-id=\"5a5952b\" data-element_type=\"widget\" data-widget_type=\"heading.default\">\n\t\t\t\t<div class=\"elementor-widget-container\">\n\t\t\t<h2 class=\"elementor-heading-title elementor-size-default\"><a href=\"https:\/\/www.ifi-id.com\/fr\/cours-en-ligne-pour-enfants-adolescents-thamrin\">Jakarta - Thamrin<\/a><\/h2>\t\t<\/div>\n\t\t\t\t<\/div>\n\t\t\t\t\t<\/div>\n\t\t<\/div>\n\t\t\t\t<div class=\"elementor-column elementor-col-20 elementor-top-column elementor-element elementor-element-a10c6d9\" data-id=\"a10c6d9\" data-element_type=\"column\">\n\t\t\t<div class=\"elementor-widget-wrap elementor-element-populated\">\n\t\t\t\t\t\t<div class=\"elementor-element elementor-element-a9301b0 elementor-widget elementor-widget-image\" data-id=\"a9301b0\" data-element_type=\"widget\" data-widget_type=\"image.default\">\n\t\t\t\t<div class=\"elementor-widget-container\">\n\t\t\t\t\t\t\t\t\t\t\t\t\t\t<a href=\"https:\/\/www.ifi-id.com\/fr\/cours-en-ligne-pour-enfants-adolescents-wijaya\">\n\t\t\t\t\t\t\t<img decoding=\"async\" width=\"127\" height=\"134\" src=\"https:\/\/www.ifi-id.com\/wp-content\/uploads\/2023\/01\/Jakarta-Icon-1.png\" class=\"attachment-medium size-medium wp-image-31311\" alt=\"\" sizes=\"100vw\" \/>\t\t\t\t\t\t\t\t<\/a>\n\t\t\t\t\t\t\t\t\t\t\t\t\t<\/div>\n\t\t\t\t<\/div>\n\t\t\t\t<div class=\"elementor-element elementor-element-fa2d3e3 elementor-widget elementor-widget-heading\" data-id=\"fa2d3e3\" data-element_type=\"widget\" data-widget_type=\"heading.default\">\n\t\t\t\t<div class=\"elementor-widget-container\">\n\t\t\t<h2 class=\"elementor-heading-title elementor-size-default\"><a href=\"https:\/\/www.ifi-id.com\/fr\/cours-en-ligne-pour-enfants-adolescents-wijaya\">Jakarta - Wijaya<\/a><\/h2>\t\t<\/div>\n\t\t\t\t<\/div>\n\t\t\t\t\t<\/div>\n\t\t<\/div>\n\t\t\t\t<div class=\"elementor-column elementor-col-20 elementor-top-column elementor-element elementor-element-7b7757a\" data-id=\"7b7757a\" data-element_type=\"column\">\n\t\t\t<div class=\"elementor-widget-wrap elementor-element-populated\">\n\t\t\t\t\t\t<div class=\"elementor-element elementor-element-aa76f41 elementor-widget elementor-widget-image\" data-id=\"aa76f41\" data-element_type=\"widget\" data-widget_type=\"image.default\">\n\t\t\t\t<div class=\"elementor-widget-container\">\n\t\t\t\t\t\t\t\t\t\t\t\t\t\t<a href=\"https:\/\/www.ifi-id.com\/fr\/cours-en-ligne-pour-enfants-adolescents-surabaya\">\n\t\t\t\t\t\t\t<img loading=\"lazy\" decoding=\"async\" width=\"127\" height=\"134\" src=\"https:\/\/www.ifi-id.com\/wp-content\/uploads\/2023\/01\/Surabaya-Icon.png\" class=\"attachment-medium size-medium wp-image-31315\" alt=\"\" sizes=\"100vw\" \/>\t\t\t\t\t\t\t\t<\/a>\n\t\t\t\t\t\t\t\t\t\t\t\t\t<\/div>\n\t\t\t\t<\/div>\n\t\t\t\t<div class=\"elementor-element elementor-element-3901498 elementor-widget elementor-widget-heading\" data-id=\"3901498\" data-element_type=\"widget\" data-widget_type=\"heading.default\">\n\t\t\t\t<div class=\"elementor-widget-container\">\n\t\t\t<h2 class=\"elementor-heading-title elementor-size-default\"><a href=\"https:\/\/www.ifi-id.com\/fr\/cours-en-ligne-pour-enfants-adolescents-surabaya\">Surabaya<\/a><\/h2>\t\t<\/div>\n\t\t\t\t<\/div>\n\t\t\t\t\t<\/div>\n\t\t<\/div>\n\t\t\t\t<div class=\"elementor-column elementor-col-20 elementor-top-column elementor-element elementor-element-1572ee0\" data-id=\"1572ee0\" data-element_type=\"column\">\n\t\t\t<div class=\"elementor-widget-wrap elementor-element-populated\">\n\t\t\t\t\t\t<div class=\"elementor-element elementor-element-fe76253 elementor-widget elementor-widget-image\" data-id=\"fe76253\" data-element_type=\"widget\" data-widget_type=\"image.default\">\n\t\t\t\t<div class=\"elementor-widget-container\">\n\t\t\t\t\t\t\t\t\t\t\t\t\t\t<a href=\"https:\/\/www.ifi-id.com\/fr\/cours-en-ligne-pour-enfants-adolescents-yogyakarta\">\n\t\t\t\t\t\t\t<img loading=\"lazy\" decoding=\"async\" width=\"127\" height=\"134\" src=\"https:\/\/www.ifi-id.com\/wp-content\/uploads\/2023\/01\/Yogyakarta-Icon.png\" class=\"attachment-medium size-medium wp-image-31317\" alt=\"\" sizes=\"100vw\" \/>\t\t\t\t\t\t\t\t<\/a>\n\t\t\t\t\t\t\t\t\t\t\t\t\t<\/div>\n\t\t\t\t<\/div>\n\t\t\t\t<div class=\"elementor-element elementor-element-59fbb23 elementor-widget elementor-widget-heading\" data-id=\"59fbb23\" data-element_type=\"widget\" data-widget_type=\"heading.default\">\n\t\t\t\t<div class=\"elementor-widget-container\">\n\t\t\t<h2 class=\"elementor-heading-title elementor-size-default\"><a href=\"https:\/\/www.ifi-id.com\/fr\/cours-en-ligne-pour-enfants-adolescents-yogyakarta\">Yogyakarta<\/a><\/h2>\t\t<\/div>\n\t\t\t\t<\/div>\n\t\t\t\t\t<\/div>\n\t\t<\/div>\n\t\t\t\t\t<\/div>\n\t\t<\/section>\n\t\t\t\t<\/div>\n\t\t","protected":false},"excerpt":{"rendered":"<p>Cours en ligne pour Enfants &amp; Adolescents Cours en ligne pour Enfants &amp; Adolescents Les cours pour enfants s\u2019adressent aux \u00e9l\u00e8ves scolaris\u00e9s en \u00e9cole primaire (SD) tandis que les cours pour adolescents s\u2019adressent aux \u00e9l\u00e8ves scolaris\u00e9s en coll\u00e8ge (SMP).\u00a0 Pour vous inscrire, choisissez un centre IFI et un cours qui correspond \u00e0 vos besoins. Bandung &hellip; <\/p>\n<p class=\"link-more\"><a href=\"https:\/\/www.ifi-id.com\/fr\/cours-en-ligne-pour-enfants-adolescents\/\" class=\"more-link\">Continuer la lecture<span class=\"screen-reader-text\"> de &laquo;&nbsp;Cours en ligne pour Enfants &#038; Adolescents&nbsp;&raquo;<\/span><\/a><\/p>\n","protected":false},"author":8,"featured_media":22176,"parent":0,"menu_order":0,"comment_status":"closed","ping_status":"closed","template":"elementor_header_footer","meta":{"footnotes":""},"class_list":["post-22412","page","type-page","status-publish","has-post-thumbnail","hentry"],"yoast_head":"<!-- This site is optimized with the Yoast SEO plugin v23.5 - https:\/\/yoast.com\/wordpress\/plugins\/seo\/ -->\n<title>Cours en ligne pour Enfants &amp; Adolescents - Institut fran\u00e7ais Indon\u00e9sie<\/title>\n<meta name=\"description\" content=\"Les cours pour enfants s\u2019adressent aux \u00e9l\u00e8ves scolaris\u00e9s en \u00e9cole primaire (SD) tandis que les cours pour adolescents s\u2019adressent aux \u00e9l\u00e8ves scolaris\u00e9s en coll\u00e8ge (SMP).\" \/>\n<meta name=\"robots\" content=\"index, follow, max-snippet:-1, max-image-preview:large, max-video-preview:-1\" \/>\n<link rel=\"canonical\" href=\"https:\/\/www.ifi-id.com\/fr\/cours-en-ligne-pour-enfants-adolescents\/\" \/>\n<meta property=\"og:locale\" content=\"fr_FR\" \/>\n<meta property=\"og:type\" content=\"article\" \/>\n<meta property=\"og:title\" content=\"Cours en ligne pour Enfants &amp; Adolescents\" \/>\n<meta property=\"og:description\" content=\"Les cours pour enfants s\u2019adressent aux \u00e9l\u00e8ves scolaris\u00e9s en \u00e9cole primaire (SD) tandis que les cours pour adolescents s\u2019adressent aux \u00e9l\u00e8ves scolaris\u00e9s en coll\u00e8ge (SMP).\" \/>\n<meta property=\"og:url\" content=\"https:\/\/www.ifi-id.com\/fr\/cours-en-ligne-pour-enfants-adolescents\/\" \/>\n<meta property=\"og:site_name\" content=\"Institut fran\u00e7ais Indon\u00e9sie\" \/>\n<meta property=\"article:modified_time\" content=\"2024-10-10T14:48:42+00:00\" \/>\n<meta property=\"og:image\" content=\"https:\/\/www.ifi-id.com\/wp-content\/uploads\/2022\/03\/Thumbnail_0004_icon-02.jpg\" \/>\n<meta name=\"twitter:card\" content=\"summary_large_image\" \/>\n<meta name=\"twitter:title\" content=\"Cours en ligne pour Enfants &amp; Adolescents\" \/>\n<meta name=\"twitter:description\" content=\"Les cours pour enfants s\u2019adressent aux \u00e9l\u00e8ves scolaris\u00e9s en \u00e9cole primaire (SD) tandis que les cours pour adolescents s\u2019adressent aux \u00e9l\u00e8ves scolaris\u00e9s en coll\u00e8ge (SMP).\" \/>\n<meta name=\"twitter:image\" content=\"https:\/\/www.ifi-id.com\/wp-content\/uploads\/2022\/03\/Thumbnail_0004_icon-02.jpg\" \/>\n<meta name=\"twitter:label1\" content=\"Dur\u00e9e de lecture estim\u00e9e\" \/>\n\t<meta name=\"twitter:data1\" content=\"2 minutes\" \/>\n<script type=\"application\/ld+json\" class=\"yoast-schema-graph\">{\"@context\":\"https:\/\/schema.org\",\"@graph\":[{\"@type\":\"WebPage\",\"@id\":\"https:\/\/www.ifi-id.com\/fr\/cours-en-ligne-pour-enfants-adolescents\/\",\"url\":\"https:\/\/www.ifi-id.com\/fr\/cours-en-ligne-pour-enfants-adolescents\/\",\"name\":\"Cours en ligne pour Enfants & Adolescents - Institut fran\u00e7ais Indon\u00e9sie\",\"isPartOf\":{\"@id\":\"https:\/\/www.ifi-id.com\/#website\"},\"primaryImageOfPage\":{\"@id\":\"https:\/\/www.ifi-id.com\/fr\/cours-en-ligne-pour-enfants-adolescents\/#primaryimage\"},\"image\":{\"@id\":\"https:\/\/www.ifi-id.com\/fr\/cours-en-ligne-pour-enfants-adolescents\/#primaryimage\"},\"thumbnailUrl\":\"https:\/\/www.ifi-id.com\/wp-content\/uploads\/2022\/03\/Thumbnail_0004_icon-02.jpg\",\"datePublished\":\"2022-03-18T12:20:47+00:00\",\"dateModified\":\"2024-10-10T14:48:42+00:00\",\"description\":\"Les cours pour enfants s\u2019adressent aux \u00e9l\u00e8ves scolaris\u00e9s en \u00e9cole primaire (SD) tandis que les cours pour adolescents s\u2019adressent aux \u00e9l\u00e8ves scolaris\u00e9s en coll\u00e8ge (SMP).\",\"breadcrumb\":{\"@id\":\"https:\/\/www.ifi-id.com\/fr\/cours-en-ligne-pour-enfants-adolescents\/#breadcrumb\"},\"inLanguage\":\"fr-FR\",\"potentialAction\":[{\"@type\":\"ReadAction\",\"target\":[\"https:\/\/www.ifi-id.com\/fr\/cours-en-ligne-pour-enfants-adolescents\/\"]}]},{\"@type\":\"ImageObject\",\"inLanguage\":\"fr-FR\",\"@id\":\"https:\/\/www.ifi-id.com\/fr\/cours-en-ligne-pour-enfants-adolescents\/#primaryimage\",\"url\":\"https:\/\/www.ifi-id.com\/wp-content\/uploads\/2022\/03\/Thumbnail_0004_icon-02.jpg\",\"contentUrl\":\"https:\/\/www.ifi-id.com\/wp-content\/uploads\/2022\/03\/Thumbnail_0004_icon-02.jpg\",\"width\":1280,\"height\":720},{\"@type\":\"BreadcrumbList\",\"@id\":\"https:\/\/www.ifi-id.com\/fr\/cours-en-ligne-pour-enfants-adolescents\/#breadcrumb\",\"itemListElement\":[{\"@type\":\"ListItem\",\"position\":1,\"name\":\"Home\",\"item\":\"https:\/\/www.ifi-id.com\/\"},{\"@type\":\"ListItem\",\"position\":2,\"name\":\"Cours en ligne pour Enfants &#038; Adolescents\"}]},{\"@type\":\"WebSite\",\"@id\":\"https:\/\/www.ifi-id.com\/#website\",\"url\":\"https:\/\/www.ifi-id.com\/\",\"name\":\"Institut fran\u00e7ais Indon\u00e9sie\",\"description\":\"\",\"publisher\":{\"@id\":\"https:\/\/www.ifi-id.com\/#organization\"},\"potentialAction\":[{\"@type\":\"SearchAction\",\"target\":{\"@type\":\"EntryPoint\",\"urlTemplate\":\"https:\/\/www.ifi-id.com\/?s={search_term_string}\"},\"query-input\":{\"@type\":\"PropertyValueSpecification\",\"valueRequired\":true,\"valueName\":\"search_term_string\"}}],\"inLanguage\":\"fr-FR\"},{\"@type\":\"Organization\",\"@id\":\"https:\/\/www.ifi-id.com\/#organization\",\"name\":\"Institut fran\u00e7ais Indon\u00e9sie\",\"url\":\"https:\/\/www.ifi-id.com\/\",\"logo\":{\"@type\":\"ImageObject\",\"inLanguage\":\"fr-FR\",\"@id\":\"https:\/\/www.ifi-id.com\/#\/schema\/logo\/image\/\",\"url\":\"https:\/\/www.ifi-id.com\/wp-content\/uploads\/2022\/12\/IFI_New_Logo.jpg\",\"contentUrl\":\"https:\/\/www.ifi-id.com\/wp-content\/uploads\/2022\/12\/IFI_New_Logo.jpg\",\"width\":666,\"height\":444,\"caption\":\"Institut fran\u00e7ais Indon\u00e9sie\"},\"image\":{\"@id\":\"https:\/\/www.ifi-id.com\/#\/schema\/logo\/image\/\"}}]}<\/script>\n<!-- \/ Yoast SEO plugin. -->","yoast_head_json":{"title":"Cours en ligne pour Enfants & Adolescents - Institut fran\u00e7ais Indon\u00e9sie","description":"Les cours pour enfants s\u2019adressent aux \u00e9l\u00e8ves scolaris\u00e9s en \u00e9cole primaire (SD) tandis que les cours pour adolescents s\u2019adressent aux \u00e9l\u00e8ves scolaris\u00e9s en coll\u00e8ge (SMP).","robots":{"index":"index","follow":"follow","max-snippet":"max-snippet:-1","max-image-preview":"max-image-preview:large","max-video-preview":"max-video-preview:-1"},"canonical":"https:\/\/www.ifi-id.com\/fr\/cours-en-ligne-pour-enfants-adolescents\/","og_locale":"fr_FR","og_type":"article","og_title":"Cours en ligne pour Enfants & Adolescents","og_description":"Les cours pour enfants s\u2019adressent aux \u00e9l\u00e8ves scolaris\u00e9s en \u00e9cole primaire (SD) tandis que les cours pour adolescents s\u2019adressent aux \u00e9l\u00e8ves scolaris\u00e9s en coll\u00e8ge (SMP).","og_url":"https:\/\/www.ifi-id.com\/fr\/cours-en-ligne-pour-enfants-adolescents\/","og_site_name":"Institut fran\u00e7ais Indon\u00e9sie","article_modified_time":"2024-10-10T14:48:42+00:00","og_image":[{"url":"https:\/\/www.ifi-id.com\/wp-content\/uploads\/2022\/03\/Thumbnail_0004_icon-02.jpg"}],"twitter_card":"summary_large_image","twitter_title":"Cours en ligne pour Enfants & Adolescents","twitter_description":"Les cours pour enfants s\u2019adressent aux \u00e9l\u00e8ves scolaris\u00e9s en \u00e9cole primaire (SD) tandis que les cours pour adolescents s\u2019adressent aux \u00e9l\u00e8ves scolaris\u00e9s en coll\u00e8ge (SMP).","twitter_image":"https:\/\/www.ifi-id.com\/wp-content\/uploads\/2022\/03\/Thumbnail_0004_icon-02.jpg","twitter_misc":{"Dur\u00e9e de lecture estim\u00e9e":"2 minutes"},"schema":{"@context":"https:\/\/schema.org","@graph":[{"@type":"WebPage","@id":"https:\/\/www.ifi-id.com\/fr\/cours-en-ligne-pour-enfants-adolescents\/","url":"https:\/\/www.ifi-id.com\/fr\/cours-en-ligne-pour-enfants-adolescents\/","name":"Cours en ligne pour Enfants & Adolescents - Institut fran\u00e7ais Indon\u00e9sie","isPartOf":{"@id":"https:\/\/www.ifi-id.com\/#website"},"primaryImageOfPage":{"@id":"https:\/\/www.ifi-id.com\/fr\/cours-en-ligne-pour-enfants-adolescents\/#primaryimage"},"image":{"@id":"https:\/\/www.ifi-id.com\/fr\/cours-en-ligne-pour-enfants-adolescents\/#primaryimage"},"thumbnailUrl":"https:\/\/www.ifi-id.com\/wp-content\/uploads\/2022\/03\/Thumbnail_0004_icon-02.jpg","datePublished":"2022-03-18T12:20:47+00:00","dateModified":"2024-10-10T14:48:42+00:00","description":"Les cours pour enfants s\u2019adressent aux \u00e9l\u00e8ves scolaris\u00e9s en \u00e9cole primaire (SD) tandis que les cours pour adolescents s\u2019adressent aux \u00e9l\u00e8ves scolaris\u00e9s en coll\u00e8ge (SMP).","breadcrumb":{"@id":"https:\/\/www.ifi-id.com\/fr\/cours-en-ligne-pour-enfants-adolescents\/#breadcrumb"},"inLanguage":"fr-FR","potentialAction":[{"@type":"ReadAction","target":["https:\/\/www.ifi-id.com\/fr\/cours-en-ligne-pour-enfants-adolescents\/"]}]},{"@type":"ImageObject","inLanguage":"fr-FR","@id":"https:\/\/www.ifi-id.com\/fr\/cours-en-ligne-pour-enfants-adolescents\/#primaryimage","url":"https:\/\/www.ifi-id.com\/wp-content\/uploads\/2022\/03\/Thumbnail_0004_icon-02.jpg","contentUrl":"https:\/\/www.ifi-id.com\/wp-content\/uploads\/2022\/03\/Thumbnail_0004_icon-02.jpg","width":1280,"height":720},{"@type":"BreadcrumbList","@id":"https:\/\/www.ifi-id.com\/fr\/cours-en-ligne-pour-enfants-adolescents\/#breadcrumb","itemListElement":[{"@type":"ListItem","position":1,"name":"Home","item":"https:\/\/www.ifi-id.com\/"},{"@type":"ListItem","position":2,"name":"Cours en ligne pour Enfants &#038; Adolescents"}]},{"@type":"WebSite","@id":"https:\/\/www.ifi-id.com\/#website","url":"https:\/\/www.ifi-id.com\/","name":"Institut fran\u00e7ais Indon\u00e9sie","description":"","publisher":{"@id":"https:\/\/www.ifi-id.com\/#organization"},"potentialAction":[{"@type":"SearchAction","target":{"@type":"EntryPoint","urlTemplate":"https:\/\/www.ifi-id.com\/?s={search_term_string}"},"query-input":{"@type":"PropertyValueSpecification","valueRequired":true,"valueName":"search_term_string"}}],"inLanguage":"fr-FR"},{"@type":"Organization","@id":"https:\/\/www.ifi-id.com\/#organization","name":"Institut fran\u00e7ais Indon\u00e9sie","url":"https:\/\/www.ifi-id.com\/","logo":{"@type":"ImageObject","inLanguage":"fr-FR","@id":"https:\/\/www.ifi-id.com\/#\/schema\/logo\/image\/","url":"https:\/\/www.ifi-id.com\/wp-content\/uploads\/2022\/12\/IFI_New_Logo.jpg","contentUrl":"https:\/\/www.ifi-id.com\/wp-content\/uploads\/2022\/12\/IFI_New_Logo.jpg","width":666,"height":444,"caption":"Institut fran\u00e7ais Indon\u00e9sie"},"image":{"@id":"https:\/\/www.ifi-id.com\/#\/schema\/logo\/image\/"}}]}},"post_mailing_queue_ids":[],"_links":{"self":[{"href":"https:\/\/www.ifi-id.com\/fr\/wp-json\/wp\/v2\/pages\/22412"}],"collection":[{"href":"https:\/\/www.ifi-id.com\/fr\/wp-json\/wp\/v2\/pages"}],"about":[{"href":"https:\/\/www.ifi-id.com\/fr\/wp-json\/wp\/v2\/types\/page"}],"author":[{"embeddable":true,"href":"https:\/\/www.ifi-id.com\/fr\/wp-json\/wp\/v2\/users\/8"}],"replies":[{"embeddable":true,"href":"https:\/\/www.ifi-id.com\/fr\/wp-json\/wp\/v2\/comments?post=22412"}],"version-history":[{"count":12,"href":"https:\/\/www.ifi-id.com\/fr\/wp-json\/wp\/v2\/pages\/22412\/revisions"}],"predecessor-version":[{"id":48310,"href":"https:\/\/www.ifi-id.com\/fr\/wp-json\/wp\/v2\/pages\/22412\/revisions\/48310"}],"wp:featuredmedia":[{"embeddable":true,"href":"https:\/\/www.ifi-id.com\/fr\/wp-json\/wp\/v2\/media\/22176"}],"wp:attachment":[{"href":"https:\/\/www.ifi-id.com\/fr\/wp-json\/wp\/v2\/media?parent=22412"}],"curies":[{"name":"wp","href":"https:\/\/api.w.org\/{rel}","templated":true}]}}