{"id":22393,"date":"2022-03-18T19:08:10","date_gmt":"2022-03-18T12:08:10","guid":{"rendered":"https:\/\/www.ifi-id.com\/cours-en-ligne-specialises-wijaya"},"modified":"2022-04-11T20:16:02","modified_gmt":"2022-04-11T13:16:02","slug":"cours-en-ligne-specialises-wijaya","status":"publish","type":"page","link":"https:\/\/www.ifi-id.com\/fr\/cours-en-ligne-specialises-wijaya\/","title":{"rendered":"Cours en ligne Sp\u00e9cialis\u00e9s &#8211; Wijaya"},"content":{"rendered":"\t\t<div data-elementor-type=\"wp-page\" data-elementor-id=\"22393\" class=\"elementor elementor-22393 elementor-22388\" data-elementor-post-type=\"page\">\n\t\t\t\t\t\t<section class=\"elementor-section elementor-top-section elementor-element elementor-element-c8b50fb elementor-section-boxed elementor-section-height-default elementor-section-height-default\" data-id=\"c8b50fb\" data-element_type=\"section\">\n\t\t\t\t\t\t<div class=\"elementor-container elementor-column-gap-default\">\n\t\t\t\t\t<div class=\"elementor-column elementor-col-100 elementor-top-column elementor-element elementor-element-c39c0c9\" data-id=\"c39c0c9\" data-element_type=\"column\">\n\t\t\t<div class=\"elementor-widget-wrap elementor-element-populated\">\n\t\t\t\t\t\t<div class=\"elementor-element elementor-element-d2c0d44 elementor-hidden-phone elementor-widget elementor-widget-heading\" data-id=\"d2c0d44\" data-element_type=\"widget\" data-widget_type=\"heading.default\">\n\t\t\t\t<div class=\"elementor-widget-container\">\n\t\t\t<h2 class=\"elementor-heading-title elementor-size-default\">Cours en ligne Sp\u00e9cialis\u00e9s - Wijaya<\/h2>\t\t<\/div>\n\t\t\t\t<\/div>\n\t\t\t\t\t<\/div>\n\t\t<\/div>\n\t\t\t\t\t<\/div>\n\t\t<\/section>\n\t\t\t\t<section class=\"elementor-section elementor-top-section elementor-element elementor-element-a190d46 elementor-section-boxed elementor-section-height-default elementor-section-height-default\" data-id=\"a190d46\" data-element_type=\"section\">\n\t\t\t\t\t\t<div class=\"elementor-container elementor-column-gap-default\">\n\t\t\t\t\t<div class=\"elementor-column elementor-col-100 elementor-top-column elementor-element elementor-element-93addd7\" data-id=\"93addd7\" data-element_type=\"column\">\n\t\t\t<div class=\"elementor-widget-wrap elementor-element-populated\">\n\t\t\t\t\t\t<div class=\"elementor-element elementor-element-28d03e7 elementor-hidden-desktop elementor-hidden-tablet elementor-widget elementor-widget-heading\" data-id=\"28d03e7\" data-element_type=\"widget\" data-widget_type=\"heading.default\">\n\t\t\t\t<div class=\"elementor-widget-container\">\n\t\t\t<h2 class=\"elementor-heading-title elementor-size-default\">Cours en ligne Sp\u00e9cialis\u00e9s - Wijaya<\/h2>\t\t<\/div>\n\t\t\t\t<\/div>\n\t\t\t\t\t<\/div>\n\t\t<\/div>\n\t\t\t\t\t<\/div>\n\t\t<\/section>\n\t\t\t\t<section class=\"elementor-section elementor-top-section elementor-element elementor-element-c3a1ff5 elementor-section-boxed elementor-section-height-default elementor-section-height-default\" data-id=\"c3a1ff5\" data-element_type=\"section\">\n\t\t\t\t\t\t<div class=\"elementor-container elementor-column-gap-default\">\n\t\t\t\t\t<div class=\"elementor-column elementor-col-100 elementor-top-column elementor-element elementor-element-68de343\" data-id=\"68de343\" data-element_type=\"column\">\n\t\t\t<div class=\"elementor-widget-wrap elementor-element-populated\">\n\t\t\t\t\t\t<div class=\"elementor-element elementor-element-f1d467f elementor-widget elementor-widget-text-editor\" data-id=\"f1d467f\" data-element_type=\"widget\" data-widget_type=\"text-editor.default\">\n\t\t\t\t<div class=\"elementor-widget-container\">\n\t\t\t\t\t\t\t<p><span style=\"font-weight: 400;\">Inscrivez-vous maintenant, selon votre niveau et vos horaires pr\u00e9f\u00e9r\u00e9s.<\/span><\/p>\n<p><span style=\"font-weight: 400;\">Vous avez besoin d\u2019aide ? Contactez-nous par WhatsApp.<\/span><\/p>\n\t\t\t\t\t\t<\/div>\n\t\t\t\t<\/div>\n\t\t\t\t\t<\/div>\n\t\t<\/div>\n\t\t\t\t\t<\/div>\n\t\t<\/section>\n\t\t\t\t<section class=\"elementor-section elementor-top-section elementor-element elementor-element-48f6050 elementor-section-boxed elementor-section-height-default elementor-section-height-default\" data-id=\"48f6050\" data-element_type=\"section\">\n\t\t\t\t\t\t<div class=\"elementor-container elementor-column-gap-default\">\n\t\t\t\t\t<div class=\"elementor-column elementor-col-100 elementor-top-column elementor-element elementor-element-11c6fbe\" data-id=\"11c6fbe\" data-element_type=\"column\">\n\t\t\t<div class=\"elementor-widget-wrap elementor-element-populated\">\n\t\t\t\t\t\t<div class=\"elementor-element elementor-element-83e32fb elementor-widget elementor-widget-heading\" data-id=\"83e32fb\" data-element_type=\"widget\" data-widget_type=\"heading.default\">\n\t\t\t\t<div class=\"elementor-widget-container\">\n\t\t\t<h2 class=\"elementor-heading-title elementor-size-default\">Inscription<\/h2>\t\t<\/div>\n\t\t\t\t<\/div>\n\t\t\t\t\t<\/div>\n\t\t<\/div>\n\t\t\t\t\t<\/div>\n\t\t<\/section>\n\t\t\t\t<section class=\"elementor-section elementor-top-section elementor-element elementor-element-bc53350 elementor-section-boxed elementor-section-height-default elementor-section-height-default\" data-id=\"bc53350\" data-element_type=\"section\">\n\t\t\t\t\t\t<div class=\"elementor-container elementor-column-gap-default\">\n\t\t\t\t\t<div class=\"elementor-column elementor-col-100 elementor-top-column elementor-element elementor-element-a19c6dd\" data-id=\"a19c6dd\" data-element_type=\"column\">\n\t\t\t<div class=\"elementor-widget-wrap elementor-element-populated\">\n\t\t\t\t\t\t<div class=\"elementor-element elementor-element-66a2d2f elementor-widget elementor-widget-shortcode\" data-id=\"66a2d2f\" data-element_type=\"widget\" data-widget_type=\"shortcode.default\">\n\t\t\t\t<div class=\"elementor-widget-container\">\n\t\t\t\t\t<div class=\"elementor-shortcode\"><div class='kiosque-aec'><div\n data-module='classes'\n data-action='courses-selection-tiles'\n data-param-etablishment-branch-id='2'\n data-param-period-id=''\n data-param-classification-id='2'\n data-param-subject-id='3'\n data-param-class-type-id='16|75|76|77|80|81|82|83|88|73'\n data-param-main-level=''\n data-param-levels-to-filter-by=''\n data-param-localization=''\n data-param-class-format-id=''\n data-param-show-filter-choices='1'\n data-param-lang='fr_FR'><\/div><\/div><\/div>\n\t\t\t\t<\/div>\n\t\t\t\t<\/div>\n\t\t\t\t\t<\/div>\n\t\t<\/div>\n\t\t\t\t\t<\/div>\n\t\t<\/section>\n\t\t\t\t<section class=\"elementor-section elementor-top-section elementor-element elementor-element-2b89250 elementor-section-boxed elementor-section-height-default elementor-section-height-default\" data-id=\"2b89250\" data-element_type=\"section\">\n\t\t\t\t\t\t<div class=\"elementor-container elementor-column-gap-default\">\n\t\t\t\t\t<div class=\"elementor-column elementor-col-100 elementor-top-column elementor-element elementor-element-c22b04f\" data-id=\"c22b04f\" data-element_type=\"column\">\n\t\t\t<div class=\"elementor-widget-wrap elementor-element-populated\">\n\t\t\t\t\t\t<div class=\"elementor-element elementor-element-10189e7 elementor-widget elementor-widget-heading\" data-id=\"10189e7\" data-element_type=\"widget\" data-widget_type=\"heading.default\">\n\t\t\t\t<div class=\"elementor-widget-container\">\n\t\t\t<h2 class=\"elementor-heading-title elementor-size-default\">Plus d'information<\/h2>\t\t<\/div>\n\t\t\t\t<\/div>\n\t\t\t\t\t<\/div>\n\t\t<\/div>\n\t\t\t\t\t<\/div>\n\t\t<\/section>\n\t\t\t\t<section class=\"elementor-section elementor-top-section elementor-element elementor-element-008c37a elementor-section-boxed elementor-section-height-default elementor-section-height-default\" data-id=\"008c37a\" data-element_type=\"section\">\n\t\t\t\t\t\t<div class=\"elementor-container elementor-column-gap-default\">\n\t\t\t\t\t<div class=\"elementor-column elementor-col-100 elementor-top-column elementor-element elementor-element-e321c35\" data-id=\"e321c35\" data-element_type=\"column\">\n\t\t\t<div class=\"elementor-widget-wrap elementor-element-populated\">\n\t\t\t\t\t\t<div class=\"elementor-element elementor-element-d15e52e elementor-align-left elementor-widget elementor-widget-button\" data-id=\"d15e52e\" data-element_type=\"widget\" data-widget_type=\"button.default\">\n\t\t\t\t<div class=\"elementor-widget-container\">\n\t\t\t\t\t<div class=\"elementor-button-wrapper\">\n\t\t\t<a class=\"elementor-button elementor-button-link elementor-size-md elementor-animation-grow\" href=\"https:\/\/wa.me\/62217247064\" target=\"_blank\">\n\t\t\t\t\t\t<span class=\"elementor-button-content-wrapper\">\n\t\t\t\t\t\t<span class=\"elementor-button-icon\">\n\t\t\t\t<i aria-hidden=\"true\" class=\"fab fa-whatsapp\"><\/i>\t\t\t<\/span>\n\t\t\t\t\t\t\t\t\t<span class=\"elementor-button-text\">WhatsApp (+62217247064)<\/span>\n\t\t\t\t\t<\/span>\n\t\t\t\t\t<\/a>\n\t\t<\/div>\n\t\t\t\t<\/div>\n\t\t\t\t<\/div>\n\t\t\t\t\t<\/div>\n\t\t<\/div>\n\t\t\t\t\t<\/div>\n\t\t<\/section>\n\t\t\t\t<section class=\"elementor-section elementor-top-section elementor-element elementor-element-7f4524d elementor-section-boxed elementor-section-height-default elementor-section-height-default\" data-id=\"7f4524d\" data-element_type=\"section\">\n\t\t\t\t\t\t<div class=\"elementor-container elementor-column-gap-default\">\n\t\t\t\t\t<div class=\"elementor-column elementor-col-100 elementor-top-column elementor-element elementor-element-72600c3\" data-id=\"72600c3\" data-element_type=\"column\">\n\t\t\t<div class=\"elementor-widget-wrap elementor-element-populated\">\n\t\t\t\t\t\t<div class=\"elementor-element elementor-element-242d62d elementor-widget elementor-widget-text-editor\" data-id=\"242d62d\" data-element_type=\"widget\" data-widget_type=\"text-editor.default\">\n\t\t\t\t<div class=\"elementor-widget-container\">\n\t\t\t\t\t\t\t<p><strong>Horaires de permanence WhatsApp : du lundi au samedi, de 09h00 \u00e0 16h00<\/strong><\/p>\n\t\t\t\t\t\t<\/div>\n\t\t\t\t<\/div>\n\t\t\t\t\t<\/div>\n\t\t<\/div>\n\t\t\t\t\t<\/div>\n\t\t<\/section>\n\t\t\t\t<\/div>\n\t\t","protected":false},"excerpt":{"rendered":"<p>Cours en ligne Sp\u00e9cialis\u00e9s &#8211; Wijaya Cours en ligne Sp\u00e9cialis\u00e9s &#8211; Wijaya Inscrivez-vous maintenant, selon votre niveau et vos horaires pr\u00e9f\u00e9r\u00e9s. Vous avez besoin d\u2019aide ? Contactez-nous par WhatsApp. Inscription Plus d&rsquo;information WhatsApp (+62217247064) Horaires de permanence WhatsApp : du lundi au samedi, de 09h00 \u00e0 16h00<\/p>\n","protected":false},"author":8,"featured_media":0,"parent":0,"menu_order":0,"comment_status":"closed","ping_status":"closed","template":"elementor_header_footer","meta":{"footnotes":""},"class_list":["post-22393","page","type-page","status-publish","hentry"],"yoast_head":"<!-- This site is optimized with the Yoast SEO plugin v23.5 - https:\/\/yoast.com\/wordpress\/plugins\/seo\/ -->\n<title>Cours en ligne Sp\u00e9cialis\u00e9s - Wijaya - Institut fran\u00e7ais Indon\u00e9sie<\/title>\n<meta name=\"robots\" content=\"index, follow, max-snippet:-1, max-image-preview:large, max-video-preview:-1\" \/>\n<link rel=\"canonical\" href=\"https:\/\/www.ifi-id.com\/fr\/cours-en-ligne-specialises-wijaya\/\" \/>\n<meta property=\"og:locale\" content=\"fr_FR\" \/>\n<meta property=\"og:type\" content=\"article\" \/>\n<meta property=\"og:title\" content=\"Cours en ligne Sp\u00e9cialis\u00e9s - Wijaya - Institut fran\u00e7ais Indon\u00e9sie\" \/>\n<meta property=\"og:description\" content=\"Cours en ligne Sp\u00e9cialis\u00e9s &#8211; Wijaya Cours en ligne Sp\u00e9cialis\u00e9s &#8211; Wijaya Inscrivez-vous maintenant, selon votre niveau et vos horaires pr\u00e9f\u00e9r\u00e9s. Vous avez besoin d\u2019aide ? Contactez-nous par WhatsApp. Inscription Plus d&rsquo;information WhatsApp (+62217247064) Horaires de permanence WhatsApp : du lundi au samedi, de 09h00 \u00e0 16h00\" \/>\n<meta property=\"og:url\" content=\"https:\/\/www.ifi-id.com\/fr\/cours-en-ligne-specialises-wijaya\/\" \/>\n<meta property=\"og:site_name\" content=\"Institut fran\u00e7ais Indon\u00e9sie\" \/>\n<meta property=\"article:modified_time\" content=\"2022-04-11T13:16:02+00:00\" \/>\n<meta name=\"twitter:card\" content=\"summary_large_image\" \/>\n<meta name=\"twitter:label1\" content=\"Dur\u00e9e de lecture estim\u00e9e\" \/>\n\t<meta name=\"twitter:data1\" content=\"1 minute\" \/>\n<script type=\"application\/ld+json\" class=\"yoast-schema-graph\">{\"@context\":\"https:\/\/schema.org\",\"@graph\":[{\"@type\":\"WebPage\",\"@id\":\"https:\/\/www.ifi-id.com\/fr\/cours-en-ligne-specialises-wijaya\/\",\"url\":\"https:\/\/www.ifi-id.com\/fr\/cours-en-ligne-specialises-wijaya\/\",\"name\":\"Cours en ligne Sp\u00e9cialis\u00e9s - Wijaya - Institut fran\u00e7ais Indon\u00e9sie\",\"isPartOf\":{\"@id\":\"https:\/\/www.ifi-id.com\/#website\"},\"datePublished\":\"2022-03-18T12:08:10+00:00\",\"dateModified\":\"2022-04-11T13:16:02+00:00\",\"breadcrumb\":{\"@id\":\"https:\/\/www.ifi-id.com\/fr\/cours-en-ligne-specialises-wijaya\/#breadcrumb\"},\"inLanguage\":\"fr-FR\",\"potentialAction\":[{\"@type\":\"ReadAction\",\"target\":[\"https:\/\/www.ifi-id.com\/fr\/cours-en-ligne-specialises-wijaya\/\"]}]},{\"@type\":\"BreadcrumbList\",\"@id\":\"https:\/\/www.ifi-id.com\/fr\/cours-en-ligne-specialises-wijaya\/#breadcrumb\",\"itemListElement\":[{\"@type\":\"ListItem\",\"position\":1,\"name\":\"Home\",\"item\":\"https:\/\/www.ifi-id.com\/\"},{\"@type\":\"ListItem\",\"position\":2,\"name\":\"Cours en ligne Sp\u00e9cialis\u00e9s &#8211; Wijaya\"}]},{\"@type\":\"WebSite\",\"@id\":\"https:\/\/www.ifi-id.com\/#website\",\"url\":\"https:\/\/www.ifi-id.com\/\",\"name\":\"Institut fran\u00e7ais Indon\u00e9sie\",\"description\":\"\",\"publisher\":{\"@id\":\"https:\/\/www.ifi-id.com\/#organization\"},\"potentialAction\":[{\"@type\":\"SearchAction\",\"target\":{\"@type\":\"EntryPoint\",\"urlTemplate\":\"https:\/\/www.ifi-id.com\/?s={search_term_string}\"},\"query-input\":{\"@type\":\"PropertyValueSpecification\",\"valueRequired\":true,\"valueName\":\"search_term_string\"}}],\"inLanguage\":\"fr-FR\"},{\"@type\":\"Organization\",\"@id\":\"https:\/\/www.ifi-id.com\/#organization\",\"name\":\"Institut fran\u00e7ais Indon\u00e9sie\",\"url\":\"https:\/\/www.ifi-id.com\/\",\"logo\":{\"@type\":\"ImageObject\",\"inLanguage\":\"fr-FR\",\"@id\":\"https:\/\/www.ifi-id.com\/#\/schema\/logo\/image\/\",\"url\":\"https:\/\/www.ifi-id.com\/wp-content\/uploads\/2022\/12\/IFI_New_Logo.jpg\",\"contentUrl\":\"https:\/\/www.ifi-id.com\/wp-content\/uploads\/2022\/12\/IFI_New_Logo.jpg\",\"width\":666,\"height\":444,\"caption\":\"Institut fran\u00e7ais Indon\u00e9sie\"},\"image\":{\"@id\":\"https:\/\/www.ifi-id.com\/#\/schema\/logo\/image\/\"}}]}<\/script>\n<!-- \/ Yoast SEO plugin. -->","yoast_head_json":{"title":"Cours en ligne Sp\u00e9cialis\u00e9s - Wijaya - Institut fran\u00e7ais Indon\u00e9sie","robots":{"index":"index","follow":"follow","max-snippet":"max-snippet:-1","max-image-preview":"max-image-preview:large","max-video-preview":"max-video-preview:-1"},"canonical":"https:\/\/www.ifi-id.com\/fr\/cours-en-ligne-specialises-wijaya\/","og_locale":"fr_FR","og_type":"article","og_title":"Cours en ligne Sp\u00e9cialis\u00e9s - Wijaya - Institut fran\u00e7ais Indon\u00e9sie","og_description":"Cours en ligne Sp\u00e9cialis\u00e9s &#8211; Wijaya Cours en ligne Sp\u00e9cialis\u00e9s &#8211; Wijaya Inscrivez-vous maintenant, selon votre niveau et vos horaires pr\u00e9f\u00e9r\u00e9s. Vous avez besoin d\u2019aide ? Contactez-nous par WhatsApp. Inscription Plus d&rsquo;information WhatsApp (+62217247064) Horaires de permanence WhatsApp : du lundi au samedi, de 09h00 \u00e0 16h00","og_url":"https:\/\/www.ifi-id.com\/fr\/cours-en-ligne-specialises-wijaya\/","og_site_name":"Institut fran\u00e7ais Indon\u00e9sie","article_modified_time":"2022-04-11T13:16:02+00:00","twitter_card":"summary_large_image","twitter_misc":{"Dur\u00e9e de lecture estim\u00e9e":"1 minute"},"schema":{"@context":"https:\/\/schema.org","@graph":[{"@type":"WebPage","@id":"https:\/\/www.ifi-id.com\/fr\/cours-en-ligne-specialises-wijaya\/","url":"https:\/\/www.ifi-id.com\/fr\/cours-en-ligne-specialises-wijaya\/","name":"Cours en ligne Sp\u00e9cialis\u00e9s - Wijaya - Institut fran\u00e7ais Indon\u00e9sie","isPartOf":{"@id":"https:\/\/www.ifi-id.com\/#website"},"datePublished":"2022-03-18T12:08:10+00:00","dateModified":"2022-04-11T13:16:02+00:00","breadcrumb":{"@id":"https:\/\/www.ifi-id.com\/fr\/cours-en-ligne-specialises-wijaya\/#breadcrumb"},"inLanguage":"fr-FR","potentialAction":[{"@type":"ReadAction","target":["https:\/\/www.ifi-id.com\/fr\/cours-en-ligne-specialises-wijaya\/"]}]},{"@type":"BreadcrumbList","@id":"https:\/\/www.ifi-id.com\/fr\/cours-en-ligne-specialises-wijaya\/#breadcrumb","itemListElement":[{"@type":"ListItem","position":1,"name":"Home","item":"https:\/\/www.ifi-id.com\/"},{"@type":"ListItem","position":2,"name":"Cours en ligne Sp\u00e9cialis\u00e9s &#8211; Wijaya"}]},{"@type":"WebSite","@id":"https:\/\/www.ifi-id.com\/#website","url":"https:\/\/www.ifi-id.com\/","name":"Institut fran\u00e7ais Indon\u00e9sie","description":"","publisher":{"@id":"https:\/\/www.ifi-id.com\/#organization"},"potentialAction":[{"@type":"SearchAction","target":{"@type":"EntryPoint","urlTemplate":"https:\/\/www.ifi-id.com\/?s={search_term_string}"},"query-input":{"@type":"PropertyValueSpecification","valueRequired":true,"valueName":"search_term_string"}}],"inLanguage":"fr-FR"},{"@type":"Organization","@id":"https:\/\/www.ifi-id.com\/#organization","name":"Institut fran\u00e7ais Indon\u00e9sie","url":"https:\/\/www.ifi-id.com\/","logo":{"@type":"ImageObject","inLanguage":"fr-FR","@id":"https:\/\/www.ifi-id.com\/#\/schema\/logo\/image\/","url":"https:\/\/www.ifi-id.com\/wp-content\/uploads\/2022\/12\/IFI_New_Logo.jpg","contentUrl":"https:\/\/www.ifi-id.com\/wp-content\/uploads\/2022\/12\/IFI_New_Logo.jpg","width":666,"height":444,"caption":"Institut fran\u00e7ais Indon\u00e9sie"},"image":{"@id":"https:\/\/www.ifi-id.com\/#\/schema\/logo\/image\/"}}]}},"post_mailing_queue_ids":[],"_links":{"self":[{"href":"https:\/\/www.ifi-id.com\/fr\/wp-json\/wp\/v2\/pages\/22393"}],"collection":[{"href":"https:\/\/www.ifi-id.com\/fr\/wp-json\/wp\/v2\/pages"}],"about":[{"href":"https:\/\/www.ifi-id.com\/fr\/wp-json\/wp\/v2\/types\/page"}],"author":[{"embeddable":true,"href":"https:\/\/www.ifi-id.com\/fr\/wp-json\/wp\/v2\/users\/8"}],"replies":[{"embeddable":true,"href":"https:\/\/www.ifi-id.com\/fr\/wp-json\/wp\/v2\/comments?post=22393"}],"version-history":[{"count":12,"href":"https:\/\/www.ifi-id.com\/fr\/wp-json\/wp\/v2\/pages\/22393\/revisions"}],"predecessor-version":[{"id":23571,"href":"https:\/\/www.ifi-id.com\/fr\/wp-json\/wp\/v2\/pages\/22393\/revisions\/23571"}],"wp:attachment":[{"href":"https:\/\/www.ifi-id.com\/fr\/wp-json\/wp\/v2\/media?parent=22393"}],"curies":[{"name":"wp","href":"https:\/\/api.w.org\/{rel}","templated":true}]}}