{"id":22313,"date":"2022-03-18T18:00:38","date_gmt":"2022-03-18T11:00:38","guid":{"rendered":"https:\/\/www.ifi-id.com\/cours-en-ligne-pour-enfants-adolescents-surabaya"},"modified":"2024-10-10T01:42:36","modified_gmt":"2024-10-09T18:42:36","slug":"cours-en-ligne-pour-enfants-adolescents-surabaya","status":"publish","type":"page","link":"https:\/\/www.ifi-id.com\/fr\/cours-en-ligne-pour-enfants-adolescents-surabaya\/","title":{"rendered":"Cours en ligne pour Enfants &#038; Adolescents &#8211; Surabaya"},"content":{"rendered":"\t\t<div data-elementor-type=\"wp-page\" data-elementor-id=\"22313\" class=\"elementor elementor-22313 elementor-22305\" data-elementor-post-type=\"page\">\n\t\t\t\t\t\t<section class=\"elementor-section elementor-top-section elementor-element elementor-element-c236465 elementor-section-boxed elementor-section-height-default elementor-section-height-default\" data-id=\"c236465\" data-element_type=\"section\">\n\t\t\t\t\t\t<div class=\"elementor-container elementor-column-gap-default\">\n\t\t\t\t\t<div class=\"elementor-column elementor-col-100 elementor-top-column elementor-element elementor-element-7e7d1db\" data-id=\"7e7d1db\" data-element_type=\"column\">\n\t\t\t<div class=\"elementor-widget-wrap elementor-element-populated\">\n\t\t\t\t\t\t<div class=\"elementor-element elementor-element-e5a6866 elementor-hidden-phone elementor-widget elementor-widget-heading\" data-id=\"e5a6866\" data-element_type=\"widget\" data-widget_type=\"heading.default\">\n\t\t\t\t<div class=\"elementor-widget-container\">\n\t\t\t<h2 class=\"elementor-heading-title elementor-size-default\">Cours en ligne pour Enfants &amp; Adolescents - Surabaya<\/h2>\t\t<\/div>\n\t\t\t\t<\/div>\n\t\t\t\t\t<\/div>\n\t\t<\/div>\n\t\t\t\t\t<\/div>\n\t\t<\/section>\n\t\t\t\t<section class=\"elementor-section elementor-top-section elementor-element elementor-element-47386fc elementor-section-boxed elementor-section-height-default elementor-section-height-default\" data-id=\"47386fc\" data-element_type=\"section\">\n\t\t\t\t\t\t<div class=\"elementor-container elementor-column-gap-default\">\n\t\t\t\t\t<div class=\"elementor-column elementor-col-100 elementor-top-column elementor-element elementor-element-1abbdf7\" data-id=\"1abbdf7\" data-element_type=\"column\">\n\t\t\t<div class=\"elementor-widget-wrap elementor-element-populated\">\n\t\t\t\t\t\t<div class=\"elementor-element elementor-element-6aa388d elementor-hidden-desktop elementor-hidden-tablet elementor-widget elementor-widget-heading\" data-id=\"6aa388d\" data-element_type=\"widget\" data-widget_type=\"heading.default\">\n\t\t\t\t<div class=\"elementor-widget-container\">\n\t\t\t<h2 class=\"elementor-heading-title elementor-size-default\">Cours en ligne pour Enfants &amp; Adolescents - Surabaya<\/h2>\t\t<\/div>\n\t\t\t\t<\/div>\n\t\t\t\t\t<\/div>\n\t\t<\/div>\n\t\t\t\t\t<\/div>\n\t\t<\/section>\n\t\t\t\t<section class=\"elementor-section elementor-top-section elementor-element elementor-element-1f03e70 elementor-section-boxed elementor-section-height-default elementor-section-height-default\" data-id=\"1f03e70\" data-element_type=\"section\">\n\t\t\t\t\t\t<div class=\"elementor-container elementor-column-gap-default\">\n\t\t\t\t\t<div class=\"elementor-column elementor-col-100 elementor-top-column elementor-element elementor-element-ed653c2\" data-id=\"ed653c2\" data-element_type=\"column\">\n\t\t\t<div class=\"elementor-widget-wrap elementor-element-populated\">\n\t\t\t\t\t\t<div class=\"elementor-element elementor-element-43c1fb5 elementor-widget elementor-widget-text-editor\" data-id=\"43c1fb5\" data-element_type=\"widget\" data-widget_type=\"text-editor.default\">\n\t\t\t\t<div class=\"elementor-widget-container\">\n\t\t\t\t\t\t\t<p><span style=\"font-weight: 400;\">Inscrivez-vous maintenant, selon votre niveau et vos horaires pr\u00e9f\u00e9r\u00e9s.<\/span><\/p>\n<p><span style=\"font-weight: 400;\">Vous avez besoin d\u2019aide ? Contactez-nous par Whatsapp.<\/span><\/p>\n\t\t\t\t\t\t<\/div>\n\t\t\t\t<\/div>\n\t\t\t\t\t<\/div>\n\t\t<\/div>\n\t\t\t\t\t<\/div>\n\t\t<\/section>\n\t\t\t\t<section class=\"elementor-section elementor-top-section elementor-element elementor-element-2ab98a9 elementor-section-boxed elementor-section-height-default elementor-section-height-default\" data-id=\"2ab98a9\" data-element_type=\"section\">\n\t\t\t\t\t\t<div class=\"elementor-container elementor-column-gap-default\">\n\t\t\t\t\t<div class=\"elementor-column elementor-col-100 elementor-top-column elementor-element elementor-element-38fb4ce\" data-id=\"38fb4ce\" data-element_type=\"column\">\n\t\t\t<div class=\"elementor-widget-wrap elementor-element-populated\">\n\t\t\t\t\t\t<div class=\"elementor-element elementor-element-5835b89 elementor-widget elementor-widget-heading\" data-id=\"5835b89\" data-element_type=\"widget\" data-widget_type=\"heading.default\">\n\t\t\t\t<div class=\"elementor-widget-container\">\n\t\t\t<h2 class=\"elementor-heading-title elementor-size-default\">Inscription<\/h2>\t\t<\/div>\n\t\t\t\t<\/div>\n\t\t\t\t\t<\/div>\n\t\t<\/div>\n\t\t\t\t\t<\/div>\n\t\t<\/section>\n\t\t\t\t<section class=\"elementor-section elementor-top-section elementor-element elementor-element-46d00cb elementor-section-boxed elementor-section-height-default elementor-section-height-default\" data-id=\"46d00cb\" data-element_type=\"section\">\n\t\t\t\t\t\t<div class=\"elementor-container elementor-column-gap-default\">\n\t\t\t\t\t<div class=\"elementor-column elementor-col-100 elementor-top-column elementor-element elementor-element-6e48f35\" data-id=\"6e48f35\" data-element_type=\"column\">\n\t\t\t<div class=\"elementor-widget-wrap elementor-element-populated\">\n\t\t\t\t\t\t<div class=\"elementor-element elementor-element-024dd05 elementor-widget elementor-widget-shortcode\" data-id=\"024dd05\" data-element_type=\"widget\" data-widget_type=\"shortcode.default\">\n\t\t\t\t<div class=\"elementor-widget-container\">\n\t\t\t\t\t<div class=\"elementor-shortcode\"><div class='kiosque-aec'><div\n data-module='classes'\n data-action='courses-selection-tiles'\n data-param-etablishment-branch-id='4'\n data-param-period-id=''\n data-param-classification-id='1|3'\n data-param-subject-id='3'\n data-param-class-type-id='78|89'\n data-param-main-level=''\n data-param-levels-to-filter-by=''\n data-param-localization=''\n data-param-class-format-id=''\n data-param-show-filter-choices='1'\n data-param-lang='fr_FR'><\/div><\/div><\/div>\n\t\t\t\t<\/div>\n\t\t\t\t<\/div>\n\t\t\t\t\t<\/div>\n\t\t<\/div>\n\t\t\t\t\t<\/div>\n\t\t<\/section>\n\t\t\t\t<section class=\"elementor-section elementor-top-section elementor-element elementor-element-5e543e1 elementor-section-boxed elementor-section-height-default elementor-section-height-default\" data-id=\"5e543e1\" data-element_type=\"section\">\n\t\t\t\t\t\t<div class=\"elementor-container elementor-column-gap-default\">\n\t\t\t\t\t<div class=\"elementor-column elementor-col-100 elementor-top-column elementor-element elementor-element-32fbc30\" data-id=\"32fbc30\" data-element_type=\"column\">\n\t\t\t<div class=\"elementor-widget-wrap elementor-element-populated\">\n\t\t\t\t\t\t<div class=\"elementor-element elementor-element-5dfa34f elementor-widget elementor-widget-heading\" data-id=\"5dfa34f\" data-element_type=\"widget\" data-widget_type=\"heading.default\">\n\t\t\t\t<div class=\"elementor-widget-container\">\n\t\t\t<h2 class=\"elementor-heading-title elementor-size-default\">Plus d'information<\/h2>\t\t<\/div>\n\t\t\t\t<\/div>\n\t\t\t\t\t<\/div>\n\t\t<\/div>\n\t\t\t\t\t<\/div>\n\t\t<\/section>\n\t\t\t\t<section class=\"elementor-section elementor-top-section elementor-element elementor-element-dd7566d elementor-section-boxed elementor-section-height-default elementor-section-height-default\" data-id=\"dd7566d\" data-element_type=\"section\">\n\t\t\t\t\t\t<div class=\"elementor-container elementor-column-gap-default\">\n\t\t\t\t\t<div class=\"elementor-column elementor-col-100 elementor-top-column elementor-element elementor-element-2e9022a\" data-id=\"2e9022a\" data-element_type=\"column\">\n\t\t\t<div class=\"elementor-widget-wrap elementor-element-populated\">\n\t\t\t\t\t\t<div class=\"elementor-element elementor-element-859d199 elementor-align-left elementor-widget elementor-widget-button\" data-id=\"859d199\" data-element_type=\"widget\" data-widget_type=\"button.default\">\n\t\t\t\t<div class=\"elementor-widget-container\">\n\t\t\t\t\t<div class=\"elementor-button-wrapper\">\n\t\t\t<a class=\"elementor-button elementor-button-link elementor-size-md elementor-animation-grow\" href=\"https:\/\/wa.me\/6281231306739\" target=\"_blank\">\n\t\t\t\t\t\t<span class=\"elementor-button-content-wrapper\">\n\t\t\t\t\t\t<span class=\"elementor-button-icon\">\n\t\t\t\t<i aria-hidden=\"true\" class=\"fab fa-whatsapp\"><\/i>\t\t\t<\/span>\n\t\t\t\t\t\t\t\t\t<span class=\"elementor-button-text\">WhatsApp (+6281231306739)<\/span>\n\t\t\t\t\t<\/span>\n\t\t\t\t\t<\/a>\n\t\t<\/div>\n\t\t\t\t<\/div>\n\t\t\t\t<\/div>\n\t\t\t\t\t<\/div>\n\t\t<\/div>\n\t\t\t\t\t<\/div>\n\t\t<\/section>\n\t\t\t\t<section class=\"elementor-section elementor-top-section elementor-element elementor-element-3b8f4f6 elementor-section-boxed elementor-section-height-default elementor-section-height-default\" data-id=\"3b8f4f6\" data-element_type=\"section\">\n\t\t\t\t\t\t<div class=\"elementor-container elementor-column-gap-default\">\n\t\t\t\t\t<div class=\"elementor-column elementor-col-100 elementor-top-column elementor-element elementor-element-d5b9b00\" data-id=\"d5b9b00\" data-element_type=\"column\">\n\t\t\t<div class=\"elementor-widget-wrap elementor-element-populated\">\n\t\t\t\t\t\t<div class=\"elementor-element elementor-element-4b6352b elementor-widget elementor-widget-text-editor\" data-id=\"4b6352b\" data-element_type=\"widget\" data-widget_type=\"text-editor.default\">\n\t\t\t\t<div class=\"elementor-widget-container\">\n\t\t\t\t\t\t\t<p><strong>Horaires de permanence WhatsApp : du lundi au vendredi, de 09h00 \u00e0 18h00<\/strong><\/p>\n\t\t\t\t\t\t<\/div>\n\t\t\t\t<\/div>\n\t\t\t\t\t<\/div>\n\t\t<\/div>\n\t\t\t\t\t<\/div>\n\t\t<\/section>\n\t\t\t\t<\/div>\n\t\t","protected":false},"excerpt":{"rendered":"<p>Cours en ligne pour Enfants &#038; Adolescents &#8211; Surabaya Cours en ligne pour Enfants &#038; Adolescents &#8211; Surabaya Inscrivez-vous maintenant, selon votre niveau et vos horaires pr\u00e9f\u00e9r\u00e9s. Vous avez besoin d\u2019aide ? Contactez-nous par Whatsapp. Inscription Plus d&rsquo;information WhatsApp (+6281231306739) Horaires de permanence WhatsApp : du lundi au vendredi, de 09h00 \u00e0 18h00<\/p>\n","protected":false},"author":8,"featured_media":0,"parent":0,"menu_order":0,"comment_status":"closed","ping_status":"closed","template":"elementor_header_footer","meta":{"footnotes":""},"class_list":["post-22313","page","type-page","status-publish","hentry"],"yoast_head":"<!-- This site is optimized with the Yoast SEO plugin v23.5 - https:\/\/yoast.com\/wordpress\/plugins\/seo\/ -->\n<title>Cours en ligne pour Enfants &amp; Adolescents - Surabaya - Institut fran\u00e7ais Indon\u00e9sie<\/title>\n<meta name=\"robots\" content=\"index, follow, max-snippet:-1, max-image-preview:large, max-video-preview:-1\" \/>\n<link rel=\"canonical\" href=\"https:\/\/www.ifi-id.com\/fr\/cours-en-ligne-pour-enfants-adolescents-surabaya\/\" \/>\n<meta property=\"og:locale\" content=\"fr_FR\" \/>\n<meta property=\"og:type\" content=\"article\" \/>\n<meta property=\"og:title\" content=\"Cours en ligne pour Enfants &amp; Adolescents - Surabaya\" \/>\n<meta property=\"og:description\" content=\"Cours en ligne pour Enfants &#038; Adolescents &#8211; Surabaya Cours en ligne pour Enfants &#038; Adolescents &#8211; Surabaya Inscrivez-vous maintenant, selon votre niveau et vos horaires pr\u00e9f\u00e9r\u00e9s. Vous avez besoin d\u2019aide ? Contactez-nous par Whatsapp. Inscription Plus d&rsquo;information WhatsApp (+6281231306739) Horaires de permanence WhatsApp : du lundi au vendredi, de 09h00 \u00e0 18h00\" \/>\n<meta property=\"og:url\" content=\"https:\/\/www.ifi-id.com\/fr\/cours-en-ligne-pour-enfants-adolescents-surabaya\/\" \/>\n<meta property=\"og:site_name\" content=\"Institut fran\u00e7ais Indon\u00e9sie\" \/>\n<meta property=\"article:modified_time\" content=\"2024-10-09T18:42:36+00:00\" \/>\n<meta name=\"twitter:card\" content=\"summary_large_image\" \/>\n<meta name=\"twitter:title\" content=\"Cours en ligne pour Enfants &amp; Adolescents - Surabaya\" \/>\n<meta name=\"twitter:label1\" content=\"Dur\u00e9e de lecture estim\u00e9e\" \/>\n\t<meta name=\"twitter:data1\" content=\"1 minute\" \/>\n<script type=\"application\/ld+json\" class=\"yoast-schema-graph\">{\"@context\":\"https:\/\/schema.org\",\"@graph\":[{\"@type\":\"WebPage\",\"@id\":\"https:\/\/www.ifi-id.com\/fr\/cours-en-ligne-pour-enfants-adolescents-surabaya\/\",\"url\":\"https:\/\/www.ifi-id.com\/fr\/cours-en-ligne-pour-enfants-adolescents-surabaya\/\",\"name\":\"Cours en ligne pour Enfants & Adolescents - Surabaya - Institut fran\u00e7ais Indon\u00e9sie\",\"isPartOf\":{\"@id\":\"https:\/\/www.ifi-id.com\/#website\"},\"datePublished\":\"2022-03-18T11:00:38+00:00\",\"dateModified\":\"2024-10-09T18:42:36+00:00\",\"breadcrumb\":{\"@id\":\"https:\/\/www.ifi-id.com\/fr\/cours-en-ligne-pour-enfants-adolescents-surabaya\/#breadcrumb\"},\"inLanguage\":\"fr-FR\",\"potentialAction\":[{\"@type\":\"ReadAction\",\"target\":[\"https:\/\/www.ifi-id.com\/fr\/cours-en-ligne-pour-enfants-adolescents-surabaya\/\"]}]},{\"@type\":\"BreadcrumbList\",\"@id\":\"https:\/\/www.ifi-id.com\/fr\/cours-en-ligne-pour-enfants-adolescents-surabaya\/#breadcrumb\",\"itemListElement\":[{\"@type\":\"ListItem\",\"position\":1,\"name\":\"Home\",\"item\":\"https:\/\/www.ifi-id.com\/\"},{\"@type\":\"ListItem\",\"position\":2,\"name\":\"Cours en ligne pour Enfants &#038; Adolescents &#8211; Surabaya\"}]},{\"@type\":\"WebSite\",\"@id\":\"https:\/\/www.ifi-id.com\/#website\",\"url\":\"https:\/\/www.ifi-id.com\/\",\"name\":\"Institut fran\u00e7ais Indon\u00e9sie\",\"description\":\"\",\"publisher\":{\"@id\":\"https:\/\/www.ifi-id.com\/#organization\"},\"potentialAction\":[{\"@type\":\"SearchAction\",\"target\":{\"@type\":\"EntryPoint\",\"urlTemplate\":\"https:\/\/www.ifi-id.com\/?s={search_term_string}\"},\"query-input\":{\"@type\":\"PropertyValueSpecification\",\"valueRequired\":true,\"valueName\":\"search_term_string\"}}],\"inLanguage\":\"fr-FR\"},{\"@type\":\"Organization\",\"@id\":\"https:\/\/www.ifi-id.com\/#organization\",\"name\":\"Institut fran\u00e7ais Indon\u00e9sie\",\"url\":\"https:\/\/www.ifi-id.com\/\",\"logo\":{\"@type\":\"ImageObject\",\"inLanguage\":\"fr-FR\",\"@id\":\"https:\/\/www.ifi-id.com\/#\/schema\/logo\/image\/\",\"url\":\"https:\/\/www.ifi-id.com\/wp-content\/uploads\/2022\/12\/IFI_New_Logo.jpg\",\"contentUrl\":\"https:\/\/www.ifi-id.com\/wp-content\/uploads\/2022\/12\/IFI_New_Logo.jpg\",\"width\":666,\"height\":444,\"caption\":\"Institut fran\u00e7ais Indon\u00e9sie\"},\"image\":{\"@id\":\"https:\/\/www.ifi-id.com\/#\/schema\/logo\/image\/\"}}]}<\/script>\n<!-- \/ Yoast SEO plugin. -->","yoast_head_json":{"title":"Cours en ligne pour Enfants & Adolescents - Surabaya - Institut fran\u00e7ais Indon\u00e9sie","robots":{"index":"index","follow":"follow","max-snippet":"max-snippet:-1","max-image-preview":"max-image-preview:large","max-video-preview":"max-video-preview:-1"},"canonical":"https:\/\/www.ifi-id.com\/fr\/cours-en-ligne-pour-enfants-adolescents-surabaya\/","og_locale":"fr_FR","og_type":"article","og_title":"Cours en ligne pour Enfants & Adolescents - Surabaya","og_description":"Cours en ligne pour Enfants &#038; Adolescents &#8211; Surabaya Cours en ligne pour Enfants &#038; Adolescents &#8211; Surabaya Inscrivez-vous maintenant, selon votre niveau et vos horaires pr\u00e9f\u00e9r\u00e9s. Vous avez besoin d\u2019aide ? Contactez-nous par Whatsapp. Inscription Plus d&rsquo;information WhatsApp (+6281231306739) Horaires de permanence WhatsApp : du lundi au vendredi, de 09h00 \u00e0 18h00","og_url":"https:\/\/www.ifi-id.com\/fr\/cours-en-ligne-pour-enfants-adolescents-surabaya\/","og_site_name":"Institut fran\u00e7ais Indon\u00e9sie","article_modified_time":"2024-10-09T18:42:36+00:00","twitter_card":"summary_large_image","twitter_title":"Cours en ligne pour Enfants & Adolescents - Surabaya","twitter_misc":{"Dur\u00e9e de lecture estim\u00e9e":"1 minute"},"schema":{"@context":"https:\/\/schema.org","@graph":[{"@type":"WebPage","@id":"https:\/\/www.ifi-id.com\/fr\/cours-en-ligne-pour-enfants-adolescents-surabaya\/","url":"https:\/\/www.ifi-id.com\/fr\/cours-en-ligne-pour-enfants-adolescents-surabaya\/","name":"Cours en ligne pour Enfants & Adolescents - Surabaya - Institut fran\u00e7ais Indon\u00e9sie","isPartOf":{"@id":"https:\/\/www.ifi-id.com\/#website"},"datePublished":"2022-03-18T11:00:38+00:00","dateModified":"2024-10-09T18:42:36+00:00","breadcrumb":{"@id":"https:\/\/www.ifi-id.com\/fr\/cours-en-ligne-pour-enfants-adolescents-surabaya\/#breadcrumb"},"inLanguage":"fr-FR","potentialAction":[{"@type":"ReadAction","target":["https:\/\/www.ifi-id.com\/fr\/cours-en-ligne-pour-enfants-adolescents-surabaya\/"]}]},{"@type":"BreadcrumbList","@id":"https:\/\/www.ifi-id.com\/fr\/cours-en-ligne-pour-enfants-adolescents-surabaya\/#breadcrumb","itemListElement":[{"@type":"ListItem","position":1,"name":"Home","item":"https:\/\/www.ifi-id.com\/"},{"@type":"ListItem","position":2,"name":"Cours en ligne pour Enfants &#038; Adolescents &#8211; Surabaya"}]},{"@type":"WebSite","@id":"https:\/\/www.ifi-id.com\/#website","url":"https:\/\/www.ifi-id.com\/","name":"Institut fran\u00e7ais Indon\u00e9sie","description":"","publisher":{"@id":"https:\/\/www.ifi-id.com\/#organization"},"potentialAction":[{"@type":"SearchAction","target":{"@type":"EntryPoint","urlTemplate":"https:\/\/www.ifi-id.com\/?s={search_term_string}"},"query-input":{"@type":"PropertyValueSpecification","valueRequired":true,"valueName":"search_term_string"}}],"inLanguage":"fr-FR"},{"@type":"Organization","@id":"https:\/\/www.ifi-id.com\/#organization","name":"Institut fran\u00e7ais Indon\u00e9sie","url":"https:\/\/www.ifi-id.com\/","logo":{"@type":"ImageObject","inLanguage":"fr-FR","@id":"https:\/\/www.ifi-id.com\/#\/schema\/logo\/image\/","url":"https:\/\/www.ifi-id.com\/wp-content\/uploads\/2022\/12\/IFI_New_Logo.jpg","contentUrl":"https:\/\/www.ifi-id.com\/wp-content\/uploads\/2022\/12\/IFI_New_Logo.jpg","width":666,"height":444,"caption":"Institut fran\u00e7ais Indon\u00e9sie"},"image":{"@id":"https:\/\/www.ifi-id.com\/#\/schema\/logo\/image\/"}}]}},"post_mailing_queue_ids":[],"_links":{"self":[{"href":"https:\/\/www.ifi-id.com\/fr\/wp-json\/wp\/v2\/pages\/22313"}],"collection":[{"href":"https:\/\/www.ifi-id.com\/fr\/wp-json\/wp\/v2\/pages"}],"about":[{"href":"https:\/\/www.ifi-id.com\/fr\/wp-json\/wp\/v2\/types\/page"}],"author":[{"embeddable":true,"href":"https:\/\/www.ifi-id.com\/fr\/wp-json\/wp\/v2\/users\/8"}],"replies":[{"embeddable":true,"href":"https:\/\/www.ifi-id.com\/fr\/wp-json\/wp\/v2\/comments?post=22313"}],"version-history":[{"count":15,"href":"https:\/\/www.ifi-id.com\/fr\/wp-json\/wp\/v2\/pages\/22313\/revisions"}],"predecessor-version":[{"id":48271,"href":"https:\/\/www.ifi-id.com\/fr\/wp-json\/wp\/v2\/pages\/22313\/revisions\/48271"}],"wp:attachment":[{"href":"https:\/\/www.ifi-id.com\/fr\/wp-json\/wp\/v2\/media?parent=22313"}],"curies":[{"name":"wp","href":"https:\/\/api.w.org\/{rel}","templated":true}]}}