{"id":18849,"date":"2021-12-03T16:50:18","date_gmt":"2021-12-03T09:50:18","guid":{"rendered":"https:\/\/www.ifi-id.com\/surabaya-cours-pour-adultes"},"modified":"2025-01-14T15:36:04","modified_gmt":"2025-01-14T08:36:04","slug":"surabaya-cours-pour-adultes","status":"publish","type":"page","link":"https:\/\/www.ifi-id.com\/fr\/surabaya-cours-pour-adultes\/","title":{"rendered":"Surabaya &#8211; Cours pour Adultes"},"content":{"rendered":"<h2>Surabaya &#8211; Cours pour Adultes<\/h2>\n<h2>Surabaya &#8211; Cours pour Adultes<\/h2>\n<figure><img decoding=\"async\" src=\"https:\/\/www.ifi-id.com\/wp-content\/uploads\/2021\/11\/20190415-Dewasa-5-scaled.jpg\" alt=\"Une M\u00e9thode d\u2019Apprentissage Efficace\" \/><\/figure>\n<figure><img decoding=\"async\" src=\"https:\/\/www.ifi-id.com\/wp-content\/uploads\/2021\/11\/20171026-Dewasa-2-scaled.jpg\" alt=\"20171026-Dewasa 2\" \/><\/figure>\n<figure><img decoding=\"async\" src=\"https:\/\/www.ifi-id.com\/wp-content\/uploads\/2021\/11\/20160128-Dewasa-3-scaled.jpg\" alt=\"20160128-Dewasa (3)\" \/><\/figure>\n<p>Les cours de fran\u00e7ais pour adultes s\u2019adressent \u00e0 un public \u00e2g\u00e9 de 15 ans et plus. Les cours sont organis\u00e9s en groupe \u00e0 partir du niveau A1 (D\u00e9butant) jusqu\u2019au niveau C2 (Avanc\u00e9), conform\u00e9ment aux normes europ\u00e9ennes d\u00e9finies par le CECRL (Cadre Europ\u00e9en Commun de R\u00e9f\u00e9rence pour les Langues). Vous apprendrez le fran\u00e7ais sous tous ses aspects, oral et \u00e9crit, \u00e0 l\u2019aide du manuel d\u2019apprentissage\u00a0<em>Tendance<\/em>. Vous pourrez choisir entre les cours extensifs, semi-intensifs ou intensifs, en fonction de vos besoins et de votre disponibilit\u00e9.<\/p>\n<h2>Cours Extensifs<\/h2>\n<p>\t\t\t\t\t\t\t\t\t\t\t\t<a>Horaires des Cours Extensifs<\/a><\/p>\n<p>Les cours extensifs s\u2019adressent \u00e0 celles et ceux n\u2019ayant la possibilit\u00e9 de participer aux cours qu\u2019une ou deux fois par semaine, et qui ne souhaitent pas apprendre la langue de mani\u00e8re trop rapide. La dur\u00e9e totale de la session est de 60 heures de cours r\u00e9parties sur une p\u00e9riode de 15 semaines.<\/p>\n<p>.elementor-17736 .elementor-element.elementor-element-4130f6d3 table.tafe-table .tafe-table-header tr .elementor-repeater-item-06d9537{text-align:center;}.elementor-17736 .elementor-element.elementor-element-4130f6d3 table.tafe-table .tafe-table-header tr .elementor-repeater-item-5817b14{text-align:center;}.elementor-17736 .elementor-element.elementor-element-4130f6d3 table.tafe-table .tafe-table-header tr .elementor-repeater-item-18282db{text-align:center;}.elementor-17736 .elementor-element.elementor-element-4130f6d3 table.tafe-table .tafe-table-body tr .elementor-repeater-item-9fe2b58{text-align:center;}.elementor-17736 .elementor-element.elementor-element-4130f6d3 table.tafe-table .tafe-table-body tr .elementor-repeater-item-56dcf72{text-align:center;}.elementor-17736 .elementor-element.elementor-element-4130f6d3 table.tafe-table .tafe-table-body tr .elementor-repeater-item-74ffe40{text-align:center;}.elementor-17736 .elementor-element.elementor-element-4130f6d3 table.tafe-table .tafe-table-body tr .elementor-repeater-item-6ebd19f{text-align:center;}.elementor-17736 .elementor-element.elementor-element-4130f6d3 table.tafe-table .tafe-table-body tr .elementor-repeater-item-8adba32{text-align:center;}.elementor-17736 .elementor-element.elementor-element-4130f6d3 table.tafe-table td,.elementor-17736 .elementor-element.elementor-element-4130f6d3 table.tafe-table th{border-style:solid;border-width:2px 2px 2px 2px;border-color:var( &#8211;e-global-color-accent );}.elementor-17736 .elementor-element.elementor-element-4130f6d3 table.tafe-table .tafe-table-header tr th{color:var( &#8211;e-global-color-32b1808 );background-color:var( &#8211;e-global-color-accent );}\t\t<\/p>\n<section data-id=\"531b3d28\" data-element_type=\"section\">\n<table>\n<thead>\n<tr>\n<th>Pilihan hari<\/th>\n<th>Pilihan waktu<\/th>\n<th colSpan=\"1\">Biaya<\/th>\n<\/tr>\n<\/thead>\n<tbody>\n<tr>\n<td data-label=\"Pilihan hari\">Senin &amp; Rabu \/<br \/>\nSelasa &amp; Kamis \/<br \/>\nRabu &amp; Jumat<\/td>\n<td data-label=\"Pilihan waktu\" colSpan=\"1\">13.00 &#8211; 15.00 \/<br \/>\n16.00 &#8211; 18.00 \/<br \/>\n18.30 &#8211; 20.30<\/td>\n<td data-label=\"\" rowSpan=\"2\">Rp 2.700.000 per sesi*<\/td>\n<\/tr>\n<tr>\n<td data-label=\"Pilihan hari\">Sabtu<\/td>\n<td data-label=\"Pilihan waktu\">8.00 &#8211; 12.15 \/ 13.00 &#8211; 17.15 <br \/> (Istirahat 15 menit)\n<\/td>\n<\/tr>\n<\/tbody>\n<\/table>\n<\/section>\n<section data-id=\"0ad7a6b\" data-element_type=\"section\">\n<p><em>*Biaya belum termasuk buku dan member IFI.<\/em><br \/>*<em>Tarif di atas berlaku sampai 31 Desember 2025.<\/em><\/p>\n<\/section>\n<p>\t\t\t\t\t\t\t\t\t\t\t\t<a>Niveaux des Cours Extensifs<\/a><\/p>\n<p>L\u2019<strong>IFI Surabaya<\/strong>\u00a0propose des niveaux d\u2019apprentissage progressif conform\u00e9ment au Cadre Europ\u00e9en Commun de R\u00e9f\u00e9rence pour les Langues (CECRL).<\/p>\n<p><img decoding=\"async\" src=\"https:\/\/www.ifi-id.com\/wp-content\/uploads\/2021\/11\/Ekstensif-1.jpeg\" \/><\/p>\n<div class='kiosque-aec'><div\n data-module='classes'\n data-action='courses-selection-tiles'\n data-param-etablishment-branch-id='4'\n data-param-period-id=''\n data-param-classification-id='2'\n data-param-subject-id='1'\n data-param-class-type-id='8|63|72'\n data-param-main-level=''\n data-param-levels-to-filter-by=''\n data-param-localization=''\n data-param-class-format-id=''\n data-param-show-filter-choices='1'\n data-param-lang='fr_FR'><\/div><\/div>\n<h2>Cours Semi-Intensifs<\/h2>\n<p>\t\t\t\t\t\t\t\t\t\t\t\t<a>Horaires des Cours Semi-Intensifs<\/a><\/p>\n<p>Les cours semi-intensifs s\u2019adressent \u00e0 celles et ceux qui souhaitent apprendre le fran\u00e7ais de mani\u00e8re rapide et qui peuvent y consacrer 2 heures par jour.\u00a0<\/p>\n<p>.elementor-17743 .elementor-element.elementor-element-5e22f97d table.tafe-table .tafe-table-header tr .elementor-repeater-item-06d9537{text-align:center;}.elementor-17743 .elementor-element.elementor-element-5e22f97d table.tafe-table .tafe-table-header tr .elementor-repeater-item-5817b14{text-align:center;}.elementor-17743 .elementor-element.elementor-element-5e22f97d table.tafe-table .tafe-table-header tr .elementor-repeater-item-18282db{text-align:center;}.elementor-17743 .elementor-element.elementor-element-5e22f97d table.tafe-table .tafe-table-body tr .elementor-repeater-item-9fe2b58{text-align:center;}.elementor-17743 .elementor-element.elementor-element-5e22f97d table.tafe-table .tafe-table-body tr .elementor-repeater-item-56dcf72{text-align:center;}.elementor-17743 .elementor-element.elementor-element-5e22f97d table.tafe-table .tafe-table-body tr .elementor-repeater-item-74ffe40{text-align:center;}.elementor-17743 .elementor-element.elementor-element-5e22f97d table.tafe-table td,.elementor-17743 .elementor-element.elementor-element-5e22f97d table.tafe-table th{border-style:solid;border-width:2px 2px 2px 2px;border-color:var( &#8211;e-global-color-accent );}.elementor-17743 .elementor-element.elementor-element-5e22f97d table.tafe-table .tafe-table-header tr th{color:var( &#8211;e-global-color-32b1808 );background-color:var( &#8211;e-global-color-accent );}\t\t<\/p>\n<section data-id=\"64578c5f\" data-element_type=\"section\">\n<table>\n<thead>\n<tr>\n<th>Pilihan hari<\/th>\n<th>Pilihan waktu<\/th>\n<th colSpan=\"1\">Biaya<\/th>\n<\/tr>\n<\/thead>\n<tbody>\n<tr>\n<td data-label=\"Pilihan hari\">Senin &#8211; Jumat<\/td>\n<td data-label=\"Pilihan waktu\" colSpan=\"1\">09.00 &#8211; 11.00 \/<br \/>\n16.00 &#8211; 18.00 \/<br \/>18.30 &#8211; 20.30<\/td>\n<td data-label=\"\" rowSpan=\"2\">Rp 2.700.000 per sesi*<\/td>\n<\/tr>\n<\/tbody>\n<\/table>\n<\/section>\n<section data-id=\"a84ef06\" data-element_type=\"section\">\n<p><em>*Biaya belum termasuk buku dan member<\/em> <em>IFI<\/em>.<br \/>*<em>Tarif di atas berlaku sampai 31 Desember 2025.<\/em><\/p>\n<\/section>\n<p>\t\t\t\t\t\t\t\t\t\t\t\t<a>Niveaux des Cours Semi-Intensifs<\/a><\/p>\n<p>L\u2019<strong>IFI Surabaya<\/strong> propose des niveaux d\u2019apprentissage progressif conform\u00e9ment au Cadre Europ\u00e9en Commun de R\u00e9f\u00e9rence pour les Langues (CECRL).<\/p>\n<p><img decoding=\"async\" src=\"https:\/\/www.ifi-id.com\/wp-content\/uploads\/2021\/11\/Semi-Intensif.jpeg\" \/><\/p>\n<div class='kiosque-aec'><div\n data-module='classes'\n data-action='courses-selection-tiles'\n data-param-etablishment-branch-id='4'\n data-param-period-id=''\n data-param-classification-id='2'\n data-param-subject-id='1'\n data-param-class-type-id='2|30|31'\n data-param-main-level=''\n data-param-levels-to-filter-by=''\n data-param-localization=''\n data-param-class-format-id=''\n data-param-show-filter-choices='1'\n data-param-lang='fr_FR'><\/div><\/div>\n<h2>Cours Intensifs<\/h2>\n<p>\t\t\t\t\t\t\t\t\t\t\t\t<a>Horaires des Cours Intensifs<\/a><\/p>\n<p>Les cours intensifs s\u2019adressent \u00e0 celles et ceux qui souhaitent acqu\u00e9rir une ma\u00eetrise rapide du fran\u00e7ais et qui peuvent y consacrer 3 heures par jour.\u00a0<\/p>\n<p>.elementor-17749 .elementor-element.elementor-element-3e2b10fc table.tafe-table .tafe-table-header tr .elementor-repeater-item-06d9537{text-align:center;}.elementor-17749 .elementor-element.elementor-element-3e2b10fc table.tafe-table .tafe-table-header tr .elementor-repeater-item-5817b14{text-align:center;}.elementor-17749 .elementor-element.elementor-element-3e2b10fc table.tafe-table .tafe-table-header tr .elementor-repeater-item-18282db{text-align:center;}.elementor-17749 .elementor-element.elementor-element-3e2b10fc table.tafe-table .tafe-table-body tr .elementor-repeater-item-9fe2b58{text-align:center;}.elementor-17749 .elementor-element.elementor-element-3e2b10fc table.tafe-table .tafe-table-body tr .elementor-repeater-item-56dcf72{text-align:center;}.elementor-17749 .elementor-element.elementor-element-3e2b10fc table.tafe-table .tafe-table-body tr .elementor-repeater-item-74ffe40{text-align:center;}.elementor-17749 .elementor-element.elementor-element-3e2b10fc table.tafe-table td,.elementor-17749 .elementor-element.elementor-element-3e2b10fc table.tafe-table th{border-style:solid;border-width:2px 2px 2px 2px;border-color:var( &#8211;e-global-color-accent );}.elementor-17749 .elementor-element.elementor-element-3e2b10fc table.tafe-table .tafe-table-header tr th{color:var( &#8211;e-global-color-32b1808 );background-color:var( &#8211;e-global-color-accent );}\t\t<\/p>\n<section data-id=\"305ca5fa\" data-element_type=\"section\">\n<table>\n<thead>\n<tr>\n<th>Pilihan hari<\/th>\n<th>Pilihan waktu<\/th>\n<th colSpan=\"1\">Biaya<\/th>\n<\/tr>\n<\/thead>\n<tbody>\n<tr>\n<td data-label=\"Pilihan hari\">Senin &#8211; Jumat<\/td>\n<td data-label=\"Pilihan waktu\" colSpan=\"1\">09.00 &#8211; 12.30 \/ 15.00 &#8211; 18.30<br \/> (Istirahat 30 menit)<\/td>\n<td data-label=\"\" rowSpan=\"2\">Rp 2.700.000 per sesi*<\/td>\n<\/tr>\n<\/tbody>\n<\/table>\n<\/section>\n<section data-id=\"f9af6a9\" data-element_type=\"section\">\n<p><em>*Biaya belum termasuk buku dan member IFI.<\/em><br \/>*<em>Tarif di atas berlaku sampai 31 Desember 2025.<\/em><\/p>\n<\/section>\n<p>\t\t\t\t\t\t\t\t\t\t\t\t<a>Niveaux des Cours Intensifs<\/a><\/p>\n<p>L\u2019<strong>IFI Surabaya<\/strong>\u00a0propose des niveaux d\u2019apprentissage progressif suivant le Cadre Europ\u00e9en Commun de R\u00e9f\u00e9rence pour les Langues (CECRL).<\/p>\n<p><img decoding=\"async\" src=\"https:\/\/www.ifi-id.com\/wp-content\/uploads\/2021\/11\/Intensif.jpeg\" \/><\/p>\n<div class='kiosque-aec'><div\n data-module='classes'\n data-action='courses-selection-tiles'\n data-param-etablishment-branch-id='4'\n data-param-period-id=''\n data-param-classification-id='2'\n data-param-subject-id='1'\n data-param-class-type-id='4|50|52'\n data-param-main-level=''\n data-param-levels-to-filter-by=''\n data-param-localization=''\n data-param-class-format-id=''\n data-param-show-filter-choices='1'\n data-param-lang='fr_FR'><\/div><\/div>\n<h2>Test de Placement<\/h2>\n<p>Le test de placement s\u2019adresse aux candidats poss\u00e9dant d\u00e9j\u00e0 des bases de fran\u00e7ais. Ce test s\u2019applique \u00e9galement aux \u00e9tudiants IFI ayant interrompu leur apprentissage depuis plus d\u2019un an. Le test comporte une partie orale et une partie \u00e9crite avec une dur\u00e9e variable en fonction du niveau de langue du candidat.<\/p>\n<p>Si vous \u00eates d\u00e9butant complet, ce test de placement n\u2019est pas n\u00e9cessaire.<\/p>\n<p>\t\t\t<a href=\"https:\/\/wa.me\/6281231306739\" target=\"_blank\" rel=\"noopener\"><br \/>\n\t\t\t\t\t\t\t\t\tCliquez ici pour passer un test de placement<br \/>\n\t\t\t\t\t<\/a><\/p>\n<h2>Plus d&rsquo;information<\/h2>\n<p>\t\t\t<a href=\"https:\/\/wa.me\/6281231306739\" target=\"_blank\" rel=\"noopener\"><br \/>\n\t\t\t\t\t\t\t\t\tWhatsApp<br \/>\n\t\t\t\t\t<\/a><br \/>\n\t\t\t<a href=\"mailto:kursus.surabaya@ifi-id.com\" target=\"_blank\" rel=\"noopener\"><br \/>\n\t\t\t\t\t\t\t\t\tE-mail<br \/>\n\t\t\t\t\t<\/a><\/p>\n","protected":false},"excerpt":{"rendered":"<p>Surabaya &#8211; Cours pour Adultes Surabaya &#8211; Cours pour Adultes Les cours de fran\u00e7ais pour adultes s\u2019adressent \u00e0 un public \u00e2g\u00e9 de 15 ans et plus. Les cours sont organis\u00e9s en groupe \u00e0 partir du niveau A1 (D\u00e9butant) jusqu\u2019au niveau C2 (Avanc\u00e9), conform\u00e9ment aux normes europ\u00e9ennes d\u00e9finies par le CECRL (Cadre Europ\u00e9en Commun de R\u00e9f\u00e9rence &hellip; <\/p>\n<p class=\"link-more\"><a href=\"https:\/\/www.ifi-id.com\/fr\/surabaya-cours-pour-adultes\/\" class=\"more-link\">Continuer la lecture<span class=\"screen-reader-text\"> de &laquo;&nbsp;Surabaya &#8211; Cours pour Adultes&nbsp;&raquo;<\/span><\/a><\/p>\n","protected":false},"author":5,"featured_media":0,"parent":0,"menu_order":0,"comment_status":"closed","ping_status":"closed","template":"elementor_header_footer","meta":{"footnotes":""},"class_list":["post-18849","page","type-page","status-publish","hentry"],"yoast_head":"<!-- This site is optimized with the Yoast SEO plugin v23.5 - https:\/\/yoast.com\/wordpress\/plugins\/seo\/ -->\n<title>Surabaya - Cours pour Adultes - Institut fran\u00e7ais Indon\u00e9sie<\/title>\n<meta name=\"robots\" content=\"index, follow, max-snippet:-1, max-image-preview:large, max-video-preview:-1\" \/>\n<link rel=\"canonical\" href=\"https:\/\/www.ifi-id.com\/surabaya-kelas-dewasa\/\" \/>\n<meta property=\"og:locale\" content=\"fr_FR\" \/>\n<meta property=\"og:type\" content=\"article\" \/>\n<meta property=\"og:title\" content=\"Surabaya - Cours pour Adultes - Institut fran\u00e7ais Indon\u00e9sie\" \/>\n<meta property=\"og:description\" content=\"Surabaya &#8211; Cours pour Adultes Surabaya &#8211; Cours pour Adultes Les cours de fran\u00e7ais pour adultes s\u2019adressent \u00e0 un public \u00e2g\u00e9 de 15 ans et plus. Les cours sont organis\u00e9s en groupe \u00e0 partir du niveau A1 (D\u00e9butant) jusqu\u2019au niveau C2 (Avanc\u00e9), conform\u00e9ment aux normes europ\u00e9ennes d\u00e9finies par le CECRL (Cadre Europ\u00e9en Commun de R\u00e9f\u00e9rence &hellip; Continuer la lecture de &laquo;&nbsp;Surabaya &#8211; Cours pour Adultes&nbsp;&raquo;\" \/>\n<meta property=\"og:url\" content=\"https:\/\/www.ifi-id.com\/surabaya-kelas-dewasa\/\" \/>\n<meta property=\"og:site_name\" content=\"Institut fran\u00e7ais Indon\u00e9sie\" \/>\n<meta property=\"article:modified_time\" content=\"2025-01-14T08:36:04+00:00\" \/>\n<meta property=\"og:image\" content=\"https:\/\/www.ifi-id.com\/wp-content\/uploads\/2021\/11\/20190415-Dewasa-5-scaled.jpg\" \/>\n<meta name=\"twitter:card\" content=\"summary_large_image\" \/>\n<meta name=\"twitter:label1\" content=\"Dur\u00e9e de lecture estim\u00e9e\" \/>\n\t<meta name=\"twitter:data1\" content=\"5 minutes\" \/>\n<script type=\"application\/ld+json\" class=\"yoast-schema-graph\">{\"@context\":\"https:\/\/schema.org\",\"@graph\":[{\"@type\":\"WebPage\",\"@id\":\"https:\/\/www.ifi-id.com\/surabaya-kelas-dewasa\/\",\"url\":\"https:\/\/www.ifi-id.com\/surabaya-kelas-dewasa\/\",\"name\":\"Surabaya - Cours pour Adultes - Institut fran\u00e7ais Indon\u00e9sie\",\"isPartOf\":{\"@id\":\"https:\/\/www.ifi-id.com\/#website\"},\"primaryImageOfPage\":{\"@id\":\"https:\/\/www.ifi-id.com\/surabaya-kelas-dewasa\/#primaryimage\"},\"image\":{\"@id\":\"https:\/\/www.ifi-id.com\/surabaya-kelas-dewasa\/#primaryimage\"},\"thumbnailUrl\":\"https:\/\/www.ifi-id.com\/wp-content\/uploads\/2021\/11\/20190415-Dewasa-5-scaled.jpg\",\"datePublished\":\"2021-12-03T09:50:18+00:00\",\"dateModified\":\"2025-01-14T08:36:04+00:00\",\"breadcrumb\":{\"@id\":\"https:\/\/www.ifi-id.com\/surabaya-kelas-dewasa\/#breadcrumb\"},\"inLanguage\":\"fr-FR\",\"potentialAction\":[{\"@type\":\"ReadAction\",\"target\":[\"https:\/\/www.ifi-id.com\/surabaya-kelas-dewasa\/\"]}]},{\"@type\":\"ImageObject\",\"inLanguage\":\"fr-FR\",\"@id\":\"https:\/\/www.ifi-id.com\/surabaya-kelas-dewasa\/#primaryimage\",\"url\":\"https:\/\/www.ifi-id.com\/wp-content\/uploads\/2021\/11\/20190415-Dewasa-5-scaled.jpg\",\"contentUrl\":\"https:\/\/www.ifi-id.com\/wp-content\/uploads\/2021\/11\/20190415-Dewasa-5-scaled.jpg\"},{\"@type\":\"BreadcrumbList\",\"@id\":\"https:\/\/www.ifi-id.com\/surabaya-kelas-dewasa\/#breadcrumb\",\"itemListElement\":[{\"@type\":\"ListItem\",\"position\":1,\"name\":\"Home\",\"item\":\"https:\/\/www.ifi-id.com\/\"},{\"@type\":\"ListItem\",\"position\":2,\"name\":\"Surabaya &#8211; Cours pour Adultes\"}]},{\"@type\":\"WebSite\",\"@id\":\"https:\/\/www.ifi-id.com\/#website\",\"url\":\"https:\/\/www.ifi-id.com\/\",\"name\":\"Institut fran\u00e7ais Indon\u00e9sie\",\"description\":\"\",\"publisher\":{\"@id\":\"https:\/\/www.ifi-id.com\/#organization\"},\"potentialAction\":[{\"@type\":\"SearchAction\",\"target\":{\"@type\":\"EntryPoint\",\"urlTemplate\":\"https:\/\/www.ifi-id.com\/?s={search_term_string}\"},\"query-input\":{\"@type\":\"PropertyValueSpecification\",\"valueRequired\":true,\"valueName\":\"search_term_string\"}}],\"inLanguage\":\"fr-FR\"},{\"@type\":\"Organization\",\"@id\":\"https:\/\/www.ifi-id.com\/#organization\",\"name\":\"Institut fran\u00e7ais Indon\u00e9sie\",\"url\":\"https:\/\/www.ifi-id.com\/\",\"logo\":{\"@type\":\"ImageObject\",\"inLanguage\":\"fr-FR\",\"@id\":\"https:\/\/www.ifi-id.com\/#\/schema\/logo\/image\/\",\"url\":\"https:\/\/www.ifi-id.com\/wp-content\/uploads\/2022\/12\/IFI_New_Logo.jpg\",\"contentUrl\":\"https:\/\/www.ifi-id.com\/wp-content\/uploads\/2022\/12\/IFI_New_Logo.jpg\",\"width\":666,\"height\":444,\"caption\":\"Institut fran\u00e7ais Indon\u00e9sie\"},\"image\":{\"@id\":\"https:\/\/www.ifi-id.com\/#\/schema\/logo\/image\/\"}}]}<\/script>\n<!-- \/ Yoast SEO plugin. -->","yoast_head_json":{"title":"Surabaya - Cours pour Adultes - Institut fran\u00e7ais Indon\u00e9sie","robots":{"index":"index","follow":"follow","max-snippet":"max-snippet:-1","max-image-preview":"max-image-preview:large","max-video-preview":"max-video-preview:-1"},"canonical":"https:\/\/www.ifi-id.com\/surabaya-kelas-dewasa\/","og_locale":"fr_FR","og_type":"article","og_title":"Surabaya - Cours pour Adultes - Institut fran\u00e7ais Indon\u00e9sie","og_description":"Surabaya &#8211; Cours pour Adultes Surabaya &#8211; Cours pour Adultes Les cours de fran\u00e7ais pour adultes s\u2019adressent \u00e0 un public \u00e2g\u00e9 de 15 ans et plus. Les cours sont organis\u00e9s en groupe \u00e0 partir du niveau A1 (D\u00e9butant) jusqu\u2019au niveau C2 (Avanc\u00e9), conform\u00e9ment aux normes europ\u00e9ennes d\u00e9finies par le CECRL (Cadre Europ\u00e9en Commun de R\u00e9f\u00e9rence &hellip; Continuer la lecture de &laquo;&nbsp;Surabaya &#8211; Cours pour Adultes&nbsp;&raquo;","og_url":"https:\/\/www.ifi-id.com\/surabaya-kelas-dewasa\/","og_site_name":"Institut fran\u00e7ais Indon\u00e9sie","article_modified_time":"2025-01-14T08:36:04+00:00","og_image":[{"url":"https:\/\/www.ifi-id.com\/wp-content\/uploads\/2021\/11\/20190415-Dewasa-5-scaled.jpg"}],"twitter_card":"summary_large_image","twitter_misc":{"Dur\u00e9e de lecture estim\u00e9e":"5 minutes"},"schema":{"@context":"https:\/\/schema.org","@graph":[{"@type":"WebPage","@id":"https:\/\/www.ifi-id.com\/surabaya-kelas-dewasa\/","url":"https:\/\/www.ifi-id.com\/surabaya-kelas-dewasa\/","name":"Surabaya - Cours pour Adultes - Institut fran\u00e7ais Indon\u00e9sie","isPartOf":{"@id":"https:\/\/www.ifi-id.com\/#website"},"primaryImageOfPage":{"@id":"https:\/\/www.ifi-id.com\/surabaya-kelas-dewasa\/#primaryimage"},"image":{"@id":"https:\/\/www.ifi-id.com\/surabaya-kelas-dewasa\/#primaryimage"},"thumbnailUrl":"https:\/\/www.ifi-id.com\/wp-content\/uploads\/2021\/11\/20190415-Dewasa-5-scaled.jpg","datePublished":"2021-12-03T09:50:18+00:00","dateModified":"2025-01-14T08:36:04+00:00","breadcrumb":{"@id":"https:\/\/www.ifi-id.com\/surabaya-kelas-dewasa\/#breadcrumb"},"inLanguage":"fr-FR","potentialAction":[{"@type":"ReadAction","target":["https:\/\/www.ifi-id.com\/surabaya-kelas-dewasa\/"]}]},{"@type":"ImageObject","inLanguage":"fr-FR","@id":"https:\/\/www.ifi-id.com\/surabaya-kelas-dewasa\/#primaryimage","url":"https:\/\/www.ifi-id.com\/wp-content\/uploads\/2021\/11\/20190415-Dewasa-5-scaled.jpg","contentUrl":"https:\/\/www.ifi-id.com\/wp-content\/uploads\/2021\/11\/20190415-Dewasa-5-scaled.jpg"},{"@type":"BreadcrumbList","@id":"https:\/\/www.ifi-id.com\/surabaya-kelas-dewasa\/#breadcrumb","itemListElement":[{"@type":"ListItem","position":1,"name":"Home","item":"https:\/\/www.ifi-id.com\/"},{"@type":"ListItem","position":2,"name":"Surabaya &#8211; Cours pour Adultes"}]},{"@type":"WebSite","@id":"https:\/\/www.ifi-id.com\/#website","url":"https:\/\/www.ifi-id.com\/","name":"Institut fran\u00e7ais Indon\u00e9sie","description":"","publisher":{"@id":"https:\/\/www.ifi-id.com\/#organization"},"potentialAction":[{"@type":"SearchAction","target":{"@type":"EntryPoint","urlTemplate":"https:\/\/www.ifi-id.com\/?s={search_term_string}"},"query-input":{"@type":"PropertyValueSpecification","valueRequired":true,"valueName":"search_term_string"}}],"inLanguage":"fr-FR"},{"@type":"Organization","@id":"https:\/\/www.ifi-id.com\/#organization","name":"Institut fran\u00e7ais Indon\u00e9sie","url":"https:\/\/www.ifi-id.com\/","logo":{"@type":"ImageObject","inLanguage":"fr-FR","@id":"https:\/\/www.ifi-id.com\/#\/schema\/logo\/image\/","url":"https:\/\/www.ifi-id.com\/wp-content\/uploads\/2022\/12\/IFI_New_Logo.jpg","contentUrl":"https:\/\/www.ifi-id.com\/wp-content\/uploads\/2022\/12\/IFI_New_Logo.jpg","width":666,"height":444,"caption":"Institut fran\u00e7ais Indon\u00e9sie"},"image":{"@id":"https:\/\/www.ifi-id.com\/#\/schema\/logo\/image\/"}}]}},"post_mailing_queue_ids":[],"_links":{"self":[{"href":"https:\/\/www.ifi-id.com\/fr\/wp-json\/wp\/v2\/pages\/18849"}],"collection":[{"href":"https:\/\/www.ifi-id.com\/fr\/wp-json\/wp\/v2\/pages"}],"about":[{"href":"https:\/\/www.ifi-id.com\/fr\/wp-json\/wp\/v2\/types\/page"}],"author":[{"embeddable":true,"href":"https:\/\/www.ifi-id.com\/fr\/wp-json\/wp\/v2\/users\/5"}],"replies":[{"embeddable":true,"href":"https:\/\/www.ifi-id.com\/fr\/wp-json\/wp\/v2\/comments?post=18849"}],"version-history":[{"count":27,"href":"https:\/\/www.ifi-id.com\/fr\/wp-json\/wp\/v2\/pages\/18849\/revisions"}],"predecessor-version":[{"id":51910,"href":"https:\/\/www.ifi-id.com\/fr\/wp-json\/wp\/v2\/pages\/18849\/revisions\/51910"}],"wp:attachment":[{"href":"https:\/\/www.ifi-id.com\/fr\/wp-json\/wp\/v2\/media?parent=18849"}],"curies":[{"name":"wp","href":"https:\/\/api.w.org\/{rel}","templated":true}]}}