{"id":17354,"date":"2021-11-09T11:49:03","date_gmt":"2021-11-09T04:49:03","guid":{"rendered":"https:\/\/www.ifi-id.com\/tv5monde"},"modified":"2021-11-15T15:44:01","modified_gmt":"2021-11-15T08:44:01","slug":"partenaire-tv5monde","status":"publish","type":"page","link":"https:\/\/www.ifi-id.com\/fr\/partenaire-tv5monde\/","title":{"rendered":"TV5MONDE"},"content":{"rendered":"\t\t<div data-elementor-type=\"wp-page\" data-elementor-id=\"17354\" class=\"elementor elementor-17354 elementor-17349\" data-elementor-post-type=\"page\">\n\t\t\t\t\t\t<section class=\"elementor-section elementor-top-section elementor-element elementor-element-406b1699 elementor-section-boxed elementor-section-height-default elementor-section-height-default\" data-id=\"406b1699\" data-element_type=\"section\">\n\t\t\t\t\t\t<div class=\"elementor-container elementor-column-gap-default\">\n\t\t\t\t\t<div class=\"elementor-column elementor-col-100 elementor-top-column elementor-element elementor-element-71353256\" data-id=\"71353256\" data-element_type=\"column\">\n\t\t\t<div class=\"elementor-widget-wrap elementor-element-populated\">\n\t\t\t\t\t\t<div class=\"elementor-element elementor-element-7162490c elementor-widget elementor-widget-heading\" data-id=\"7162490c\" data-element_type=\"widget\" data-widget_type=\"heading.default\">\n\t\t\t\t<div class=\"elementor-widget-container\">\n\t\t\t<h2 class=\"elementor-heading-title elementor-size-default\">TV5MONDE<\/h2>\t\t<\/div>\n\t\t\t\t<\/div>\n\t\t\t\t\t<\/div>\n\t\t<\/div>\n\t\t\t\t\t<\/div>\n\t\t<\/section>\n\t\t\t\t<section class=\"elementor-section elementor-top-section elementor-element elementor-element-c8c42f4 elementor-section-boxed elementor-section-height-default elementor-section-height-default\" data-id=\"c8c42f4\" data-element_type=\"section\">\n\t\t\t\t\t\t<div class=\"elementor-container elementor-column-gap-default\">\n\t\t\t\t\t<div class=\"elementor-column elementor-col-100 elementor-top-column elementor-element elementor-element-be54a29\" data-id=\"be54a29\" data-element_type=\"column\">\n\t\t\t<div class=\"elementor-widget-wrap elementor-element-populated\">\n\t\t\t\t\t\t<div class=\"elementor-element elementor-element-c362aaa elementor-arrows-position-inside elementor-pagination-position-outside elementor-widget elementor-widget-image-carousel\" data-id=\"c362aaa\" data-element_type=\"widget\" data-settings=\"{&quot;slides_to_show&quot;:&quot;1&quot;,&quot;navigation&quot;:&quot;both&quot;,&quot;autoplay&quot;:&quot;yes&quot;,&quot;pause_on_hover&quot;:&quot;yes&quot;,&quot;pause_on_interaction&quot;:&quot;yes&quot;,&quot;autoplay_speed&quot;:5000,&quot;infinite&quot;:&quot;yes&quot;,&quot;effect&quot;:&quot;slide&quot;,&quot;speed&quot;:500}\" data-widget_type=\"image-carousel.default\">\n\t\t\t\t<div class=\"elementor-widget-container\">\n\t\t\t\t\t<div class=\"elementor-image-carousel-wrapper swiper\" dir=\"ltr\">\n\t\t\t<div class=\"elementor-image-carousel swiper-wrapper\" aria-live=\"off\">\n\t\t\t\t\t\t\t\t<div class=\"swiper-slide\" role=\"group\" aria-roledescription=\"slide\" aria-label=\"1 sur 5\"><figure class=\"swiper-slide-inner\"><img decoding=\"async\" class=\"swiper-slide-image\" src=\"https:\/\/www.ifi-id.com\/wp-content\/uploads\/2021\/11\/TV5MONDE_IF-Indonesia-banner-general.jpg\" alt=\"TV5MONDE_IF-Indonesia-banner-general\" \/><\/figure><\/div><div class=\"swiper-slide\" role=\"group\" aria-roledescription=\"slide\" aria-label=\"2 sur 5\"><figure class=\"swiper-slide-inner\"><img decoding=\"async\" class=\"swiper-slide-image\" src=\"https:\/\/www.ifi-id.com\/wp-content\/uploads\/2021\/11\/TV5MONDE_Programme_1.jpeg\" alt=\"\u00c9CHAPP\u00c9ES BELLES - Week-end autour de Paris\" \/><\/figure><\/div><div class=\"swiper-slide\" role=\"group\" aria-roledescription=\"slide\" aria-label=\"3 sur 5\"><figure class=\"swiper-slide-inner\"><img decoding=\"async\" class=\"swiper-slide-image\" src=\"https:\/\/www.ifi-id.com\/wp-content\/uploads\/2021\/11\/TV5MONDE_Programme_2.jpg\" alt=\"TV5MONDE_Programme_2\" \/><\/figure><\/div><div class=\"swiper-slide\" role=\"group\" aria-roledescription=\"slide\" aria-label=\"4 sur 5\"><figure class=\"swiper-slide-inner\"><img decoding=\"async\" class=\"swiper-slide-image\" src=\"https:\/\/www.ifi-id.com\/wp-content\/uploads\/2021\/11\/TV5MONDE_Programme_3.jpg\" alt=\"DES RACINES ET DES AILES\" \/><\/figure><\/div><div class=\"swiper-slide\" role=\"group\" aria-roledescription=\"slide\" aria-label=\"5 sur 5\"><figure class=\"swiper-slide-inner\"><img decoding=\"async\" class=\"swiper-slide-image\" src=\"https:\/\/www.ifi-id.com\/wp-content\/uploads\/2021\/11\/TV5MONDE_IF-Indonesia-banner-appwebsite.jpg\" alt=\"TV5MONDE_IF-Indonesia-banner-app&amp;website\" \/><\/figure><\/div>\t\t\t<\/div>\n\t\t\t\t\t\t\t\t\t\t\t\t<div class=\"elementor-swiper-button elementor-swiper-button-prev\" role=\"button\" tabindex=\"0\">\n\t\t\t\t\t\t<i aria-hidden=\"true\" class=\"eicon-chevron-left\"><\/i>\t\t\t\t\t<\/div>\n\t\t\t\t\t<div class=\"elementor-swiper-button elementor-swiper-button-next\" role=\"button\" tabindex=\"0\">\n\t\t\t\t\t\t<i aria-hidden=\"true\" class=\"eicon-chevron-right\"><\/i>\t\t\t\t\t<\/div>\n\t\t\t\t\n\t\t\t\t\t\t\t\t\t<div class=\"swiper-pagination\"><\/div>\n\t\t\t\t\t\t\t\t\t<\/div>\n\t\t\t\t<\/div>\n\t\t\t\t<\/div>\n\t\t\t\t\t<\/div>\n\t\t<\/div>\n\t\t\t\t\t<\/div>\n\t\t<\/section>\n\t\t\t\t<section class=\"elementor-section elementor-top-section elementor-element elementor-element-a24681b elementor-section-boxed elementor-section-height-default elementor-section-height-default\" data-id=\"a24681b\" data-element_type=\"section\">\n\t\t\t\t\t\t<div class=\"elementor-container elementor-column-gap-default\">\n\t\t\t\t\t<div class=\"elementor-column elementor-col-100 elementor-top-column elementor-element elementor-element-ef689fa\" data-id=\"ef689fa\" data-element_type=\"column\">\n\t\t\t<div class=\"elementor-widget-wrap elementor-element-populated\">\n\t\t\t\t\t\t<div class=\"elementor-element elementor-element-79c8fe6 elementor-widget elementor-widget-text-editor\" data-id=\"79c8fe6\" data-element_type=\"widget\" data-widget_type=\"text-editor.default\">\n\t\t\t\t<div class=\"elementor-widget-container\">\n\t\t\t\t\t\t\t<h3>La cha\u00eene culturelle francophone mondiale<\/h3>\n<p>TV5MONDE, c\u2019est le meilleur de la t\u00e9l\u00e9vision en fran\u00e7ais disponible aupr\u00e8s de plus de 400 millions de foyers TV dans le monde. Des programmes largement diffus\u00e9s sur les r\u00e9seaux c\u00e2bl\u00e9s, dans des millions de chambres d\u2019h\u00f4tel, propos\u00e9s sur de nombreuses compagnies a\u00e9riennes ou compagnies de croisi\u00e8re. Ce sont \u00e9galement des outils num\u00e9riques pour Apprendre ou Enseigner le fran\u00e7ais, une biblioth\u00e8que num\u00e9rique francophone, et des services pour voir et revoir les programmes de TV5MONDE et de ses partenaires.<\/p>\n<p>L\u2019ann\u00e9e 2021 marque pour TV5MONDE le 25\u00e8me anniversaire du lancement de la cha\u00eene en Asie : Aujourd\u2019hui, plus de 134 millions de foyers ont acc\u00e8s \u00e0 TV5MONDE Asie ou TV5MONDE Pacifique, auxquels s\u2019ajoute les millions de foyers recevant \u00e9galement la cha\u00eene Art de Vivre : TV5MONDE Style.<\/p>\n<p>Les cha\u00eenes sont disponibles sur le c\u00e2ble aupr\u00e8s de tr\u00e8s nombreux partenaires locaux et par internet, sur abonnement, gr\u00e2ce \u00e0 un tout nouveau site Asie-Pacifique qui met l\u2019accent sur l\u2019exp\u00e9rience utilisateur, la facilit\u00e9 de connexion et la simplicit\u00e9 d\u2019utilisation.<\/p>\n<p>2021, c\u2019est \u00e9galement le premier anniversaire de la plateforme de vid\u00e9o \u00e0 la Demande &#8211; TV5MONDEplus : une plateforme accessible gratuitement dans 194 pays et l\u2019envie affich\u00e9e de promouvoir <em>\u00ab la richesse des programmes et de la culture en fran\u00e7ais \u00bb<\/em>. C\u2019est une offre de contenus exclusivement en langue fran\u00e7aise, sous-titr\u00e9e en 5 langues et disponible, \u00e0 tout moment, sur l\u2019ensemble des supports web et mobiles : web, applications mobiles et TV connect\u00e9es&#8230;<\/p>\n<p>\u00c9largir la tr\u00e8s belle initiative des \u00ab troph\u00e9es des fran\u00e7ais de l\u2019\u00e9tranger \u00bb aux francophones est une \u00e9vidence pour TV5MONDE car la francophonie, c\u2019est l\u2019ADN m\u00eame de TV5MONDE. Dans un monde ultra connect\u00e9, la langue et la culture est ce qui nous rapproche le plus. Mettre \u00e0 l\u2019honneur la culture et la francophonie, en mettant un coup de projecteur et en r\u00e9compensant les initiatives locales de celles et ceux qui se battent au quotidien pour d\u00e9fendre ces valeurs, c\u2019est faire autrement ce que TV5MONDE fait d\u00e9j\u00e0 chaque jour depuis plus de 35 ans.<\/p>\n\t\t\t\t\t\t<\/div>\n\t\t\t\t<\/div>\n\t\t\t\t\t<\/div>\n\t\t<\/div>\n\t\t\t\t\t<\/div>\n\t\t<\/section>\n\t\t\t\t<section class=\"elementor-section elementor-top-section elementor-element elementor-element-59af639 elementor-section-boxed elementor-section-height-default elementor-section-height-default\" data-id=\"59af639\" data-element_type=\"section\">\n\t\t\t\t\t\t<div class=\"elementor-container elementor-column-gap-default\">\n\t\t\t\t\t<div class=\"elementor-column elementor-col-100 elementor-top-column elementor-element elementor-element-5f599af\" data-id=\"5f599af\" data-element_type=\"column\">\n\t\t\t<div class=\"elementor-widget-wrap elementor-element-populated\">\n\t\t\t\t\t\t<div class=\"elementor-element elementor-element-2f0c145 elementor-widget elementor-widget-button\" data-id=\"2f0c145\" data-element_type=\"widget\" data-widget_type=\"button.default\">\n\t\t\t\t<div class=\"elementor-widget-container\">\n\t\t\t\t\t<div class=\"elementor-button-wrapper\">\n\t\t\t<a class=\"elementor-button elementor-button-link elementor-size-lg\" href=\"https:\/\/apac.tv5monde.com\/en\">\n\t\t\t\t\t\t<span class=\"elementor-button-content-wrapper\">\n\t\t\t\t\t\t\t\t\t<span class=\"elementor-button-text\">Site web TV5MONDE<\/span>\n\t\t\t\t\t<\/span>\n\t\t\t\t\t<\/a>\n\t\t<\/div>\n\t\t\t\t<\/div>\n\t\t\t\t<\/div>\n\t\t\t\t\t<\/div>\n\t\t<\/div>\n\t\t\t\t\t<\/div>\n\t\t<\/section>\n\t\t\t\t<\/div>\n\t\t","protected":false},"excerpt":{"rendered":"<p>TV5MONDE Previous Next La cha\u00eene culturelle francophone mondiale TV5MONDE, c\u2019est le meilleur de la t\u00e9l\u00e9vision en fran\u00e7ais disponible aupr\u00e8s de plus de 400 millions de foyers TV dans le monde. Des programmes largement diffus\u00e9s sur les r\u00e9seaux c\u00e2bl\u00e9s, dans des millions de chambres d\u2019h\u00f4tel, propos\u00e9s sur de nombreuses compagnies a\u00e9riennes ou compagnies de croisi\u00e8re. Ce &hellip; <\/p>\n<p class=\"link-more\"><a href=\"https:\/\/www.ifi-id.com\/fr\/partenaire-tv5monde\/\" class=\"more-link\">Continuer la lecture<span class=\"screen-reader-text\"> de &laquo;&nbsp;TV5MONDE&nbsp;&raquo;<\/span><\/a><\/p>\n","protected":false},"author":8,"featured_media":16777,"parent":0,"menu_order":0,"comment_status":"closed","ping_status":"closed","template":"elementor_header_footer","meta":{"footnotes":""},"class_list":["post-17354","page","type-page","status-publish","has-post-thumbnail","hentry"],"yoast_head":"<!-- This site is optimized with the Yoast SEO plugin v23.5 - https:\/\/yoast.com\/wordpress\/plugins\/seo\/ -->\n<title>TV5MONDE - Institut fran\u00e7ais Indon\u00e9sie<\/title>\n<meta name=\"robots\" content=\"index, follow, max-snippet:-1, max-image-preview:large, max-video-preview:-1\" \/>\n<link rel=\"canonical\" href=\"https:\/\/www.ifi-id.com\/fr\/partenaire-tv5monde\/\" \/>\n<meta property=\"og:locale\" content=\"fr_FR\" \/>\n<meta property=\"og:type\" content=\"article\" \/>\n<meta property=\"og:title\" content=\"TV5MONDE\" \/>\n<meta property=\"og:description\" content=\"TV5MONDE, c\u2019est le meilleur de la t\u00e9l\u00e9vision en fran\u00e7ais disponible aupr\u00e8s de plus de 400 millions de foyers TV dans le monde.\" \/>\n<meta property=\"og:url\" content=\"https:\/\/www.ifi-id.com\/fr\/partenaire-tv5monde\/\" \/>\n<meta property=\"og:site_name\" content=\"Institut fran\u00e7ais Indon\u00e9sie\" \/>\n<meta property=\"article:modified_time\" content=\"2021-11-15T08:44:01+00:00\" \/>\n<meta property=\"og:image\" content=\"https:\/\/www.ifi-id.com\/wp-content\/uploads\/2021\/10\/FSP-Logo_0006_Page-35-Media-Partner-TV5-MONDE.jpg\" \/>\n<meta name=\"twitter:card\" content=\"summary_large_image\" \/>\n<meta name=\"twitter:title\" content=\"TV5MONDE\" \/>\n<meta name=\"twitter:description\" content=\"TV5MONDE, c\u2019est le meilleur de la t\u00e9l\u00e9vision en fran\u00e7ais disponible aupr\u00e8s de plus de 400 millions de foyers TV dans le monde.\" \/>\n<meta name=\"twitter:image\" content=\"https:\/\/www.ifi-id.com\/wp-content\/uploads\/2021\/10\/FSP-Logo_0006_Page-35-Media-Partner-TV5-MONDE.jpg\" \/>\n<meta name=\"twitter:label1\" content=\"Dur\u00e9e de lecture estim\u00e9e\" \/>\n\t<meta name=\"twitter:data1\" content=\"2 minutes\" \/>\n<script type=\"application\/ld+json\" class=\"yoast-schema-graph\">{\"@context\":\"https:\/\/schema.org\",\"@graph\":[{\"@type\":\"WebPage\",\"@id\":\"https:\/\/www.ifi-id.com\/fr\/partenaire-tv5monde\/\",\"url\":\"https:\/\/www.ifi-id.com\/fr\/partenaire-tv5monde\/\",\"name\":\"TV5MONDE - Institut fran\u00e7ais Indon\u00e9sie\",\"isPartOf\":{\"@id\":\"https:\/\/www.ifi-id.com\/#website\"},\"primaryImageOfPage\":{\"@id\":\"https:\/\/www.ifi-id.com\/fr\/partenaire-tv5monde\/#primaryimage\"},\"image\":{\"@id\":\"https:\/\/www.ifi-id.com\/fr\/partenaire-tv5monde\/#primaryimage\"},\"thumbnailUrl\":\"https:\/\/www.ifi-id.com\/wp-content\/uploads\/2021\/10\/FSP-Logo_0006_Page-35-Media-Partner-TV5-MONDE.jpg\",\"datePublished\":\"2021-11-09T04:49:03+00:00\",\"dateModified\":\"2021-11-15T08:44:01+00:00\",\"breadcrumb\":{\"@id\":\"https:\/\/www.ifi-id.com\/fr\/partenaire-tv5monde\/#breadcrumb\"},\"inLanguage\":\"fr-FR\",\"potentialAction\":[{\"@type\":\"ReadAction\",\"target\":[\"https:\/\/www.ifi-id.com\/fr\/partenaire-tv5monde\/\"]}]},{\"@type\":\"ImageObject\",\"inLanguage\":\"fr-FR\",\"@id\":\"https:\/\/www.ifi-id.com\/fr\/partenaire-tv5monde\/#primaryimage\",\"url\":\"https:\/\/www.ifi-id.com\/wp-content\/uploads\/2021\/10\/FSP-Logo_0006_Page-35-Media-Partner-TV5-MONDE.jpg\",\"contentUrl\":\"https:\/\/www.ifi-id.com\/wp-content\/uploads\/2021\/10\/FSP-Logo_0006_Page-35-Media-Partner-TV5-MONDE.jpg\",\"width\":1280,\"height\":720},{\"@type\":\"BreadcrumbList\",\"@id\":\"https:\/\/www.ifi-id.com\/fr\/partenaire-tv5monde\/#breadcrumb\",\"itemListElement\":[{\"@type\":\"ListItem\",\"position\":1,\"name\":\"Home\",\"item\":\"https:\/\/www.ifi-id.com\/\"},{\"@type\":\"ListItem\",\"position\":2,\"name\":\"TV5MONDE\"}]},{\"@type\":\"WebSite\",\"@id\":\"https:\/\/www.ifi-id.com\/#website\",\"url\":\"https:\/\/www.ifi-id.com\/\",\"name\":\"Institut fran\u00e7ais Indon\u00e9sie\",\"description\":\"\",\"publisher\":{\"@id\":\"https:\/\/www.ifi-id.com\/#organization\"},\"potentialAction\":[{\"@type\":\"SearchAction\",\"target\":{\"@type\":\"EntryPoint\",\"urlTemplate\":\"https:\/\/www.ifi-id.com\/?s={search_term_string}\"},\"query-input\":{\"@type\":\"PropertyValueSpecification\",\"valueRequired\":true,\"valueName\":\"search_term_string\"}}],\"inLanguage\":\"fr-FR\"},{\"@type\":\"Organization\",\"@id\":\"https:\/\/www.ifi-id.com\/#organization\",\"name\":\"Institut fran\u00e7ais Indon\u00e9sie\",\"url\":\"https:\/\/www.ifi-id.com\/\",\"logo\":{\"@type\":\"ImageObject\",\"inLanguage\":\"fr-FR\",\"@id\":\"https:\/\/www.ifi-id.com\/#\/schema\/logo\/image\/\",\"url\":\"https:\/\/www.ifi-id.com\/wp-content\/uploads\/2022\/12\/IFI_New_Logo.jpg\",\"contentUrl\":\"https:\/\/www.ifi-id.com\/wp-content\/uploads\/2022\/12\/IFI_New_Logo.jpg\",\"width\":666,\"height\":444,\"caption\":\"Institut fran\u00e7ais Indon\u00e9sie\"},\"image\":{\"@id\":\"https:\/\/www.ifi-id.com\/#\/schema\/logo\/image\/\"}}]}<\/script>\n<!-- \/ Yoast SEO plugin. -->","yoast_head_json":{"title":"TV5MONDE - Institut fran\u00e7ais Indon\u00e9sie","robots":{"index":"index","follow":"follow","max-snippet":"max-snippet:-1","max-image-preview":"max-image-preview:large","max-video-preview":"max-video-preview:-1"},"canonical":"https:\/\/www.ifi-id.com\/fr\/partenaire-tv5monde\/","og_locale":"fr_FR","og_type":"article","og_title":"TV5MONDE","og_description":"TV5MONDE, c\u2019est le meilleur de la t\u00e9l\u00e9vision en fran\u00e7ais disponible aupr\u00e8s de plus de 400 millions de foyers TV dans le monde.","og_url":"https:\/\/www.ifi-id.com\/fr\/partenaire-tv5monde\/","og_site_name":"Institut fran\u00e7ais Indon\u00e9sie","article_modified_time":"2021-11-15T08:44:01+00:00","og_image":[{"url":"https:\/\/www.ifi-id.com\/wp-content\/uploads\/2021\/10\/FSP-Logo_0006_Page-35-Media-Partner-TV5-MONDE.jpg"}],"twitter_card":"summary_large_image","twitter_title":"TV5MONDE","twitter_description":"TV5MONDE, c\u2019est le meilleur de la t\u00e9l\u00e9vision en fran\u00e7ais disponible aupr\u00e8s de plus de 400 millions de foyers TV dans le monde.","twitter_image":"https:\/\/www.ifi-id.com\/wp-content\/uploads\/2021\/10\/FSP-Logo_0006_Page-35-Media-Partner-TV5-MONDE.jpg","twitter_misc":{"Dur\u00e9e de lecture estim\u00e9e":"2 minutes"},"schema":{"@context":"https:\/\/schema.org","@graph":[{"@type":"WebPage","@id":"https:\/\/www.ifi-id.com\/fr\/partenaire-tv5monde\/","url":"https:\/\/www.ifi-id.com\/fr\/partenaire-tv5monde\/","name":"TV5MONDE - Institut fran\u00e7ais Indon\u00e9sie","isPartOf":{"@id":"https:\/\/www.ifi-id.com\/#website"},"primaryImageOfPage":{"@id":"https:\/\/www.ifi-id.com\/fr\/partenaire-tv5monde\/#primaryimage"},"image":{"@id":"https:\/\/www.ifi-id.com\/fr\/partenaire-tv5monde\/#primaryimage"},"thumbnailUrl":"https:\/\/www.ifi-id.com\/wp-content\/uploads\/2021\/10\/FSP-Logo_0006_Page-35-Media-Partner-TV5-MONDE.jpg","datePublished":"2021-11-09T04:49:03+00:00","dateModified":"2021-11-15T08:44:01+00:00","breadcrumb":{"@id":"https:\/\/www.ifi-id.com\/fr\/partenaire-tv5monde\/#breadcrumb"},"inLanguage":"fr-FR","potentialAction":[{"@type":"ReadAction","target":["https:\/\/www.ifi-id.com\/fr\/partenaire-tv5monde\/"]}]},{"@type":"ImageObject","inLanguage":"fr-FR","@id":"https:\/\/www.ifi-id.com\/fr\/partenaire-tv5monde\/#primaryimage","url":"https:\/\/www.ifi-id.com\/wp-content\/uploads\/2021\/10\/FSP-Logo_0006_Page-35-Media-Partner-TV5-MONDE.jpg","contentUrl":"https:\/\/www.ifi-id.com\/wp-content\/uploads\/2021\/10\/FSP-Logo_0006_Page-35-Media-Partner-TV5-MONDE.jpg","width":1280,"height":720},{"@type":"BreadcrumbList","@id":"https:\/\/www.ifi-id.com\/fr\/partenaire-tv5monde\/#breadcrumb","itemListElement":[{"@type":"ListItem","position":1,"name":"Home","item":"https:\/\/www.ifi-id.com\/"},{"@type":"ListItem","position":2,"name":"TV5MONDE"}]},{"@type":"WebSite","@id":"https:\/\/www.ifi-id.com\/#website","url":"https:\/\/www.ifi-id.com\/","name":"Institut fran\u00e7ais Indon\u00e9sie","description":"","publisher":{"@id":"https:\/\/www.ifi-id.com\/#organization"},"potentialAction":[{"@type":"SearchAction","target":{"@type":"EntryPoint","urlTemplate":"https:\/\/www.ifi-id.com\/?s={search_term_string}"},"query-input":{"@type":"PropertyValueSpecification","valueRequired":true,"valueName":"search_term_string"}}],"inLanguage":"fr-FR"},{"@type":"Organization","@id":"https:\/\/www.ifi-id.com\/#organization","name":"Institut fran\u00e7ais Indon\u00e9sie","url":"https:\/\/www.ifi-id.com\/","logo":{"@type":"ImageObject","inLanguage":"fr-FR","@id":"https:\/\/www.ifi-id.com\/#\/schema\/logo\/image\/","url":"https:\/\/www.ifi-id.com\/wp-content\/uploads\/2022\/12\/IFI_New_Logo.jpg","contentUrl":"https:\/\/www.ifi-id.com\/wp-content\/uploads\/2022\/12\/IFI_New_Logo.jpg","width":666,"height":444,"caption":"Institut fran\u00e7ais Indon\u00e9sie"},"image":{"@id":"https:\/\/www.ifi-id.com\/#\/schema\/logo\/image\/"}}]}},"post_mailing_queue_ids":[],"_links":{"self":[{"href":"https:\/\/www.ifi-id.com\/fr\/wp-json\/wp\/v2\/pages\/17354"}],"collection":[{"href":"https:\/\/www.ifi-id.com\/fr\/wp-json\/wp\/v2\/pages"}],"about":[{"href":"https:\/\/www.ifi-id.com\/fr\/wp-json\/wp\/v2\/types\/page"}],"author":[{"embeddable":true,"href":"https:\/\/www.ifi-id.com\/fr\/wp-json\/wp\/v2\/users\/8"}],"replies":[{"embeddable":true,"href":"https:\/\/www.ifi-id.com\/fr\/wp-json\/wp\/v2\/comments?post=17354"}],"version-history":[{"count":3,"href":"https:\/\/www.ifi-id.com\/fr\/wp-json\/wp\/v2\/pages\/17354\/revisions"}],"predecessor-version":[{"id":17651,"href":"https:\/\/www.ifi-id.com\/fr\/wp-json\/wp\/v2\/pages\/17354\/revisions\/17651"}],"wp:featuredmedia":[{"embeddable":true,"href":"https:\/\/www.ifi-id.com\/fr\/wp-json\/wp\/v2\/media\/16777"}],"wp:attachment":[{"href":"https:\/\/www.ifi-id.com\/fr\/wp-json\/wp\/v2\/media?parent=17354"}],"curies":[{"name":"wp","href":"https:\/\/api.w.org\/{rel}","templated":true}]}}