{"id":16604,"date":"2021-10-25T16:34:57","date_gmt":"2021-10-25T09:34:57","guid":{"rendered":"https:\/\/www.ifi-id.com\/festival-du-cinema-francais-2021-films"},"modified":"2021-10-29T15:08:51","modified_gmt":"2021-10-29T08:08:51","slug":"festival-du-cinema-francais-2021-films","status":"publish","type":"page","link":"https:\/\/www.ifi-id.com\/fr\/festival-du-cinema-francais-2021-films\/","title":{"rendered":"Festival du Cin\u00e9ma Fran\u00e7ais 2021 &#8211; Films"},"content":{"rendered":"\t\t<div data-elementor-type=\"wp-page\" data-elementor-id=\"16604\" class=\"elementor elementor-16604 elementor-16141\" data-elementor-post-type=\"page\">\n\t\t\t\t\t\t<section class=\"elementor-section elementor-top-section elementor-element elementor-element-1fcfa77 elementor-section-boxed elementor-section-height-default elementor-section-height-default\" data-id=\"1fcfa77\" data-element_type=\"section\">\n\t\t\t\t\t\t<div class=\"elementor-container elementor-column-gap-default\">\n\t\t\t\t\t<div class=\"elementor-column elementor-col-100 elementor-top-column elementor-element elementor-element-56ae64e0\" data-id=\"56ae64e0\" data-element_type=\"column\">\n\t\t\t<div class=\"elementor-widget-wrap elementor-element-populated\">\n\t\t\t\t\t\t<div class=\"elementor-element elementor-element-29649861 elementor-widget elementor-widget-heading\" data-id=\"29649861\" data-element_type=\"widget\" data-widget_type=\"heading.default\">\n\t\t\t\t<div class=\"elementor-widget-container\">\n\t\t\t<h2 class=\"elementor-heading-title elementor-size-default\">Films du Festival du cin\u00e9ma fran\u00e7ais 2021<\/h2>\t\t<\/div>\n\t\t\t\t<\/div>\n\t\t\t\t\t<\/div>\n\t\t<\/div>\n\t\t\t\t\t<\/div>\n\t\t<\/section>\n\t\t\t\t<section class=\"elementor-section elementor-top-section elementor-element elementor-element-75798bf elementor-section-boxed elementor-section-height-default elementor-section-height-default\" data-id=\"75798bf\" data-element_type=\"section\">\n\t\t\t\t\t\t<div class=\"elementor-container elementor-column-gap-default\">\n\t\t\t\t\t<div class=\"elementor-column elementor-col-100 elementor-top-column elementor-element elementor-element-2b2d9c3\" data-id=\"2b2d9c3\" data-element_type=\"column\">\n\t\t\t<div class=\"elementor-widget-wrap elementor-element-populated\">\n\t\t\t\t\t\t<div class=\"elementor-element elementor-element-b4a7062 elementor-grid-3 elementor-grid-tablet-2 elementor-grid-mobile-1 elementor-posts--thumbnail-top elementor-card-shadow-yes elementor-posts__hover-gradient elementor-widget elementor-widget-posts\" data-id=\"b4a7062\" data-element_type=\"widget\" data-settings=\"{&quot;pagination_type&quot;:&quot;numbers_and_prev_next&quot;,&quot;cards_row_gap&quot;:{&quot;unit&quot;:&quot;px&quot;,&quot;size&quot;:17,&quot;sizes&quot;:[]},&quot;cards_columns&quot;:&quot;3&quot;,&quot;cards_columns_tablet&quot;:&quot;2&quot;,&quot;cards_columns_mobile&quot;:&quot;1&quot;,&quot;cards_row_gap_tablet&quot;:{&quot;unit&quot;:&quot;px&quot;,&quot;size&quot;:&quot;&quot;,&quot;sizes&quot;:[]},&quot;cards_row_gap_mobile&quot;:{&quot;unit&quot;:&quot;px&quot;,&quot;size&quot;:&quot;&quot;,&quot;sizes&quot;:[]}}\" data-widget_type=\"posts.cards\">\n\t\t\t\t<div class=\"elementor-widget-container\">\n\t\t\t\t\t<div class=\"elementor-posts-container elementor-posts elementor-posts--skin-cards elementor-grid\">\n\t\t\t\t<article class=\"elementor-post elementor-grid-item post-16439 page type-page status-publish has-post-thumbnail hentry\">\n\t\t\t<div class=\"elementor-post__card\">\n\t\t\t\t<a class=\"elementor-post__thumbnail__link\" href=\"https:\/\/www.ifi-id.com\/fr\/fsp21-film-16-levers-de-soleil\/\" tabindex=\"-1\" ><div class=\"elementor-post__thumbnail\"><img fetchpriority=\"high\" decoding=\"async\" width=\"2560\" height=\"1440\" src=\"https:\/\/www.ifi-id.com\/wp-content\/uploads\/2021\/10\/16LDSv01_13036_00278257-1-scaled.jpg\" class=\"attachment-full size-full wp-image-16432\" alt=\"\" srcset=\"https:\/\/www.ifi-id.com\/wp-content\/uploads\/2021\/10\/16LDSv01_13036_00278257-1-scaled.jpg 2560w, https:\/\/www.ifi-id.com\/wp-content\/uploads\/2021\/10\/16LDSv01_13036_00278257-1-300x169.jpg 300w, https:\/\/www.ifi-id.com\/wp-content\/uploads\/2021\/10\/16LDSv01_13036_00278257-1-1024x576.jpg 1024w, https:\/\/www.ifi-id.com\/wp-content\/uploads\/2021\/10\/16LDSv01_13036_00278257-1-768x432.jpg 768w, https:\/\/www.ifi-id.com\/wp-content\/uploads\/2021\/10\/16LDSv01_13036_00278257-1-1536x864.jpg 1536w, https:\/\/www.ifi-id.com\/wp-content\/uploads\/2021\/10\/16LDSv01_13036_00278257-1-2048x1152.jpg 2048w\" sizes=\"100vw\" \/><\/div><\/a>\n\t\t\t\t<div class=\"elementor-post__text\">\n\t\t\t\t<h3 class=\"elementor-post__title\">\n\t\t\t<a href=\"https:\/\/www.ifi-id.com\/fr\/fsp21-film-16-levers-de-soleil\/\" >\n\t\t\t\t16 levers de soleil &#8211; Festival du Cin\u00e9ma Fran\u00e7ais 2021\t\t\t<\/a>\n\t\t<\/h3>\n\t\t\t\t<\/div>\n\t\t\t\t\t<\/div>\n\t\t<\/article>\n\t\t\t\t<article class=\"elementor-post elementor-grid-item post-16566 page type-page status-publish has-post-thumbnail hentry\">\n\t\t\t<div class=\"elementor-post__card\">\n\t\t\t\t<a class=\"elementor-post__thumbnail__link\" href=\"https:\/\/www.ifi-id.com\/fr\/fsp21-film-au-revoir-la-haut\/\" tabindex=\"-1\" ><div class=\"elementor-post__thumbnail\"><img decoding=\"async\" width=\"2560\" height=\"1440\" src=\"https:\/\/www.ifi-id.com\/wp-content\/uploads\/2021\/10\/5-2-2-scaled.jpg\" class=\"attachment-full size-full wp-image-16551\" alt=\"\" srcset=\"https:\/\/www.ifi-id.com\/wp-content\/uploads\/2021\/10\/5-2-2-scaled.jpg 2560w, https:\/\/www.ifi-id.com\/wp-content\/uploads\/2021\/10\/5-2-2-300x169.jpg 300w, https:\/\/www.ifi-id.com\/wp-content\/uploads\/2021\/10\/5-2-2-1024x576.jpg 1024w, https:\/\/www.ifi-id.com\/wp-content\/uploads\/2021\/10\/5-2-2-768x432.jpg 768w, https:\/\/www.ifi-id.com\/wp-content\/uploads\/2021\/10\/5-2-2-1536x864.jpg 1536w, https:\/\/www.ifi-id.com\/wp-content\/uploads\/2021\/10\/5-2-2-2048x1152.jpg 2048w\" sizes=\"100vw\" \/><\/div><\/a>\n\t\t\t\t<div class=\"elementor-post__text\">\n\t\t\t\t<h3 class=\"elementor-post__title\">\n\t\t\t<a href=\"https:\/\/www.ifi-id.com\/fr\/fsp21-film-au-revoir-la-haut\/\" >\n\t\t\t\tAu Revoir L\u00e0-Haut &#8211; Festival du Cin\u00e9ma Fran\u00e7ais 2021\t\t\t<\/a>\n\t\t<\/h3>\n\t\t\t\t<\/div>\n\t\t\t\t\t<\/div>\n\t\t<\/article>\n\t\t\t\t<article class=\"elementor-post elementor-grid-item post-16738 page type-page status-publish has-post-thumbnail hentry\">\n\t\t\t<div class=\"elementor-post__card\">\n\t\t\t\t<a class=\"elementor-post__thumbnail__link\" href=\"https:\/\/www.ifi-id.com\/fr\/ce-qui-nous-lie-festival-du-cinema-francais-2021\/\" tabindex=\"-1\" ><div class=\"elementor-post__thumbnail\"><img decoding=\"async\" width=\"1280\" height=\"720\" src=\"https:\/\/www.ifi-id.com\/wp-content\/uploads\/2021\/10\/AAAABRRSq0A9cg44dtOiQrgvPU4UCsCgp-K0hCNIQozpUrkRajE6jQKiKKBiPDNtnN5vD3EXjfNLWFlopToq9AptcAba5ZQb.jpg\" class=\"attachment-full size-full wp-image-16733\" alt=\"\" srcset=\"https:\/\/www.ifi-id.com\/wp-content\/uploads\/2021\/10\/AAAABRRSq0A9cg44dtOiQrgvPU4UCsCgp-K0hCNIQozpUrkRajE6jQKiKKBiPDNtnN5vD3EXjfNLWFlopToq9AptcAba5ZQb.jpg 1280w, https:\/\/www.ifi-id.com\/wp-content\/uploads\/2021\/10\/AAAABRRSq0A9cg44dtOiQrgvPU4UCsCgp-K0hCNIQozpUrkRajE6jQKiKKBiPDNtnN5vD3EXjfNLWFlopToq9AptcAba5ZQb-300x169.jpg 300w, https:\/\/www.ifi-id.com\/wp-content\/uploads\/2021\/10\/AAAABRRSq0A9cg44dtOiQrgvPU4UCsCgp-K0hCNIQozpUrkRajE6jQKiKKBiPDNtnN5vD3EXjfNLWFlopToq9AptcAba5ZQb-1024x576.jpg 1024w, https:\/\/www.ifi-id.com\/wp-content\/uploads\/2021\/10\/AAAABRRSq0A9cg44dtOiQrgvPU4UCsCgp-K0hCNIQozpUrkRajE6jQKiKKBiPDNtnN5vD3EXjfNLWFlopToq9AptcAba5ZQb-768x432.jpg 768w\" sizes=\"100vw\" \/><\/div><\/a>\n\t\t\t\t<div class=\"elementor-post__text\">\n\t\t\t\t<h3 class=\"elementor-post__title\">\n\t\t\t<a href=\"https:\/\/www.ifi-id.com\/fr\/ce-qui-nous-lie-festival-du-cinema-francais-2021\/\" >\n\t\t\t\tCe qui nous lie &#8211; Festival du Cin\u00e9ma Fran\u00e7ais 2021\t\t\t<\/a>\n\t\t<\/h3>\n\t\t\t\t<\/div>\n\t\t\t\t\t<\/div>\n\t\t<\/article>\n\t\t\t\t<article class=\"elementor-post elementor-grid-item post-16546 page type-page status-publish has-post-thumbnail hentry\">\n\t\t\t<div class=\"elementor-post__card\">\n\t\t\t\t<a class=\"elementor-post__thumbnail__link\" href=\"https:\/\/www.ifi-id.com\/fr\/fsp21-film-dans-les-yeux-de-thomas-pesquet\/\" tabindex=\"-1\" ><div class=\"elementor-post__thumbnail\"><img loading=\"lazy\" decoding=\"async\" width=\"1280\" height=\"720\" src=\"https:\/\/www.ifi-id.com\/wp-content\/uploads\/2021\/10\/16LDSv01_2820_00127528-copy.jpg\" class=\"attachment-full size-full wp-image-16539\" alt=\"\" srcset=\"https:\/\/www.ifi-id.com\/wp-content\/uploads\/2021\/10\/16LDSv01_2820_00127528-copy.jpg 1280w, https:\/\/www.ifi-id.com\/wp-content\/uploads\/2021\/10\/16LDSv01_2820_00127528-copy-300x169.jpg 300w, https:\/\/www.ifi-id.com\/wp-content\/uploads\/2021\/10\/16LDSv01_2820_00127528-copy-1024x576.jpg 1024w, https:\/\/www.ifi-id.com\/wp-content\/uploads\/2021\/10\/16LDSv01_2820_00127528-copy-768x432.jpg 768w\" sizes=\"100vw\" \/><\/div><\/a>\n\t\t\t\t<div class=\"elementor-post__text\">\n\t\t\t\t<h3 class=\"elementor-post__title\">\n\t\t\t<a href=\"https:\/\/www.ifi-id.com\/fr\/fsp21-film-dans-les-yeux-de-thomas-pesquet\/\" >\n\t\t\t\tDans les Yeux de Thomas Pesquet &#8211; Festival du Cin\u00e9ma Fran\u00e7ais 2021\t\t\t<\/a>\n\t\t<\/h3>\n\t\t\t\t<\/div>\n\t\t\t\t\t<\/div>\n\t\t<\/article>\n\t\t\t\t<article class=\"elementor-post elementor-grid-item post-16488 page type-page status-publish has-post-thumbnail hentry\">\n\t\t\t<div class=\"elementor-post__card\">\n\t\t\t\t<a class=\"elementor-post__thumbnail__link\" href=\"https:\/\/www.ifi-id.com\/fr\/fsp21-film-en-liberte\/\" tabindex=\"-1\" ><div class=\"elementor-post__thumbnail\"><img loading=\"lazy\" decoding=\"async\" width=\"1600\" height=\"900\" src=\"https:\/\/www.ifi-id.com\/wp-content\/uploads\/2021\/10\/RDV_TheTroubleWithYou_1-1-1600x900-c-default.jpg\" class=\"attachment-full size-full wp-image-16478\" alt=\"\" srcset=\"https:\/\/www.ifi-id.com\/wp-content\/uploads\/2021\/10\/RDV_TheTroubleWithYou_1-1-1600x900-c-default.jpg 1600w, https:\/\/www.ifi-id.com\/wp-content\/uploads\/2021\/10\/RDV_TheTroubleWithYou_1-1-1600x900-c-default-300x169.jpg 300w, https:\/\/www.ifi-id.com\/wp-content\/uploads\/2021\/10\/RDV_TheTroubleWithYou_1-1-1600x900-c-default-1024x576.jpg 1024w, https:\/\/www.ifi-id.com\/wp-content\/uploads\/2021\/10\/RDV_TheTroubleWithYou_1-1-1600x900-c-default-768x432.jpg 768w, https:\/\/www.ifi-id.com\/wp-content\/uploads\/2021\/10\/RDV_TheTroubleWithYou_1-1-1600x900-c-default-1536x864.jpg 1536w\" sizes=\"100vw\" \/><\/div><\/a>\n\t\t\t\t<div class=\"elementor-post__text\">\n\t\t\t\t<h3 class=\"elementor-post__title\">\n\t\t\t<a href=\"https:\/\/www.ifi-id.com\/fr\/fsp21-film-en-liberte\/\" >\n\t\t\t\tEn Libert\u00e9 &#8211; Festival du Cin\u00e9ma Fran\u00e7ais 2021\t\t\t<\/a>\n\t\t<\/h3>\n\t\t\t\t<\/div>\n\t\t\t\t\t<\/div>\n\t\t<\/article>\n\t\t\t\t<article class=\"elementor-post elementor-grid-item post-16386 page type-page status-publish has-post-thumbnail hentry\">\n\t\t\t<div class=\"elementor-post__card\">\n\t\t\t\t<a class=\"elementor-post__thumbnail__link\" href=\"https:\/\/www.ifi-id.com\/fr\/fsp21-film-jeux-denfants\/\" tabindex=\"-1\" ><div class=\"elementor-post__thumbnail\"><img loading=\"lazy\" decoding=\"async\" width=\"700\" height=\"393\" src=\"https:\/\/www.ifi-id.com\/wp-content\/uploads\/2021\/10\/3-7-e1634897780708.jpg\" class=\"attachment-full size-full wp-image-16375\" alt=\"\" sizes=\"100vw\" \/><\/div><\/a>\n\t\t\t\t<div class=\"elementor-post__text\">\n\t\t\t\t<h3 class=\"elementor-post__title\">\n\t\t\t<a href=\"https:\/\/www.ifi-id.com\/fr\/fsp21-film-jeux-denfants\/\" >\n\t\t\t\tJeux d\u2019enfants &#8211; Festival du Cin\u00e9ma Fran\u00e7ais 2021\t\t\t<\/a>\n\t\t<\/h3>\n\t\t\t\t<\/div>\n\t\t\t\t\t<\/div>\n\t\t<\/article>\n\t\t\t\t<\/div>\n\t\t\n\t\t\t\t<div class=\"e-load-more-anchor\" data-page=\"1\" data-max-page=\"3\" data-next-page=\"https:\/\/www.ifi-id.com\/fr\/wp-json\/wp\/v2\/pages\/16604\/page\/2\/\"><\/div>\n\t\t\t\t<nav class=\"elementor-pagination\" aria-label=\"Pagination\">\n\t\t\t<span class=\"page-numbers prev\"><i class=\"fas fa-less-than\"> <\/i><\/span>\n<span aria-current=\"page\" class=\"page-numbers current\"><span class=\"elementor-screen-only\">Page<\/span>1<\/span>\n<a class=\"page-numbers\" href=\"https:\/\/www.ifi-id.com\/fr\/wp-json\/wp\/v2\/pages\/16604\/page\/2\/\"><span class=\"elementor-screen-only\">Page<\/span>2<\/a>\n<a class=\"page-numbers\" href=\"https:\/\/www.ifi-id.com\/fr\/wp-json\/wp\/v2\/pages\/16604\/page\/3\/\"><span class=\"elementor-screen-only\">Page<\/span>3<\/a>\n<a class=\"page-numbers next\" href=\"https:\/\/www.ifi-id.com\/fr\/wp-json\/wp\/v2\/pages\/16604\/page\/2\/\"><i class=\"fas fa-greater-than\"> <\/i><\/a>\t\t<\/nav>\n\t\t\t\t<\/div>\n\t\t\t\t<\/div>\n\t\t\t\t\t<\/div>\n\t\t<\/div>\n\t\t\t\t\t<\/div>\n\t\t<\/section>\n\t\t\t\t<\/div>\n\t\t","protected":false},"excerpt":{"rendered":"<p>Films du Festival du cin\u00e9ma fran\u00e7ais 2021<\/p>\n","protected":false},"author":8,"featured_media":16523,"parent":0,"menu_order":0,"comment_status":"closed","ping_status":"closed","template":"elementor_header_footer","meta":{"footnotes":""},"class_list":["post-16604","page","type-page","status-publish","has-post-thumbnail","hentry"],"yoast_head":"<!-- This site is optimized with the Yoast SEO plugin v23.5 - https:\/\/yoast.com\/wordpress\/plugins\/seo\/ -->\n<title>Festival du Cin\u00e9ma Fran\u00e7ais 2021 - Films - Institut fran\u00e7ais Indon\u00e9sie<\/title>\n<meta name=\"description\" content=\"Films du Festival du cin\u00e9ma fran\u00e7ais 2021 !\" \/>\n<meta name=\"robots\" content=\"index, follow, max-snippet:-1, max-image-preview:large, max-video-preview:-1\" \/>\n<link rel=\"canonical\" href=\"https:\/\/www.ifi-id.com\/fr\/festival-du-cinema-francais-2021-films\/\" \/>\n<meta property=\"og:locale\" content=\"fr_FR\" \/>\n<meta property=\"og:type\" content=\"article\" \/>\n<meta property=\"og:title\" content=\"Festival du Cin\u00e9ma Fran\u00e7ais 2021 - Films\" \/>\n<meta property=\"og:description\" content=\"Films du Festival du cin\u00e9ma fran\u00e7ais 2021 !\" \/>\n<meta property=\"og:url\" content=\"https:\/\/www.ifi-id.com\/fr\/festival-du-cinema-francais-2021-films\/\" \/>\n<meta property=\"og:site_name\" content=\"Institut fran\u00e7ais Indon\u00e9sie\" \/>\n<meta property=\"article:modified_time\" content=\"2021-10-29T08:08:51+00:00\" \/>\n<meta property=\"og:image\" content=\"https:\/\/www.ifi-id.com\/wp-content\/uploads\/2021\/10\/WhatsApp-Image-2021-10-25-at-15.37.07.jpeg\" \/>\n<meta name=\"twitter:card\" content=\"summary_large_image\" \/>\n<meta name=\"twitter:title\" content=\"Festival du Cin\u00e9ma Fran\u00e7ais 2021 - Films\" \/>\n<meta name=\"twitter:description\" content=\"Films du Festival du cin\u00e9ma fran\u00e7ais 2021 !\" \/>\n<meta name=\"twitter:image\" content=\"https:\/\/www.ifi-id.com\/wp-content\/uploads\/2021\/10\/WhatsApp-Image-2021-10-25-at-15.37.07.jpeg\" \/>\n<script type=\"application\/ld+json\" class=\"yoast-schema-graph\">{\"@context\":\"https:\/\/schema.org\",\"@graph\":[{\"@type\":\"WebPage\",\"@id\":\"https:\/\/www.ifi-id.com\/fr\/festival-du-cinema-francais-2021-films\/\",\"url\":\"https:\/\/www.ifi-id.com\/fr\/festival-du-cinema-francais-2021-films\/\",\"name\":\"Festival du Cin\u00e9ma Fran\u00e7ais 2021 - Films - Institut fran\u00e7ais Indon\u00e9sie\",\"isPartOf\":{\"@id\":\"https:\/\/www.ifi-id.com\/#website\"},\"primaryImageOfPage\":{\"@id\":\"https:\/\/www.ifi-id.com\/fr\/festival-du-cinema-francais-2021-films\/#primaryimage\"},\"image\":{\"@id\":\"https:\/\/www.ifi-id.com\/fr\/festival-du-cinema-francais-2021-films\/#primaryimage\"},\"thumbnailUrl\":\"https:\/\/www.ifi-id.com\/wp-content\/uploads\/2021\/10\/WhatsApp-Image-2021-10-25-at-15.37.07.jpeg\",\"datePublished\":\"2021-10-25T09:34:57+00:00\",\"dateModified\":\"2021-10-29T08:08:51+00:00\",\"description\":\"Films du Festival du cin\u00e9ma fran\u00e7ais 2021 !\",\"breadcrumb\":{\"@id\":\"https:\/\/www.ifi-id.com\/fr\/festival-du-cinema-francais-2021-films\/#breadcrumb\"},\"inLanguage\":\"fr-FR\",\"potentialAction\":[{\"@type\":\"ReadAction\",\"target\":[\"https:\/\/www.ifi-id.com\/fr\/festival-du-cinema-francais-2021-films\/\"]}]},{\"@type\":\"ImageObject\",\"inLanguage\":\"fr-FR\",\"@id\":\"https:\/\/www.ifi-id.com\/fr\/festival-du-cinema-francais-2021-films\/#primaryimage\",\"url\":\"https:\/\/www.ifi-id.com\/wp-content\/uploads\/2021\/10\/WhatsApp-Image-2021-10-25-at-15.37.07.jpeg\",\"contentUrl\":\"https:\/\/www.ifi-id.com\/wp-content\/uploads\/2021\/10\/WhatsApp-Image-2021-10-25-at-15.37.07.jpeg\",\"width\":1280,\"height\":720},{\"@type\":\"BreadcrumbList\",\"@id\":\"https:\/\/www.ifi-id.com\/fr\/festival-du-cinema-francais-2021-films\/#breadcrumb\",\"itemListElement\":[{\"@type\":\"ListItem\",\"position\":1,\"name\":\"Home\",\"item\":\"https:\/\/www.ifi-id.com\/\"},{\"@type\":\"ListItem\",\"position\":2,\"name\":\"Festival du Cin\u00e9ma Fran\u00e7ais 2021 &#8211; Films\"}]},{\"@type\":\"WebSite\",\"@id\":\"https:\/\/www.ifi-id.com\/#website\",\"url\":\"https:\/\/www.ifi-id.com\/\",\"name\":\"Institut fran\u00e7ais Indon\u00e9sie\",\"description\":\"\",\"publisher\":{\"@id\":\"https:\/\/www.ifi-id.com\/#organization\"},\"potentialAction\":[{\"@type\":\"SearchAction\",\"target\":{\"@type\":\"EntryPoint\",\"urlTemplate\":\"https:\/\/www.ifi-id.com\/?s={search_term_string}\"},\"query-input\":{\"@type\":\"PropertyValueSpecification\",\"valueRequired\":true,\"valueName\":\"search_term_string\"}}],\"inLanguage\":\"fr-FR\"},{\"@type\":\"Organization\",\"@id\":\"https:\/\/www.ifi-id.com\/#organization\",\"name\":\"Institut fran\u00e7ais Indon\u00e9sie\",\"url\":\"https:\/\/www.ifi-id.com\/\",\"logo\":{\"@type\":\"ImageObject\",\"inLanguage\":\"fr-FR\",\"@id\":\"https:\/\/www.ifi-id.com\/#\/schema\/logo\/image\/\",\"url\":\"https:\/\/www.ifi-id.com\/wp-content\/uploads\/2022\/12\/IFI_New_Logo.jpg\",\"contentUrl\":\"https:\/\/www.ifi-id.com\/wp-content\/uploads\/2022\/12\/IFI_New_Logo.jpg\",\"width\":666,\"height\":444,\"caption\":\"Institut fran\u00e7ais Indon\u00e9sie\"},\"image\":{\"@id\":\"https:\/\/www.ifi-id.com\/#\/schema\/logo\/image\/\"}}]}<\/script>\n<!-- \/ Yoast SEO plugin. -->","yoast_head_json":{"title":"Festival du Cin\u00e9ma Fran\u00e7ais 2021 - Films - Institut fran\u00e7ais Indon\u00e9sie","description":"Films du Festival du cin\u00e9ma fran\u00e7ais 2021 !","robots":{"index":"index","follow":"follow","max-snippet":"max-snippet:-1","max-image-preview":"max-image-preview:large","max-video-preview":"max-video-preview:-1"},"canonical":"https:\/\/www.ifi-id.com\/fr\/festival-du-cinema-francais-2021-films\/","og_locale":"fr_FR","og_type":"article","og_title":"Festival du Cin\u00e9ma Fran\u00e7ais 2021 - Films","og_description":"Films du Festival du cin\u00e9ma fran\u00e7ais 2021 !","og_url":"https:\/\/www.ifi-id.com\/fr\/festival-du-cinema-francais-2021-films\/","og_site_name":"Institut fran\u00e7ais Indon\u00e9sie","article_modified_time":"2021-10-29T08:08:51+00:00","og_image":[{"url":"https:\/\/www.ifi-id.com\/wp-content\/uploads\/2021\/10\/WhatsApp-Image-2021-10-25-at-15.37.07.jpeg"}],"twitter_card":"summary_large_image","twitter_title":"Festival du Cin\u00e9ma Fran\u00e7ais 2021 - Films","twitter_description":"Films du Festival du cin\u00e9ma fran\u00e7ais 2021 !","twitter_image":"https:\/\/www.ifi-id.com\/wp-content\/uploads\/2021\/10\/WhatsApp-Image-2021-10-25-at-15.37.07.jpeg","schema":{"@context":"https:\/\/schema.org","@graph":[{"@type":"WebPage","@id":"https:\/\/www.ifi-id.com\/fr\/festival-du-cinema-francais-2021-films\/","url":"https:\/\/www.ifi-id.com\/fr\/festival-du-cinema-francais-2021-films\/","name":"Festival du Cin\u00e9ma Fran\u00e7ais 2021 - Films - Institut fran\u00e7ais Indon\u00e9sie","isPartOf":{"@id":"https:\/\/www.ifi-id.com\/#website"},"primaryImageOfPage":{"@id":"https:\/\/www.ifi-id.com\/fr\/festival-du-cinema-francais-2021-films\/#primaryimage"},"image":{"@id":"https:\/\/www.ifi-id.com\/fr\/festival-du-cinema-francais-2021-films\/#primaryimage"},"thumbnailUrl":"https:\/\/www.ifi-id.com\/wp-content\/uploads\/2021\/10\/WhatsApp-Image-2021-10-25-at-15.37.07.jpeg","datePublished":"2021-10-25T09:34:57+00:00","dateModified":"2021-10-29T08:08:51+00:00","description":"Films du Festival du cin\u00e9ma fran\u00e7ais 2021 !","breadcrumb":{"@id":"https:\/\/www.ifi-id.com\/fr\/festival-du-cinema-francais-2021-films\/#breadcrumb"},"inLanguage":"fr-FR","potentialAction":[{"@type":"ReadAction","target":["https:\/\/www.ifi-id.com\/fr\/festival-du-cinema-francais-2021-films\/"]}]},{"@type":"ImageObject","inLanguage":"fr-FR","@id":"https:\/\/www.ifi-id.com\/fr\/festival-du-cinema-francais-2021-films\/#primaryimage","url":"https:\/\/www.ifi-id.com\/wp-content\/uploads\/2021\/10\/WhatsApp-Image-2021-10-25-at-15.37.07.jpeg","contentUrl":"https:\/\/www.ifi-id.com\/wp-content\/uploads\/2021\/10\/WhatsApp-Image-2021-10-25-at-15.37.07.jpeg","width":1280,"height":720},{"@type":"BreadcrumbList","@id":"https:\/\/www.ifi-id.com\/fr\/festival-du-cinema-francais-2021-films\/#breadcrumb","itemListElement":[{"@type":"ListItem","position":1,"name":"Home","item":"https:\/\/www.ifi-id.com\/"},{"@type":"ListItem","position":2,"name":"Festival du Cin\u00e9ma Fran\u00e7ais 2021 &#8211; Films"}]},{"@type":"WebSite","@id":"https:\/\/www.ifi-id.com\/#website","url":"https:\/\/www.ifi-id.com\/","name":"Institut fran\u00e7ais Indon\u00e9sie","description":"","publisher":{"@id":"https:\/\/www.ifi-id.com\/#organization"},"potentialAction":[{"@type":"SearchAction","target":{"@type":"EntryPoint","urlTemplate":"https:\/\/www.ifi-id.com\/?s={search_term_string}"},"query-input":{"@type":"PropertyValueSpecification","valueRequired":true,"valueName":"search_term_string"}}],"inLanguage":"fr-FR"},{"@type":"Organization","@id":"https:\/\/www.ifi-id.com\/#organization","name":"Institut fran\u00e7ais Indon\u00e9sie","url":"https:\/\/www.ifi-id.com\/","logo":{"@type":"ImageObject","inLanguage":"fr-FR","@id":"https:\/\/www.ifi-id.com\/#\/schema\/logo\/image\/","url":"https:\/\/www.ifi-id.com\/wp-content\/uploads\/2022\/12\/IFI_New_Logo.jpg","contentUrl":"https:\/\/www.ifi-id.com\/wp-content\/uploads\/2022\/12\/IFI_New_Logo.jpg","width":666,"height":444,"caption":"Institut fran\u00e7ais Indon\u00e9sie"},"image":{"@id":"https:\/\/www.ifi-id.com\/#\/schema\/logo\/image\/"}}]}},"post_mailing_queue_ids":[],"_links":{"self":[{"href":"https:\/\/www.ifi-id.com\/fr\/wp-json\/wp\/v2\/pages\/16604"}],"collection":[{"href":"https:\/\/www.ifi-id.com\/fr\/wp-json\/wp\/v2\/pages"}],"about":[{"href":"https:\/\/www.ifi-id.com\/fr\/wp-json\/wp\/v2\/types\/page"}],"author":[{"embeddable":true,"href":"https:\/\/www.ifi-id.com\/fr\/wp-json\/wp\/v2\/users\/8"}],"replies":[{"embeddable":true,"href":"https:\/\/www.ifi-id.com\/fr\/wp-json\/wp\/v2\/comments?post=16604"}],"version-history":[{"count":3,"href":"https:\/\/www.ifi-id.com\/fr\/wp-json\/wp\/v2\/pages\/16604\/revisions"}],"predecessor-version":[{"id":16607,"href":"https:\/\/www.ifi-id.com\/fr\/wp-json\/wp\/v2\/pages\/16604\/revisions\/16607"}],"wp:featuredmedia":[{"embeddable":true,"href":"https:\/\/www.ifi-id.com\/fr\/wp-json\/wp\/v2\/media\/16523"}],"wp:attachment":[{"href":"https:\/\/www.ifi-id.com\/fr\/wp-json\/wp\/v2\/media?parent=16604"}],"curies":[{"name":"wp","href":"https:\/\/api.w.org\/{rel}","templated":true}]}}