{"id":16488,"date":"2021-10-25T13:27:00","date_gmt":"2021-10-25T06:27:00","guid":{"rendered":"https:\/\/www.ifi-id.com\/en-liberte-festival-du-cinema-francais-2021"},"modified":"2021-11-01T12:33:45","modified_gmt":"2021-11-01T05:33:45","slug":"fsp21-film-en-liberte","status":"publish","type":"page","link":"https:\/\/www.ifi-id.com\/fr\/fsp21-film-en-liberte\/","title":{"rendered":"En Libert\u00e9 &#8211; Festival du Cin\u00e9ma Fran\u00e7ais 2021"},"content":{"rendered":"\t\t<div data-elementor-type=\"wp-page\" data-elementor-id=\"16488\" class=\"elementor elementor-16488 elementor-16471\" data-elementor-post-type=\"page\">\n\t\t\t\t\t\t<section class=\"elementor-section elementor-top-section elementor-element elementor-element-6fe47d2 elementor-section-boxed elementor-section-height-default elementor-section-height-default\" data-id=\"6fe47d2\" data-element_type=\"section\">\n\t\t\t\t\t\t<div class=\"elementor-container elementor-column-gap-default\">\n\t\t\t\t\t<div class=\"elementor-column elementor-col-100 elementor-top-column elementor-element elementor-element-bba2fbf\" data-id=\"bba2fbf\" data-element_type=\"column\">\n\t\t\t<div class=\"elementor-widget-wrap elementor-element-populated\">\n\t\t\t\t\t\t<div class=\"elementor-element elementor-element-f0f7294 elementor-widget elementor-widget-heading\" data-id=\"f0f7294\" data-element_type=\"widget\" data-widget_type=\"heading.default\">\n\t\t\t\t<div class=\"elementor-widget-container\">\n\t\t\t<h2 class=\"elementor-heading-title elementor-size-default\">En Libert\u00e9<\/h2>\t\t<\/div>\n\t\t\t\t<\/div>\n\t\t\t\t\t<\/div>\n\t\t<\/div>\n\t\t\t\t\t<\/div>\n\t\t<\/section>\n\t\t\t\t<section class=\"elementor-section elementor-top-section elementor-element elementor-element-923649b elementor-section-boxed elementor-section-height-default elementor-section-height-default\" data-id=\"923649b\" data-element_type=\"section\" data-settings=\"{&quot;background_background&quot;:&quot;classic&quot;}\">\n\t\t\t\t\t\t<div class=\"elementor-container elementor-column-gap-default\">\n\t\t\t\t\t<div class=\"elementor-column elementor-col-100 elementor-top-column elementor-element elementor-element-c2b0506\" data-id=\"c2b0506\" data-element_type=\"column\">\n\t\t\t<div class=\"elementor-widget-wrap elementor-element-populated\">\n\t\t\t\t\t\t<div class=\"elementor-element elementor-element-10e08ed elementor-arrows-position-inside elementor-pagination-position-outside elementor-widget elementor-widget-image-carousel\" data-id=\"10e08ed\" data-element_type=\"widget\" data-settings=\"{&quot;slides_to_show&quot;:&quot;1&quot;,&quot;autoplay_speed&quot;:3000,&quot;navigation&quot;:&quot;both&quot;,&quot;autoplay&quot;:&quot;yes&quot;,&quot;pause_on_hover&quot;:&quot;yes&quot;,&quot;pause_on_interaction&quot;:&quot;yes&quot;,&quot;infinite&quot;:&quot;yes&quot;,&quot;effect&quot;:&quot;slide&quot;,&quot;speed&quot;:500}\" data-widget_type=\"image-carousel.default\">\n\t\t\t\t<div class=\"elementor-widget-container\">\n\t\t\t\t\t<div class=\"elementor-image-carousel-wrapper swiper\" dir=\"ltr\">\n\t\t\t<div class=\"elementor-image-carousel swiper-wrapper swiper-image-stretch\" aria-live=\"off\">\n\t\t\t\t\t\t\t\t<div class=\"swiper-slide\" role=\"group\" aria-roledescription=\"slide\" aria-label=\"1 sur 3\"><figure class=\"swiper-slide-inner\"><img decoding=\"async\" class=\"swiper-slide-image\" src=\"https:\/\/www.ifi-id.com\/wp-content\/uploads\/2021\/10\/RDV_TheTroubleWithYou_1-1-1600x900-c-default.jpg\" alt=\"RDV_TheTroubleWithYou_1-1-1600x900-c-default\" \/><\/figure><\/div><div class=\"swiper-slide\" role=\"group\" aria-roledescription=\"slide\" aria-label=\"2 sur 3\"><figure class=\"swiper-slide-inner\"><img decoding=\"async\" class=\"swiper-slide-image\" src=\"https:\/\/www.ifi-id.com\/wp-content\/uploads\/2021\/10\/RDV_TheTroubleWithYou_4-1-1600x900-c-default.jpg\" alt=\"RDV_TheTroubleWithYou_4-1-1600x900-c-default\" \/><\/figure><\/div><div class=\"swiper-slide\" role=\"group\" aria-roledescription=\"slide\" aria-label=\"3 sur 3\"><figure class=\"swiper-slide-inner\"><img decoding=\"async\" class=\"swiper-slide-image\" src=\"https:\/\/www.ifi-id.com\/wp-content\/uploads\/2021\/10\/RDV_TheTroubleWithYou_2-1-1600x900-c-default.jpg\" alt=\"RDV_TheTroubleWithYou_2-1-1600x900-c-default\" \/><\/figure><\/div>\t\t\t<\/div>\n\t\t\t\t\t\t\t\t\t\t\t\t<div class=\"elementor-swiper-button elementor-swiper-button-prev\" role=\"button\" tabindex=\"0\">\n\t\t\t\t\t\t<i aria-hidden=\"true\" class=\"eicon-chevron-left\"><\/i>\t\t\t\t\t<\/div>\n\t\t\t\t\t<div class=\"elementor-swiper-button elementor-swiper-button-next\" role=\"button\" tabindex=\"0\">\n\t\t\t\t\t\t<i aria-hidden=\"true\" class=\"eicon-chevron-right\"><\/i>\t\t\t\t\t<\/div>\n\t\t\t\t\n\t\t\t\t\t\t\t\t\t<div class=\"swiper-pagination\"><\/div>\n\t\t\t\t\t\t\t\t\t<\/div>\n\t\t\t\t<\/div>\n\t\t\t\t<\/div>\n\t\t\t\t\t<\/div>\n\t\t<\/div>\n\t\t\t\t\t<\/div>\n\t\t<\/section>\n\t\t\t\t<section class=\"elementor-section elementor-top-section elementor-element elementor-element-2831d01 elementor-section-boxed elementor-section-height-default elementor-section-height-default\" data-id=\"2831d01\" data-element_type=\"section\">\n\t\t\t\t\t\t<div class=\"elementor-container elementor-column-gap-default\">\n\t\t\t\t\t<div class=\"elementor-column elementor-col-100 elementor-top-column elementor-element elementor-element-7b59835\" data-id=\"7b59835\" data-element_type=\"column\">\n\t\t\t<div class=\"elementor-widget-wrap elementor-element-populated\">\n\t\t\t\t\t\t<div class=\"elementor-element elementor-element-8f8bf93 elementor-widget elementor-widget-text-editor\" data-id=\"8f8bf93\" data-element_type=\"widget\" data-widget_type=\"text-editor.default\">\n\t\t\t\t<div class=\"elementor-widget-container\">\n\t\t\t\t\t\t\t<h4>Pierre Salvadori | 2018 | 108\u2019 | Com\u00e9die | Fran\u00e7ais avec sous-titre indon\u00e9sien &amp; anglais | -12<br \/>\nAd\u00e8le Haenel, Pio Marma\u00ef, Audrey Tautou<\/h4>\n<p><span style=\"font-weight: 400;\">Yvonne jeune inspectrice de police, d\u00e9couvre que son mari, le capitaine Santi, h\u00e9ros local tomb\u00e9 au combat, n\u2019\u00e9tait pas le flic courageux et int\u00e8gre qu\u2019elle croyait mais un v\u00e9ritable ripou. D\u00e9termin\u00e9e \u00e0 r\u00e9parer les torts commis par ce dernier, elle va croiser le chemin d\u2019Antoine injustement incarc\u00e9r\u00e9 par Santi pendant huit longues ann\u00e9es. Une rencontre inattendue et folle qui va dynamiter leurs vies \u00e0 tous les deux.<\/span><\/p>\n\t\t\t\t\t\t<\/div>\n\t\t\t\t<\/div>\n\t\t\t\t\t<\/div>\n\t\t<\/div>\n\t\t\t\t\t<\/div>\n\t\t<\/section>\n\t\t\t\t<section class=\"elementor-section elementor-top-section elementor-element elementor-element-a8fecfc elementor-section-boxed elementor-section-height-default elementor-section-height-default\" data-id=\"a8fecfc\" data-element_type=\"section\">\n\t\t\t\t\t\t<div class=\"elementor-container elementor-column-gap-default\">\n\t\t\t\t\t<div class=\"elementor-column elementor-col-100 elementor-top-column elementor-element elementor-element-235b5f8\" data-id=\"235b5f8\" data-element_type=\"column\">\n\t\t\t<div class=\"elementor-widget-wrap elementor-element-populated\">\n\t\t\t\t\t\t<div class=\"elementor-element elementor-element-c8d3ebc elementor-widget elementor-widget-video\" data-id=\"c8d3ebc\" data-element_type=\"widget\" data-settings=\"{&quot;youtube_url&quot;:&quot;https:\\\/\\\/www.youtube.com\\\/watch?v=2utJdV0iwME&quot;,&quot;video_type&quot;:&quot;youtube&quot;,&quot;controls&quot;:&quot;yes&quot;}\" data-widget_type=\"video.default\">\n\t\t\t\t<div class=\"elementor-widget-container\">\n\t\t\t\t\t<div class=\"elementor-wrapper elementor-open-inline\">\n\t\t\t<div class=\"elementor-video\"><\/div>\t\t<\/div>\n\t\t\t\t<\/div>\n\t\t\t\t<\/div>\n\t\t\t\t\t<\/div>\n\t\t<\/div>\n\t\t\t\t\t<\/div>\n\t\t<\/section>\n\t\t\t\t<section class=\"elementor-section elementor-top-section elementor-element elementor-element-b4cda83 elementor-section-boxed elementor-section-height-default elementor-section-height-default\" data-id=\"b4cda83\" data-element_type=\"section\">\n\t\t\t\t\t\t<div class=\"elementor-container elementor-column-gap-default\">\n\t\t\t\t\t<div class=\"elementor-column elementor-col-50 elementor-top-column elementor-element elementor-element-0c009e6\" data-id=\"0c009e6\" data-element_type=\"column\">\n\t\t\t<div class=\"elementor-widget-wrap elementor-element-populated\">\n\t\t\t\t\t\t<div class=\"elementor-element elementor-element-f15a58f elementor-align-center elementor-widget elementor-widget-button\" data-id=\"f15a58f\" data-element_type=\"widget\" data-widget_type=\"button.default\">\n\t\t\t\t<div class=\"elementor-widget-container\">\n\t\t\t\t\t<div class=\"elementor-button-wrapper\">\n\t\t\t<a class=\"elementor-button elementor-button-link elementor-size-sm\" href=\"https:\/\/www.ifi-id.com\/fr\/festival-du-cinema-francais-2021-films\">\n\t\t\t\t\t\t<span class=\"elementor-button-content-wrapper\">\n\t\t\t\t\t\t<span class=\"elementor-button-icon\">\n\t\t\t\t<i aria-hidden=\"true\" class=\"fas fa-backward\"><\/i>\t\t\t<\/span>\n\t\t\t\t\t\t\t\t\t<span class=\"elementor-button-text\">Retour \u00e0 la liste des films<\/span>\n\t\t\t\t\t<\/span>\n\t\t\t\t\t<\/a>\n\t\t<\/div>\n\t\t\t\t<\/div>\n\t\t\t\t<\/div>\n\t\t\t\t\t<\/div>\n\t\t<\/div>\n\t\t\t\t<div class=\"elementor-column elementor-col-50 elementor-top-column elementor-element elementor-element-61a48ec\" data-id=\"61a48ec\" data-element_type=\"column\">\n\t\t\t<div class=\"elementor-widget-wrap elementor-element-populated\">\n\t\t\t\t\t\t<div class=\"elementor-element elementor-element-e6b7769 elementor-align-center elementor-widget elementor-widget-button\" data-id=\"e6b7769\" data-element_type=\"widget\" data-widget_type=\"button.default\">\n\t\t\t\t<div class=\"elementor-widget-container\">\n\t\t\t\t\t<div class=\"elementor-button-wrapper\">\n\t\t\t<a class=\"elementor-button elementor-button-link elementor-size-sm\" href=\"https:\/\/mola.tv\/watch?py_id=FestSinePrancis&#038;v=vd34464386\">\n\t\t\t\t\t\t<span class=\"elementor-button-content-wrapper\">\n\t\t\t\t\t\t<span class=\"elementor-button-icon\">\n\t\t\t\t<i aria-hidden=\"true\" class=\"fas fa-tv\"><\/i>\t\t\t<\/span>\n\t\t\t\t\t\t\t\t\t<span class=\"elementor-button-text\">Regarder sur Mola<\/span>\n\t\t\t\t\t<\/span>\n\t\t\t\t\t<\/a>\n\t\t<\/div>\n\t\t\t\t<\/div>\n\t\t\t\t<\/div>\n\t\t\t\t\t<\/div>\n\t\t<\/div>\n\t\t\t\t\t<\/div>\n\t\t<\/section>\n\t\t\t\t<\/div>\n\t\t","protected":false},"excerpt":{"rendered":"<p>En Libert\u00e9 Previous Next Pierre Salvadori | 2018 | 108\u2019 | Com\u00e9die | Fran\u00e7ais avec sous-titre indon\u00e9sien &amp; anglais | -12 Ad\u00e8le Haenel, Pio Marma\u00ef, Audrey Tautou Yvonne jeune inspectrice de police, d\u00e9couvre que son mari, le capitaine Santi, h\u00e9ros local tomb\u00e9 au combat, n\u2019\u00e9tait pas le flic courageux et int\u00e8gre qu\u2019elle croyait mais un &hellip; <\/p>\n<p class=\"link-more\"><a href=\"https:\/\/www.ifi-id.com\/fr\/fsp21-film-en-liberte\/\" class=\"more-link\">Continuer la lecture<span class=\"screen-reader-text\"> de &laquo;&nbsp;En Libert\u00e9 &#8211; Festival du Cin\u00e9ma Fran\u00e7ais 2021&nbsp;&raquo;<\/span><\/a><\/p>\n","protected":false},"author":8,"featured_media":16478,"parent":0,"menu_order":0,"comment_status":"closed","ping_status":"closed","template":"elementor_header_footer","meta":{"footnotes":""},"class_list":["post-16488","page","type-page","status-publish","has-post-thumbnail","hentry"],"yoast_head":"<!-- This site is optimized with the Yoast SEO plugin v23.5 - https:\/\/yoast.com\/wordpress\/plugins\/seo\/ -->\n<title>En Libert\u00e9 - Festival du Cin\u00e9ma Fran\u00e7ais 2021 - Institut fran\u00e7ais Indon\u00e9sie<\/title>\n<meta name=\"description\" content=\"Yvonne jeune inspectrice de police, d\u00e9couvre que son mari, le capitaine Santi, h\u00e9ros local tomb\u00e9 au combat, n\u2019\u00e9tait pas le flic courageux et int\u00e8gre qu\u2019elle croyait mais un v\u00e9ritable ripou.\" \/>\n<meta name=\"robots\" content=\"index, follow, max-snippet:-1, max-image-preview:large, max-video-preview:-1\" \/>\n<link rel=\"canonical\" href=\"https:\/\/www.ifi-id.com\/fr\/fsp21-film-en-liberte\/\" \/>\n<meta property=\"og:locale\" content=\"fr_FR\" \/>\n<meta property=\"og:type\" content=\"article\" \/>\n<meta property=\"og:title\" content=\"En Libert\u00e9 - Festival du Cin\u00e9ma Fran\u00e7ais 2021\" \/>\n<meta property=\"og:description\" content=\"Yvonne jeune inspectrice de police, d\u00e9couvre que son mari, le capitaine Santi, h\u00e9ros local tomb\u00e9 au combat, n\u2019\u00e9tait pas le flic courageux et int\u00e8gre qu\u2019elle croyait mais un v\u00e9ritable ripou.\" \/>\n<meta property=\"og:url\" content=\"https:\/\/www.ifi-id.com\/fr\/fsp21-film-en-liberte\/\" \/>\n<meta property=\"og:site_name\" content=\"Institut fran\u00e7ais Indon\u00e9sie\" \/>\n<meta property=\"article:modified_time\" content=\"2021-11-01T05:33:45+00:00\" \/>\n<meta property=\"og:image\" content=\"https:\/\/www.ifi-id.com\/wp-content\/uploads\/2021\/10\/RDV_TheTroubleWithYou_1-1-1600x900-c-default.jpg\" \/>\n<meta name=\"twitter:card\" content=\"summary_large_image\" \/>\n<meta name=\"twitter:title\" content=\"En Libert\u00e9 - Festival du Cin\u00e9ma Fran\u00e7ais 2021\" \/>\n<meta name=\"twitter:description\" content=\"Yvonne jeune inspectrice de police, d\u00e9couvre que son mari, le capitaine Santi, h\u00e9ros local tomb\u00e9 au combat, n\u2019\u00e9tait pas le flic courageux et int\u00e8gre qu\u2019elle croyait mais un v\u00e9ritable ripou.\" \/>\n<meta name=\"twitter:image\" content=\"https:\/\/www.ifi-id.com\/wp-content\/uploads\/2021\/10\/RDV_TheTroubleWithYou_1-1-1600x900-c-default.jpg\" \/>\n<meta name=\"twitter:label1\" content=\"Dur\u00e9e de lecture estim\u00e9e\" \/>\n\t<meta name=\"twitter:data1\" content=\"1 minute\" \/>\n<script type=\"application\/ld+json\" class=\"yoast-schema-graph\">{\"@context\":\"https:\/\/schema.org\",\"@graph\":[{\"@type\":\"WebPage\",\"@id\":\"https:\/\/www.ifi-id.com\/fr\/fsp21-film-en-liberte\/\",\"url\":\"https:\/\/www.ifi-id.com\/fr\/fsp21-film-en-liberte\/\",\"name\":\"En Libert\u00e9 - Festival du Cin\u00e9ma Fran\u00e7ais 2021 - Institut fran\u00e7ais Indon\u00e9sie\",\"isPartOf\":{\"@id\":\"https:\/\/www.ifi-id.com\/#website\"},\"primaryImageOfPage\":{\"@id\":\"https:\/\/www.ifi-id.com\/fr\/fsp21-film-en-liberte\/#primaryimage\"},\"image\":{\"@id\":\"https:\/\/www.ifi-id.com\/fr\/fsp21-film-en-liberte\/#primaryimage\"},\"thumbnailUrl\":\"https:\/\/www.ifi-id.com\/wp-content\/uploads\/2021\/10\/RDV_TheTroubleWithYou_1-1-1600x900-c-default.jpg\",\"datePublished\":\"2021-10-25T06:27:00+00:00\",\"dateModified\":\"2021-11-01T05:33:45+00:00\",\"description\":\"Yvonne jeune inspectrice de police, d\u00e9couvre que son mari, le capitaine Santi, h\u00e9ros local tomb\u00e9 au combat, n\u2019\u00e9tait pas le flic courageux et int\u00e8gre qu\u2019elle croyait mais un v\u00e9ritable ripou.\",\"breadcrumb\":{\"@id\":\"https:\/\/www.ifi-id.com\/fr\/fsp21-film-en-liberte\/#breadcrumb\"},\"inLanguage\":\"fr-FR\",\"potentialAction\":[{\"@type\":\"ReadAction\",\"target\":[\"https:\/\/www.ifi-id.com\/fr\/fsp21-film-en-liberte\/\"]}]},{\"@type\":\"ImageObject\",\"inLanguage\":\"fr-FR\",\"@id\":\"https:\/\/www.ifi-id.com\/fr\/fsp21-film-en-liberte\/#primaryimage\",\"url\":\"https:\/\/www.ifi-id.com\/wp-content\/uploads\/2021\/10\/RDV_TheTroubleWithYou_1-1-1600x900-c-default.jpg\",\"contentUrl\":\"https:\/\/www.ifi-id.com\/wp-content\/uploads\/2021\/10\/RDV_TheTroubleWithYou_1-1-1600x900-c-default.jpg\",\"width\":1600,\"height\":900},{\"@type\":\"BreadcrumbList\",\"@id\":\"https:\/\/www.ifi-id.com\/fr\/fsp21-film-en-liberte\/#breadcrumb\",\"itemListElement\":[{\"@type\":\"ListItem\",\"position\":1,\"name\":\"Home\",\"item\":\"https:\/\/www.ifi-id.com\/\"},{\"@type\":\"ListItem\",\"position\":2,\"name\":\"En Libert\u00e9 &#8211; Festival du Cin\u00e9ma Fran\u00e7ais 2021\"}]},{\"@type\":\"WebSite\",\"@id\":\"https:\/\/www.ifi-id.com\/#website\",\"url\":\"https:\/\/www.ifi-id.com\/\",\"name\":\"Institut fran\u00e7ais Indon\u00e9sie\",\"description\":\"\",\"publisher\":{\"@id\":\"https:\/\/www.ifi-id.com\/#organization\"},\"potentialAction\":[{\"@type\":\"SearchAction\",\"target\":{\"@type\":\"EntryPoint\",\"urlTemplate\":\"https:\/\/www.ifi-id.com\/?s={search_term_string}\"},\"query-input\":{\"@type\":\"PropertyValueSpecification\",\"valueRequired\":true,\"valueName\":\"search_term_string\"}}],\"inLanguage\":\"fr-FR\"},{\"@type\":\"Organization\",\"@id\":\"https:\/\/www.ifi-id.com\/#organization\",\"name\":\"Institut fran\u00e7ais Indon\u00e9sie\",\"url\":\"https:\/\/www.ifi-id.com\/\",\"logo\":{\"@type\":\"ImageObject\",\"inLanguage\":\"fr-FR\",\"@id\":\"https:\/\/www.ifi-id.com\/#\/schema\/logo\/image\/\",\"url\":\"https:\/\/www.ifi-id.com\/wp-content\/uploads\/2022\/12\/IFI_New_Logo.jpg\",\"contentUrl\":\"https:\/\/www.ifi-id.com\/wp-content\/uploads\/2022\/12\/IFI_New_Logo.jpg\",\"width\":666,\"height\":444,\"caption\":\"Institut fran\u00e7ais Indon\u00e9sie\"},\"image\":{\"@id\":\"https:\/\/www.ifi-id.com\/#\/schema\/logo\/image\/\"}}]}<\/script>\n<!-- \/ Yoast SEO plugin. -->","yoast_head_json":{"title":"En Libert\u00e9 - Festival du Cin\u00e9ma Fran\u00e7ais 2021 - Institut fran\u00e7ais Indon\u00e9sie","description":"Yvonne jeune inspectrice de police, d\u00e9couvre que son mari, le capitaine Santi, h\u00e9ros local tomb\u00e9 au combat, n\u2019\u00e9tait pas le flic courageux et int\u00e8gre qu\u2019elle croyait mais un v\u00e9ritable ripou.","robots":{"index":"index","follow":"follow","max-snippet":"max-snippet:-1","max-image-preview":"max-image-preview:large","max-video-preview":"max-video-preview:-1"},"canonical":"https:\/\/www.ifi-id.com\/fr\/fsp21-film-en-liberte\/","og_locale":"fr_FR","og_type":"article","og_title":"En Libert\u00e9 - Festival du Cin\u00e9ma Fran\u00e7ais 2021","og_description":"Yvonne jeune inspectrice de police, d\u00e9couvre que son mari, le capitaine Santi, h\u00e9ros local tomb\u00e9 au combat, n\u2019\u00e9tait pas le flic courageux et int\u00e8gre qu\u2019elle croyait mais un v\u00e9ritable ripou.","og_url":"https:\/\/www.ifi-id.com\/fr\/fsp21-film-en-liberte\/","og_site_name":"Institut fran\u00e7ais Indon\u00e9sie","article_modified_time":"2021-11-01T05:33:45+00:00","og_image":[{"url":"https:\/\/www.ifi-id.com\/wp-content\/uploads\/2021\/10\/RDV_TheTroubleWithYou_1-1-1600x900-c-default.jpg"}],"twitter_card":"summary_large_image","twitter_title":"En Libert\u00e9 - Festival du Cin\u00e9ma Fran\u00e7ais 2021","twitter_description":"Yvonne jeune inspectrice de police, d\u00e9couvre que son mari, le capitaine Santi, h\u00e9ros local tomb\u00e9 au combat, n\u2019\u00e9tait pas le flic courageux et int\u00e8gre qu\u2019elle croyait mais un v\u00e9ritable ripou.","twitter_image":"https:\/\/www.ifi-id.com\/wp-content\/uploads\/2021\/10\/RDV_TheTroubleWithYou_1-1-1600x900-c-default.jpg","twitter_misc":{"Dur\u00e9e de lecture estim\u00e9e":"1 minute"},"schema":{"@context":"https:\/\/schema.org","@graph":[{"@type":"WebPage","@id":"https:\/\/www.ifi-id.com\/fr\/fsp21-film-en-liberte\/","url":"https:\/\/www.ifi-id.com\/fr\/fsp21-film-en-liberte\/","name":"En Libert\u00e9 - Festival du Cin\u00e9ma Fran\u00e7ais 2021 - Institut fran\u00e7ais Indon\u00e9sie","isPartOf":{"@id":"https:\/\/www.ifi-id.com\/#website"},"primaryImageOfPage":{"@id":"https:\/\/www.ifi-id.com\/fr\/fsp21-film-en-liberte\/#primaryimage"},"image":{"@id":"https:\/\/www.ifi-id.com\/fr\/fsp21-film-en-liberte\/#primaryimage"},"thumbnailUrl":"https:\/\/www.ifi-id.com\/wp-content\/uploads\/2021\/10\/RDV_TheTroubleWithYou_1-1-1600x900-c-default.jpg","datePublished":"2021-10-25T06:27:00+00:00","dateModified":"2021-11-01T05:33:45+00:00","description":"Yvonne jeune inspectrice de police, d\u00e9couvre que son mari, le capitaine Santi, h\u00e9ros local tomb\u00e9 au combat, n\u2019\u00e9tait pas le flic courageux et int\u00e8gre qu\u2019elle croyait mais un v\u00e9ritable ripou.","breadcrumb":{"@id":"https:\/\/www.ifi-id.com\/fr\/fsp21-film-en-liberte\/#breadcrumb"},"inLanguage":"fr-FR","potentialAction":[{"@type":"ReadAction","target":["https:\/\/www.ifi-id.com\/fr\/fsp21-film-en-liberte\/"]}]},{"@type":"ImageObject","inLanguage":"fr-FR","@id":"https:\/\/www.ifi-id.com\/fr\/fsp21-film-en-liberte\/#primaryimage","url":"https:\/\/www.ifi-id.com\/wp-content\/uploads\/2021\/10\/RDV_TheTroubleWithYou_1-1-1600x900-c-default.jpg","contentUrl":"https:\/\/www.ifi-id.com\/wp-content\/uploads\/2021\/10\/RDV_TheTroubleWithYou_1-1-1600x900-c-default.jpg","width":1600,"height":900},{"@type":"BreadcrumbList","@id":"https:\/\/www.ifi-id.com\/fr\/fsp21-film-en-liberte\/#breadcrumb","itemListElement":[{"@type":"ListItem","position":1,"name":"Home","item":"https:\/\/www.ifi-id.com\/"},{"@type":"ListItem","position":2,"name":"En Libert\u00e9 &#8211; Festival du Cin\u00e9ma Fran\u00e7ais 2021"}]},{"@type":"WebSite","@id":"https:\/\/www.ifi-id.com\/#website","url":"https:\/\/www.ifi-id.com\/","name":"Institut fran\u00e7ais Indon\u00e9sie","description":"","publisher":{"@id":"https:\/\/www.ifi-id.com\/#organization"},"potentialAction":[{"@type":"SearchAction","target":{"@type":"EntryPoint","urlTemplate":"https:\/\/www.ifi-id.com\/?s={search_term_string}"},"query-input":{"@type":"PropertyValueSpecification","valueRequired":true,"valueName":"search_term_string"}}],"inLanguage":"fr-FR"},{"@type":"Organization","@id":"https:\/\/www.ifi-id.com\/#organization","name":"Institut fran\u00e7ais Indon\u00e9sie","url":"https:\/\/www.ifi-id.com\/","logo":{"@type":"ImageObject","inLanguage":"fr-FR","@id":"https:\/\/www.ifi-id.com\/#\/schema\/logo\/image\/","url":"https:\/\/www.ifi-id.com\/wp-content\/uploads\/2022\/12\/IFI_New_Logo.jpg","contentUrl":"https:\/\/www.ifi-id.com\/wp-content\/uploads\/2022\/12\/IFI_New_Logo.jpg","width":666,"height":444,"caption":"Institut fran\u00e7ais Indon\u00e9sie"},"image":{"@id":"https:\/\/www.ifi-id.com\/#\/schema\/logo\/image\/"}}]}},"post_mailing_queue_ids":[],"_links":{"self":[{"href":"https:\/\/www.ifi-id.com\/fr\/wp-json\/wp\/v2\/pages\/16488"}],"collection":[{"href":"https:\/\/www.ifi-id.com\/fr\/wp-json\/wp\/v2\/pages"}],"about":[{"href":"https:\/\/www.ifi-id.com\/fr\/wp-json\/wp\/v2\/types\/page"}],"author":[{"embeddable":true,"href":"https:\/\/www.ifi-id.com\/fr\/wp-json\/wp\/v2\/users\/8"}],"replies":[{"embeddable":true,"href":"https:\/\/www.ifi-id.com\/fr\/wp-json\/wp\/v2\/comments?post=16488"}],"version-history":[{"count":2,"href":"https:\/\/www.ifi-id.com\/fr\/wp-json\/wp\/v2\/pages\/16488\/revisions"}],"predecessor-version":[{"id":16990,"href":"https:\/\/www.ifi-id.com\/fr\/wp-json\/wp\/v2\/pages\/16488\/revisions\/16990"}],"wp:featuredmedia":[{"embeddable":true,"href":"https:\/\/www.ifi-id.com\/fr\/wp-json\/wp\/v2\/media\/16478"}],"wp:attachment":[{"href":"https:\/\/www.ifi-id.com\/fr\/wp-json\/wp\/v2\/media?parent=16488"}],"curies":[{"name":"wp","href":"https:\/\/api.w.org\/{rel}","templated":true}]}}