{"id":16469,"date":"2021-10-25T13:10:22","date_gmt":"2021-10-25T06:10:22","guid":{"rendered":"https:\/\/www.ifi-id.com\/le-daim-festival-du-cinema-francais-2021"},"modified":"2021-11-01T12:19:00","modified_gmt":"2021-11-01T05:19:00","slug":"fsp21-film-le-daim","status":"publish","type":"page","link":"https:\/\/www.ifi-id.com\/fr\/fsp21-film-le-daim\/","title":{"rendered":"Le Daim &#8211; Festival du Cin\u00e9ma Fran\u00e7ais 2021"},"content":{"rendered":"\t\t<div data-elementor-type=\"wp-page\" data-elementor-id=\"16469\" class=\"elementor elementor-16469 elementor-16457\" data-elementor-post-type=\"page\">\n\t\t\t\t\t\t<section class=\"elementor-section elementor-top-section elementor-element elementor-element-b0285d5 elementor-section-boxed elementor-section-height-default elementor-section-height-default\" data-id=\"b0285d5\" data-element_type=\"section\">\n\t\t\t\t\t\t<div class=\"elementor-container elementor-column-gap-default\">\n\t\t\t\t\t<div class=\"elementor-column elementor-col-100 elementor-top-column elementor-element elementor-element-4a0bdae\" data-id=\"4a0bdae\" data-element_type=\"column\">\n\t\t\t<div class=\"elementor-widget-wrap elementor-element-populated\">\n\t\t\t\t\t\t<div class=\"elementor-element elementor-element-ca914dc elementor-widget elementor-widget-heading\" data-id=\"ca914dc\" data-element_type=\"widget\" data-widget_type=\"heading.default\">\n\t\t\t\t<div class=\"elementor-widget-container\">\n\t\t\t<h2 class=\"elementor-heading-title elementor-size-default\">Le Daim<\/h2>\t\t<\/div>\n\t\t\t\t<\/div>\n\t\t\t\t\t<\/div>\n\t\t<\/div>\n\t\t\t\t\t<\/div>\n\t\t<\/section>\n\t\t\t\t<section class=\"elementor-section elementor-top-section elementor-element elementor-element-0d4942c elementor-section-boxed elementor-section-height-default elementor-section-height-default\" data-id=\"0d4942c\" data-element_type=\"section\" data-settings=\"{&quot;background_background&quot;:&quot;classic&quot;}\">\n\t\t\t\t\t\t<div class=\"elementor-container elementor-column-gap-default\">\n\t\t\t\t\t<div class=\"elementor-column elementor-col-100 elementor-top-column elementor-element elementor-element-d97c1a3\" data-id=\"d97c1a3\" data-element_type=\"column\">\n\t\t\t<div class=\"elementor-widget-wrap elementor-element-populated\">\n\t\t\t\t\t\t<div class=\"elementor-element elementor-element-2e282f4 elementor-arrows-position-inside elementor-pagination-position-outside elementor-widget elementor-widget-image-carousel\" data-id=\"2e282f4\" data-element_type=\"widget\" data-settings=\"{&quot;slides_to_show&quot;:&quot;1&quot;,&quot;autoplay_speed&quot;:3000,&quot;navigation&quot;:&quot;both&quot;,&quot;autoplay&quot;:&quot;yes&quot;,&quot;pause_on_hover&quot;:&quot;yes&quot;,&quot;pause_on_interaction&quot;:&quot;yes&quot;,&quot;infinite&quot;:&quot;yes&quot;,&quot;effect&quot;:&quot;slide&quot;,&quot;speed&quot;:500}\" data-widget_type=\"image-carousel.default\">\n\t\t\t\t<div class=\"elementor-widget-container\">\n\t\t\t\t\t<div class=\"elementor-image-carousel-wrapper swiper\" dir=\"ltr\">\n\t\t\t<div class=\"elementor-image-carousel swiper-wrapper swiper-image-stretch\" aria-live=\"off\">\n\t\t\t\t\t\t\t\t<div class=\"swiper-slide\" role=\"group\" aria-roledescription=\"slide\" aria-label=\"1 sur 3\"><figure class=\"swiper-slide-inner\"><img decoding=\"async\" class=\"swiper-slide-image\" src=\"https:\/\/www.ifi-id.com\/wp-content\/uploads\/2021\/10\/6-e1635141761273.jpg\" alt=\"6\" \/><\/figure><\/div><div class=\"swiper-slide\" role=\"group\" aria-roledescription=\"slide\" aria-label=\"2 sur 3\"><figure class=\"swiper-slide-inner\"><img decoding=\"async\" class=\"swiper-slide-image\" src=\"https:\/\/www.ifi-id.com\/wp-content\/uploads\/2021\/10\/5-2-1-e1635141908427.jpg\" alt=\"5-2\" \/><\/figure><\/div><div class=\"swiper-slide\" role=\"group\" aria-roledescription=\"slide\" aria-label=\"3 sur 3\"><figure class=\"swiper-slide-inner\"><img decoding=\"async\" class=\"swiper-slide-image\" src=\"https:\/\/www.ifi-id.com\/wp-content\/uploads\/2021\/10\/1-2-2-e1635141741615.jpg\" alt=\"1-2\" \/><\/figure><\/div>\t\t\t<\/div>\n\t\t\t\t\t\t\t\t\t\t\t\t<div class=\"elementor-swiper-button elementor-swiper-button-prev\" role=\"button\" tabindex=\"0\">\n\t\t\t\t\t\t<i aria-hidden=\"true\" class=\"eicon-chevron-left\"><\/i>\t\t\t\t\t<\/div>\n\t\t\t\t\t<div class=\"elementor-swiper-button elementor-swiper-button-next\" role=\"button\" tabindex=\"0\">\n\t\t\t\t\t\t<i aria-hidden=\"true\" class=\"eicon-chevron-right\"><\/i>\t\t\t\t\t<\/div>\n\t\t\t\t\n\t\t\t\t\t\t\t\t\t<div class=\"swiper-pagination\"><\/div>\n\t\t\t\t\t\t\t\t\t<\/div>\n\t\t\t\t<\/div>\n\t\t\t\t<\/div>\n\t\t\t\t\t<\/div>\n\t\t<\/div>\n\t\t\t\t\t<\/div>\n\t\t<\/section>\n\t\t\t\t<section class=\"elementor-section elementor-top-section elementor-element elementor-element-d2d0195 elementor-section-boxed elementor-section-height-default elementor-section-height-default\" data-id=\"d2d0195\" data-element_type=\"section\">\n\t\t\t\t\t\t<div class=\"elementor-container elementor-column-gap-default\">\n\t\t\t\t\t<div class=\"elementor-column elementor-col-100 elementor-top-column elementor-element elementor-element-4eecf96\" data-id=\"4eecf96\" data-element_type=\"column\">\n\t\t\t<div class=\"elementor-widget-wrap elementor-element-populated\">\n\t\t\t\t\t\t<div class=\"elementor-element elementor-element-f9ceaff elementor-widget elementor-widget-text-editor\" data-id=\"f9ceaff\" data-element_type=\"widget\" data-widget_type=\"text-editor.default\">\n\t\t\t\t<div class=\"elementor-widget-container\">\n\t\t\t\t\t\t\t<h4>Quentin Dupieux | 2019 | 77\u2019 | Thriller, Com\u00e9die | Fran\u00e7ais avec sous-titre indon\u00e9sien &amp; anglais | -12<br \/>\nJean Dujardin, Ad\u00e8le Haenel, Albert Delpy<\/h4>\n<p><span style=\"font-weight: 400;\">Georges, la quarantaine, quitte du jour au lendemain sa femme et son travail pour s&rsquo;offrir le blouson de ses r\u00eaves, une veste en daim \u00e0 franges. Le vendeur lui c\u00e8de avec un cam\u00e9scope num\u00e9rique. Tr\u00e8s fier du nouveau style que lui conf\u00e8re son achat, Georges prend une chambre d&rsquo;h\u00f4tel dans une station des Pyr\u00e9n\u00e9es. Dans un bar, il fait la connaissance de Denise, une serveuse cin\u00e9phile qui r\u00eave de devenir monteuse. Il lui fait croire qu&rsquo;il est un r\u00e9alisateur en rep\u00e9rage pour un prochain tournage. L&rsquo;homme d\u00e9veloppe par ailleurs une v\u00e9ritable obsession pour son blouson. Quentin Dupieux continue la construction de son \u0153uvre singuli\u00e8re dans un film o\u00f9 l&rsquo;absurde le dispute au non-sens, avec une pointe de sauvagerie.<\/span><\/p>\n\t\t\t\t\t\t<\/div>\n\t\t\t\t<\/div>\n\t\t\t\t\t<\/div>\n\t\t<\/div>\n\t\t\t\t\t<\/div>\n\t\t<\/section>\n\t\t\t\t<section class=\"elementor-section elementor-top-section elementor-element elementor-element-c1c5419 elementor-section-boxed elementor-section-height-default elementor-section-height-default\" data-id=\"c1c5419\" data-element_type=\"section\">\n\t\t\t\t\t\t<div class=\"elementor-container elementor-column-gap-default\">\n\t\t\t\t\t<div class=\"elementor-column elementor-col-100 elementor-top-column elementor-element elementor-element-2fcbd9d\" data-id=\"2fcbd9d\" data-element_type=\"column\">\n\t\t\t<div class=\"elementor-widget-wrap elementor-element-populated\">\n\t\t\t\t\t\t<div class=\"elementor-element elementor-element-960b0e0 elementor-widget elementor-widget-video\" data-id=\"960b0e0\" data-element_type=\"widget\" data-settings=\"{&quot;youtube_url&quot;:&quot;https:\\\/\\\/www.youtube.com\\\/watch?v=PyTv3rkSKkA&quot;,&quot;video_type&quot;:&quot;youtube&quot;,&quot;controls&quot;:&quot;yes&quot;}\" data-widget_type=\"video.default\">\n\t\t\t\t<div class=\"elementor-widget-container\">\n\t\t\t\t\t<div class=\"elementor-wrapper elementor-open-inline\">\n\t\t\t<div class=\"elementor-video\"><\/div>\t\t<\/div>\n\t\t\t\t<\/div>\n\t\t\t\t<\/div>\n\t\t\t\t\t<\/div>\n\t\t<\/div>\n\t\t\t\t\t<\/div>\n\t\t<\/section>\n\t\t\t\t<section class=\"elementor-section elementor-top-section elementor-element elementor-element-f41fbc5 elementor-section-boxed elementor-section-height-default elementor-section-height-default\" data-id=\"f41fbc5\" data-element_type=\"section\">\n\t\t\t\t\t\t<div class=\"elementor-container elementor-column-gap-default\">\n\t\t\t\t\t<div class=\"elementor-column elementor-col-50 elementor-top-column elementor-element elementor-element-65a32b0\" data-id=\"65a32b0\" data-element_type=\"column\">\n\t\t\t<div class=\"elementor-widget-wrap elementor-element-populated\">\n\t\t\t\t\t\t<div class=\"elementor-element elementor-element-3614085 elementor-align-center elementor-widget elementor-widget-button\" data-id=\"3614085\" data-element_type=\"widget\" data-widget_type=\"button.default\">\n\t\t\t\t<div class=\"elementor-widget-container\">\n\t\t\t\t\t<div class=\"elementor-button-wrapper\">\n\t\t\t<a class=\"elementor-button elementor-button-link elementor-size-sm\" href=\"https:\/\/www.ifi-id.com\/fr\/festival-du-cinema-francais-2021-films\">\n\t\t\t\t\t\t<span class=\"elementor-button-content-wrapper\">\n\t\t\t\t\t\t<span class=\"elementor-button-icon\">\n\t\t\t\t<i aria-hidden=\"true\" class=\"fas fa-backward\"><\/i>\t\t\t<\/span>\n\t\t\t\t\t\t\t\t\t<span class=\"elementor-button-text\">Retour \u00e0 la liste des films<\/span>\n\t\t\t\t\t<\/span>\n\t\t\t\t\t<\/a>\n\t\t<\/div>\n\t\t\t\t<\/div>\n\t\t\t\t<\/div>\n\t\t\t\t\t<\/div>\n\t\t<\/div>\n\t\t\t\t<div class=\"elementor-column elementor-col-50 elementor-top-column elementor-element elementor-element-7254162\" data-id=\"7254162\" data-element_type=\"column\">\n\t\t\t<div class=\"elementor-widget-wrap elementor-element-populated\">\n\t\t\t\t\t\t<div class=\"elementor-element elementor-element-42f0f6e elementor-align-center elementor-widget elementor-widget-button\" data-id=\"42f0f6e\" data-element_type=\"widget\" data-widget_type=\"button.default\">\n\t\t\t\t<div class=\"elementor-widget-container\">\n\t\t\t\t\t<div class=\"elementor-button-wrapper\">\n\t\t\t<a class=\"elementor-button elementor-button-link elementor-size-sm\" href=\"https:\/\/mola.tv\/watch?py_id=FestSinePrancis&#038;v=vd35561559\">\n\t\t\t\t\t\t<span class=\"elementor-button-content-wrapper\">\n\t\t\t\t\t\t<span class=\"elementor-button-icon\">\n\t\t\t\t<i aria-hidden=\"true\" class=\"fas fa-tv\"><\/i>\t\t\t<\/span>\n\t\t\t\t\t\t\t\t\t<span class=\"elementor-button-text\">Regarder sur Mola<\/span>\n\t\t\t\t\t<\/span>\n\t\t\t\t\t<\/a>\n\t\t<\/div>\n\t\t\t\t<\/div>\n\t\t\t\t<\/div>\n\t\t\t\t\t<\/div>\n\t\t<\/div>\n\t\t\t\t\t<\/div>\n\t\t<\/section>\n\t\t\t\t<\/div>\n\t\t","protected":false},"excerpt":{"rendered":"<p>Le Daim Previous Next Quentin Dupieux | 2019 | 77\u2019 | Thriller, Com\u00e9die | Fran\u00e7ais avec sous-titre indon\u00e9sien &amp; anglais | -12 Jean Dujardin, Ad\u00e8le Haenel, Albert Delpy Georges, la quarantaine, quitte du jour au lendemain sa femme et son travail pour s&rsquo;offrir le blouson de ses r\u00eaves, une veste en daim \u00e0 franges. Le &hellip; <\/p>\n<p class=\"link-more\"><a href=\"https:\/\/www.ifi-id.com\/fr\/fsp21-film-le-daim\/\" class=\"more-link\">Continuer la lecture<span class=\"screen-reader-text\"> de &laquo;&nbsp;Le Daim &#8211; Festival du Cin\u00e9ma Fran\u00e7ais 2021&nbsp;&raquo;<\/span><\/a><\/p>\n","protected":false},"author":8,"featured_media":16464,"parent":0,"menu_order":0,"comment_status":"closed","ping_status":"closed","template":"elementor_header_footer","meta":{"footnotes":""},"class_list":["post-16469","page","type-page","status-publish","has-post-thumbnail","hentry"],"yoast_head":"<!-- This site is optimized with the Yoast SEO plugin v23.5 - https:\/\/yoast.com\/wordpress\/plugins\/seo\/ -->\n<title>Le Daim - Festival du Cin\u00e9ma Fran\u00e7ais 2021 - Institut fran\u00e7ais Indon\u00e9sie<\/title>\n<meta name=\"description\" content=\"Georges, la quarantaine, quitte du jour au lendemain sa femme et son travail pour s&#039;offrir le blouson de ses r\u00eaves, une veste en daim \u00e0 franges. Le vendeur lui c\u00e8de avec un cam\u00e9scope num\u00e9rique.\" \/>\n<meta name=\"robots\" content=\"index, follow, max-snippet:-1, max-image-preview:large, max-video-preview:-1\" \/>\n<link rel=\"canonical\" href=\"https:\/\/www.ifi-id.com\/fr\/fsp21-film-le-daim\/\" \/>\n<meta property=\"og:locale\" content=\"fr_FR\" \/>\n<meta property=\"og:type\" content=\"article\" \/>\n<meta property=\"og:title\" content=\"Le Daim - Festival du Cin\u00e9ma Fran\u00e7ais 2021\" \/>\n<meta property=\"og:description\" content=\"Georges, la quarantaine, quitte du jour au lendemain sa femme et son travail pour s&#039;offrir le blouson de ses r\u00eaves, une veste en daim \u00e0 franges. Le vendeur lui c\u00e8de avec un cam\u00e9scope num\u00e9rique.\" \/>\n<meta property=\"og:url\" content=\"https:\/\/www.ifi-id.com\/fr\/fsp21-film-le-daim\/\" \/>\n<meta property=\"og:site_name\" content=\"Institut fran\u00e7ais Indon\u00e9sie\" \/>\n<meta property=\"article:modified_time\" content=\"2021-11-01T05:19:00+00:00\" \/>\n<meta property=\"og:image\" content=\"https:\/\/www.ifi-id.com\/wp-content\/uploads\/2021\/10\/6-e1635141761273.jpg\" \/>\n<meta name=\"twitter:card\" content=\"summary_large_image\" \/>\n<meta name=\"twitter:title\" content=\"Le Daim - Festival du Cin\u00e9ma Fran\u00e7ais 2021\" \/>\n<meta name=\"twitter:description\" content=\"Georges, la quarantaine, quitte du jour au lendemain sa femme et son travail pour s&#039;offrir le blouson de ses r\u00eaves, une veste en daim \u00e0 franges. Le vendeur lui c\u00e8de avec un cam\u00e9scope num\u00e9rique.\" \/>\n<meta name=\"twitter:image\" content=\"https:\/\/www.ifi-id.com\/wp-content\/uploads\/2021\/10\/6-e1635141761273.jpg\" \/>\n<meta name=\"twitter:label1\" content=\"Dur\u00e9e de lecture estim\u00e9e\" \/>\n\t<meta name=\"twitter:data1\" content=\"1 minute\" \/>\n<script type=\"application\/ld+json\" class=\"yoast-schema-graph\">{\"@context\":\"https:\/\/schema.org\",\"@graph\":[{\"@type\":\"WebPage\",\"@id\":\"https:\/\/www.ifi-id.com\/fr\/fsp21-film-le-daim\/\",\"url\":\"https:\/\/www.ifi-id.com\/fr\/fsp21-film-le-daim\/\",\"name\":\"Le Daim - Festival du Cin\u00e9ma Fran\u00e7ais 2021 - Institut fran\u00e7ais Indon\u00e9sie\",\"isPartOf\":{\"@id\":\"https:\/\/www.ifi-id.com\/#website\"},\"primaryImageOfPage\":{\"@id\":\"https:\/\/www.ifi-id.com\/fr\/fsp21-film-le-daim\/#primaryimage\"},\"image\":{\"@id\":\"https:\/\/www.ifi-id.com\/fr\/fsp21-film-le-daim\/#primaryimage\"},\"thumbnailUrl\":\"https:\/\/www.ifi-id.com\/wp-content\/uploads\/2021\/10\/6-e1635141761273.jpg\",\"datePublished\":\"2021-10-25T06:10:22+00:00\",\"dateModified\":\"2021-11-01T05:19:00+00:00\",\"description\":\"Georges, la quarantaine, quitte du jour au lendemain sa femme et son travail pour s'offrir le blouson de ses r\u00eaves, une veste en daim \u00e0 franges. Le vendeur lui c\u00e8de avec un cam\u00e9scope num\u00e9rique.\",\"breadcrumb\":{\"@id\":\"https:\/\/www.ifi-id.com\/fr\/fsp21-film-le-daim\/#breadcrumb\"},\"inLanguage\":\"fr-FR\",\"potentialAction\":[{\"@type\":\"ReadAction\",\"target\":[\"https:\/\/www.ifi-id.com\/fr\/fsp21-film-le-daim\/\"]}]},{\"@type\":\"ImageObject\",\"inLanguage\":\"fr-FR\",\"@id\":\"https:\/\/www.ifi-id.com\/fr\/fsp21-film-le-daim\/#primaryimage\",\"url\":\"https:\/\/www.ifi-id.com\/wp-content\/uploads\/2021\/10\/6-e1635141761273.jpg\",\"contentUrl\":\"https:\/\/www.ifi-id.com\/wp-content\/uploads\/2021\/10\/6-e1635141761273.jpg\",\"width\":1600,\"height\":844},{\"@type\":\"BreadcrumbList\",\"@id\":\"https:\/\/www.ifi-id.com\/fr\/fsp21-film-le-daim\/#breadcrumb\",\"itemListElement\":[{\"@type\":\"ListItem\",\"position\":1,\"name\":\"Home\",\"item\":\"https:\/\/www.ifi-id.com\/\"},{\"@type\":\"ListItem\",\"position\":2,\"name\":\"Le Daim &#8211; Festival du Cin\u00e9ma Fran\u00e7ais 2021\"}]},{\"@type\":\"WebSite\",\"@id\":\"https:\/\/www.ifi-id.com\/#website\",\"url\":\"https:\/\/www.ifi-id.com\/\",\"name\":\"Institut fran\u00e7ais Indon\u00e9sie\",\"description\":\"\",\"publisher\":{\"@id\":\"https:\/\/www.ifi-id.com\/#organization\"},\"potentialAction\":[{\"@type\":\"SearchAction\",\"target\":{\"@type\":\"EntryPoint\",\"urlTemplate\":\"https:\/\/www.ifi-id.com\/?s={search_term_string}\"},\"query-input\":{\"@type\":\"PropertyValueSpecification\",\"valueRequired\":true,\"valueName\":\"search_term_string\"}}],\"inLanguage\":\"fr-FR\"},{\"@type\":\"Organization\",\"@id\":\"https:\/\/www.ifi-id.com\/#organization\",\"name\":\"Institut fran\u00e7ais Indon\u00e9sie\",\"url\":\"https:\/\/www.ifi-id.com\/\",\"logo\":{\"@type\":\"ImageObject\",\"inLanguage\":\"fr-FR\",\"@id\":\"https:\/\/www.ifi-id.com\/#\/schema\/logo\/image\/\",\"url\":\"https:\/\/www.ifi-id.com\/wp-content\/uploads\/2022\/12\/IFI_New_Logo.jpg\",\"contentUrl\":\"https:\/\/www.ifi-id.com\/wp-content\/uploads\/2022\/12\/IFI_New_Logo.jpg\",\"width\":666,\"height\":444,\"caption\":\"Institut fran\u00e7ais Indon\u00e9sie\"},\"image\":{\"@id\":\"https:\/\/www.ifi-id.com\/#\/schema\/logo\/image\/\"}}]}<\/script>\n<!-- \/ Yoast SEO plugin. -->","yoast_head_json":{"title":"Le Daim - Festival du Cin\u00e9ma Fran\u00e7ais 2021 - Institut fran\u00e7ais Indon\u00e9sie","description":"Georges, la quarantaine, quitte du jour au lendemain sa femme et son travail pour s'offrir le blouson de ses r\u00eaves, une veste en daim \u00e0 franges. Le vendeur lui c\u00e8de avec un cam\u00e9scope num\u00e9rique.","robots":{"index":"index","follow":"follow","max-snippet":"max-snippet:-1","max-image-preview":"max-image-preview:large","max-video-preview":"max-video-preview:-1"},"canonical":"https:\/\/www.ifi-id.com\/fr\/fsp21-film-le-daim\/","og_locale":"fr_FR","og_type":"article","og_title":"Le Daim - Festival du Cin\u00e9ma Fran\u00e7ais 2021","og_description":"Georges, la quarantaine, quitte du jour au lendemain sa femme et son travail pour s'offrir le blouson de ses r\u00eaves, une veste en daim \u00e0 franges. Le vendeur lui c\u00e8de avec un cam\u00e9scope num\u00e9rique.","og_url":"https:\/\/www.ifi-id.com\/fr\/fsp21-film-le-daim\/","og_site_name":"Institut fran\u00e7ais Indon\u00e9sie","article_modified_time":"2021-11-01T05:19:00+00:00","og_image":[{"url":"https:\/\/www.ifi-id.com\/wp-content\/uploads\/2021\/10\/6-e1635141761273.jpg"}],"twitter_card":"summary_large_image","twitter_title":"Le Daim - Festival du Cin\u00e9ma Fran\u00e7ais 2021","twitter_description":"Georges, la quarantaine, quitte du jour au lendemain sa femme et son travail pour s'offrir le blouson de ses r\u00eaves, une veste en daim \u00e0 franges. Le vendeur lui c\u00e8de avec un cam\u00e9scope num\u00e9rique.","twitter_image":"https:\/\/www.ifi-id.com\/wp-content\/uploads\/2021\/10\/6-e1635141761273.jpg","twitter_misc":{"Dur\u00e9e de lecture estim\u00e9e":"1 minute"},"schema":{"@context":"https:\/\/schema.org","@graph":[{"@type":"WebPage","@id":"https:\/\/www.ifi-id.com\/fr\/fsp21-film-le-daim\/","url":"https:\/\/www.ifi-id.com\/fr\/fsp21-film-le-daim\/","name":"Le Daim - Festival du Cin\u00e9ma Fran\u00e7ais 2021 - Institut fran\u00e7ais Indon\u00e9sie","isPartOf":{"@id":"https:\/\/www.ifi-id.com\/#website"},"primaryImageOfPage":{"@id":"https:\/\/www.ifi-id.com\/fr\/fsp21-film-le-daim\/#primaryimage"},"image":{"@id":"https:\/\/www.ifi-id.com\/fr\/fsp21-film-le-daim\/#primaryimage"},"thumbnailUrl":"https:\/\/www.ifi-id.com\/wp-content\/uploads\/2021\/10\/6-e1635141761273.jpg","datePublished":"2021-10-25T06:10:22+00:00","dateModified":"2021-11-01T05:19:00+00:00","description":"Georges, la quarantaine, quitte du jour au lendemain sa femme et son travail pour s'offrir le blouson de ses r\u00eaves, une veste en daim \u00e0 franges. Le vendeur lui c\u00e8de avec un cam\u00e9scope num\u00e9rique.","breadcrumb":{"@id":"https:\/\/www.ifi-id.com\/fr\/fsp21-film-le-daim\/#breadcrumb"},"inLanguage":"fr-FR","potentialAction":[{"@type":"ReadAction","target":["https:\/\/www.ifi-id.com\/fr\/fsp21-film-le-daim\/"]}]},{"@type":"ImageObject","inLanguage":"fr-FR","@id":"https:\/\/www.ifi-id.com\/fr\/fsp21-film-le-daim\/#primaryimage","url":"https:\/\/www.ifi-id.com\/wp-content\/uploads\/2021\/10\/6-e1635141761273.jpg","contentUrl":"https:\/\/www.ifi-id.com\/wp-content\/uploads\/2021\/10\/6-e1635141761273.jpg","width":1600,"height":844},{"@type":"BreadcrumbList","@id":"https:\/\/www.ifi-id.com\/fr\/fsp21-film-le-daim\/#breadcrumb","itemListElement":[{"@type":"ListItem","position":1,"name":"Home","item":"https:\/\/www.ifi-id.com\/"},{"@type":"ListItem","position":2,"name":"Le Daim &#8211; Festival du Cin\u00e9ma Fran\u00e7ais 2021"}]},{"@type":"WebSite","@id":"https:\/\/www.ifi-id.com\/#website","url":"https:\/\/www.ifi-id.com\/","name":"Institut fran\u00e7ais Indon\u00e9sie","description":"","publisher":{"@id":"https:\/\/www.ifi-id.com\/#organization"},"potentialAction":[{"@type":"SearchAction","target":{"@type":"EntryPoint","urlTemplate":"https:\/\/www.ifi-id.com\/?s={search_term_string}"},"query-input":{"@type":"PropertyValueSpecification","valueRequired":true,"valueName":"search_term_string"}}],"inLanguage":"fr-FR"},{"@type":"Organization","@id":"https:\/\/www.ifi-id.com\/#organization","name":"Institut fran\u00e7ais Indon\u00e9sie","url":"https:\/\/www.ifi-id.com\/","logo":{"@type":"ImageObject","inLanguage":"fr-FR","@id":"https:\/\/www.ifi-id.com\/#\/schema\/logo\/image\/","url":"https:\/\/www.ifi-id.com\/wp-content\/uploads\/2022\/12\/IFI_New_Logo.jpg","contentUrl":"https:\/\/www.ifi-id.com\/wp-content\/uploads\/2022\/12\/IFI_New_Logo.jpg","width":666,"height":444,"caption":"Institut fran\u00e7ais Indon\u00e9sie"},"image":{"@id":"https:\/\/www.ifi-id.com\/#\/schema\/logo\/image\/"}}]}},"post_mailing_queue_ids":[],"_links":{"self":[{"href":"https:\/\/www.ifi-id.com\/fr\/wp-json\/wp\/v2\/pages\/16469"}],"collection":[{"href":"https:\/\/www.ifi-id.com\/fr\/wp-json\/wp\/v2\/pages"}],"about":[{"href":"https:\/\/www.ifi-id.com\/fr\/wp-json\/wp\/v2\/types\/page"}],"author":[{"embeddable":true,"href":"https:\/\/www.ifi-id.com\/fr\/wp-json\/wp\/v2\/users\/8"}],"replies":[{"embeddable":true,"href":"https:\/\/www.ifi-id.com\/fr\/wp-json\/wp\/v2\/comments?post=16469"}],"version-history":[{"count":4,"href":"https:\/\/www.ifi-id.com\/fr\/wp-json\/wp\/v2\/pages\/16469\/revisions"}],"predecessor-version":[{"id":16958,"href":"https:\/\/www.ifi-id.com\/fr\/wp-json\/wp\/v2\/pages\/16469\/revisions\/16958"}],"wp:featuredmedia":[{"embeddable":true,"href":"https:\/\/www.ifi-id.com\/fr\/wp-json\/wp\/v2\/media\/16464"}],"wp:attachment":[{"href":"https:\/\/www.ifi-id.com\/fr\/wp-json\/wp\/v2\/media?parent=16469"}],"curies":[{"name":"wp","href":"https:\/\/api.w.org\/{rel}","templated":true}]}}