{"id":16453,"date":"2021-10-22T23:49:45","date_gmt":"2021-10-22T16:49:45","guid":{"rendered":"https:\/\/www.ifi-id.com\/thomas-pesquet-letoffe-dun-heros-festival-du-cinema-francais-2021"},"modified":"2021-11-01T12:35:57","modified_gmt":"2021-11-01T05:35:57","slug":"fsp21-film-thomas-pesquet-letoffe-dun-heros","status":"publish","type":"page","link":"https:\/\/www.ifi-id.com\/fr\/fsp21-film-thomas-pesquet-letoffe-dun-heros\/","title":{"rendered":"Thomas Pesquet, l\u2019\u00e9toffe d\u2019un h\u00e9ros &#8211; Festival du Cin\u00e9ma Fran\u00e7ais 2021"},"content":{"rendered":"\t\t<div data-elementor-type=\"wp-page\" data-elementor-id=\"16453\" class=\"elementor elementor-16453 elementor-16441\" data-elementor-post-type=\"page\">\n\t\t\t\t\t\t<section class=\"elementor-section elementor-top-section elementor-element elementor-element-0d3fd01 elementor-section-boxed elementor-section-height-default elementor-section-height-default\" data-id=\"0d3fd01\" data-element_type=\"section\">\n\t\t\t\t\t\t<div class=\"elementor-container elementor-column-gap-default\">\n\t\t\t\t\t<div class=\"elementor-column elementor-col-100 elementor-top-column elementor-element elementor-element-7ce19cf\" data-id=\"7ce19cf\" data-element_type=\"column\">\n\t\t\t<div class=\"elementor-widget-wrap elementor-element-populated\">\n\t\t\t\t\t\t<div class=\"elementor-element elementor-element-b90f0e1 elementor-widget elementor-widget-heading\" data-id=\"b90f0e1\" data-element_type=\"widget\" data-widget_type=\"heading.default\">\n\t\t\t\t<div class=\"elementor-widget-container\">\n\t\t\t<h2 class=\"elementor-heading-title elementor-size-default\">Thomas Pesquet, l\u2019\u00e9toffe d\u2019un h\u00e9ros<\/h2>\t\t<\/div>\n\t\t\t\t<\/div>\n\t\t\t\t\t<\/div>\n\t\t<\/div>\n\t\t\t\t\t<\/div>\n\t\t<\/section>\n\t\t\t\t<section class=\"elementor-section elementor-top-section elementor-element elementor-element-08b28a6 elementor-section-boxed elementor-section-height-default elementor-section-height-default\" data-id=\"08b28a6\" data-element_type=\"section\" data-settings=\"{&quot;background_background&quot;:&quot;classic&quot;}\">\n\t\t\t\t\t\t<div class=\"elementor-container elementor-column-gap-default\">\n\t\t\t\t\t<div class=\"elementor-column elementor-col-100 elementor-top-column elementor-element elementor-element-d99f739\" data-id=\"d99f739\" data-element_type=\"column\">\n\t\t\t<div class=\"elementor-widget-wrap elementor-element-populated\">\n\t\t\t\t\t\t<div class=\"elementor-element elementor-element-4a59890 elementor-arrows-position-inside elementor-pagination-position-outside elementor-widget elementor-widget-image-carousel\" data-id=\"4a59890\" data-element_type=\"widget\" data-settings=\"{&quot;slides_to_show&quot;:&quot;1&quot;,&quot;autoplay_speed&quot;:3000,&quot;navigation&quot;:&quot;both&quot;,&quot;autoplay&quot;:&quot;yes&quot;,&quot;pause_on_hover&quot;:&quot;yes&quot;,&quot;pause_on_interaction&quot;:&quot;yes&quot;,&quot;infinite&quot;:&quot;yes&quot;,&quot;effect&quot;:&quot;slide&quot;,&quot;speed&quot;:500}\" data-widget_type=\"image-carousel.default\">\n\t\t\t\t<div class=\"elementor-widget-container\">\n\t\t\t\t\t<div class=\"elementor-image-carousel-wrapper swiper\" dir=\"ltr\">\n\t\t\t<div class=\"elementor-image-carousel swiper-wrapper swiper-image-stretch\" aria-live=\"off\">\n\t\t\t\t\t\t\t\t<div class=\"swiper-slide\" role=\"group\" aria-roledescription=\"slide\" aria-label=\"1 sur 3\"><figure class=\"swiper-slide-inner\"><img decoding=\"async\" class=\"swiper-slide-image\" src=\"https:\/\/www.ifi-id.com\/wp-content\/uploads\/2021\/10\/5-4-e1634920631305.jpg\" alt=\"ESA astronauts Luca Parmitano and Thomas Pesquet training together for INC-49\/INC-50 ISS EVA Maintenance run\" \/><\/figure><\/div><div class=\"swiper-slide\" role=\"group\" aria-roledescription=\"slide\" aria-label=\"2 sur 3\"><figure class=\"swiper-slide-inner\"><img decoding=\"async\" class=\"swiper-slide-image\" src=\"https:\/\/www.ifi-id.com\/wp-content\/uploads\/2021\/10\/2-2-2-e1634920597101.jpg\" alt=\"2-2\" \/><\/figure><\/div><div class=\"swiper-slide\" role=\"group\" aria-roledescription=\"slide\" aria-label=\"3 sur 3\"><figure class=\"swiper-slide-inner\"><img decoding=\"async\" class=\"swiper-slide-image\" src=\"https:\/\/www.ifi-id.com\/wp-content\/uploads\/2021\/10\/3-2-2-scaled-e1634920613942.jpg\" alt=\"3-2\" \/><\/figure><\/div>\t\t\t<\/div>\n\t\t\t\t\t\t\t\t\t\t\t\t<div class=\"elementor-swiper-button elementor-swiper-button-prev\" role=\"button\" tabindex=\"0\">\n\t\t\t\t\t\t<i aria-hidden=\"true\" class=\"eicon-chevron-left\"><\/i>\t\t\t\t\t<\/div>\n\t\t\t\t\t<div class=\"elementor-swiper-button elementor-swiper-button-next\" role=\"button\" tabindex=\"0\">\n\t\t\t\t\t\t<i aria-hidden=\"true\" class=\"eicon-chevron-right\"><\/i>\t\t\t\t\t<\/div>\n\t\t\t\t\n\t\t\t\t\t\t\t\t\t<div class=\"swiper-pagination\"><\/div>\n\t\t\t\t\t\t\t\t\t<\/div>\n\t\t\t\t<\/div>\n\t\t\t\t<\/div>\n\t\t\t\t\t<\/div>\n\t\t<\/div>\n\t\t\t\t\t<\/div>\n\t\t<\/section>\n\t\t\t\t<section class=\"elementor-section elementor-top-section elementor-element elementor-element-15f1917 elementor-section-boxed elementor-section-height-default elementor-section-height-default\" data-id=\"15f1917\" data-element_type=\"section\">\n\t\t\t\t\t\t<div class=\"elementor-container elementor-column-gap-default\">\n\t\t\t\t\t<div class=\"elementor-column elementor-col-100 elementor-top-column elementor-element elementor-element-07fe2ef\" data-id=\"07fe2ef\" data-element_type=\"column\">\n\t\t\t<div class=\"elementor-widget-wrap elementor-element-populated\">\n\t\t\t\t\t\t<div class=\"elementor-element elementor-element-3200f8e elementor-widget elementor-widget-text-editor\" data-id=\"3200f8e\" data-element_type=\"widget\" data-widget_type=\"text-editor.default\">\n\t\t\t\t<div class=\"elementor-widget-container\">\n\t\t\t\t\t\t\t<h4>Pierre-Emmanuel Le Goff and J\u00fcrgen Hansen | 2019 | 72\u2019 | Documentaire | Fran\u00e7ais avec sous-titre indon\u00e9sien | TP<br \/>\nThomas Pesquet<\/h4>\n<p><span style=\"font-weight: 400;\">Le 16 novembre 2016, l\u2019astronaute fran\u00e7ais Thomas Pesquet s\u2019envolait pour une aventure de 6 mois dans la station spatiale internationale. Pour pr\u00e9parer cette mission et affronter l\u2019environnement hostile de l\u2019espace, il s\u2019est entra\u00een\u00e9 durant 7 ans dans les lieux mythiques de la conqu\u00eate spatiale. De Houston \u00e0 Ba\u00efkonour, les r\u00e9alisateurs J\u00fcrgen Hansen et Pierre-Emmanuel Le Goff ont suivi au plus pr\u00e8s cette pr\u00e9paration physique et mentale qu\u2019il devra \u00e0 nouveau endurer avant sa prochaine mission dans l\u2019espace, et peut \u00eatre un jour son d\u00e9part vers la lune.<\/span><\/p>\n\t\t\t\t\t\t<\/div>\n\t\t\t\t<\/div>\n\t\t\t\t\t<\/div>\n\t\t<\/div>\n\t\t\t\t\t<\/div>\n\t\t<\/section>\n\t\t\t\t<section class=\"elementor-section elementor-top-section elementor-element elementor-element-112b46c elementor-section-boxed elementor-section-height-default elementor-section-height-default\" data-id=\"112b46c\" data-element_type=\"section\">\n\t\t\t\t\t\t<div class=\"elementor-container elementor-column-gap-default\">\n\t\t\t\t\t<div class=\"elementor-column elementor-col-100 elementor-top-column elementor-element elementor-element-883924d\" data-id=\"883924d\" data-element_type=\"column\">\n\t\t\t<div class=\"elementor-widget-wrap elementor-element-populated\">\n\t\t\t\t\t\t<div class=\"elementor-element elementor-element-043cbb0 elementor-widget elementor-widget-video\" data-id=\"043cbb0\" data-element_type=\"widget\" data-settings=\"{&quot;youtube_url&quot;:&quot;https:\\\/\\\/www.youtube.com\\\/watch?v=oXANA5i9B9s&quot;,&quot;video_type&quot;:&quot;youtube&quot;,&quot;controls&quot;:&quot;yes&quot;}\" data-widget_type=\"video.default\">\n\t\t\t\t<div class=\"elementor-widget-container\">\n\t\t\t\t\t<div class=\"elementor-wrapper elementor-open-inline\">\n\t\t\t<div class=\"elementor-video\"><\/div>\t\t<\/div>\n\t\t\t\t<\/div>\n\t\t\t\t<\/div>\n\t\t\t\t\t<\/div>\n\t\t<\/div>\n\t\t\t\t\t<\/div>\n\t\t<\/section>\n\t\t\t\t<section class=\"elementor-section elementor-top-section elementor-element elementor-element-0baf1dd elementor-section-boxed elementor-section-height-default elementor-section-height-default\" data-id=\"0baf1dd\" data-element_type=\"section\">\n\t\t\t\t\t\t<div class=\"elementor-container elementor-column-gap-default\">\n\t\t\t\t\t<div class=\"elementor-column elementor-col-50 elementor-top-column elementor-element elementor-element-a1d8c82\" data-id=\"a1d8c82\" data-element_type=\"column\">\n\t\t\t<div class=\"elementor-widget-wrap elementor-element-populated\">\n\t\t\t\t\t\t<div class=\"elementor-element elementor-element-58b7f62 elementor-align-center elementor-widget elementor-widget-button\" data-id=\"58b7f62\" data-element_type=\"widget\" data-widget_type=\"button.default\">\n\t\t\t\t<div class=\"elementor-widget-container\">\n\t\t\t\t\t<div class=\"elementor-button-wrapper\">\n\t\t\t<a class=\"elementor-button elementor-button-link elementor-size-sm\" href=\"https:\/\/www.ifi-id.com\/fr\/festival-du-cinema-francais-2021-films\">\n\t\t\t\t\t\t<span class=\"elementor-button-content-wrapper\">\n\t\t\t\t\t\t<span class=\"elementor-button-icon\">\n\t\t\t\t<i aria-hidden=\"true\" class=\"fas fa-backward\"><\/i>\t\t\t<\/span>\n\t\t\t\t\t\t\t\t\t<span class=\"elementor-button-text\">Retour \u00e0 la liste des films<\/span>\n\t\t\t\t\t<\/span>\n\t\t\t\t\t<\/a>\n\t\t<\/div>\n\t\t\t\t<\/div>\n\t\t\t\t<\/div>\n\t\t\t\t\t<\/div>\n\t\t<\/div>\n\t\t\t\t<div class=\"elementor-column elementor-col-50 elementor-top-column elementor-element elementor-element-c911ff4\" data-id=\"c911ff4\" data-element_type=\"column\">\n\t\t\t<div class=\"elementor-widget-wrap elementor-element-populated\">\n\t\t\t\t\t\t<div class=\"elementor-element elementor-element-6193d72 elementor-align-center elementor-widget elementor-widget-button\" data-id=\"6193d72\" data-element_type=\"widget\" data-widget_type=\"button.default\">\n\t\t\t\t<div class=\"elementor-widget-container\">\n\t\t\t\t\t<div class=\"elementor-button-wrapper\">\n\t\t\t<a class=\"elementor-button elementor-button-link elementor-size-sm\" href=\"https:\/\/mola.tv\/watch?py_id=FestSinePrancis&#038;v=vd35596414\">\n\t\t\t\t\t\t<span class=\"elementor-button-content-wrapper\">\n\t\t\t\t\t\t<span class=\"elementor-button-icon\">\n\t\t\t\t<i aria-hidden=\"true\" class=\"fas fa-tv\"><\/i>\t\t\t<\/span>\n\t\t\t\t\t\t\t\t\t<span class=\"elementor-button-text\">Regarder sur Mola<\/span>\n\t\t\t\t\t<\/span>\n\t\t\t\t\t<\/a>\n\t\t<\/div>\n\t\t\t\t<\/div>\n\t\t\t\t<\/div>\n\t\t\t\t\t<\/div>\n\t\t<\/div>\n\t\t\t\t\t<\/div>\n\t\t<\/section>\n\t\t\t\t<\/div>\n\t\t","protected":false},"excerpt":{"rendered":"<p>Thomas Pesquet, l\u2019\u00e9toffe d\u2019un h\u00e9ros Previous Next Pierre-Emmanuel Le Goff and J\u00fcrgen Hansen | 2019 | 72\u2019 | Documentaire | Fran\u00e7ais avec sous-titre indon\u00e9sien | TP Thomas Pesquet Le 16 novembre 2016, l\u2019astronaute fran\u00e7ais Thomas Pesquet s\u2019envolait pour une aventure de 6 mois dans la station spatiale internationale. Pour pr\u00e9parer cette mission et affronter l\u2019environnement &hellip; <\/p>\n<p class=\"link-more\"><a href=\"https:\/\/www.ifi-id.com\/fr\/fsp21-film-thomas-pesquet-letoffe-dun-heros\/\" class=\"more-link\">Continuer la lecture<span class=\"screen-reader-text\"> de &laquo;&nbsp;Thomas Pesquet, l\u2019\u00e9toffe d\u2019un h\u00e9ros &#8211; Festival du Cin\u00e9ma Fran\u00e7ais 2021&nbsp;&raquo;<\/span><\/a><\/p>\n","protected":false},"author":8,"featured_media":16448,"parent":0,"menu_order":0,"comment_status":"closed","ping_status":"closed","template":"elementor_header_footer","meta":{"footnotes":""},"class_list":["post-16453","page","type-page","status-publish","has-post-thumbnail","hentry"],"yoast_head":"<!-- This site is optimized with the Yoast SEO plugin v23.5 - https:\/\/yoast.com\/wordpress\/plugins\/seo\/ -->\n<title>Thomas Pesquet, l\u2019\u00e9toffe d\u2019un h\u00e9ros - Festival du Cin\u00e9ma Fran\u00e7ais 2021 - Institut fran\u00e7ais Indon\u00e9sie<\/title>\n<meta name=\"description\" content=\"Le 16 novembre 2016, l\u2019astronaute fran\u00e7ais Thomas Pesquet s\u2019envolait pour une aventure de 6 mois dans la station spatiale internationale. Pour pr\u00e9parer cette mission et affronter l\u2019environnement hostile de l\u2019espace, il s\u2019est entra\u00een\u00e9 durant 7 ans dans les lieux mythiques de la conqu\u00eate spatiale.\" \/>\n<meta name=\"robots\" content=\"index, follow, max-snippet:-1, max-image-preview:large, max-video-preview:-1\" \/>\n<link rel=\"canonical\" href=\"https:\/\/www.ifi-id.com\/fr\/fsp21-film-thomas-pesquet-letoffe-dun-heros\/\" \/>\n<meta property=\"og:locale\" content=\"fr_FR\" \/>\n<meta property=\"og:type\" content=\"article\" \/>\n<meta property=\"og:title\" content=\"Thomas Pesquet, l\u2019\u00e9toffe d\u2019un h\u00e9ros - Festival du Cin\u00e9ma Fran\u00e7ais 2021\" \/>\n<meta property=\"og:description\" content=\"Le 16 novembre 2016, l\u2019astronaute fran\u00e7ais Thomas Pesquet s\u2019envolait pour une aventure de 6 mois dans la station spatiale internationale. Pour pr\u00e9parer cette mission et affronter l\u2019environnement hostile de l\u2019espace, il s\u2019est entra\u00een\u00e9 durant 7 ans dans les lieux mythiques de la conqu\u00eate spatiale.\" \/>\n<meta property=\"og:url\" content=\"https:\/\/www.ifi-id.com\/fr\/fsp21-film-thomas-pesquet-letoffe-dun-heros\/\" \/>\n<meta property=\"og:site_name\" content=\"Institut fran\u00e7ais Indon\u00e9sie\" \/>\n<meta property=\"article:modified_time\" content=\"2021-11-01T05:35:57+00:00\" \/>\n<meta property=\"og:image\" content=\"https:\/\/www.ifi-id.com\/wp-content\/uploads\/2021\/10\/5-4-e1634920631305.jpg\" \/>\n<meta name=\"twitter:card\" content=\"summary_large_image\" \/>\n<meta name=\"twitter:title\" content=\"Thomas Pesquet, l\u2019\u00e9toffe d\u2019un h\u00e9ros - Festival du Cin\u00e9ma Fran\u00e7ais 2021\" \/>\n<meta name=\"twitter:description\" content=\"Le 16 novembre 2016, l\u2019astronaute fran\u00e7ais Thomas Pesquet s\u2019envolait pour une aventure de 6 mois dans la station spatiale internationale. Pour pr\u00e9parer cette mission et affronter l\u2019environnement hostile de l\u2019espace, il s\u2019est entra\u00een\u00e9 durant 7 ans dans les lieux mythiques de la conqu\u00eate spatiale.\" \/>\n<meta name=\"twitter:image\" content=\"https:\/\/www.ifi-id.com\/wp-content\/uploads\/2021\/10\/5-4-e1634920631305.jpg\" \/>\n<meta name=\"twitter:label1\" content=\"Dur\u00e9e de lecture estim\u00e9e\" \/>\n\t<meta name=\"twitter:data1\" content=\"1 minute\" \/>\n<script type=\"application\/ld+json\" class=\"yoast-schema-graph\">{\"@context\":\"https:\/\/schema.org\",\"@graph\":[{\"@type\":\"WebPage\",\"@id\":\"https:\/\/www.ifi-id.com\/fr\/fsp21-film-thomas-pesquet-letoffe-dun-heros\/\",\"url\":\"https:\/\/www.ifi-id.com\/fr\/fsp21-film-thomas-pesquet-letoffe-dun-heros\/\",\"name\":\"Thomas Pesquet, l\u2019\u00e9toffe d\u2019un h\u00e9ros - Festival du Cin\u00e9ma Fran\u00e7ais 2021 - Institut fran\u00e7ais Indon\u00e9sie\",\"isPartOf\":{\"@id\":\"https:\/\/www.ifi-id.com\/#website\"},\"primaryImageOfPage\":{\"@id\":\"https:\/\/www.ifi-id.com\/fr\/fsp21-film-thomas-pesquet-letoffe-dun-heros\/#primaryimage\"},\"image\":{\"@id\":\"https:\/\/www.ifi-id.com\/fr\/fsp21-film-thomas-pesquet-letoffe-dun-heros\/#primaryimage\"},\"thumbnailUrl\":\"https:\/\/www.ifi-id.com\/wp-content\/uploads\/2021\/10\/5-4-e1634920631305.jpg\",\"datePublished\":\"2021-10-22T16:49:45+00:00\",\"dateModified\":\"2021-11-01T05:35:57+00:00\",\"description\":\"Le 16 novembre 2016, l\u2019astronaute fran\u00e7ais Thomas Pesquet s\u2019envolait pour une aventure de 6 mois dans la station spatiale internationale. Pour pr\u00e9parer cette mission et affronter l\u2019environnement hostile de l\u2019espace, il s\u2019est entra\u00een\u00e9 durant 7 ans dans les lieux mythiques de la conqu\u00eate spatiale.\",\"breadcrumb\":{\"@id\":\"https:\/\/www.ifi-id.com\/fr\/fsp21-film-thomas-pesquet-letoffe-dun-heros\/#breadcrumb\"},\"inLanguage\":\"fr-FR\",\"potentialAction\":[{\"@type\":\"ReadAction\",\"target\":[\"https:\/\/www.ifi-id.com\/fr\/fsp21-film-thomas-pesquet-letoffe-dun-heros\/\"]}]},{\"@type\":\"ImageObject\",\"inLanguage\":\"fr-FR\",\"@id\":\"https:\/\/www.ifi-id.com\/fr\/fsp21-film-thomas-pesquet-letoffe-dun-heros\/#primaryimage\",\"url\":\"https:\/\/www.ifi-id.com\/wp-content\/uploads\/2021\/10\/5-4-e1634920631305.jpg\",\"contentUrl\":\"https:\/\/www.ifi-id.com\/wp-content\/uploads\/2021\/10\/5-4-e1634920631305.jpg\",\"width\":1440,\"height\":720,\"caption\":\"ESA astronauts Luca Parmitano and Thomas Pesquet training together for INC-49\/INC-50 ISS EVA Maintenance run\"},{\"@type\":\"BreadcrumbList\",\"@id\":\"https:\/\/www.ifi-id.com\/fr\/fsp21-film-thomas-pesquet-letoffe-dun-heros\/#breadcrumb\",\"itemListElement\":[{\"@type\":\"ListItem\",\"position\":1,\"name\":\"Home\",\"item\":\"https:\/\/www.ifi-id.com\/\"},{\"@type\":\"ListItem\",\"position\":2,\"name\":\"Thomas Pesquet, l\u2019\u00e9toffe d\u2019un h\u00e9ros &#8211; Festival du Cin\u00e9ma Fran\u00e7ais 2021\"}]},{\"@type\":\"WebSite\",\"@id\":\"https:\/\/www.ifi-id.com\/#website\",\"url\":\"https:\/\/www.ifi-id.com\/\",\"name\":\"Institut fran\u00e7ais Indon\u00e9sie\",\"description\":\"\",\"publisher\":{\"@id\":\"https:\/\/www.ifi-id.com\/#organization\"},\"potentialAction\":[{\"@type\":\"SearchAction\",\"target\":{\"@type\":\"EntryPoint\",\"urlTemplate\":\"https:\/\/www.ifi-id.com\/?s={search_term_string}\"},\"query-input\":{\"@type\":\"PropertyValueSpecification\",\"valueRequired\":true,\"valueName\":\"search_term_string\"}}],\"inLanguage\":\"fr-FR\"},{\"@type\":\"Organization\",\"@id\":\"https:\/\/www.ifi-id.com\/#organization\",\"name\":\"Institut fran\u00e7ais Indon\u00e9sie\",\"url\":\"https:\/\/www.ifi-id.com\/\",\"logo\":{\"@type\":\"ImageObject\",\"inLanguage\":\"fr-FR\",\"@id\":\"https:\/\/www.ifi-id.com\/#\/schema\/logo\/image\/\",\"url\":\"https:\/\/www.ifi-id.com\/wp-content\/uploads\/2022\/12\/IFI_New_Logo.jpg\",\"contentUrl\":\"https:\/\/www.ifi-id.com\/wp-content\/uploads\/2022\/12\/IFI_New_Logo.jpg\",\"width\":666,\"height\":444,\"caption\":\"Institut fran\u00e7ais Indon\u00e9sie\"},\"image\":{\"@id\":\"https:\/\/www.ifi-id.com\/#\/schema\/logo\/image\/\"}}]}<\/script>\n<!-- \/ Yoast SEO plugin. -->","yoast_head_json":{"title":"Thomas Pesquet, l\u2019\u00e9toffe d\u2019un h\u00e9ros - Festival du Cin\u00e9ma Fran\u00e7ais 2021 - Institut fran\u00e7ais Indon\u00e9sie","description":"Le 16 novembre 2016, l\u2019astronaute fran\u00e7ais Thomas Pesquet s\u2019envolait pour une aventure de 6 mois dans la station spatiale internationale. Pour pr\u00e9parer cette mission et affronter l\u2019environnement hostile de l\u2019espace, il s\u2019est entra\u00een\u00e9 durant 7 ans dans les lieux mythiques de la conqu\u00eate spatiale.","robots":{"index":"index","follow":"follow","max-snippet":"max-snippet:-1","max-image-preview":"max-image-preview:large","max-video-preview":"max-video-preview:-1"},"canonical":"https:\/\/www.ifi-id.com\/fr\/fsp21-film-thomas-pesquet-letoffe-dun-heros\/","og_locale":"fr_FR","og_type":"article","og_title":"Thomas Pesquet, l\u2019\u00e9toffe d\u2019un h\u00e9ros - Festival du Cin\u00e9ma Fran\u00e7ais 2021","og_description":"Le 16 novembre 2016, l\u2019astronaute fran\u00e7ais Thomas Pesquet s\u2019envolait pour une aventure de 6 mois dans la station spatiale internationale. Pour pr\u00e9parer cette mission et affronter l\u2019environnement hostile de l\u2019espace, il s\u2019est entra\u00een\u00e9 durant 7 ans dans les lieux mythiques de la conqu\u00eate spatiale.","og_url":"https:\/\/www.ifi-id.com\/fr\/fsp21-film-thomas-pesquet-letoffe-dun-heros\/","og_site_name":"Institut fran\u00e7ais Indon\u00e9sie","article_modified_time":"2021-11-01T05:35:57+00:00","og_image":[{"url":"https:\/\/www.ifi-id.com\/wp-content\/uploads\/2021\/10\/5-4-e1634920631305.jpg"}],"twitter_card":"summary_large_image","twitter_title":"Thomas Pesquet, l\u2019\u00e9toffe d\u2019un h\u00e9ros - Festival du Cin\u00e9ma Fran\u00e7ais 2021","twitter_description":"Le 16 novembre 2016, l\u2019astronaute fran\u00e7ais Thomas Pesquet s\u2019envolait pour une aventure de 6 mois dans la station spatiale internationale. Pour pr\u00e9parer cette mission et affronter l\u2019environnement hostile de l\u2019espace, il s\u2019est entra\u00een\u00e9 durant 7 ans dans les lieux mythiques de la conqu\u00eate spatiale.","twitter_image":"https:\/\/www.ifi-id.com\/wp-content\/uploads\/2021\/10\/5-4-e1634920631305.jpg","twitter_misc":{"Dur\u00e9e de lecture estim\u00e9e":"1 minute"},"schema":{"@context":"https:\/\/schema.org","@graph":[{"@type":"WebPage","@id":"https:\/\/www.ifi-id.com\/fr\/fsp21-film-thomas-pesquet-letoffe-dun-heros\/","url":"https:\/\/www.ifi-id.com\/fr\/fsp21-film-thomas-pesquet-letoffe-dun-heros\/","name":"Thomas Pesquet, l\u2019\u00e9toffe d\u2019un h\u00e9ros - Festival du Cin\u00e9ma Fran\u00e7ais 2021 - Institut fran\u00e7ais Indon\u00e9sie","isPartOf":{"@id":"https:\/\/www.ifi-id.com\/#website"},"primaryImageOfPage":{"@id":"https:\/\/www.ifi-id.com\/fr\/fsp21-film-thomas-pesquet-letoffe-dun-heros\/#primaryimage"},"image":{"@id":"https:\/\/www.ifi-id.com\/fr\/fsp21-film-thomas-pesquet-letoffe-dun-heros\/#primaryimage"},"thumbnailUrl":"https:\/\/www.ifi-id.com\/wp-content\/uploads\/2021\/10\/5-4-e1634920631305.jpg","datePublished":"2021-10-22T16:49:45+00:00","dateModified":"2021-11-01T05:35:57+00:00","description":"Le 16 novembre 2016, l\u2019astronaute fran\u00e7ais Thomas Pesquet s\u2019envolait pour une aventure de 6 mois dans la station spatiale internationale. Pour pr\u00e9parer cette mission et affronter l\u2019environnement hostile de l\u2019espace, il s\u2019est entra\u00een\u00e9 durant 7 ans dans les lieux mythiques de la conqu\u00eate spatiale.","breadcrumb":{"@id":"https:\/\/www.ifi-id.com\/fr\/fsp21-film-thomas-pesquet-letoffe-dun-heros\/#breadcrumb"},"inLanguage":"fr-FR","potentialAction":[{"@type":"ReadAction","target":["https:\/\/www.ifi-id.com\/fr\/fsp21-film-thomas-pesquet-letoffe-dun-heros\/"]}]},{"@type":"ImageObject","inLanguage":"fr-FR","@id":"https:\/\/www.ifi-id.com\/fr\/fsp21-film-thomas-pesquet-letoffe-dun-heros\/#primaryimage","url":"https:\/\/www.ifi-id.com\/wp-content\/uploads\/2021\/10\/5-4-e1634920631305.jpg","contentUrl":"https:\/\/www.ifi-id.com\/wp-content\/uploads\/2021\/10\/5-4-e1634920631305.jpg","width":1440,"height":720,"caption":"ESA astronauts Luca Parmitano and Thomas Pesquet training together for INC-49\/INC-50 ISS EVA Maintenance run"},{"@type":"BreadcrumbList","@id":"https:\/\/www.ifi-id.com\/fr\/fsp21-film-thomas-pesquet-letoffe-dun-heros\/#breadcrumb","itemListElement":[{"@type":"ListItem","position":1,"name":"Home","item":"https:\/\/www.ifi-id.com\/"},{"@type":"ListItem","position":2,"name":"Thomas Pesquet, l\u2019\u00e9toffe d\u2019un h\u00e9ros &#8211; Festival du Cin\u00e9ma Fran\u00e7ais 2021"}]},{"@type":"WebSite","@id":"https:\/\/www.ifi-id.com\/#website","url":"https:\/\/www.ifi-id.com\/","name":"Institut fran\u00e7ais Indon\u00e9sie","description":"","publisher":{"@id":"https:\/\/www.ifi-id.com\/#organization"},"potentialAction":[{"@type":"SearchAction","target":{"@type":"EntryPoint","urlTemplate":"https:\/\/www.ifi-id.com\/?s={search_term_string}"},"query-input":{"@type":"PropertyValueSpecification","valueRequired":true,"valueName":"search_term_string"}}],"inLanguage":"fr-FR"},{"@type":"Organization","@id":"https:\/\/www.ifi-id.com\/#organization","name":"Institut fran\u00e7ais Indon\u00e9sie","url":"https:\/\/www.ifi-id.com\/","logo":{"@type":"ImageObject","inLanguage":"fr-FR","@id":"https:\/\/www.ifi-id.com\/#\/schema\/logo\/image\/","url":"https:\/\/www.ifi-id.com\/wp-content\/uploads\/2022\/12\/IFI_New_Logo.jpg","contentUrl":"https:\/\/www.ifi-id.com\/wp-content\/uploads\/2022\/12\/IFI_New_Logo.jpg","width":666,"height":444,"caption":"Institut fran\u00e7ais Indon\u00e9sie"},"image":{"@id":"https:\/\/www.ifi-id.com\/#\/schema\/logo\/image\/"}}]}},"post_mailing_queue_ids":[],"_links":{"self":[{"href":"https:\/\/www.ifi-id.com\/fr\/wp-json\/wp\/v2\/pages\/16453"}],"collection":[{"href":"https:\/\/www.ifi-id.com\/fr\/wp-json\/wp\/v2\/pages"}],"about":[{"href":"https:\/\/www.ifi-id.com\/fr\/wp-json\/wp\/v2\/types\/page"}],"author":[{"embeddable":true,"href":"https:\/\/www.ifi-id.com\/fr\/wp-json\/wp\/v2\/users\/8"}],"replies":[{"embeddable":true,"href":"https:\/\/www.ifi-id.com\/fr\/wp-json\/wp\/v2\/comments?post=16453"}],"version-history":[{"count":2,"href":"https:\/\/www.ifi-id.com\/fr\/wp-json\/wp\/v2\/pages\/16453\/revisions"}],"predecessor-version":[{"id":16994,"href":"https:\/\/www.ifi-id.com\/fr\/wp-json\/wp\/v2\/pages\/16453\/revisions\/16994"}],"wp:featuredmedia":[{"embeddable":true,"href":"https:\/\/www.ifi-id.com\/fr\/wp-json\/wp\/v2\/media\/16448"}],"wp:attachment":[{"href":"https:\/\/www.ifi-id.com\/fr\/wp-json\/wp\/v2\/media?parent=16453"}],"curies":[{"name":"wp","href":"https:\/\/api.w.org\/{rel}","templated":true}]}}