{"id":16336,"date":"2021-10-22T00:06:32","date_gmt":"2021-10-21T17:06:32","guid":{"rendered":"https:\/\/www.ifi-id.com\/le-sens-de-la-fete-festival-du-cinema-francais-2021"},"modified":"2021-11-01T12:16:54","modified_gmt":"2021-11-01T05:16:54","slug":"fsp21-film-le-sens-de-la-fete","status":"publish","type":"page","link":"https:\/\/www.ifi-id.com\/fr\/fsp21-film-le-sens-de-la-fete\/","title":{"rendered":"Le Sens de la f\u00eate &#8211; Festival du Cin\u00e9ma Fran\u00e7ais 2021"},"content":{"rendered":"\t\t<div data-elementor-type=\"wp-page\" data-elementor-id=\"16336\" class=\"elementor elementor-16336 elementor-16320\" data-elementor-post-type=\"page\">\n\t\t\t\t\t\t<section class=\"elementor-section elementor-top-section elementor-element elementor-element-660ea0a elementor-section-boxed elementor-section-height-default elementor-section-height-default\" data-id=\"660ea0a\" data-element_type=\"section\">\n\t\t\t\t\t\t<div class=\"elementor-container elementor-column-gap-default\">\n\t\t\t\t\t<div class=\"elementor-column elementor-col-100 elementor-top-column elementor-element elementor-element-90bdc01\" data-id=\"90bdc01\" data-element_type=\"column\">\n\t\t\t<div class=\"elementor-widget-wrap elementor-element-populated\">\n\t\t\t\t\t\t<div class=\"elementor-element elementor-element-f9b40b3 elementor-widget elementor-widget-heading\" data-id=\"f9b40b3\" data-element_type=\"widget\" data-widget_type=\"heading.default\">\n\t\t\t\t<div class=\"elementor-widget-container\">\n\t\t\t<h2 class=\"elementor-heading-title elementor-size-default\">Le Sens de la f\u00eate<\/h2>\t\t<\/div>\n\t\t\t\t<\/div>\n\t\t\t\t\t<\/div>\n\t\t<\/div>\n\t\t\t\t\t<\/div>\n\t\t<\/section>\n\t\t\t\t<section class=\"elementor-section elementor-top-section elementor-element elementor-element-915f91d elementor-section-boxed elementor-section-height-default elementor-section-height-default\" data-id=\"915f91d\" data-element_type=\"section\" data-settings=\"{&quot;background_background&quot;:&quot;classic&quot;}\">\n\t\t\t\t\t\t<div class=\"elementor-container elementor-column-gap-default\">\n\t\t\t\t\t<div class=\"elementor-column elementor-col-100 elementor-top-column elementor-element elementor-element-9e68c5c\" data-id=\"9e68c5c\" data-element_type=\"column\">\n\t\t\t<div class=\"elementor-widget-wrap elementor-element-populated\">\n\t\t\t\t\t\t<div class=\"elementor-element elementor-element-04c8ea6 elementor-arrows-position-inside elementor-pagination-position-outside elementor-widget elementor-widget-image-carousel\" data-id=\"04c8ea6\" data-element_type=\"widget\" data-settings=\"{&quot;slides_to_show&quot;:&quot;1&quot;,&quot;autoplay_speed&quot;:3000,&quot;navigation&quot;:&quot;both&quot;,&quot;autoplay&quot;:&quot;yes&quot;,&quot;pause_on_hover&quot;:&quot;yes&quot;,&quot;pause_on_interaction&quot;:&quot;yes&quot;,&quot;infinite&quot;:&quot;yes&quot;,&quot;effect&quot;:&quot;slide&quot;,&quot;speed&quot;:500}\" data-widget_type=\"image-carousel.default\">\n\t\t\t\t<div class=\"elementor-widget-container\">\n\t\t\t\t\t<div class=\"elementor-image-carousel-wrapper swiper\" dir=\"ltr\">\n\t\t\t<div class=\"elementor-image-carousel swiper-wrapper swiper-image-stretch\" aria-live=\"off\">\n\t\t\t\t\t\t\t\t<div class=\"swiper-slide\" role=\"group\" aria-roledescription=\"slide\" aria-label=\"1 sur 3\"><figure class=\"swiper-slide-inner\"><img decoding=\"async\" class=\"swiper-slide-image\" src=\"https:\/\/www.ifi-id.com\/wp-content\/uploads\/2021\/10\/2-6-e1634835594351.jpg\" alt=\"2\" \/><\/figure><\/div><div class=\"swiper-slide\" role=\"group\" aria-roledescription=\"slide\" aria-label=\"2 sur 3\"><figure class=\"swiper-slide-inner\"><img decoding=\"async\" class=\"swiper-slide-image\" src=\"https:\/\/www.ifi-id.com\/wp-content\/uploads\/2021\/10\/1-4-e1634835606736.jpg\" alt=\"1\" \/><\/figure><\/div><div class=\"swiper-slide\" role=\"group\" aria-roledescription=\"slide\" aria-label=\"3 sur 3\"><figure class=\"swiper-slide-inner\"><img decoding=\"async\" class=\"swiper-slide-image\" src=\"https:\/\/www.ifi-id.com\/wp-content\/uploads\/2021\/10\/4-e1634835643898.jpg\" alt=\"4\" \/><\/figure><\/div>\t\t\t<\/div>\n\t\t\t\t\t\t\t\t\t\t\t\t<div class=\"elementor-swiper-button elementor-swiper-button-prev\" role=\"button\" tabindex=\"0\">\n\t\t\t\t\t\t<i aria-hidden=\"true\" class=\"eicon-chevron-left\"><\/i>\t\t\t\t\t<\/div>\n\t\t\t\t\t<div class=\"elementor-swiper-button elementor-swiper-button-next\" role=\"button\" tabindex=\"0\">\n\t\t\t\t\t\t<i aria-hidden=\"true\" class=\"eicon-chevron-right\"><\/i>\t\t\t\t\t<\/div>\n\t\t\t\t\n\t\t\t\t\t\t\t\t\t<div class=\"swiper-pagination\"><\/div>\n\t\t\t\t\t\t\t\t\t<\/div>\n\t\t\t\t<\/div>\n\t\t\t\t<\/div>\n\t\t\t\t\t<\/div>\n\t\t<\/div>\n\t\t\t\t\t<\/div>\n\t\t<\/section>\n\t\t\t\t<section class=\"elementor-section elementor-top-section elementor-element elementor-element-1cab23e elementor-section-boxed elementor-section-height-default elementor-section-height-default\" data-id=\"1cab23e\" data-element_type=\"section\">\n\t\t\t\t\t\t<div class=\"elementor-container elementor-column-gap-default\">\n\t\t\t\t\t<div class=\"elementor-column elementor-col-100 elementor-top-column elementor-element elementor-element-2fa7a2c\" data-id=\"2fa7a2c\" data-element_type=\"column\">\n\t\t\t<div class=\"elementor-widget-wrap elementor-element-populated\">\n\t\t\t\t\t\t<div class=\"elementor-element elementor-element-19d6897 elementor-widget elementor-widget-text-editor\" data-id=\"19d6897\" data-element_type=\"widget\" data-widget_type=\"text-editor.default\">\n\t\t\t\t<div class=\"elementor-widget-container\">\n\t\t\t\t\t\t\t<h4>Olivier Nakache, Eric Toledano | 2017 | 117\u2019 | Com\u00e9die, Drama | Fran\u00e7ais avec sous-titre indon\u00e9sien &amp; anglais | -12<br \/>\nJean-Pierre Bacri, Jean-Paul Rouve, Gilles Lellouche<\/h4>\n<p><span style=\"font-weight: 400;\">L&rsquo;histoire se d\u00e9roule le temps d&rsquo;une journ\u00e9e de mariage, et plus pr\u00e9cis\u00e9ment d&rsquo;une soir\u00e9e, que le spectateur suivra depuis les coulisses \u00e0 travers les regards de plusieurs protagonistes, dont un traiteur, un photographe, un animateur chanteur, des cuisiniers, une brigade de serveurs, etc..<\/span><\/p>\n\t\t\t\t\t\t<\/div>\n\t\t\t\t<\/div>\n\t\t\t\t\t<\/div>\n\t\t<\/div>\n\t\t\t\t\t<\/div>\n\t\t<\/section>\n\t\t\t\t<section class=\"elementor-section elementor-top-section elementor-element elementor-element-aca34c8 elementor-section-boxed elementor-section-height-default elementor-section-height-default\" data-id=\"aca34c8\" data-element_type=\"section\">\n\t\t\t\t\t\t<div class=\"elementor-container elementor-column-gap-default\">\n\t\t\t\t\t<div class=\"elementor-column elementor-col-100 elementor-top-column elementor-element elementor-element-87e3154\" data-id=\"87e3154\" data-element_type=\"column\">\n\t\t\t<div class=\"elementor-widget-wrap elementor-element-populated\">\n\t\t\t\t\t\t<div class=\"elementor-element elementor-element-f84fe74 elementor-widget elementor-widget-video\" data-id=\"f84fe74\" data-element_type=\"widget\" data-settings=\"{&quot;youtube_url&quot;:&quot;https:\\\/\\\/youtu.be\\\/-fycN9kNaXk&quot;,&quot;video_type&quot;:&quot;youtube&quot;,&quot;controls&quot;:&quot;yes&quot;}\" data-widget_type=\"video.default\">\n\t\t\t\t<div class=\"elementor-widget-container\">\n\t\t\t\t\t<div class=\"elementor-wrapper elementor-open-inline\">\n\t\t\t<div class=\"elementor-video\"><\/div>\t\t<\/div>\n\t\t\t\t<\/div>\n\t\t\t\t<\/div>\n\t\t\t\t\t<\/div>\n\t\t<\/div>\n\t\t\t\t\t<\/div>\n\t\t<\/section>\n\t\t\t\t<section class=\"elementor-section elementor-top-section elementor-element elementor-element-c69c4ac elementor-section-boxed elementor-section-height-default elementor-section-height-default\" data-id=\"c69c4ac\" data-element_type=\"section\">\n\t\t\t\t\t\t<div class=\"elementor-container elementor-column-gap-default\">\n\t\t\t\t\t<div class=\"elementor-column elementor-col-50 elementor-top-column elementor-element elementor-element-36ef325\" data-id=\"36ef325\" data-element_type=\"column\">\n\t\t\t<div class=\"elementor-widget-wrap elementor-element-populated\">\n\t\t\t\t\t\t<div class=\"elementor-element elementor-element-b3406c5 elementor-align-center elementor-widget elementor-widget-button\" data-id=\"b3406c5\" data-element_type=\"widget\" data-widget_type=\"button.default\">\n\t\t\t\t<div class=\"elementor-widget-container\">\n\t\t\t\t\t<div class=\"elementor-button-wrapper\">\n\t\t\t<a class=\"elementor-button elementor-button-link elementor-size-sm\" href=\"https:\/\/www.ifi-id.com\/fr\/festival-du-cinema-francais-2021-films\">\n\t\t\t\t\t\t<span class=\"elementor-button-content-wrapper\">\n\t\t\t\t\t\t<span class=\"elementor-button-icon\">\n\t\t\t\t<i aria-hidden=\"true\" class=\"fas fa-backward\"><\/i>\t\t\t<\/span>\n\t\t\t\t\t\t\t\t\t<span class=\"elementor-button-text\">Retour \u00e0 la liste des films<\/span>\n\t\t\t\t\t<\/span>\n\t\t\t\t\t<\/a>\n\t\t<\/div>\n\t\t\t\t<\/div>\n\t\t\t\t<\/div>\n\t\t\t\t\t<\/div>\n\t\t<\/div>\n\t\t\t\t<div class=\"elementor-column elementor-col-50 elementor-top-column elementor-element elementor-element-755b421\" data-id=\"755b421\" data-element_type=\"column\">\n\t\t\t<div class=\"elementor-widget-wrap elementor-element-populated\">\n\t\t\t\t\t\t<div class=\"elementor-element elementor-element-bbb30bd elementor-align-center elementor-widget elementor-widget-button\" data-id=\"bbb30bd\" data-element_type=\"widget\" data-widget_type=\"button.default\">\n\t\t\t\t<div class=\"elementor-widget-container\">\n\t\t\t\t\t<div class=\"elementor-button-wrapper\">\n\t\t\t<a class=\"elementor-button elementor-button-link elementor-size-sm\" href=\"https:\/\/mola.tv\/watch?py_id=FestSinePrancis&#038;v=vd34870291\">\n\t\t\t\t\t\t<span class=\"elementor-button-content-wrapper\">\n\t\t\t\t\t\t<span class=\"elementor-button-icon\">\n\t\t\t\t<i aria-hidden=\"true\" class=\"fas fa-tv\"><\/i>\t\t\t<\/span>\n\t\t\t\t\t\t\t\t\t<span class=\"elementor-button-text\">Regarder sur Mola<\/span>\n\t\t\t\t\t<\/span>\n\t\t\t\t\t<\/a>\n\t\t<\/div>\n\t\t\t\t<\/div>\n\t\t\t\t<\/div>\n\t\t\t\t\t<\/div>\n\t\t<\/div>\n\t\t\t\t\t<\/div>\n\t\t<\/section>\n\t\t\t\t<\/div>\n\t\t","protected":false},"excerpt":{"rendered":"<p>Le Sens de la f\u00eate Previous Next Olivier Nakache, Eric Toledano | 2017 | 117\u2019 | Com\u00e9die, Drama | Fran\u00e7ais avec sous-titre indon\u00e9sien &amp; anglais | -12 Jean-Pierre Bacri, Jean-Paul Rouve, Gilles Lellouche L&rsquo;histoire se d\u00e9roule le temps d&rsquo;une journ\u00e9e de mariage, et plus pr\u00e9cis\u00e9ment d&rsquo;une soir\u00e9e, que le spectateur suivra depuis les coulisses \u00e0 &hellip; <\/p>\n<p class=\"link-more\"><a href=\"https:\/\/www.ifi-id.com\/fr\/fsp21-film-le-sens-de-la-fete\/\" class=\"more-link\">Continuer la lecture<span class=\"screen-reader-text\"> de &laquo;&nbsp;Le Sens de la f\u00eate &#8211; Festival du Cin\u00e9ma Fran\u00e7ais 2021&nbsp;&raquo;<\/span><\/a><\/p>\n","protected":false},"author":8,"featured_media":16325,"parent":0,"menu_order":0,"comment_status":"closed","ping_status":"closed","template":"elementor_header_footer","meta":{"footnotes":""},"class_list":["post-16336","page","type-page","status-publish","has-post-thumbnail","hentry"],"yoast_head":"<!-- This site is optimized with the Yoast SEO plugin v23.5 - https:\/\/yoast.com\/wordpress\/plugins\/seo\/ -->\n<title>Le Sens de la f\u00eate - Festival du Cin\u00e9ma Fran\u00e7ais 2021 - Institut fran\u00e7ais Indon\u00e9sie<\/title>\n<meta name=\"description\" content=\"L&#039;histoire se d\u00e9roule le temps d&#039;une journ\u00e9e de mariage, et plus pr\u00e9cis\u00e9ment d&#039;une soir\u00e9e, que le spectateur suivra depuis les coulisses \u00e0 travers les regards de plusieurs protagonistes, dont un traiteur, un photographe, un animateur chanteur, des cuisiniers, une brigade de serveurs, etc..\" \/>\n<meta name=\"robots\" content=\"index, follow, max-snippet:-1, max-image-preview:large, max-video-preview:-1\" \/>\n<link rel=\"canonical\" href=\"https:\/\/www.ifi-id.com\/fr\/fsp21-film-le-sens-de-la-fete\/\" \/>\n<meta property=\"og:locale\" content=\"fr_FR\" \/>\n<meta property=\"og:type\" content=\"article\" \/>\n<meta property=\"og:title\" content=\"Le Sens de la f\u00eate - Festival du Cin\u00e9ma Fran\u00e7ais 2021\" \/>\n<meta property=\"og:description\" content=\"L&#039;histoire se d\u00e9roule le temps d&#039;une journ\u00e9e de mariage, et plus pr\u00e9cis\u00e9ment d&#039;une soir\u00e9e, que le spectateur suivra depuis les coulisses \u00e0 travers les regards de plusieurs protagonistes, dont un traiteur, un photographe, un animateur chanteur, des cuisiniers, une brigade de serveurs, etc..\" \/>\n<meta property=\"og:url\" content=\"https:\/\/www.ifi-id.com\/fr\/fsp21-film-le-sens-de-la-fete\/\" \/>\n<meta property=\"og:site_name\" content=\"Institut fran\u00e7ais Indon\u00e9sie\" \/>\n<meta property=\"article:modified_time\" content=\"2021-11-01T05:16:54+00:00\" \/>\n<meta property=\"og:image\" content=\"https:\/\/www.ifi-id.com\/wp-content\/uploads\/2021\/10\/2-6-e1634835594351.jpg\" \/>\n<meta name=\"twitter:card\" content=\"summary_large_image\" \/>\n<meta name=\"twitter:title\" content=\"Le Sens de la f\u00eate - Festival du Cin\u00e9ma Fran\u00e7ais 2021\" \/>\n<meta name=\"twitter:description\" content=\"L&#039;histoire se d\u00e9roule le temps d&#039;une journ\u00e9e de mariage, et plus pr\u00e9cis\u00e9ment d&#039;une soir\u00e9e, que le spectateur suivra depuis les coulisses \u00e0 travers les regards de plusieurs protagonistes, dont un traiteur, un photographe, un animateur chanteur, des cuisiniers, une brigade de serveurs, etc..\" \/>\n<meta name=\"twitter:image\" content=\"https:\/\/www.ifi-id.com\/wp-content\/uploads\/2021\/10\/2-6-e1634835594351.jpg\" \/>\n<script type=\"application\/ld+json\" class=\"yoast-schema-graph\">{\"@context\":\"https:\/\/schema.org\",\"@graph\":[{\"@type\":\"WebPage\",\"@id\":\"https:\/\/www.ifi-id.com\/fr\/fsp21-film-le-sens-de-la-fete\/\",\"url\":\"https:\/\/www.ifi-id.com\/fr\/fsp21-film-le-sens-de-la-fete\/\",\"name\":\"Le Sens de la f\u00eate - Festival du Cin\u00e9ma Fran\u00e7ais 2021 - Institut fran\u00e7ais Indon\u00e9sie\",\"isPartOf\":{\"@id\":\"https:\/\/www.ifi-id.com\/#website\"},\"primaryImageOfPage\":{\"@id\":\"https:\/\/www.ifi-id.com\/fr\/fsp21-film-le-sens-de-la-fete\/#primaryimage\"},\"image\":{\"@id\":\"https:\/\/www.ifi-id.com\/fr\/fsp21-film-le-sens-de-la-fete\/#primaryimage\"},\"thumbnailUrl\":\"https:\/\/www.ifi-id.com\/wp-content\/uploads\/2021\/10\/2-6-e1634835594351.jpg\",\"datePublished\":\"2021-10-21T17:06:32+00:00\",\"dateModified\":\"2021-11-01T05:16:54+00:00\",\"description\":\"L'histoire se d\u00e9roule le temps d'une journ\u00e9e de mariage, et plus pr\u00e9cis\u00e9ment d'une soir\u00e9e, que le spectateur suivra depuis les coulisses \u00e0 travers les regards de plusieurs protagonistes, dont un traiteur, un photographe, un animateur chanteur, des cuisiniers, une brigade de serveurs, etc..\",\"breadcrumb\":{\"@id\":\"https:\/\/www.ifi-id.com\/fr\/fsp21-film-le-sens-de-la-fete\/#breadcrumb\"},\"inLanguage\":\"fr-FR\",\"potentialAction\":[{\"@type\":\"ReadAction\",\"target\":[\"https:\/\/www.ifi-id.com\/fr\/fsp21-film-le-sens-de-la-fete\/\"]}]},{\"@type\":\"ImageObject\",\"inLanguage\":\"fr-FR\",\"@id\":\"https:\/\/www.ifi-id.com\/fr\/fsp21-film-le-sens-de-la-fete\/#primaryimage\",\"url\":\"https:\/\/www.ifi-id.com\/wp-content\/uploads\/2021\/10\/2-6-e1634835594351.jpg\",\"contentUrl\":\"https:\/\/www.ifi-id.com\/wp-content\/uploads\/2021\/10\/2-6-e1634835594351.jpg\",\"width\":1000,\"height\":563},{\"@type\":\"BreadcrumbList\",\"@id\":\"https:\/\/www.ifi-id.com\/fr\/fsp21-film-le-sens-de-la-fete\/#breadcrumb\",\"itemListElement\":[{\"@type\":\"ListItem\",\"position\":1,\"name\":\"Home\",\"item\":\"https:\/\/www.ifi-id.com\/\"},{\"@type\":\"ListItem\",\"position\":2,\"name\":\"Le Sens de la f\u00eate &#8211; Festival du Cin\u00e9ma Fran\u00e7ais 2021\"}]},{\"@type\":\"WebSite\",\"@id\":\"https:\/\/www.ifi-id.com\/#website\",\"url\":\"https:\/\/www.ifi-id.com\/\",\"name\":\"Institut fran\u00e7ais Indon\u00e9sie\",\"description\":\"\",\"publisher\":{\"@id\":\"https:\/\/www.ifi-id.com\/#organization\"},\"potentialAction\":[{\"@type\":\"SearchAction\",\"target\":{\"@type\":\"EntryPoint\",\"urlTemplate\":\"https:\/\/www.ifi-id.com\/?s={search_term_string}\"},\"query-input\":{\"@type\":\"PropertyValueSpecification\",\"valueRequired\":true,\"valueName\":\"search_term_string\"}}],\"inLanguage\":\"fr-FR\"},{\"@type\":\"Organization\",\"@id\":\"https:\/\/www.ifi-id.com\/#organization\",\"name\":\"Institut fran\u00e7ais Indon\u00e9sie\",\"url\":\"https:\/\/www.ifi-id.com\/\",\"logo\":{\"@type\":\"ImageObject\",\"inLanguage\":\"fr-FR\",\"@id\":\"https:\/\/www.ifi-id.com\/#\/schema\/logo\/image\/\",\"url\":\"https:\/\/www.ifi-id.com\/wp-content\/uploads\/2022\/12\/IFI_New_Logo.jpg\",\"contentUrl\":\"https:\/\/www.ifi-id.com\/wp-content\/uploads\/2022\/12\/IFI_New_Logo.jpg\",\"width\":666,\"height\":444,\"caption\":\"Institut fran\u00e7ais Indon\u00e9sie\"},\"image\":{\"@id\":\"https:\/\/www.ifi-id.com\/#\/schema\/logo\/image\/\"}}]}<\/script>\n<!-- \/ Yoast SEO plugin. -->","yoast_head_json":{"title":"Le Sens de la f\u00eate - Festival du Cin\u00e9ma Fran\u00e7ais 2021 - Institut fran\u00e7ais Indon\u00e9sie","description":"L'histoire se d\u00e9roule le temps d'une journ\u00e9e de mariage, et plus pr\u00e9cis\u00e9ment d'une soir\u00e9e, que le spectateur suivra depuis les coulisses \u00e0 travers les regards de plusieurs protagonistes, dont un traiteur, un photographe, un animateur chanteur, des cuisiniers, une brigade de serveurs, etc..","robots":{"index":"index","follow":"follow","max-snippet":"max-snippet:-1","max-image-preview":"max-image-preview:large","max-video-preview":"max-video-preview:-1"},"canonical":"https:\/\/www.ifi-id.com\/fr\/fsp21-film-le-sens-de-la-fete\/","og_locale":"fr_FR","og_type":"article","og_title":"Le Sens de la f\u00eate - Festival du Cin\u00e9ma Fran\u00e7ais 2021","og_description":"L'histoire se d\u00e9roule le temps d'une journ\u00e9e de mariage, et plus pr\u00e9cis\u00e9ment d'une soir\u00e9e, que le spectateur suivra depuis les coulisses \u00e0 travers les regards de plusieurs protagonistes, dont un traiteur, un photographe, un animateur chanteur, des cuisiniers, une brigade de serveurs, etc..","og_url":"https:\/\/www.ifi-id.com\/fr\/fsp21-film-le-sens-de-la-fete\/","og_site_name":"Institut fran\u00e7ais Indon\u00e9sie","article_modified_time":"2021-11-01T05:16:54+00:00","og_image":[{"url":"https:\/\/www.ifi-id.com\/wp-content\/uploads\/2021\/10\/2-6-e1634835594351.jpg"}],"twitter_card":"summary_large_image","twitter_title":"Le Sens de la f\u00eate - Festival du Cin\u00e9ma Fran\u00e7ais 2021","twitter_description":"L'histoire se d\u00e9roule le temps d'une journ\u00e9e de mariage, et plus pr\u00e9cis\u00e9ment d'une soir\u00e9e, que le spectateur suivra depuis les coulisses \u00e0 travers les regards de plusieurs protagonistes, dont un traiteur, un photographe, un animateur chanteur, des cuisiniers, une brigade de serveurs, etc..","twitter_image":"https:\/\/www.ifi-id.com\/wp-content\/uploads\/2021\/10\/2-6-e1634835594351.jpg","schema":{"@context":"https:\/\/schema.org","@graph":[{"@type":"WebPage","@id":"https:\/\/www.ifi-id.com\/fr\/fsp21-film-le-sens-de-la-fete\/","url":"https:\/\/www.ifi-id.com\/fr\/fsp21-film-le-sens-de-la-fete\/","name":"Le Sens de la f\u00eate - Festival du Cin\u00e9ma Fran\u00e7ais 2021 - Institut fran\u00e7ais Indon\u00e9sie","isPartOf":{"@id":"https:\/\/www.ifi-id.com\/#website"},"primaryImageOfPage":{"@id":"https:\/\/www.ifi-id.com\/fr\/fsp21-film-le-sens-de-la-fete\/#primaryimage"},"image":{"@id":"https:\/\/www.ifi-id.com\/fr\/fsp21-film-le-sens-de-la-fete\/#primaryimage"},"thumbnailUrl":"https:\/\/www.ifi-id.com\/wp-content\/uploads\/2021\/10\/2-6-e1634835594351.jpg","datePublished":"2021-10-21T17:06:32+00:00","dateModified":"2021-11-01T05:16:54+00:00","description":"L'histoire se d\u00e9roule le temps d'une journ\u00e9e de mariage, et plus pr\u00e9cis\u00e9ment d'une soir\u00e9e, que le spectateur suivra depuis les coulisses \u00e0 travers les regards de plusieurs protagonistes, dont un traiteur, un photographe, un animateur chanteur, des cuisiniers, une brigade de serveurs, etc..","breadcrumb":{"@id":"https:\/\/www.ifi-id.com\/fr\/fsp21-film-le-sens-de-la-fete\/#breadcrumb"},"inLanguage":"fr-FR","potentialAction":[{"@type":"ReadAction","target":["https:\/\/www.ifi-id.com\/fr\/fsp21-film-le-sens-de-la-fete\/"]}]},{"@type":"ImageObject","inLanguage":"fr-FR","@id":"https:\/\/www.ifi-id.com\/fr\/fsp21-film-le-sens-de-la-fete\/#primaryimage","url":"https:\/\/www.ifi-id.com\/wp-content\/uploads\/2021\/10\/2-6-e1634835594351.jpg","contentUrl":"https:\/\/www.ifi-id.com\/wp-content\/uploads\/2021\/10\/2-6-e1634835594351.jpg","width":1000,"height":563},{"@type":"BreadcrumbList","@id":"https:\/\/www.ifi-id.com\/fr\/fsp21-film-le-sens-de-la-fete\/#breadcrumb","itemListElement":[{"@type":"ListItem","position":1,"name":"Home","item":"https:\/\/www.ifi-id.com\/"},{"@type":"ListItem","position":2,"name":"Le Sens de la f\u00eate &#8211; Festival du Cin\u00e9ma Fran\u00e7ais 2021"}]},{"@type":"WebSite","@id":"https:\/\/www.ifi-id.com\/#website","url":"https:\/\/www.ifi-id.com\/","name":"Institut fran\u00e7ais Indon\u00e9sie","description":"","publisher":{"@id":"https:\/\/www.ifi-id.com\/#organization"},"potentialAction":[{"@type":"SearchAction","target":{"@type":"EntryPoint","urlTemplate":"https:\/\/www.ifi-id.com\/?s={search_term_string}"},"query-input":{"@type":"PropertyValueSpecification","valueRequired":true,"valueName":"search_term_string"}}],"inLanguage":"fr-FR"},{"@type":"Organization","@id":"https:\/\/www.ifi-id.com\/#organization","name":"Institut fran\u00e7ais Indon\u00e9sie","url":"https:\/\/www.ifi-id.com\/","logo":{"@type":"ImageObject","inLanguage":"fr-FR","@id":"https:\/\/www.ifi-id.com\/#\/schema\/logo\/image\/","url":"https:\/\/www.ifi-id.com\/wp-content\/uploads\/2022\/12\/IFI_New_Logo.jpg","contentUrl":"https:\/\/www.ifi-id.com\/wp-content\/uploads\/2022\/12\/IFI_New_Logo.jpg","width":666,"height":444,"caption":"Institut fran\u00e7ais Indon\u00e9sie"},"image":{"@id":"https:\/\/www.ifi-id.com\/#\/schema\/logo\/image\/"}}]}},"post_mailing_queue_ids":[],"_links":{"self":[{"href":"https:\/\/www.ifi-id.com\/fr\/wp-json\/wp\/v2\/pages\/16336"}],"collection":[{"href":"https:\/\/www.ifi-id.com\/fr\/wp-json\/wp\/v2\/pages"}],"about":[{"href":"https:\/\/www.ifi-id.com\/fr\/wp-json\/wp\/v2\/types\/page"}],"author":[{"embeddable":true,"href":"https:\/\/www.ifi-id.com\/fr\/wp-json\/wp\/v2\/users\/8"}],"replies":[{"embeddable":true,"href":"https:\/\/www.ifi-id.com\/fr\/wp-json\/wp\/v2\/comments?post=16336"}],"version-history":[{"count":6,"href":"https:\/\/www.ifi-id.com\/fr\/wp-json\/wp\/v2\/pages\/16336\/revisions"}],"predecessor-version":[{"id":16954,"href":"https:\/\/www.ifi-id.com\/fr\/wp-json\/wp\/v2\/pages\/16336\/revisions\/16954"}],"wp:featuredmedia":[{"embeddable":true,"href":"https:\/\/www.ifi-id.com\/fr\/wp-json\/wp\/v2\/media\/16325"}],"wp:attachment":[{"href":"https:\/\/www.ifi-id.com\/fr\/wp-json\/wp\/v2\/media?parent=16336"}],"curies":[{"name":"wp","href":"https:\/\/api.w.org\/{rel}","templated":true}]}}