{"id":16308,"date":"2021-10-21T23:47:38","date_gmt":"2021-10-21T16:47:38","guid":{"rendered":"https:\/\/www.ifi-id.com\/lodyssee-festival-du-cinema-francais-2021"},"modified":"2021-11-01T12:32:01","modified_gmt":"2021-11-01T05:32:01","slug":"fsp21-film-lodyssee","status":"publish","type":"page","link":"https:\/\/www.ifi-id.com\/fr\/fsp21-film-lodyssee\/","title":{"rendered":"L\u2019odyss\u00e9e &#8211; Festival du Cin\u00e9ma Fran\u00e7ais 2021"},"content":{"rendered":"\t\t<div data-elementor-type=\"wp-page\" data-elementor-id=\"16308\" class=\"elementor elementor-16308 elementor-16295\" data-elementor-post-type=\"page\">\n\t\t\t\t\t\t<section class=\"elementor-section elementor-top-section elementor-element elementor-element-61c67ff elementor-section-boxed elementor-section-height-default elementor-section-height-default\" data-id=\"61c67ff\" data-element_type=\"section\">\n\t\t\t\t\t\t<div class=\"elementor-container elementor-column-gap-default\">\n\t\t\t\t\t<div class=\"elementor-column elementor-col-100 elementor-top-column elementor-element elementor-element-36ab1b5\" data-id=\"36ab1b5\" data-element_type=\"column\">\n\t\t\t<div class=\"elementor-widget-wrap elementor-element-populated\">\n\t\t\t\t\t\t<div class=\"elementor-element elementor-element-22582cb elementor-widget elementor-widget-heading\" data-id=\"22582cb\" data-element_type=\"widget\" data-widget_type=\"heading.default\">\n\t\t\t\t<div class=\"elementor-widget-container\">\n\t\t\t<h2 class=\"elementor-heading-title elementor-size-default\">L\u2019odyss\u00e9e<\/h2>\t\t<\/div>\n\t\t\t\t<\/div>\n\t\t\t\t\t<\/div>\n\t\t<\/div>\n\t\t\t\t\t<\/div>\n\t\t<\/section>\n\t\t\t\t<section class=\"elementor-section elementor-top-section elementor-element elementor-element-928cc12 elementor-section-boxed elementor-section-height-default elementor-section-height-default\" data-id=\"928cc12\" data-element_type=\"section\" data-settings=\"{&quot;background_background&quot;:&quot;classic&quot;}\">\n\t\t\t\t\t\t<div class=\"elementor-container elementor-column-gap-default\">\n\t\t\t\t\t<div class=\"elementor-column elementor-col-100 elementor-top-column elementor-element elementor-element-4537126\" data-id=\"4537126\" data-element_type=\"column\">\n\t\t\t<div class=\"elementor-widget-wrap elementor-element-populated\">\n\t\t\t\t\t\t<div class=\"elementor-element elementor-element-a96fc3d elementor-arrows-position-inside elementor-pagination-position-outside elementor-widget elementor-widget-image-carousel\" data-id=\"a96fc3d\" data-element_type=\"widget\" data-settings=\"{&quot;slides_to_show&quot;:&quot;1&quot;,&quot;autoplay_speed&quot;:3000,&quot;navigation&quot;:&quot;both&quot;,&quot;autoplay&quot;:&quot;yes&quot;,&quot;pause_on_hover&quot;:&quot;yes&quot;,&quot;pause_on_interaction&quot;:&quot;yes&quot;,&quot;infinite&quot;:&quot;yes&quot;,&quot;effect&quot;:&quot;slide&quot;,&quot;speed&quot;:500}\" data-widget_type=\"image-carousel.default\">\n\t\t\t\t<div class=\"elementor-widget-container\">\n\t\t\t\t\t<div class=\"elementor-image-carousel-wrapper swiper\" dir=\"ltr\">\n\t\t\t<div class=\"elementor-image-carousel swiper-wrapper swiper-image-stretch\" aria-live=\"off\">\n\t\t\t\t\t\t\t\t<div class=\"swiper-slide\" role=\"group\" aria-roledescription=\"slide\" aria-label=\"1 sur 3\"><figure class=\"swiper-slide-inner\"><img decoding=\"async\" class=\"swiper-slide-image\" src=\"https:\/\/www.ifi-id.com\/wp-content\/uploads\/2021\/10\/2-5-e1634834317427.jpg\" alt=\"2\" \/><\/figure><\/div><div class=\"swiper-slide\" role=\"group\" aria-roledescription=\"slide\" aria-label=\"2 sur 3\"><figure class=\"swiper-slide-inner\"><img decoding=\"async\" class=\"swiper-slide-image\" src=\"https:\/\/www.ifi-id.com\/wp-content\/uploads\/2021\/10\/1-3-e1634834333269.jpg\" alt=\"1\" \/><\/figure><\/div><div class=\"swiper-slide\" role=\"group\" aria-roledescription=\"slide\" aria-label=\"3 sur 3\"><figure class=\"swiper-slide-inner\"><img decoding=\"async\" class=\"swiper-slide-image\" src=\"https:\/\/www.ifi-id.com\/wp-content\/uploads\/2021\/10\/3-5-e1634834350314.jpg\" alt=\"3\" \/><\/figure><\/div>\t\t\t<\/div>\n\t\t\t\t\t\t\t\t\t\t\t\t<div class=\"elementor-swiper-button elementor-swiper-button-prev\" role=\"button\" tabindex=\"0\">\n\t\t\t\t\t\t<i aria-hidden=\"true\" class=\"eicon-chevron-left\"><\/i>\t\t\t\t\t<\/div>\n\t\t\t\t\t<div class=\"elementor-swiper-button elementor-swiper-button-next\" role=\"button\" tabindex=\"0\">\n\t\t\t\t\t\t<i aria-hidden=\"true\" class=\"eicon-chevron-right\"><\/i>\t\t\t\t\t<\/div>\n\t\t\t\t\n\t\t\t\t\t\t\t\t\t<div class=\"swiper-pagination\"><\/div>\n\t\t\t\t\t\t\t\t\t<\/div>\n\t\t\t\t<\/div>\n\t\t\t\t<\/div>\n\t\t\t\t\t<\/div>\n\t\t<\/div>\n\t\t\t\t\t<\/div>\n\t\t<\/section>\n\t\t\t\t<section class=\"elementor-section elementor-top-section elementor-element elementor-element-65e6b77 elementor-section-boxed elementor-section-height-default elementor-section-height-default\" data-id=\"65e6b77\" data-element_type=\"section\">\n\t\t\t\t\t\t<div class=\"elementor-container elementor-column-gap-default\">\n\t\t\t\t\t<div class=\"elementor-column elementor-col-100 elementor-top-column elementor-element elementor-element-1c5ab34\" data-id=\"1c5ab34\" data-element_type=\"column\">\n\t\t\t<div class=\"elementor-widget-wrap elementor-element-populated\">\n\t\t\t\t\t\t<div class=\"elementor-element elementor-element-618fff9 elementor-widget elementor-widget-text-editor\" data-id=\"618fff9\" data-element_type=\"widget\" data-widget_type=\"text-editor.default\">\n\t\t\t\t<div class=\"elementor-widget-container\">\n\t\t\t\t\t\t\t<h4>J\u00e9rome Salle | 2015 | 122\u2019 | Drama | Fran\u00e7ais avec sous-titre indon\u00e9sien &amp; anglais | -12<br \/>\nLambert Wilson, Pierre Niney, Audrey Tautou<\/h4>\n<p><span style=\"font-weight: 400;\">1948. Jacques-Yves Cousteau, sa femme et ses deux fils, vivent au paradis, dans une jolie maison surplombant la mer M\u00e9diterran\u00e9e. Mais Cousteau ne r\u00eave que d\u2019aventure. Gr\u00e2ce \u00e0 son invention, un scaphandre autonome qui permet de respirer sous l\u2019eau, il a d\u00e9couvert un nouveau monde. D\u00e9sormais, ce monde, il veut l\u2019explorer. Et pour \u00e7a, il est pr\u00eat \u00e0 tout sacrifier.<br \/>\n<\/span><\/p>\n\t\t\t\t\t\t<\/div>\n\t\t\t\t<\/div>\n\t\t\t\t\t<\/div>\n\t\t<\/div>\n\t\t\t\t\t<\/div>\n\t\t<\/section>\n\t\t\t\t<section class=\"elementor-section elementor-top-section elementor-element elementor-element-f18799a elementor-section-boxed elementor-section-height-default elementor-section-height-default\" data-id=\"f18799a\" data-element_type=\"section\">\n\t\t\t\t\t\t<div class=\"elementor-container elementor-column-gap-default\">\n\t\t\t\t\t<div class=\"elementor-column elementor-col-100 elementor-top-column elementor-element elementor-element-79b093e\" data-id=\"79b093e\" data-element_type=\"column\">\n\t\t\t<div class=\"elementor-widget-wrap elementor-element-populated\">\n\t\t\t\t\t\t<div class=\"elementor-element elementor-element-ae39855 elementor-widget elementor-widget-video\" data-id=\"ae39855\" data-element_type=\"widget\" data-settings=\"{&quot;youtube_url&quot;:&quot;https:\\\/\\\/www.youtube.com\\\/watch?v=Goy8YMc3KHg&quot;,&quot;video_type&quot;:&quot;youtube&quot;,&quot;controls&quot;:&quot;yes&quot;}\" data-widget_type=\"video.default\">\n\t\t\t\t<div class=\"elementor-widget-container\">\n\t\t\t\t\t<div class=\"elementor-wrapper elementor-open-inline\">\n\t\t\t<div class=\"elementor-video\"><\/div>\t\t<\/div>\n\t\t\t\t<\/div>\n\t\t\t\t<\/div>\n\t\t\t\t\t<\/div>\n\t\t<\/div>\n\t\t\t\t\t<\/div>\n\t\t<\/section>\n\t\t\t\t<section class=\"elementor-section elementor-top-section elementor-element elementor-element-c96550e elementor-section-boxed elementor-section-height-default elementor-section-height-default\" data-id=\"c96550e\" data-element_type=\"section\">\n\t\t\t\t\t\t<div class=\"elementor-container elementor-column-gap-default\">\n\t\t\t\t\t<div class=\"elementor-column elementor-col-50 elementor-top-column elementor-element elementor-element-4ad8150\" data-id=\"4ad8150\" data-element_type=\"column\">\n\t\t\t<div class=\"elementor-widget-wrap elementor-element-populated\">\n\t\t\t\t\t\t<div class=\"elementor-element elementor-element-d2c45bf elementor-align-center elementor-widget elementor-widget-button\" data-id=\"d2c45bf\" data-element_type=\"widget\" data-widget_type=\"button.default\">\n\t\t\t\t<div class=\"elementor-widget-container\">\n\t\t\t\t\t<div class=\"elementor-button-wrapper\">\n\t\t\t<a class=\"elementor-button elementor-button-link elementor-size-sm\" href=\"https:\/\/www.ifi-id.com\/fr\/festival-du-cinema-francais-2021-films\">\n\t\t\t\t\t\t<span class=\"elementor-button-content-wrapper\">\n\t\t\t\t\t\t<span class=\"elementor-button-icon\">\n\t\t\t\t<i aria-hidden=\"true\" class=\"fas fa-backward\"><\/i>\t\t\t<\/span>\n\t\t\t\t\t\t\t\t\t<span class=\"elementor-button-text\">Retour \u00e0 la liste des films<\/span>\n\t\t\t\t\t<\/span>\n\t\t\t\t\t<\/a>\n\t\t<\/div>\n\t\t\t\t<\/div>\n\t\t\t\t<\/div>\n\t\t\t\t\t<\/div>\n\t\t<\/div>\n\t\t\t\t<div class=\"elementor-column elementor-col-50 elementor-top-column elementor-element elementor-element-090b9b0\" data-id=\"090b9b0\" data-element_type=\"column\">\n\t\t\t<div class=\"elementor-widget-wrap elementor-element-populated\">\n\t\t\t\t\t\t<div class=\"elementor-element elementor-element-2b39b7f elementor-align-center elementor-widget elementor-widget-button\" data-id=\"2b39b7f\" data-element_type=\"widget\" data-widget_type=\"button.default\">\n\t\t\t\t<div class=\"elementor-widget-container\">\n\t\t\t\t\t<div class=\"elementor-button-wrapper\">\n\t\t\t<a class=\"elementor-button elementor-button-link elementor-size-sm\" href=\"https:\/\/mola.tv\/watch?py_id=FestSinePrancis&#038;v=vd35498196\">\n\t\t\t\t\t\t<span class=\"elementor-button-content-wrapper\">\n\t\t\t\t\t\t<span class=\"elementor-button-icon\">\n\t\t\t\t<i aria-hidden=\"true\" class=\"fas fa-tv\"><\/i>\t\t\t<\/span>\n\t\t\t\t\t\t\t\t\t<span class=\"elementor-button-text\">Regarder sur Mola<\/span>\n\t\t\t\t\t<\/span>\n\t\t\t\t\t<\/a>\n\t\t<\/div>\n\t\t\t\t<\/div>\n\t\t\t\t<\/div>\n\t\t\t\t\t<\/div>\n\t\t<\/div>\n\t\t\t\t\t<\/div>\n\t\t<\/section>\n\t\t\t\t<\/div>\n\t\t","protected":false},"excerpt":{"rendered":"<p>L\u2019odyss\u00e9e Previous Next J\u00e9rome Salle | 2015 | 122\u2019 | Drama | Fran\u00e7ais avec sous-titre indon\u00e9sien &amp; anglais | -12 Lambert Wilson, Pierre Niney, Audrey Tautou 1948. Jacques-Yves Cousteau, sa femme et ses deux fils, vivent au paradis, dans une jolie maison surplombant la mer M\u00e9diterran\u00e9e. Mais Cousteau ne r\u00eave que d\u2019aventure. Gr\u00e2ce \u00e0 son &hellip; <\/p>\n<p class=\"link-more\"><a href=\"https:\/\/www.ifi-id.com\/fr\/fsp21-film-lodyssee\/\" class=\"more-link\">Continuer la lecture<span class=\"screen-reader-text\"> de &laquo;&nbsp;L\u2019odyss\u00e9e &#8211; Festival du Cin\u00e9ma Fran\u00e7ais 2021&nbsp;&raquo;<\/span><\/a><\/p>\n","protected":false},"author":8,"featured_media":16300,"parent":0,"menu_order":0,"comment_status":"closed","ping_status":"closed","template":"elementor_header_footer","meta":{"footnotes":""},"class_list":["post-16308","page","type-page","status-publish","has-post-thumbnail","hentry"],"yoast_head":"<!-- This site is optimized with the Yoast SEO plugin v23.5 - https:\/\/yoast.com\/wordpress\/plugins\/seo\/ -->\n<title>L\u2019odyss\u00e9e - Festival du Cin\u00e9ma Fran\u00e7ais 2021 - Institut fran\u00e7ais Indon\u00e9sie<\/title>\n<meta name=\"robots\" content=\"index, follow, max-snippet:-1, max-image-preview:large, max-video-preview:-1\" \/>\n<link rel=\"canonical\" href=\"https:\/\/www.ifi-id.com\/fr\/fsp21-film-lodyssee\/\" \/>\n<meta property=\"og:locale\" content=\"fr_FR\" \/>\n<meta property=\"og:type\" content=\"article\" \/>\n<meta property=\"og:title\" content=\"L\u2019odyss\u00e9e - Festival du Cin\u00e9ma Fran\u00e7ais 2021\" \/>\n<meta property=\"og:description\" content=\"1948. Jacques-Yves Cousteau, sa femme et ses deux fils, vivent au paradis, dans une jolie maison surplombant la mer M\u00e9diterran\u00e9e. Mais Cousteau ne r\u00eave que d\u2019aventure. Gr\u00e2ce \u00e0 son invention, un scaphandre autonome qui permet de respirer sous l\u2019eau, il a d\u00e9couvert un nouveau monde. D\u00e9sormais, ce monde, il veut l\u2019explorer. Et pour \u00e7a, il est pr\u00eat \u00e0 tout sacrifier.\" \/>\n<meta property=\"og:url\" content=\"https:\/\/www.ifi-id.com\/fr\/fsp21-film-lodyssee\/\" \/>\n<meta property=\"og:site_name\" content=\"Institut fran\u00e7ais Indon\u00e9sie\" \/>\n<meta property=\"article:modified_time\" content=\"2021-11-01T05:32:01+00:00\" \/>\n<meta property=\"og:image\" content=\"https:\/\/www.ifi-id.com\/wp-content\/uploads\/2021\/10\/3-5-e1634834350314.jpg\" \/>\n<meta name=\"twitter:card\" content=\"summary_large_image\" \/>\n<meta name=\"twitter:title\" content=\"L\u2019odyss\u00e9e - Festival du Cin\u00e9ma Fran\u00e7ais 2021\" \/>\n<meta name=\"twitter:description\" content=\"1948. Jacques-Yves Cousteau, sa femme et ses deux fils, vivent au paradis, dans une jolie maison surplombant la mer M\u00e9diterran\u00e9e. Mais Cousteau ne r\u00eave que d\u2019aventure. Gr\u00e2ce \u00e0 son invention, un scaphandre autonome qui permet de respirer sous l\u2019eau, il a d\u00e9couvert un nouveau monde. D\u00e9sormais, ce monde, il veut l\u2019explorer. Et pour \u00e7a, il est pr\u00eat \u00e0 tout sacrifier.\" \/>\n<meta name=\"twitter:image\" content=\"https:\/\/www.ifi-id.com\/wp-content\/uploads\/2021\/10\/3-5-e1634834350314.jpg\" \/>\n<meta name=\"twitter:label1\" content=\"Dur\u00e9e de lecture estim\u00e9e\" \/>\n\t<meta name=\"twitter:data1\" content=\"1 minute\" \/>\n<script type=\"application\/ld+json\" class=\"yoast-schema-graph\">{\"@context\":\"https:\/\/schema.org\",\"@graph\":[{\"@type\":\"WebPage\",\"@id\":\"https:\/\/www.ifi-id.com\/fr\/fsp21-film-lodyssee\/\",\"url\":\"https:\/\/www.ifi-id.com\/fr\/fsp21-film-lodyssee\/\",\"name\":\"L\u2019odyss\u00e9e - Festival du Cin\u00e9ma Fran\u00e7ais 2021 - Institut fran\u00e7ais Indon\u00e9sie\",\"isPartOf\":{\"@id\":\"https:\/\/www.ifi-id.com\/#website\"},\"primaryImageOfPage\":{\"@id\":\"https:\/\/www.ifi-id.com\/fr\/fsp21-film-lodyssee\/#primaryimage\"},\"image\":{\"@id\":\"https:\/\/www.ifi-id.com\/fr\/fsp21-film-lodyssee\/#primaryimage\"},\"thumbnailUrl\":\"https:\/\/www.ifi-id.com\/wp-content\/uploads\/2021\/10\/3-5-e1634834350314.jpg\",\"datePublished\":\"2021-10-21T16:47:38+00:00\",\"dateModified\":\"2021-11-01T05:32:01+00:00\",\"breadcrumb\":{\"@id\":\"https:\/\/www.ifi-id.com\/fr\/fsp21-film-lodyssee\/#breadcrumb\"},\"inLanguage\":\"fr-FR\",\"potentialAction\":[{\"@type\":\"ReadAction\",\"target\":[\"https:\/\/www.ifi-id.com\/fr\/fsp21-film-lodyssee\/\"]}]},{\"@type\":\"ImageObject\",\"inLanguage\":\"fr-FR\",\"@id\":\"https:\/\/www.ifi-id.com\/fr\/fsp21-film-lodyssee\/#primaryimage\",\"url\":\"https:\/\/www.ifi-id.com\/wp-content\/uploads\/2021\/10\/3-5-e1634834350314.jpg\",\"contentUrl\":\"https:\/\/www.ifi-id.com\/wp-content\/uploads\/2021\/10\/3-5-e1634834350314.jpg\",\"width\":1068,\"height\":600},{\"@type\":\"BreadcrumbList\",\"@id\":\"https:\/\/www.ifi-id.com\/fr\/fsp21-film-lodyssee\/#breadcrumb\",\"itemListElement\":[{\"@type\":\"ListItem\",\"position\":1,\"name\":\"Home\",\"item\":\"https:\/\/www.ifi-id.com\/\"},{\"@type\":\"ListItem\",\"position\":2,\"name\":\"L\u2019odyss\u00e9e &#8211; Festival du Cin\u00e9ma Fran\u00e7ais 2021\"}]},{\"@type\":\"WebSite\",\"@id\":\"https:\/\/www.ifi-id.com\/#website\",\"url\":\"https:\/\/www.ifi-id.com\/\",\"name\":\"Institut fran\u00e7ais Indon\u00e9sie\",\"description\":\"\",\"publisher\":{\"@id\":\"https:\/\/www.ifi-id.com\/#organization\"},\"potentialAction\":[{\"@type\":\"SearchAction\",\"target\":{\"@type\":\"EntryPoint\",\"urlTemplate\":\"https:\/\/www.ifi-id.com\/?s={search_term_string}\"},\"query-input\":{\"@type\":\"PropertyValueSpecification\",\"valueRequired\":true,\"valueName\":\"search_term_string\"}}],\"inLanguage\":\"fr-FR\"},{\"@type\":\"Organization\",\"@id\":\"https:\/\/www.ifi-id.com\/#organization\",\"name\":\"Institut fran\u00e7ais Indon\u00e9sie\",\"url\":\"https:\/\/www.ifi-id.com\/\",\"logo\":{\"@type\":\"ImageObject\",\"inLanguage\":\"fr-FR\",\"@id\":\"https:\/\/www.ifi-id.com\/#\/schema\/logo\/image\/\",\"url\":\"https:\/\/www.ifi-id.com\/wp-content\/uploads\/2022\/12\/IFI_New_Logo.jpg\",\"contentUrl\":\"https:\/\/www.ifi-id.com\/wp-content\/uploads\/2022\/12\/IFI_New_Logo.jpg\",\"width\":666,\"height\":444,\"caption\":\"Institut fran\u00e7ais Indon\u00e9sie\"},\"image\":{\"@id\":\"https:\/\/www.ifi-id.com\/#\/schema\/logo\/image\/\"}}]}<\/script>\n<!-- \/ Yoast SEO plugin. -->","yoast_head_json":{"title":"L\u2019odyss\u00e9e - Festival du Cin\u00e9ma Fran\u00e7ais 2021 - Institut fran\u00e7ais Indon\u00e9sie","robots":{"index":"index","follow":"follow","max-snippet":"max-snippet:-1","max-image-preview":"max-image-preview:large","max-video-preview":"max-video-preview:-1"},"canonical":"https:\/\/www.ifi-id.com\/fr\/fsp21-film-lodyssee\/","og_locale":"fr_FR","og_type":"article","og_title":"L\u2019odyss\u00e9e - Festival du Cin\u00e9ma Fran\u00e7ais 2021","og_description":"1948. Jacques-Yves Cousteau, sa femme et ses deux fils, vivent au paradis, dans une jolie maison surplombant la mer M\u00e9diterran\u00e9e. Mais Cousteau ne r\u00eave que d\u2019aventure. Gr\u00e2ce \u00e0 son invention, un scaphandre autonome qui permet de respirer sous l\u2019eau, il a d\u00e9couvert un nouveau monde. D\u00e9sormais, ce monde, il veut l\u2019explorer. Et pour \u00e7a, il est pr\u00eat \u00e0 tout sacrifier.","og_url":"https:\/\/www.ifi-id.com\/fr\/fsp21-film-lodyssee\/","og_site_name":"Institut fran\u00e7ais Indon\u00e9sie","article_modified_time":"2021-11-01T05:32:01+00:00","og_image":[{"url":"https:\/\/www.ifi-id.com\/wp-content\/uploads\/2021\/10\/3-5-e1634834350314.jpg"}],"twitter_card":"summary_large_image","twitter_title":"L\u2019odyss\u00e9e - Festival du Cin\u00e9ma Fran\u00e7ais 2021","twitter_description":"1948. Jacques-Yves Cousteau, sa femme et ses deux fils, vivent au paradis, dans une jolie maison surplombant la mer M\u00e9diterran\u00e9e. Mais Cousteau ne r\u00eave que d\u2019aventure. Gr\u00e2ce \u00e0 son invention, un scaphandre autonome qui permet de respirer sous l\u2019eau, il a d\u00e9couvert un nouveau monde. D\u00e9sormais, ce monde, il veut l\u2019explorer. Et pour \u00e7a, il est pr\u00eat \u00e0 tout sacrifier.","twitter_image":"https:\/\/www.ifi-id.com\/wp-content\/uploads\/2021\/10\/3-5-e1634834350314.jpg","twitter_misc":{"Dur\u00e9e de lecture estim\u00e9e":"1 minute"},"schema":{"@context":"https:\/\/schema.org","@graph":[{"@type":"WebPage","@id":"https:\/\/www.ifi-id.com\/fr\/fsp21-film-lodyssee\/","url":"https:\/\/www.ifi-id.com\/fr\/fsp21-film-lodyssee\/","name":"L\u2019odyss\u00e9e - Festival du Cin\u00e9ma Fran\u00e7ais 2021 - Institut fran\u00e7ais Indon\u00e9sie","isPartOf":{"@id":"https:\/\/www.ifi-id.com\/#website"},"primaryImageOfPage":{"@id":"https:\/\/www.ifi-id.com\/fr\/fsp21-film-lodyssee\/#primaryimage"},"image":{"@id":"https:\/\/www.ifi-id.com\/fr\/fsp21-film-lodyssee\/#primaryimage"},"thumbnailUrl":"https:\/\/www.ifi-id.com\/wp-content\/uploads\/2021\/10\/3-5-e1634834350314.jpg","datePublished":"2021-10-21T16:47:38+00:00","dateModified":"2021-11-01T05:32:01+00:00","breadcrumb":{"@id":"https:\/\/www.ifi-id.com\/fr\/fsp21-film-lodyssee\/#breadcrumb"},"inLanguage":"fr-FR","potentialAction":[{"@type":"ReadAction","target":["https:\/\/www.ifi-id.com\/fr\/fsp21-film-lodyssee\/"]}]},{"@type":"ImageObject","inLanguage":"fr-FR","@id":"https:\/\/www.ifi-id.com\/fr\/fsp21-film-lodyssee\/#primaryimage","url":"https:\/\/www.ifi-id.com\/wp-content\/uploads\/2021\/10\/3-5-e1634834350314.jpg","contentUrl":"https:\/\/www.ifi-id.com\/wp-content\/uploads\/2021\/10\/3-5-e1634834350314.jpg","width":1068,"height":600},{"@type":"BreadcrumbList","@id":"https:\/\/www.ifi-id.com\/fr\/fsp21-film-lodyssee\/#breadcrumb","itemListElement":[{"@type":"ListItem","position":1,"name":"Home","item":"https:\/\/www.ifi-id.com\/"},{"@type":"ListItem","position":2,"name":"L\u2019odyss\u00e9e &#8211; Festival du Cin\u00e9ma Fran\u00e7ais 2021"}]},{"@type":"WebSite","@id":"https:\/\/www.ifi-id.com\/#website","url":"https:\/\/www.ifi-id.com\/","name":"Institut fran\u00e7ais Indon\u00e9sie","description":"","publisher":{"@id":"https:\/\/www.ifi-id.com\/#organization"},"potentialAction":[{"@type":"SearchAction","target":{"@type":"EntryPoint","urlTemplate":"https:\/\/www.ifi-id.com\/?s={search_term_string}"},"query-input":{"@type":"PropertyValueSpecification","valueRequired":true,"valueName":"search_term_string"}}],"inLanguage":"fr-FR"},{"@type":"Organization","@id":"https:\/\/www.ifi-id.com\/#organization","name":"Institut fran\u00e7ais Indon\u00e9sie","url":"https:\/\/www.ifi-id.com\/","logo":{"@type":"ImageObject","inLanguage":"fr-FR","@id":"https:\/\/www.ifi-id.com\/#\/schema\/logo\/image\/","url":"https:\/\/www.ifi-id.com\/wp-content\/uploads\/2022\/12\/IFI_New_Logo.jpg","contentUrl":"https:\/\/www.ifi-id.com\/wp-content\/uploads\/2022\/12\/IFI_New_Logo.jpg","width":666,"height":444,"caption":"Institut fran\u00e7ais Indon\u00e9sie"},"image":{"@id":"https:\/\/www.ifi-id.com\/#\/schema\/logo\/image\/"}}]}},"post_mailing_queue_ids":[],"_links":{"self":[{"href":"https:\/\/www.ifi-id.com\/fr\/wp-json\/wp\/v2\/pages\/16308"}],"collection":[{"href":"https:\/\/www.ifi-id.com\/fr\/wp-json\/wp\/v2\/pages"}],"about":[{"href":"https:\/\/www.ifi-id.com\/fr\/wp-json\/wp\/v2\/types\/page"}],"author":[{"embeddable":true,"href":"https:\/\/www.ifi-id.com\/fr\/wp-json\/wp\/v2\/users\/8"}],"replies":[{"embeddable":true,"href":"https:\/\/www.ifi-id.com\/fr\/wp-json\/wp\/v2\/comments?post=16308"}],"version-history":[{"count":5,"href":"https:\/\/www.ifi-id.com\/fr\/wp-json\/wp\/v2\/pages\/16308\/revisions"}],"predecessor-version":[{"id":16984,"href":"https:\/\/www.ifi-id.com\/fr\/wp-json\/wp\/v2\/pages\/16308\/revisions\/16984"}],"wp:featuredmedia":[{"embeddable":true,"href":"https:\/\/www.ifi-id.com\/fr\/wp-json\/wp\/v2\/media\/16300"}],"wp:attachment":[{"href":"https:\/\/www.ifi-id.com\/fr\/wp-json\/wp\/v2\/media?parent=16308"}],"curies":[{"name":"wp","href":"https:\/\/api.w.org\/{rel}","templated":true}]}}