{"id":16236,"date":"2021-10-21T22:04:24","date_gmt":"2021-10-21T15:04:24","guid":{"rendered":"https:\/\/www.ifi-id.com\/les-miserables-festival-du-cinema-francais-2021"},"modified":"2021-11-01T11:13:17","modified_gmt":"2021-11-01T04:13:17","slug":"fsp21-film-les-miserables","status":"publish","type":"page","link":"https:\/\/www.ifi-id.com\/fr\/fsp21-film-les-miserables\/","title":{"rendered":"Les Mis\u00e9rables &#8211; Festival du Cin\u00e9ma Fran\u00e7ais 2021"},"content":{"rendered":"\t\t<div data-elementor-type=\"wp-page\" data-elementor-id=\"16236\" class=\"elementor elementor-16236 elementor-16220\" data-elementor-post-type=\"page\">\n\t\t\t\t\t\t<section class=\"elementor-section elementor-top-section elementor-element elementor-element-0c55557 elementor-section-boxed elementor-section-height-default elementor-section-height-default\" data-id=\"0c55557\" data-element_type=\"section\">\n\t\t\t\t\t\t<div class=\"elementor-container elementor-column-gap-default\">\n\t\t\t\t\t<div class=\"elementor-column elementor-col-100 elementor-top-column elementor-element elementor-element-0c6eecc\" data-id=\"0c6eecc\" data-element_type=\"column\">\n\t\t\t<div class=\"elementor-widget-wrap elementor-element-populated\">\n\t\t\t\t\t\t<div class=\"elementor-element elementor-element-4206ec9 elementor-widget elementor-widget-heading\" data-id=\"4206ec9\" data-element_type=\"widget\" data-widget_type=\"heading.default\">\n\t\t\t\t<div class=\"elementor-widget-container\">\n\t\t\t<h2 class=\"elementor-heading-title elementor-size-default\">Les Mis\u00e9rables<\/h2>\t\t<\/div>\n\t\t\t\t<\/div>\n\t\t\t\t\t<\/div>\n\t\t<\/div>\n\t\t\t\t\t<\/div>\n\t\t<\/section>\n\t\t\t\t<section class=\"elementor-section elementor-top-section elementor-element elementor-element-3b1f642 elementor-section-boxed elementor-section-height-default elementor-section-height-default\" data-id=\"3b1f642\" data-element_type=\"section\" data-settings=\"{&quot;background_background&quot;:&quot;classic&quot;}\">\n\t\t\t\t\t\t<div class=\"elementor-container elementor-column-gap-default\">\n\t\t\t\t\t<div class=\"elementor-column elementor-col-100 elementor-top-column elementor-element elementor-element-6f7c93c\" data-id=\"6f7c93c\" data-element_type=\"column\">\n\t\t\t<div class=\"elementor-widget-wrap elementor-element-populated\">\n\t\t\t\t\t\t<div class=\"elementor-element elementor-element-c18a9b8 elementor-arrows-position-inside elementor-pagination-position-outside elementor-widget elementor-widget-image-carousel\" data-id=\"c18a9b8\" data-element_type=\"widget\" data-settings=\"{&quot;slides_to_show&quot;:&quot;1&quot;,&quot;autoplay_speed&quot;:3000,&quot;navigation&quot;:&quot;both&quot;,&quot;autoplay&quot;:&quot;yes&quot;,&quot;pause_on_hover&quot;:&quot;yes&quot;,&quot;pause_on_interaction&quot;:&quot;yes&quot;,&quot;infinite&quot;:&quot;yes&quot;,&quot;effect&quot;:&quot;slide&quot;,&quot;speed&quot;:500}\" data-widget_type=\"image-carousel.default\">\n\t\t\t\t<div class=\"elementor-widget-container\">\n\t\t\t\t\t<div class=\"elementor-image-carousel-wrapper swiper\" dir=\"ltr\">\n\t\t\t<div class=\"elementor-image-carousel swiper-wrapper swiper-image-stretch\" aria-live=\"off\">\n\t\t\t\t\t\t\t\t<div class=\"swiper-slide\" role=\"group\" aria-roledescription=\"slide\" aria-label=\"1 sur 3\"><figure class=\"swiper-slide-inner\"><img decoding=\"async\" class=\"swiper-slide-image\" src=\"https:\/\/www.ifi-id.com\/wp-content\/uploads\/2021\/10\/1-2-e1634827632250.jpg\" alt=\"1\" \/><\/figure><\/div><div class=\"swiper-slide\" role=\"group\" aria-roledescription=\"slide\" aria-label=\"2 sur 3\"><figure class=\"swiper-slide-inner\"><img decoding=\"async\" class=\"swiper-slide-image\" src=\"https:\/\/www.ifi-id.com\/wp-content\/uploads\/2021\/10\/3-2-e1634827694605.jpg\" alt=\"3\" \/><\/figure><\/div><div class=\"swiper-slide\" role=\"group\" aria-roledescription=\"slide\" aria-label=\"3 sur 3\"><figure class=\"swiper-slide-inner\"><img decoding=\"async\" class=\"swiper-slide-image\" src=\"https:\/\/www.ifi-id.com\/wp-content\/uploads\/2021\/10\/2-2-e1634827665274.jpg\" alt=\"2\" \/><\/figure><\/div>\t\t\t<\/div>\n\t\t\t\t\t\t\t\t\t\t\t\t<div class=\"elementor-swiper-button elementor-swiper-button-prev\" role=\"button\" tabindex=\"0\">\n\t\t\t\t\t\t<i aria-hidden=\"true\" class=\"eicon-chevron-left\"><\/i>\t\t\t\t\t<\/div>\n\t\t\t\t\t<div class=\"elementor-swiper-button elementor-swiper-button-next\" role=\"button\" tabindex=\"0\">\n\t\t\t\t\t\t<i aria-hidden=\"true\" class=\"eicon-chevron-right\"><\/i>\t\t\t\t\t<\/div>\n\t\t\t\t\n\t\t\t\t\t\t\t\t\t<div class=\"swiper-pagination\"><\/div>\n\t\t\t\t\t\t\t\t\t<\/div>\n\t\t\t\t<\/div>\n\t\t\t\t<\/div>\n\t\t\t\t\t<\/div>\n\t\t<\/div>\n\t\t\t\t\t<\/div>\n\t\t<\/section>\n\t\t\t\t<section class=\"elementor-section elementor-top-section elementor-element elementor-element-086dc82 elementor-section-boxed elementor-section-height-default elementor-section-height-default\" data-id=\"086dc82\" data-element_type=\"section\">\n\t\t\t\t\t\t<div class=\"elementor-container elementor-column-gap-default\">\n\t\t\t\t\t<div class=\"elementor-column elementor-col-100 elementor-top-column elementor-element elementor-element-47dcb32\" data-id=\"47dcb32\" data-element_type=\"column\">\n\t\t\t<div class=\"elementor-widget-wrap elementor-element-populated\">\n\t\t\t\t\t\t<div class=\"elementor-element elementor-element-855da81 elementor-widget elementor-widget-text-editor\" data-id=\"855da81\" data-element_type=\"widget\" data-widget_type=\"text-editor.default\">\n\t\t\t\t<div class=\"elementor-widget-container\">\n\t\t\t\t\t\t\t<h4>Ladj Ly | 2019 | 104\u2019 | Drama | Fran\u00e7ais avec sous-titre indon\u00e9sien &amp; anglais | -12<br \/>\nDamien Bonnard, Alexis Manenti, Djebril Zonga<\/h4>\n<p><span style=\"font-weight: 400;\">St\u00e9phane, tout juste arriv\u00e9 de Cherbourg, int\u00e8gre la Brigade Anti-Criminalit\u00e9 de Montfermeil, dans le 93. Il va faire la rencontre de ses nouveaux co\u00e9quipiers, Chris et Gwada, deux \u00abBacqueux\u00bb d\u2019exp\u00e9rience. Il d\u00e9couvre rapidement les tensions entre les diff\u00e9rents groupes du quartier.<\/span><\/p>\n\t\t\t\t\t\t<\/div>\n\t\t\t\t<\/div>\n\t\t\t\t\t<\/div>\n\t\t<\/div>\n\t\t\t\t\t<\/div>\n\t\t<\/section>\n\t\t\t\t<section class=\"elementor-section elementor-top-section elementor-element elementor-element-c8390d8 elementor-section-boxed elementor-section-height-default elementor-section-height-default\" data-id=\"c8390d8\" data-element_type=\"section\">\n\t\t\t\t\t\t<div class=\"elementor-container elementor-column-gap-default\">\n\t\t\t\t\t<div class=\"elementor-column elementor-col-100 elementor-top-column elementor-element elementor-element-5cb9fa9\" data-id=\"5cb9fa9\" data-element_type=\"column\">\n\t\t\t<div class=\"elementor-widget-wrap elementor-element-populated\">\n\t\t\t\t\t\t<div class=\"elementor-element elementor-element-56d3068 elementor-widget elementor-widget-video\" data-id=\"56d3068\" data-element_type=\"widget\" data-settings=\"{&quot;youtube_url&quot;:&quot;https:\\\/\\\/youtu.be\\\/SfPAGZSdCMM&quot;,&quot;video_type&quot;:&quot;youtube&quot;,&quot;controls&quot;:&quot;yes&quot;}\" data-widget_type=\"video.default\">\n\t\t\t\t<div class=\"elementor-widget-container\">\n\t\t\t\t\t<div class=\"elementor-wrapper elementor-open-inline\">\n\t\t\t<div class=\"elementor-video\"><\/div>\t\t<\/div>\n\t\t\t\t<\/div>\n\t\t\t\t<\/div>\n\t\t\t\t\t<\/div>\n\t\t<\/div>\n\t\t\t\t\t<\/div>\n\t\t<\/section>\n\t\t\t\t<section class=\"elementor-section elementor-top-section elementor-element elementor-element-9628e81 elementor-section-boxed elementor-section-height-default elementor-section-height-default\" data-id=\"9628e81\" data-element_type=\"section\">\n\t\t\t\t\t\t<div class=\"elementor-container elementor-column-gap-default\">\n\t\t\t\t\t<div class=\"elementor-column elementor-col-50 elementor-top-column elementor-element elementor-element-3a4e427\" data-id=\"3a4e427\" data-element_type=\"column\">\n\t\t\t<div class=\"elementor-widget-wrap elementor-element-populated\">\n\t\t\t\t\t\t<div class=\"elementor-element elementor-element-93e3f3a elementor-align-center elementor-widget elementor-widget-button\" data-id=\"93e3f3a\" data-element_type=\"widget\" data-widget_type=\"button.default\">\n\t\t\t\t<div class=\"elementor-widget-container\">\n\t\t\t\t\t<div class=\"elementor-button-wrapper\">\n\t\t\t<a class=\"elementor-button elementor-button-link elementor-size-sm\" href=\"https:\/\/www.ifi-id.com\/fr\/festival-du-cinema-francais-2021-films\">\n\t\t\t\t\t\t<span class=\"elementor-button-content-wrapper\">\n\t\t\t\t\t\t<span class=\"elementor-button-icon\">\n\t\t\t\t<i aria-hidden=\"true\" class=\"fas fa-backward\"><\/i>\t\t\t<\/span>\n\t\t\t\t\t\t\t\t\t<span class=\"elementor-button-text\">Retour \u00e0 la liste des films<\/span>\n\t\t\t\t\t<\/span>\n\t\t\t\t\t<\/a>\n\t\t<\/div>\n\t\t\t\t<\/div>\n\t\t\t\t<\/div>\n\t\t\t\t\t<\/div>\n\t\t<\/div>\n\t\t\t\t<div class=\"elementor-column elementor-col-50 elementor-top-column elementor-element elementor-element-93141e0\" data-id=\"93141e0\" data-element_type=\"column\">\n\t\t\t<div class=\"elementor-widget-wrap elementor-element-populated\">\n\t\t\t\t\t\t<div class=\"elementor-element elementor-element-d0d30c0 elementor-align-center elementor-widget elementor-widget-button\" data-id=\"d0d30c0\" data-element_type=\"widget\" data-widget_type=\"button.default\">\n\t\t\t\t<div class=\"elementor-widget-container\">\n\t\t\t\t\t<div class=\"elementor-button-wrapper\">\n\t\t\t<a class=\"elementor-button elementor-button-link elementor-size-sm\" href=\"https:\/\/mola.tv\/watch?py_id=FestSinePrancis&#038;v=vd35294712\">\n\t\t\t\t\t\t<span class=\"elementor-button-content-wrapper\">\n\t\t\t\t\t\t<span class=\"elementor-button-icon\">\n\t\t\t\t<i aria-hidden=\"true\" class=\"fas fa-tv\"><\/i>\t\t\t<\/span>\n\t\t\t\t\t\t\t\t\t<span class=\"elementor-button-text\">Regarder sur Mola<\/span>\n\t\t\t\t\t<\/span>\n\t\t\t\t\t<\/a>\n\t\t<\/div>\n\t\t\t\t<\/div>\n\t\t\t\t<\/div>\n\t\t\t\t\t<\/div>\n\t\t<\/div>\n\t\t\t\t\t<\/div>\n\t\t<\/section>\n\t\t\t\t<\/div>\n\t\t","protected":false},"excerpt":{"rendered":"<p>Les Mis\u00e9rables Previous Next Ladj Ly | 2019 | 104\u2019 | Drama | Fran\u00e7ais avec sous-titre indon\u00e9sien &amp; anglais | -12 Damien Bonnard, Alexis Manenti, Djebril Zonga St\u00e9phane, tout juste arriv\u00e9 de Cherbourg, int\u00e8gre la Brigade Anti-Criminalit\u00e9 de Montfermeil, dans le 93. Il va faire la rencontre de ses nouveaux co\u00e9quipiers, Chris et Gwada, deux &hellip; <\/p>\n<p class=\"link-more\"><a href=\"https:\/\/www.ifi-id.com\/fr\/fsp21-film-les-miserables\/\" class=\"more-link\">Continuer la lecture<span class=\"screen-reader-text\"> de &laquo;&nbsp;Les Mis\u00e9rables &#8211; Festival du Cin\u00e9ma Fran\u00e7ais 2021&nbsp;&raquo;<\/span><\/a><\/p>\n","protected":false},"author":8,"featured_media":16227,"parent":0,"menu_order":0,"comment_status":"closed","ping_status":"closed","template":"elementor_header_footer","meta":{"footnotes":""},"class_list":["post-16236","page","type-page","status-publish","has-post-thumbnail","hentry"],"yoast_head":"<!-- This site is optimized with the Yoast SEO plugin v23.5 - https:\/\/yoast.com\/wordpress\/plugins\/seo\/ -->\n<title>Les Mis\u00e9rables - Festival du Cin\u00e9ma Fran\u00e7ais 2021 - Institut fran\u00e7ais Indon\u00e9sie<\/title>\n<meta name=\"description\" content=\"St\u00e9phane, tout juste arriv\u00e9 de Cherbourg, int\u00e8gre la Brigade Anti-Criminalit\u00e9 de Montfermeil, dans le 93. Il va faire la rencontre de ses nouveaux co\u00e9quipiers, Chris et Gwada, deux \u00abBacqueux\u00bb d\u2019exp\u00e9rience. Il d\u00e9couvre rapidement les tensions entre les diff\u00e9rents groupes du quartier.\" \/>\n<meta name=\"robots\" content=\"index, follow, max-snippet:-1, max-image-preview:large, max-video-preview:-1\" \/>\n<link rel=\"canonical\" href=\"https:\/\/www.ifi-id.com\/fr\/fsp21-film-les-miserables\/\" \/>\n<meta property=\"og:locale\" content=\"fr_FR\" \/>\n<meta property=\"og:type\" content=\"article\" \/>\n<meta property=\"og:title\" content=\"Les Mis\u00e9rables - Festival du Cin\u00e9ma Fran\u00e7ais 2021\" \/>\n<meta property=\"og:description\" content=\"St\u00e9phane, tout juste arriv\u00e9 de Cherbourg, int\u00e8gre la Brigade Anti-Criminalit\u00e9 de Montfermeil, dans le 93. Il va faire la rencontre de ses nouveaux co\u00e9quipiers, Chris et Gwada, deux \u00abBacqueux\u00bb d\u2019exp\u00e9rience. Il d\u00e9couvre rapidement les tensions entre les diff\u00e9rents groupes du quartier.\" \/>\n<meta property=\"og:url\" content=\"https:\/\/www.ifi-id.com\/fr\/fsp21-film-les-miserables\/\" \/>\n<meta property=\"og:site_name\" content=\"Institut fran\u00e7ais Indon\u00e9sie\" \/>\n<meta property=\"article:modified_time\" content=\"2021-11-01T04:13:17+00:00\" \/>\n<meta property=\"og:image\" content=\"https:\/\/www.ifi-id.com\/wp-content\/uploads\/2021\/10\/1-2-e1634827632250.jpg\" \/>\n\t<meta property=\"og:image:width\" content=\"1935\" \/>\n\t<meta property=\"og:image:height\" content=\"1024\" \/>\n\t<meta property=\"og:image:type\" content=\"image\/jpeg\" \/>\n<meta name=\"twitter:card\" content=\"summary_large_image\" \/>\n<meta name=\"twitter:title\" content=\"Les Mis\u00e9rables - Festival du Cin\u00e9ma Fran\u00e7ais 2021\" \/>\n<meta name=\"twitter:description\" content=\"St\u00e9phane, tout juste arriv\u00e9 de Cherbourg, int\u00e8gre la Brigade Anti-Criminalit\u00e9 de Montfermeil, dans le 93. Il va faire la rencontre de ses nouveaux co\u00e9quipiers, Chris et Gwada, deux \u00abBacqueux\u00bb d\u2019exp\u00e9rience. Il d\u00e9couvre rapidement les tensions entre les diff\u00e9rents groupes du quartier.\" \/>\n<script type=\"application\/ld+json\" class=\"yoast-schema-graph\">{\"@context\":\"https:\/\/schema.org\",\"@graph\":[{\"@type\":\"WebPage\",\"@id\":\"https:\/\/www.ifi-id.com\/fr\/fsp21-film-les-miserables\/\",\"url\":\"https:\/\/www.ifi-id.com\/fr\/fsp21-film-les-miserables\/\",\"name\":\"Les Mis\u00e9rables - Festival du Cin\u00e9ma Fran\u00e7ais 2021 - Institut fran\u00e7ais Indon\u00e9sie\",\"isPartOf\":{\"@id\":\"https:\/\/www.ifi-id.com\/#website\"},\"primaryImageOfPage\":{\"@id\":\"https:\/\/www.ifi-id.com\/fr\/fsp21-film-les-miserables\/#primaryimage\"},\"image\":{\"@id\":\"https:\/\/www.ifi-id.com\/fr\/fsp21-film-les-miserables\/#primaryimage\"},\"thumbnailUrl\":\"https:\/\/www.ifi-id.com\/wp-content\/uploads\/2021\/10\/1-2-e1634827632250.jpg\",\"datePublished\":\"2021-10-21T15:04:24+00:00\",\"dateModified\":\"2021-11-01T04:13:17+00:00\",\"description\":\"St\u00e9phane, tout juste arriv\u00e9 de Cherbourg, int\u00e8gre la Brigade Anti-Criminalit\u00e9 de Montfermeil, dans le 93. Il va faire la rencontre de ses nouveaux co\u00e9quipiers, Chris et Gwada, deux \u00abBacqueux\u00bb d\u2019exp\u00e9rience. Il d\u00e9couvre rapidement les tensions entre les diff\u00e9rents groupes du quartier.\",\"breadcrumb\":{\"@id\":\"https:\/\/www.ifi-id.com\/fr\/fsp21-film-les-miserables\/#breadcrumb\"},\"inLanguage\":\"fr-FR\",\"potentialAction\":[{\"@type\":\"ReadAction\",\"target\":[\"https:\/\/www.ifi-id.com\/fr\/fsp21-film-les-miserables\/\"]}]},{\"@type\":\"ImageObject\",\"inLanguage\":\"fr-FR\",\"@id\":\"https:\/\/www.ifi-id.com\/fr\/fsp21-film-les-miserables\/#primaryimage\",\"url\":\"https:\/\/www.ifi-id.com\/wp-content\/uploads\/2021\/10\/1-2-e1634827632250.jpg\",\"contentUrl\":\"https:\/\/www.ifi-id.com\/wp-content\/uploads\/2021\/10\/1-2-e1634827632250.jpg\",\"width\":1935,\"height\":1024},{\"@type\":\"BreadcrumbList\",\"@id\":\"https:\/\/www.ifi-id.com\/fr\/fsp21-film-les-miserables\/#breadcrumb\",\"itemListElement\":[{\"@type\":\"ListItem\",\"position\":1,\"name\":\"Home\",\"item\":\"https:\/\/www.ifi-id.com\/\"},{\"@type\":\"ListItem\",\"position\":2,\"name\":\"Les Mis\u00e9rables &#8211; Festival du Cin\u00e9ma Fran\u00e7ais 2021\"}]},{\"@type\":\"WebSite\",\"@id\":\"https:\/\/www.ifi-id.com\/#website\",\"url\":\"https:\/\/www.ifi-id.com\/\",\"name\":\"Institut fran\u00e7ais Indon\u00e9sie\",\"description\":\"\",\"publisher\":{\"@id\":\"https:\/\/www.ifi-id.com\/#organization\"},\"potentialAction\":[{\"@type\":\"SearchAction\",\"target\":{\"@type\":\"EntryPoint\",\"urlTemplate\":\"https:\/\/www.ifi-id.com\/?s={search_term_string}\"},\"query-input\":{\"@type\":\"PropertyValueSpecification\",\"valueRequired\":true,\"valueName\":\"search_term_string\"}}],\"inLanguage\":\"fr-FR\"},{\"@type\":\"Organization\",\"@id\":\"https:\/\/www.ifi-id.com\/#organization\",\"name\":\"Institut fran\u00e7ais Indon\u00e9sie\",\"url\":\"https:\/\/www.ifi-id.com\/\",\"logo\":{\"@type\":\"ImageObject\",\"inLanguage\":\"fr-FR\",\"@id\":\"https:\/\/www.ifi-id.com\/#\/schema\/logo\/image\/\",\"url\":\"https:\/\/www.ifi-id.com\/wp-content\/uploads\/2022\/12\/IFI_New_Logo.jpg\",\"contentUrl\":\"https:\/\/www.ifi-id.com\/wp-content\/uploads\/2022\/12\/IFI_New_Logo.jpg\",\"width\":666,\"height\":444,\"caption\":\"Institut fran\u00e7ais Indon\u00e9sie\"},\"image\":{\"@id\":\"https:\/\/www.ifi-id.com\/#\/schema\/logo\/image\/\"}}]}<\/script>\n<!-- \/ Yoast SEO plugin. -->","yoast_head_json":{"title":"Les Mis\u00e9rables - Festival du Cin\u00e9ma Fran\u00e7ais 2021 - Institut fran\u00e7ais Indon\u00e9sie","description":"St\u00e9phane, tout juste arriv\u00e9 de Cherbourg, int\u00e8gre la Brigade Anti-Criminalit\u00e9 de Montfermeil, dans le 93. Il va faire la rencontre de ses nouveaux co\u00e9quipiers, Chris et Gwada, deux \u00abBacqueux\u00bb d\u2019exp\u00e9rience. Il d\u00e9couvre rapidement les tensions entre les diff\u00e9rents groupes du quartier.","robots":{"index":"index","follow":"follow","max-snippet":"max-snippet:-1","max-image-preview":"max-image-preview:large","max-video-preview":"max-video-preview:-1"},"canonical":"https:\/\/www.ifi-id.com\/fr\/fsp21-film-les-miserables\/","og_locale":"fr_FR","og_type":"article","og_title":"Les Mis\u00e9rables - Festival du Cin\u00e9ma Fran\u00e7ais 2021","og_description":"St\u00e9phane, tout juste arriv\u00e9 de Cherbourg, int\u00e8gre la Brigade Anti-Criminalit\u00e9 de Montfermeil, dans le 93. Il va faire la rencontre de ses nouveaux co\u00e9quipiers, Chris et Gwada, deux \u00abBacqueux\u00bb d\u2019exp\u00e9rience. Il d\u00e9couvre rapidement les tensions entre les diff\u00e9rents groupes du quartier.","og_url":"https:\/\/www.ifi-id.com\/fr\/fsp21-film-les-miserables\/","og_site_name":"Institut fran\u00e7ais Indon\u00e9sie","article_modified_time":"2021-11-01T04:13:17+00:00","og_image":[{"width":1935,"height":1024,"url":"https:\/\/www.ifi-id.com\/wp-content\/uploads\/2021\/10\/1-2-e1634827632250.jpg","type":"image\/jpeg"}],"twitter_card":"summary_large_image","twitter_title":"Les Mis\u00e9rables - Festival du Cin\u00e9ma Fran\u00e7ais 2021","twitter_description":"St\u00e9phane, tout juste arriv\u00e9 de Cherbourg, int\u00e8gre la Brigade Anti-Criminalit\u00e9 de Montfermeil, dans le 93. Il va faire la rencontre de ses nouveaux co\u00e9quipiers, Chris et Gwada, deux \u00abBacqueux\u00bb d\u2019exp\u00e9rience. Il d\u00e9couvre rapidement les tensions entre les diff\u00e9rents groupes du quartier.","schema":{"@context":"https:\/\/schema.org","@graph":[{"@type":"WebPage","@id":"https:\/\/www.ifi-id.com\/fr\/fsp21-film-les-miserables\/","url":"https:\/\/www.ifi-id.com\/fr\/fsp21-film-les-miserables\/","name":"Les Mis\u00e9rables - Festival du Cin\u00e9ma Fran\u00e7ais 2021 - Institut fran\u00e7ais Indon\u00e9sie","isPartOf":{"@id":"https:\/\/www.ifi-id.com\/#website"},"primaryImageOfPage":{"@id":"https:\/\/www.ifi-id.com\/fr\/fsp21-film-les-miserables\/#primaryimage"},"image":{"@id":"https:\/\/www.ifi-id.com\/fr\/fsp21-film-les-miserables\/#primaryimage"},"thumbnailUrl":"https:\/\/www.ifi-id.com\/wp-content\/uploads\/2021\/10\/1-2-e1634827632250.jpg","datePublished":"2021-10-21T15:04:24+00:00","dateModified":"2021-11-01T04:13:17+00:00","description":"St\u00e9phane, tout juste arriv\u00e9 de Cherbourg, int\u00e8gre la Brigade Anti-Criminalit\u00e9 de Montfermeil, dans le 93. Il va faire la rencontre de ses nouveaux co\u00e9quipiers, Chris et Gwada, deux \u00abBacqueux\u00bb d\u2019exp\u00e9rience. Il d\u00e9couvre rapidement les tensions entre les diff\u00e9rents groupes du quartier.","breadcrumb":{"@id":"https:\/\/www.ifi-id.com\/fr\/fsp21-film-les-miserables\/#breadcrumb"},"inLanguage":"fr-FR","potentialAction":[{"@type":"ReadAction","target":["https:\/\/www.ifi-id.com\/fr\/fsp21-film-les-miserables\/"]}]},{"@type":"ImageObject","inLanguage":"fr-FR","@id":"https:\/\/www.ifi-id.com\/fr\/fsp21-film-les-miserables\/#primaryimage","url":"https:\/\/www.ifi-id.com\/wp-content\/uploads\/2021\/10\/1-2-e1634827632250.jpg","contentUrl":"https:\/\/www.ifi-id.com\/wp-content\/uploads\/2021\/10\/1-2-e1634827632250.jpg","width":1935,"height":1024},{"@type":"BreadcrumbList","@id":"https:\/\/www.ifi-id.com\/fr\/fsp21-film-les-miserables\/#breadcrumb","itemListElement":[{"@type":"ListItem","position":1,"name":"Home","item":"https:\/\/www.ifi-id.com\/"},{"@type":"ListItem","position":2,"name":"Les Mis\u00e9rables &#8211; Festival du Cin\u00e9ma Fran\u00e7ais 2021"}]},{"@type":"WebSite","@id":"https:\/\/www.ifi-id.com\/#website","url":"https:\/\/www.ifi-id.com\/","name":"Institut fran\u00e7ais Indon\u00e9sie","description":"","publisher":{"@id":"https:\/\/www.ifi-id.com\/#organization"},"potentialAction":[{"@type":"SearchAction","target":{"@type":"EntryPoint","urlTemplate":"https:\/\/www.ifi-id.com\/?s={search_term_string}"},"query-input":{"@type":"PropertyValueSpecification","valueRequired":true,"valueName":"search_term_string"}}],"inLanguage":"fr-FR"},{"@type":"Organization","@id":"https:\/\/www.ifi-id.com\/#organization","name":"Institut fran\u00e7ais Indon\u00e9sie","url":"https:\/\/www.ifi-id.com\/","logo":{"@type":"ImageObject","inLanguage":"fr-FR","@id":"https:\/\/www.ifi-id.com\/#\/schema\/logo\/image\/","url":"https:\/\/www.ifi-id.com\/wp-content\/uploads\/2022\/12\/IFI_New_Logo.jpg","contentUrl":"https:\/\/www.ifi-id.com\/wp-content\/uploads\/2022\/12\/IFI_New_Logo.jpg","width":666,"height":444,"caption":"Institut fran\u00e7ais Indon\u00e9sie"},"image":{"@id":"https:\/\/www.ifi-id.com\/#\/schema\/logo\/image\/"}}]}},"post_mailing_queue_ids":[],"_links":{"self":[{"href":"https:\/\/www.ifi-id.com\/fr\/wp-json\/wp\/v2\/pages\/16236"}],"collection":[{"href":"https:\/\/www.ifi-id.com\/fr\/wp-json\/wp\/v2\/pages"}],"about":[{"href":"https:\/\/www.ifi-id.com\/fr\/wp-json\/wp\/v2\/types\/page"}],"author":[{"embeddable":true,"href":"https:\/\/www.ifi-id.com\/fr\/wp-json\/wp\/v2\/users\/8"}],"replies":[{"embeddable":true,"href":"https:\/\/www.ifi-id.com\/fr\/wp-json\/wp\/v2\/comments?post=16236"}],"version-history":[{"count":3,"href":"https:\/\/www.ifi-id.com\/fr\/wp-json\/wp\/v2\/pages\/16236\/revisions"}],"predecessor-version":[{"id":16889,"href":"https:\/\/www.ifi-id.com\/fr\/wp-json\/wp\/v2\/pages\/16236\/revisions\/16889"}],"wp:featuredmedia":[{"embeddable":true,"href":"https:\/\/www.ifi-id.com\/fr\/wp-json\/wp\/v2\/media\/16227"}],"wp:attachment":[{"href":"https:\/\/www.ifi-id.com\/fr\/wp-json\/wp\/v2\/media?parent=16236"}],"curies":[{"name":"wp","href":"https:\/\/api.w.org\/{rel}","templated":true}]}}