{"id":16125,"date":"2021-10-15T11:40:47","date_gmt":"2021-10-15T04:40:47","guid":{"rendered":"https:\/\/www.ifi-id.com\/sustenea"},"modified":"2024-10-03T10:29:21","modified_gmt":"2024-10-03T03:29:21","slug":"sustenea","status":"publish","type":"page","link":"https:\/\/www.ifi-id.com\/fr\/sustenea\/","title":{"rendered":"Sustenea"},"content":{"rendered":"\t\t<div data-elementor-type=\"wp-page\" data-elementor-id=\"16125\" class=\"elementor elementor-16125 elementor-16107\" data-elementor-post-type=\"page\">\n\t\t\t\t\t\t<section class=\"elementor-section elementor-top-section elementor-element elementor-element-383ab3be elementor-section-boxed elementor-section-height-default elementor-section-height-default\" data-id=\"383ab3be\" data-element_type=\"section\">\n\t\t\t\t\t\t<div class=\"elementor-container elementor-column-gap-default\">\n\t\t\t\t\t<div class=\"elementor-column elementor-col-100 elementor-top-column elementor-element elementor-element-2cc3498\" data-id=\"2cc3498\" data-element_type=\"column\">\n\t\t\t<div class=\"elementor-widget-wrap elementor-element-populated\">\n\t\t\t\t\t\t<div class=\"elementor-element elementor-element-fbef456 elementor-widget elementor-widget-heading\" data-id=\"fbef456\" data-element_type=\"widget\" data-widget_type=\"heading.default\">\n\t\t\t\t<div class=\"elementor-widget-container\">\n\t\t\t<h2 class=\"elementor-heading-title elementor-size-default\">Sustenea - OceanKita<\/h2>\t\t<\/div>\n\t\t\t\t<\/div>\n\t\t\t\t\t<\/div>\n\t\t<\/div>\n\t\t\t\t\t<\/div>\n\t\t<\/section>\n\t\t\t\t<section class=\"elementor-section elementor-top-section elementor-element elementor-element-00124f1 elementor-section-boxed elementor-section-height-default elementor-section-height-default\" data-id=\"00124f1\" data-element_type=\"section\">\n\t\t\t\t\t\t<div class=\"elementor-container elementor-column-gap-default\">\n\t\t\t\t\t<div class=\"elementor-column elementor-col-66 elementor-top-column elementor-element elementor-element-7486954\" data-id=\"7486954\" data-element_type=\"column\">\n\t\t\t<div class=\"elementor-widget-wrap elementor-element-populated\">\n\t\t\t\t\t\t<div class=\"elementor-element elementor-element-f5acfa8 elementor-widget elementor-widget-text-editor\" data-id=\"f5acfa8\" data-element_type=\"widget\" data-widget_type=\"text-editor.default\">\n\t\t\t\t<div class=\"elementor-widget-container\">\n\t\t\t\t\t\t\t<p>Sustenea (PT Sustenea Konsultasi Indonesia) est une entreprise sociale indon\u00e9sienne sp\u00e9cialis\u00e9e dans les domaines des \u00e9nergies propres, des questions environnementales et de la circularit\u00e9. Dans le domaine \u00e9nerg\u00e9tique, Sustenea est tout particuli\u00e8rement sp\u00e9cialis\u00e9e sur les\u00a0 micros centrales hydrauliques et de Cycle Organique de Rankine (ORC) permettant la conversion de chaleur en \u00e9lectricit\u00e9.<\/p><p>Mais, c\u2019est surtout sous sa marque OceanKita que Sustenea est (re)connue en Indon\u00e9sie et en Asie du Sud-Est. OceanKita met en \u0153uvre des solutions de d\u00e9pollution marine, hydrocarbures et macro-d\u00e9chets marins, avec un axe d\u2019effort particulier sur la pollution plastique marine.<\/p>\t\t\t\t\t\t<\/div>\n\t\t\t\t<\/div>\n\t\t\t\t\t<\/div>\n\t\t<\/div>\n\t\t\t\t<div class=\"elementor-column elementor-col-33 elementor-top-column elementor-element elementor-element-e294dd6\" data-id=\"e294dd6\" data-element_type=\"column\">\n\t\t\t<div class=\"elementor-widget-wrap elementor-element-populated\">\n\t\t\t\t\t\t<div class=\"elementor-element elementor-element-70e260b elementor-widget__width-initial elementor-widget elementor-widget-image\" data-id=\"70e260b\" data-element_type=\"widget\" data-widget_type=\"image.default\">\n\t\t\t\t<div class=\"elementor-widget-container\">\n\t\t\t\t\t\t\t\t\t\t\t\t\t<img fetchpriority=\"high\" decoding=\"async\" width=\"300\" height=\"250\" src=\"https:\/\/www.ifi-id.com\/wp-content\/uploads\/2024\/10\/OC-300x250.png\" class=\"attachment-medium size-medium wp-image-47880\" alt=\"\" srcset=\"https:\/\/www.ifi-id.com\/wp-content\/uploads\/2024\/10\/OC-300x250.png 300w, https:\/\/www.ifi-id.com\/wp-content\/uploads\/2024\/10\/OC.png 309w\" sizes=\"100vw\" \/>\t\t\t\t\t\t\t\t\t\t\t\t\t<\/div>\n\t\t\t\t<\/div>\n\t\t\t\t\t<\/div>\n\t\t<\/div>\n\t\t\t\t\t<\/div>\n\t\t<\/section>\n\t\t\t\t<section class=\"elementor-section elementor-top-section elementor-element elementor-element-57a9584 elementor-section-boxed elementor-section-height-default elementor-section-height-default\" data-id=\"57a9584\" data-element_type=\"section\">\n\t\t\t\t\t\t<div class=\"elementor-container elementor-column-gap-default\">\n\t\t\t\t\t<div class=\"elementor-column elementor-col-100 elementor-top-column elementor-element elementor-element-c326714\" data-id=\"c326714\" data-element_type=\"column\">\n\t\t\t<div class=\"elementor-widget-wrap elementor-element-populated\">\n\t\t\t\t\t\t<div class=\"elementor-element elementor-element-d933b1e elementor-arrows-position-inside elementor-pagination-position-outside elementor-widget elementor-widget-image-carousel\" data-id=\"d933b1e\" data-element_type=\"widget\" data-settings=\"{&quot;slides_to_show&quot;:&quot;1&quot;,&quot;navigation&quot;:&quot;both&quot;,&quot;autoplay&quot;:&quot;yes&quot;,&quot;pause_on_hover&quot;:&quot;yes&quot;,&quot;pause_on_interaction&quot;:&quot;yes&quot;,&quot;autoplay_speed&quot;:5000,&quot;infinite&quot;:&quot;yes&quot;,&quot;effect&quot;:&quot;slide&quot;,&quot;speed&quot;:500}\" data-widget_type=\"image-carousel.default\">\n\t\t\t\t<div class=\"elementor-widget-container\">\n\t\t\t\t\t<div class=\"elementor-image-carousel-wrapper swiper\" dir=\"ltr\">\n\t\t\t<div class=\"elementor-image-carousel swiper-wrapper\" aria-live=\"off\">\n\t\t\t\t\t\t\t\t<div class=\"swiper-slide\" role=\"group\" aria-roledescription=\"slide\" aria-label=\"1 sur 8\"><figure class=\"swiper-slide-inner\"><img decoding=\"async\" class=\"swiper-slide-image\" src=\"https:\/\/www.ifi-id.com\/wp-content\/uploads\/2024\/10\/1.-HOME-1024x575.jpg\" alt=\"1. HOME\" \/><\/figure><\/div><div class=\"swiper-slide\" role=\"group\" aria-roledescription=\"slide\" aria-label=\"2 sur 8\"><figure class=\"swiper-slide-inner\"><img decoding=\"async\" class=\"swiper-slide-image\" src=\"https:\/\/www.ifi-id.com\/wp-content\/uploads\/2024\/10\/2-1024x683.jpg\" alt=\"2\" \/><\/figure><\/div><div class=\"swiper-slide\" role=\"group\" aria-roledescription=\"slide\" aria-label=\"3 sur 8\"><figure class=\"swiper-slide-inner\"><img decoding=\"async\" class=\"swiper-slide-image\" src=\"https:\/\/www.ifi-id.com\/wp-content\/uploads\/2024\/10\/3-1024x768.jpg\" alt=\"3\" \/><\/figure><\/div><div class=\"swiper-slide\" role=\"group\" aria-roledescription=\"slide\" aria-label=\"4 sur 8\"><figure class=\"swiper-slide-inner\"><img decoding=\"async\" class=\"swiper-slide-image\" src=\"https:\/\/www.ifi-id.com\/wp-content\/uploads\/2024\/10\/4-1024x768.jpeg\" alt=\"4\" \/><\/figure><\/div><div class=\"swiper-slide\" role=\"group\" aria-roledescription=\"slide\" aria-label=\"5 sur 8\"><figure class=\"swiper-slide-inner\"><img decoding=\"async\" class=\"swiper-slide-image\" src=\"https:\/\/www.ifi-id.com\/wp-content\/uploads\/2024\/10\/5-1024x576.jpg\" alt=\"oppo_1056\" \/><\/figure><\/div><div class=\"swiper-slide\" role=\"group\" aria-roledescription=\"slide\" aria-label=\"6 sur 8\"><figure class=\"swiper-slide-inner\"><img decoding=\"async\" class=\"swiper-slide-image\" src=\"https:\/\/www.ifi-id.com\/wp-content\/uploads\/2024\/10\/6-1024x768.jpg\" alt=\"6\" \/><\/figure><\/div><div class=\"swiper-slide\" role=\"group\" aria-roledescription=\"slide\" aria-label=\"7 sur 8\"><figure class=\"swiper-slide-inner\"><img decoding=\"async\" class=\"swiper-slide-image\" src=\"https:\/\/www.ifi-id.com\/wp-content\/uploads\/2024\/10\/7-1024x768.jpg\" alt=\"7\" \/><\/figure><\/div><div class=\"swiper-slide\" role=\"group\" aria-roledescription=\"slide\" aria-label=\"8 sur 8\"><figure class=\"swiper-slide-inner\"><img decoding=\"async\" class=\"swiper-slide-image\" src=\"https:\/\/www.ifi-id.com\/wp-content\/uploads\/2024\/10\/8-1024x768.jpg\" alt=\"8\" \/><\/figure><\/div>\t\t\t<\/div>\n\t\t\t\t\t\t\t\t\t\t\t\t<div class=\"elementor-swiper-button elementor-swiper-button-prev\" role=\"button\" tabindex=\"0\">\n\t\t\t\t\t\t<i aria-hidden=\"true\" class=\"eicon-chevron-left\"><\/i>\t\t\t\t\t<\/div>\n\t\t\t\t\t<div class=\"elementor-swiper-button elementor-swiper-button-next\" role=\"button\" tabindex=\"0\">\n\t\t\t\t\t\t<i aria-hidden=\"true\" class=\"eicon-chevron-right\"><\/i>\t\t\t\t\t<\/div>\n\t\t\t\t\n\t\t\t\t\t\t\t\t\t<div class=\"swiper-pagination\"><\/div>\n\t\t\t\t\t\t\t\t\t<\/div>\n\t\t\t\t<\/div>\n\t\t\t\t<\/div>\n\t\t\t\t\t<\/div>\n\t\t<\/div>\n\t\t\t\t\t<\/div>\n\t\t<\/section>\n\t\t\t\t<section class=\"elementor-section elementor-top-section elementor-element elementor-element-4d2ae14 elementor-section-boxed elementor-section-height-default elementor-section-height-default\" data-id=\"4d2ae14\" data-element_type=\"section\">\n\t\t\t\t\t\t<div class=\"elementor-container elementor-column-gap-default\">\n\t\t\t\t\t<div class=\"elementor-column elementor-col-100 elementor-top-column elementor-element elementor-element-405f501\" data-id=\"405f501\" data-element_type=\"column\">\n\t\t\t<div class=\"elementor-widget-wrap elementor-element-populated\">\n\t\t\t\t\t\t<div class=\"elementor-element elementor-element-0f1f028 elementor-widget elementor-widget-text-editor\" data-id=\"0f1f028\" data-element_type=\"widget\" data-widget_type=\"text-editor.default\">\n\t\t\t\t<div class=\"elementor-widget-container\">\n\t\t\t\t\t\t\t<p>Les pollutions, avec notamment cette pollution plastique des cours d\u2019eau et de l\u2019oc\u00e9an, font partie des enjeux environnementaux globaux auxquelles est confront\u00e9e l\u2019humanit\u00e9 pour pr\u00e9server sa pr\u00e9sence sur terre, avec le d\u00e9r\u00e8glement climatique, la perte de biodiversit\u00e9 et l\u2019acc\u00e8s aux ressources.<\/p><p>OceanKita propose aujourd\u2019hui une approche du probl\u00e8me exhaustive avec notamment des solutions de collecte (\u00e9quipements et services), des programmes de sensibilisation et de formation pour tous types de publics, des solutions de valorisation (dont recyclage et upcyclage) des d\u00e9chets plastiques sans valeur marchande, des offres de consulting et un programme de recherche et innovations.<\/p><p>En tant qu\u2019entreprise sociale, Sustenea \/ OceanKita aborde le d\u00e9fi des d\u00e9chets plastiques marins avec une approche qui peut para\u00eetre ax\u00e9e sur l\u2019environnemental mais qui ne met pas le social de c\u00f4t\u00e9. En effet, OceanKita travaille pour et avec les communaut\u00e9s c\u00f4ti\u00e8res ou riveraines d\u2019une rivi\u00e8re, mais aussi pour le bien de tous puisque les micros et nano plastiques ont aujourd\u2019hui p\u00e9n\u00e9tr\u00e9s le cycle de l\u2019eau, la cha\u00eene alimentaire animale et v\u00e9g\u00e9tale et se sont invit\u00e9s dans la plupart de nos organes, y compris le cerveau.<\/p><p>OceanKita\u00a0est\u00a0:<\/p><ul><li>l\u2019un des laur\u00e9ats de l\u2019appel \u00e0 projet Science &amp; Impact session de septembre, du \u2018Charity Fund BNP Paribas-Citi IDX30 2023\u2019, de l\u2019\u2019Indo-Pacific Plastic Innovation Network 2024\u2019 (CSIRO)<\/li><li>finaliste des l\u2019appels \u00e0 projets \u2018EPPIC Vietnam 2020\u2019 (UNDP), \u2018Plastic Waste to Value Southeast Asia Challenge 2022\u2019 (Uplink), \u2018Catalyst Changemarkers Ecosystem 3.0 2024\u2019 (CCLab &amp; Goto Impact Foundation), \u2018Korea-ASEAN Business Model Competition for SDGs 2024\u2019<\/li><\/ul><p>OceanKita a \u00e9t\u00e9 s\u00e9lectionn\u00e9 par\u00a0:<\/p><ul><li>l\u2019Archipelagic and Island States Forum (AIS) parmi les 33 \u2018Blue Business Startups\u2019 de la d\u00e9l\u00e9gation indon\u00e9sienne au forum de Bali 2023<\/li><li>le \u2018Road to G20 &#8211; Beating Plastic Pollution from Source to Sea\u2019, Bali 2022<\/li><\/ul><p>OceanKita propose comme \u00e9quipement phare de d\u00e9pollution les chaluts de la soci\u00e9t\u00e9 vend\u00e9enne Thomsea, d\u00e9sign\u00e9s par une \u00e9tude coordonn\u00e9e par l\u2019UNEP comme \u00e9quipement de collecte le plus efficace pour les eaux c\u00f4ti\u00e8res dans les pays en d\u00e9veloppement. Sustenea a une licence exclusive de fabrication et de distribution en Asie-Pacifique.<\/p>\t\t\t\t\t\t<\/div>\n\t\t\t\t<\/div>\n\t\t\t\t\t<\/div>\n\t\t<\/div>\n\t\t\t\t\t<\/div>\n\t\t<\/section>\n\t\t\t\t<section class=\"elementor-section elementor-top-section elementor-element elementor-element-16a0841 elementor-section-boxed elementor-section-height-default elementor-section-height-default\" data-id=\"16a0841\" data-element_type=\"section\">\n\t\t\t\t\t\t<div class=\"elementor-container elementor-column-gap-default\">\n\t\t\t\t\t<div class=\"elementor-column elementor-col-100 elementor-top-column elementor-element elementor-element-1df16f9\" data-id=\"1df16f9\" data-element_type=\"column\">\n\t\t\t<div class=\"elementor-widget-wrap elementor-element-populated\">\n\t\t\t\t\t\t<div class=\"elementor-element elementor-element-ff5958f elementor-align-center elementor-widget elementor-widget-button\" data-id=\"ff5958f\" data-element_type=\"widget\" data-widget_type=\"button.default\">\n\t\t\t\t<div class=\"elementor-widget-container\">\n\t\t\t\t\t<div class=\"elementor-button-wrapper\">\n\t\t\t<a class=\"elementor-button elementor-button-link elementor-size-md\" href=\"https:\/\/oceankita.com\/\">\n\t\t\t\t\t\t<span class=\"elementor-button-content-wrapper\">\n\t\t\t\t\t\t\t\t\t<span class=\"elementor-button-text\">Pour en savoir plus sur OceanKita, cliquez ici.<\/span>\n\t\t\t\t\t<\/span>\n\t\t\t\t\t<\/a>\n\t\t<\/div>\n\t\t\t\t<\/div>\n\t\t\t\t<\/div>\n\t\t\t\t\t<\/div>\n\t\t<\/div>\n\t\t\t\t\t<\/div>\n\t\t<\/section>\n\t\t\t\t<section class=\"elementor-section elementor-top-section elementor-element elementor-element-23988c2 elementor-section-boxed elementor-section-height-default elementor-section-height-default\" data-id=\"23988c2\" data-element_type=\"section\">\n\t\t\t\t\t\t<div class=\"elementor-container elementor-column-gap-default\">\n\t\t\t\t\t<div class=\"elementor-column elementor-col-100 elementor-top-column elementor-element elementor-element-8f2ab41\" data-id=\"8f2ab41\" data-element_type=\"column\">\n\t\t\t<div class=\"elementor-widget-wrap elementor-element-populated\">\n\t\t\t\t\t\t<div class=\"elementor-element elementor-element-0b4a28e elementor-widget elementor-widget-text-editor\" data-id=\"0b4a28e\" data-element_type=\"widget\" data-widget_type=\"text-editor.default\">\n\t\t\t\t<div class=\"elementor-widget-container\">\n\t\t\t\t\t\t\t<p style=\"text-align: center;\">Ou scannez le QR ici :<\/p><p><img decoding=\"async\" class=\"alignnone wp-image-47979 aligncenter\" src=\"https:\/\/www.ifi-id.com\/wp-content\/uploads\/2024\/10\/qrcode-OceanKita-home-300x300.png\" alt=\"\" width=\"129\" height=\"129\" srcset=\"https:\/\/www.ifi-id.com\/wp-content\/uploads\/2024\/10\/qrcode-OceanKita-home-300x300.png 300w, https:\/\/www.ifi-id.com\/wp-content\/uploads\/2024\/10\/qrcode-OceanKita-home-150x150.png 150w, https:\/\/www.ifi-id.com\/wp-content\/uploads\/2024\/10\/qrcode-OceanKita-home-100x100.png 100w, https:\/\/www.ifi-id.com\/wp-content\/uploads\/2024\/10\/qrcode-OceanKita-home.png 500w\" sizes=\"(max-width: 129px) 100vw, 129px\" \/><\/p>\t\t\t\t\t\t<\/div>\n\t\t\t\t<\/div>\n\t\t\t\t\t<\/div>\n\t\t<\/div>\n\t\t\t\t\t<\/div>\n\t\t<\/section>\n\t\t\t\t<\/div>\n\t\t","protected":false},"excerpt":{"rendered":"<p>Sustenea &#8211; OceanKita Sustenea (PT Sustenea Konsultasi Indonesia) est une entreprise sociale indon\u00e9sienne sp\u00e9cialis\u00e9e dans les domaines des \u00e9nergies propres, des questions environnementales et de la circularit\u00e9. Dans le domaine \u00e9nerg\u00e9tique, Sustenea est tout particuli\u00e8rement sp\u00e9cialis\u00e9e sur les\u00a0 micros centrales hydrauliques et de Cycle Organique de Rankine (ORC) permettant la conversion de chaleur en \u00e9lectricit\u00e9. &hellip; <\/p>\n<p class=\"link-more\"><a href=\"https:\/\/www.ifi-id.com\/fr\/sustenea\/\" class=\"more-link\">Continuer la lecture<span class=\"screen-reader-text\"> de &laquo;&nbsp;Sustenea&nbsp;&raquo;<\/span><\/a><\/p>\n","protected":false},"author":8,"featured_media":0,"parent":0,"menu_order":0,"comment_status":"closed","ping_status":"closed","template":"elementor_header_footer","meta":{"footnotes":""},"class_list":["post-16125","page","type-page","status-publish","hentry"],"yoast_head":"<!-- This site is optimized with the Yoast SEO plugin v23.5 - https:\/\/yoast.com\/wordpress\/plugins\/seo\/ -->\n<title>Sustenea - Institut fran\u00e7ais Indon\u00e9sie<\/title>\n<meta name=\"description\" content=\"Sustenea est une jeune entreprise indon\u00e9sienne sp\u00e9cialis\u00e9e dans les domaines des \u00e9nergies propres, des enjeux environnementaux et du d\u00e9veloppement durable. Sous le nom d&#039;OceanKita, Sustenea lutte contre la pollution plastique et plus particuli\u00e8rement contre les d\u00e9chets marins.\" \/>\n<meta name=\"robots\" content=\"index, follow, max-snippet:-1, max-image-preview:large, max-video-preview:-1\" \/>\n<link rel=\"canonical\" href=\"https:\/\/www.ifi-id.com\/sustenea\/\" \/>\n<meta property=\"og:locale\" content=\"fr_FR\" \/>\n<meta property=\"og:type\" content=\"article\" \/>\n<meta property=\"og:title\" content=\"Sustenea - Institut fran\u00e7ais Indon\u00e9sie\" \/>\n<meta property=\"og:description\" content=\"Sustenea est une jeune entreprise indon\u00e9sienne sp\u00e9cialis\u00e9e dans les domaines des \u00e9nergies propres, des enjeux environnementaux et du d\u00e9veloppement durable. Sous le nom d&#039;OceanKita, Sustenea lutte contre la pollution plastique et plus particuli\u00e8rement contre les d\u00e9chets marins.\" \/>\n<meta property=\"og:url\" content=\"https:\/\/www.ifi-id.com\/sustenea\/\" \/>\n<meta property=\"og:site_name\" content=\"Institut fran\u00e7ais Indon\u00e9sie\" \/>\n<meta property=\"article:modified_time\" content=\"2024-10-03T03:29:21+00:00\" \/>\n<meta property=\"og:image\" content=\"https:\/\/www.ifi-id.com\/wp-content\/uploads\/2024\/10\/OC-300x250.png\" \/>\n<meta name=\"twitter:card\" content=\"summary_large_image\" \/>\n<meta name=\"twitter:description\" content=\"Sustenea est une jeune entreprise indon\u00e9sienne sp\u00e9cialis\u00e9e dans les domaines des \u00e9nergies propres, des enjeux environnementaux et du d\u00e9veloppement durable. Sous le nom d&#039;OceanKita, Sustenea lutte contre la pollution plastique et plus particuli\u00e8rement contre les d\u00e9chets marins.\" \/>\n<meta name=\"twitter:label1\" content=\"Dur\u00e9e de lecture estim\u00e9e\" \/>\n\t<meta name=\"twitter:data1\" content=\"5 minutes\" \/>\n<script type=\"application\/ld+json\" class=\"yoast-schema-graph\">{\"@context\":\"https:\/\/schema.org\",\"@graph\":[{\"@type\":\"WebPage\",\"@id\":\"https:\/\/www.ifi-id.com\/sustenea\/\",\"url\":\"https:\/\/www.ifi-id.com\/sustenea\/\",\"name\":\"Sustenea - Institut fran\u00e7ais Indon\u00e9sie\",\"isPartOf\":{\"@id\":\"https:\/\/www.ifi-id.com\/#website\"},\"primaryImageOfPage\":{\"@id\":\"https:\/\/www.ifi-id.com\/sustenea\/#primaryimage\"},\"image\":{\"@id\":\"https:\/\/www.ifi-id.com\/sustenea\/#primaryimage\"},\"thumbnailUrl\":\"https:\/\/www.ifi-id.com\/wp-content\/uploads\/2024\/10\/OC-300x250.png\",\"datePublished\":\"2021-10-15T04:40:47+00:00\",\"dateModified\":\"2024-10-03T03:29:21+00:00\",\"description\":\"Sustenea est une jeune entreprise indon\u00e9sienne sp\u00e9cialis\u00e9e dans les domaines des \u00e9nergies propres, des enjeux environnementaux et du d\u00e9veloppement durable. Sous le nom d'OceanKita, Sustenea lutte contre la pollution plastique et plus particuli\u00e8rement contre les d\u00e9chets marins.\",\"breadcrumb\":{\"@id\":\"https:\/\/www.ifi-id.com\/sustenea\/#breadcrumb\"},\"inLanguage\":\"fr-FR\",\"potentialAction\":[{\"@type\":\"ReadAction\",\"target\":[\"https:\/\/www.ifi-id.com\/sustenea\/\"]}]},{\"@type\":\"ImageObject\",\"inLanguage\":\"fr-FR\",\"@id\":\"https:\/\/www.ifi-id.com\/sustenea\/#primaryimage\",\"url\":\"https:\/\/www.ifi-id.com\/wp-content\/uploads\/2024\/10\/OC-300x250.png\",\"contentUrl\":\"https:\/\/www.ifi-id.com\/wp-content\/uploads\/2024\/10\/OC-300x250.png\"},{\"@type\":\"BreadcrumbList\",\"@id\":\"https:\/\/www.ifi-id.com\/sustenea\/#breadcrumb\",\"itemListElement\":[{\"@type\":\"ListItem\",\"position\":1,\"name\":\"Home\",\"item\":\"https:\/\/www.ifi-id.com\/\"},{\"@type\":\"ListItem\",\"position\":2,\"name\":\"Sustenea\"}]},{\"@type\":\"WebSite\",\"@id\":\"https:\/\/www.ifi-id.com\/#website\",\"url\":\"https:\/\/www.ifi-id.com\/\",\"name\":\"Institut fran\u00e7ais Indon\u00e9sie\",\"description\":\"\",\"publisher\":{\"@id\":\"https:\/\/www.ifi-id.com\/#organization\"},\"potentialAction\":[{\"@type\":\"SearchAction\",\"target\":{\"@type\":\"EntryPoint\",\"urlTemplate\":\"https:\/\/www.ifi-id.com\/?s={search_term_string}\"},\"query-input\":{\"@type\":\"PropertyValueSpecification\",\"valueRequired\":true,\"valueName\":\"search_term_string\"}}],\"inLanguage\":\"fr-FR\"},{\"@type\":\"Organization\",\"@id\":\"https:\/\/www.ifi-id.com\/#organization\",\"name\":\"Institut fran\u00e7ais Indon\u00e9sie\",\"url\":\"https:\/\/www.ifi-id.com\/\",\"logo\":{\"@type\":\"ImageObject\",\"inLanguage\":\"fr-FR\",\"@id\":\"https:\/\/www.ifi-id.com\/#\/schema\/logo\/image\/\",\"url\":\"https:\/\/www.ifi-id.com\/wp-content\/uploads\/2022\/12\/IFI_New_Logo.jpg\",\"contentUrl\":\"https:\/\/www.ifi-id.com\/wp-content\/uploads\/2022\/12\/IFI_New_Logo.jpg\",\"width\":666,\"height\":444,\"caption\":\"Institut fran\u00e7ais Indon\u00e9sie\"},\"image\":{\"@id\":\"https:\/\/www.ifi-id.com\/#\/schema\/logo\/image\/\"}}]}<\/script>\n<!-- \/ Yoast SEO plugin. -->","yoast_head_json":{"title":"Sustenea - Institut fran\u00e7ais Indon\u00e9sie","description":"Sustenea est une jeune entreprise indon\u00e9sienne sp\u00e9cialis\u00e9e dans les domaines des \u00e9nergies propres, des enjeux environnementaux et du d\u00e9veloppement durable. Sous le nom d'OceanKita, Sustenea lutte contre la pollution plastique et plus particuli\u00e8rement contre les d\u00e9chets marins.","robots":{"index":"index","follow":"follow","max-snippet":"max-snippet:-1","max-image-preview":"max-image-preview:large","max-video-preview":"max-video-preview:-1"},"canonical":"https:\/\/www.ifi-id.com\/sustenea\/","og_locale":"fr_FR","og_type":"article","og_title":"Sustenea - Institut fran\u00e7ais Indon\u00e9sie","og_description":"Sustenea est une jeune entreprise indon\u00e9sienne sp\u00e9cialis\u00e9e dans les domaines des \u00e9nergies propres, des enjeux environnementaux et du d\u00e9veloppement durable. Sous le nom d'OceanKita, Sustenea lutte contre la pollution plastique et plus particuli\u00e8rement contre les d\u00e9chets marins.","og_url":"https:\/\/www.ifi-id.com\/sustenea\/","og_site_name":"Institut fran\u00e7ais Indon\u00e9sie","article_modified_time":"2024-10-03T03:29:21+00:00","og_image":[{"url":"https:\/\/www.ifi-id.com\/wp-content\/uploads\/2024\/10\/OC-300x250.png"}],"twitter_card":"summary_large_image","twitter_description":"Sustenea est une jeune entreprise indon\u00e9sienne sp\u00e9cialis\u00e9e dans les domaines des \u00e9nergies propres, des enjeux environnementaux et du d\u00e9veloppement durable. Sous le nom d'OceanKita, Sustenea lutte contre la pollution plastique et plus particuli\u00e8rement contre les d\u00e9chets marins.","twitter_misc":{"Dur\u00e9e de lecture estim\u00e9e":"5 minutes"},"schema":{"@context":"https:\/\/schema.org","@graph":[{"@type":"WebPage","@id":"https:\/\/www.ifi-id.com\/sustenea\/","url":"https:\/\/www.ifi-id.com\/sustenea\/","name":"Sustenea - Institut fran\u00e7ais Indon\u00e9sie","isPartOf":{"@id":"https:\/\/www.ifi-id.com\/#website"},"primaryImageOfPage":{"@id":"https:\/\/www.ifi-id.com\/sustenea\/#primaryimage"},"image":{"@id":"https:\/\/www.ifi-id.com\/sustenea\/#primaryimage"},"thumbnailUrl":"https:\/\/www.ifi-id.com\/wp-content\/uploads\/2024\/10\/OC-300x250.png","datePublished":"2021-10-15T04:40:47+00:00","dateModified":"2024-10-03T03:29:21+00:00","description":"Sustenea est une jeune entreprise indon\u00e9sienne sp\u00e9cialis\u00e9e dans les domaines des \u00e9nergies propres, des enjeux environnementaux et du d\u00e9veloppement durable. Sous le nom d'OceanKita, Sustenea lutte contre la pollution plastique et plus particuli\u00e8rement contre les d\u00e9chets marins.","breadcrumb":{"@id":"https:\/\/www.ifi-id.com\/sustenea\/#breadcrumb"},"inLanguage":"fr-FR","potentialAction":[{"@type":"ReadAction","target":["https:\/\/www.ifi-id.com\/sustenea\/"]}]},{"@type":"ImageObject","inLanguage":"fr-FR","@id":"https:\/\/www.ifi-id.com\/sustenea\/#primaryimage","url":"https:\/\/www.ifi-id.com\/wp-content\/uploads\/2024\/10\/OC-300x250.png","contentUrl":"https:\/\/www.ifi-id.com\/wp-content\/uploads\/2024\/10\/OC-300x250.png"},{"@type":"BreadcrumbList","@id":"https:\/\/www.ifi-id.com\/sustenea\/#breadcrumb","itemListElement":[{"@type":"ListItem","position":1,"name":"Home","item":"https:\/\/www.ifi-id.com\/"},{"@type":"ListItem","position":2,"name":"Sustenea"}]},{"@type":"WebSite","@id":"https:\/\/www.ifi-id.com\/#website","url":"https:\/\/www.ifi-id.com\/","name":"Institut fran\u00e7ais Indon\u00e9sie","description":"","publisher":{"@id":"https:\/\/www.ifi-id.com\/#organization"},"potentialAction":[{"@type":"SearchAction","target":{"@type":"EntryPoint","urlTemplate":"https:\/\/www.ifi-id.com\/?s={search_term_string}"},"query-input":{"@type":"PropertyValueSpecification","valueRequired":true,"valueName":"search_term_string"}}],"inLanguage":"fr-FR"},{"@type":"Organization","@id":"https:\/\/www.ifi-id.com\/#organization","name":"Institut fran\u00e7ais Indon\u00e9sie","url":"https:\/\/www.ifi-id.com\/","logo":{"@type":"ImageObject","inLanguage":"fr-FR","@id":"https:\/\/www.ifi-id.com\/#\/schema\/logo\/image\/","url":"https:\/\/www.ifi-id.com\/wp-content\/uploads\/2022\/12\/IFI_New_Logo.jpg","contentUrl":"https:\/\/www.ifi-id.com\/wp-content\/uploads\/2022\/12\/IFI_New_Logo.jpg","width":666,"height":444,"caption":"Institut fran\u00e7ais Indon\u00e9sie"},"image":{"@id":"https:\/\/www.ifi-id.com\/#\/schema\/logo\/image\/"}}]}},"post_mailing_queue_ids":[],"_links":{"self":[{"href":"https:\/\/www.ifi-id.com\/fr\/wp-json\/wp\/v2\/pages\/16125"}],"collection":[{"href":"https:\/\/www.ifi-id.com\/fr\/wp-json\/wp\/v2\/pages"}],"about":[{"href":"https:\/\/www.ifi-id.com\/fr\/wp-json\/wp\/v2\/types\/page"}],"author":[{"embeddable":true,"href":"https:\/\/www.ifi-id.com\/fr\/wp-json\/wp\/v2\/users\/8"}],"replies":[{"embeddable":true,"href":"https:\/\/www.ifi-id.com\/fr\/wp-json\/wp\/v2\/comments?post=16125"}],"version-history":[{"count":22,"href":"https:\/\/www.ifi-id.com\/fr\/wp-json\/wp\/v2\/pages\/16125\/revisions"}],"predecessor-version":[{"id":47991,"href":"https:\/\/www.ifi-id.com\/fr\/wp-json\/wp\/v2\/pages\/16125\/revisions\/47991"}],"wp:attachment":[{"href":"https:\/\/www.ifi-id.com\/fr\/wp-json\/wp\/v2\/media?parent=16125"}],"curies":[{"name":"wp","href":"https:\/\/api.w.org\/{rel}","templated":true}]}}