{"id":12608,"date":"2021-04-30T11:15:55","date_gmt":"2021-04-30T04:15:55","guid":{"rendered":"https:\/\/www.ifi-id.com\/apero-coffee-co"},"modified":"2026-04-07T17:16:12","modified_gmt":"2026-04-07T10:16:12","slug":"bandung-apero-coffee-co","status":"publish","type":"page","link":"https:\/\/www.ifi-id.com\/fr\/bandung-apero-coffee-co\/","title":{"rendered":"Ap\u00e9ro Coffee &amp; Co"},"content":{"rendered":"\t\t<div data-elementor-type=\"wp-page\" data-elementor-id=\"12608\" class=\"elementor elementor-12608 elementor-12602\" data-elementor-post-type=\"page\">\n\t\t\t\t\t\t<section class=\"elementor-section elementor-top-section elementor-element elementor-element-1d23d801 elementor-section-boxed elementor-section-height-default elementor-section-height-default\" data-id=\"1d23d801\" data-element_type=\"section\">\n\t\t\t\t\t\t<div class=\"elementor-container elementor-column-gap-default\">\n\t\t\t\t\t<div class=\"elementor-column elementor-col-100 elementor-top-column elementor-element elementor-element-7a42e58b\" data-id=\"7a42e58b\" data-element_type=\"column\">\n\t\t\t<div class=\"elementor-widget-wrap elementor-element-populated\">\n\t\t\t\t\t\t<div class=\"elementor-element elementor-element-300e92ba elementor-widget elementor-widget-heading\" data-id=\"300e92ba\" data-element_type=\"widget\" data-widget_type=\"heading.default\">\n\t\t\t\t<div class=\"elementor-widget-container\">\n\t\t\t<h2 class=\"elementor-heading-title elementor-size-default\">Caf\u00e9taria IFI Bandung<\/h2>\t\t<\/div>\n\t\t\t\t<\/div>\n\t\t\t\t\t<\/div>\n\t\t<\/div>\n\t\t\t\t\t<\/div>\n\t\t<\/section>\n\t\t\t\t<section class=\"elementor-section elementor-top-section elementor-element elementor-element-9428cf8 elementor-section-boxed elementor-section-height-default elementor-section-height-default\" data-id=\"9428cf8\" data-element_type=\"section\">\n\t\t\t\t\t\t<div class=\"elementor-container elementor-column-gap-default\">\n\t\t\t\t\t<div class=\"elementor-column elementor-col-100 elementor-top-column elementor-element elementor-element-3c3dd99\" data-id=\"3c3dd99\" data-element_type=\"column\">\n\t\t\t<div class=\"elementor-widget-wrap elementor-element-populated\">\n\t\t\t\t\t\t<div class=\"elementor-element elementor-element-51edd1f elementor-arrows-position-inside elementor-pagination-position-outside elementor-widget elementor-widget-image-carousel\" data-id=\"51edd1f\" data-element_type=\"widget\" data-settings=\"{&quot;slides_to_show&quot;:&quot;1&quot;,&quot;navigation&quot;:&quot;both&quot;,&quot;autoplay&quot;:&quot;yes&quot;,&quot;pause_on_hover&quot;:&quot;yes&quot;,&quot;pause_on_interaction&quot;:&quot;yes&quot;,&quot;autoplay_speed&quot;:5000,&quot;infinite&quot;:&quot;yes&quot;,&quot;effect&quot;:&quot;slide&quot;,&quot;speed&quot;:500}\" data-widget_type=\"image-carousel.default\">\n\t\t\t\t<div class=\"elementor-widget-container\">\n\t\t\t\t\t<div class=\"elementor-image-carousel-wrapper swiper\" dir=\"ltr\">\n\t\t\t<div class=\"elementor-image-carousel swiper-wrapper\" aria-live=\"off\">\n\t\t\t\t\t\t\t\t<div class=\"swiper-slide\" role=\"group\" aria-roledescription=\"slide\" aria-label=\"1 sur 4\"><figure class=\"swiper-slide-inner\"><img decoding=\"async\" class=\"swiper-slide-image\" src=\"https:\/\/www.ifi-id.com\/wp-content\/uploads\/2021\/04\/Apero_0001_apero-50.jpg\" alt=\"Apero_0001_apero-50\" \/><\/figure><\/div><div class=\"swiper-slide\" role=\"group\" aria-roledescription=\"slide\" aria-label=\"2 sur 4\"><figure class=\"swiper-slide-inner\"><img decoding=\"async\" class=\"swiper-slide-image\" src=\"https:\/\/www.ifi-id.com\/wp-content\/uploads\/2021\/04\/Apero_0002_DSC07359.jpg\" alt=\"Apero_0002_DSC07359\" \/><\/figure><\/div><div class=\"swiper-slide\" role=\"group\" aria-roledescription=\"slide\" aria-label=\"3 sur 4\"><figure class=\"swiper-slide-inner\"><img decoding=\"async\" class=\"swiper-slide-image\" src=\"https:\/\/www.ifi-id.com\/wp-content\/uploads\/2021\/04\/Apero_0003_DSC07367.jpg\" alt=\"Apero_0003_DSC07367\" \/><\/figure><\/div><div class=\"swiper-slide\" role=\"group\" aria-roledescription=\"slide\" aria-label=\"4 sur 4\"><figure class=\"swiper-slide-inner\"><img decoding=\"async\" class=\"swiper-slide-image\" src=\"https:\/\/www.ifi-id.com\/wp-content\/uploads\/2021\/04\/Apero_0004_DSC07376.jpg\" alt=\"Apero_0004_DSC07376\" \/><\/figure><\/div>\t\t\t<\/div>\n\t\t\t\t\t\t\t\t\t\t\t\t<div class=\"elementor-swiper-button elementor-swiper-button-prev\" role=\"button\" tabindex=\"0\">\n\t\t\t\t\t\t<i aria-hidden=\"true\" class=\"eicon-chevron-left\"><\/i>\t\t\t\t\t<\/div>\n\t\t\t\t\t<div class=\"elementor-swiper-button elementor-swiper-button-next\" role=\"button\" tabindex=\"0\">\n\t\t\t\t\t\t<i aria-hidden=\"true\" class=\"eicon-chevron-right\"><\/i>\t\t\t\t\t<\/div>\n\t\t\t\t\n\t\t\t\t\t\t\t\t\t<div class=\"swiper-pagination\"><\/div>\n\t\t\t\t\t\t\t\t\t<\/div>\n\t\t\t\t<\/div>\n\t\t\t\t<\/div>\n\t\t\t\t\t<\/div>\n\t\t<\/div>\n\t\t\t\t\t<\/div>\n\t\t<\/section>\n\t\t\t\t<section class=\"elementor-section elementor-top-section elementor-element elementor-element-be6b1dd elementor-section-boxed elementor-section-height-default elementor-section-height-default\" data-id=\"be6b1dd\" data-element_type=\"section\">\n\t\t\t\t\t\t<div class=\"elementor-container elementor-column-gap-default\">\n\t\t\t\t\t<div class=\"elementor-column elementor-col-100 elementor-top-column elementor-element elementor-element-40ecf9f\" data-id=\"40ecf9f\" data-element_type=\"column\">\n\t\t\t<div class=\"elementor-widget-wrap elementor-element-populated\">\n\t\t\t\t\t\t<div class=\"elementor-element elementor-element-b237ee9 elementor-widget elementor-widget-text-editor\" data-id=\"b237ee9\" data-element_type=\"widget\" data-widget_type=\"text-editor.default\">\n\t\t\t\t<div class=\"elementor-widget-container\">\n\t\t\t\t\t\t\t<p style=\"background: white;margin: 0cm 0cm 18.0pt 0cm\"><span style=\"font-family: 'Marianne',serif;color: #5d5d5d\">Un caf\u00e9\/bistro qui nous rappelle l\u2019atmosph\u00e8re chaleureuse du sud de la France avec des cuisines \u00e0 la fran\u00e7aise.<\/span><\/p><p style=\"background: white;text-align: start;margin: 0cm 0cm 18.0pt 0cm\"><span style=\"font-family: 'Marianne',serif;color: #5d5d5d\">Le cafetaria de l\u2019IFI Bandung est un cafe\/bistro ouvert au public, avec diverses promotions et avantages pour ceux qui a une carte de membre IFI Bandung. Les vari\u00e9t\u00e9s de prix tr\u00e8s favorables font un bon address si vous souhaitez d\u00e9guster une cuisine fran\u00e7aise authentique dans la ville de Bandung.<\/span><\/p><p style=\"background: white;text-align: start;margin: 0cm 0cm 18.0pt 0cm\"><span style=\"font-family: 'Marianne',serif;color: #5d5d5d\">Retrouvez une vari\u00e9t\u00e9 de sp\u00e9cialit\u00e9s fran\u00e7aises telles que des cr\u00eapes, des croissants, des p\u00e2tes, des fromages fran\u00e7ais tentantes et autres surprises au Plat Du Jour qui change tous les jours.<\/span><\/p><p style=\"background: white;margin: 0cm 0cm 18.0pt 0cm\"><em><strong><span style=\"font-family: 'Marianne',serif;color: #5d5d5d\">*Le caf\u00e9 de l\u2019IFI \u00e0 Bandung est actuellement ferm\u00e9 et se pr\u00e9pare pour sa r\u00e9ouverture prochaine.<\/span><\/strong><\/em><\/p>\t\t\t\t\t\t<\/div>\n\t\t\t\t<\/div>\n\t\t\t\t\t<\/div>\n\t\t<\/div>\n\t\t\t\t\t<\/div>\n\t\t<\/section>\n\t\t\t\t<\/div>\n\t\t","protected":false},"excerpt":{"rendered":"<p>Caf\u00e9taria IFI Bandung Un caf\u00e9\/bistro qui nous rappelle l\u2019atmosph\u00e8re chaleureuse du sud de la France avec des cuisines \u00e0 la fran\u00e7aise. Le cafetaria de l\u2019IFI Bandung est un cafe\/bistro ouvert au public, avec diverses promotions et avantages pour ceux qui a une carte de membre IFI Bandung. Les vari\u00e9t\u00e9s de prix tr\u00e8s favorables font un &hellip; <\/p>\n<p class=\"link-more\"><a href=\"https:\/\/www.ifi-id.com\/fr\/bandung-apero-coffee-co\/\" class=\"more-link\">Continuer la lecture<span class=\"screen-reader-text\"> de &laquo;&nbsp;Ap\u00e9ro Coffee &amp; Co&nbsp;&raquo;<\/span><\/a><\/p>\n","protected":false},"author":3,"featured_media":0,"parent":0,"menu_order":0,"comment_status":"closed","ping_status":"closed","template":"elementor_header_footer","meta":{"footnotes":""},"class_list":["post-12608","page","type-page","status-publish","hentry"],"yoast_head":"<!-- This site is optimized with the Yoast SEO plugin v23.5 - https:\/\/yoast.com\/wordpress\/plugins\/seo\/ -->\n<title>Ap\u00e9ro Coffee &amp; Co - Institut fran\u00e7ais Indon\u00e9sie<\/title>\n<meta name=\"description\" content=\"Un caf\u00e9\/bistro qui nous rappelle l&#039;atmosph\u00e8re chaleureuse du sud de la France avec des cuisines sp\u00e9ciaux du chef Simon Baudoin, bien connu pour le caract\u00e8re unique et la d\u00e9licatesse de sa cuisine.\" \/>\n<meta name=\"robots\" content=\"index, follow, max-snippet:-1, max-image-preview:large, max-video-preview:-1\" \/>\n<link rel=\"canonical\" href=\"https:\/\/www.ifi-id.com\/bandung-apero-coffee-co\/\" \/>\n<meta property=\"og:locale\" content=\"fr_FR\" \/>\n<meta property=\"og:type\" content=\"article\" \/>\n<meta property=\"og:title\" content=\"Ap\u00e9ro Coffee &amp; Co - Institut fran\u00e7ais Indon\u00e9sie\" \/>\n<meta property=\"og:description\" content=\"Un caf\u00e9\/bistro qui nous rappelle l&#039;atmosph\u00e8re chaleureuse du sud de la France avec des cuisines sp\u00e9ciaux du chef Simon Baudoin, bien connu pour le caract\u00e8re unique et la d\u00e9licatesse de sa cuisine.\" \/>\n<meta property=\"og:url\" content=\"https:\/\/www.ifi-id.com\/bandung-apero-coffee-co\/\" \/>\n<meta property=\"og:site_name\" content=\"Institut fran\u00e7ais Indon\u00e9sie\" \/>\n<meta property=\"article:modified_time\" content=\"2026-04-07T10:16:12+00:00\" \/>\n<meta property=\"og:image\" content=\"https:\/\/www.ifi-id.com\/wp-content\/uploads\/2021\/04\/Apero_0001_apero-50.jpg\" \/>\n<meta name=\"twitter:card\" content=\"summary_large_image\" \/>\n<meta name=\"twitter:label1\" content=\"Dur\u00e9e de lecture estim\u00e9e\" \/>\n\t<meta name=\"twitter:data1\" content=\"2 minutes\" \/>\n<script type=\"application\/ld+json\" class=\"yoast-schema-graph\">{\"@context\":\"https:\/\/schema.org\",\"@graph\":[{\"@type\":\"WebPage\",\"@id\":\"https:\/\/www.ifi-id.com\/bandung-apero-coffee-co\/\",\"url\":\"https:\/\/www.ifi-id.com\/bandung-apero-coffee-co\/\",\"name\":\"Ap\u00e9ro Coffee &amp; Co - Institut fran\u00e7ais Indon\u00e9sie\",\"isPartOf\":{\"@id\":\"https:\/\/www.ifi-id.com\/#website\"},\"primaryImageOfPage\":{\"@id\":\"https:\/\/www.ifi-id.com\/bandung-apero-coffee-co\/#primaryimage\"},\"image\":{\"@id\":\"https:\/\/www.ifi-id.com\/bandung-apero-coffee-co\/#primaryimage\"},\"thumbnailUrl\":\"https:\/\/www.ifi-id.com\/wp-content\/uploads\/2021\/04\/Apero_0001_apero-50.jpg\",\"datePublished\":\"2021-04-30T04:15:55+00:00\",\"dateModified\":\"2026-04-07T10:16:12+00:00\",\"description\":\"Un caf\u00e9\/bistro qui nous rappelle l'atmosph\u00e8re chaleureuse du sud de la France avec des cuisines sp\u00e9ciaux du chef Simon Baudoin, bien connu pour le caract\u00e8re unique et la d\u00e9licatesse de sa cuisine.\",\"breadcrumb\":{\"@id\":\"https:\/\/www.ifi-id.com\/bandung-apero-coffee-co\/#breadcrumb\"},\"inLanguage\":\"fr-FR\",\"potentialAction\":[{\"@type\":\"ReadAction\",\"target\":[\"https:\/\/www.ifi-id.com\/bandung-apero-coffee-co\/\"]}]},{\"@type\":\"ImageObject\",\"inLanguage\":\"fr-FR\",\"@id\":\"https:\/\/www.ifi-id.com\/bandung-apero-coffee-co\/#primaryimage\",\"url\":\"https:\/\/www.ifi-id.com\/wp-content\/uploads\/2021\/04\/Apero_0001_apero-50.jpg\",\"contentUrl\":\"https:\/\/www.ifi-id.com\/wp-content\/uploads\/2021\/04\/Apero_0001_apero-50.jpg\"},{\"@type\":\"BreadcrumbList\",\"@id\":\"https:\/\/www.ifi-id.com\/bandung-apero-coffee-co\/#breadcrumb\",\"itemListElement\":[{\"@type\":\"ListItem\",\"position\":1,\"name\":\"Home\",\"item\":\"https:\/\/www.ifi-id.com\/\"},{\"@type\":\"ListItem\",\"position\":2,\"name\":\"Ap\u00e9ro Coffee &amp; Co\"}]},{\"@type\":\"WebSite\",\"@id\":\"https:\/\/www.ifi-id.com\/#website\",\"url\":\"https:\/\/www.ifi-id.com\/\",\"name\":\"Institut fran\u00e7ais Indon\u00e9sie\",\"description\":\"\",\"publisher\":{\"@id\":\"https:\/\/www.ifi-id.com\/#organization\"},\"potentialAction\":[{\"@type\":\"SearchAction\",\"target\":{\"@type\":\"EntryPoint\",\"urlTemplate\":\"https:\/\/www.ifi-id.com\/?s={search_term_string}\"},\"query-input\":{\"@type\":\"PropertyValueSpecification\",\"valueRequired\":true,\"valueName\":\"search_term_string\"}}],\"inLanguage\":\"fr-FR\"},{\"@type\":\"Organization\",\"@id\":\"https:\/\/www.ifi-id.com\/#organization\",\"name\":\"Institut fran\u00e7ais Indon\u00e9sie\",\"url\":\"https:\/\/www.ifi-id.com\/\",\"logo\":{\"@type\":\"ImageObject\",\"inLanguage\":\"fr-FR\",\"@id\":\"https:\/\/www.ifi-id.com\/#\/schema\/logo\/image\/\",\"url\":\"https:\/\/www.ifi-id.com\/wp-content\/uploads\/2022\/12\/IFI_New_Logo.jpg\",\"contentUrl\":\"https:\/\/www.ifi-id.com\/wp-content\/uploads\/2022\/12\/IFI_New_Logo.jpg\",\"width\":666,\"height\":444,\"caption\":\"Institut fran\u00e7ais Indon\u00e9sie\"},\"image\":{\"@id\":\"https:\/\/www.ifi-id.com\/#\/schema\/logo\/image\/\"}}]}<\/script>\n<!-- \/ Yoast SEO plugin. -->","yoast_head_json":{"title":"Ap\u00e9ro Coffee &amp; Co - Institut fran\u00e7ais Indon\u00e9sie","description":"Un caf\u00e9\/bistro qui nous rappelle l'atmosph\u00e8re chaleureuse du sud de la France avec des cuisines sp\u00e9ciaux du chef Simon Baudoin, bien connu pour le caract\u00e8re unique et la d\u00e9licatesse de sa cuisine.","robots":{"index":"index","follow":"follow","max-snippet":"max-snippet:-1","max-image-preview":"max-image-preview:large","max-video-preview":"max-video-preview:-1"},"canonical":"https:\/\/www.ifi-id.com\/bandung-apero-coffee-co\/","og_locale":"fr_FR","og_type":"article","og_title":"Ap\u00e9ro Coffee &amp; Co - Institut fran\u00e7ais Indon\u00e9sie","og_description":"Un caf\u00e9\/bistro qui nous rappelle l'atmosph\u00e8re chaleureuse du sud de la France avec des cuisines sp\u00e9ciaux du chef Simon Baudoin, bien connu pour le caract\u00e8re unique et la d\u00e9licatesse de sa cuisine.","og_url":"https:\/\/www.ifi-id.com\/bandung-apero-coffee-co\/","og_site_name":"Institut fran\u00e7ais Indon\u00e9sie","article_modified_time":"2026-04-07T10:16:12+00:00","og_image":[{"url":"https:\/\/www.ifi-id.com\/wp-content\/uploads\/2021\/04\/Apero_0001_apero-50.jpg"}],"twitter_card":"summary_large_image","twitter_misc":{"Dur\u00e9e de lecture estim\u00e9e":"2 minutes"},"schema":{"@context":"https:\/\/schema.org","@graph":[{"@type":"WebPage","@id":"https:\/\/www.ifi-id.com\/bandung-apero-coffee-co\/","url":"https:\/\/www.ifi-id.com\/bandung-apero-coffee-co\/","name":"Ap\u00e9ro Coffee &amp; Co - Institut fran\u00e7ais Indon\u00e9sie","isPartOf":{"@id":"https:\/\/www.ifi-id.com\/#website"},"primaryImageOfPage":{"@id":"https:\/\/www.ifi-id.com\/bandung-apero-coffee-co\/#primaryimage"},"image":{"@id":"https:\/\/www.ifi-id.com\/bandung-apero-coffee-co\/#primaryimage"},"thumbnailUrl":"https:\/\/www.ifi-id.com\/wp-content\/uploads\/2021\/04\/Apero_0001_apero-50.jpg","datePublished":"2021-04-30T04:15:55+00:00","dateModified":"2026-04-07T10:16:12+00:00","description":"Un caf\u00e9\/bistro qui nous rappelle l'atmosph\u00e8re chaleureuse du sud de la France avec des cuisines sp\u00e9ciaux du chef Simon Baudoin, bien connu pour le caract\u00e8re unique et la d\u00e9licatesse de sa cuisine.","breadcrumb":{"@id":"https:\/\/www.ifi-id.com\/bandung-apero-coffee-co\/#breadcrumb"},"inLanguage":"fr-FR","potentialAction":[{"@type":"ReadAction","target":["https:\/\/www.ifi-id.com\/bandung-apero-coffee-co\/"]}]},{"@type":"ImageObject","inLanguage":"fr-FR","@id":"https:\/\/www.ifi-id.com\/bandung-apero-coffee-co\/#primaryimage","url":"https:\/\/www.ifi-id.com\/wp-content\/uploads\/2021\/04\/Apero_0001_apero-50.jpg","contentUrl":"https:\/\/www.ifi-id.com\/wp-content\/uploads\/2021\/04\/Apero_0001_apero-50.jpg"},{"@type":"BreadcrumbList","@id":"https:\/\/www.ifi-id.com\/bandung-apero-coffee-co\/#breadcrumb","itemListElement":[{"@type":"ListItem","position":1,"name":"Home","item":"https:\/\/www.ifi-id.com\/"},{"@type":"ListItem","position":2,"name":"Ap\u00e9ro Coffee &amp; Co"}]},{"@type":"WebSite","@id":"https:\/\/www.ifi-id.com\/#website","url":"https:\/\/www.ifi-id.com\/","name":"Institut fran\u00e7ais Indon\u00e9sie","description":"","publisher":{"@id":"https:\/\/www.ifi-id.com\/#organization"},"potentialAction":[{"@type":"SearchAction","target":{"@type":"EntryPoint","urlTemplate":"https:\/\/www.ifi-id.com\/?s={search_term_string}"},"query-input":{"@type":"PropertyValueSpecification","valueRequired":true,"valueName":"search_term_string"}}],"inLanguage":"fr-FR"},{"@type":"Organization","@id":"https:\/\/www.ifi-id.com\/#organization","name":"Institut fran\u00e7ais Indon\u00e9sie","url":"https:\/\/www.ifi-id.com\/","logo":{"@type":"ImageObject","inLanguage":"fr-FR","@id":"https:\/\/www.ifi-id.com\/#\/schema\/logo\/image\/","url":"https:\/\/www.ifi-id.com\/wp-content\/uploads\/2022\/12\/IFI_New_Logo.jpg","contentUrl":"https:\/\/www.ifi-id.com\/wp-content\/uploads\/2022\/12\/IFI_New_Logo.jpg","width":666,"height":444,"caption":"Institut fran\u00e7ais Indon\u00e9sie"},"image":{"@id":"https:\/\/www.ifi-id.com\/#\/schema\/logo\/image\/"}}]}},"post_mailing_queue_ids":[],"_links":{"self":[{"href":"https:\/\/www.ifi-id.com\/fr\/wp-json\/wp\/v2\/pages\/12608"}],"collection":[{"href":"https:\/\/www.ifi-id.com\/fr\/wp-json\/wp\/v2\/pages"}],"about":[{"href":"https:\/\/www.ifi-id.com\/fr\/wp-json\/wp\/v2\/types\/page"}],"author":[{"embeddable":true,"href":"https:\/\/www.ifi-id.com\/fr\/wp-json\/wp\/v2\/users\/3"}],"replies":[{"embeddable":true,"href":"https:\/\/www.ifi-id.com\/fr\/wp-json\/wp\/v2\/comments?post=12608"}],"version-history":[{"count":7,"href":"https:\/\/www.ifi-id.com\/fr\/wp-json\/wp\/v2\/pages\/12608\/revisions"}],"predecessor-version":[{"id":61253,"href":"https:\/\/www.ifi-id.com\/fr\/wp-json\/wp\/v2\/pages\/12608\/revisions\/61253"}],"wp:attachment":[{"href":"https:\/\/www.ifi-id.com\/fr\/wp-json\/wp\/v2\/media?parent=12608"}],"curies":[{"name":"wp","href":"https:\/\/api.w.org\/{rel}","templated":true}]}}