{"id":12599,"date":"2021-04-30T11:04:16","date_gmt":"2021-04-30T04:04:16","guid":{"rendered":"https:\/\/www.ifi-id.com\/?page_id=12599"},"modified":"2026-04-07T13:26:00","modified_gmt":"2026-04-07T06:26:00","slug":"bandung-auditorium","status":"publish","type":"page","link":"https:\/\/www.ifi-id.com\/fr\/bandung-auditorium\/","title":{"rendered":"Bandung &#8211; Auditorium"},"content":{"rendered":"\t\t<div data-elementor-type=\"wp-page\" data-elementor-id=\"12599\" class=\"elementor elementor-12599 elementor-12554\" data-elementor-post-type=\"page\">\n\t\t\t\t\t\t<section class=\"elementor-section elementor-top-section elementor-element elementor-element-67bb680a elementor-section-boxed elementor-section-height-default elementor-section-height-default\" data-id=\"67bb680a\" data-element_type=\"section\">\n\t\t\t\t\t\t<div class=\"elementor-container elementor-column-gap-default\">\n\t\t\t\t\t<div class=\"elementor-column elementor-col-100 elementor-top-column elementor-element elementor-element-2c29c4cc\" data-id=\"2c29c4cc\" data-element_type=\"column\">\n\t\t\t<div class=\"elementor-widget-wrap elementor-element-populated\">\n\t\t\t\t\t\t<div class=\"elementor-element elementor-element-21ab3fde elementor-widget elementor-widget-heading\" data-id=\"21ab3fde\" data-element_type=\"widget\" data-widget_type=\"heading.default\">\n\t\t\t\t<div class=\"elementor-widget-container\">\n\t\t\t<h2 class=\"elementor-heading-title elementor-size-default\">Bandung - Auditorium<\/h2>\t\t<\/div>\n\t\t\t\t<\/div>\n\t\t\t\t\t<\/div>\n\t\t<\/div>\n\t\t\t\t\t<\/div>\n\t\t<\/section>\n\t\t\t\t<section class=\"elementor-section elementor-top-section elementor-element elementor-element-5054e38 elementor-section-boxed elementor-section-height-default elementor-section-height-default\" data-id=\"5054e38\" data-element_type=\"section\">\n\t\t\t\t\t\t<div class=\"elementor-container elementor-column-gap-default\">\n\t\t\t\t\t<div class=\"elementor-column elementor-col-100 elementor-top-column elementor-element elementor-element-cdde1b6\" data-id=\"cdde1b6\" data-element_type=\"column\">\n\t\t\t<div class=\"elementor-widget-wrap elementor-element-populated\">\n\t\t\t\t\t\t<div class=\"elementor-element elementor-element-9e93f40 elementor-arrows-position-inside elementor-pagination-position-outside elementor-widget elementor-widget-image-carousel\" data-id=\"9e93f40\" data-element_type=\"widget\" data-settings=\"{&quot;slides_to_show&quot;:&quot;1&quot;,&quot;navigation&quot;:&quot;both&quot;,&quot;autoplay&quot;:&quot;yes&quot;,&quot;pause_on_hover&quot;:&quot;yes&quot;,&quot;pause_on_interaction&quot;:&quot;yes&quot;,&quot;autoplay_speed&quot;:5000,&quot;infinite&quot;:&quot;yes&quot;,&quot;effect&quot;:&quot;slide&quot;,&quot;speed&quot;:500}\" data-widget_type=\"image-carousel.default\">\n\t\t\t\t<div class=\"elementor-widget-container\">\n\t\t\t\t\t<div class=\"elementor-image-carousel-wrapper swiper\" dir=\"ltr\">\n\t\t\t<div class=\"elementor-image-carousel swiper-wrapper\" aria-live=\"off\">\n\t\t\t\t\t\t\t\t<div class=\"swiper-slide\" role=\"group\" aria-roledescription=\"slide\" aria-label=\"1 sur 5\"><figure class=\"swiper-slide-inner\"><img decoding=\"async\" class=\"swiper-slide-image\" src=\"https:\/\/www.ifi-id.com\/wp-content\/uploads\/2021\/04\/C-@visualbanal-Liga-Musik-Nasional3.jpeg\" alt=\"\u00a9 @visualbanal (Liga Musik Nasional)\" \/><figcaption class=\"elementor-image-carousel-caption\">\u00a9 @visualbanal (Liga Musik Nasional)<\/figcaption><\/figure><\/div><div class=\"swiper-slide\" role=\"group\" aria-roledescription=\"slide\" aria-label=\"2 sur 5\"><figure class=\"swiper-slide-inner\"><img decoding=\"async\" class=\"swiper-slide-image\" src=\"https:\/\/www.ifi-id.com\/wp-content\/uploads\/2021\/04\/C-Gladinasaska-Liga-Musik-Nasional-2.jpeg\" alt=\"\u00a9 Gladinasaska (Liga Musik Nasional)\" \/><figcaption class=\"elementor-image-carousel-caption\">\u00a9 Gladinasaska (Liga Musik Nasional)<\/figcaption><\/figure><\/div><div class=\"swiper-slide\" role=\"group\" aria-roledescription=\"slide\" aria-label=\"3 sur 5\"><figure class=\"swiper-slide-inner\"><img decoding=\"async\" class=\"swiper-slide-image\" src=\"https:\/\/www.ifi-id.com\/wp-content\/uploads\/2021\/04\/CJovy-Aidil-Akbar.jpg\" alt=\"\u00a9 Jovy Aidil Akbar\" \/><figcaption class=\"elementor-image-carousel-caption\">\u00a9 Jovy Aidil Akbar<\/figcaption><\/figure><\/div><div class=\"swiper-slide\" role=\"group\" aria-roledescription=\"slide\" aria-label=\"4 sur 5\"><figure class=\"swiper-slide-inner\"><img decoding=\"async\" class=\"swiper-slide-image\" src=\"https:\/\/www.ifi-id.com\/wp-content\/uploads\/2021\/04\/C-Gladinasaska-Liga-Musik-Nasional.jpeg\" alt=\"\u00a9 Gladinasaska (Liga Musik Nasional)\" \/><figcaption class=\"elementor-image-carousel-caption\">\u00a9 Gladinasaska (Liga Musik Nasional)<\/figcaption><\/figure><\/div><div class=\"swiper-slide\" role=\"group\" aria-roledescription=\"slide\" aria-label=\"5 sur 5\"><figure class=\"swiper-slide-inner\"><img decoding=\"async\" class=\"swiper-slide-image\" src=\"https:\/\/www.ifi-id.com\/wp-content\/uploads\/2021\/04\/C-@visualbanal-Liga-Musik-Nasional-2.jpeg\" alt=\"\u00a9 @visualbanal (Liga Musik Nasional) 2\" \/><figcaption class=\"elementor-image-carousel-caption\">\u00a9 @visualbanal (Liga Musik Nasional) 2<\/figcaption><\/figure><\/div>\t\t\t<\/div>\n\t\t\t\t\t\t\t\t\t\t\t\t<div class=\"elementor-swiper-button elementor-swiper-button-prev\" role=\"button\" tabindex=\"0\">\n\t\t\t\t\t\t<i aria-hidden=\"true\" class=\"eicon-chevron-left\"><\/i>\t\t\t\t\t<\/div>\n\t\t\t\t\t<div class=\"elementor-swiper-button elementor-swiper-button-next\" role=\"button\" tabindex=\"0\">\n\t\t\t\t\t\t<i aria-hidden=\"true\" class=\"eicon-chevron-right\"><\/i>\t\t\t\t\t<\/div>\n\t\t\t\t\n\t\t\t\t\t\t\t\t\t<div class=\"swiper-pagination\"><\/div>\n\t\t\t\t\t\t\t\t\t<\/div>\n\t\t\t\t<\/div>\n\t\t\t\t<\/div>\n\t\t\t\t\t<\/div>\n\t\t<\/div>\n\t\t\t\t\t<\/div>\n\t\t<\/section>\n\t\t\t\t<section class=\"elementor-section elementor-top-section elementor-element elementor-element-6a14429 elementor-section-boxed elementor-section-height-default elementor-section-height-default\" data-id=\"6a14429\" data-element_type=\"section\">\n\t\t\t\t\t\t<div class=\"elementor-container elementor-column-gap-default\">\n\t\t\t\t\t<div class=\"elementor-column elementor-col-100 elementor-top-column elementor-element elementor-element-0de760b\" data-id=\"0de760b\" data-element_type=\"column\">\n\t\t\t<div class=\"elementor-widget-wrap elementor-element-populated\">\n\t\t\t\t\t\t<div class=\"elementor-element elementor-element-08a4d0d elementor-widget elementor-widget-text-editor\" data-id=\"08a4d0d\" data-element_type=\"widget\" data-widget_type=\"text-editor.default\">\n\t\t\t\t<div class=\"elementor-widget-container\">\n\t\t\t\t\t\t\t<p>Depuis sa cr\u00e9ation il y a 50 ans, l\u2019Institut fran\u00e7ais Indon\u00e9sie, de son ancien nom Centre Culturel Fran\u00e7ais, est devenu au fil des ann\u00e9es un axe important dans le mouvement dynamique de l\u2019art et de la culture cr\u00e9ative en Indon\u00e9sie et notamment \u00e0 Bandung.<\/p><p>Nombreux grands noms dans les domaines des beaux-arts, de la musique, des arts du spectacle, de la culture et m\u00eame des universitaires de divers genres ont commenc\u00e9 leur carri\u00e8re dans cet auditorium situ\u00e9 au c\u0153ur de Bandung. Des noms populaires du monde de l\u2019art tels que Tisna Sanjaya, Marintan Sirait et des artistes de leur g\u00e9n\u00e9ration sont devenus des amis proches dans cet espace artistique. M\u00eame les artistes populaires d\u2019aujourd\u2019hui comme Tulus et Yura ont commenc\u00e9 leur carri\u00e8re dans cet auditorium.<\/p><p>Jusqu\u2019\u00e0 pr\u00e9sent, l\u2019auditorium de l\u2019Institut fran\u00e7ais d\u2019Indon\u00e9sie reste le choix principal des cr\u00e9atifs de Bandung, comme en t\u00e9moigne le taux d\u2019occupation \u00e9lev\u00e9 et la vari\u00e9t\u00e9 des activit\u00e9s qui peuvent \u00eatre organis\u00e9es comme des festivals de films, des concerts de tous types de musique, conf\u00e9rences, spectacles\u2026 Artistes reconnus ou en devenir et associations d\u2019\u00e9tudiants l\u2019ont bien compris\u00a0!<\/p><p>Apr\u00e8s deux r\u00e9novations majeures, l\u2019auditorium de l\u2019Institut Fran\u00e7ais d\u2019Indon\u00e9sie \u00e0 Bandung conna\u00eet un rajeunissement significatif, avec un nouveau visage et une performance pr\u00eate \u00e0 rehausser la qualit\u00e9 des activit\u00e9s culturelles de la ville de Bandung.<\/p><h3>Un nouveau <em>look<\/em>, le m\u00eame esprit<\/h3><p>Les caract\u00e9ristiques acoustiques et l\u2019arrangement sont toujours les points forts de l\u2019auditorium IFI Bandung, et les utilisateurs peuvent organiser des concerts de piano, des guitares classiques, tout comme des ch\u0153urs et des repr\u00e9sentations th\u00e9\u00e2trales sans avoir besoin d\u2019utiliser une amplification suppl\u00e9mentaire tout en donnant la priorit\u00e9 au confort sonore pour l\u2019auditoire, exigence fondamentale de l\u2019espace de performance lui-m\u00eame.<\/p><p>Avec une jauge de 200 places assises ou 350 debout, l\u2019auditorium de l\u2019IFI Bandung propose des conditions id\u00e9ales pour faire vivre la culture \u00e0 Bandung.<\/p><p>Si l\u2019auditorium accueille la programmation culturelle de l\u2019IFI, il peut \u00e9galement \u00eatre mis \u00e0 disposition sous les conditions suivantes\u00a0:<\/p><p>*fiche technique disponible \u00e0 la demande<\/p>\t\t\t\t\t\t<\/div>\n\t\t\t\t<\/div>\n\t\t\t\t\t<\/div>\n\t\t<\/div>\n\t\t\t\t\t<\/div>\n\t\t<\/section>\n\t\t\t\t<section class=\"elementor-section elementor-top-section elementor-element elementor-element-62edee2 elementor-section-boxed elementor-section-height-default elementor-section-height-default\" data-id=\"62edee2\" data-element_type=\"section\">\n\t\t\t\t\t\t<div class=\"elementor-container elementor-column-gap-default\">\n\t\t\t\t\t<div class=\"elementor-column elementor-col-100 elementor-top-column elementor-element elementor-element-8ec90f0\" data-id=\"8ec90f0\" data-element_type=\"column\">\n\t\t\t<div class=\"elementor-widget-wrap elementor-element-populated\">\n\t\t\t\t\t\t<div class=\"elementor-element elementor-element-a86b183 elementor-widget elementor-widget-pdfjs_viewer\" data-id=\"a86b183\" data-element_type=\"widget\" data-widget_type=\"pdfjs_viewer.default\">\n\t\t\t\t<div class=\"elementor-widget-container\">\n\t\t\t<iframe src=\"https:\/\/www.ifi-id.com\/wp-content\/plugins\/pdf-viewer-for-elementor\/assets\/pdfjs\/web\/viewer.html?file=https:\/\/www.ifi-id.com\/wp-content\/uploads\/2026\/04\/Price-List-Auditorium-IFI-Bandung-ENGLISH-2.pdf&amp;embedded=true\" style=\"display: block; margin-left: auto; margin-right: auto; width: 640px; height: 1020px;\" frameborder=\"1\" marginheight=\"0px\" marginwidth=\"0px\" allowfullscreen><\/iframe>\t\t<\/div>\n\t\t\t\t<\/div>\n\t\t\t\t\t<\/div>\n\t\t<\/div>\n\t\t\t\t\t<\/div>\n\t\t<\/section>\n\t\t\t\t<\/div>\n\t\t","protected":false},"excerpt":{"rendered":"<p>Bandung &#8211; Auditorium \u00a9 @visualbanal (Liga Musik Nasional) \u00a9 Gladinasaska (Liga Musik Nasional) \u00a9 Jovy Aidil Akbar \u00a9 Gladinasaska (Liga Musik Nasional) \u00a9 @visualbanal (Liga Musik Nasional) 2 Depuis sa cr\u00e9ation il y a 50 ans, l\u2019Institut fran\u00e7ais Indon\u00e9sie, de son ancien nom Centre Culturel Fran\u00e7ais, est devenu au fil des ann\u00e9es un axe important &hellip; <\/p>\n<p class=\"link-more\"><a href=\"https:\/\/www.ifi-id.com\/fr\/bandung-auditorium\/\" class=\"more-link\">Continuer la lecture<span class=\"screen-reader-text\"> de &laquo;&nbsp;Bandung &#8211; Auditorium&nbsp;&raquo;<\/span><\/a><\/p>\n","protected":false},"author":3,"featured_media":0,"parent":0,"menu_order":0,"comment_status":"closed","ping_status":"closed","template":"elementor_header_footer","meta":{"footnotes":""},"class_list":["post-12599","page","type-page","status-publish","hentry"],"yoast_head":"<!-- This site is optimized with the Yoast SEO plugin v23.5 - https:\/\/yoast.com\/wordpress\/plugins\/seo\/ -->\n<title>Bandung - Auditorium - Institut fran\u00e7ais Indon\u00e9sie<\/title>\n<meta name=\"description\" content=\"Trouvez plus d&#039;informations sur l&#039;Auditorium IFI Bandung ici.\" \/>\n<meta name=\"robots\" content=\"index, follow, max-snippet:-1, max-image-preview:large, max-video-preview:-1\" \/>\n<link rel=\"canonical\" href=\"https:\/\/www.ifi-id.com\/bandung-auditorium\/\" \/>\n<meta property=\"og:locale\" content=\"fr_FR\" \/>\n<meta property=\"og:type\" content=\"article\" \/>\n<meta property=\"og:title\" content=\"Bandung - Auditorium - Institut fran\u00e7ais Indon\u00e9sie\" \/>\n<meta property=\"og:description\" content=\"Trouvez plus d&#039;informations sur l&#039;Auditorium IFI Bandung ici.\" \/>\n<meta property=\"og:url\" content=\"https:\/\/www.ifi-id.com\/bandung-auditorium\/\" \/>\n<meta property=\"og:site_name\" content=\"Institut fran\u00e7ais Indon\u00e9sie\" \/>\n<meta property=\"article:modified_time\" content=\"2026-04-07T06:26:00+00:00\" \/>\n<meta property=\"og:image\" content=\"https:\/\/www.ifi-id.com\/wp-content\/uploads\/2021\/04\/C-@visualbanal-Liga-Musik-Nasional3.jpeg\" \/>\n<meta name=\"twitter:card\" content=\"summary_large_image\" \/>\n<meta name=\"twitter:label1\" content=\"Dur\u00e9e de lecture estim\u00e9e\" \/>\n\t<meta name=\"twitter:data1\" content=\"4 minutes\" \/>\n<script type=\"application\/ld+json\" class=\"yoast-schema-graph\">{\"@context\":\"https:\/\/schema.org\",\"@graph\":[{\"@type\":\"WebPage\",\"@id\":\"https:\/\/www.ifi-id.com\/bandung-auditorium\/\",\"url\":\"https:\/\/www.ifi-id.com\/bandung-auditorium\/\",\"name\":\"Bandung - Auditorium - Institut fran\u00e7ais Indon\u00e9sie\",\"isPartOf\":{\"@id\":\"https:\/\/www.ifi-id.com\/#website\"},\"primaryImageOfPage\":{\"@id\":\"https:\/\/www.ifi-id.com\/bandung-auditorium\/#primaryimage\"},\"image\":{\"@id\":\"https:\/\/www.ifi-id.com\/bandung-auditorium\/#primaryimage\"},\"thumbnailUrl\":\"https:\/\/www.ifi-id.com\/wp-content\/uploads\/2021\/04\/C-@visualbanal-Liga-Musik-Nasional3.jpeg\",\"datePublished\":\"2021-04-30T04:04:16+00:00\",\"dateModified\":\"2026-04-07T06:26:00+00:00\",\"description\":\"Trouvez plus d'informations sur l'Auditorium IFI Bandung ici.\",\"breadcrumb\":{\"@id\":\"https:\/\/www.ifi-id.com\/bandung-auditorium\/#breadcrumb\"},\"inLanguage\":\"fr-FR\",\"potentialAction\":[{\"@type\":\"ReadAction\",\"target\":[\"https:\/\/www.ifi-id.com\/bandung-auditorium\/\"]}]},{\"@type\":\"ImageObject\",\"inLanguage\":\"fr-FR\",\"@id\":\"https:\/\/www.ifi-id.com\/bandung-auditorium\/#primaryimage\",\"url\":\"https:\/\/www.ifi-id.com\/wp-content\/uploads\/2021\/04\/C-@visualbanal-Liga-Musik-Nasional3.jpeg\",\"contentUrl\":\"https:\/\/www.ifi-id.com\/wp-content\/uploads\/2021\/04\/C-@visualbanal-Liga-Musik-Nasional3.jpeg\"},{\"@type\":\"BreadcrumbList\",\"@id\":\"https:\/\/www.ifi-id.com\/bandung-auditorium\/#breadcrumb\",\"itemListElement\":[{\"@type\":\"ListItem\",\"position\":1,\"name\":\"Home\",\"item\":\"https:\/\/www.ifi-id.com\/\"},{\"@type\":\"ListItem\",\"position\":2,\"name\":\"Bandung &#8211; Auditorium\"}]},{\"@type\":\"WebSite\",\"@id\":\"https:\/\/www.ifi-id.com\/#website\",\"url\":\"https:\/\/www.ifi-id.com\/\",\"name\":\"Institut fran\u00e7ais Indon\u00e9sie\",\"description\":\"\",\"publisher\":{\"@id\":\"https:\/\/www.ifi-id.com\/#organization\"},\"potentialAction\":[{\"@type\":\"SearchAction\",\"target\":{\"@type\":\"EntryPoint\",\"urlTemplate\":\"https:\/\/www.ifi-id.com\/?s={search_term_string}\"},\"query-input\":{\"@type\":\"PropertyValueSpecification\",\"valueRequired\":true,\"valueName\":\"search_term_string\"}}],\"inLanguage\":\"fr-FR\"},{\"@type\":\"Organization\",\"@id\":\"https:\/\/www.ifi-id.com\/#organization\",\"name\":\"Institut fran\u00e7ais Indon\u00e9sie\",\"url\":\"https:\/\/www.ifi-id.com\/\",\"logo\":{\"@type\":\"ImageObject\",\"inLanguage\":\"fr-FR\",\"@id\":\"https:\/\/www.ifi-id.com\/#\/schema\/logo\/image\/\",\"url\":\"https:\/\/www.ifi-id.com\/wp-content\/uploads\/2022\/12\/IFI_New_Logo.jpg\",\"contentUrl\":\"https:\/\/www.ifi-id.com\/wp-content\/uploads\/2022\/12\/IFI_New_Logo.jpg\",\"width\":666,\"height\":444,\"caption\":\"Institut fran\u00e7ais Indon\u00e9sie\"},\"image\":{\"@id\":\"https:\/\/www.ifi-id.com\/#\/schema\/logo\/image\/\"}}]}<\/script>\n<!-- \/ Yoast SEO plugin. -->","yoast_head_json":{"title":"Bandung - Auditorium - Institut fran\u00e7ais Indon\u00e9sie","description":"Trouvez plus d'informations sur l'Auditorium IFI Bandung ici.","robots":{"index":"index","follow":"follow","max-snippet":"max-snippet:-1","max-image-preview":"max-image-preview:large","max-video-preview":"max-video-preview:-1"},"canonical":"https:\/\/www.ifi-id.com\/bandung-auditorium\/","og_locale":"fr_FR","og_type":"article","og_title":"Bandung - Auditorium - Institut fran\u00e7ais Indon\u00e9sie","og_description":"Trouvez plus d'informations sur l'Auditorium IFI Bandung ici.","og_url":"https:\/\/www.ifi-id.com\/bandung-auditorium\/","og_site_name":"Institut fran\u00e7ais Indon\u00e9sie","article_modified_time":"2026-04-07T06:26:00+00:00","og_image":[{"url":"https:\/\/www.ifi-id.com\/wp-content\/uploads\/2021\/04\/C-@visualbanal-Liga-Musik-Nasional3.jpeg"}],"twitter_card":"summary_large_image","twitter_misc":{"Dur\u00e9e de lecture estim\u00e9e":"4 minutes"},"schema":{"@context":"https:\/\/schema.org","@graph":[{"@type":"WebPage","@id":"https:\/\/www.ifi-id.com\/bandung-auditorium\/","url":"https:\/\/www.ifi-id.com\/bandung-auditorium\/","name":"Bandung - Auditorium - Institut fran\u00e7ais Indon\u00e9sie","isPartOf":{"@id":"https:\/\/www.ifi-id.com\/#website"},"primaryImageOfPage":{"@id":"https:\/\/www.ifi-id.com\/bandung-auditorium\/#primaryimage"},"image":{"@id":"https:\/\/www.ifi-id.com\/bandung-auditorium\/#primaryimage"},"thumbnailUrl":"https:\/\/www.ifi-id.com\/wp-content\/uploads\/2021\/04\/C-@visualbanal-Liga-Musik-Nasional3.jpeg","datePublished":"2021-04-30T04:04:16+00:00","dateModified":"2026-04-07T06:26:00+00:00","description":"Trouvez plus d'informations sur l'Auditorium IFI Bandung ici.","breadcrumb":{"@id":"https:\/\/www.ifi-id.com\/bandung-auditorium\/#breadcrumb"},"inLanguage":"fr-FR","potentialAction":[{"@type":"ReadAction","target":["https:\/\/www.ifi-id.com\/bandung-auditorium\/"]}]},{"@type":"ImageObject","inLanguage":"fr-FR","@id":"https:\/\/www.ifi-id.com\/bandung-auditorium\/#primaryimage","url":"https:\/\/www.ifi-id.com\/wp-content\/uploads\/2021\/04\/C-@visualbanal-Liga-Musik-Nasional3.jpeg","contentUrl":"https:\/\/www.ifi-id.com\/wp-content\/uploads\/2021\/04\/C-@visualbanal-Liga-Musik-Nasional3.jpeg"},{"@type":"BreadcrumbList","@id":"https:\/\/www.ifi-id.com\/bandung-auditorium\/#breadcrumb","itemListElement":[{"@type":"ListItem","position":1,"name":"Home","item":"https:\/\/www.ifi-id.com\/"},{"@type":"ListItem","position":2,"name":"Bandung &#8211; Auditorium"}]},{"@type":"WebSite","@id":"https:\/\/www.ifi-id.com\/#website","url":"https:\/\/www.ifi-id.com\/","name":"Institut fran\u00e7ais Indon\u00e9sie","description":"","publisher":{"@id":"https:\/\/www.ifi-id.com\/#organization"},"potentialAction":[{"@type":"SearchAction","target":{"@type":"EntryPoint","urlTemplate":"https:\/\/www.ifi-id.com\/?s={search_term_string}"},"query-input":{"@type":"PropertyValueSpecification","valueRequired":true,"valueName":"search_term_string"}}],"inLanguage":"fr-FR"},{"@type":"Organization","@id":"https:\/\/www.ifi-id.com\/#organization","name":"Institut fran\u00e7ais Indon\u00e9sie","url":"https:\/\/www.ifi-id.com\/","logo":{"@type":"ImageObject","inLanguage":"fr-FR","@id":"https:\/\/www.ifi-id.com\/#\/schema\/logo\/image\/","url":"https:\/\/www.ifi-id.com\/wp-content\/uploads\/2022\/12\/IFI_New_Logo.jpg","contentUrl":"https:\/\/www.ifi-id.com\/wp-content\/uploads\/2022\/12\/IFI_New_Logo.jpg","width":666,"height":444,"caption":"Institut fran\u00e7ais Indon\u00e9sie"},"image":{"@id":"https:\/\/www.ifi-id.com\/#\/schema\/logo\/image\/"}}]}},"post_mailing_queue_ids":[],"_links":{"self":[{"href":"https:\/\/www.ifi-id.com\/fr\/wp-json\/wp\/v2\/pages\/12599"}],"collection":[{"href":"https:\/\/www.ifi-id.com\/fr\/wp-json\/wp\/v2\/pages"}],"about":[{"href":"https:\/\/www.ifi-id.com\/fr\/wp-json\/wp\/v2\/types\/page"}],"author":[{"embeddable":true,"href":"https:\/\/www.ifi-id.com\/fr\/wp-json\/wp\/v2\/users\/3"}],"replies":[{"embeddable":true,"href":"https:\/\/www.ifi-id.com\/fr\/wp-json\/wp\/v2\/comments?post=12599"}],"version-history":[{"count":10,"href":"https:\/\/www.ifi-id.com\/fr\/wp-json\/wp\/v2\/pages\/12599\/revisions"}],"predecessor-version":[{"id":61206,"href":"https:\/\/www.ifi-id.com\/fr\/wp-json\/wp\/v2\/pages\/12599\/revisions\/61206"}],"wp:attachment":[{"href":"https:\/\/www.ifi-id.com\/fr\/wp-json\/wp\/v2\/media?parent=12599"}],"curies":[{"name":"wp","href":"https:\/\/api.w.org\/{rel}","templated":true}]}}